{"id":1047,"date":"2021-06-24T16:29:03","date_gmt":"2021-06-24T08:29:03","guid":{"rendered":"http:\/\/201230ip92c2.adwebcloud.com\/?post_type=product&#038;p=1047"},"modified":"2021-10-14T14:09:28","modified_gmt":"2021-10-14T06:09:28","slug":"remote-ultrasonic-level-transmitter-new-model-sycw","status":"publish","type":"product","link":"https:\/\/www.hginstrument.com\/es\/level-instrument\/remote-ultrasonic-level-transmitter-new-model-sycw\/","title":{"rendered":"Transmisor de nivel ultras\u00f3nico remoto (Nuevo modelo: SYCW)"},"content":{"rendered":"<p><strong>Campo de aplicaci\u00f3n<\/strong><\/p>\n<p>Tratamiento de aguas y aguas residuales: sala de bombas, pozo de recogida, tanque de reacci\u00f3n bioqu\u00edmica, tanque de sedimentaci\u00f3n, etc.<br \/>\nEnerg\u00eda el\u00e9ctrica, minas: piscina de mortero, piscina de lodos de carb\u00f3n, tratamiento de aguas, etc.<\/p>\n<p>&nbsp;<\/p>\n<p><strong>Datos t\u00e9cnicos del transmisor de nivel ultras\u00f3nico remoto<\/strong><\/p>\n<table width=\"497\">\n<tbody>\n<tr>\n<td style=\"background-color: #d8d8d8;\" width=\"191\">Modelo<\/td>\n<td width=\"141\">HGUL-F<\/td>\n<td width=\"165\">HGUL-M<\/td>\n<\/tr>\n<tr>\n<td style=\"background-color: #d8d8d8;\" width=\"191\">Precisi\u00f3n (en el aire)<\/td>\n<td width=\"141\">0,2%FS<\/td>\n<td width=\"165\">0,2%FS<\/td>\n<\/tr>\n<tr>\n<td style=\"background-color: #d8d8d8;\" width=\"191\">Salida de corriente<\/td>\n<td width=\"141\">4-20 mA<\/td>\n<td width=\"165\">4-20 mA<\/td>\n<\/tr>\n<tr>\n<td style=\"background-color: #d8d8d8;\" width=\"191\">Carga de salida<\/td>\n<td width=\"141\">0-500\u03a9<\/td>\n<td width=\"165\">0-500\u03a9<\/td>\n<\/tr>\n<tr>\n<td style=\"background-color: #d8d8d8;\" width=\"191\">Mostrar<\/td>\n<td width=\"141\">LCD 4 d\u00edgitos<\/td>\n<td width=\"165\">LCD de doble fila, 14 d\u00edgitos, con retroiluminaci\u00f3n<\/td>\n<\/tr>\n<tr>\n<td style=\"background-color: #d8d8d8;\" width=\"191\">Salida de rel\u00e9<\/td>\n<td width=\"141\">Alarma de l\u00edmite superior, l\u00edmite inferior<\/td>\n<td width=\"165\">Alarma de l\u00edmite superior, l\u00edmite inferior<\/td>\n<\/tr>\n<tr>\n<td style=\"background-color: #d8d8d8;\" width=\"191\">Rel\u00e9 Spec.<\/td>\n<td width=\"141\">5A 250VAC \/ 30VDC<\/td>\n<td width=\"165\">5A 250VAC \/ 30VDC<\/td>\n<\/tr>\n<tr>\n<td style=\"background-color: #d8d8d8;\" width=\"191\">Modo rel\u00e9<\/td>\n<td width=\"141\">NO.<\/td>\n<td width=\"165\">NO. NC. puede ajustarse<\/td>\n<\/tr>\n<tr>\n<td style=\"background-color: #d8d8d8;\" width=\"191\">Rel\u00e9 CANT.<\/td>\n<td width=\"141\">2<\/td>\n<td width=\"165\">2002\/4\/6<\/td>\n<\/tr>\n<tr>\n<td style=\"background-color: #d8d8d8;\" width=\"191\">Comunicaci\u00f3n<\/td>\n<td width=\"141\">RS485 (protocolo Modbus)<\/td>\n<td width=\"165\">RS485 (protocolo Modbus)<\/td>\n<\/tr>\n<tr>\n<td style=\"background-color: #d8d8d8;\" width=\"191\">Velocidad en baudios<\/td>\n<td width=\"141\">19200 \/ 9600 \/ 4800<\/td>\n<td width=\"165\">19200 \/ 9600 \/ 4800<\/td>\n<\/tr>\n<tr>\n<td style=\"background-color: #d8d8d8; vertical-align: middle;\" rowspan=\"2\" width=\"191\">Alimentaci\u00f3n<\/td>\n<td width=\"141\">DC24V 0,1A<\/td>\n<td width=\"165\">DC24V 0,1A<\/td>\n<\/tr>\n<tr>\n<td width=\"141\">85-265V CA \u226550mA<\/td>\n<td width=\"165\">85-265V CA \u226550mA<\/td>\n<\/tr>\n<tr>\n<td style=\"background-color: #d8d8d8;\" width=\"191\">Temp. ambiente<\/td>\n<td width=\"141\">-40\u2103~75\u2103<\/td>\n<td width=\"165\">-40\u2103~75\u2103<\/td>\n<\/tr>\n<tr>\n<td style=\"background-color: #d8d8d8;\" width=\"191\">Talla<\/td>\n<td width=\"141\">170 x 100 x 70 mm<\/td>\n<td width=\"165\">250 x 185 x 125 mm<\/td>\n<\/tr>\n<tr>\n<td style=\"background-color: #d8d8d8;\" width=\"191\">Ciclo de medici\u00f3n<\/td>\n<td width=\"141\">1 segundo<\/td>\n<td width=\"165\">1 segundo<\/td>\n<\/tr>\n<tr>\n<td style=\"background-color: #d8d8d8;\" width=\"191\">Conjunto de par\u00e1metros<\/td>\n<td width=\"141\">3 botones<\/td>\n<td width=\"165\">3 botones<\/td>\n<\/tr>\n<tr>\n<td style=\"background-color: #d8d8d8;\" width=\"191\">Arreglo de cables<\/td>\n<td width=\"141\">Manga PG11 \/ PG13.5<\/td>\n<td width=\"165\">Manguito PG9\/ PG11\/PG13.5<\/td>\n<\/tr>\n<tr>\n<td style=\"background-color: #d8d8d8;\" width=\"191\">Material de la carcasa<\/td>\n<td width=\"141\">ABS<\/td>\n<td width=\"165\">ABS<\/td>\n<\/tr>\n<tr>\n<td style=\"background-color: #d8d8d8;\" width=\"191\">Proteger el grado<\/td>\n<td width=\"141\">IP67<\/td>\n<td width=\"165\">IP67<\/td>\n<\/tr>\n<tr>\n<td style=\"background-color: #d8d8d8;\" width=\"191\">Montaje<\/td>\n<td width=\"141\">Montaje en pared<\/td>\n<td width=\"165\">Montaje en pared<\/td>\n<\/tr>\n<\/tbody>\n<\/table>\n<p>&nbsp;<\/p>\n<p><strong>Datos t\u00e9cnicos del sensor de nivel ultras\u00f3nico:<\/strong><\/p>\n<table width=\"338\">\n<tbody>\n<tr>\n<td style=\"background-color: #d8d8d8;\" width=\"172\">Alcance (metros)<\/td>\n<td width=\"166\">4, 6, 8, 12, 20, 30, 40<\/td>\n<\/tr>\n<tr>\n<td style=\"background-color: #d8d8d8;\" width=\"172\">Media Temp.<\/td>\n<td width=\"166\">-40\u2103~75\u2103<\/td>\n<\/tr>\n<tr>\n<td style=\"background-color: #d8d8d8;\" width=\"172\">Rango de presi\u00f3n<\/td>\n<td width=\"166\">\u00b10,1Mpa<\/td>\n<\/tr>\n<tr>\n<td style=\"background-color: #d8d8d8;\" width=\"172\">\u00c1ngulo del haz<\/td>\n<td width=\"166\">8\u00b0, 5\u00b0(3db)<\/td>\n<\/tr>\n<tr>\n<td style=\"background-color: #d8d8d8;\" width=\"172\">Material de la carcasa<\/td>\n<td width=\"166\">ABS \/ PVC \/ PTFE<\/td>\n<\/tr>\n<tr>\n<td style=\"background-color: #d8d8d8;\" width=\"172\">Proteger el grado<\/td>\n<td width=\"166\">IP68<\/td>\n<\/tr>\n<tr>\n<td style=\"background-color: #d8d8d8;\" width=\"172\">Capacidad anticorrosi\u00f3n<\/td>\n<td width=\"166\">Puede resistir una fuerte corrosi\u00f3n<\/td>\n<\/tr>\n<tr>\n<td style=\"background-color: #d8d8d8;\" width=\"172\">Longitud del cable<\/td>\n<td width=\"166\">Est\u00e1ndar 10 m o personalizado<\/td>\n<\/tr>\n<tr>\n<td style=\"background-color: #d8d8d8;\" width=\"172\">Montaje<\/td>\n<td width=\"166\">Rosca \/ Brida<\/td>\n<\/tr>\n<\/tbody>\n<\/table>\n<p>&nbsp;<\/p>\n<p>&nbsp;<\/p>","protected":false},"excerpt":{"rendered":"<p><strong>Caracter\u00edsticas:<\/strong><br \/>\n\u25cf Aplicable a l\u00edquidos<br \/>\nAlcance: 4m, 6m, 8m, 10m, 12m, 15m, 20m, 30m,<br \/>\n\u25cf Precisi\u00f3n: 0,3% FS, 0,2%FS<br \/>\n\u25cf Material del sensor: PVC, PVDF, PTFE<br \/>\n\u25cf Material de la carcasa del transmisor: ABS<br \/>\n\u25cf Salida: 4-20mA (2 hilos, 3 hilos o 4 hilos)<br \/>\n\u25cf Comunicaci\u00f3n: HART(opci\u00f3n), RS485(opci\u00f3n)<br \/>\n\u25cf Fuente de alimentaci\u00f3n: 24VDC<br \/>\n\u25cf Pantalla LCD, 3 pulsadores<\/p>","protected":false},"featured_media":1514,"comment_status":"closed","ping_status":"closed","template":"","meta":[],"product_cat":[76,1185],"product_tag":[],"acf":[],"_links":{"self":[{"href":"https:\/\/www.hginstrument.com\/es\/wp-json\/wp\/v2\/product\/1047"}],"collection":[{"href":"https:\/\/www.hginstrument.com\/es\/wp-json\/wp\/v2\/product"}],"about":[{"href":"https:\/\/www.hginstrument.com\/es\/wp-json\/wp\/v2\/types\/product"}],"replies":[{"embeddable":true,"href":"https:\/\/www.hginstrument.com\/es\/wp-json\/wp\/v2\/comments?post=1047"}],"wp:featuredmedia":[{"embeddable":true,"href":"https:\/\/www.hginstrument.com\/es\/wp-json\/wp\/v2\/media\/1514"}],"wp:attachment":[{"href":"https:\/\/www.hginstrument.com\/es\/wp-json\/wp\/v2\/media?parent=1047"}],"wp:term":[{"taxonomy":"product_cat","embeddable":true,"href":"https:\/\/www.hginstrument.com\/es\/wp-json\/wp\/v2\/product_cat?post=1047"},{"taxonomy":"product_tag","embeddable":true,"href":"https:\/\/www.hginstrument.com\/es\/wp-json\/wp\/v2\/product_tag?post=1047"}],"curies":[{"name":"wp","href":"https:\/\/api.w.org\/{rel}","templated":true}]}}