{"id":1073,"date":"2021-06-30T15:23:31","date_gmt":"2021-06-30T07:23:31","guid":{"rendered":"http:\/\/201230ip92c2.adwebcloud.com\/?post_type=product&#038;p=1073"},"modified":"2021-10-14T14:15:34","modified_gmt":"2021-10-14T06:15:34","slug":"magnetostrictive-level-transmitter-interface-meter","status":"publish","type":"product","link":"https:\/\/www.hginstrument.com\/es\/level-instrument\/magnetostrictive-level-transmitter-interface-meter\/","title":{"rendered":"Transmisor de nivel magnetostrictivo\/Interfaz de medida"},"content":{"rendered":"<p><strong>Principio:<\/strong><\/p>\n<p><img class=\"alignnone wp-image-1072 size-full\" src=\"http:\/\/www.hginstrument.com\/wp-content\/uploads\/2021\/06\/principle-1.jpg\" alt=\"principio 1\" width=\"800\" height=\"491\" srcset=\"https:\/\/www.hginstrument.com\/wp-content\/uploads\/2021\/06\/principle-1.jpg 800w, https:\/\/www.hginstrument.com\/wp-content\/uploads\/2021\/06\/principle-1-300x184.jpg 300w, https:\/\/www.hginstrument.com\/wp-content\/uploads\/2021\/06\/principle-1-768x471.jpg 768w, https:\/\/www.hginstrument.com\/wp-content\/uploads\/2021\/06\/principle-1-600x368.jpg 600w\" sizes=\"(max-width: 800px) 100vw, 800px\" \/><\/p>\n<p>El transmisor de nivel de l\u00edquido magnetostrictivo consta de tres partes: la varilla de la sonda (incluye el cable de onda gu\u00eda dentro de la varilla de la sonda), la unidad de circuito y el flotador. Durante la medici\u00f3n, la unidad de circuito genera un impulso de corriente el\u00e9ctrica, que se transmite hacia abajo a lo largo del cable de onda gu\u00eda y genera un campo magn\u00e9tico de corriente. Cuando cambia el nivel del l\u00edquido, el flotador se mueve hacia arriba y hacia abajo a lo largo de la varilla de la sonda. En el interior del flotador hay un im\u00e1n permanente, por lo que el flotador tambi\u00e9n crea un campo magn\u00e9tico. Cuando el campo magn\u00e9tico de corriente se cruza con el campo magn\u00e9tico del flotador, se genera una onda de torsi\u00f3n que se transmite hacia arriba a la unidad de circuito a lo largo del cable de onda gu\u00eda. La unidad de circuito calcula la posici\u00f3n real del flotador para obtener el valor del nivel de l\u00edquido en funci\u00f3n de la diferencia de tiempo entre la generaci\u00f3n del impulso de corriente el\u00e9ctrica y la recepci\u00f3n de la onda de torsi\u00f3n.<\/p>\n<p>&nbsp;<\/p>\n<p><strong>Datos t\u00e9cnicos:<\/strong><\/p>\n<table width=\"434\">\n<tbody>\n<tr>\n<td style=\"background-color: #d8d8d8;\" width=\"168\">Alimentaci\u00f3n<\/td>\n<td width=\"266\">24VDC<\/td>\n<\/tr>\n<tr>\n<td style=\"background-color: #d8d8d8;\" width=\"168\">Precisi\u00f3n<\/td>\n<td width=\"266\">\u00b11 mm<\/td>\n<\/tr>\n<tr>\n<td style=\"background-color: #d8d8d8;\" width=\"168\">Tipo de sonda<\/td>\n<td width=\"266\">Tipo varilla ( Longitud m\u00e1x. 3m ), Cuerda flexible ( Longitud m\u00e1x. 10m )<\/td>\n<\/tr>\n<tr>\n<td style=\"background-color: #d8d8d8;\" width=\"168\">Temperatura de funcionamiento<\/td>\n<td width=\"266\">-20\u2103~+70\u2103 (con pantalla LCD ), -40\u2103~+85\u2103<\/td>\n<\/tr>\n<tr>\n<td style=\"background-color: #d8d8d8;\" width=\"168\">Ex-protecci\u00f3n<\/td>\n<td width=\"266\">Exia II B T4\/T5\/T6 Ga<\/td>\n<\/tr>\n<tr>\n<td style=\"background-color: #d8d8d8;\" width=\"168\">Salida<\/td>\n<td width=\"266\">4 - 20mA, HART (para indicador LCD)<\/td>\n<\/tr>\n<tr>\n<td style=\"background-color: #d8d8d8;\" width=\"168\">Variable de control<\/td>\n<td width=\"266\">Nivel de l\u00edquido, porcentaje, corriente de salida, temperatura<\/td>\n<\/tr>\n<tr>\n<td style=\"background-color: #d8d8d8;\" width=\"168\">Configuraci\u00f3n<\/td>\n<td width=\"266\">Unidad de ingenier\u00eda, rango, amortiguaci\u00f3n, offset, amplitud de se\u00f1al<\/td>\n<\/tr>\n<\/tbody>\n<\/table>\n<p>&nbsp;<\/p>\n<p>&nbsp;<\/p>","protected":false},"excerpt":{"rendered":"<p><strong>Caracter\u00edsticas:<\/strong><br \/>\n\u25cf Adecuado para medir el nivel de l\u00edquido limpio<br \/>\n\u25cf Se han utilizado ampliamente en el tanque de medici\u00f3n de las gasolineras.<br \/>\n\u25cf Precisi\u00f3n: \u00b11 mm, Alta resoluci\u00f3n.<br \/>\n\u25cf Puede medir el nivel de interfase entre dos tipos de l\u00edquido.<br \/>\n\u25cf no apto para dar servicio a lugares con fuerte radiaci\u00f3n electromagn\u00e9tica, como centrales el\u00e9ctricas<\/p>","protected":false},"featured_media":1456,"comment_status":"closed","ping_status":"closed","template":"","meta":[],"product_cat":[76,1218],"product_tag":[],"acf":[],"_links":{"self":[{"href":"https:\/\/www.hginstrument.com\/es\/wp-json\/wp\/v2\/product\/1073"}],"collection":[{"href":"https:\/\/www.hginstrument.com\/es\/wp-json\/wp\/v2\/product"}],"about":[{"href":"https:\/\/www.hginstrument.com\/es\/wp-json\/wp\/v2\/types\/product"}],"replies":[{"embeddable":true,"href":"https:\/\/www.hginstrument.com\/es\/wp-json\/wp\/v2\/comments?post=1073"}],"wp:featuredmedia":[{"embeddable":true,"href":"https:\/\/www.hginstrument.com\/es\/wp-json\/wp\/v2\/media\/1456"}],"wp:attachment":[{"href":"https:\/\/www.hginstrument.com\/es\/wp-json\/wp\/v2\/media?parent=1073"}],"wp:term":[{"taxonomy":"product_cat","embeddable":true,"href":"https:\/\/www.hginstrument.com\/es\/wp-json\/wp\/v2\/product_cat?post=1073"},{"taxonomy":"product_tag","embeddable":true,"href":"https:\/\/www.hginstrument.com\/es\/wp-json\/wp\/v2\/product_tag?post=1073"}],"curies":[{"name":"wp","href":"https:\/\/api.w.org\/{rel}","templated":true}]}}