{"id":1094,"date":"2021-07-01T09:07:17","date_gmt":"2021-07-01T01:07:17","guid":{"rendered":"http:\/\/201230ip92c2.adwebcloud.com\/?post_type=product&#038;p=1094"},"modified":"2021-10-14T14:19:21","modified_gmt":"2021-10-14T06:19:21","slug":"top-mounted-magnetic-level-gauge-level-indicator-new-model-sy-uf","status":"publish","type":"product","link":"https:\/\/www.hginstrument.com\/es\/level-instrument\/top-mounted-magnetic-level-gauge-level-indicator-new-model-sy-uf\/","title":{"rendered":"Indicador de nivel magn\u00e9tico montado en la parte superior (Nuevo modelo: SY-UF)"},"content":{"rendered":"<h3><strong>Caracter\u00edsticas:<\/strong><\/h3>\n<p>&nbsp;<\/p>\n<ul>\n<li>Medici\u00f3n del nivel de l\u00edquido, sensor: Flotador magn\u00e9tico<\/li>\n<li>Temperatura de proceso:-20 a 150\u2103, 150 a 520\u2103<\/li>\n<li>Tipo de instalaci\u00f3n: lateral<\/li>\n<li>Material mojado: SS304, SS316, SS316L, PTFE<\/li>\n<li>Accesorio opcional: Transmisor de nivel tipo resistencia magn\u00e9tica (salida 4-20mA), Transmisor de nivel tipo magnetostrictivo (salida 4-20mA) , interruptor de nivel<\/li>\n<\/ul>\n<p>&nbsp;<\/p>\n<p><strong>Esquema de instalaci\u00f3n:\u00a0<\/strong><\/p>\n<p><img class=\"wp-image-1087 size-full aligncenter\" src=\"http:\/\/www.hginstrument.com\/wp-content\/uploads\/2021\/06\/installation-diagram-2.jpg\" alt=\"esquema de instalaci\u00f3n 2\" width=\"415\" height=\"623\" srcset=\"https:\/\/www.hginstrument.com\/wp-content\/uploads\/2021\/06\/installation-diagram-2.jpg 415w, https:\/\/www.hginstrument.com\/wp-content\/uploads\/2021\/06\/installation-diagram-2-200x300.jpg 200w\" sizes=\"(max-width: 415px) 100vw, 415px\" \/><\/p>\n<p>&nbsp;<\/p>\n<p><strong>Caso de aplicaci\u00f3n:<\/strong><\/p>\n<p><img class=\"alignnone wp-image-1096 size-full\" src=\"http:\/\/www.hginstrument.com\/wp-content\/uploads\/2021\/07\/application-case01.jpg\" alt=\"aplicaci\u00f3n caso01\" width=\"416\" height=\"564\" srcset=\"https:\/\/www.hginstrument.com\/wp-content\/uploads\/2021\/07\/application-case01.jpg 416w, https:\/\/www.hginstrument.com\/wp-content\/uploads\/2021\/07\/application-case01-221x300.jpg 221w\" sizes=\"(max-width: 416px) 100vw, 416px\" \/>\u00a0 \u00a0 <img class=\"alignnone wp-image-1097\" src=\"http:\/\/www.hginstrument.com\/wp-content\/uploads\/2021\/07\/application-case02.jpg\" alt=\"aplicaci\u00f3n caso02\" width=\"407\" height=\"563\" srcset=\"https:\/\/www.hginstrument.com\/wp-content\/uploads\/2021\/07\/application-case02.jpg 512w, https:\/\/www.hginstrument.com\/wp-content\/uploads\/2021\/07\/application-case02-217x300.jpg 217w\" sizes=\"(max-width: 407px) 100vw, 407px\" \/><\/p>\n<p>&nbsp;<\/p>\n<p>&nbsp;<\/p>","protected":false},"excerpt":{"rendered":"<p>El indicador de nivel magn\u00e9tico puede aplicarse a casi todos los tipos de medici\u00f3n y control de nivel en el control de procesos de automatizaci\u00f3n industrial. Puede ser ampliamente utilizado para medir, controlar y supervisar el nivel de l\u00edquido en \u00e1reas tales como procesamiento de petr\u00f3leo, municipal, procesamiento de alimentos, qu\u00edmica, tratamiento de aguas, farmac\u00e9utica, energ\u00eda, fabricaci\u00f3n de papel, metalurgia, construcci\u00f3n naval y calderas.<\/p>","protected":false},"featured_media":1486,"comment_status":"closed","ping_status":"closed","template":"","meta":[],"product_cat":[76,757],"product_tag":[],"acf":[],"_links":{"self":[{"href":"https:\/\/www.hginstrument.com\/es\/wp-json\/wp\/v2\/product\/1094"}],"collection":[{"href":"https:\/\/www.hginstrument.com\/es\/wp-json\/wp\/v2\/product"}],"about":[{"href":"https:\/\/www.hginstrument.com\/es\/wp-json\/wp\/v2\/types\/product"}],"replies":[{"embeddable":true,"href":"https:\/\/www.hginstrument.com\/es\/wp-json\/wp\/v2\/comments?post=1094"}],"wp:featuredmedia":[{"embeddable":true,"href":"https:\/\/www.hginstrument.com\/es\/wp-json\/wp\/v2\/media\/1486"}],"wp:attachment":[{"href":"https:\/\/www.hginstrument.com\/es\/wp-json\/wp\/v2\/media?parent=1094"}],"wp:term":[{"taxonomy":"product_cat","embeddable":true,"href":"https:\/\/www.hginstrument.com\/es\/wp-json\/wp\/v2\/product_cat?post=1094"},{"taxonomy":"product_tag","embeddable":true,"href":"https:\/\/www.hginstrument.com\/es\/wp-json\/wp\/v2\/product_tag?post=1094"}],"curies":[{"name":"wp","href":"https:\/\/api.w.org\/{rel}","templated":true}]}}