{"id":1136,"date":"2021-07-06T16:06:27","date_gmt":"2021-07-06T08:06:27","guid":{"rendered":"http:\/\/201230ip92c2.adwebcloud.com\/?post_type=product&#038;p=1136"},"modified":"2021-11-04T10:43:22","modified_gmt":"2021-11-04T02:43:22","slug":"rod-type-multi-point-float-level-switch","status":"publish","type":"product","link":"https:\/\/www.hginstrument.com\/es\/level-controller\/rod-type-multi-point-float-level-switch\/","title":{"rendered":"Interruptor de nivel de flotador multipunto tipo varilla"},"content":{"rendered":"<p><strong>Principio:<\/strong><\/p>\n<p>A sealed stainless steel tube (non magnetic conductivity) passes through one or more of the ring magnet floating ball. There are some single contact dry reed switches in the stainless steel tube, and reed switches are distributed on the position of alarm point. The liquid level rising or dropping will drive floating ball to move at the same time. When the float magnet reaches the location of alarm point, reed switch will act and output switch signal.<a id=\"post-preview\" class=\"preview button\" href=\"http:\/\/www.hginstrument.com\/es\/level-controller\/rod-type-float-level-switch\/?preview=true\" target=\"wp-preview-1136\" rel=\"noopener noreferrer\">\u9884\u89c8\u66f4\u6539<span class=\"screen-reader-text\"> \uff08\u5728\u65b0\u7a97\u53e3\u4e2d\u6253\u5f00\uff09<\/span><\/a><\/p>\n<p>&nbsp;<\/p>\n<p><strong>Datos t\u00e9cnicos:<\/strong><\/p>\n<p>\u25cf Contact rate: 10W, 30W, 50W<br \/>\n\u25cf Switch current: 0.5A<br \/>\n\u25cf Switch voltage: 220VAC\/24VDC<br \/>\n\u25cf Insulation resistance<br \/>\n\u25cf Switch life span: 10^6 times<br \/>\n\u25cf Working pressure: 1.0~3.0MPa<br \/>\n\u25cf Working temperature:\u00a0 \u00a0SUS: -20~200\u2103\u00a0 PP:-10~80\u2103<br \/>\n\u25cf Medium S.G.: &gt; 0.55<br \/>\n\u25cf Wetted material: SUS304\/SUS316\/PP\/PE\/PTFE<br \/>\n\u25cf Float dimension depending on medium\u2019s density<br \/>\n\u25cf Installation: Top mounting<\/p>\n<p>&nbsp;<\/p>\n<p>&nbsp;<\/p>","protected":false},"excerpt":{"rendered":"<p>El interruptor de nivel de flotador tipo varilla se utiliza ampliamente para controlar el nivel de l\u00edquidos como agua, aguas residuales, soluci\u00f3n \u00e1cida, soluci\u00f3n alcalina y diesel.<\/p>","protected":false},"featured_media":1195,"comment_status":"closed","ping_status":"closed","template":"","meta":[],"product_cat":[1259,1279],"product_tag":[],"acf":[],"_links":{"self":[{"href":"https:\/\/www.hginstrument.com\/es\/wp-json\/wp\/v2\/product\/1136"}],"collection":[{"href":"https:\/\/www.hginstrument.com\/es\/wp-json\/wp\/v2\/product"}],"about":[{"href":"https:\/\/www.hginstrument.com\/es\/wp-json\/wp\/v2\/types\/product"}],"replies":[{"embeddable":true,"href":"https:\/\/www.hginstrument.com\/es\/wp-json\/wp\/v2\/comments?post=1136"}],"wp:featuredmedia":[{"embeddable":true,"href":"https:\/\/www.hginstrument.com\/es\/wp-json\/wp\/v2\/media\/1195"}],"wp:attachment":[{"href":"https:\/\/www.hginstrument.com\/es\/wp-json\/wp\/v2\/media?parent=1136"}],"wp:term":[{"taxonomy":"product_cat","embeddable":true,"href":"https:\/\/www.hginstrument.com\/es\/wp-json\/wp\/v2\/product_cat?post=1136"},{"taxonomy":"product_tag","embeddable":true,"href":"https:\/\/www.hginstrument.com\/es\/wp-json\/wp\/v2\/product_tag?post=1136"}],"curies":[{"name":"wp","href":"https:\/\/api.w.org\/{rel}","templated":true}]}}