{"id":1199,"date":"2021-07-08T17:28:20","date_gmt":"2021-07-08T09:28:20","guid":{"rendered":"http:\/\/201230ip92c2.adwebcloud.com\/?post_type=product&#038;p=1199"},"modified":"2021-10-12T10:39:14","modified_gmt":"2021-10-12T02:39:14","slug":"single-float-level-switch","status":"publish","type":"product","link":"https:\/\/www.hginstrument.com\/es\/level-controller\/single-float-level-switch\/","title":{"rendered":"Interruptor de nivel de flotador simple"},"content":{"rendered":"<p><strong>Principio:<\/strong><\/p>\n<p>Bajo la acci\u00f3n de la flotabilidad ascendente, el flotador oscilar\u00e1, lo que hace que otro extremo de la palanca accione el microinterruptor para que act\u00fae \"on\".<\/p>\n<p>&nbsp;<\/p>\n<p><strong>Datos t\u00e9cnicos:<\/strong><\/p>\n<p>\u25cf Se utiliza para el control del nivel de l\u00edquido<br \/>\n\u25cf Tipo de montaje: montaje lateral o montaje superior.<br \/>\n\u25cf Conexi\u00f3n a proceso: rosca o brida<br \/>\n\u25cf Carcasa: aluminio fundido<br \/>\n\u25cf Tipo de interruptor: SPDT, velocidad de contacto: 30 vatios<br \/>\n\u25cf Presi\u00f3n de funcionamiento: M\u00e1x. 6 Bar<br \/>\n\u25cf Temperatura de funcionamiento: de -20 a 100 \u2103.<br \/>\n\u25cf Material de la parte h\u00fameda : SS304 \/ SS316<\/p>\n<p>&nbsp;<\/p>\n<p>&nbsp;<\/p>\n<p>&nbsp;<\/p>","protected":false},"excerpt":{"rendered":"<p>El interruptor de nivel de flotador simple se instala en el lateral del dep\u00f3sito. Se utiliza ampliamente para controlar el nivel de l\u00edquidos como agua, aguas residuales, soluci\u00f3n \u00e1cida, soluci\u00f3n alcalina y gas\u00f3leo.<\/p>","protected":false},"featured_media":1350,"comment_status":"closed","ping_status":"closed","template":"","meta":[],"product_cat":[1259,1293],"product_tag":[],"acf":[],"_links":{"self":[{"href":"https:\/\/www.hginstrument.com\/es\/wp-json\/wp\/v2\/product\/1199"}],"collection":[{"href":"https:\/\/www.hginstrument.com\/es\/wp-json\/wp\/v2\/product"}],"about":[{"href":"https:\/\/www.hginstrument.com\/es\/wp-json\/wp\/v2\/types\/product"}],"replies":[{"embeddable":true,"href":"https:\/\/www.hginstrument.com\/es\/wp-json\/wp\/v2\/comments?post=1199"}],"wp:featuredmedia":[{"embeddable":true,"href":"https:\/\/www.hginstrument.com\/es\/wp-json\/wp\/v2\/media\/1350"}],"wp:attachment":[{"href":"https:\/\/www.hginstrument.com\/es\/wp-json\/wp\/v2\/media?parent=1199"}],"wp:term":[{"taxonomy":"product_cat","embeddable":true,"href":"https:\/\/www.hginstrument.com\/es\/wp-json\/wp\/v2\/product_cat?post=1199"},{"taxonomy":"product_tag","embeddable":true,"href":"https:\/\/www.hginstrument.com\/es\/wp-json\/wp\/v2\/product_tag?post=1199"}],"curies":[{"name":"wp","href":"https:\/\/api.w.org\/{rel}","templated":true}]}}