{"id":1214,"date":"2021-07-19T14:43:51","date_gmt":"2021-07-19T06:43:51","guid":{"rendered":"http:\/\/201230ip92c2.adwebcloud.com\/?post_type=product&#038;p=1214"},"modified":"2021-10-12T10:26:10","modified_gmt":"2021-10-12T02:26:10","slug":"rotary-paddle-level-switch","status":"publish","type":"product","link":"https:\/\/www.hginstrument.com\/es\/level-controller\/rotary-paddle-level-switch\/","title":{"rendered":"Interruptor de nivel de paleta giratoria"},"content":{"rendered":"<p><strong>Principio:<\/strong><\/p>\n<p>Conectado con el embrague, cuando la cuchilla no entra en contacto con el medio, el motor gira normalmente; cuando la cuchilla entra en contacto con el medio, el motor deja de girar, el dispositivo de detecci\u00f3n emite una se\u00f1al de contacto, mientras tanto corta la alimentaci\u00f3n para detener la rotaci\u00f3n. Cuando el nivel del medio desciende, la resistencia que encuentra la cuchilla desaparece, y el dispositivo de detecci\u00f3n vuelve a su estado original debido al par del muelle.<\/p>\n<p>&nbsp;<\/p>\n<p><strong>Caracter\u00edstica del producto:<\/strong><\/p>\n<p>\u25cf El eje de rotaci\u00f3n est\u00e1 soportado por tres rodamientos, por lo que el funcionamiento es fiable.<br \/>\n\u25cf El dise\u00f1o de sellado fiable evita que el polvo entre en los rodamientos.<br \/>\n\u25cf La fuerza de torsi\u00f3n del muelle es ajustable, 4 niveles de fuerza de torsi\u00f3n para seleccionar.<br \/>\n\u25cf Si la carga sobre la aleta es excesiva, el embrague patinar\u00e1 autom\u00e1ticamente para proteger el motor el\u00e9ctrico de posibles da\u00f1os.<br \/>\n\u25cf Estructura de separaci\u00f3n mec\u00e1nica y el\u00e9ctrica, f\u00e1cil de mantener.<br \/>\n\u25cf Caja de cableado de aluminio fundido, grado IP65.<br \/>\n\u25cf Para los medios con baja densidad, se pueden personalizar paletas de rotaci\u00f3n especiales.<br \/>\n\u25cf Amplia gama de aplicaci\u00f3n, para la industria del acero, cemento, energ\u00eda, alimentaci\u00f3n, pl\u00e1stico qu\u00edmico, fertilizante qu\u00edmico.<\/p>\n<p>&nbsp;<\/p>\n<p><strong>Datos t\u00e9cnicos:<\/strong><\/p>\n<p>\u25cf Fuente de alimentaci\u00f3n: 220VAC, 110VAC, 24DC<br \/>\n\u25cf Tipo de contacto: SPDT ( NO., COM, NC.)<br \/>\n\u25cf Capacidad de los contactos: 250VAC\/10A<br \/>\n\u25cf Velocidad de rotaci\u00f3n de la aleta: 1 RPM (RPM: revoluciones por minuto).<br \/>\n\u25cf Par: 1,0 Kg X cm<br \/>\n\u25cf Temperatura de funcionamiento: -40 ~ 10\u2103; 100 ~ 400\u2103; 400 ~ 800 \u2103<br \/>\n\u25cf Presi\u00f3n de funcionamiento: 0,3 ~ 0,6 Mpa.<br \/>\n\u25cf Conexi\u00f3n a proceso: Rosca, Brida<br \/>\n\u25cf Resistencia de aislamiento: \u2265 100 M\u03a9<br \/>\n\u25cf Rigidez diel\u00e9ctrica: 1500V * 1min.<br \/>\n\u25cf Resistente a la intemperie: IP65<\/p>\n<p>&nbsp;<\/p>\n<p>&nbsp;<\/p>","protected":false},"excerpt":{"rendered":"<p>El interruptor de nivel de paleta giratoria se utiliza para el control de nivel de materiales s\u00f3lidos (polvo, bloque, granulado, gel, etc.). Tiene las ventajas de buena estanqueidad, fuerte capacidad de sobrecarga, ligero y f\u00e1cil de instalar, gran capacidad de contacto de salida. La tensi\u00f3n del muelle puede ajustarse para trabajar con medios de diferente gravedad espec\u00edfica.<\/p>","protected":false},"featured_media":1212,"comment_status":"closed","ping_status":"closed","template":"","meta":[],"product_cat":[1259,1310],"product_tag":[],"acf":[],"_links":{"self":[{"href":"https:\/\/www.hginstrument.com\/es\/wp-json\/wp\/v2\/product\/1214"}],"collection":[{"href":"https:\/\/www.hginstrument.com\/es\/wp-json\/wp\/v2\/product"}],"about":[{"href":"https:\/\/www.hginstrument.com\/es\/wp-json\/wp\/v2\/types\/product"}],"replies":[{"embeddable":true,"href":"https:\/\/www.hginstrument.com\/es\/wp-json\/wp\/v2\/comments?post=1214"}],"wp:featuredmedia":[{"embeddable":true,"href":"https:\/\/www.hginstrument.com\/es\/wp-json\/wp\/v2\/media\/1212"}],"wp:attachment":[{"href":"https:\/\/www.hginstrument.com\/es\/wp-json\/wp\/v2\/media?parent=1214"}],"wp:term":[{"taxonomy":"product_cat","embeddable":true,"href":"https:\/\/www.hginstrument.com\/es\/wp-json\/wp\/v2\/product_cat?post=1214"},{"taxonomy":"product_tag","embeddable":true,"href":"https:\/\/www.hginstrument.com\/es\/wp-json\/wp\/v2\/product_tag?post=1214"}],"curies":[{"name":"wp","href":"https:\/\/api.w.org\/{rel}","templated":true}]}}