{"id":1226,"date":"2021-07-19T16:11:11","date_gmt":"2021-07-19T08:11:11","guid":{"rendered":"http:\/\/201230ip92c2.adwebcloud.com\/?post_type=product&#038;p=1226"},"modified":"2021-10-11T16:25:33","modified_gmt":"2021-10-11T08:25:33","slug":"rf-admittance-level-switch","status":"publish","type":"product","link":"https:\/\/www.hginstrument.com\/es\/level-controller\/rf-admittance-level-switch\/","title":{"rendered":"Interruptor de nivel de admitancia RF"},"content":{"rendered":"<p><strong>Datos t\u00e9cnicos:<\/strong><\/p>\n<p>\u25cf Capacidad del interruptor: 8A, 115VAC\/5A,<br \/>\n\u25cf Retardo: 0 - 30 S (ajustable)<br \/>\n\u25cf Alimentaci\u00f3n: 220VAC \/24VDC<br \/>\n\u25cf Sensibilidad: 0,3 pF<br \/>\n\u25cf Temperatura de funcionamiento: -184 a 500\u2103<br \/>\n\u25cf Temperatura ambiente: -40 a 80\u2103<br \/>\n\u25cf Material de la carcasa: IP65<br \/>\n\u25cf Entrada de cables: M20*1.5<br \/>\n\u25cf Conexi\u00f3n a proceso: rosca o brida<\/p>\n<p>&nbsp;<\/p>\n<p><strong>Tipo de sonda:<\/strong><\/p>\n<table width=\"725\">\n<tbody>\n<tr>\n<td width=\"411\">\u3000<img class=\"alignnone wp-image-1244 size-full\" src=\"http:\/\/www.hginstrument.com\/wp-content\/uploads\/2021\/07\/probe1.jpg\" alt=\"sonda1\" width=\"437\" height=\"115\" srcset=\"https:\/\/www.hginstrument.com\/wp-content\/uploads\/2021\/07\/probe1.jpg 437w, https:\/\/www.hginstrument.com\/wp-content\/uploads\/2021\/07\/probe1-300x79.jpg 300w\" sizes=\"(max-width: 437px) 100vw, 437px\" \/><\/td>\n<td width=\"314\">Sonda est\u00e1ndar<\/td>\n<\/tr>\n<tr>\n<td>\u3000<img class=\"alignnone wp-image-1245 size-full\" src=\"http:\/\/www.hginstrument.com\/wp-content\/uploads\/2021\/07\/probe2.jpg\" alt=\"sonda2\" width=\"258\" height=\"175\" \/><\/td>\n<td width=\"314\">Sonda de placa plana, puede resistir el impacto de part\u00edculas grandes<\/td>\n<\/tr>\n<tr>\n<td>\u3000<img class=\"alignnone wp-image-1246 size-full\" src=\"http:\/\/www.hginstrument.com\/wp-content\/uploads\/2021\/07\/probe3.jpg\" alt=\"sonda3\" width=\"444\" height=\"120\" srcset=\"https:\/\/www.hginstrument.com\/wp-content\/uploads\/2021\/07\/probe3.jpg 444w, https:\/\/www.hginstrument.com\/wp-content\/uploads\/2021\/07\/probe3-300x81.jpg 300w\" sizes=\"(max-width: 444px) 100vw, 444px\" \/><\/td>\n<td width=\"314\">Sonda flexible, debe ser de instalaci\u00f3n vertical, se puede utilizar como interruptor colgante de carb\u00f3n<\/td>\n<\/tr>\n<tr>\n<td>\u3000<img class=\"alignnone wp-image-1247 size-full\" src=\"http:\/\/www.hginstrument.com\/wp-content\/uploads\/2021\/07\/probe4.jpg\" alt=\"sonda4\" width=\"452\" height=\"147\" srcset=\"https:\/\/www.hginstrument.com\/wp-content\/uploads\/2021\/07\/probe4.jpg 452w, https:\/\/www.hginstrument.com\/wp-content\/uploads\/2021\/07\/probe4-300x98.jpg 300w\" sizes=\"(max-width: 452px) 100vw, 452px\" \/><\/td>\n<td width=\"314\">Sonda de alta temperatura<\/td>\n<\/tr>\n<\/tbody>\n<\/table>\n<p>&nbsp;<\/p>\n<p><strong>Esquema de instalaci\u00f3n:<\/strong><\/p>\n<p>1- Montaje superior para alarma de l\u00edmite inferior 2- Montaje lateral para alarma de l\u00edmite superior 3- Montaje lateral para alarma de l\u00edmite inferior<\/p>\n<p><img class=\"alignnone wp-image-1243 size-full\" src=\"http:\/\/www.hginstrument.com\/wp-content\/uploads\/2021\/07\/installation.jpg\" alt=\"instalaci\u00f3n\" width=\"598\" height=\"467\" srcset=\"https:\/\/www.hginstrument.com\/wp-content\/uploads\/2021\/07\/installation.jpg 598w, https:\/\/www.hginstrument.com\/wp-content\/uploads\/2021\/07\/installation-300x234.jpg 300w\" sizes=\"(max-width: 598px) 100vw, 598px\" \/><\/p>\n<p>&nbsp;<\/p>\n<p>&nbsp;<\/p>","protected":false},"excerpt":{"rendered":"<p>La admitancia RF es una nueva tecnolog\u00eda de control de nivel desarrollada a partir del tipo capacitivo, que evita el material colgante, m\u00e1s fiable, m\u00e1s precisa y m\u00e1s aplicable. Es una mejora de la tecnolog\u00eda de nivel capacitiva. El interruptor de nivel de admitancia RF es aplicable para aceite refinado, gasolina, lodo conductor, polvo s\u00f3lido y part\u00edculas.<\/p>","protected":false},"featured_media":1239,"comment_status":"closed","ping_status":"closed","template":"","meta":[],"product_cat":[1259,1379],"product_tag":[],"acf":[],"_links":{"self":[{"href":"https:\/\/www.hginstrument.com\/es\/wp-json\/wp\/v2\/product\/1226"}],"collection":[{"href":"https:\/\/www.hginstrument.com\/es\/wp-json\/wp\/v2\/product"}],"about":[{"href":"https:\/\/www.hginstrument.com\/es\/wp-json\/wp\/v2\/types\/product"}],"replies":[{"embeddable":true,"href":"https:\/\/www.hginstrument.com\/es\/wp-json\/wp\/v2\/comments?post=1226"}],"wp:featuredmedia":[{"embeddable":true,"href":"https:\/\/www.hginstrument.com\/es\/wp-json\/wp\/v2\/media\/1239"}],"wp:attachment":[{"href":"https:\/\/www.hginstrument.com\/es\/wp-json\/wp\/v2\/media?parent=1226"}],"wp:term":[{"taxonomy":"product_cat","embeddable":true,"href":"https:\/\/www.hginstrument.com\/es\/wp-json\/wp\/v2\/product_cat?post=1226"},{"taxonomy":"product_tag","embeddable":true,"href":"https:\/\/www.hginstrument.com\/es\/wp-json\/wp\/v2\/product_tag?post=1226"}],"curies":[{"name":"wp","href":"https:\/\/api.w.org\/{rel}","templated":true}]}}