{"id":1596,"date":"2021-08-05T14:46:38","date_gmt":"2021-08-05T06:46:38","guid":{"rendered":"http:\/\/201230ip92c2.adwebcloud.com\/?post_type=product&#038;p=1596"},"modified":"2021-12-03T11:16:52","modified_gmt":"2021-12-03T03:16:52","slug":"monocrystalline-silicon-differential-pressure-transmitter-model-sydm-26","status":"publish","type":"product","link":"https:\/\/www.hginstrument.com\/es\/pressure-differencial-pressure-transmitter\/monocrystalline-silicon-differential-pressure-transmitter-model-sydm-26\/","title":{"rendered":"Transmisor de presi\u00f3n diferencial de silicio monocristalino ( Modelo: SYDM-26 )"},"content":{"rendered":"<h5><strong>Caracter\u00edsticas:<\/strong><\/h5>\n<p>\u25cf Medio: gas, vapor o l\u00edquido<br \/>\n\u25cf Precisi\u00f3n: \u00b10,075%<br \/>\n\u25cf Salida: 4 ~ 20mA + HART ( Pertenece a la fundaci\u00f3n de comunicaci\u00f3n HART )<br \/>\n\u25cf Material del diafragma: SS316L \/ Hastelloy C \/ Tantalio<br \/>\n\u25cf Con protecci\u00f3n contra rayos<br \/>\n\u25cf La capacidad de gesti\u00f3n de sobretensiones alcanza los 3000 V<br \/>\n\u25cf Recubrimiento de la carcasa: Pulverizaci\u00f3n electrost\u00e1tica de polvo Dupont.<br \/>\n\u25cf Certificado CE, certificado SIL, certificado CNEX.<\/p>\n<p>&nbsp;<\/p>\n<h5><strong>Datos t\u00e9cnicos:\u00a0<\/strong><\/h5>\n<p><strong>\u00a0\u25cf Principio:<\/strong> Silicio monocristalino ( con dise\u00f1o de protecci\u00f3n contra rayos )<br \/>\n<strong>\u00a0\u25cf Medio aplicable:<\/strong> L\u00edquido, gas, vapor<br \/>\n<strong>\u00a0\u25cf Rango DP:<\/strong><\/p>\n<table width=\"630\">\n<tbody>\n<tr>\n<td style=\"background-color: #d8d8d8; text-align: center; vertical-align: middle;\" rowspan=\"2\" width=\"73\">Gama<br \/>\nc\u00f3digo<\/td>\n<td style=\"background-color: #d8d8d8; text-align: center; vertical-align: middle;\" rowspan=\"2\" width=\"104\">M\u00ednimo<br \/>\nSpan<br \/>\n( Kpa )<\/td>\n<td style=\"background-color: #d8d8d8; text-align: center; vertical-align: middle;\" colspan=\"2\" width=\"300\">L\u00edmite de alcance del sensor ( Kpa )<\/td>\n<td style=\"background-color: #d8d8d8; text-align: center; vertical-align: middle;\" rowspan=\"2\" width=\"153\">Presi\u00f3n est\u00e1tica nominal<br \/>\nOpci\u00f3n<\/td>\n<\/tr>\n<tr>\n<td style=\"background-color: #d8d8d8; text-align: center; vertical-align: middle;\" width=\"147\">L\u00edmite de gama baja<br \/>\n(LRL)<\/td>\n<td style=\"background-color: #d8d8d8; text-align: center; vertical-align: middle;\" width=\"153\">L\u00edmite superior<br \/>\n(URL)<\/td>\n<\/tr>\n<tr>\n<td style=\"text-align: center;\" width=\"73\">A<\/td>\n<td style=\"text-align: center;\" width=\"104\">1<\/td>\n<td style=\"text-align: center;\" width=\"147\">-6<\/td>\n<td style=\"text-align: center;\" width=\"153\">6<\/td>\n<td style=\"text-align: center;\">4 Mpa<\/td>\n<\/tr>\n<tr>\n<td style=\"text-align: center;\" width=\"73\">B<\/td>\n<td style=\"text-align: center;\" width=\"104\">2<\/td>\n<td style=\"text-align: center;\" width=\"147\">-40<\/td>\n<td style=\"text-align: center;\" width=\"153\">40<\/td>\n<td style=\"text-align: center;\">4 Mpa, 16 Mpa<\/td>\n<\/tr>\n<tr>\n<td style=\"text-align: center;\" width=\"73\">C<\/td>\n<td style=\"text-align: center;\" width=\"104\">12.5<\/td>\n<td style=\"text-align: center;\" width=\"147\">-100<\/td>\n<td style=\"text-align: center;\" width=\"153\">250<\/td>\n<td style=\"text-align: center;\">4 Mpa, 16 Mpa<\/td>\n<\/tr>\n<tr>\n<td style=\"text-align: center;\" width=\"73\">D<\/td>\n<td style=\"text-align: center;\" width=\"104\">50<\/td>\n<td style=\"text-align: center;\" width=\"147\">-100<\/td>\n<td style=\"text-align: center;\" width=\"153\">1000<\/td>\n<td style=\"text-align: center;\">4 Mpa, 16 Mpa<\/td>\n<\/tr>\n<tr>\n<td style=\"text-align: center;\" width=\"73\">E<\/td>\n<td style=\"text-align: center;\" width=\"104\">150<\/td>\n<td style=\"text-align: center;\" width=\"147\">-100<\/td>\n<td style=\"text-align: center;\" width=\"153\">3000<\/td>\n<td style=\"text-align: center;\">4 Mpa, 16 Mpa<\/td>\n<\/tr>\n<tr>\n<td style=\"text-align: center;\" width=\"73\">F<\/td>\n<td style=\"text-align: center;\" width=\"104\">500<\/td>\n<td style=\"text-align: center;\" width=\"147\">-100<\/td>\n<td style=\"text-align: center;\" width=\"153\">10000<\/td>\n<td style=\"text-align: center;\">16 Mpa<\/td>\n<\/tr>\n<\/tbody>\n<\/table>\n<p><strong>\u00a0\u25cf Ratio de reducci\u00f3n: <\/strong>100 : 1<br \/>\n<strong>\u00a0\u25cf Opci\u00f3n de precisi\u00f3n: <\/strong>\u00b10<strong>.<\/strong>075%, \u00b10<strong>.<\/strong>1%, 0.2%<br \/>\n<strong>\u00a0\u25cf Efecto Span:<\/strong><br \/>\n<strong>\u00a0 \u00a0 &gt; Para<\/strong><strong> precisi\u00f3n 0,075% (C\u00f3digo de gama B - F): <\/strong><br \/>\ncuando la relaci\u00f3n de reducci\u00f3n es de 1:1 ~ 10:1, el efecto es de 0,075% del rango de calibraci\u00f3n\uff1b<br \/>\ncuando la relaci\u00f3n de reducci\u00f3n es superior a 10:1, el efecto es \u00b1[ 0<strong>.<\/strong>002\u00d7Relaci\u00f3n de reducci\u00f3n -0<strong>.<\/strong>1 ] %.<br \/>\n<strong>\u00a0 \u00a0&gt; Para<\/strong><strong> precisi\u00f3n 0,1% (C\u00f3digo de gama A - F):<\/strong><br \/>\ncuando la relaci\u00f3n de reducci\u00f3n es de 1:1 ~ 10:1, el efecto es de 0,1% del rango de calibraci\u00f3n\uff1b<br \/>\ncuando la relaci\u00f3n de reducci\u00f3n es superior a 10:1, el efecto es \u00b1[0<strong>.<\/strong>025\u00d7Relaci\u00f3n de reducci\u00f3n -0<strong>.<\/strong>125 ] %.<br \/>\n<strong>\u00a0 \u00a0&gt; Para<\/strong><strong> precisi\u00f3n 0,2% (C\u00f3digo de gama A - F):<\/strong><br \/>\ncuando la relaci\u00f3n de reducci\u00f3n es de 1:1 ~ 10:1, el efecto es de 0,2% del rango de calibraci\u00f3n\uff1b<br \/>\ncuando la relaci\u00f3n de reducci\u00f3n es superior a 10:1, el efecto es \u00b1[0<strong>.<\/strong>03\u00d7Relaci\u00f3n de descenso -0<strong>.<\/strong>1 ] %.<br \/>\n<strong>\u00a0\u25cf Estabilidad: <\/strong>en 36 meses, el error es de \u00b10<strong>.<\/strong>2% de envergadura m\u00e1xima<br \/>\n<strong>\u00a0\u25cf <\/strong><strong style=\"font-size: 16px;\">Efecto de la temperatura:<\/strong><br \/>\n<strong>\u00a0 \u00a0&gt; Para<\/strong><strong> precisi\u00f3n 0,075%:<\/strong> El error del punto cero o del Span completo es de \u00b10<strong>.<\/strong>15% de luz m\u00e1xima \/ 28\u2103<br \/>\n<strong>\u00a0 \u00a0&gt; Para<\/strong><strong> precisi\u00f3n 0.1%: <\/strong>El error del punto cero o del Span completo es de \u00b10<strong>.<\/strong>2% de luz m\u00e1xima \/ 28\u2103<br \/>\n<strong>\u00a0 \u00a0&gt; Para<\/strong><strong> precisi\u00f3n 0,2%: <\/strong>El error del punto cero o del Span completo es de \u00b10<strong>.<\/strong>25% de luz m\u00e1xima \/ 28\u2103<br \/>\n<strong>\u00a0\u25cf Efecto de la fuente de alimentaci\u00f3n: <\/strong>inferior a \u00b10<strong>.<\/strong>005% del rango de calibraci\u00f3n \/ V<br \/>\n<strong>\u00a0\u25cf Efecto de las vibraciones: <\/strong>inferior a \u00b10<strong>.<\/strong>05% de envergadura m\u00e1xima \/ g<br \/>\n<strong>\u00a0\u25cf Efecto de la instalaci\u00f3n: <\/strong>la deriva del punto cero no es superior a 0,25Kpa, este error puede eliminarse mediante la calibraci\u00f3n del punto cero, que no afecta al rango del instrumento.<br \/>\n<strong>\u00a0\u25cf Caracter\u00edsticas el\u00e9ctricas<\/strong><br \/>\n<strong>\u00a0 \u00a0 &gt; Fuente de alimentaci\u00f3n (E ): <\/strong>24VDC ( 10,5 ~ 36 VDC )<br \/>\n<strong>\u00a0 \u00a0 &gt; Opci\u00f3n de salida: <\/strong>4-20mA , 4-20mA(2 hilos) + protocolo HART<\/p>\n<p><strong>\u00a0\u25cf Caracter\u00edstica de carga (R):<\/strong><\/p>\n<p><img class=\"alignnone wp-image-2975 size-full\" src=\"http:\/\/www.hginstrument.com\/wp-content\/uploads\/2021\/08\/sydm-26-r-load-.jpg\" alt=\"sydm 26 r carga\" width=\"652\" height=\"273\" srcset=\"https:\/\/www.hginstrument.com\/wp-content\/uploads\/2021\/08\/sydm-26-r-load-.jpg 652w, https:\/\/www.hginstrument.com\/wp-content\/uploads\/2021\/08\/sydm-26-r-load--300x126.jpg 300w, https:\/\/www.hginstrument.com\/wp-content\/uploads\/2021\/08\/sydm-26-r-load--600x251.jpg 600w\" sizes=\"(max-width: 652px) 100vw, 652px\" \/><\/p>\n<p>Par\u00e1metros de seguridad intr\u00ednseca a prueba de explosiones: Ui=28VDC, Ii=93mA, Pi=0,65W, Ci=0\u03bcF, Li=0mH<br \/>\nCompatibilidad electromagn\u00e9tica: cumple la norma IEC 61000-4<\/p>\n<p>&nbsp;<\/p>\n<p><strong>Equipo de calibraci\u00f3n:<\/strong><\/p>\n<table width=\"867\">\n<tbody>\n<tr style=\"background-color: #d8d8d8;\">\n<td width=\"172\">Equipamiento<\/td>\n<td width=\"177\">fabricante<\/td>\n<td width=\"153\">Precisi\u00f3n de control<\/td>\n<td width=\"365\">Aplicaci\u00f3n<\/td>\n<\/tr>\n<tr>\n<td style=\"vertical-align: middle;\">Mensor CPC6050<\/td>\n<td style=\"vertical-align: middle;\">Alemania WIKA<\/td>\n<td style=\"vertical-align: middle;\">Clase 0,01<\/td>\n<td>Calibrar el transmisor de presi\u00f3n \/ presi\u00f3n diferencial<\/td>\n<\/tr>\n<tr>\n<td style=\"vertical-align: middle;\">Mensor CPC4000<\/td>\n<td style=\"vertical-align: middle;\">Alemania WIKA<\/td>\n<td style=\"vertical-align: middle;\">Clase 0,02<\/td>\n<td>Calibrar el transmisor de presi\u00f3n \/ presi\u00f3n diferencial<\/td>\n<\/tr>\n<tr>\n<td style=\"vertical-align: middle;\">GE PACE60000<\/td>\n<td style=\"vertical-align: middle;\">USA DRUCK<\/td>\n<td style=\"vertical-align: middle;\">Clase 0,02<\/td>\n<td>Calibrar transmisor de presi\u00f3n \/ presi\u00f3n diferencial con junta remota tipo brida<\/td>\n<\/tr>\n<tr>\n<td>ConST836<\/td>\n<td>China.Pek\u00edn ConsT<\/td>\n<td>Clase 0,02<\/td>\n<td>Calibrar transmisor de presi\u00f3n de gran alcance<\/td>\n<\/tr>\n<\/tbody>\n<\/table>\n<p>&nbsp;<\/p>\n<p><strong>Opci\u00f3n de accesorio:<\/strong><\/p>\n<p><img class=\"alignnone wp-image-1603 size-full\" src=\"http:\/\/www.hginstrument.com\/wp-content\/uploads\/2021\/08\/accessory-02.jpg\" alt=\"accesorio 02\" width=\"978\" height=\"340\" srcset=\"https:\/\/www.hginstrument.com\/wp-content\/uploads\/2021\/08\/accessory-02.jpg 978w, https:\/\/www.hginstrument.com\/wp-content\/uploads\/2021\/08\/accessory-02-300x104.jpg 300w, https:\/\/www.hginstrument.com\/wp-content\/uploads\/2021\/08\/accessory-02-768x267.jpg 768w, https:\/\/www.hginstrument.com\/wp-content\/uploads\/2021\/08\/accessory-02-600x209.jpg 600w\" sizes=\"(max-width: 978px) 100vw, 978px\" \/><\/p>\n<p>Sif\u00f3n Colector de v\u00e1lvula de 3 v\u00edas Dep\u00f3sito de condensaci\u00f3n Colector de v\u00e1lvula de 5 v\u00edas<\/p>\n<p>&nbsp;<\/p>\n<p>&nbsp;<\/p>\n<p>&nbsp;<\/p>","protected":false},"excerpt":{"rendered":"<p>El transmisor de presi\u00f3n diferencial de silicio monocristalino se utiliza para medir la presi\u00f3n diferencial de l\u00edquido, vapor o gas.<br \/>\nSi alguna industria tiene altos requisitos, los componentes principales pueden adoptar la tecnolog\u00eda de fabricaci\u00f3n y sensores cer\u00e1micos de Endress+Hauser.<\/p>\n<p>&nbsp;<\/p>","protected":false},"featured_media":2442,"comment_status":"closed","ping_status":"closed","template":"","meta":[],"product_cat":[1406,1458],"product_tag":[],"acf":[],"_links":{"self":[{"href":"https:\/\/www.hginstrument.com\/es\/wp-json\/wp\/v2\/product\/1596"}],"collection":[{"href":"https:\/\/www.hginstrument.com\/es\/wp-json\/wp\/v2\/product"}],"about":[{"href":"https:\/\/www.hginstrument.com\/es\/wp-json\/wp\/v2\/types\/product"}],"replies":[{"embeddable":true,"href":"https:\/\/www.hginstrument.com\/es\/wp-json\/wp\/v2\/comments?post=1596"}],"wp:featuredmedia":[{"embeddable":true,"href":"https:\/\/www.hginstrument.com\/es\/wp-json\/wp\/v2\/media\/2442"}],"wp:attachment":[{"href":"https:\/\/www.hginstrument.com\/es\/wp-json\/wp\/v2\/media?parent=1596"}],"wp:term":[{"taxonomy":"product_cat","embeddable":true,"href":"https:\/\/www.hginstrument.com\/es\/wp-json\/wp\/v2\/product_cat?post=1596"},{"taxonomy":"product_tag","embeddable":true,"href":"https:\/\/www.hginstrument.com\/es\/wp-json\/wp\/v2\/product_tag?post=1596"}],"curies":[{"name":"wp","href":"https:\/\/api.w.org\/{rel}","templated":true}]}}