{"id":1622,"date":"2021-08-09T15:21:03","date_gmt":"2021-08-09T07:21:03","guid":{"rendered":"http:\/\/201230ip92c2.adwebcloud.com\/?post_type=product&#038;p=1622"},"modified":"2024-09-26T14:51:39","modified_gmt":"2024-09-26T06:51:39","slug":"diffusive-silicon-pressure-transmitter-model-sypm-10","status":"publish","type":"product","link":"https:\/\/www.hginstrument.com\/es\/pressure-differencial-pressure-transmitter\/diffusive-silicon-pressure-transmitter-model-sypm-10\/","title":{"rendered":"Transmisor de presi\u00f3n de silicona difusiva (Modelo: SYPM-10)"},"content":{"rendered":"<p><strong>Datos t\u00e9cnicos:<\/strong><\/p>\n<table width=\"713\">\n<tbody>\n<tr>\n<td style=\"background-color: #d8d8d8\" width=\"201\">Gama<\/td>\n<td width=\"512\">&#8211; 0.1\u20260 ~ 0.01 &#8230; 100 Mpa<\/td>\n<\/tr>\n<tr>\n<td style=\"background-color: #d8d8d8\">Se\u00f1al de salida<\/td>\n<td>4 &#8211; 20mA (2-wire);\u00a0 4-20mA (2-wire)+ HART; RS485 (Modbus)<\/td>\n<\/tr>\n<tr>\n<td style=\"background-color: #d8d8d8\">Precisi\u00f3n<\/td>\n<td>\u00a0\u00b1 0.25%FS;\u00a0 \u00b1 0.5%FS<\/td>\n<\/tr>\n<tr>\n<td style=\"background-color: #d8d8d8\">Temperatura de funcionamiento<\/td>\n<td>-40 ~ 80\u2103;\u00a0\u00a0 -10 ~ 60\u2103 (for Ex type)<\/td>\n<\/tr>\n<tr>\n<td style=\"background-color: #d8d8d8\">Medio aplicable<\/td>\n<td>Liquid,\u00a0 Gas,\u00a0 Steam<\/td>\n<\/tr>\n<tr>\n<td style=\"background-color: #d8d8d8\">Alimentaci\u00f3n<\/td>\n<td>12 ~ 36 VDC ( Standard: 24VDC )<\/td>\n<\/tr>\n<tr>\n<td style=\"background-color: #d8d8d8\">Diaphragm material<\/td>\n<td>SS316L;\u00a0 Hastelloy C<\/td>\n<\/tr>\n<tr>\n<td style=\"background-color: #d8d8d8\">Estabilidad<\/td>\n<td>\u00b1 0.2% URL \/ 5 years<\/td>\n<\/tr>\n<tr>\n<td style=\"background-color: #d8d8d8\">Conexi\u00f3n a proceso<\/td>\n<td>M20*1.5(M),\u00a0 1\/2-14 NPT(F),\u00a0 Tri-clamp<\/td>\n<\/tr>\n<tr>\n<td style=\"background-color: #d8d8d8\">Resistente a la intemperie<\/td>\n<td>IP65 ( standard),\u00a0 IP67 (with outgoing cable)<\/td>\n<\/tr>\n<\/tbody>\n<\/table>\n<p>&nbsp;<\/p>\n<p><strong>Opci\u00f3n de accesorio:<\/strong><\/p>\n<p><img class=\"alignnone wp-image-1620 size-full\" src=\"http:\/\/www.hginstrument.com\/wp-content\/uploads\/2021\/08\/accessary-for-2088-1.jpg\" alt=\"accesorio para 2088 1\" width=\"696\" height=\"361\" srcset=\"https:\/\/www.hginstrument.com\/wp-content\/uploads\/2021\/08\/accessary-for-2088-1.jpg 696w, https:\/\/www.hginstrument.com\/wp-content\/uploads\/2021\/08\/accessary-for-2088-1-300x156.jpg 300w, https:\/\/www.hginstrument.com\/wp-content\/uploads\/2021\/08\/accessary-for-2088-1-600x311.jpg 600w\" sizes=\"(max-width: 696px) 100vw, 696px\" \/><\/p>\n<p>Sif\u00f3n Disipador de calor Colector de v\u00e1lvula de 2 v\u00edas<\/p>\n<p>&nbsp;<\/p>\n<p>&nbsp;<\/p>","protected":false},"excerpt":{"rendered":"<p>Small type diffusive Silicon Pressure Transmitter is used to measure the pressure of liquid, steam or gas in the field with narrow installation room.<\/p>\n<p>This product adopts all stainless steel structure design, is widely used in aerospace, petroleum, chemical, metallurgy, electric power, mechanical equipment and other industries.<\/p>\n<p>The product has reverse polarity protection and transient overflow protection. The output signal can be analog current \/voltage, RS485.<\/p>","protected":false},"featured_media":2109,"comment_status":"closed","ping_status":"closed","template":"","meta":[],"product_cat":[1406,1456],"product_tag":[],"acf":[],"_links":{"self":[{"href":"https:\/\/www.hginstrument.com\/es\/wp-json\/wp\/v2\/product\/1622"}],"collection":[{"href":"https:\/\/www.hginstrument.com\/es\/wp-json\/wp\/v2\/product"}],"about":[{"href":"https:\/\/www.hginstrument.com\/es\/wp-json\/wp\/v2\/types\/product"}],"replies":[{"embeddable":true,"href":"https:\/\/www.hginstrument.com\/es\/wp-json\/wp\/v2\/comments?post=1622"}],"wp:featuredmedia":[{"embeddable":true,"href":"https:\/\/www.hginstrument.com\/es\/wp-json\/wp\/v2\/media\/2109"}],"wp:attachment":[{"href":"https:\/\/www.hginstrument.com\/es\/wp-json\/wp\/v2\/media?parent=1622"}],"wp:term":[{"taxonomy":"product_cat","embeddable":true,"href":"https:\/\/www.hginstrument.com\/es\/wp-json\/wp\/v2\/product_cat?post=1622"},{"taxonomy":"product_tag","embeddable":true,"href":"https:\/\/www.hginstrument.com\/es\/wp-json\/wp\/v2\/product_tag?post=1622"}],"curies":[{"name":"wp","href":"https:\/\/api.w.org\/{rel}","templated":true}]}}