{"id":1625,"date":"2021-08-09T15:35:09","date_gmt":"2021-08-09T07:35:09","guid":{"rendered":"http:\/\/201230ip92c2.adwebcloud.com\/?post_type=product&#038;p=1625"},"modified":"2021-12-02T16:52:50","modified_gmt":"2021-12-02T08:52:50","slug":"monocrystalline-silicon-pressure-transmitter-model-sypm-26","status":"publish","type":"product","link":"https:\/\/www.hginstrument.com\/es\/pressure-differencial-pressure-transmitter\/monocrystalline-silicon-pressure-transmitter-model-sypm-26\/","title":{"rendered":"Transmisor de presi\u00f3n de silicio monocristalino ( Modelo: SYPM-26 )"},"content":{"rendered":"<p><strong>Caracter\u00edsticas:<\/strong><br \/>\n\u25cf Medio: gas, vapor o l\u00edquido<br \/>\n\u25cf Precisi\u00f3n: \u00b10,075%<br \/>\n\u25cf Salida: 4 ~ 20mA + HART ( Pertenece a la fundaci\u00f3n de comunicaci\u00f3n HART )<br \/>\n\u25cf Material del diafragma: SS316L \/ Hastelloy C<br \/>\n\u25cf Con protecci\u00f3n contra rayos<br \/>\n\u25cf La capacidad de gesti\u00f3n de sobretensiones alcanza los 3000 V<br \/>\n\u25cf Recubrimiento de la carcasa: Pulverizaci\u00f3n electrost\u00e1tica de polvo Dupont.<br \/>\n\u25cf Certificado CE, certificado SIL, certificado CNEX.<\/p>\n<p>&nbsp;<\/p>\n<p><strong>Rango del sensor de presi\u00f3n del man\u00f3metro:<\/strong><\/p>\n<table>\n<tbody>\n<tr>\n<td style=\"background-color: #d8d8d8; text-align: center; vertical-align: middle;\" rowspan=\"2\" width=\"83\">Presi\u00f3n manom\u00e9trica<br \/>\nC\u00f3digo de la gama<\/td>\n<td style=\"background-color: #d8d8d8; text-align: center;\" rowspan=\"2\" width=\"142\">\n<p style=\"text-align: center;\">Luz m\u00ednima<\/p>\n<p style=\"text-align: center;\">( Kpa )<\/p>\n<\/td>\n<td style=\"background-color: #d8d8d8; text-align: center;\" colspan=\"2\" width=\"425\">\n<p style=\"text-align: center;\">L\u00edmite de alcance del sensor ( Kpa )<\/p>\n<\/td>\n<\/tr>\n<tr>\n<td style=\"background-color: #d8d8d8; text-align: center;\" width=\"217\">L\u00edmite de alcance bajo (LRL)<\/td>\n<td style=\"background-color: #d8d8d8; text-align: center;\" width=\"208\">\n<p style=\"text-align: center;\">L\u00edmite superior de alcance (URL)<\/p>\n<\/td>\n<\/tr>\n<tr>\n<td style=\"text-align: center;\" width=\"83\">A<\/td>\n<td style=\"text-align: center;\" width=\"142\">1<strong>.<\/strong>0<\/td>\n<td style=\"text-align: center;\" width=\"217\">-40<\/td>\n<td style=\"text-align: center;\" width=\"208\">40<\/td>\n<\/tr>\n<tr>\n<td style=\"text-align: center;\" width=\"83\">B<\/td>\n<td style=\"text-align: center;\" width=\"142\">12<strong>.<\/strong>5<\/td>\n<td style=\"text-align: center;\" width=\"217\">-100<\/td>\n<td style=\"text-align: center;\" width=\"208\">250<\/td>\n<\/tr>\n<tr>\n<td style=\"text-align: center;\" width=\"83\">C<\/td>\n<td style=\"text-align: center;\" width=\"142\">50<\/td>\n<td style=\"text-align: center;\" width=\"217\">-100<\/td>\n<td style=\"text-align: center;\" width=\"208\">1000<\/td>\n<\/tr>\n<tr>\n<td style=\"text-align: center;\" width=\"83\">D<\/td>\n<td style=\"text-align: center;\" width=\"142\">150<\/td>\n<td style=\"text-align: center;\" width=\"217\">-100<\/td>\n<td style=\"text-align: center;\" width=\"208\">3000<\/td>\n<\/tr>\n<tr>\n<td style=\"text-align: center;\" width=\"83\">E<\/td>\n<td style=\"text-align: center;\" width=\"142\">500<\/td>\n<td style=\"text-align: center;\" width=\"217\">-100<\/td>\n<td style=\"text-align: center;\" width=\"208\">10000<\/td>\n<\/tr>\n<tr>\n<td style=\"text-align: center;\" width=\"83\">F<\/td>\n<td style=\"text-align: center;\" width=\"142\">5000<\/td>\n<td style=\"text-align: center;\" width=\"217\">-100<\/td>\n<td style=\"text-align: center;\" width=\"208\">40000<\/td>\n<\/tr>\n<\/tbody>\n<\/table>\n<p>&nbsp;<\/p>\n<p><strong>Rango del sensor de presi\u00f3n absoluta:<\/strong><\/p>\n<table>\n<tbody>\n<tr>\n<td style=\"background-color: #d8d8d8; text-align: center; vertical-align: middle;\" rowspan=\"2\" width=\"83\">Alcance absoluto<br \/>\nc\u00f3digo<\/td>\n<td style=\"background-color: #d8d8d8; text-align: center; vertical-align: middle;\" rowspan=\"2\" width=\"142\">\n<p style=\"text-align: center;\">Luz m\u00ednima<\/p>\n<p style=\"text-align: center;\">( Kpa )<\/p>\n<\/td>\n<td style=\"background-color: #d8d8d8; text-align: center; vertical-align: middle;\" colspan=\"2\" width=\"425\">L\u00edmite de alcance del sensor ( Kpa )<\/td>\n<\/tr>\n<tr>\n<td style=\"background-color: #d8d8d8; text-align: center; vertical-align: middle;\" width=\"217\">L\u00edmite de alcance bajo (LRL)<\/td>\n<td style=\"background-color: #d8d8d8; text-align: center; vertical-align: middle;\" width=\"208\">L\u00edmite superior de alcance (URL)<\/td>\n<\/tr>\n<tr>\n<td style=\"text-align: center;\" width=\"83\">I<\/td>\n<td style=\"text-align: center;\" width=\"142\">5<\/td>\n<td style=\"text-align: center;\" width=\"217\">0<\/td>\n<td style=\"text-align: center;\" width=\"208\">40<\/td>\n<\/tr>\n<tr>\n<td style=\"text-align: center;\" width=\"83\">J<\/td>\n<td style=\"text-align: center;\" width=\"142\">30<\/td>\n<td style=\"text-align: center;\" width=\"217\">0<\/td>\n<td style=\"text-align: center;\" width=\"208\">250<\/td>\n<\/tr>\n<tr>\n<td style=\"text-align: center;\" width=\"83\">K<\/td>\n<td style=\"text-align: center;\" width=\"142\">150<\/td>\n<td style=\"text-align: center;\" width=\"217\">0<\/td>\n<td style=\"text-align: center;\" width=\"208\">1000<\/td>\n<\/tr>\n<tr>\n<td style=\"text-align: center;\" width=\"83\">L<\/td>\n<td style=\"text-align: center;\" width=\"142\">500<\/td>\n<td style=\"text-align: center;\" width=\"217\">0<\/td>\n<td style=\"text-align: center;\" width=\"208\">10000<\/td>\n<\/tr>\n<\/tbody>\n<\/table>\n<p>&nbsp;<\/p>\n<p><strong>Equipo de calibraci\u00f3n:<\/strong><\/p>\n<table width=\"867\">\n<tbody>\n<tr style=\"background-color: #d8d8d8;\">\n<td width=\"172\">Equipamiento<\/td>\n<td width=\"177\">fabricante<\/td>\n<td width=\"153\">Precisi\u00f3n de control<\/td>\n<td width=\"365\">Aplicaci\u00f3n<\/td>\n<\/tr>\n<tr>\n<td style=\"vertical-align: middle;\">Mensor CPC6050<\/td>\n<td style=\"vertical-align: middle;\">Alemania WIKA<\/td>\n<td style=\"vertical-align: middle;\">Clase 0,01<\/td>\n<td>Calibrar el transmisor de presi\u00f3n \/ presi\u00f3n diferencial<\/td>\n<\/tr>\n<tr>\n<td style=\"vertical-align: middle;\">Mensor CPC4000<\/td>\n<td style=\"vertical-align: middle;\">Alemania WIKA<\/td>\n<td style=\"vertical-align: middle;\">Clase 0,02<\/td>\n<td>Calibrar el transmisor de presi\u00f3n \/ presi\u00f3n diferencial<\/td>\n<\/tr>\n<tr>\n<td style=\"vertical-align: middle;\">GE PACE60000<\/td>\n<td style=\"vertical-align: middle;\">USA DRUCK<\/td>\n<td style=\"vertical-align: middle;\">Clase 0,02<\/td>\n<td>Calibrar transmisor de presi\u00f3n \/ presi\u00f3n diferencial con junta remota tipo brida<\/td>\n<\/tr>\n<tr>\n<td>ConST836<\/td>\n<td>China.Pek\u00edn ConsT<\/td>\n<td>Clase 0,02<\/td>\n<td>Calibrar transmisor de presi\u00f3n de gran alcance<\/td>\n<\/tr>\n<\/tbody>\n<\/table>\n<p>&nbsp;<\/p>\n<p><strong>Opci\u00f3n de accesorio:<\/strong><\/p>\n<p><img class=\"alignnone wp-image-1620 size-full\" src=\"http:\/\/www.hginstrument.com\/wp-content\/uploads\/2021\/08\/accessary-for-2088-1.jpg\" alt=\"accesorio para 2088 1\" width=\"696\" height=\"361\" srcset=\"https:\/\/www.hginstrument.com\/wp-content\/uploads\/2021\/08\/accessary-for-2088-1.jpg 696w, https:\/\/www.hginstrument.com\/wp-content\/uploads\/2021\/08\/accessary-for-2088-1-300x156.jpg 300w, https:\/\/www.hginstrument.com\/wp-content\/uploads\/2021\/08\/accessary-for-2088-1-600x311.jpg 600w\" sizes=\"(max-width: 696px) 100vw, 696px\" \/><\/p>\n<p>Sif\u00f3n Disipador de calor Colector de v\u00e1lvula de 2 v\u00edas<\/p>\n<p>&nbsp;<\/p>\n<p>&nbsp;<\/p>\n<p>&nbsp;<\/p>","protected":false},"excerpt":{"rendered":"<p>El transmisor de presi\u00f3n de silicio monocristalino se utiliza para medir sobre el terreno la presi\u00f3n de l\u00edquidos, gases o vapores que requieren una gran precisi\u00f3n.<br \/>\nSi alguna industria tiene altos requisitos, los componentes principales pueden adoptar la tecnolog\u00eda de fabricaci\u00f3n y sensores cer\u00e1micos de Endress+Hauser.<\/p>","protected":false},"featured_media":2439,"comment_status":"closed","ping_status":"closed","template":"","meta":[],"product_cat":[1406,1457],"product_tag":[],"acf":[],"_links":{"self":[{"href":"https:\/\/www.hginstrument.com\/es\/wp-json\/wp\/v2\/product\/1625"}],"collection":[{"href":"https:\/\/www.hginstrument.com\/es\/wp-json\/wp\/v2\/product"}],"about":[{"href":"https:\/\/www.hginstrument.com\/es\/wp-json\/wp\/v2\/types\/product"}],"replies":[{"embeddable":true,"href":"https:\/\/www.hginstrument.com\/es\/wp-json\/wp\/v2\/comments?post=1625"}],"wp:featuredmedia":[{"embeddable":true,"href":"https:\/\/www.hginstrument.com\/es\/wp-json\/wp\/v2\/media\/2439"}],"wp:attachment":[{"href":"https:\/\/www.hginstrument.com\/es\/wp-json\/wp\/v2\/media?parent=1625"}],"wp:term":[{"taxonomy":"product_cat","embeddable":true,"href":"https:\/\/www.hginstrument.com\/es\/wp-json\/wp\/v2\/product_cat?post=1625"},{"taxonomy":"product_tag","embeddable":true,"href":"https:\/\/www.hginstrument.com\/es\/wp-json\/wp\/v2\/product_tag?post=1625"}],"curies":[{"name":"wp","href":"https:\/\/api.w.org\/{rel}","templated":true}]}}