{"id":1664,"date":"2021-08-11T11:02:15","date_gmt":"2021-08-11T03:02:15","guid":{"rendered":"http:\/\/201230ip92c2.adwebcloud.com\/?post_type=product&#038;p=1664"},"modified":"2021-10-11T15:05:04","modified_gmt":"2021-10-11T07:05:04","slug":"capsule-pressure-gauge","status":"publish","type":"product","link":"https:\/\/www.hginstrument.com\/es\/pressure-gauge\/capsule-pressure-gauge\/","title":{"rendered":"Man\u00f3metro de c\u00e1psula"},"content":{"rendered":"<p><strong>Caracter\u00edsticas:<\/strong><br \/>\n\u25cf Medici\u00f3n de la presi\u00f3n de proceso de l\u00edquido o gas<br \/>\n\u25cf Temperatura de funcionamiento: &lt; 80 \u2103<br \/>\n\u25cf Tipo de elemento de presi\u00f3n: c\u00e1psula de diafragma.<br \/>\n\u25cf Escala de presi\u00f3n: 0 ~ 60 Kpa<br \/>\n\u25cf Precisi\u00f3n: 2,5% F.S.<br \/>\n\u25cf Tama\u00f1o de la esfera: 40 mm, 65 mm, 100 mm, 150 mm, 200 mm, 250 mm<br \/>\n\u25cf Material de la caja: SS304 \/ SS316<br \/>\n\u25cf Material de la conexi\u00f3n de proceso: SS304 \/ SS316<br \/>\n\u25cf Opci\u00f3n de accesorios: sif\u00f3n, disipador de calor, colector de v\u00e1lvulas de 2 v\u00edas.<\/p>\n<p>&nbsp;<\/p>\n<p><strong>Opci\u00f3n de accesorio:<\/strong><\/p>\n<p><img class=\"alignnone wp-image-1565 size-full\" src=\"http:\/\/www.hginstrument.com\/wp-content\/uploads\/2021\/07\/accessary-for-pg.jpg\" alt=\"accesorio para pg\" width=\"696\" height=\"361\" srcset=\"https:\/\/www.hginstrument.com\/wp-content\/uploads\/2021\/07\/accessary-for-pg.jpg 696w, https:\/\/www.hginstrument.com\/wp-content\/uploads\/2021\/07\/accessary-for-pg-300x156.jpg 300w, https:\/\/www.hginstrument.com\/wp-content\/uploads\/2021\/07\/accessary-for-pg-600x311.jpg 600w\" sizes=\"(max-width: 696px) 100vw, 696px\" \/><\/p>\n<p>&nbsp;<\/p>\n<p>&nbsp;<\/p>\n<p>&nbsp;<\/p>","protected":false},"excerpt":{"rendered":"<p>Principio: Los elementos sensibles a la presi\u00f3n (como el tubo de Bourdon, la caja de membrana, los fuelles) sufren una deformaci\u00f3n el\u00e1stica bajo presi\u00f3n, y la deformaci\u00f3n por presi\u00f3n se transmite al indicador a trav\u00e9s del mecanismo de conversi\u00f3n del movimiento, lo que hace que el indicador gire para indicar la presi\u00f3n.<\/p>","protected":false},"featured_media":1570,"comment_status":"closed","ping_status":"closed","template":"","meta":[],"product_cat":[1407,1497],"product_tag":[],"acf":[],"_links":{"self":[{"href":"https:\/\/www.hginstrument.com\/es\/wp-json\/wp\/v2\/product\/1664"}],"collection":[{"href":"https:\/\/www.hginstrument.com\/es\/wp-json\/wp\/v2\/product"}],"about":[{"href":"https:\/\/www.hginstrument.com\/es\/wp-json\/wp\/v2\/types\/product"}],"replies":[{"embeddable":true,"href":"https:\/\/www.hginstrument.com\/es\/wp-json\/wp\/v2\/comments?post=1664"}],"wp:featuredmedia":[{"embeddable":true,"href":"https:\/\/www.hginstrument.com\/es\/wp-json\/wp\/v2\/media\/1570"}],"wp:attachment":[{"href":"https:\/\/www.hginstrument.com\/es\/wp-json\/wp\/v2\/media?parent=1664"}],"wp:term":[{"taxonomy":"product_cat","embeddable":true,"href":"https:\/\/www.hginstrument.com\/es\/wp-json\/wp\/v2\/product_cat?post=1664"},{"taxonomy":"product_tag","embeddable":true,"href":"https:\/\/www.hginstrument.com\/es\/wp-json\/wp\/v2\/product_tag?post=1664"}],"curies":[{"name":"wp","href":"https:\/\/api.w.org\/{rel}","templated":true}]}}