{"id":1684,"date":"2021-08-11T17:22:21","date_gmt":"2021-08-11T09:22:21","guid":{"rendered":"http:\/\/201230ip92c2.adwebcloud.com\/?post_type=product&#038;p=1684"},"modified":"2021-10-14T14:57:11","modified_gmt":"2021-10-14T06:57:11","slug":"differential-pressure-gauge-with-high-static-pressure","status":"publish","type":"product","link":"https:\/\/www.hginstrument.com\/es\/differential-pressure-gauge\/differential-pressure-gauge-with-high-static-pressure\/","title":{"rendered":"Man\u00f3metro de presi\u00f3n diferencial con alta presi\u00f3n est\u00e1tica"},"content":{"rendered":"<p><strong>Gama DP<\/strong><br \/>\n0 ~ 1,6 Kpa, 0 ~ 2,5 Kpa, 0 ~ 4,0 Kpa, 0 ~ 5,0 Kpa, 0 ~ 6,0 Kpa, 0 ~ 10 Kpa, 0 ~ 16 Kpa, 0 ~ 25 Kpa,<br \/>\n0 ~ 40 Kpa, 0 ~ 60 Kpa, 0 ~ 100 Kpa, 0 ~ 160 Kpa, 0 ~ 250 Kpa, 0 ~ 600 Kpa, 0 ~ 1000 Kpa, 0 ~ 1600 Kpa, 0 ~ 2500 Kpa,<\/p>\n<p><strong>Precisi\u00f3n:\u00a0<\/strong> 2.5%F.S.<\/p>\n<p><strong>Observaci\u00f3n:<\/strong>\u00a0 Si el rango DP \u2264 10Kpa, el cliente necesita confirmar la presi\u00f3n est\u00e1tica real antes de realizar el pedido.<\/p>\n<p>&nbsp;<\/p>\n<p><strong>Dimensi\u00f3n de la apariencia:<\/strong><\/p>\n<p><img class=\"alignnone wp-image-1681 size-full\" src=\"http:\/\/www.hginstrument.com\/wp-content\/uploads\/2021\/08\/mdph-dimension.jpg\" alt=\"dimensi\u00f3n mdph\" width=\"615\" height=\"331\" srcset=\"https:\/\/www.hginstrument.com\/wp-content\/uploads\/2021\/08\/mdph-dimension.jpg 615w, https:\/\/www.hginstrument.com\/wp-content\/uploads\/2021\/08\/mdph-dimension-300x161.jpg 300w, https:\/\/www.hginstrument.com\/wp-content\/uploads\/2021\/08\/mdph-dimension-600x323.jpg 600w\" sizes=\"(max-width: 615px) 100vw, 615px\" \/><\/p>\n<p>&nbsp;<\/p>\n<table>\n<tbody>\n<tr style=\"background-color: #d8d8d8;\">\n<td width=\"81\">Modelo<\/td>\n<td width=\"58\">D<\/td>\n<td width=\"57\">L<\/td>\n<td width=\"57\">L1<\/td>\n<td width=\"57\">L2<\/td>\n<td width=\"57\">L3<\/td>\n<td width=\"57\">H<\/td>\n<td width=\"66\">H1<\/td>\n<td width=\"142\">B<\/td>\n<\/tr>\n<tr>\n<td width=\"81\">MDPH-100<\/td>\n<td width=\"58\">\u03a6111<\/td>\n<td width=\"57\">131<\/td>\n<td width=\"57\">46<\/td>\n<td width=\"57\">41<\/td>\n<td width=\"57\">54<\/td>\n<td width=\"57\">138<\/td>\n<td width=\"66\">131<\/td>\n<td width=\"142\">M20 x 1,5<\/td>\n<\/tr>\n<tr>\n<td width=\"81\">MDPH-150<\/td>\n<td width=\"58\">\u03a6161<\/td>\n<td width=\"57\">135<\/td>\n<td width=\"57\">50<\/td>\n<td width=\"57\">41<\/td>\n<td width=\"57\">54<\/td>\n<td width=\"57\">175<\/td>\n<td width=\"66\">131<\/td>\n<td width=\"142\">M20 x 1,5<\/td>\n<\/tr>\n<tr>\n<td colspan=\"9\" width=\"631\"><strong>Observaci\u00f3n: <\/strong>Las dimensiones para man\u00f3metro diferencial personalizado ser\u00e1n un poco diferentes.<\/td>\n<\/tr>\n<\/tbody>\n<\/table>\n<p>&nbsp;<\/p>\n<p>&nbsp;<\/p>\n<p>&nbsp;<\/p>","protected":false},"excerpt":{"rendered":"<p>Los man\u00f3metros diferenciales son adecuados para medir la presi\u00f3n diferencial entre dos fuentes de presi\u00f3n est\u00e1tica en el control de procesos industriales, como: p\u00e9rdida de presi\u00f3n y estado de funcionamiento del filtro; p\u00e9rdida de presi\u00f3n de la red de tuber\u00edas; estado de funcionamiento de la v\u00e1lvula, etc.<\/p>","protected":false},"featured_media":1577,"comment_status":"closed","ping_status":"closed","template":"","meta":[],"product_cat":[1506,1508],"product_tag":[],"acf":[],"_links":{"self":[{"href":"https:\/\/www.hginstrument.com\/es\/wp-json\/wp\/v2\/product\/1684"}],"collection":[{"href":"https:\/\/www.hginstrument.com\/es\/wp-json\/wp\/v2\/product"}],"about":[{"href":"https:\/\/www.hginstrument.com\/es\/wp-json\/wp\/v2\/types\/product"}],"replies":[{"embeddable":true,"href":"https:\/\/www.hginstrument.com\/es\/wp-json\/wp\/v2\/comments?post=1684"}],"wp:featuredmedia":[{"embeddable":true,"href":"https:\/\/www.hginstrument.com\/es\/wp-json\/wp\/v2\/media\/1577"}],"wp:attachment":[{"href":"https:\/\/www.hginstrument.com\/es\/wp-json\/wp\/v2\/media?parent=1684"}],"wp:term":[{"taxonomy":"product_cat","embeddable":true,"href":"https:\/\/www.hginstrument.com\/es\/wp-json\/wp\/v2\/product_cat?post=1684"},{"taxonomy":"product_tag","embeddable":true,"href":"https:\/\/www.hginstrument.com\/es\/wp-json\/wp\/v2\/product_tag?post=1684"}],"curies":[{"name":"wp","href":"https:\/\/api.w.org\/{rel}","templated":true}]}}