{"id":1719,"date":"2021-08-13T09:45:30","date_gmt":"2021-08-13T01:45:30","guid":{"rendered":"http:\/\/201230ip92c2.adwebcloud.com\/?post_type=product&#038;p=1719"},"modified":"2021-10-12T14:19:11","modified_gmt":"2021-10-12T06:19:11","slug":"bimetal-thermometer-temperature-gauge","status":"publish","type":"product","link":"https:\/\/www.hginstrument.com\/es\/temperature-instrument\/bimetal-thermometer-temperature-gauge\/","title":{"rendered":"Term\u00f3metro bimet\u00e1lico (medidor de temperatura)"},"content":{"rendered":"<p><strong>Caracter\u00edsticas:<\/strong><br \/>\n\u25cf Medir la temperatura de proceso del l\u00edquido o gas<br \/>\n\u25cf Elemento de temperatura: tira bimet\u00e1lica<br \/>\n\u25cf Rango de temperatura: -80 ~ 40 \u2103; -40 ~ 80 \u2103; 0 ~ 50, 100, 150, 200, 250, 300, 400, 500\u2103.<br \/>\n\u25cf Accuracy: 1.6% of F.S.<br \/>\n\u25cf Tama\u00f1o de la esfera: 65 mm, 100 mm, 150 mm, 200 mm.<br \/>\n\u25cf Material de la caja: SS304 \/ SS316<br \/>\n\u25cf Material de la conexi\u00f3n de proceso: SS304 \/ SS316<br \/>\n\u25cf Structure: Axial type, radial type, universal type<\/p>\n<p>&nbsp;<\/p>\n<p><strong>Informaci\u00f3n para pedidos:<\/strong><br \/>\n\u25cf Medio medido:?<br \/>\n\u25cf Rango de temperatura:?<br \/>\n\u25cf Dial size:?<br \/>\n\u25cf Di\u00e1metro del v\u00e1stago:?<br \/>\n\u25cf Conexi\u00f3n de proceso:?<br \/>\n\u25cf Insertion length and total length:?<br \/>\n\u25cf Material: ?<\/p>\n<p>&nbsp;<\/p>\n<p>&nbsp;<\/p>\n<p>&nbsp;<\/p>","protected":false},"excerpt":{"rendered":"<p>Bimetallic thermometer\u2019 temperature element is made of bimetallic strip which is bent into a coil, one end will expand when it is heated, meanwhile drive the pointer to rotate, which will show the corresponding temperature of medium.<\/p>","protected":false},"featured_media":1694,"comment_status":"closed","ping_status":"closed","template":"","meta":[],"product_cat":[1540,1564],"product_tag":[],"acf":[],"_links":{"self":[{"href":"https:\/\/www.hginstrument.com\/es\/wp-json\/wp\/v2\/product\/1719"}],"collection":[{"href":"https:\/\/www.hginstrument.com\/es\/wp-json\/wp\/v2\/product"}],"about":[{"href":"https:\/\/www.hginstrument.com\/es\/wp-json\/wp\/v2\/types\/product"}],"replies":[{"embeddable":true,"href":"https:\/\/www.hginstrument.com\/es\/wp-json\/wp\/v2\/comments?post=1719"}],"wp:featuredmedia":[{"embeddable":true,"href":"https:\/\/www.hginstrument.com\/es\/wp-json\/wp\/v2\/media\/1694"}],"wp:attachment":[{"href":"https:\/\/www.hginstrument.com\/es\/wp-json\/wp\/v2\/media?parent=1719"}],"wp:term":[{"taxonomy":"product_cat","embeddable":true,"href":"https:\/\/www.hginstrument.com\/es\/wp-json\/wp\/v2\/product_cat?post=1719"},{"taxonomy":"product_tag","embeddable":true,"href":"https:\/\/www.hginstrument.com\/es\/wp-json\/wp\/v2\/product_tag?post=1719"}],"curies":[{"name":"wp","href":"https:\/\/api.w.org\/{rel}","templated":true}]}}