{"id":1721,"date":"2021-08-13T09:50:04","date_gmt":"2021-08-13T01:50:04","guid":{"rendered":"http:\/\/201230ip92c2.adwebcloud.com\/?post_type=product&#038;p=1721"},"modified":"2021-10-12T14:20:02","modified_gmt":"2021-10-12T06:20:02","slug":"vibration-proof-bimetal-thermometer-temperature-gauge","status":"publish","type":"product","link":"https:\/\/www.hginstrument.com\/es\/temperature-instrument\/vibration-proof-bimetal-thermometer-temperature-gauge\/","title":{"rendered":"Term\u00f3metro bimet\u00e1lico antivibraciones (medidor de temperatura)"},"content":{"rendered":"<p><strong>Caracter\u00edsticas:<\/strong><br \/>\n\u25cf Medir la temperatura de proceso del l\u00edquido o gas<br \/>\n\u25cf Elemento de temperatura: tira bimet\u00e1lica<br \/>\n\u25cf Rango de temperatura: -80 ~ 40 \u2103; -40 ~ 80 \u2103; 0 ~ 50, 100, 150, 200, 250, 300, 400, 500\u2103.<br \/>\n\u25cf Accuracy: 1.6%\u00a0F.S.<br \/>\n\u25cf Tama\u00f1o de la esfera: 65 mm, 100 mm, 150 mm, 200 mm.<br \/>\n\u25cf Gauge dial is filled with glycerinum or silicone oil<br \/>\n\u25cf Material de la caja: SS304 \/ SS316<br \/>\n\u25cf Material de la conexi\u00f3n de proceso: SS304 \/ SS316<\/p>\n<p>&nbsp;<\/p>\n<p><strong>Informaci\u00f3n para pedidos:<\/strong><br \/>\n\u25cf Medio medido:?<br \/>\n\u25cf Rango de temperatura:?<br \/>\n\u25cf Tama\u00f1o de la esfera: ?<br \/>\n\u25cf Di\u00e1metro del v\u00e1stago:?<br \/>\n\u25cf Conexi\u00f3n de proceso:?<br \/>\n\u25cf Insertion length and total length:?<br \/>\n\u25cf Material: ?<\/p>\n<p>&nbsp;<\/p>\n<p>&nbsp;<\/p>\n<p>&nbsp;<\/p>","protected":false},"excerpt":{"rendered":"<p>Bimetallic thermometer\u2019 temperature element is made of bimetallic strip which is bent into a coil, one end will expand when it is heated, meanwhile drive the pointer to rotate, which will show the corresponding temperature of medium. Gauge dial is filled with Glycerinum oil and Silicone oil for vibration-proof.<\/p>","protected":false},"featured_media":1697,"comment_status":"closed","ping_status":"closed","template":"","meta":[],"product_cat":[1565,1540],"product_tag":[],"acf":[],"_links":{"self":[{"href":"https:\/\/www.hginstrument.com\/es\/wp-json\/wp\/v2\/product\/1721"}],"collection":[{"href":"https:\/\/www.hginstrument.com\/es\/wp-json\/wp\/v2\/product"}],"about":[{"href":"https:\/\/www.hginstrument.com\/es\/wp-json\/wp\/v2\/types\/product"}],"replies":[{"embeddable":true,"href":"https:\/\/www.hginstrument.com\/es\/wp-json\/wp\/v2\/comments?post=1721"}],"wp:featuredmedia":[{"embeddable":true,"href":"https:\/\/www.hginstrument.com\/es\/wp-json\/wp\/v2\/media\/1697"}],"wp:attachment":[{"href":"https:\/\/www.hginstrument.com\/es\/wp-json\/wp\/v2\/media?parent=1721"}],"wp:term":[{"taxonomy":"product_cat","embeddable":true,"href":"https:\/\/www.hginstrument.com\/es\/wp-json\/wp\/v2\/product_cat?post=1721"},{"taxonomy":"product_tag","embeddable":true,"href":"https:\/\/www.hginstrument.com\/es\/wp-json\/wp\/v2\/product_tag?post=1721"}],"curies":[{"name":"wp","href":"https:\/\/api.w.org\/{rel}","templated":true}]}}