{"id":1723,"date":"2021-08-13T10:00:40","date_gmt":"2021-08-13T02:00:40","guid":{"rendered":"http:\/\/201230ip92c2.adwebcloud.com\/?post_type=product&#038;p=1723"},"modified":"2021-10-12T14:20:59","modified_gmt":"2021-10-12T06:20:59","slug":"electric-contact-bi-metal-thermometer-temperature-gauge","status":"publish","type":"product","link":"https:\/\/www.hginstrument.com\/es\/temperature-instrument\/electric-contact-bi-metal-thermometer-temperature-gauge\/","title":{"rendered":"Term\u00f3metro bimet\u00e1lico de contacto el\u00e9ctrico (medidor de temperatura)"},"content":{"rendered":"<p><strong>Caracter\u00edsticas:<\/strong><\/p>\n<p>\u25cf Medir la temperatura de proceso del l\u00edquido o gas<br \/>\n\u25cf Temperatura de funcionamiento: &lt; 80 \u2103<br \/>\n\u25cf Elemento de temperatura: tira bimet\u00e1lica<br \/>\n\u25cf Rango de temperatura: -80 ~ 40 \u2103; -40 ~ 80 \u2103; 0 ~ 50, 100, 150, 200, 250, 300, 400, 500\u2103.<br \/>\n\u25cf Precisi\u00f3n: 1,6% F.S.<br \/>\n\u25cf Tama\u00f1o de la esfera: 65 mm, 100 mm, 150 mm, 200 mm.<br \/>\n\u25cf Material de la caja: SS304, Material del v\u00e1stago: SS304 \/ SS316<br \/>\n\u25cf Opci\u00f3n de alarma: alarma de l\u00edmite bajo, alarma de l\u00edmite alto.<br \/>\n\u25cf Tasa de contacto: 30 vatios<br \/>\n\u25cf Fuente de alimentaci\u00f3n: 24VDC \/ 380VAC<br \/>\n\u25cf Material de la conexi\u00f3n de proceso: SS304 \/ SS316<\/p>\n<p>&nbsp;<\/p>\n<p><strong>Informaci\u00f3n para pedidos:<\/strong><\/p>\n<p>\u25cf Medio medido:?<br \/>\n\u25cf Rango de temperatura:?<br \/>\n\u25cf Tama\u00f1o de la esfera: ?<br \/>\n\u25cf Di\u00e1metro del v\u00e1stago:?<br \/>\n\u25cf Conexi\u00f3n de proceso:?<br \/>\n\u25cf Longitud del tallo:?<br \/>\n\u25cf Material: ?<\/p>\n<p>&nbsp;<\/p>\n<p>&nbsp;<\/p>\n<p>&nbsp;<\/p>","protected":false},"excerpt":{"rendered":"<p>Cuando la temperatura alcanza el l\u00edmite alto o bajo preestablecido, el contacto actuar\u00e1 abierto o cerrado, lo que impulsa al rel\u00e9 a actuar en el circuito para implementar el control autom\u00e1tico y la alarma.<\/p>","protected":false},"featured_media":1698,"comment_status":"closed","ping_status":"closed","template":"","meta":[],"product_cat":[1540,1566],"product_tag":[],"acf":[],"_links":{"self":[{"href":"https:\/\/www.hginstrument.com\/es\/wp-json\/wp\/v2\/product\/1723"}],"collection":[{"href":"https:\/\/www.hginstrument.com\/es\/wp-json\/wp\/v2\/product"}],"about":[{"href":"https:\/\/www.hginstrument.com\/es\/wp-json\/wp\/v2\/types\/product"}],"replies":[{"embeddable":true,"href":"https:\/\/www.hginstrument.com\/es\/wp-json\/wp\/v2\/comments?post=1723"}],"wp:featuredmedia":[{"embeddable":true,"href":"https:\/\/www.hginstrument.com\/es\/wp-json\/wp\/v2\/media\/1698"}],"wp:attachment":[{"href":"https:\/\/www.hginstrument.com\/es\/wp-json\/wp\/v2\/media?parent=1723"}],"wp:term":[{"taxonomy":"product_cat","embeddable":true,"href":"https:\/\/www.hginstrument.com\/es\/wp-json\/wp\/v2\/product_cat?post=1723"},{"taxonomy":"product_tag","embeddable":true,"href":"https:\/\/www.hginstrument.com\/es\/wp-json\/wp\/v2\/product_tag?post=1723"}],"curies":[{"name":"wp","href":"https:\/\/api.w.org\/{rel}","templated":true}]}}