{"id":1726,"date":"2021-08-13T10:14:43","date_gmt":"2021-08-13T02:14:43","guid":{"rendered":"http:\/\/201230ip92c2.adwebcloud.com\/?post_type=product&#038;p=1726"},"modified":"2021-10-11T15:53:55","modified_gmt":"2021-10-11T07:53:55","slug":"thermowell","status":"publish","type":"product","link":"https:\/\/www.hginstrument.com\/es\/temperature-instrument\/thermowell\/","title":{"rendered":"Termopozo"},"content":{"rendered":"<p><strong>Informaci\u00f3n para pedidos:<\/strong><br \/>\n\u25cf Material mojado:?<br \/>\n\u25cf Tipo de construcci\u00f3n:?<br \/>\n\u25cf Di\u00e1metro interior:?<br \/>\n\u25cf Presi\u00f3n de proceso:?<br \/>\n\u25cf Conexi\u00f3n de proceso:?<br \/>\n\u25cf Conexi\u00f3n de instrumentos:?<br \/>\n\u25cf Longitud de inserci\u00f3n:?<\/p>\n<p>&nbsp;<\/p>\n<p>&nbsp;<\/p>\n<p>&nbsp;<\/p>\n<p>&nbsp;<\/p>","protected":false},"excerpt":{"rendered":"<p>El termopozo se utiliza para proteger la varilla de la sonda de termopar\/resistencia t\u00e9rmica y term\u00f3metros bimet\u00e1licos. Se puede utilizar para condiciones de alta presi\u00f3n y alta velocidad.<br \/>\nMaterial mojado: SS314\/ SS316<br \/>\nConexi\u00f3n a proceso: rosca \/ brida<br \/>\nLongitud de inserci\u00f3n: seg\u00fan los requisitos del cliente<\/p>","protected":false},"featured_media":1699,"comment_status":"closed","ping_status":"closed","template":"","meta":[],"product_cat":[1540,1567],"product_tag":[],"acf":[],"_links":{"self":[{"href":"https:\/\/www.hginstrument.com\/es\/wp-json\/wp\/v2\/product\/1726"}],"collection":[{"href":"https:\/\/www.hginstrument.com\/es\/wp-json\/wp\/v2\/product"}],"about":[{"href":"https:\/\/www.hginstrument.com\/es\/wp-json\/wp\/v2\/types\/product"}],"replies":[{"embeddable":true,"href":"https:\/\/www.hginstrument.com\/es\/wp-json\/wp\/v2\/comments?post=1726"}],"wp:featuredmedia":[{"embeddable":true,"href":"https:\/\/www.hginstrument.com\/es\/wp-json\/wp\/v2\/media\/1699"}],"wp:attachment":[{"href":"https:\/\/www.hginstrument.com\/es\/wp-json\/wp\/v2\/media?parent=1726"}],"wp:term":[{"taxonomy":"product_cat","embeddable":true,"href":"https:\/\/www.hginstrument.com\/es\/wp-json\/wp\/v2\/product_cat?post=1726"},{"taxonomy":"product_tag","embeddable":true,"href":"https:\/\/www.hginstrument.com\/es\/wp-json\/wp\/v2\/product_tag?post=1726"}],"curies":[{"name":"wp","href":"https:\/\/api.w.org\/{rel}","templated":true}]}}