{"id":1742,"date":"2021-08-13T11:02:52","date_gmt":"2021-08-13T03:02:52","guid":{"rendered":"http:\/\/201230ip92c2.adwebcloud.com\/?post_type=product&#038;p=1742"},"modified":"2021-10-12T14:22:09","modified_gmt":"2021-10-12T06:22:09","slug":"pr2400-paperless-recorder","status":"publish","type":"product","link":"https:\/\/www.hginstrument.com\/es\/display-instrument\/pr2400-paperless-recorder\/","title":{"rendered":"PR2400 Grabadora sin papel"},"content":{"rendered":"<p><strong>Caracter\u00edsticas:<\/strong><\/p>\n<p>\u25cf M\u00e1ximo 4 canales de entrada<br \/>\n\u25cf Acepta se\u00f1al de entrada de RTD, termopar B, S, K, E, J, R, N, T; 0-10mA, 0- 20mA, 4-20mA, 0-100mV, 0-5V, 0-10V.<br \/>\n\u25cf Por favor, especifique antes de ordenar para la entrada de la frecuencia.<br \/>\n\u25cf Comunicaci\u00f3n: RS232, RS485<br \/>\n\u25cf Salida de rel\u00e9 (opci\u00f3n), cantidad de rel\u00e9s como m\u00e1ximo 2 n\u00ba.<br \/>\n\u25cf Salida anal\u00f3gica 4-20 mA (opcional), como m\u00e1ximo unidireccional.<br \/>\n\u25cf Retroalimentaci\u00f3n de alimentaci\u00f3n de 24 VCC (opcional), como m\u00e1ximo un bucle.<br \/>\n\u25cf Fuente de alimentaci\u00f3n: 220VAC, 24VDC(opci\u00f3n), disco USB (opci\u00f3n).<br \/>\n\u25cf LCD monocolor, 2,1 pulgadas, Resoluci\u00f3n: 128 * 64 matriz de puntos<\/p>\n<p>&nbsp;<\/p>\n<p><strong>Dimensi\u00f3n:<\/strong><\/p>\n<p><img class=\"alignnone wp-image-1744 size-full\" src=\"http:\/\/www.hginstrument.com\/wp-content\/uploads\/2021\/08\/pr2400-dimension.jpg\" alt=\"dimensi\u00f3n pr2400\" width=\"443\" height=\"280\" srcset=\"https:\/\/www.hginstrument.com\/wp-content\/uploads\/2021\/08\/pr2400-dimension.jpg 443w, https:\/\/www.hginstrument.com\/wp-content\/uploads\/2021\/08\/pr2400-dimension-300x190.jpg 300w\" sizes=\"(max-width: 443px) 100vw, 443px\" \/><\/p>\n<p>&nbsp;<\/p>\n<p>&nbsp;<\/p>\n<p>&nbsp;<\/p>","protected":false},"excerpt":{"rendered":"<p>El registrador sin papel se utiliza para recopilar datos medidos de los instrumentos de medici\u00f3n del campo industrial, como la temperatura, la presi\u00f3n, el caudal, el nivel de l\u00edquido, la tensi\u00f3n, la corriente, la humedad, la frecuencia, la vibraci\u00f3n, la velocidad, etc. El registrador sin papel tiene las caracter\u00edsticas de registro sin papel, buen rendimiento en tiempo real, alta precisi\u00f3n, con funciones de comunicaci\u00f3n, consulta e inteligentes. Las principales aplicaciones son: metalurgia, petr\u00f3leo, qu\u00edmica, materiales de construcci\u00f3n, papel, alimentos, farmac\u00e9utica, universidades, investigaci\u00f3n biol\u00f3gica, tratamiento t\u00e9rmico, tratamiento de agua y otros sitios industriales y una variedad de escenarios de aplicaci\u00f3n inteligente IOT.<\/p>","protected":false},"featured_media":1732,"comment_status":"closed","ping_status":"closed","template":"","meta":[],"product_cat":[1571,1576],"product_tag":[],"acf":[],"_links":{"self":[{"href":"https:\/\/www.hginstrument.com\/es\/wp-json\/wp\/v2\/product\/1742"}],"collection":[{"href":"https:\/\/www.hginstrument.com\/es\/wp-json\/wp\/v2\/product"}],"about":[{"href":"https:\/\/www.hginstrument.com\/es\/wp-json\/wp\/v2\/types\/product"}],"replies":[{"embeddable":true,"href":"https:\/\/www.hginstrument.com\/es\/wp-json\/wp\/v2\/comments?post=1742"}],"wp:featuredmedia":[{"embeddable":true,"href":"https:\/\/www.hginstrument.com\/es\/wp-json\/wp\/v2\/media\/1732"}],"wp:attachment":[{"href":"https:\/\/www.hginstrument.com\/es\/wp-json\/wp\/v2\/media?parent=1742"}],"wp:term":[{"taxonomy":"product_cat","embeddable":true,"href":"https:\/\/www.hginstrument.com\/es\/wp-json\/wp\/v2\/product_cat?post=1742"},{"taxonomy":"product_tag","embeddable":true,"href":"https:\/\/www.hginstrument.com\/es\/wp-json\/wp\/v2\/product_tag?post=1742"}],"curies":[{"name":"wp","href":"https:\/\/api.w.org\/{rel}","templated":true}]}}