{"id":1746,"date":"2021-08-13T11:16:26","date_gmt":"2021-08-13T03:16:26","guid":{"rendered":"http:\/\/201230ip92c2.adwebcloud.com\/?post_type=product&#038;p=1746"},"modified":"2021-10-12T14:22:47","modified_gmt":"2021-10-12T06:22:47","slug":"pr5100-paperless-recorder","status":"publish","type":"product","link":"https:\/\/www.hginstrument.com\/es\/display-instrument\/pr5100-paperless-recorder\/","title":{"rendered":"PR5100 Grabadora sin papel"},"content":{"rendered":"<p><strong>Caracter\u00edsticas:<\/strong><\/p>\n<p>\u25cf Monochrome LCD, 16 Input channels at most<br \/>\n\u25cf Accept input signal of RTD, thermocouple B, S, K, E, J, R, N, T; 0-10mA, 0-20mA, 4-20mA, 0-100mV, 0-5V, 0-10V<br \/>\n\u25cf Por favor, especifique antes de ordenar para la entrada de la frecuencia.<br \/>\n\u25cf Communication: RS232, RS485, Ethernet<br \/>\n\u25cf Relay output (option), relay quantity at most 12 No.s<br \/>\n\u25cf Input channel QTY + relay QTY\u226424<br \/>\n\u25cf Analog output 4-20mA (option), at most 4-way<br \/>\n\u25cf 24VDC power feedback (option), at most 4 loops<br \/>\n\u25cf Power supply: 220VAC, 24VDC (option), USB disk ( option )<br \/>\n\u25cf Monocolor LCD (PR5100), Color LCD (PR6100)<br \/>\n\u25cf 5.6 inch, Resolution: 320 * 240 dot-matrix<\/p>\n<p>&nbsp;<\/p>\n<p><strong>Dimensi\u00f3n:<\/strong><\/p>\n<p><img class=\"alignnone wp-image-1748 size-full\" src=\"http:\/\/www.hginstrument.com\/wp-content\/uploads\/2021\/08\/pr5100-dimension.jpg\" alt=\"pr5100 dimension\" width=\"469\" height=\"398\" srcset=\"https:\/\/www.hginstrument.com\/wp-content\/uploads\/2021\/08\/pr5100-dimension.jpg 469w, https:\/\/www.hginstrument.com\/wp-content\/uploads\/2021\/08\/pr5100-dimension-300x255.jpg 300w\" sizes=\"(max-width: 469px) 100vw, 469px\" \/><\/p>\n<p>&nbsp;<\/p>\n<p>&nbsp;<\/p>\n<p>&nbsp;<\/p>","protected":false},"excerpt":{"rendered":"<p>El registrador sin papel se utiliza para recopilar datos medidos de los instrumentos de medici\u00f3n del campo industrial, como la temperatura, la presi\u00f3n, el caudal, el nivel de l\u00edquido, la tensi\u00f3n, la corriente, la humedad, la frecuencia, la vibraci\u00f3n, la velocidad, etc. El registrador sin papel tiene las caracter\u00edsticas de registro sin papel, buen rendimiento en tiempo real, alta precisi\u00f3n, con funciones de comunicaci\u00f3n, consulta e inteligentes. Las principales aplicaciones son: metalurgia, petr\u00f3leo, qu\u00edmica, materiales de construcci\u00f3n, papel, alimentos, farmac\u00e9utica, universidades, investigaci\u00f3n biol\u00f3gica, tratamiento t\u00e9rmico, tratamiento de agua y otros sitios industriales y una variedad de escenarios de aplicaci\u00f3n inteligente IOT.<\/p>","protected":false},"featured_media":1737,"comment_status":"closed","ping_status":"closed","template":"","meta":[],"product_cat":[1571,1577],"product_tag":[],"acf":[],"_links":{"self":[{"href":"https:\/\/www.hginstrument.com\/es\/wp-json\/wp\/v2\/product\/1746"}],"collection":[{"href":"https:\/\/www.hginstrument.com\/es\/wp-json\/wp\/v2\/product"}],"about":[{"href":"https:\/\/www.hginstrument.com\/es\/wp-json\/wp\/v2\/types\/product"}],"replies":[{"embeddable":true,"href":"https:\/\/www.hginstrument.com\/es\/wp-json\/wp\/v2\/comments?post=1746"}],"wp:featuredmedia":[{"embeddable":true,"href":"https:\/\/www.hginstrument.com\/es\/wp-json\/wp\/v2\/media\/1737"}],"wp:attachment":[{"href":"https:\/\/www.hginstrument.com\/es\/wp-json\/wp\/v2\/media?parent=1746"}],"wp:term":[{"taxonomy":"product_cat","embeddable":true,"href":"https:\/\/www.hginstrument.com\/es\/wp-json\/wp\/v2\/product_cat?post=1746"},{"taxonomy":"product_tag","embeddable":true,"href":"https:\/\/www.hginstrument.com\/es\/wp-json\/wp\/v2\/product_tag?post=1746"}],"curies":[{"name":"wp","href":"https:\/\/api.w.org\/{rel}","templated":true}]}}