{"id":1753,"date":"2021-08-13T14:02:44","date_gmt":"2021-08-13T06:02:44","guid":{"rendered":"http:\/\/201230ip92c2.adwebcloud.com\/?post_type=product&#038;p=1753"},"modified":"2021-10-12T14:24:03","modified_gmt":"2021-10-12T06:24:03","slug":"pr8100-paperless-recorder","status":"publish","type":"product","link":"https:\/\/www.hginstrument.com\/es\/display-instrument\/pr8100-paperless-recorder\/","title":{"rendered":"PR8100 Grabadora sin papel"},"content":{"rendered":"<p><strong>Caracter\u00edsticas:<\/strong><\/p>\n<p><strong>&lt; 1 &gt; System<\/strong><br \/>\n\u25cf Using the latest large-scale integrated circuit<br \/>\n\u25cf Using high-speed &amp; high-performance 32-bit ARM microprocessor<br \/>\n\u25cf 10.4 inch 640x 480 dot-matrix TFT high brightness and color graphic LCD, CCFL backlight, clear picture, brilliant color, and wide viewing angles.<br \/>\n\u25cf Fully isolated universal input, which can input a variety of signals. It can be configured by software without jumper.<br \/>\n\u25cf New switching power supply, which can function properly within the range of 85VAC ~ 265 VAC.<br \/>\n\u25cf Integrated hardware real -time clock, which can run accurately in case of power down.<br \/>\n\u25cf Provide isolated 24VDC power distribution for transmitter.<br \/>\n\u25cf Large capacity storage of FLASH memory chips to store historical data, which will never lose data in case of power-down.<br \/>\n\u25cf 24-way relay alarm output.<\/p>\n<p><strong>&lt; 2 &gt; Signal<\/strong><br \/>\n\u25cf You can input a variety of standard signals: standard current, standard voltage, frequency, millivolt, thermocouple, thermal resistance.<br \/>\n\u25cf\u00a0Signal full- scale accuracy: \u00b1 0.2%.<br \/>\n\u25cf\u00a0Optoelectronic devices are used between channels and they are completely isolated.<br \/>\n\u25cf\u00a0Providing standard 4-20mA for transmitter output.<\/p>\n<p><strong>&lt; 3 &gt; Software<\/strong><br \/>\n\u25cf\u00a0Use password to protect configuration data.<br \/>\n\u25cf\u00a0Easy menu configuration. It can configure freely and display the engineering tag number and engineering units.<br \/>\n\u25cf\u00a0Engineering quantities display wide range of values. It can show five digits: -9999~ 19999, and it also supports the display of vacuum scientific notation.<br \/>\n\u25cf\u00a0Indicate the low low limit alarm, low limit alarm, high limit alarm, high high limit alarm of all channel simultaneously. It can record up to recent 15 alarms.<br \/>\n\u25cf Each channel all supports flow accumulation function, and provides hourly report, 8-hour shift report, 12-hour shift report, daily and monthly reports and other reports.<br \/>\n\u25cf Trend display mode can select horizontal trend or vertical trend.<br \/>\n\u25cf 5 groups of trend combination are provided, and each group can be free to choose channel, free and the color of trends.<br \/>\n\u25cf\u00a0It has a powerful T6 input method which is easy to operate. It supports numbers, characters, special symbols, subscripts and superscripts input, etc.<\/p>\n<p><strong>&lt; 4 &gt; Communication<\/strong><br \/>\n\u25cf Standard serial communication interface: RS-485 or RS-232C.<br \/>\n\u25cf It supports the standard Modbus-RTU communication protocol, providing a variety of data types, such as the percentage, engineering quantities, accumulation and so on. In addition to supporting our company&#8217;s data management software, it also supports some popular professional configuration software, such as the iFIX, MCGS, etc.<br \/>\n\u25cf Use USB2.0 interface for transfer storage and backup of history records. It can support maximum 8G USB flash drives.<br \/>\n\u25cf It supports the FAT32 file system. Windows can automatically identify the backup data files without format conversion.<br \/>\n\u25cf It can connect with an external micro-printer, so you can manually print data and trends, and automatically print real-time on a regular basis to meet the needs of the user to print on the filed.<\/p>\n<p><strong>Dimensi\u00f3n:<\/strong><\/p>\n<p><img class=\"alignnone wp-image-1755\" src=\"http:\/\/www.hginstrument.com\/wp-content\/uploads\/2021\/08\/pr8100-dimension.jpg\" alt=\"pr8100 dimension\" width=\"655\" height=\"573\" srcset=\"https:\/\/www.hginstrument.com\/wp-content\/uploads\/2021\/08\/pr8100-dimension.jpg 875w, https:\/\/www.hginstrument.com\/wp-content\/uploads\/2021\/08\/pr8100-dimension-300x262.jpg 300w, https:\/\/www.hginstrument.com\/wp-content\/uploads\/2021\/08\/pr8100-dimension-768x671.jpg 768w, https:\/\/www.hginstrument.com\/wp-content\/uploads\/2021\/08\/pr8100-dimension-600x525.jpg 600w\" sizes=\"(max-width: 655px) 100vw, 655px\" \/><\/p>\n<p>&nbsp;<\/p>\n<p>&nbsp;<\/p>\n<p>&nbsp;<\/p>\n<p>&nbsp;<\/p>","protected":false},"excerpt":{"rendered":"<p>El registrador sin papel se utiliza para recopilar datos medidos de los instrumentos de medici\u00f3n del campo industrial, como la temperatura, la presi\u00f3n, el caudal, el nivel de l\u00edquido, la tensi\u00f3n, la corriente, la humedad, la frecuencia, la vibraci\u00f3n, la velocidad, etc. El registrador sin papel tiene las caracter\u00edsticas de registro sin papel, buen rendimiento en tiempo real, alta precisi\u00f3n, con funciones de comunicaci\u00f3n, consulta e inteligentes. Las principales aplicaciones son: metalurgia, petr\u00f3leo, qu\u00edmica, materiales de construcci\u00f3n, papel, alimentos, farmac\u00e9utica, universidades, investigaci\u00f3n biol\u00f3gica, tratamiento t\u00e9rmico, tratamiento de agua y otros sitios industriales y una variedad de escenarios de aplicaci\u00f3n inteligente IOT.<\/p>","protected":false},"featured_media":1740,"comment_status":"closed","ping_status":"closed","template":"","meta":[],"product_cat":[1571,1579],"product_tag":[],"acf":[],"_links":{"self":[{"href":"https:\/\/www.hginstrument.com\/es\/wp-json\/wp\/v2\/product\/1753"}],"collection":[{"href":"https:\/\/www.hginstrument.com\/es\/wp-json\/wp\/v2\/product"}],"about":[{"href":"https:\/\/www.hginstrument.com\/es\/wp-json\/wp\/v2\/types\/product"}],"replies":[{"embeddable":true,"href":"https:\/\/www.hginstrument.com\/es\/wp-json\/wp\/v2\/comments?post=1753"}],"wp:featuredmedia":[{"embeddable":true,"href":"https:\/\/www.hginstrument.com\/es\/wp-json\/wp\/v2\/media\/1740"}],"wp:attachment":[{"href":"https:\/\/www.hginstrument.com\/es\/wp-json\/wp\/v2\/media?parent=1753"}],"wp:term":[{"taxonomy":"product_cat","embeddable":true,"href":"https:\/\/www.hginstrument.com\/es\/wp-json\/wp\/v2\/product_cat?post=1753"},{"taxonomy":"product_tag","embeddable":true,"href":"https:\/\/www.hginstrument.com\/es\/wp-json\/wp\/v2\/product_tag?post=1753"}],"curies":[{"name":"wp","href":"https:\/\/api.w.org\/{rel}","templated":true}]}}