{"id":1801,"date":"2021-08-18T16:35:23","date_gmt":"2021-08-18T08:35:23","guid":{"rendered":"http:\/\/201230ip92c2.adwebcloud.com\/?post_type=product&#038;p=1801"},"modified":"2021-10-12T14:36:07","modified_gmt":"2021-10-12T06:36:07","slug":"hgs-c-insertion-mounting-bracket-for-electrode","status":"publish","type":"product","link":"https:\/\/www.hginstrument.com\/es\/hgs-c-insertion-type-mounting-bracket-for-electrode\/hgs-c-insertion-mounting-bracket-for-electrode\/","title":{"rendered":"Soporte de montaje de inserci\u00f3n para electrodo HGS-C"},"content":{"rendered":"<p><strong> Aspecto y dimensiones (para el soporte de acero inoxidable):<\/strong><\/p>\n<p><img class=\"alignnone wp-image-1915 size-full\" src=\"http:\/\/www.hginstrument.com\/wp-content\/uploads\/2021\/08\/hgs-c-04.jpg\" alt=\"hgs c 04\" width=\"716\" height=\"415\" \/><\/p>\n<p>&nbsp;<\/p>\n<p><strong>Aspecto y dimensiones (para el soporte de pl\u00e1stico):<\/strong><\/p>\n<p><img class=\"alignnone wp-image-1916 size-full\" src=\"http:\/\/www.hginstrument.com\/wp-content\/uploads\/2021\/08\/hgs-c-05.jpg\" alt=\"hgs c 05\" width=\"709\" height=\"515\" srcset=\"https:\/\/www.hginstrument.com\/wp-content\/uploads\/2021\/08\/hgs-c-05.jpg 709w, https:\/\/www.hginstrument.com\/wp-content\/uploads\/2021\/08\/hgs-c-05-300x218.jpg 300w, https:\/\/www.hginstrument.com\/wp-content\/uploads\/2021\/08\/hgs-c-05-600x436.jpg 600w\" sizes=\"(max-width: 709px) 100vw, 709px\" \/><\/p>\n<p>&nbsp;<\/p>\n<p><strong>Aspecto y dimensiones ( para el soporte con dispositivo de descarga ):<\/strong><\/p>\n<p><img class=\"alignnone wp-image-1917 size-full\" src=\"http:\/\/www.hginstrument.com\/wp-content\/uploads\/2021\/08\/hgs-c-06.jpg\" alt=\"hgs c 06\" width=\"626\" height=\"473\" srcset=\"https:\/\/www.hginstrument.com\/wp-content\/uploads\/2021\/08\/hgs-c-06.jpg 626w, https:\/\/www.hginstrument.com\/wp-content\/uploads\/2021\/08\/hgs-c-06-300x227.jpg 300w, https:\/\/www.hginstrument.com\/wp-content\/uploads\/2021\/08\/hgs-c-06-600x453.jpg 600w\" sizes=\"(max-width: 626px) 100vw, 626px\" \/><\/p>\n<p>&nbsp;<\/p>\n<p><strong>Esquema de montaje:<\/strong><\/p>\n<p><img class=\"alignnone wp-image-1918 size-full\" src=\"http:\/\/www.hginstrument.com\/wp-content\/uploads\/2021\/08\/hgs-c-mounting.jpg\" alt=\"hgs c montaje\" width=\"653\" height=\"366\" srcset=\"https:\/\/www.hginstrument.com\/wp-content\/uploads\/2021\/08\/hgs-c-mounting.jpg 653w, https:\/\/www.hginstrument.com\/wp-content\/uploads\/2021\/08\/hgs-c-mounting-300x168.jpg 300w, https:\/\/www.hginstrument.com\/wp-content\/uploads\/2021\/08\/hgs-c-mounting-600x336.jpg 600w\" sizes=\"(max-width: 653px) 100vw, 653px\" \/><\/p>\n<p>&nbsp;<\/p>\n<p><strong>Enchufe de soldadura ( se utiliza para que coincida con los soportes que la conexi\u00f3n de proceso es la rosca ):<\/strong><\/p>\n<p><img class=\"alignnone wp-image-1919 size-full\" src=\"http:\/\/www.hginstrument.com\/wp-content\/uploads\/2021\/08\/hgs-c-socket.jpg\" alt=\"enchufe hgs c\" width=\"601\" height=\"365\" srcset=\"https:\/\/www.hginstrument.com\/wp-content\/uploads\/2021\/08\/hgs-c-socket.jpg 601w, https:\/\/www.hginstrument.com\/wp-content\/uploads\/2021\/08\/hgs-c-socket-300x182.jpg 300w, https:\/\/www.hginstrument.com\/wp-content\/uploads\/2021\/08\/hgs-c-socket-600x364.jpg 600w\" sizes=\"(max-width: 601px) 100vw, 601px\" \/><\/p>\n<p>&nbsp;<\/p>\n<p><strong>El siguiente es el caso de aplicaci\u00f3n del soporte de electrodo en acero inoxidable, la conexi\u00f3n de proceso es roscada<\/strong><\/p>\n<p><img class=\"alignnone wp-image-1807 size-full\" src=\"http:\/\/www.hginstrument.com\/wp-content\/uploads\/2021\/08\/hgs-c-bracket-structure.jpg\" alt=\"estructura del soporte hgs c\" width=\"472\" height=\"266\" srcset=\"https:\/\/www.hginstrument.com\/wp-content\/uploads\/2021\/08\/hgs-c-bracket-structure.jpg 472w, https:\/\/www.hginstrument.com\/wp-content\/uploads\/2021\/08\/hgs-c-bracket-structure-300x169.jpg 300w\" sizes=\"(max-width: 472px) 100vw, 472px\" \/><\/p>\n<p>1. Vaina del electrodo, 2. Tuerca de uni\u00f3n, 3. varilla de soporte, 4. casquillo de soldadura, 5. V\u00e1lvula de bola, 6. Extremo de salida de la calbe del electrodo<\/p>\n<p><strong>Paso de instalaci\u00f3n:<\/strong><br \/>\n1. Afloje el enchufe de la v\u00e1lvula de bola<br \/>\n2. Soldar la toma en el tanque \/ tuber\u00eda<br \/>\n3. Afloje la tuerca de uni\u00f3n, retire la vaina del electrodo<br \/>\n4. Hacer pasar el cable del electrodo por la vaina del electrodo<br \/>\n5. Enrosque el electrodo en la vaina del electrodo<br \/>\n6. Haga que el cable del electrodo pase por la tuerca de uni\u00f3n, la varilla del soporte y salga por el extremo de salida del cable del electrodo.<br \/>\n7. Fijaci\u00f3n de la tuerca de uni\u00f3n<br \/>\n8. Inserte la varilla del soporte en el z\u00f3calo<br \/>\n9. Enrosque la v\u00e1lvula de bola en el saocket<\/p>\n<p>&nbsp;<\/p>\n<p>&nbsp;<\/p>","protected":false},"excerpt":{"rendered":"<p>El soporte de montaje tipo inserci\u00f3n HGS-C est\u00e1 equipado con v\u00e1lvula de bola On-Off, el usuario puede instalar y extraer el electrodo durante el proceso en marcha, sin necesidad de vaciar el contenedor, especialmente aplicable para el mantenimiento frecuente del electrodo. Este tipo de soporte se puede instalar en el reactor, tanque o tuber\u00eda.<\/p>","protected":false},"featured_media":1914,"comment_status":"closed","ping_status":"closed","template":"","meta":[],"product_cat":[1641,1756],"product_tag":[],"acf":[],"_links":{"self":[{"href":"https:\/\/www.hginstrument.com\/es\/wp-json\/wp\/v2\/product\/1801"}],"collection":[{"href":"https:\/\/www.hginstrument.com\/es\/wp-json\/wp\/v2\/product"}],"about":[{"href":"https:\/\/www.hginstrument.com\/es\/wp-json\/wp\/v2\/types\/product"}],"replies":[{"embeddable":true,"href":"https:\/\/www.hginstrument.com\/es\/wp-json\/wp\/v2\/comments?post=1801"}],"wp:featuredmedia":[{"embeddable":true,"href":"https:\/\/www.hginstrument.com\/es\/wp-json\/wp\/v2\/media\/1914"}],"wp:attachment":[{"href":"https:\/\/www.hginstrument.com\/es\/wp-json\/wp\/v2\/media?parent=1801"}],"wp:term":[{"taxonomy":"product_cat","embeddable":true,"href":"https:\/\/www.hginstrument.com\/es\/wp-json\/wp\/v2\/product_cat?post=1801"},{"taxonomy":"product_tag","embeddable":true,"href":"https:\/\/www.hginstrument.com\/es\/wp-json\/wp\/v2\/product_tag?post=1801"}],"curies":[{"name":"wp","href":"https:\/\/api.w.org\/{rel}","templated":true}]}}