{"id":1846,"date":"2021-08-20T17:01:07","date_gmt":"2021-08-20T09:01:07","guid":{"rendered":"http:\/\/201230ip92c2.adwebcloud.com\/?post_type=product&#038;p=1846"},"modified":"2021-10-11T16:17:29","modified_gmt":"2021-10-11T08:17:29","slug":"hg127-conductivity-meter-explosion-proof","status":"publish","type":"product","link":"https:\/\/www.hginstrument.com\/es\/analysis-instrument\/hg127-conductivity-meter-explosion-proof\/","title":{"rendered":"HG127 Conductiv\u00edmetro (A prueba de explosiones )"},"content":{"rendered":"<p><strong>Datos t\u00e9cnicos:\u00a0<\/strong><\/p>\n<table width=\"776\">\n<tbody>\n<tr>\n<td style=\"background-color: #d8d8d8;\" width=\"302\">Rango de medici\u00f3n<\/td>\n<td width=\"474\">0,01\u03bcS\/cm ~ 2 S\/cm<\/td>\n<\/tr>\n<tr>\n<td style=\"background-color: #d8d8d8;\" width=\"302\">Rango de compensaci\u00f3n autom\u00e1tica de temperatura<\/td>\n<td>0 ~ 100.0 \u2103, base de 25 \u2103<\/td>\n<\/tr>\n<tr>\n<td style=\"background-color: #d8d8d8;\" width=\"302\">Precisi\u00f3n<\/td>\n<td>Conductividad \u00b1 0,5%FS, Temperatura: \u00b10,3\u2103<\/td>\n<\/tr>\n<tr>\n<td style=\"background-color: #d8d8d8;\" width=\"302\">Error de repetibilidad<\/td>\n<td>\u00b1 0,2% FS \u00b1 un car\u00e1cter<\/td>\n<\/tr>\n<tr>\n<td style=\"background-color: #d8d8d8;\" width=\"302\">Error de compensaci\u00f3n autom\u00e1tica de temperatura<\/td>\n<td>\u00b1 0,5% FS<\/td>\n<\/tr>\n<tr>\n<td style=\"background-color: #d8d8d8;\" width=\"302\">Error b\u00e1sico del instrumento<\/td>\n<td>Conductividad \u00b1 1,0%FS, Temperatura: \u00b10,5\u2103<\/td>\n<\/tr>\n<tr>\n<td style=\"background-color: #d8d8d8;\" width=\"302\">Muestras de agua medidas<\/td>\n<td>0 ~ 100,0 \u2103, sobre la base de 0,6 Mpa<\/td>\n<\/tr>\n<tr>\n<td style=\"background-color: #d8d8d8;\" width=\"302\">Error de salida de corriente<\/td>\n<td>\u2264 \u00b1 0,5% FS<\/td>\n<\/tr>\n<tr>\n<td style=\"background-color: #d8d8d8;\" width=\"302\">Salida aislada de corriente<\/td>\n<td width=\"474\">4 ~ 20 mA; La entrada, la salida y la fuente de alimentaci\u00f3n est\u00e1n aisladas (la fuente de alimentaci\u00f3n debe conectarse con una barrera de seguridad )<\/td>\n<\/tr>\n<tr>\n<td style=\"background-color: #d8d8d8;\">Comunicaci\u00f3n<\/td>\n<td width=\"474\">RS485, HART (opcional)<\/td>\n<\/tr>\n<tr>\n<td style=\"background-color: #d8d8d8;\">Alimentaci\u00f3n<\/td>\n<td width=\"474\">24 V CC \u00b12,4 V<\/td>\n<\/tr>\n<tr>\n<td style=\"background-color: #d8d8d8;\">Resistente a la intemperie<\/td>\n<td>IP67<\/td>\n<\/tr>\n<tr>\n<td style=\"background-color: #d8d8d8;\">Condiciones ambientales<\/td>\n<td>Temperatura ambiente: 0 ~ 60\u2103; Humedad relativa: &lt; 85%RH<\/td>\n<\/tr>\n<tr>\n<td style=\"background-color: #d8d8d8;\">A prueba de explosiones<\/td>\n<td>Exia IICT6 Ga<\/td>\n<\/tr>\n<tr>\n<td style=\"background-color: #d8d8d8;\">Par\u00e1metros de seguridad intr\u00ednseca<\/td>\n<td>Ui = 28VDC, Ii = 93 mA, Pi = 0,65 W, Ci = 0,044 \u03bcF, Li = 0 mH<\/td>\n<\/tr>\n<\/tbody>\n<\/table>\n<p>&nbsp;<\/p>\n<p><strong style=\"font-size: 16px;\">Dimensi\u00f3n:<\/strong><\/p>\n<p><img class=\"alignnone wp-image-1841 size-full\" src=\"http:\/\/www.hginstrument.com\/wp-content\/uploads\/2021\/08\/hg127-dimension.jpg\" alt=\"dimensi\u00f3n hg127\" width=\"784\" height=\"473\" srcset=\"https:\/\/www.hginstrument.com\/wp-content\/uploads\/2021\/08\/hg127-dimension.jpg 784w, https:\/\/www.hginstrument.com\/wp-content\/uploads\/2021\/08\/hg127-dimension-300x181.jpg 300w, https:\/\/www.hginstrument.com\/wp-content\/uploads\/2021\/08\/hg127-dimension-768x463.jpg 768w, https:\/\/www.hginstrument.com\/wp-content\/uploads\/2021\/08\/hg127-dimension-600x362.jpg 600w\" sizes=\"(max-width: 784px) 100vw, 784px\" \/><\/p>\n<p>&nbsp;<\/p>\n<p><strong>Terminales de cableado:<\/strong><\/p>\n<p><img class=\"alignnone wp-image-1839 size-full\" src=\"http:\/\/www.hginstrument.com\/wp-content\/uploads\/2021\/08\/hg127-wire-terminal.jpg\" alt=\"terminal de cable hg127\" width=\"926\" height=\"196\" srcset=\"https:\/\/www.hginstrument.com\/wp-content\/uploads\/2021\/08\/hg127-wire-terminal.jpg 926w, https:\/\/www.hginstrument.com\/wp-content\/uploads\/2021\/08\/hg127-wire-terminal-300x63.jpg 300w, https:\/\/www.hginstrument.com\/wp-content\/uploads\/2021\/08\/hg127-wire-terminal-768x163.jpg 768w, https:\/\/www.hginstrument.com\/wp-content\/uploads\/2021\/08\/hg127-wire-terminal-600x127.jpg 600w\" sizes=\"(max-width: 926px) 100vw, 926px\" \/><\/p>\n<p>&nbsp;<\/p>\n<p>&nbsp;<\/p>\n<p>&nbsp;<\/p>","protected":false},"excerpt":{"rendered":"<p>HG127 medidor de conductividad en l\u00ednea se utiliza para que coincida con electrodo de conductividad para medir continuamente la conductividad del l\u00edquido, en la pantalla LCD.<\/p>","protected":false},"featured_media":1840,"comment_status":"closed","ping_status":"closed","template":"","meta":[],"product_cat":[1600,1715],"product_tag":[],"acf":[],"_links":{"self":[{"href":"https:\/\/www.hginstrument.com\/es\/wp-json\/wp\/v2\/product\/1846"}],"collection":[{"href":"https:\/\/www.hginstrument.com\/es\/wp-json\/wp\/v2\/product"}],"about":[{"href":"https:\/\/www.hginstrument.com\/es\/wp-json\/wp\/v2\/types\/product"}],"replies":[{"embeddable":true,"href":"https:\/\/www.hginstrument.com\/es\/wp-json\/wp\/v2\/comments?post=1846"}],"wp:featuredmedia":[{"embeddable":true,"href":"https:\/\/www.hginstrument.com\/es\/wp-json\/wp\/v2\/media\/1840"}],"wp:attachment":[{"href":"https:\/\/www.hginstrument.com\/es\/wp-json\/wp\/v2\/media?parent=1846"}],"wp:term":[{"taxonomy":"product_cat","embeddable":true,"href":"https:\/\/www.hginstrument.com\/es\/wp-json\/wp\/v2\/product_cat?post=1846"},{"taxonomy":"product_tag","embeddable":true,"href":"https:\/\/www.hginstrument.com\/es\/wp-json\/wp\/v2\/product_tag?post=1846"}],"curies":[{"name":"wp","href":"https:\/\/api.w.org\/{rel}","templated":true}]}}