{"id":2000,"date":"2021-09-02T17:21:07","date_gmt":"2021-09-02T09:21:07","guid":{"rendered":"http:\/\/201230ip92c2.adwebcloud.com\/?post_type=product&#038;p=2000"},"modified":"2021-10-12T10:09:34","modified_gmt":"2021-10-12T02:09:34","slug":"hg-pptb-pneumatic-pressure-test-bench","status":"publish","type":"product","link":"https:\/\/www.hginstrument.com\/es\/calibration-instrument\/hg-pptb-pneumatic-pressure-test-bench\/","title":{"rendered":"HG-PPTB Banco de pruebas de presi\u00f3n neum\u00e1tica"},"content":{"rendered":"<p><strong>Datos t\u00e9cnicos:<\/strong><\/p>\n<p>\u25cf Pressure sourcing range:\u00a0 \u00a0&#8211; 95 Kpa ~ 2.5 Mpa<br \/>\n\u25cf Minimum regulation of Fine tuning:\u00a0 \u00a00.01 Kpa<\/p>\n<p>&nbsp;<\/p>\n<p><strong>Structure Introduction:<\/strong><\/p>\n<p><img class=\"alignnone wp-image-1996 size-full\" src=\"http:\/\/www.hginstrument.com\/wp-content\/uploads\/2021\/09\/hg-pptb-02.jpg\" alt=\"hg pptb 02\" width=\"585\" height=\"481\" \/><\/p>\n<p>Pull out the switch valve, use the pump to produce positive pressure;\u00a0 \u00a0press down the switch valve, use the pump to produce negative pressure.<\/p>\n<p>&nbsp;<\/p>\n<p>&nbsp;<\/p>\n<p>&nbsp;<\/p>","protected":false},"excerpt":{"rendered":"<p>HG-PPTB Pneumatic pressure test bench is used for producing pressure to calibrate pressure instruments<\/p>","protected":false},"featured_media":1995,"comment_status":"closed","ping_status":"closed","template":"","meta":[],"product_cat":[1806,1871],"product_tag":[],"acf":[],"_links":{"self":[{"href":"https:\/\/www.hginstrument.com\/es\/wp-json\/wp\/v2\/product\/2000"}],"collection":[{"href":"https:\/\/www.hginstrument.com\/es\/wp-json\/wp\/v2\/product"}],"about":[{"href":"https:\/\/www.hginstrument.com\/es\/wp-json\/wp\/v2\/types\/product"}],"replies":[{"embeddable":true,"href":"https:\/\/www.hginstrument.com\/es\/wp-json\/wp\/v2\/comments?post=2000"}],"wp:featuredmedia":[{"embeddable":true,"href":"https:\/\/www.hginstrument.com\/es\/wp-json\/wp\/v2\/media\/1995"}],"wp:attachment":[{"href":"https:\/\/www.hginstrument.com\/es\/wp-json\/wp\/v2\/media?parent=2000"}],"wp:term":[{"taxonomy":"product_cat","embeddable":true,"href":"https:\/\/www.hginstrument.com\/es\/wp-json\/wp\/v2\/product_cat?post=2000"},{"taxonomy":"product_tag","embeddable":true,"href":"https:\/\/www.hginstrument.com\/es\/wp-json\/wp\/v2\/product_tag?post=2000"}],"curies":[{"name":"wp","href":"https:\/\/api.w.org\/{rel}","templated":true}]}}