{"id":2002,"date":"2021-09-02T17:29:08","date_gmt":"2021-09-02T09:29:08","guid":{"rendered":"http:\/\/201230ip92c2.adwebcloud.com\/?post_type=product&#038;p=2002"},"modified":"2021-10-12T14:47:41","modified_gmt":"2021-10-12T06:47:41","slug":"hg-cptb-compound-pressure-test-bench","status":"publish","type":"product","link":"https:\/\/www.hginstrument.com\/es\/calibration-instrument\/hg-cptb-compound-pressure-test-bench\/","title":{"rendered":"HG-CPTB Banco de pruebas de presi\u00f3n de compuestos"},"content":{"rendered":"<p><strong>Datos t\u00e9cnicos:<\/strong><\/p>\n<p>\u25cf Integradas dos bombas de presi\u00f3n, una neum\u00e1tica y otra hidr\u00e1ulica.<br \/>\n\u25cf Rango de abastecimiento de presi\u00f3n de la bomba neum\u00e1tica: -95 Kpa ~ 2,5 Mpa.<br \/>\n\u25cf Regulaci\u00f3n m\u00ednima del ajuste fino de la bomba neum\u00e1tica: 0,01 Kpa.<br \/>\n\u25cf Rango de abastecimiento de presi\u00f3n de la bomba hidr\u00e1ulica: 0 ~ 60 Mpa<br \/>\n\u25cf Regulaci\u00f3n m\u00ednima del ajuste fino de la bomba hidr\u00e1ulica: 0,001 Mpa.<\/p>\n<p>&nbsp;<\/p>\n<p>&nbsp;<\/p>\n<p>&nbsp;<\/p>\n<p>&nbsp;<\/p>","protected":false},"excerpt":{"rendered":"<p>HG-CPTB El banco de pruebas de presi\u00f3n de tipo compuesto se utiliza para producir presi\u00f3n para calibrar instrumentos de presi\u00f3n.<\/p>","protected":false},"featured_media":1997,"comment_status":"closed","ping_status":"closed","template":"","meta":[],"product_cat":[1806,1872],"product_tag":[],"acf":[],"_links":{"self":[{"href":"https:\/\/www.hginstrument.com\/es\/wp-json\/wp\/v2\/product\/2002"}],"collection":[{"href":"https:\/\/www.hginstrument.com\/es\/wp-json\/wp\/v2\/product"}],"about":[{"href":"https:\/\/www.hginstrument.com\/es\/wp-json\/wp\/v2\/types\/product"}],"replies":[{"embeddable":true,"href":"https:\/\/www.hginstrument.com\/es\/wp-json\/wp\/v2\/comments?post=2002"}],"wp:featuredmedia":[{"embeddable":true,"href":"https:\/\/www.hginstrument.com\/es\/wp-json\/wp\/v2\/media\/1997"}],"wp:attachment":[{"href":"https:\/\/www.hginstrument.com\/es\/wp-json\/wp\/v2\/media?parent=2002"}],"wp:term":[{"taxonomy":"product_cat","embeddable":true,"href":"https:\/\/www.hginstrument.com\/es\/wp-json\/wp\/v2\/product_cat?post=2002"},{"taxonomy":"product_tag","embeddable":true,"href":"https:\/\/www.hginstrument.com\/es\/wp-json\/wp\/v2\/product_tag?post=2002"}],"curies":[{"name":"wp","href":"https:\/\/api.w.org\/{rel}","templated":true}]}}