{"id":2020,"date":"2021-09-06T17:06:09","date_gmt":"2021-09-06T09:06:09","guid":{"rendered":"http:\/\/201230ip92c2.adwebcloud.com\/?post_type=product&#038;p=2020"},"modified":"2021-10-12T14:45:57","modified_gmt":"2021-10-12T06:45:57","slug":"hghpc-21p-pressure-calibrator-with-handheld-pneumatic-pump","status":"publish","type":"product","link":"https:\/\/www.hginstrument.com\/es\/calibration-instrument\/hghpc-21p-pressure-calibrator-with-handheld-pneumatic-pump\/","title":{"rendered":"HGHPC-21P Calibrador de presi\u00f3n con bomba neum\u00e1tica manual"},"content":{"rendered":"<p><strong>Technical Parameter:<\/strong><\/p>\n<p>\u25cf Fluid: Clean air (clean and non-corrosive gas)<br \/>\n\u25cf Temperature: -20 to 50\u2103<br \/>\n\u25cf Dimension: 150\u00d762\u00d7216 mm<br \/>\n\u25cf Weight: 0.6 kg<br \/>\n\u25cf Range: M1: -0.095~1.6 MPa\u00a0 \u00a0 \u00a0 \u00a0 \u00a0 \u00a0 \u00a0 \u00a0Y1: 0 ~ 1.6 MPa<br \/>\nM2:\u00a0 -0.095~2.5 MPa\u00a0 \u00a0 \u00a0 \u00a0 \u00a0 \u00a0 Y2: 0 ~ 2.5 MPa<br \/>\nM3: -0.095~4.0 MPa\u00a0 \u00a0 \u00a0 \u00a0 \u00a0 \u00a0 \u00a0Y3: 0 ~ 4.0 MPa<br \/>\nM4: -0.095~6.0 MPa\u00a0 \u00a0 \u00a0 \u00a0 \u00a0 \u00a0 \u00a0Y4: 0 ~ 6.0 MPa<\/p>\n<p>&nbsp;<\/p>\n<p><strong>Structure introduction:<\/strong><\/p>\n<p><img class=\"alignnone wp-image-2013 size-full\" src=\"http:\/\/www.hginstrument.com\/wp-content\/uploads\/2021\/09\/hghpc-21p-03.jpg\" alt=\"hghpc 21p 03\" width=\"681\" height=\"481\" srcset=\"https:\/\/www.hginstrument.com\/wp-content\/uploads\/2021\/09\/hghpc-21p-03.jpg 681w, https:\/\/www.hginstrument.com\/wp-content\/uploads\/2021\/09\/hghpc-21p-03-300x212.jpg 300w, https:\/\/www.hginstrument.com\/wp-content\/uploads\/2021\/09\/hghpc-21p-03-600x424.jpg 600w\" sizes=\"(max-width: 681px) 100vw, 681px\" \/><\/p>\n<table>\n<tbody>\n<tr style=\"background-color: #d8d8d8;\">\n<td width=\"64\">Art\u00edculo<\/td>\n<td width=\"180\">Name<\/td>\n<td width=\"413\">Funci\u00f3n<\/td>\n<\/tr>\n<tr>\n<td width=\"64\">1<\/td>\n<td width=\"180\">Interface for master meter<\/td>\n<td width=\"413\">For connecting master pressure instrument<\/td>\n<\/tr>\n<tr>\n<td width=\"64\">2<\/td>\n<td width=\"180\">Pressure output interface<\/td>\n<td width=\"413\">For connecting one end of pressure tapping, M10 x 1.0<\/td>\n<\/tr>\n<tr>\n<td width=\"64\">3<\/td>\n<td width=\"180\">Pressure tapping<\/td>\n<td width=\"413\">For connecting to the measured pressure instrument<\/td>\n<\/tr>\n<tr>\n<td style=\"vertical-align: middle;\" width=\"64\">4<\/td>\n<td style=\"vertical-align: middle;\" width=\"180\">Interface for the measured pressure instrument<\/td>\n<td width=\"413\">For connecting pressure instrument which is calibrated.<br \/>\nM20 x 1,5<\/td>\n<\/tr>\n<tr>\n<td style=\"vertical-align: middle;\" width=\"64\">5<\/td>\n<td style=\"vertical-align: middle;\" width=\"180\">Switching valve knob<\/td>\n<td width=\"413\">Positive pressure (screw in, clockwise)<br \/>\nNegative pressure (screw out, Anticlockwise)<\/td>\n<\/tr>\n<tr>\n<td width=\"64\">6<\/td>\n<td width=\"180\">Fine tuning knob<\/td>\n<td width=\"413\">Exactly adjust the desired pressure (maximum travel: 20mm)<\/td>\n<\/tr>\n<tr>\n<td style=\"vertical-align: middle;\" width=\"64\">7<\/td>\n<td style=\"vertical-align: middle;\" width=\"180\">Pressure relief valve knob<\/td>\n<td width=\"413\">Loosen it can release the pressure in the pump.<br \/>\nNeed to Tighten it before producing pressure.<\/td>\n<\/tr>\n<tr>\n<td width=\"64\">8<\/td>\n<td width=\"180\">Handle of pressure pump<\/td>\n<td width=\"413\">Grasp the two handle to squeeze inward can producing pressure<\/td>\n<\/tr>\n<\/tbody>\n<\/table>\n<p>&nbsp;<\/p>\n<p>&nbsp;<\/p>","protected":false},"excerpt":{"rendered":"<p>El calibrador de presi\u00f3n HGHPC-21P con bomba neum\u00e1tica manual se combina con un instrumento de presi\u00f3n est\u00e1ndar para calibrar transmisores de presi\u00f3n y man\u00f3metros.<\/p>","protected":false},"featured_media":2011,"comment_status":"closed","ping_status":"closed","template":"","meta":[],"product_cat":[1806,1892],"product_tag":[],"acf":[],"_links":{"self":[{"href":"https:\/\/www.hginstrument.com\/es\/wp-json\/wp\/v2\/product\/2020"}],"collection":[{"href":"https:\/\/www.hginstrument.com\/es\/wp-json\/wp\/v2\/product"}],"about":[{"href":"https:\/\/www.hginstrument.com\/es\/wp-json\/wp\/v2\/types\/product"}],"replies":[{"embeddable":true,"href":"https:\/\/www.hginstrument.com\/es\/wp-json\/wp\/v2\/comments?post=2020"}],"wp:featuredmedia":[{"embeddable":true,"href":"https:\/\/www.hginstrument.com\/es\/wp-json\/wp\/v2\/media\/2011"}],"wp:attachment":[{"href":"https:\/\/www.hginstrument.com\/es\/wp-json\/wp\/v2\/media?parent=2020"}],"wp:term":[{"taxonomy":"product_cat","embeddable":true,"href":"https:\/\/www.hginstrument.com\/es\/wp-json\/wp\/v2\/product_cat?post=2020"},{"taxonomy":"product_tag","embeddable":true,"href":"https:\/\/www.hginstrument.com\/es\/wp-json\/wp\/v2\/product_tag?post=2020"}],"curies":[{"name":"wp","href":"https:\/\/api.w.org\/{rel}","templated":true}]}}