{"id":2024,"date":"2021-09-06T17:11:27","date_gmt":"2021-09-06T09:11:27","guid":{"rendered":"http:\/\/201230ip92c2.adwebcloud.com\/?post_type=product&#038;p=2024"},"modified":"2021-10-12T14:46:36","modified_gmt":"2021-10-12T06:46:36","slug":"hghpc-21h-pressure-calibrator-with-handheld-hydraulic-pump","status":"publish","type":"product","link":"https:\/\/www.hginstrument.com\/es\/calibration-instrument\/hghpc-21h-pressure-calibrator-with-handheld-hydraulic-pump\/","title":{"rendered":"HGHPC-21H Calibrador de presi\u00f3n con bomba hidr\u00e1ulica manual"},"content":{"rendered":"<p><strong>Technical Parameter:<\/strong><\/p>\n<p>\u25cf Fluid: Special oil or pure water for calibration<br \/>\n\u25cf Temperature: -5 ~ 45 \u2103<br \/>\n\u25cf Dimension: 160\u00d775\u00d7260 mm<br \/>\n\u25cf Weight: 1.18 kg<br \/>\n\u25cf Range: 0 ~ 70 MPa<\/p>\n<p>&nbsp;<\/p>\n<p><strong>Structure introduction:<\/strong><\/p>\n<p><img class=\"alignnone wp-image-2017 size-full\" src=\"http:\/\/www.hginstrument.com\/wp-content\/uploads\/2021\/09\/hghpc-21h-04.jpg\" alt=\"hghpc 21h 04\" width=\"737\" height=\"422\" srcset=\"https:\/\/www.hginstrument.com\/wp-content\/uploads\/2021\/09\/hghpc-21h-04.jpg 737w, https:\/\/www.hginstrument.com\/wp-content\/uploads\/2021\/09\/hghpc-21h-04-300x172.jpg 300w, https:\/\/www.hginstrument.com\/wp-content\/uploads\/2021\/09\/hghpc-21h-04-600x344.jpg 600w\" sizes=\"(max-width: 737px) 100vw, 737px\" \/><\/p>\n<p>&nbsp;<\/p>\n<table>\n<tbody>\n<tr style=\"background-color: #d8d8d8;\">\n<td width=\"64\">Art\u00edculo<\/td>\n<td width=\"180\">Name<\/td>\n<td width=\"413\">Funci\u00f3n<\/td>\n<\/tr>\n<tr>\n<td width=\"64\">1<\/td>\n<td width=\"180\">Interface for master meter<\/td>\n<td width=\"413\">For connecting master pressure instrument (thread M20 x 1.5)<\/td>\n<\/tr>\n<tr>\n<td width=\"64\">2<\/td>\n<td width=\"180\">Pressure output interface<\/td>\n<td width=\"413\">For connecting one end of pressure tapping (thread M14 x 1.5)<\/td>\n<\/tr>\n<tr>\n<td width=\"64\">3<\/td>\n<td width=\"180\">Pressure tapping<\/td>\n<td width=\"413\">For connecting to the pressure instrument which is calibrated<\/td>\n<\/tr>\n<tr>\n<td style=\"vertical-align: middle;\" width=\"64\">4<\/td>\n<td style=\"vertical-align: middle;\" width=\"180\">Pressure test interface<\/td>\n<td width=\"413\">For connecting the process connection of pressure instrument which is calibrated (M20 x 1.5)<\/td>\n<\/tr>\n<tr>\n<td width=\"64\">5<\/td>\n<td width=\"180\">Exhaust (Liquid filling port)<\/td>\n<td width=\"413\">Screwed out the stud to inject liquid, discharge pressure of the liquid storage chamber,<\/td>\n<\/tr>\n<tr>\n<td width=\"64\">6<\/td>\n<td width=\"180\">Fine tuning knob<\/td>\n<td width=\"413\">Exactly adjust the desired pressure (maximum travel 20mm)<\/td>\n<\/tr>\n<tr>\n<td style=\"vertical-align: middle;\" width=\"64\">7<\/td>\n<td style=\"vertical-align: middle;\" width=\"180\">Pressure relief valve knob<\/td>\n<td width=\"413\">Loosen it can release the pressure in the pump.<br \/>\nNeed to Tighten it before producing pressure.<\/td>\n<\/tr>\n<tr>\n<td width=\"64\">8<\/td>\n<td width=\"180\">Handle limit pin<\/td>\n<td width=\"413\">Limit the opening size between the two handles (at high pressure, it is easy to pressurize with a small stroke)<\/td>\n<\/tr>\n<tr>\n<td width=\"64\">9<\/td>\n<td width=\"180\">Handle of pressure pump<\/td>\n<td width=\"413\">Grasp the two handle to squeeze inward can producing pressure<\/td>\n<\/tr>\n<tr>\n<td width=\"64\">10<\/td>\n<td width=\"180\">Reservoir<\/td>\n<td width=\"413\">Storing pressure measuring medium<\/td>\n<\/tr>\n<\/tbody>\n<\/table>\n<p>&nbsp;<\/p>\n<p>&nbsp;<\/p>\n<p>&nbsp;<\/p>","protected":false},"excerpt":{"rendered":"<p>El calibrador de presi\u00f3n HGHPC-21H con bomba neum\u00e1tica manual se combina con un instrumento de presi\u00f3n est\u00e1ndar para calibrar transmisores de presi\u00f3n y man\u00f3metros.<\/p>","protected":false},"featured_media":2014,"comment_status":"closed","ping_status":"closed","template":"","meta":[],"product_cat":[1806,1893],"product_tag":[],"acf":[],"_links":{"self":[{"href":"https:\/\/www.hginstrument.com\/es\/wp-json\/wp\/v2\/product\/2024"}],"collection":[{"href":"https:\/\/www.hginstrument.com\/es\/wp-json\/wp\/v2\/product"}],"about":[{"href":"https:\/\/www.hginstrument.com\/es\/wp-json\/wp\/v2\/types\/product"}],"replies":[{"embeddable":true,"href":"https:\/\/www.hginstrument.com\/es\/wp-json\/wp\/v2\/comments?post=2024"}],"wp:featuredmedia":[{"embeddable":true,"href":"https:\/\/www.hginstrument.com\/es\/wp-json\/wp\/v2\/media\/2014"}],"wp:attachment":[{"href":"https:\/\/www.hginstrument.com\/es\/wp-json\/wp\/v2\/media?parent=2024"}],"wp:term":[{"taxonomy":"product_cat","embeddable":true,"href":"https:\/\/www.hginstrument.com\/es\/wp-json\/wp\/v2\/product_cat?post=2024"},{"taxonomy":"product_tag","embeddable":true,"href":"https:\/\/www.hginstrument.com\/es\/wp-json\/wp\/v2\/product_tag?post=2024"}],"curies":[{"name":"wp","href":"https:\/\/api.w.org\/{rel}","templated":true}]}}