{"id":2462,"date":"2021-10-04T16:45:15","date_gmt":"2021-10-04T08:45:15","guid":{"rendered":"http:\/\/201230ip92c2.adwebcloud.com\/?post_type=product&#038;p=2462"},"modified":"2023-09-19T16:30:47","modified_gmt":"2023-09-19T08:30:47","slug":"capacitance-differential-pressure-transmitter-model-sydm-24","status":"publish","type":"product","link":"https:\/\/www.hginstrument.com\/es\/pressure-differencial-pressure-transmitter\/capacitance-differential-pressure-transmitter-model-sydm-24\/","title":{"rendered":"Transmisor de presi\u00f3n diferencial de capacitancia ( Modelo: SYDM-24 )"},"content":{"rendered":"<p><strong>Datos t\u00e9cnicos:<\/strong><\/p>\n<p>\u25cf Applicable medium: liquid, gas, steam<br \/>\n\u25cf DP Range option:<\/p>\n<table width=\"494\">\n<tbody>\n<tr style=\"background-color: #d8d8d8;\">\n<td width=\"95\">C\u00f3digo de la gama<\/td>\n<td width=\"147\">Gama<\/td>\n<td width=\"252\">Static pressure rating option<\/td>\n<\/tr>\n<tr>\n<td>A<\/td>\n<td>&#8211; 0.1 ~ 1 Kpa<\/td>\n<td>4 Mpa<\/td>\n<\/tr>\n<tr>\n<td>B<\/td>\n<td>0 -1 ~ 6 Kpa<\/td>\n<td>4 Mpa<\/td>\n<\/tr>\n<tr>\n<td>C<\/td>\n<td>0 &#8211; 6 ~ 40 Kpa<\/td>\n<td>4 Mpa,\u00a0 10 Mpa, 16 Mpa<\/td>\n<\/tr>\n<tr>\n<td>D<\/td>\n<td>0 &#8211; 40 ~ 250 Kpa<\/td>\n<td>4 Mpa,\u00a0 10 Mpa, 16 Mpa<\/td>\n<\/tr>\n<tr>\n<td>E<\/td>\n<td>0 &#8211; 0.16 ~ 1 Mpa<\/td>\n<td>4 Mpa,\u00a0 10 Mpa, 16 Mpa<\/td>\n<\/tr>\n<tr>\n<td>F<\/td>\n<td>0 &#8211; 0.4 ~ 2.5 Mpa<\/td>\n<td>4 Mpa,\u00a0 10 Mpa, 16 Mpa<\/td>\n<\/tr>\n<tr>\n<td>G<\/td>\n<td>0 &#8211; 1.6 ~ 10 Mpa<\/td>\n<td>16 Mpa<\/td>\n<\/tr>\n<\/tbody>\n<\/table>\n<p>Hot Tags: <a href=\"https:\/\/www.hginstrument.com\/es\/water-flow-meter\/\"><span style=\"color: #ff0000;\">caudal\u00edmetro de agua<\/span><\/a>\uff0c<a href=\"https:\/\/www.hginstrument.com\/es\/thermal-mass-flow-meter\/\"><span style=\"color: #ff0000;\">caudal\u00edmetro m\u00e1sico t\u00e9rmico<\/span><\/a>\uff0c<a href=\"https:\/\/www.hginstrument.com\/es\/level-transmitter\/\"><span style=\"color: #ff0000;\">Transmisor de nivel<\/span><\/a>\uff0c<a href=\"https:\/\/www.hginstrument.com\/es\/ultrasonic-level-transmitter\/\"><span style=\"color: #ff0000;\">transmisor de nivel ultras\u00f3nico<\/span><\/a><\/p>\n<p>\u25cf Output signal: 4-20mA (Option: HART [belong to HART Communication Foundation], Square root output), Power supply: 12 ~ 45VDC, Generally 24VDC. Load: RL= (Vs \u2013 12V) \/ 0.023A ( RL is Maximum load, \u2264 600 \u03a9, Vs is power supply voltage)<img class=\"wp-image-2460 size-full aligncenter\" src=\"http:\/\/www.hginstrument.com\/wp-content\/uploads\/2021\/10\/sydm24-resistance-load.jpg\" alt=\"sydm24 resistance load\" width=\"468\" height=\"189\" srcset=\"https:\/\/www.hginstrument.com\/wp-content\/uploads\/2021\/10\/sydm24-resistance-load.jpg 468w, https:\/\/www.hginstrument.com\/wp-content\/uploads\/2021\/10\/sydm24-resistance-load-300x121.jpg 300w\" sizes=\"(max-width: 468px) 100vw, 468px\" \/><\/p>\n<p>\u25cf Range and zero point can be adjusted through the built-in adjusting screw nut or through HART communicator.<br \/>\n\u25cf Positive and negative migration:<br \/>\nThe maximum positive migration is the difference between the URL (Instrument\u2019s upper range limit) and the setting range, the maximum negative migration is URL.<br \/>\n\u25cf Fault alarm: The fault is detected by the self-diagnosis program. It will alarm when the analog output is higher than 22mA or lower than 3.9mA.<br \/>\n\u25cf Operation temperature:<br \/>\n-40 ~ 85\u2103 (analog transmitter), -10 ~ 80\u2103 (smart transmitter)<br \/>\n-40 ~ 104\u2103 (sensor: Silicone oil filling), -184 ~ 71\u2103 (sensor: Inert oil filling)<br \/>\nFlange type remote seal (fill ordinary silicone oil): -40 ~ 150 \u2103<br \/>\nFlange type remote seal (fill high temp. silicone oil): 15 ~ 315 \u2103<br \/>\n\u25cf Storage temperature: 40 ~ 50\u2103<br \/>\n\u25cf Startup time: &lt; 2s<br \/>\n\u25cf Volumetric absorption: &lt; 0.16 cm3<br \/>\n\u25cf Damping: Adjustable in range 0 ~ 16 s<br \/>\n\u25cf Accuracy: 0.2%FS (standard configuration) , 0.1%FS (option)<br \/>\n\u25cf Stability: free of maintain within one year<br \/>\n\u25cf Temperature effect:<br \/>\nTotal error varies \uff1c\u00b10.3 URL every 10\u2103 for the range code C, D, E, F, G<br \/>\nThe total error is doubled every 10\u2103 for the range code A, B<br \/>\n\u25cf Static pressure effect:<br \/>\nDP transmitter: For static pressure 14 Mpa, \u00b10.25% URL or \u00b10.5% range code 3.<br \/>\nFor static pressure 32 Mpa, \u00b10.2% URL. Under process pressure, adjust zero point for correction.<br \/>\n\u25cf Vibration effect: 0.1% URL, 10~55 Hz, S=0.15mm, at any direction.<br \/>\n\u25cf Power supply effect: &lt; 0.005% of the output range \/ V<\/p>\n<p>&nbsp;<\/p>\n<p><strong>Equipo de calibraci\u00f3n:<\/strong><\/p>\n<table width=\"867\">\n<tbody>\n<tr style=\"background-color: #d8d8d8;\">\n<td width=\"172\">Equipamiento<\/td>\n<td width=\"177\">fabricante<\/td>\n<td width=\"153\">Precisi\u00f3n de control<\/td>\n<td width=\"365\">Aplicaci\u00f3n<\/td>\n<\/tr>\n<tr>\n<td style=\"vertical-align: middle;\">Mensor CPC6050<\/td>\n<td style=\"vertical-align: middle;\">Alemania WIKA<\/td>\n<td style=\"vertical-align: middle;\">Clase 0,01<\/td>\n<td>Calibrar el transmisor de presi\u00f3n \/ presi\u00f3n diferencial<\/td>\n<\/tr>\n<tr>\n<td style=\"vertical-align: middle;\">Mensor CPC4000<\/td>\n<td style=\"vertical-align: middle;\">Alemania WIKA<\/td>\n<td style=\"vertical-align: middle;\">Clase 0,02<\/td>\n<td>Calibrar el transmisor de presi\u00f3n \/ presi\u00f3n diferencial<\/td>\n<\/tr>\n<tr>\n<td style=\"vertical-align: middle;\">GE PACE60000<\/td>\n<td style=\"vertical-align: middle;\">USA DRUCK<\/td>\n<td style=\"vertical-align: middle;\">Clase 0,02<\/td>\n<td>Calibrar transmisor de presi\u00f3n \/ presi\u00f3n diferencial con junta remota tipo brida<\/td>\n<\/tr>\n<tr>\n<td>ConST836<\/td>\n<td>China.Pek\u00edn ConsT<\/td>\n<td>Clase 0,02<\/td>\n<td>Calibrar transmisor de presi\u00f3n de gran alcance<\/td>\n<\/tr>\n<\/tbody>\n<\/table>\n<p>&nbsp;<\/p>\n<p><strong>Opci\u00f3n de accesorio:<\/strong><\/p>\n<p><img class=\"alignnone wp-image-1603 size-full\" src=\"http:\/\/www.hginstrument.com\/wp-content\/uploads\/2021\/08\/accessory-02.jpg\" alt=\"accesorio 02\" width=\"978\" height=\"340\" srcset=\"https:\/\/www.hginstrument.com\/wp-content\/uploads\/2021\/08\/accessory-02.jpg 978w, https:\/\/www.hginstrument.com\/wp-content\/uploads\/2021\/08\/accessory-02-300x104.jpg 300w, https:\/\/www.hginstrument.com\/wp-content\/uploads\/2021\/08\/accessory-02-768x267.jpg 768w, https:\/\/www.hginstrument.com\/wp-content\/uploads\/2021\/08\/accessory-02-600x209.jpg 600w\" sizes=\"(max-width: 978px) 100vw, 978px\" \/><\/p>\n<p>Sif\u00f3n Colector de v\u00e1lvula de 3 v\u00edas Dep\u00f3sito de condensaci\u00f3n Colector de v\u00e1lvula de 5 v\u00edas<\/p>\n<p>&nbsp;<\/p>\n<p>&nbsp;<\/p>\n<p>&nbsp;<\/p>","protected":false},"excerpt":{"rendered":"<p><a href=\"https:\/\/www.hginstrument.com\/es\/sydm-24-capacitance-differential-pressure-transmitter\/\"><span style=\"color: #ff0000;\">SYDM24<\/span><\/a> is capacitance type differential pressure transmitter, easy to install and use, safe and explosion-proof.<br \/>\nAdopt advanced integrated circuit and SMT technology,<br \/>\nSi alguna industria tiene altos requisitos, los componentes principales pueden adoptar la tecnolog\u00eda de fabricaci\u00f3n y sensores cer\u00e1micos de Endress+Hauser.<br \/>\nHigh precision, small size, easy to adjust, good stability, strong ability of one-way overload protection;<br \/>\nIt is widely used in industry of power, metallurgy, petrochemical, pharmaceutical, instrument processing etc.<br \/>\nCE certificate, SIL certificate, CNEX certificate.<\/p>\n<p>&nbsp;<\/p>","protected":false},"featured_media":2465,"comment_status":"closed","ping_status":"closed","template":"","meta":[],"product_cat":[1406,2210],"product_tag":[],"acf":[],"_links":{"self":[{"href":"https:\/\/www.hginstrument.com\/es\/wp-json\/wp\/v2\/product\/2462"}],"collection":[{"href":"https:\/\/www.hginstrument.com\/es\/wp-json\/wp\/v2\/product"}],"about":[{"href":"https:\/\/www.hginstrument.com\/es\/wp-json\/wp\/v2\/types\/product"}],"replies":[{"embeddable":true,"href":"https:\/\/www.hginstrument.com\/es\/wp-json\/wp\/v2\/comments?post=2462"}],"wp:featuredmedia":[{"embeddable":true,"href":"https:\/\/www.hginstrument.com\/es\/wp-json\/wp\/v2\/media\/2465"}],"wp:attachment":[{"href":"https:\/\/www.hginstrument.com\/es\/wp-json\/wp\/v2\/media?parent=2462"}],"wp:term":[{"taxonomy":"product_cat","embeddable":true,"href":"https:\/\/www.hginstrument.com\/es\/wp-json\/wp\/v2\/product_cat?post=2462"},{"taxonomy":"product_tag","embeddable":true,"href":"https:\/\/www.hginstrument.com\/es\/wp-json\/wp\/v2\/product_tag?post=2462"}],"curies":[{"name":"wp","href":"https:\/\/api.w.org\/{rel}","templated":true}]}}