{"id":2951,"date":"2021-11-03T14:49:20","date_gmt":"2021-11-03T06:49:20","guid":{"rendered":"https:\/\/www.hginstrument.com\/?post_type=product&#038;p=2951"},"modified":"2021-11-03T14:49:21","modified_gmt":"2021-11-03T06:49:21","slug":"electric-contact-differential-pressure-gauge","status":"publish","type":"product","link":"https:\/\/www.hginstrument.com\/es\/differential-pressure-gauge\/electric-contact-differential-pressure-gauge\/","title":{"rendered":"Man\u00f3metro diferencial de contacto el\u00e9ctrico"},"content":{"rendered":"<h5><strong>Principio<\/strong><\/h5>\n<p>El medidor de presi\u00f3n diferencial de contacto el\u00e9ctrico adopta el tubo de resorte como elemento sensor de presi\u00f3n. El mecanismo de c\u00e1lculo de la presi\u00f3n diferencial calcula el valor de diferencia de las dos presiones, que se indica con precisi\u00f3n mediante la aguja de la esfera. Cuando el valor indicado alcanza el l\u00edmite superior y el l\u00edmite inferior dados, el rel\u00e9 act\u00faa para cerrar el circuito externo de alarma o activar otras formas de control autom\u00e1tico.<\/p>\n<p>&nbsp;<\/p>\n<h5><strong>Principales datos t\u00e9cnicos<\/strong><\/h5>\n<p>\u25cf Rango de medici\u00f3n (Mpa): 0 \uff5e0.25, 0 \uff5e0.4, 0 \uff5e0.6, 0 \uff5e1, 0 \uff5e1.6, 0~2.5, 0~4, 0~6, 0~10, 0~16, 0~25, 0~40, 0~60<br \/>\n\u25cf Temperatura ambiente: -20 ~ 50\u2103<br \/>\n\u25cf Humedad relativa: 85%<br \/>\n\u25cf Clase de precisi\u00f3n: 2.5% FS<br \/>\n\u25cf Capacidad de contacto: 10W \/ 0,7A<br \/>\n\u25cf Conexi\u00f3n a proceso: 2 - M20 x 1,5<br \/>\n\u25cf Tama\u00f1o de la esfera del calibrador: \u03a6100 mm<br \/>\n\u25cf Presi\u00f3n de sobrecarga: igual al l\u00edmite superior del rango.<\/p>\n<p>&nbsp;<\/p>\n<h5><strong>Aspecto y dimensiones<\/strong><\/h5>\n<p><img class=\"alignnone wp-image-2950 size-full\" src=\"http:\/\/www.hginstrument.com\/wp-content\/uploads\/2021\/11\/e-dp-gauge-drawing.jpg\" alt=\"e dp gauge drawing\" width=\"683\" height=\"587\" srcset=\"https:\/\/www.hginstrument.com\/wp-content\/uploads\/2021\/11\/e-dp-gauge-drawing.jpg 683w, https:\/\/www.hginstrument.com\/wp-content\/uploads\/2021\/11\/e-dp-gauge-drawing-300x258.jpg 300w, https:\/\/www.hginstrument.com\/wp-content\/uploads\/2021\/11\/e-dp-gauge-drawing-600x516.jpg 600w\" sizes=\"(max-width: 683px) 100vw, 683px\" \/><\/p>\n<p>Unidad: mm<\/p>\n<table>\n<tbody>\n<tr style=\"background-color: #d8d8d8;\">\n<td width=\"84\">\n<p style=\"text-align: center;\">Modelo<\/p>\n<\/td>\n<td style=\"text-align: center;\" width=\"56\">D<\/td>\n<td style=\"text-align: center;\" width=\"52\">B<\/td>\n<td style=\"text-align: center;\" width=\"53\">B1<\/td>\n<td style=\"text-align: center;\" width=\"54\">B2<\/td>\n<td style=\"text-align: center;\" width=\"54\">H1<\/td>\n<td style=\"text-align: center;\" width=\"53\">H2<\/td>\n<td style=\"text-align: center;\" width=\"56\">d0<\/td>\n<td style=\"text-align: center;\" width=\"64\">d<\/td>\n<td style=\"text-align: center;\" width=\"53\">d1<\/td>\n<td style=\"text-align: center;\" width=\"55\">d2<\/td>\n<td style=\"text-align: center;\" width=\"52\">L<\/td>\n<\/tr>\n<tr>\n<td style=\"text-align: center;\" width=\"84\">MDP-E-100<\/td>\n<td style=\"text-align: center;\" width=\"56\">\u03a6100<\/td>\n<td style=\"text-align: center;\" width=\"52\">80<\/td>\n<td style=\"text-align: center;\" width=\"53\">34<\/td>\n<td style=\"text-align: center;\" width=\"54\">123<\/td>\n<td style=\"text-align: center;\" width=\"54\">106<\/td>\n<td style=\"text-align: center;\" width=\"53\">20<\/td>\n<td style=\"text-align: center;\" width=\"56\">\u03a6134<\/td>\n<td style=\"text-align: center;\" width=\"64\">M20*1.5<\/td>\n<td style=\"text-align: center;\" width=\"53\">\u03a66<\/td>\n<td style=\"text-align: center;\" width=\"55\">\u03a6117<\/td>\n<td width=\"52\">\n<p style=\"text-align: center;\">50<\/p>\n<\/td>\n<\/tr>\n<tr>\n<td colspan=\"12\" width=\"685\"><strong>Observaci\u00f3n: <\/strong>Algunas dimensiones para el especial personalizado ser\u00e1n un poco diferentes.<\/td>\n<\/tr>\n<\/tbody>\n<\/table>\n<p>&nbsp;<\/p>\n<p>&nbsp;<\/p>\n<p>&nbsp;<\/p>","protected":false},"excerpt":{"rendered":"<p>El man\u00f3metro diferencial de contacto el\u00e9ctrico es adecuado para medir la diferencia de presi\u00f3n bajo la misma fuente de presi\u00f3n. El medio aplicable puede ser amorfo, l\u00edquido no solidificado y medio gaseoso.<\/p>","protected":false},"featured_media":2949,"comment_status":"closed","ping_status":"closed","template":"","meta":[],"product_cat":[1506,2343],"product_tag":[],"acf":[],"_links":{"self":[{"href":"https:\/\/www.hginstrument.com\/es\/wp-json\/wp\/v2\/product\/2951"}],"collection":[{"href":"https:\/\/www.hginstrument.com\/es\/wp-json\/wp\/v2\/product"}],"about":[{"href":"https:\/\/www.hginstrument.com\/es\/wp-json\/wp\/v2\/types\/product"}],"replies":[{"embeddable":true,"href":"https:\/\/www.hginstrument.com\/es\/wp-json\/wp\/v2\/comments?post=2951"}],"wp:featuredmedia":[{"embeddable":true,"href":"https:\/\/www.hginstrument.com\/es\/wp-json\/wp\/v2\/media\/2949"}],"wp:attachment":[{"href":"https:\/\/www.hginstrument.com\/es\/wp-json\/wp\/v2\/media?parent=2951"}],"wp:term":[{"taxonomy":"product_cat","embeddable":true,"href":"https:\/\/www.hginstrument.com\/es\/wp-json\/wp\/v2\/product_cat?post=2951"},{"taxonomy":"product_tag","embeddable":true,"href":"https:\/\/www.hginstrument.com\/es\/wp-json\/wp\/v2\/product_tag?post=2951"}],"curies":[{"name":"wp","href":"https:\/\/api.w.org\/{rel}","templated":true}]}}