{"id":2964,"date":"2021-11-08T15:48:49","date_gmt":"2021-11-08T07:48:49","guid":{"rendered":"https:\/\/www.hginstrument.com\/?post_type=product&#038;p=2964"},"modified":"2023-07-19T10:22:54","modified_gmt":"2023-07-19T02:22:54","slug":"electrode-type-level-switch","status":"publish","type":"product","link":"https:\/\/www.hginstrument.com\/es\/level-controller\/electrode-type-level-switch\/","title":{"rendered":"Interruptor de nivel tipo electrodo"},"content":{"rendered":"<h5><strong>Caracter\u00edsticas del producto<\/strong><br \/>\n\u25cf Apto para controlar el nivel de los l\u00edquidos conductores.( No apto para dar servicio a los l\u00edquidos vol\u00e1tiles).<br \/>\n\u25cf Con funci\u00f3n de protecci\u00f3n contra sobretensiones, puede prevenir eficazmente las interferencias de sobretensi\u00f3n.<br \/>\n\u25cf Puede hacer control multipunto, la posici\u00f3n de control se personaliza seg\u00fan el requisito de la aplicaci\u00f3n.<br \/>\n\u25cf El cabezal del electrodo utiliza baja tensi\u00f3n de CA, lo que puede evitar la acci\u00f3n electrol\u00edtica y prolongar la vida \u00fatil.<br \/>\n\u25cf Con dos indicadores, puede mostrar el estado de suministro y drenaje de agua.<\/h5>\n<p>&nbsp;<\/p>\n<p><strong>Atenciones de uso<\/strong><br \/>\n\u25cf El interruptor de nivel tipo electrodo es s\u00f3lo para montaje vertical.<br \/>\n\u25cf La tensi\u00f3n deber\u00e1 ser estable, la fluctuaci\u00f3n de tensi\u00f3n deber\u00e1 estar dentro de \u00b15%.<br \/>\nNo instale el interruptor de nivel tipo electrodo en un lugar donde haya grandes vibraciones o impactos, de lo contrario el controlador podr\u00eda fallar.<br \/>\n\u25cf El interruptor de nivel de tipo electrodo no es adecuado para l\u00edquidos no conductores, como gasolina, gas\u00f3leo, aceite pesado, agua pura, etc.<br \/>\n\u25cf Todas las varillas de detecci\u00f3n deben estar a una distancia m\u00ednima de 50mm de la varilla m\u00e1s larga ( ver el siguiente esquema)<br \/>\n<img class=\"alignnone wp-image-2963 size-full\" src=\"http:\/\/www.hginstrument.com\/wp-content\/uploads\/2021\/11\/etls-01-installation.jpg\" alt=\"instalaci\u00f3n de etls 01\" width=\"355\" height=\"329\" srcset=\"https:\/\/www.hginstrument.com\/wp-content\/uploads\/2021\/11\/etls-01-installation.jpg 355w, https:\/\/www.hginstrument.com\/wp-content\/uploads\/2021\/11\/etls-01-installation-300x278.jpg 300w\" sizes=\"(max-width: 355px) 100vw, 355px\" \/><br \/>\n\u25cf Cuando el l\u00edquido entra en contacto con el electrodo, la posici\u00f3n de la co-acci\u00f3n variar\u00e1 dependiendo del tipo de l\u00edquido y del voltaje cambiante de la fuente de alimentaci\u00f3n.<br \/>\n\u25cf Para que los electrodos no entren en contacto entre s\u00ed en el agua, se puede a\u00f1adir un manguito aislante a la varilla del electrodo.<br \/>\n\u25cf Para evitar el cortocircuito por contacto de torsi\u00f3n causado por la varilla del electrodo demasiado larga, la longitud est\u00e1ndar de la varilla del electrodo con di\u00e1metro de 6 mm no ser\u00e1 superior a 2 m.<br \/>\n\u25cf La temperatura de funcionamiento de este producto es de -20\u2103-70\u2103 en el entorno de vapor, y \u2264200\u2103 en el entorno sin vapor.<br \/>\nClasificaci\u00f3n: serie de controladores de nivel, medidor de caudal de agua, medidor de caudal m\u00e1sico t\u00e9rmico, transmisor de nivel, transmisor de nivel ultras\u00f3nico<br \/>\nEtiquetas: controlador de nivel, interruptor de nivel tipo electrodo<\/p>\n<p>&nbsp;<\/p>\n<p>&nbsp;<\/p>\n<p>&nbsp;<\/p>","protected":false},"excerpt":{"rendered":"<p>El interruptor de nivel de electrodo utiliza la conductividad del l\u00edquido para detectar el nivel de l\u00edquido. Una vez que el l\u00edquido conductor del dep\u00f3sito toca la varilla del electrodo, se detecta una se\u00f1al que se amplifica a trav\u00e9s del controlador y, a continuaci\u00f3n, se emite una se\u00f1al de contacto que se utiliza para controlar el nivel de l\u00edquido. Puede utilizarse en la industria alimentaria, m\u00e9dica, qu\u00edmica, electr\u00f3nica, naval y de tratamiento de aguas.<br \/>\nClasificaci\u00f3n: <span style=\"color: #ff0000;\"><a style=\"color: #ff0000;\" href=\"https:\/\/www.hginstrument.com\/es\/level-controller\/\">serie de controladores de nivel<\/a><\/span>, <span style=\"color: #ff0000;\"><a style=\"color: #ff0000;\" href=\"https:\/\/www.hginstrument.com\/es\/water-flow-meter\/\">caudal\u00edmetro de agua<\/a><\/span>, <a href=\"https:\/\/www.hginstrument.com\/es\/thermal-mass-flow-meter\/\"><span style=\"color: #ff0000;\">caudal\u00edmetro m\u00e1sico t\u00e9rmico<\/span><\/a>, <a href=\"https:\/\/www.hginstrument.com\/es\/level-transmitter-2\/\"><span style=\"color: #ff0000;\">Transmisor de nivel<\/span><\/a>, <a href=\"https:\/\/www.hginstrument.com\/es\/ultrasonic-level-transmitter\/\"><span style=\"color: #ff0000;\">transmisor de nivel ultras\u00f3nico<\/span><\/a><br \/>\nEtiquetas: <span style=\"color: #ff0000;\"><a style=\"color: #ff0000;\" href=\"https:\/\/www.hginstrument.com\/es\/liquid-level-controller-an-intelligent-device-for-precise-management-of-fluid-height\/\">controlador de nivel<\/a><\/span>, <span style=\"color: #ff0000;\"><a style=\"color: #ff0000;\" href=\"https:\/\/www.hginstrument.com\/es\/electrode-type-liquid-level-switch-an-intelligent-solution-for-precise-monitoring-of-liquid-level\/\">interruptor de nivel de l\u00edquido tipo electrodo<\/a><\/span><\/p>","protected":false},"featured_media":2962,"comment_status":"closed","ping_status":"closed","template":"","meta":[],"product_cat":[1259,2347],"product_tag":[],"acf":[],"_links":{"self":[{"href":"https:\/\/www.hginstrument.com\/es\/wp-json\/wp\/v2\/product\/2964"}],"collection":[{"href":"https:\/\/www.hginstrument.com\/es\/wp-json\/wp\/v2\/product"}],"about":[{"href":"https:\/\/www.hginstrument.com\/es\/wp-json\/wp\/v2\/types\/product"}],"replies":[{"embeddable":true,"href":"https:\/\/www.hginstrument.com\/es\/wp-json\/wp\/v2\/comments?post=2964"}],"wp:featuredmedia":[{"embeddable":true,"href":"https:\/\/www.hginstrument.com\/es\/wp-json\/wp\/v2\/media\/2962"}],"wp:attachment":[{"href":"https:\/\/www.hginstrument.com\/es\/wp-json\/wp\/v2\/media?parent=2964"}],"wp:term":[{"taxonomy":"product_cat","embeddable":true,"href":"https:\/\/www.hginstrument.com\/es\/wp-json\/wp\/v2\/product_cat?post=2964"},{"taxonomy":"product_tag","embeddable":true,"href":"https:\/\/www.hginstrument.com\/es\/wp-json\/wp\/v2\/product_tag?post=2964"}],"curies":[{"name":"wp","href":"https:\/\/api.w.org\/{rel}","templated":true}]}}