{"id":3289,"date":"2023-04-26T11:13:14","date_gmt":"2023-04-26T03:13:14","guid":{"rendered":"https:\/\/www.hginstrument.com\/?post_type=product&#038;p=3289"},"modified":"2023-04-26T11:18:02","modified_gmt":"2023-04-26T03:18:02","slug":"diaphragm-type-pressure-switch","status":"publish","type":"product","link":"https:\/\/www.hginstrument.com\/es\/pressure-switch\/diaphragm-type-pressure-switch\/","title":{"rendered":"Presostato de membrana"},"content":{"rendered":"<p><strong>Caracter\u00edsticas del presostato de diafragma:<\/strong><\/p>\n<ul>\n<li>El presostato de diafragma es adecuado para todo tipo de instalaciones industriales y puede sustituir a productos similares extranjeros.<\/li>\n<li>Adopta un sensor de diafragma\/pist\u00f3n de caucho\/316L de acero inoxidable importado, con un rendimiento estable y fiable.<\/li>\n<li>Salida SPDT o DPDT; Carcasa de aluminio fundido, antideflagrante opcional; Diversas interfaces el\u00e9ctricas y de presi\u00f3n opcionales<\/li>\n<li>Estructura sencilla, sin piezas de desmontaje<\/li>\n<li>Precisi\u00f3n: 0,5 nivel; Repetibilidad: \u00b11%;<\/li>\n<li>Gama: 30Pa-40 Mpa Opcional<\/li>\n<\/ul>\n<p><strong>Par\u00e1metros b\u00e1sicos del presostato de diafragma:<\/strong><\/p>\n<table>\n<tbody>\n<tr>\n<td width=\"168\">Medio aplicable<\/td>\n<td width=\"454\">Gas o l\u00edquido no corrosivo para el caucho de nitrilo butadieno o el acero inoxidable 316L<\/td>\n<\/tr>\n<tr>\n<td width=\"168\">Material de la carcasa<\/td>\n<td width=\"454\">Fundici\u00f3n inyectada de aluminio con revestimiento epoxi y arandela de estanqueidad<\/td>\n<\/tr>\n<tr>\n<td width=\"168\">Clase de vivienda<\/td>\n<td width=\"454\">Cumple los requisitos de la norma IEC60529, resistente a la intemperie IP67<\/td>\n<\/tr>\n<tr>\n<td width=\"168\">Precisi\u00f3n de ajuste<\/td>\n<td width=\"454\">\u00b11%<\/td>\n<\/tr>\n<tr>\n<td width=\"168\">Zona muerta<\/td>\n<td width=\"454\">No ajustable (consulte los datos de la tabla de selecci\u00f3n)<\/td>\n<\/tr>\n<tr>\n<td width=\"168\">Error de repetibilidad<\/td>\n<td width=\"454\">\u00a0&lt;1%<\/td>\n<\/tr>\n<tr>\n<td width=\"168\">Conexi\u00f3n el\u00e9ctrica<\/td>\n<td width=\"454\">M20*1,5 Hembra, bajo pedido<\/td>\n<\/tr>\n<tr>\n<td width=\"168\">Temperatura ambiente<\/td>\n<td width=\"454\">-40\u2103 \uff5e +85\u2103<\/td>\n<\/tr>\n<tr>\n<td width=\"168\">Humedad ambiental<\/td>\n<td width=\"454\">5%\uff5e95%<\/td>\n<\/tr>\n<tr>\n<td width=\"168\">Vida \u00fatil<\/td>\n<td width=\"454\">10^5 de circulaci\u00f3n<\/td>\n<\/tr>\n<tr>\n<td width=\"168\">Antidetonante<\/td>\n<td width=\"454\">&lt; M\u00e1x . 2g<\/td>\n<\/tr>\n<tr>\n<td width=\"168\">Grado a prueba de explosivos<\/td>\n<td width=\"454\">ExedIICT6<\/td>\n<\/tr>\n<tr>\n<td width=\"168\">Tarifa de contacto<\/td>\n<td width=\"454\">Vmax=380V\uff0cImax=15A<\/p>\n<p>Si tiene necesidades especiales, cons\u00faltenos<\/td>\n<\/tr>\n<tr>\n<td width=\"168\">Salida<\/td>\n<td width=\"454\">SPDT (NO,COM, NC)<\/td>\n<\/tr>\n<\/tbody>\n<\/table>\n<p><strong>Informaci\u00f3n de pedido del presostato de membrana<\/strong><\/p>\n<p><strong>Presostato serie KGSP-K:<\/strong> Diafragma de caucho nitr\u00edlico y junta t\u00f3rica, conexi\u00f3n a proceso: G 1\/4F (puede personalizarse otro tipo de conexi\u00f3n a proceso)<\/p>\n<table>\n<tbody>\n<tr>\n<td width=\"102\">Modelo<\/td>\n<td width=\"104\">Gama<\/td>\n<td width=\"113\">Zona muerta<\/td>\n<td width=\"161\">Frecuencia de conmutaci\u00f3n<\/td>\n<td width=\"142\">Material del sensor<\/td>\n<\/tr>\n<tr>\n<td width=\"102\">KGSP-K -K0010<\/td>\n<td width=\"104\">30\uff5e1000Pa<\/td>\n<td width=\"113\">\u226430Pa<\/td>\n<td width=\"161\">10 veces por minuto<\/td>\n<td width=\"142\">Caucho nitr\u00edlico<\/td>\n<\/tr>\n<tr>\n<td width=\"102\">KGSP-K -K0060<\/td>\n<td width=\"104\">0,5\uff5e6KPa<\/td>\n<td width=\"113\">\u22640,2KPa<\/td>\n<td width=\"161\">10 veces por minuto<\/td>\n<td width=\"142\">Caucho nitr\u00edlico<\/td>\n<\/tr>\n<tr>\n<td width=\"102\">KGSP-K -K0150<\/td>\n<td width=\"104\">1\uff5e50KPa<\/td>\n<td width=\"113\">\u22640,5KPa<\/td>\n<td width=\"161\">10 veces por minuto<\/td>\n<td width=\"142\">Caucho nitr\u00edlico<\/td>\n<\/tr>\n<\/tbody>\n<\/table>\n<p>&nbsp;<\/p>\n<p><strong>Presostato serie KGSP- G:<\/strong> Soldar diafragma de acero inoxidable 316L, conexi\u00f3n a proceso: G 1\/4F (puede personalizarse otro tipo de conexi\u00f3n a proceso)<\/p>\n<table>\n<tbody>\n<tr>\n<td width=\"114\">Modelo<\/td>\n<td width=\"114\">Gama<\/td>\n<td width=\"114\">Zona muerta<\/td>\n<td width=\"139\">Frecuencia de conmutaci\u00f3n<\/td>\n<td width=\"142\">Material del sensor<\/td>\n<\/tr>\n<tr>\n<td width=\"114\">KGSP-G0010<\/td>\n<td width=\"114\">30\uff5e1000Pa<\/td>\n<td width=\"114\">\u226430Pa<\/td>\n<td width=\"139\">10 veces por minuto<\/td>\n<td width=\"142\">316L<\/td>\n<\/tr>\n<tr>\n<td width=\"114\">KGSP-G0060<\/td>\n<td width=\"114\">0,5\uff5e6KPa<\/td>\n<td width=\"114\">\u22640,2KPa<\/td>\n<td width=\"139\">10 veces por minuto<\/td>\n<td width=\"142\">316L<\/td>\n<\/tr>\n<tr>\n<td width=\"114\">KGSP-G0150<\/td>\n<td width=\"114\">1\uff5e50KPa<\/td>\n<td width=\"114\">\u22640,5KPa<\/td>\n<td width=\"139\">10 veces por minuto<\/td>\n<td width=\"142\">316L<\/td>\n<\/tr>\n<\/tbody>\n<\/table>\n<p>&nbsp;<\/p>\n<p><strong>Presostato de la serie KGSP-KM:<\/strong> Diafragma de caucho nitr\u00edlico y junta t\u00f3rica, conexi\u00f3n a proceso: 1\/2 NPTF (puede personalizarse otro tipo de conexi\u00f3n de proceso)<\/p>\n<table>\n<tbody>\n<tr>\n<td width=\"114\">Modelo<\/td>\n<td width=\"118\">Gama<\/td>\n<td width=\"109\">Zona muerta<\/td>\n<td width=\"139\">Frecuencia de conmutaci\u00f3n<\/td>\n<td width=\"142\">Material del sensor<\/td>\n<\/tr>\n<tr>\n<td width=\"114\">KGSP-KM 0160<\/td>\n<td width=\"118\">0,006\uff5e0,16MPa<\/td>\n<td width=\"109\">\u22640,004MPa<\/td>\n<td width=\"139\">20 veces por minuto<\/td>\n<td width=\"142\">Caucho nitr\u00edlico<\/td>\n<\/tr>\n<tr>\n<td width=\"114\">KGSP-KM 0400<\/td>\n<td width=\"118\">0,01\uff5e0,4MPa<\/td>\n<td width=\"109\">\u22640,02MPa<\/td>\n<td width=\"139\">20 veces por minuto<\/td>\n<td width=\"142\">Caucho nitr\u00edlico<\/td>\n<\/tr>\n<tr>\n<td width=\"114\">KGSP-KM 1000<\/td>\n<td width=\"118\">0,02\uff5e1,0MPa<\/td>\n<td width=\"109\">\u22640,025MPa<\/td>\n<td width=\"139\">20 veces por minuto<\/td>\n<td width=\"142\">Caucho nitr\u00edlico<\/td>\n<\/tr>\n<tr>\n<td width=\"114\">KGSP-KM1600<\/td>\n<td width=\"118\">0,05\uff5e1,6MPa<\/td>\n<td width=\"109\">\u22640,25MPa<\/td>\n<td width=\"139\">20 veces por minuto<\/td>\n<td width=\"142\">Caucho nitr\u00edlico<\/td>\n<\/tr>\n<tr>\n<td width=\"114\">KGSP-KM2500<\/td>\n<td width=\"118\">0,05\uff5e2,5MPa<\/td>\n<td width=\"109\">\u22640,25MPa<\/td>\n<td width=\"139\">20 veces por minuto<\/td>\n<td width=\"142\">Caucho nitr\u00edlico<\/td>\n<\/tr>\n<tr>\n<td width=\"114\">KGSP-KM6000<\/td>\n<td width=\"118\">0,3\uff5e6MPa<\/td>\n<td width=\"109\">\u22640,3MPa<\/td>\n<td width=\"139\">20 veces por minuto<\/td>\n<td width=\"142\">Caucho nitr\u00edlico<\/td>\n<\/tr>\n<tr>\n<td width=\"114\">KGSP-KMG100<\/td>\n<td width=\"118\">0,6\uff5e10MPa<\/td>\n<td width=\"109\">\u22640,4MPa<\/td>\n<td width=\"139\">20 veces por minuto<\/td>\n<td width=\"142\">Caucho nitr\u00edlico<\/td>\n<\/tr>\n<\/tbody>\n<\/table>\n<p>&nbsp;<\/p>\n<p><strong>Presostato de la serie KGSP-GM:<\/strong> Soldar diafragma de acero inoxidable 316L, conexi\u00f3n a proceso: 1\/2 NPTF (puede personalizar otro tipo de conexi\u00f3n de proceso)<\/p>\n<table>\n<tbody>\n<tr>\n<td width=\"114\">Modelo<\/td>\n<td width=\"118\">Gama<\/td>\n<td width=\"109\">Zona muerta<\/td>\n<td width=\"139\">Frecuencia de conmutaci\u00f3n<\/td>\n<td width=\"142\">Material del sensor<\/td>\n<\/tr>\n<tr>\n<td width=\"114\">KGSP -GM0160<\/td>\n<td width=\"118\">0,006\uff5e0,16MPa<\/td>\n<td width=\"109\">\u22640,004MPa<\/td>\n<td width=\"139\">20 veces por minuto<\/td>\n<td width=\"142\">316L<\/td>\n<\/tr>\n<tr>\n<td width=\"114\">KGSP -GM0400<\/td>\n<td width=\"118\">0,01\uff5e0,4MPa<\/td>\n<td width=\"109\">\u22640,02MPa<\/td>\n<td width=\"139\">20 veces por minuto<\/td>\n<td width=\"142\">316L<\/td>\n<\/tr>\n<tr>\n<td width=\"114\">KGSP -GM1000<\/td>\n<td width=\"118\">0,02\uff5e1,0MPa<\/td>\n<td width=\"109\">\u22640,025MPa<\/td>\n<td width=\"139\">20 veces por minuto<\/td>\n<td width=\"142\">316L<\/td>\n<\/tr>\n<tr>\n<td width=\"114\">KGSP -GM1600<\/td>\n<td width=\"118\">0,05\uff5e1,6MPa<\/td>\n<td width=\"109\">\u22640,25MPa<\/td>\n<td width=\"139\">20 veces por minuto<\/td>\n<td width=\"142\">316L<\/td>\n<\/tr>\n<tr>\n<td width=\"114\">KGSP -GM2500<\/td>\n<td width=\"118\">0,05\uff5e2,5MPa<\/td>\n<td width=\"109\">\u22640,25MPa<\/td>\n<td width=\"139\">20 veces por minuto<\/td>\n<td width=\"142\">316L<\/td>\n<\/tr>\n<tr>\n<td width=\"114\">KGSP -GM6000<\/td>\n<td width=\"118\">0,3\uff5e6MPa<\/td>\n<td width=\"109\">\u22640,3MPa<\/td>\n<td width=\"139\">20 veces por minuto<\/td>\n<td width=\"142\">316L<\/td>\n<\/tr>\n<tr>\n<td width=\"114\">KGSP -GMG100<\/td>\n<td width=\"118\">0,6\uff5e10MPa<\/td>\n<td width=\"109\">\u22640,4MPa<\/td>\n<td width=\"139\">20 veces por minuto<\/td>\n<td width=\"142\">316L<\/td>\n<\/tr>\n<\/tbody>\n<\/table>\n<p>&nbsp;<\/p>\n<p><strong>Presostato de la serie KGSP-GH:<\/strong> Pist\u00f3n de acero inoxidable 304, conexi\u00f3n a proceso 1\/2 NPTF (puede personalizar otro tipo de conexi\u00f3n de proceso)<\/p>\n<table>\n<tbody>\n<tr>\n<td width=\"122\">Modelo<\/td>\n<td width=\"110\">Gama<\/td>\n<td width=\"109\">Zona muerta<\/td>\n<td width=\"139\">Frecuencia de conmutaci\u00f3n<\/td>\n<td width=\"142\">Material del sensor<\/td>\n<\/tr>\n<tr>\n<td width=\"122\">KGSP -GH100<\/td>\n<td width=\"110\">1\uff5e10MPa<\/td>\n<td width=\"109\">\u22640,4MPa<\/td>\n<td width=\"139\">20 veces por minuto<\/td>\n<td width=\"142\">304<\/td>\n<\/tr>\n<tr>\n<td width=\"122\">KGSP -GH160<\/td>\n<td width=\"110\">1\uff5e16MPa<\/td>\n<td width=\"109\">\u22640,5MPa<\/td>\n<td width=\"139\">20 veces por minuto<\/td>\n<td width=\"142\">304<\/td>\n<\/tr>\n<tr>\n<td width=\"122\">KGSP -GH250<\/td>\n<td width=\"110\">2\uff5e25MPa<\/td>\n<td width=\"109\">\u22640.6MPa<\/td>\n<td width=\"139\">20 veces por minuto<\/td>\n<td width=\"142\">304<\/td>\n<\/tr>\n<tr>\n<td width=\"122\">KGSP -GH400<\/td>\n<td width=\"110\">2\uff5e40MPa<\/td>\n<td width=\"109\">\u22640.8MPa<\/td>\n<td width=\"139\">20 veces por minuto<\/td>\n<td width=\"142\">304<\/td>\n<\/tr>\n<\/tbody>\n<\/table>\n<p>&nbsp;<\/p>\n<p><strong>KGSP-KG series pressure switch:<\/strong> Diafragma de caucho nitr\u00edlico y junta t\u00f3rica, conexi\u00f3n a proceso: 1\/2 NPTF (puede personalizarse otro tipo de conexi\u00f3n de proceso)<\/p>\n<table>\n<tbody>\n<tr>\n<td width=\"122\">Modelo<\/td>\n<td width=\"110\">Gama<\/td>\n<td width=\"109\">Zona muerta<\/td>\n<td width=\"139\">Frecuencia de conmutaci\u00f3n<\/td>\n<td width=\"142\">Material del sensor<\/td>\n<\/tr>\n<tr>\n<td width=\"122\">KGSP-KG100<\/td>\n<td width=\"110\">1\uff5e10MPa<\/td>\n<td width=\"109\">\u22640,4MPa<\/td>\n<td width=\"139\">20 veces por minuto<\/td>\n<td width=\"142\">Caucho nitr\u00edlico<\/td>\n<\/tr>\n<tr>\n<td width=\"122\">KGSP -KG160<\/td>\n<td width=\"110\">1\uff5e16MPa<\/td>\n<td width=\"109\">\u22640,5MPa<\/td>\n<td width=\"139\">20 veces por minuto<\/td>\n<td width=\"142\">Caucho nitr\u00edlico<\/td>\n<\/tr>\n<tr>\n<td width=\"122\">KGSP -KG250<\/td>\n<td width=\"110\">2\uff5e25MPa<\/td>\n<td width=\"109\">\u22640.6MPa<\/td>\n<td width=\"139\">20 veces por minuto<\/td>\n<td width=\"142\">Caucho nitr\u00edlico<\/td>\n<\/tr>\n<tr>\n<td width=\"122\">KGSP -KG400<\/td>\n<td width=\"110\">2\uff5e40MPa<\/td>\n<td width=\"109\">\u22640.8MPa<\/td>\n<td width=\"139\">20 veces por minuto<\/td>\n<td width=\"142\">Caucho nitr\u00edlico<\/td>\n<\/tr>\n<\/tbody>\n<\/table>\n<p>&nbsp;<\/p>\n<p><strong>Diaphragm seal type pressure switch<\/strong><\/p>\n<p><strong>Order information of Diaphragm seal type pressure switch<\/strong><\/p>\n<p><strong>Presostato de la serie KGSP-GM:<\/strong> Weld 316L stainless steel diaphragm, can customize process connection)<\/p>\n<table>\n<tbody>\n<tr>\n<td width=\"131\">Modelo<\/td>\n<td width=\"115\">Gama<\/td>\n<td width=\"110\">Zona muerta<\/td>\n<td width=\"133\">Frecuencia de conmutaci\u00f3n<\/td>\n<td width=\"132\">Material del sensor<\/td>\n<\/tr>\n<tr>\n<td width=\"131\">KGSP-GM0160GL<\/td>\n<td width=\"115\">0,006\uff5e0,16MPa<\/td>\n<td width=\"110\">\u22640,004MPa<\/td>\n<td width=\"133\">20 veces por minuto<\/td>\n<td width=\"132\">316L<\/td>\n<\/tr>\n<tr>\n<td width=\"131\">KGSP -GM1000GL<\/td>\n<td width=\"115\">0,02\uff5e1,0MPa<\/td>\n<td width=\"110\">\u22640,02MPa<\/td>\n<td width=\"133\">20 veces por minuto<\/td>\n<td width=\"132\">316L<\/td>\n<\/tr>\n<tr>\n<td width=\"131\">KGSP -GM2500GL<\/td>\n<td width=\"115\">0,05\uff5e2,5MPa<\/td>\n<td width=\"110\">\u22640,03MPa<\/td>\n<td width=\"133\">20 veces por minuto<\/td>\n<td width=\"132\">316L<\/td>\n<\/tr>\n<tr>\n<td width=\"131\">KGSP -GM6000GL<\/td>\n<td width=\"115\">0,3\uff5e6MPa<\/td>\n<td width=\"110\">\u22640.035MPa<\/td>\n<td width=\"133\">20 veces por minuto<\/td>\n<td width=\"132\">316L<\/td>\n<\/tr>\n<tr>\n<td width=\"131\">KGSP -GMG100GL<\/td>\n<td width=\"115\">1\uff5e10MPa<\/td>\n<td width=\"110\">\u22640.35MPa<\/td>\n<td width=\"133\">20 veces por minuto<\/td>\n<td width=\"132\">316L<\/td>\n<\/tr>\n<tr>\n<td width=\"131\">KGSP -GMG160GL<\/td>\n<td width=\"115\">1\uff5e16MPa<\/td>\n<td width=\"110\">\u22640.35MPa<\/td>\n<td width=\"133\">20 veces por minuto<\/td>\n<td width=\"132\">316L<\/td>\n<\/tr>\n<tr>\n<td width=\"131\">KGSP -GMG250GL<\/td>\n<td width=\"115\">2\uff5e25MPa<\/td>\n<td width=\"110\">\u22640.6MPa<\/td>\n<td width=\"133\">20 veces por minuto<\/td>\n<td width=\"132\">316L<\/td>\n<\/tr>\n<\/tbody>\n<\/table>\n<p><strong>Note:<\/strong> If need capillary connection, please indicate the length of capillary; Sensor material can be customized; pressure element can select Diaphragm seal.<\/p>\n<p>&nbsp;<\/p>\n<p><strong>Diaphragm type Negative pressure switch<\/strong><\/p>\n<p><strong>Order information of Diaphragm type Negative pressure switch<\/strong><\/p>\n<p><strong>KGSV-K series pressure switch:<\/strong> Nitrile rubber diaphragm and O-ring, process connection: G 1\/4 F (can customize other type process connection)<\/p>\n<table>\n<tbody>\n<tr>\n<td width=\"114\">Modelo<\/td>\n<td width=\"130\">Gama<\/td>\n<td width=\"97\">Zona muerta<\/td>\n<td width=\"139\">Frecuencia de conmutaci\u00f3n<\/td>\n<td width=\"132\">Material del sensor<\/td>\n<\/tr>\n<tr>\n<td width=\"114\">KGSV-KK0020<\/td>\n<td width=\"130\">2\uff5e0\uff5e2KPa<\/td>\n<td width=\"97\">\u226430Pa<\/td>\n<td width=\"139\">10 veces por minuto<\/td>\n<td width=\"132\">Caucho nitr\u00edlico<\/td>\n<\/tr>\n<tr>\n<td width=\"114\">KGSV-KK0100<\/td>\n<td width=\"130\">10\uff5e0\uff5e10KPa<\/td>\n<td width=\"97\">\u22640,2KPa<\/td>\n<td width=\"139\">10 veces por minuto<\/td>\n<td width=\"132\">Caucho nitr\u00edlico<\/td>\n<\/tr>\n<tr>\n<td width=\"114\">KGSV-KM0100<\/td>\n<td width=\"130\">-0.1\uff5e0\uff5e0.1MPa<\/td>\n<td width=\"97\">\u22640,004MPa<\/td>\n<td width=\"139\">20 veces por minuto<\/td>\n<td width=\"132\">Caucho nitr\u00edlico<\/td>\n<\/tr>\n<\/tbody>\n<\/table>\n<p>&nbsp;<\/p>\n<p><strong>KGSV-GK series pressure switch:<\/strong> Soldar diafragma de acero inoxidable 316L, conexi\u00f3n a proceso: G 1\/4F (puede personalizarse otro tipo de conexi\u00f3n a proceso)<\/p>\n<table>\n<tbody>\n<tr>\n<td width=\"114\">Modelo<\/td>\n<td width=\"118\">Gama<\/td>\n<td width=\"109\">Zona muerta<\/td>\n<td width=\"139\">Frecuencia de conmutaci\u00f3n<\/td>\n<td width=\"132\">Material del sensor<\/td>\n<\/tr>\n<tr>\n<td width=\"114\">KGSV-GK0020<\/td>\n<td width=\"118\">2\uff5e0\uff5e2KPa<\/td>\n<td width=\"109\">\u226430Pa<\/td>\n<td width=\"139\">10 veces por minuto<\/td>\n<td width=\"132\">316L<\/td>\n<\/tr>\n<tr>\n<td width=\"114\">KGSV-GK0100<\/td>\n<td width=\"118\">10\uff5e0\uff5e10KPa<\/td>\n<td width=\"109\">\u22640,2KPa<\/td>\n<td width=\"139\">10 veces por minuto<\/td>\n<td width=\"132\">316L<\/td>\n<\/tr>\n<\/tbody>\n<\/table>\n<p>&nbsp;<\/p>\n<p><strong>KGSV-GM series pressure switch:<\/strong> Soldar diafragma de acero inoxidable 316L, conexi\u00f3n a proceso: 1\/2 NPTF (puede personalizar otro tipo de conexi\u00f3n de proceso)<\/p>\n<table>\n<tbody>\n<tr>\n<td width=\"113\">Modelo<\/td>\n<td width=\"119\">Gama<\/td>\n<td width=\"109\">Zona muerta<\/td>\n<td width=\"139\">Frecuencia de conmutaci\u00f3n<\/td>\n<td width=\"132\">Material del sensor<\/td>\n<\/tr>\n<tr>\n<td width=\"113\">KGSV-GM0100<\/td>\n<td width=\"119\">-0.1\uff5e0\uff5e0.1MPa<\/td>\n<td width=\"109\">\u22640,004MPa<\/td>\n<td width=\"139\">20 veces por minuto<\/td>\n<td width=\"132\">316L<\/td>\n<\/tr>\n<\/tbody>\n<\/table>\n<p>&nbsp;<\/p>\n<p><strong>A<\/strong><strong>dditional option code of pressure switch<\/strong><\/p>\n<table>\n<tbody>\n<tr>\n<td width=\"87\">E<\/td>\n<td width=\"525\">Explosion-proof: Exd IICT6, Temp = -40 ~71\u2103<\/td>\n<\/tr>\n<tr>\n<td width=\"87\">D1<\/td>\n<td width=\"525\">DPDT Synchronization option<\/td>\n<\/tr>\n<tr>\n<td width=\"87\">D2<\/td>\n<td width=\"525\">DPDT asynchronism option<\/td>\n<\/tr>\n<tr>\n<td width=\"87\">A<\/td>\n<td width=\"525\">High contact capacity<\/td>\n<\/tr>\n<tr>\n<td width=\"87\">B<\/td>\n<td width=\"525\">Tag number stainless steel plate<\/td>\n<\/tr>\n<tr>\n<td width=\"87\">N<\/td>\n<td width=\"525\">Special process connection interface (indicate the specification)<\/td>\n<\/tr>\n<tr>\n<td width=\"87\">M1<\/td>\n<td width=\"525\">Factory sets one alarm point for the switch<\/td>\n<\/tr>\n<tr>\n<td width=\"87\">M2<\/td>\n<td width=\"525\">Factory sets two alarm points for the switch<\/td>\n<\/tr>\n<tr>\n<td width=\"87\">Z1<\/td>\n<td width=\"525\">Bracket of flat mounting<\/td>\n<\/tr>\n<tr>\n<td width=\"87\">Z2<\/td>\n<td width=\"525\">Bracket of &#8220;U&#8221; tube mounting<\/td>\n<\/tr>\n<\/tbody>\n<\/table>","protected":false},"excerpt":{"rendered":"<p>El presostato de diafragma es un interruptor controlado por presi\u00f3n que se utiliza habitualmente en sistemas de control autom\u00e1tico. Cuando el valor de la presi\u00f3n alcanza el punto de ajuste, se abrir\u00e1 o cerrar\u00e1 autom\u00e1ticamente. El interruptor de presi\u00f3n restablecer\u00e1 el estado original cuando el valor de la presi\u00f3n sea inferior al punto de ajuste.<\/p>","protected":false},"featured_media":3282,"comment_status":"closed","ping_status":"closed","template":"","meta":[],"product_cat":[2360],"product_tag":[],"acf":[],"_links":{"self":[{"href":"https:\/\/www.hginstrument.com\/es\/wp-json\/wp\/v2\/product\/3289"}],"collection":[{"href":"https:\/\/www.hginstrument.com\/es\/wp-json\/wp\/v2\/product"}],"about":[{"href":"https:\/\/www.hginstrument.com\/es\/wp-json\/wp\/v2\/types\/product"}],"replies":[{"embeddable":true,"href":"https:\/\/www.hginstrument.com\/es\/wp-json\/wp\/v2\/comments?post=3289"}],"wp:featuredmedia":[{"embeddable":true,"href":"https:\/\/www.hginstrument.com\/es\/wp-json\/wp\/v2\/media\/3282"}],"wp:attachment":[{"href":"https:\/\/www.hginstrument.com\/es\/wp-json\/wp\/v2\/media?parent=3289"}],"wp:term":[{"taxonomy":"product_cat","embeddable":true,"href":"https:\/\/www.hginstrument.com\/es\/wp-json\/wp\/v2\/product_cat?post=3289"},{"taxonomy":"product_tag","embeddable":true,"href":"https:\/\/www.hginstrument.com\/es\/wp-json\/wp\/v2\/product_tag?post=3289"}],"curies":[{"name":"wp","href":"https:\/\/api.w.org\/{rel}","templated":true}]}}