{"id":3291,"date":"2023-04-26T14:12:25","date_gmt":"2023-04-26T06:12:25","guid":{"rendered":"https:\/\/www.hginstrument.com\/?post_type=product&#038;p=3291"},"modified":"2023-04-26T14:12:25","modified_gmt":"2023-04-26T06:12:25","slug":"differential-pressure-switch","status":"publish","type":"product","link":"https:\/\/www.hginstrument.com\/es\/pressure-switch\/differential-pressure-switch\/","title":{"rendered":"Presostato diferencial"},"content":{"rendered":"<p><strong>Presostato diferencial (tipo diafragma )<\/strong><\/p>\n<p><strong>\u00a0Informaci\u00f3n de pedido del presostato diferencial<\/strong><\/p>\n<p><strong>Presostato diferencial serie KGSC- GM: <\/strong>Diafragma de acero inoxidable 316L soldado, conexi\u00f3n a proceso: G 1\/4F (puede personalizar otro tipo de conexi\u00f3n de proceso), si la solicitud a prueba de explosiones, el n\u00famero de modelo se a\u00f1adir\u00e1 \"<strong>-E<\/strong>\"como sufijo.<\/p>\n<table>\n<tbody>\n<tr>\n<td width=\"114\">Modelo<\/td>\n<td width=\"118\">Gama<\/td>\n<td width=\"109\">Zona muerta<\/td>\n<td width=\"139\">Frecuencia de conmutaci\u00f3n<\/td>\n<td width=\"142\">Material del sensor<\/td>\n<\/tr>\n<tr>\n<td width=\"114\">KGSC-GM0400<\/td>\n<td width=\"118\">0,02\uff5e0,4MPa<\/td>\n<td width=\"109\">\u00a0\u22640,03MPa<\/td>\n<td width=\"139\">20 veces por minuto<\/td>\n<td width=\"142\">316L<\/td>\n<\/tr>\n<tr>\n<td width=\"114\">KGSC-GM1600<\/td>\n<td width=\"118\">0,05\uff5e1,6MPa<\/td>\n<td width=\"109\">\u22640,2MPa<\/td>\n<td width=\"139\">20 veces por minuto<\/td>\n<td width=\"142\">316L<\/td>\n<\/tr>\n<tr>\n<td width=\"114\">KGSC-GM2500<\/td>\n<td width=\"118\">0,05\uff5e2,5MPa<\/td>\n<td width=\"109\">\u00a0\u22640,25MPa<\/td>\n<td width=\"139\">20 veces por minuto<\/td>\n<td width=\"142\">316L<\/td>\n<\/tr>\n<\/tbody>\n<\/table>\n<p>&nbsp;<\/p>\n<p><strong>Serie KGSC-K<\/strong> <strong>presostato diferencial:<\/strong> Diafragma y junta t\u00f3rica de caucho nitr\u00edlico, conexi\u00f3n a proceso: G 1\/4F (puede personalizar otro tipo de conexi\u00f3n de proceso), si se solicita a prueba de explosiones, el n\u00famero de modelo se a\u00f1adir\u00e1 \"<strong>-E<\/strong>\"como sufijo. Las partes h\u00famedas son de aleaci\u00f3n de aluminio para presi\u00f3n diferencial Micro.<\/p>\n<table>\n<tbody>\n<tr>\n<td width=\"114\">Modelo<\/td>\n<td width=\"118\">Gama<\/td>\n<td width=\"109\">Zona muerta<\/td>\n<td width=\"139\">Frecuencia de conmutaci\u00f3n<\/td>\n<td width=\"142\">Material del sensor<\/td>\n<\/tr>\n<tr>\n<td width=\"114\">KGSC-K0020<\/td>\n<td width=\"118\">0\uff5e2KPa<\/td>\n<td width=\"109\">\u226430Pa<\/td>\n<td width=\"139\">10 veces por minuto<\/td>\n<td width=\"142\">Caucho nitr\u00edlico<\/td>\n<\/tr>\n<tr>\n<td width=\"114\">KGSC -K0060<\/td>\n<td width=\"118\">0,5\uff5e6KPa<\/td>\n<td width=\"109\">\u22640,2KPa<\/td>\n<td width=\"139\">10 veces por minuto<\/td>\n<td width=\"142\">Caucho nitr\u00edlico<\/td>\n<\/tr>\n<tr>\n<td width=\"114\">KGSC -K0250<\/td>\n<td width=\"118\">1\uff5e25KPa<\/td>\n<td width=\"109\">\u22640,3KPa<\/td>\n<td width=\"139\">10 veces por minuto<\/td>\n<td width=\"142\">Caucho nitr\u00edlico<\/td>\n<\/tr>\n<\/tbody>\n<\/table>\n<p>&nbsp;<\/p>\n<p><strong>Presostato diferencial serie KGSC- G: <\/strong>Diafragma de acero inoxidable 316L soldado, conexi\u00f3n a proceso: G 1\/4F (puede personalizar otro tipo de conexi\u00f3n de proceso), si la solicitud a prueba de explosiones, el n\u00famero de modelo se a\u00f1adir\u00e1 \"<strong>-E<\/strong>\"como sufijo. Las partes h\u00famedas son de aleaci\u00f3n de aluminio para presi\u00f3n diferencial Micro.<\/p>\n<table>\n<tbody>\n<tr>\n<td width=\"114\">Modelo<\/td>\n<td width=\"118\">Gama<\/td>\n<td width=\"109\">Zona muerta<\/td>\n<td width=\"139\">Frecuencia de conmutaci\u00f3n<\/td>\n<td width=\"142\">Material del sensor<\/td>\n<\/tr>\n<tr>\n<td width=\"114\">KGSC-G0020<\/td>\n<td width=\"118\">0\uff5e2KPa<\/td>\n<td width=\"109\">\u226430Pa<\/td>\n<td width=\"139\">10 veces por minuto<\/td>\n<td width=\"142\">316L<\/td>\n<\/tr>\n<tr>\n<td width=\"114\">KGSC-G0060<\/td>\n<td width=\"118\">0,5\uff5e6KPa<\/td>\n<td width=\"109\">\u22640,2KPa<\/td>\n<td width=\"139\">10 veces por minuto<\/td>\n<td width=\"142\">316L<\/td>\n<\/tr>\n<tr>\n<td width=\"114\">KGSC -G0250<\/td>\n<td width=\"118\">1\uff5e25KPa<\/td>\n<td width=\"109\">\u22640,3KPa<\/td>\n<td width=\"139\">10 veces por minuto<\/td>\n<td width=\"142\">316L<\/td>\n<\/tr>\n<\/tbody>\n<\/table>","protected":false},"excerpt":{"rendered":"<p>El presostato diferencial es un interruptor mec\u00e1nico, hay un diafragma o fuelle en la c\u00e1mara de presi\u00f3n que divide la c\u00e1mara en dos c\u00e1maras, una es para conectar el extremo de baja presi\u00f3n y otra es para conectar el extremo de alta presi\u00f3n. (no invierta la conexi\u00f3n; de lo contrario, el diafragma o fuelle se da\u00f1ar\u00e1), la presi\u00f3n alta y baja se cancelan entre s\u00ed para formar el valor de presi\u00f3n diferencial. El valor de presi\u00f3n diferencial causar\u00e1 el cambio el\u00e1stico del elemento sensor de presi\u00f3n mec\u00e1nica, cuando el valor de presi\u00f3n diferencial alcance el punto de ajuste, el interruptor de presi\u00f3n diferencial emitir\u00e1 la se\u00f1al de conmutaci\u00f3n. Cuando los contactos NO y NC del presostato diferencial se conectan al rel\u00e9 o PLC, significa que el presostato diferencial ha entrado en el sistema de control.<\/p>","protected":false},"featured_media":3284,"comment_status":"closed","ping_status":"closed","template":"","meta":[],"product_cat":[2360],"product_tag":[],"acf":[],"_links":{"self":[{"href":"https:\/\/www.hginstrument.com\/es\/wp-json\/wp\/v2\/product\/3291"}],"collection":[{"href":"https:\/\/www.hginstrument.com\/es\/wp-json\/wp\/v2\/product"}],"about":[{"href":"https:\/\/www.hginstrument.com\/es\/wp-json\/wp\/v2\/types\/product"}],"replies":[{"embeddable":true,"href":"https:\/\/www.hginstrument.com\/es\/wp-json\/wp\/v2\/comments?post=3291"}],"wp:featuredmedia":[{"embeddable":true,"href":"https:\/\/www.hginstrument.com\/es\/wp-json\/wp\/v2\/media\/3284"}],"wp:attachment":[{"href":"https:\/\/www.hginstrument.com\/es\/wp-json\/wp\/v2\/media?parent=3291"}],"wp:term":[{"taxonomy":"product_cat","embeddable":true,"href":"https:\/\/www.hginstrument.com\/es\/wp-json\/wp\/v2\/product_cat?post=3291"},{"taxonomy":"product_tag","embeddable":true,"href":"https:\/\/www.hginstrument.com\/es\/wp-json\/wp\/v2\/product_tag?post=3291"}],"curies":[{"name":"wp","href":"https:\/\/api.w.org\/{rel}","templated":true}]}}