{"id":4259,"date":"2023-12-22T11:16:33","date_gmt":"2023-12-22T03:16:33","guid":{"rendered":"https:\/\/www.hginstrument.com\/?post_type=product&#038;p=4259"},"modified":"2024-01-09T17:03:53","modified_gmt":"2024-01-09T09:03:53","slug":"2-water-flow-meter","status":"publish","type":"product","link":"https:\/\/www.hginstrument.com\/es\/magnetic-flow-meter\/2-water-flow-meter\/","title":{"rendered":"2 caudal\u00edmetro de agua"},"content":{"rendered":"<p>2 lo convierten en una herramienta importante para mantener una gesti\u00f3n \u00f3ptima del caudal en procesos industriales complejos. Adem\u00e1s, puede integrarse f\u00e1cilmente con otros dispositivos y sistemas, proporcionando una comunicaci\u00f3n de datos sin fisuras y capacidades de registro de datos. El caudal\u00edmetro de agua 2 marca verdaderamente la pauta en tecnolog\u00eda de medici\u00f3n de caudal, proporcionando soluciones fiables y eficientes a empresas de todo el mundo.<\/p>\n<p>En el coraz\u00f3n de los caudal\u00edmetros de 2 aguas se encuentra la tecnolog\u00eda que mide y registra el caudal, proporcionando lecturas precisas y fiables. Hay diferentes tipos de caudal\u00edmetros de 2 aguas, como los magn\u00e9ticos, los ultras\u00f3nicos, los de coriolis y los de turbina, cada uno dise\u00f1ado para aplicaciones y tipos de fluidos espec\u00edficos.<\/p>\n<p>Uno de los medidores de caudal de agua 2 m\u00e1s avanzados y utilizados es el medidor de caudal de agua 2 electromagn\u00e9tico. Funciona seg\u00fan el principio de la Ley de Faraday de inducci\u00f3n electromagn\u00e9tica y es capaz de medir el caudal de fluidos conductores con una precisi\u00f3n y repetibilidad incre\u00edbles. Es adecuado para una gran variedad de fluidos, como agua, productos qu\u00edmicos y lodos.<\/p>\n<table class=\"table table-bordered\">\n<tbody>\n<tr>\n<td><span style=\"vertical-align: inherit;\"><span style=\"vertical-align: inherit;\">Tipo\uff1a<\/span><\/span><\/td>\n<td><span style=\"vertical-align: inherit;\">2 caudal\u00edmetro de agua<\/span><\/td>\n<td><span style=\"vertical-align: inherit;\"><span style=\"vertical-align: inherit;\">Se\u00f1al de salida\uff1a<\/span><\/span><\/td>\n<td><span style=\"vertical-align: inherit;\"><span style=\"vertical-align: inherit;\">4-23mA, Pulso\/Frecuencia 2kHz(Predeterminado), 5KHz(Max)<\/span><\/span><\/td>\n<\/tr>\n<tr>\n<td><span style=\"vertical-align: inherit;\"><span style=\"vertical-align: inherit;\">Lugar de origen\uff1a<\/span><\/span><\/td>\n<td><span style=\"vertical-align: inherit;\"><span style=\"vertical-align: inherit;\">Jiangsu\uff0cChina<\/span><\/span><\/td>\n<td><span style=\"vertical-align: inherit;\"><span style=\"vertical-align: inherit;\">Incorporar tipo\uff1a<\/span><\/span><\/td>\n<td><span style=\"vertical-align: inherit;\"><span style=\"vertical-align: inherit;\">-10\u2103- +55\u2103<\/span><\/span><\/td>\n<\/tr>\n<tr>\n<td><span style=\"vertical-align: inherit;\"><span style=\"vertical-align: inherit;\">Garant\u00eda\uff1a<\/span><\/span><\/td>\n<td><span style=\"vertical-align: inherit;\"><span style=\"vertical-align: inherit;\">20 meses<\/span><\/span><\/td>\n<td><span style=\"vertical-align: inherit;\"><span style=\"vertical-align: inherit;\">Tensi\u00f3n de alimentaci\u00f3n\uff1a<\/span><\/span><\/td>\n<td><span style=\"vertical-align: inherit;\"><span style=\"vertical-align: inherit;\">110\/220VAC (100-240VAC), 50Hz\/60Hz; 24VDC\u00b110%<\/span><\/span><\/td>\n<\/tr>\n<tr>\n<td><span style=\"vertical-align: inherit;\"><span style=\"vertical-align: inherit;\">Asistencia personalizada\uff1a<\/span><\/span><\/td>\n<td><span style=\"vertical-align: inherit;\"><span style=\"vertical-align: inherit;\">OEM, ODM, OBM<\/span><\/span><\/td>\n<td><span style=\"vertical-align: inherit;\"><span style=\"vertical-align: inherit;\">Comunicaci\u00f3n digital\uff1a<\/span><\/span><\/td>\n<td><span style=\"vertical-align: inherit;\"><span style=\"vertical-align: inherit;\">RS-485, compatible con el protocolo est\u00e1ndar Mudbugs-RTU; GPRS<\/span><\/span><\/td>\n<\/tr>\n<tr>\n<td><span style=\"vertical-align: inherit;\"><span style=\"vertical-align: inherit;\">Marca\uff1a<\/span><\/span><\/td>\n<td><span style=\"vertical-align: inherit;\"><span style=\"vertical-align: inherit;\">GRUPO SUYI<\/span><\/span><\/td>\n<td><span style=\"vertical-align: inherit;\"><span style=\"vertical-align: inherit;\">Presi\u00f3n nominal\uff1a<\/span><\/span><\/td>\n<td><span style=\"vertical-align: inherit;\"><span style=\"vertical-align: inherit;\">1MPa (DN15-DN800), 1,6MPa(DN15-DN800), 2,5MPa(DN15-DN600)<\/span><\/span><\/td>\n<\/tr>\n<tr>\n<td><span style=\"vertical-align: inherit;\"><span style=\"vertical-align: inherit;\">N\u00famero de modelo\uff1a<\/span><\/span><\/td>\n<td><span style=\"vertical-align: inherit;\"><span style=\"vertical-align: inherit;\">otros<\/span><\/span><\/td>\n<td><span style=\"vertical-align: inherit;\"><span style=\"vertical-align: inherit;\">Sensor\uff1a<\/span><\/span><\/td>\n<td><span style=\"vertical-align: inherit;\"><span style=\"vertical-align: inherit;\">0\u2103- +80\u2103 o -25\u2103- +120\u2103 o +70\u2103- +250\u2103<\/span><\/span><\/td>\n<\/tr>\n<tr>\n<td><span style=\"vertical-align: inherit;\"><span style=\"vertical-align: inherit;\">Nombre del producto\uff1a<\/span><\/span><\/td>\n<td><span style=\"vertical-align: inherit;\"><span style=\"vertical-align: inherit;\">Medidor de caudal de agua qu\u00edmico digital inteligente electromagn\u00e9tico<\/span><\/span><\/td>\n<td><span style=\"vertical-align: inherit;\"><span style=\"vertical-align: inherit;\">Detalles del embalaje\uff1a<\/span><\/span><\/td>\n<td><span style=\"vertical-align: inherit;\"><span style=\"vertical-align: inherit;\">1 Juego por paquete o seg\u00fan pedido del cliente<\/span><\/span><\/td>\n<\/tr>\n<tr>\n<td><span style=\"vertical-align: inherit;\"><span style=\"vertical-align: inherit;\">Di\u00e1metro nominal\uff1a<\/span><\/span><\/td>\n<td><span style=\"vertical-align: inherit;\"><span style=\"vertical-align: inherit;\">3-2518 mm<\/span><\/span><\/td>\n<td><span style=\"vertical-align: inherit;\"><span style=\"vertical-align: inherit;\">Capacidad de suministro\uff1a<\/span><\/span><\/td>\n<td><span style=\"vertical-align: inherit;\"><span style=\"vertical-align: inherit;\">1562 juegos\/conjuntos al mes<\/span><\/span><\/td>\n<\/tr>\n<tr>\n<td><span style=\"vertical-align: inherit;\"><span style=\"vertical-align: inherit;\">rango de velocidad\uff1a<\/span><\/span><\/td>\n<td><span style=\"vertical-align: inherit;\"><span style=\"vertical-align: inherit;\">0-10m\/s<\/span><\/span><\/td>\n<td><span style=\"vertical-align: inherit;\"><span style=\"vertical-align: inherit;\">Cantidad (juegos)\uff1a<\/span><\/span><\/td>\n<td><span style=\"vertical-align: inherit;\"><span style=\"vertical-align: inherit;\">&gt; 30<\/span><\/span><\/td>\n<\/tr>\n<tr>\n<td><span style=\"vertical-align: inherit;\"><span style=\"vertical-align: inherit;\">Grado de precisi\u00f3n\uff1a<\/span><\/span><\/td>\n<td><span style=\"vertical-align: inherit;\"><span style=\"vertical-align: inherit;\">\u00b10,5%R, \u00b11%R ( &lt; DN20)<\/span><\/span><\/td>\n<td><span style=\"vertical-align: inherit;\"><span style=\"vertical-align: inherit;\">Plazo de entrega (d\u00edas)\uff1a<\/span><\/span><\/td>\n<td><span style=\"vertical-align: inherit;\"><span style=\"vertical-align: inherit;\">A negociar<\/span><\/span><\/td>\n<\/tr>\n<\/tbody>\n<\/table>\n<p>&nbsp;<\/p>\n<p>&nbsp;<\/p>\n<p style=\"text-align: center;\"><img title=\"2 caudal\u00edmetro de agua\" src=\"https:\/\/www.hginstrument.com\/wp-content\/uploads\/2021\/07\/in-line-pipeline-type-hgd-electromagnetic-flow-meter.jpg\" \/><\/p>\n<p>&nbsp;<\/p>\n<p>&nbsp;<\/p>\n<p style=\"text-align: center;\"><img title=\"2 caudal\u00edmetro de agua\" src=\"https:\/\/www.hginstrument.com\/wp-content\/uploads\/2021\/07\/insertion-01.jpg\" \/><\/p>\n<p>&nbsp;<\/p>\n<p>&nbsp;<\/p>\n<p style=\"text-align: center;\"><img title=\"2 caudal\u00edmetro de agua\" src=\"https:\/\/www.hginstrument.com\/wp-content\/uploads\/2021\/07\/sanitary-mag-1.jpg\" \/><\/p>\n<p><strong>2 Gu\u00eda de preguntas frecuentes sobre caudal\u00edmetros de agua.<\/strong><\/p>\n<p>En el coraz\u00f3n de nuestra serie 2 de caudal\u00edmetros de agua se encuentra un compromiso con la excelencia, que combina una avanzada tecnolog\u00eda de sensores con interfaces f\u00e1ciles de usar. Desde l\u00edquidos hasta gases, nuestros medidores ofrecen una precisi\u00f3n sin precedentes, lo que le permite tomar decisiones informadas y agilizar las operaciones. A medida que iniciamos una nueva era en la medici\u00f3n de fluidos, le invitamos a explorar las posibilidades ilimitadas que abren nuestros caudal\u00edmetros de agua 2, donde la precisi\u00f3n se une al rendimiento y la innovaci\u00f3n fluye a la perfecci\u00f3n.<\/p>\n<div style=\"border: 3px solid #f89900; margin: 20px 0; padding: 20px;\"><a href=\"\/es\/2-water-flow-meter\/#01\">1.About 2 garant\u00eda del medidor de flujo de agua<\/a><br \/>\n<a href=\"\/es\/2-water-flow-meter\/#02\">2.About 2 medidor de flujo de agua almac\u00e9n de ultramar<\/a><br \/>\n<a href=\"\/es\/2-water-flow-meter\/#03\">3.\u00bfEs sustituible la unidad de medici\u00f3n del 2 caudal\u00edmetro de agua?<\/a><br \/>\n<a href=\"\/es\/2-water-flow-meter\/#04\">4.\u00bfTiene el caudal\u00edmetro 2 capacidad de almacenamiento de datos?<\/a><br \/>\n<a href=\"\/es\/2-water-flow-meter\/#05\">5.\u00bfEs el caudal\u00edmetro de agua 2 resistente al agua?<\/a><br \/>\n<a href=\"\/es\/2-water-flow-meter\/#06\">6.\u00bfSe puede controlar a distancia 2 caudal\u00edmetros de agua?<\/a><br \/>\n<a href=\"\/es\/2-water-flow-meter\/#07\">7.\u00bfC\u00f3mo calibrar un caudal\u00edmetro de agua 2?<\/a><br \/>\n<a href=\"\/es\/2-water-flow-meter\/#08\">8.About 2 medidor de flujo de agua almac\u00e9n de ultramar<\/a><br \/>\n<a href=\"\/es\/2-water-flow-meter\/#09\">9.\u00bfCu\u00e1l es la clasificaci\u00f3n antideflagrante de 2 caudal\u00edmetros de agua?<\/a><br \/>\n<a href=\"\/es\/2-water-flow-meter\/#010\">10.Acerca de la escala de 2 f\u00e1brica de medidor de flujo de agua<\/a><br \/>\n<a href=\"\/es\/2-water-flow-meter\/#11\">11.Acerca de 2 equipos de producci\u00f3n de caudal\u00edmetros de agua<\/a><br \/>\n<a href=\"\/es\/2-water-flow-meter\/#12\">12.Acerca de 2 Capacidades de I+D en caudal\u00edmetros de agua<\/a><br \/>\n<a href=\"\/es\/2-water-flow-meter\/#13\">13.Acerca de 2 caudal\u00edmetro de agua materias primas<\/a><\/div>\n<div id=\"01\">\n<p><strong>1.About 2 garant\u00eda del medidor de flujo de agua<\/strong><\/p>\n<p>Las garant\u00edas de los caudal\u00edmetros var\u00edan en funci\u00f3n del fabricante y del tipo de caudal\u00edmetro. Por lo general, las garant\u00edas cubren los defectos de materiales y mano de obra, y tambi\u00e9n pueden cubrir ciertos tipos de da\u00f1os causados por el uso normal. Algunas garant\u00edas tambi\u00e9n pueden cubrir los da\u00f1os causados por una instalaci\u00f3n o un uso inadecuados. Es importante leer la informaci\u00f3n sobre la garant\u00eda proporcionada por el fabricante para comprender la cobertura espec\u00edfica y las limitaciones de la garant\u00eda.<\/p>\n<\/div>\n<div id=\"02\">\n<p><strong>2.About 2 medidor de flujo de agua almac\u00e9n de ultramar<\/strong><\/p>\n<p>Los almacenes de caudal\u00edmetros en el extranjero son almacenes situados en pa\u00edses extranjeros que almacenan caudal\u00edmetros y productos relacionados. Estos almacenes se utilizan para almacenar y distribuir caudal\u00edmetros a clientes de distintos pa\u00edses. Suelen estar situados en pa\u00edses que tienen una gran demanda de caudal\u00edmetros, como Estados Unidos, Canad\u00e1 y Europa. Los almacenes suelen ser propiedad y estar gestionados por el fabricante de los caudal\u00edmetros o por un proveedor log\u00edstico externo. Los almacenes suelen tener una gran variedad de caudal\u00edmetros, incluidos los digitales, anal\u00f3gicos y ultras\u00f3nicos. Tambi\u00e9n suelen almacenar piezas de repuesto y accesorios para los caudal\u00edmetros.<\/p>\n<p><img style=\"max-width: 100%;\" title=\"Alrededor de 2 caudal\u00edmetros de agua almac\u00e9n de ultramar\" src=\"https:\/\/www.hginstrument.com\/wp-content\/uploads\/2021\/07\/hgtf-6.jpg\" alt=\"Alrededor de 2 caudal\u00edmetros de agua almac\u00e9n de ultramar\" \/><\/p>\n<\/div>\n<div id=\"03\">\n<p><strong>3.\u00bfEs sustituible la unidad de medici\u00f3n del 2 caudal\u00edmetro de agua?<\/strong><\/p>\n<p>Como uno de los 2 principales fabricantes de caudal\u00edmetros de agua de China, nos tomamos esto muy en serio.<br \/>\nS\u00ed, la unidad de medida de un caudal\u00edmetro es sustituible.<\/p>\n<\/div>\n<div id=\"04\">\n<p><strong>4.\u00bfTiene el caudal\u00edmetro 2 capacidad de almacenamiento de datos?<\/strong><\/p>\n<p>Nos centramos en la innovaci\u00f3n y la mejora continua para mantener una ventaja competitiva.<br \/>\nDepende del tipo de caudal\u00edmetro. Algunos caudal\u00edmetros tienen capacidad de almacenamiento de datos, mientras que otros no.<\/p>\n<p><img style=\"max-width: 100%;\" title=\"\u00bfDispone el 2 caudal\u00edmetro de capacidad de almacenamiento de datos?\" src=\"https:\/\/www.hginstrument.com\/wp-content\/uploads\/2021\/07\/v-cone-5.jpg\" alt=\"\u00bfDispone el 2 caudal\u00edmetro de capacidad de almacenamiento de datos?\" \/><\/p>\n<\/div>\n<div id=\"05\">\n<p><strong>5.\u00bfEs el caudal\u00edmetro de agua 2 resistente al agua?<\/strong><\/p>\n<p>Nos centramos en las necesidades de nuestros clientes y nos esforzamos por satisfacer sus expectativas, por lo que nos lo tomamos muy en serio.<br \/>\nNo, la mayor\u00eda de los caudal\u00edmetros no son impermeables. Sin embargo, algunos modelos pueden estar dise\u00f1ados para ser resistentes al agua o impermeables. Es importante comprobar las especificaciones del caudal\u00edmetro para determinar si es adecuado para su uso en entornos h\u00famedos o mojados.<\/p>\n<\/div>\n<div id=\"06\">\n<p><strong>6.\u00bfSe puede controlar a distancia 2 caudal\u00edmetros de agua?<\/strong><\/p>\n<p>Somos una empresa profesional de 2 medidores de flujo de agua dedicada a proporcionar productos y servicios de alta calidad.<br \/>\nS\u00ed, los caudal\u00edmetros pueden supervisarse a distancia. Muchos caudal\u00edmetros modernos est\u00e1n equipados con capacidades de comunicaci\u00f3n inal\u00e1mbrica, lo que permite supervisarlos a distancia a trav\u00e9s de un ordenador o dispositivo m\u00f3vil. Adem\u00e1s, algunos caudal\u00edmetros est\u00e1n equipados con capacidades de comunicaci\u00f3n por tel\u00e9fono m\u00f3vil o por sat\u00e9lite, lo que permite supervisarlos desde pr\u00e1cticamente cualquier lugar.<\/p>\n<p><img style=\"max-width: 100%;\" title=\"\u00bfSe puede controlar a distancia 2 caudal\u00edmetros de agua?\" src=\"https:\/\/www.hginstrument.com\/wp-content\/uploads\/2021\/07\/hgcmf-c1-1.jpg\" alt=\"\u00bfSe puede controlar a distancia 2 caudal\u00edmetros de agua?\" \/><\/p>\n<\/div>\n<div id=\"07\">\n<p><strong>7.\u00bfC\u00f3mo calibrar un caudal\u00edmetro de agua 2?<\/strong><\/p>\n<p>Siendo uno de los 2 principales fabricantes de medidores de flujo de agua en China, damos gran importancia a este detalle.<br \/>\n1. Consulte las instrucciones del fabricante del caudal\u00edmetro espec\u00edfico que est\u00e9 utilizando.<\/p>\n<p>2. Aseg\u00farese de que el caudal\u00edmetro est\u00e1 instalado correctamente y de que todas las conexiones son seguras.<\/p>\n<p>3. Conecte el caudal\u00edmetro a un dispositivo de calibraci\u00f3n, como un dispositivo de calibraci\u00f3n de caudal o un bucle de calibraci\u00f3n de caudal.<\/p>\n<p>4. Ajuste el dispositivo de calibraci\u00f3n al caudal deseado.<\/p>\n<p>5. Encienda el caudal\u00edmetro y d\u00e9jelo funcionar durante unos minutos para asegurarse de que est\u00e1 estable.<\/p>\n<p>6. Compruebe la lectura del caudal\u00edmetro con la lectura del dispositivo de calibraci\u00f3n.<\/p>\n<p>7. Ajuste la configuraci\u00f3n del caudal\u00edmetro seg\u00fan sea necesario para que coincida con la lectura del dispositivo de calibraci\u00f3n.<\/p>\n<p>8. Repita los pasos 4-7 hasta que la lectura del caudal\u00edmetro coincida con la lectura del dispositivo de calibraci\u00f3n.<\/p>\n<p>9. Anote los ajustes del caudal\u00edmetro y la lectura del dispositivo de calibraci\u00f3n para futuras consultas.<\/p>\n<\/div>\n<div id=\"08\">\n<p><strong>8.About 2 medidor de flujo de agua almac\u00e9n de ultramar<\/strong><\/p>\n<p>Los almacenes de caudal\u00edmetros en el extranjero son almacenes situados en pa\u00edses extranjeros que almacenan caudal\u00edmetros y productos relacionados. Estos almacenes se utilizan para almacenar y distribuir caudal\u00edmetros a clientes de distintos pa\u00edses. Suelen estar situados en pa\u00edses que tienen una gran demanda de caudal\u00edmetros, como Estados Unidos, Canad\u00e1 y Europa. Los almacenes suelen ser propiedad y estar gestionados por el fabricante de los caudal\u00edmetros o por un proveedor log\u00edstico externo. Los almacenes suelen tener una gran variedad de caudal\u00edmetros, incluidos los digitales, anal\u00f3gicos y ultras\u00f3nicos. Tambi\u00e9n suelen almacenar piezas de repuesto y accesorios para los caudal\u00edmetros.<\/p>\n<p><img style=\"max-width: 100%;\" title=\"Alrededor de 2 caudal\u00edmetros de agua almac\u00e9n de ultramar\" src=\"https:\/\/www.hginstrument.com\/wp-content\/uploads\/2021\/07\/wedge-1.jpg\" alt=\"Alrededor de 2 caudal\u00edmetros de agua almac\u00e9n de ultramar\" \/><\/p>\n<\/div>\n<div id=\"09\">\n<p><strong>9.\u00bfCu\u00e1l es la clasificaci\u00f3n antideflagrante de 2 caudal\u00edmetros de agua?<\/strong><\/p>\n<p>Nuestros productos de 2 caudal\u00edmetros de agua se someten a un estricto control de calidad para garantizar la satisfacci\u00f3n del cliente.<br \/>\nLas clasificaciones a prueba de explosiones de los caudal\u00edmetros var\u00edan en funci\u00f3n del tipo de caudal\u00edmetro y de la aplicaci\u00f3n. Generalmente, los caudal\u00edmetros est\u00e1n clasificados para Clase I, Divisi\u00f3n 1, Grupos C y D, o Clase II, Divisi\u00f3n 1, Grupos E, F y G.<\/p>\n<\/div>\n<div id=\"010\">\n<p><strong>10.Acerca de la escala de 2 f\u00e1brica de medidor de flujo de agua<\/strong><\/p>\n<p>Las f\u00e1bricas de caudal\u00edmetros var\u00edan en tama\u00f1o y alcance, dependiendo del tipo de caudal\u00edmetros que produzcan. Algunas f\u00e1bricas pueden especializarse en la producci\u00f3n de un solo tipo de caudal\u00edmetro, mientras que otras pueden producir una variedad de tipos diferentes. Algunas f\u00e1bricas pueden ser grandes, con cientos de empleados, mientras que otras pueden ser peque\u00f1as, con s\u00f3lo unos pocos empleados. El tama\u00f1o de la f\u00e1brica tambi\u00e9n depender\u00e1 del tipo de caudal\u00edmetros que produzca, as\u00ed como de la demanda de los mismos.<\/p>\n<p><img style=\"max-width: 100%;\" title=\"Acerca de la escala de 2 f\u00e1brica de medidores de flujo de agua\" src=\"https:\/\/www.hginstrument.com\/wp-content\/uploads\/2021\/07\/mdp310-fc3-3.jpg\" alt=\"Acerca de la escala de 2 f\u00e1brica de medidores de flujo de agua\" \/><\/p>\n<\/div>\n<div id=\"11\">\n<p><strong>11.Acerca de 2 equipos de producci\u00f3n de caudal\u00edmetros de agua<\/strong><\/p>\n<p>El equipo de producci\u00f3n de caudal\u00edmetros se utiliza para fabricar caudal\u00edmetros, que son dispositivos utilizados para medir la velocidad de flujo de un l\u00edquido o gas. Este equipo suele incluir diversas m\u00e1quinas y herramientas, como tornos, fresadoras, taladradoras y m\u00e1quinas CNC. Tambi\u00e9n incluye herramientas especializadas para ensamblar y probar caudal\u00edmetros. El equipo utilizado para producir caudal\u00edmetros es altamente especializado y debe ser capaz de producir resultados precisos y fiables.<\/p>\n<\/div>\n<div id=\"12\">\n<p><strong>12.Acerca de 2 Capacidades de I+D en caudal\u00edmetros de agua<\/strong><\/p>\n<p>Las capacidades de I+D en caudal\u00edmetros se refieren a la capacidad de una empresa u organizaci\u00f3n para investigar, desarrollar y fabricar caudal\u00edmetros. Esto incluye la capacidad de dise\u00f1ar, probar y fabricar caudal\u00edmetros que cumplan los requisitos del cliente y las normas del sector. Tambi\u00e9n incluye la capacidad de desarrollar nuevas tecnolog\u00edas y productos para satisfacer las necesidades cambiantes de la industria. Las empresas con una s\u00f3lida capacidad de I+D pueden adelantarse a la competencia y ofrecer a sus clientes los caudal\u00edmetros m\u00e1s avanzados y fiables.<\/p>\n<p><img style=\"max-width: 100%;\" title=\"Acerca de las capacidades de I+D de 2 caudal\u00edmetros de agua\" src=\"https:\/\/www.hginstrument.com\/wp-content\/uploads\/2021\/07\/verabar-1.jpg\" alt=\"Acerca de las capacidades de I+D de 2 caudal\u00edmetros de agua\" \/><\/p>\n<\/div>\n<div id=\"13\">\n<p><strong>13.Acerca de 2 caudal\u00edmetro de agua materias primas<\/strong><\/p>\n<p>Las materias primas de los caudal\u00edmetros suelen estar hechas de una variedad de metales, pl\u00e1sticos y compuestos. Entre los materiales m\u00e1s comunes utilizados en los caudal\u00edmetros se encuentran el acero inoxidable, el lat\u00f3n, el aluminio, el cloruro de polivinilo (PVC), el polipropileno (PP) y el politetrafluoroetileno (PTFE). El material utilizado en un caudal\u00edmetro depende de la aplicaci\u00f3n y del tipo de fluido que se mida. Por ejemplo, el acero inoxidable suele utilizarse para medir fluidos corrosivos, mientras que el PVC suele emplearse para medir agua.<\/p>\n<\/div>\n<p>&nbsp;<\/p>\n<p>Etiqueta\uff1a<a href=\"\/es\/magnetic-flow-meter\/2-inch-inline-flow-meter\/\">Caudal\u00edmetro en l\u00ednea de 2 pulgadas<\/a>,<a href=\"\/es\/magnetic-flow-meter\/portable-ultrasonic-flow-meter\/\">caudal\u00edmetro ultras\u00f3nico port\u00e1til<\/a>,<a href=\"\/es\/magnetic-flow-meter\/dial-flow-meter\/\">caudal\u00edmetro de dial<\/a>,<a href=\"\/es\/magnetic-flow-meter\/irrigation-water-flow-meter\/\">caudal\u00edmetro de agua de riego<\/a><\/p>\n<p>&nbsp;<\/p>","protected":false},"excerpt":{"rendered":"<p><strong>Datos t\u00e9cnicos<\/strong><br \/>\nPuede servir para fluidos l\u00edquidos o gaseosos, normalmente se utiliza para medir el caudal de vapor, aire y gas natural.<br \/>\nTama\u00f1o del contador: Tipo en l\u00ednea: DN25 - DN300<br \/>\nOpci\u00f3n de material mojado: SS304, SS316<br \/>\nTemperatura de funcionamiento: \u2264250\u2103<br \/>\nConexi\u00f3n a proceso: Wafer \/ Brida \/ Tri-clamp para tipo en l\u00ednea<br \/>\nPrecisi\u00f3n de medici\u00f3n: 1,0 % - 1,5% del intervalo de calibraci\u00f3n<br \/>\nIndicador digital: muestra el caudal instant\u00e1neo y el caudal total<br \/>\nAlimentaci\u00f3n: 24VDC, Salida: 4-20mA<\/p>\n<p><strong>caracter\u00edsticas<\/strong><br \/>\n1.Puntos de consigna ON\/OFF ajustables<br \/>\n2.Modo de alarma de caudal alto o bajo<br \/>\n3.Tiempo de retardo ajustable<br \/>\n4.LED de estado del rel\u00e9<\/p>","protected":false},"featured_media":3691,"comment_status":"closed","ping_status":"closed","template":"","meta":[],"product_cat":[2372],"product_tag":[],"acf":[],"_links":{"self":[{"href":"https:\/\/www.hginstrument.com\/es\/wp-json\/wp\/v2\/product\/4259"}],"collection":[{"href":"https:\/\/www.hginstrument.com\/es\/wp-json\/wp\/v2\/product"}],"about":[{"href":"https:\/\/www.hginstrument.com\/es\/wp-json\/wp\/v2\/types\/product"}],"replies":[{"embeddable":true,"href":"https:\/\/www.hginstrument.com\/es\/wp-json\/wp\/v2\/comments?post=4259"}],"wp:featuredmedia":[{"embeddable":true,"href":"https:\/\/www.hginstrument.com\/es\/wp-json\/wp\/v2\/media\/3691"}],"wp:attachment":[{"href":"https:\/\/www.hginstrument.com\/es\/wp-json\/wp\/v2\/media?parent=4259"}],"wp:term":[{"taxonomy":"product_cat","embeddable":true,"href":"https:\/\/www.hginstrument.com\/es\/wp-json\/wp\/v2\/product_cat?post=4259"},{"taxonomy":"product_tag","embeddable":true,"href":"https:\/\/www.hginstrument.com\/es\/wp-json\/wp\/v2\/product_tag?post=4259"}],"curies":[{"name":"wp","href":"https:\/\/api.w.org\/{rel}","templated":true}]}}