{"id":4263,"date":"2023-12-22T11:23:18","date_gmt":"2023-12-22T03:23:18","guid":{"rendered":"https:\/\/www.hginstrument.com\/?post_type=product&#038;p=4263"},"modified":"2023-12-22T11:24:50","modified_gmt":"2023-12-22T03:24:50","slug":"3-flow-meter","status":"publish","type":"product","link":"https:\/\/www.hginstrument.com\/es\/magnetic-flow-meter\/3-flow-meter\/","title":{"rendered":"3 caudal\u00edmetro"},"content":{"rendered":"<p>Utilizando tecnolog\u00eda avanzada y componentes de alta calidad, el caudal\u00edmetro 3 ofrece una precisi\u00f3n y fiabilidad inigualables. Su dise\u00f1o compacto facilita la instalaci\u00f3n, por lo que es adecuado tanto para sistemas de tuber\u00edas nuevos como existentes. Con una amplia variedad de tama\u00f1os y configuraciones disponibles, el caudal\u00edmetro 3 puede satisfacer las diversas necesidades de distintos sectores.<\/p>\n<p>El caudal\u00edmetro 3 est\u00e1 equipado con una pantalla digital que facilita la lectura e interpretaci\u00f3n del caudal en varias unidades. Su interfaz de f\u00e1cil manejo permite calibrarlo y ajustarlo de forma r\u00e1pida y sencilla.<\/p>\n<p>Adem\u00e1s, el caudal\u00edmetro 3 ofrece varios modelos para distintas aplicaciones, como electromagn\u00e9tico, ultras\u00f3nico y de dispersi\u00f3n t\u00e9rmica. Cada modelo est\u00e1 dise\u00f1ado con caracter\u00edsticas espec\u00edficas para atender las necesidades \u00fanicas de sus usuarios.<\/p>\n<p>&nbsp;<\/p>\n<table class=\"table table-bordered\">\n<tbody>\n<tr>\n<td><span style=\"vertical-align: inherit;\"><span style=\"vertical-align: inherit;\">Tipo\uff1a<\/span><\/span><\/td>\n<td><span style=\"vertical-align: inherit;\">3 caudal\u00edmetro<\/span><\/td>\n<td><span style=\"vertical-align: inherit;\"><span style=\"vertical-align: inherit;\">Se\u00f1al de salida\uff1a<\/span><\/span><\/td>\n<td><span style=\"vertical-align: inherit;\"><span style=\"vertical-align: inherit;\">4-25mA, Pulso\/Frecuencia 2kHz(Predeterminado), 5KHz(Max)<\/span><\/span><\/td>\n<\/tr>\n<tr>\n<td><span style=\"vertical-align: inherit;\"><span style=\"vertical-align: inherit;\">Lugar de origen\uff1a<\/span><\/span><\/td>\n<td><span style=\"vertical-align: inherit;\"><span style=\"vertical-align: inherit;\">Jiangsu\uff0cChina<\/span><\/span><\/td>\n<td><span style=\"vertical-align: inherit;\"><span style=\"vertical-align: inherit;\">Incorporar tipo\uff1a<\/span><\/span><\/td>\n<td><span style=\"vertical-align: inherit;\"><span style=\"vertical-align: inherit;\">-10\u2103- +60\u2103<\/span><\/span><\/td>\n<\/tr>\n<tr>\n<td><span style=\"vertical-align: inherit;\"><span style=\"vertical-align: inherit;\">Garant\u00eda\uff1a<\/span><\/span><\/td>\n<td><span style=\"vertical-align: inherit;\"><span style=\"vertical-align: inherit;\">13 meses<\/span><\/span><\/td>\n<td><span style=\"vertical-align: inherit;\"><span style=\"vertical-align: inherit;\">Tensi\u00f3n de alimentaci\u00f3n\uff1a<\/span><\/span><\/td>\n<td><span style=\"vertical-align: inherit;\"><span style=\"vertical-align: inherit;\">110\/220VAC (100-240VAC), 50Hz\/60Hz; 24VDC\u00b110%<\/span><\/span><\/td>\n<\/tr>\n<tr>\n<td><span style=\"vertical-align: inherit;\"><span style=\"vertical-align: inherit;\">Asistencia personalizada\uff1a<\/span><\/span><\/td>\n<td><span style=\"vertical-align: inherit;\"><span style=\"vertical-align: inherit;\">OEM, ODM, OBM<\/span><\/span><\/td>\n<td><span style=\"vertical-align: inherit;\"><span style=\"vertical-align: inherit;\">Comunicaci\u00f3n digital\uff1a<\/span><\/span><\/td>\n<td><span style=\"vertical-align: inherit;\"><span style=\"vertical-align: inherit;\">RS-485, compatible con el protocolo est\u00e1ndar Mudbugs-RTU; GPRS<\/span><\/span><\/td>\n<\/tr>\n<tr>\n<td><span style=\"vertical-align: inherit;\"><span style=\"vertical-align: inherit;\">Marca\uff1a<\/span><\/span><\/td>\n<td><span style=\"vertical-align: inherit;\"><span style=\"vertical-align: inherit;\">GRUPO SUYI<\/span><\/span><\/td>\n<td><span style=\"vertical-align: inherit;\"><span style=\"vertical-align: inherit;\">Presi\u00f3n nominal\uff1a<\/span><\/span><\/td>\n<td><span style=\"vertical-align: inherit;\"><span style=\"vertical-align: inherit;\">1MPa (DN15-DN800), 1,6MPa(DN15-DN800), 2,5MPa(DN15-DN600)<\/span><\/span><\/td>\n<\/tr>\n<tr>\n<td><span style=\"vertical-align: inherit;\"><span style=\"vertical-align: inherit;\">N\u00famero de modelo\uff1a<\/span><\/span><\/td>\n<td><span style=\"vertical-align: inherit;\"><span style=\"vertical-align: inherit;\">otros<\/span><\/span><\/td>\n<td><span style=\"vertical-align: inherit;\"><span style=\"vertical-align: inherit;\">Sensor\uff1a<\/span><\/span><\/td>\n<td><span style=\"vertical-align: inherit;\"><span style=\"vertical-align: inherit;\">0\u2103- +80\u2103 o -25\u2103- +120\u2103 o +70\u2103- +250\u2103<\/span><\/span><\/td>\n<\/tr>\n<tr>\n<td><span style=\"vertical-align: inherit;\"><span style=\"vertical-align: inherit;\">Nombre del producto\uff1a<\/span><\/span><\/td>\n<td><span style=\"vertical-align: inherit;\"><span style=\"vertical-align: inherit;\">Medidor de caudal de agua qu\u00edmico digital inteligente electromagn\u00e9tico<\/span><\/span><\/td>\n<td><span style=\"vertical-align: inherit;\"><span style=\"vertical-align: inherit;\">Detalles del embalaje\uff1a<\/span><\/span><\/td>\n<td><span style=\"vertical-align: inherit;\"><span style=\"vertical-align: inherit;\">1 Juego por paquete o seg\u00fan pedido del cliente<\/span><\/span><\/td>\n<\/tr>\n<tr>\n<td><span style=\"vertical-align: inherit;\"><span style=\"vertical-align: inherit;\">Di\u00e1metro nominal\uff1a<\/span><\/span><\/td>\n<td><span style=\"vertical-align: inherit;\"><span style=\"vertical-align: inherit;\">3-3133 mm<\/span><\/span><\/td>\n<td><span style=\"vertical-align: inherit;\"><span style=\"vertical-align: inherit;\">Capacidad de suministro\uff1a<\/span><\/span><\/td>\n<td><span style=\"vertical-align: inherit;\"><span style=\"vertical-align: inherit;\">2066 juegos\/juegos al mes<\/span><\/span><\/td>\n<\/tr>\n<tr>\n<td><span style=\"vertical-align: inherit;\"><span style=\"vertical-align: inherit;\">rango de velocidad\uff1a<\/span><\/span><\/td>\n<td><span style=\"vertical-align: inherit;\"><span style=\"vertical-align: inherit;\">0-12 m\/s<\/span><\/span><\/td>\n<td><span style=\"vertical-align: inherit;\"><span style=\"vertical-align: inherit;\">Cantidad (juegos)\uff1a<\/span><\/span><\/td>\n<td><span style=\"vertical-align: inherit;\"><span style=\"vertical-align: inherit;\">&gt; 30<\/span><\/span><\/td>\n<\/tr>\n<tr>\n<td><span style=\"vertical-align: inherit;\"><span style=\"vertical-align: inherit;\">Grado de precisi\u00f3n\uff1a<\/span><\/span><\/td>\n<td><span style=\"vertical-align: inherit;\"><span style=\"vertical-align: inherit;\">\u00b10,5%R, \u00b11%R ( &lt; DN20)<\/span><\/span><\/td>\n<td><span style=\"vertical-align: inherit;\"><span style=\"vertical-align: inherit;\">Plazo de entrega (d\u00edas)\uff1a<\/span><\/span><\/td>\n<td><span style=\"vertical-align: inherit;\"><span style=\"vertical-align: inherit;\">A negociar<\/span><\/span><\/td>\n<\/tr>\n<\/tbody>\n<\/table>\n<p>&nbsp;<\/p>\n<p><strong><\/strong><\/p>\n<p style=\"text-align:center;\"><img src=\"https:\/\/www.hginstrument.com\/wp-content\/uploads\/2021\/07\/in-line-pipeline-type-hgd-electromagnetic-flow-meter.jpg\" atl=\"3 flow meter\" title=\"3 caudal\u00edmetro\"><\/p>\n<p><strong><\/strong><\/p>\n<p style=\"text-align:center;\"><img src=\"https:\/\/www.hginstrument.com\/wp-content\/uploads\/2021\/07\/insertion-01.jpg\" atl=\"3 flow meter\" title=\"3 caudal\u00edmetro\"><\/p>\n<p><strong><\/strong><\/p>\n<p style=\"text-align:center;\"><img src=\"https:\/\/www.hginstrument.com\/wp-content\/uploads\/2021\/07\/sanitary-mag-1.jpg\" atl=\"3 flow meter\" title=\"3 caudal\u00edmetro\"><\/p>\n<p><strong>3 Gu\u00eda de preguntas frecuentes sobre caudal\u00edmetros.<\/p>\n<p>En el coraz\u00f3n de nuestra serie 3 de caudal\u00edmetros se encuentra el compromiso con la excelencia, que combina una avanzada tecnolog\u00eda de sensores con interfaces f\u00e1ciles de usar. Desde l\u00edquidos hasta gases, nuestros caudal\u00edmetros ofrecen una precisi\u00f3n sin igual, lo que le permite tomar decisiones con conocimiento de causa y agilizar las operaciones. A medida que iniciamos una nueva era en la medici\u00f3n de fluidos, le invitamos a explorar las posibilidades ilimitadas que abren nuestros caudal\u00edmetros 3, donde la precisi\u00f3n se une al rendimiento y la innovaci\u00f3n fluye a la perfecci\u00f3n.<\/strong><\/p>\n<div style=\"border:3px solid #f89900;margin:20px 0;padding:20px;\"><a href=\"\/es\/3-flow-meter\/#01\">1.Acerca de 3 tecnolog\u00eda de caudal\u00edmetros<\/a><br \/><a href=\"\/es\/3-flow-meter\/#02\">2.\u00bfCu\u00e1l es la diferencia entre 3 caudal\u00edmetro SUYI group vs 3 caudal\u00edmetro Yokogawa vs 3 caudal\u00edmetro ABB<\/a><br \/><a href=\"\/es\/3-flow-meter\/#03\">3.\u00bfDispone el caudal\u00edmetro de 3 de una funci\u00f3n para evitar usos indebidos?<\/a><br \/><a href=\"\/es\/3-flow-meter\/#04\">4.About 3 caudal\u00edmetro almac\u00e9n en el extranjero<\/a><br \/><a href=\"\/es\/3-flow-meter\/#05\">5.Acerca del m\u00e9todo de pago del caudal\u00edmetro 3<\/a><br \/><a href=\"\/es\/3-flow-meter\/#06\">6.\u00bfSe puede controlar a distancia el caudal\u00edmetro 3?<\/a><br \/><a href=\"\/es\/3-flow-meter\/#07\">7.Acerca de 3 tecnolog\u00eda de caudal\u00edmetros<\/a><br \/><a href=\"\/es\/3-flow-meter\/#08\">8.\u00bfDispone el caudal\u00edmetro 3 de una funci\u00f3n de alarma autom\u00e1tica?<\/a><br \/><a href=\"\/es\/3-flow-meter\/#09\">9.Acerca de 3 sistema de calidad del caudal\u00edmetro<\/a><br \/><a href=\"\/es\/3-flow-meter\/#010\">10.\u00bfCu\u00e1l es el peso y las dimensiones del caudal\u00edmetro 3?<\/a><br \/><a href=\"\/es\/3-flow-meter\/#11\">11.\u00bfPara qu\u00e9 fluidos se utilizan principalmente los caudal\u00edmetros 3?<\/a><br \/><a href=\"\/es\/3-flow-meter\/#12\">12.\u00bfCu\u00e1l es la diferencia entre el caudal\u00edmetro 3 del grupo SUYI frente al caudal\u00edmetro 3 de Schneider Electric frente al caudal\u00edmetro 3 de Badger Meter?<\/a><br \/><a href=\"\/es\/3-flow-meter\/#13\">13.\u00bfCu\u00e1les son los m\u00e9todos de mantenimiento del caudal\u00edmetro 3?<\/a><br \/><a href=\"\/es\/3-flow-meter\/#14\">14.Sobre 3 garant\u00eda del caudal\u00edmetro<\/a><\/div>\n<div name=\"01\" id=\"01\">\n<p><strong>1.Acerca de 3 tecnolog\u00eda de caudal\u00edmetros<\/strong><\/p>\n<p>La tecnolog\u00eda de caudal\u00edmetros es un tipo de tecnolog\u00eda de medici\u00f3n utilizada para medir el caudal de un fluido o gas. Se utiliza en diversas industrias, como las del petr\u00f3leo y el gas, el agua y las aguas residuales, y el procesamiento qu\u00edmico. Los caudal\u00edmetros miden el caudal de un fluido o gas midiendo la presi\u00f3n, la velocidad u otras propiedades f\u00edsicas del fluido o gas. Los caudal\u00edmetros pueden utilizarse para medir el caudal de l\u00edquidos, gases y vapor. Se utilizan para medir el caudal de una gran variedad de fluidos, como agua, aceite y productos qu\u00edmicos. Los caudal\u00edmetros se utilizan en diversas aplicaciones, como el control de procesos, la gesti\u00f3n de la energ\u00eda y la supervisi\u00f3n de la seguridad.<\/p>\n<\/div>\n<div name=\"02\" id=\"02\">\n<p><strong>2.\u00bfCu\u00e1l es la diferencia entre 3 caudal\u00edmetro SUYI group vs 3 caudal\u00edmetro Yokogawa vs 3 caudal\u00edmetro ABB<\/strong><\/p>\n<p>Los caudal\u00edmetros de SUYI Group, Yokogawa y ABB miden el caudal de un fluido, pero difieren en t\u00e9rminos de precisi\u00f3n, caracter\u00edsticas y coste. Los caudal\u00edmetros de SUYI Group suelen ser m\u00e1s asequibles que los de Yokogawa y ABB, pero es posible que no tengan tantas funciones ni una precisi\u00f3n tan alta. Los medidores de flujo de Yokogawa son conocidos por su precisi\u00f3n y confiabilidad, pero tienden a ser m\u00e1s caros que los de SUYI Group y ABB. Los caudal\u00edmetros ABB son conocidos por su robustez y durabilidad, pero tambi\u00e9n son m\u00e1s caros que las otras dos marcas.<\/p>\n<\/div>\n<div name=\"03\" id=\"03\">\n<p><strong>3.\u00bfDispone el caudal\u00edmetro de 3 de una funci\u00f3n para evitar usos indebidos?<\/strong><\/p>\n<p>Como uno de los 3 l\u00edderes del mercado de caudal\u00edmetros, somos conocidos por nuestra innovaci\u00f3n y fiabilidad.<br \/>\nLa mayor\u00eda de los caudal\u00edmetros no tienen una funci\u00f3n para evitar el uso indebido, pero algunos modelos pueden tener caracter\u00edsticas que pueden ayudar a reducir el riesgo de uso indebido. Por ejemplo, algunos caudal\u00edmetros pueden tener una funci\u00f3n de bloqueo que impide que usuarios no autorizados modifiquen los ajustes o accedan a los datos. Adem\u00e1s, algunos caudal\u00edmetros pueden tener una funci\u00f3n de protecci\u00f3n por contrase\u00f1a que exige que el usuario introduzca una contrase\u00f1a antes de poder acceder a los datos o a los ajustes.<\/p>\n<\/div>\n<div name=\"04\" id=\"04\">\n<p><strong>4.About 3 caudal\u00edmetro almac\u00e9n en el extranjero<\/strong><\/p>\n<p>Los almacenes de caudal\u00edmetros en el extranjero son almacenes situados en pa\u00edses extranjeros que almacenan caudal\u00edmetros y productos relacionados. Estos almacenes se utilizan para almacenar y distribuir caudal\u00edmetros a clientes de distintos pa\u00edses. Suelen estar situados en pa\u00edses que tienen una gran demanda de caudal\u00edmetros, como Estados Unidos, Canad\u00e1 y Europa. Los almacenes suelen ser propiedad y estar gestionados por el fabricante de los caudal\u00edmetros o por un proveedor log\u00edstico externo. Los almacenes suelen tener una gran variedad de caudal\u00edmetros, incluidos los digitales, anal\u00f3gicos y ultras\u00f3nicos. Tambi\u00e9n suelen almacenar piezas de repuesto y accesorios para los caudal\u00edmetros.<\/p>\n<p><img src=\"https:\/\/www.hginstrument.com\/wp-content\/uploads\/2021\/07\/hg-50-7.jpg\" alt=\"Acerca del almac\u00e9n de ultramar de 3 caudal\u00edmetros\" title=\"Acerca del almac\u00e9n de ultramar de 3 caudal\u00edmetros\" style=\"max-width: 100%;\"><\/div>\n<div name=\"05\" id=\"05\">\n<p><strong>5.Acerca del m\u00e9todo de pago del caudal\u00edmetro 3<\/strong><\/p>\n<p>El pago con caudal\u00edmetro es un m\u00e9todo de pago que utiliza un caudal\u00edmetro para medir la cantidad de energ\u00eda utilizada por un cliente. El cliente paga por la energ\u00eda utilizada en funci\u00f3n de la cantidad de energ\u00eda medida por el caudal\u00edmetro. Este m\u00e9todo de pago se utiliza a menudo en entornos comerciales e industriales, donde el consumo de energ\u00eda es elevado y debe controlarse con precisi\u00f3n. El pago con caudal\u00edmetro tambi\u00e9n se utiliza en algunos entornos residenciales, donde los clientes pueden pagar por su consumo de energ\u00eda en funci\u00f3n de la cantidad de energ\u00eda que utilizan.<\/p>\n<\/div>\n<div name=\"06\" id=\"06\">\n<p><strong>6.\u00bfSe puede controlar a distancia el caudal\u00edmetro 3?<\/strong><\/p>\n<p>Somos una empresa profesional de 3 caudal\u00edmetros dedicada a proporcionar productos y servicios de alta calidad.<br \/>\nS\u00ed, los caudal\u00edmetros pueden supervisarse a distancia. Muchos caudal\u00edmetros modernos est\u00e1n equipados con capacidades de comunicaci\u00f3n inal\u00e1mbrica, lo que permite supervisarlos a distancia a trav\u00e9s de un ordenador o dispositivo m\u00f3vil. Adem\u00e1s, algunos caudal\u00edmetros est\u00e1n equipados con capacidades de comunicaci\u00f3n por tel\u00e9fono m\u00f3vil o por sat\u00e9lite, lo que permite supervisarlos desde pr\u00e1cticamente cualquier lugar.<\/p>\n<\/div>\n<div name=\"07\" id=\"07\">\n<p><strong>7.Acerca de 3 tecnolog\u00eda de caudal\u00edmetros<\/strong><\/p>\n<p>La tecnolog\u00eda de caudal\u00edmetros es un tipo de tecnolog\u00eda de medici\u00f3n utilizada para medir el caudal de un fluido o gas. Se utiliza en diversas industrias, como las del petr\u00f3leo y el gas, el agua y las aguas residuales, y el procesamiento qu\u00edmico. Los caudal\u00edmetros miden el caudal de un fluido o gas midiendo la presi\u00f3n, la velocidad u otras propiedades f\u00edsicas del fluido o gas. Los caudal\u00edmetros pueden utilizarse para medir el caudal de l\u00edquidos, gases y vapor. Se utilizan para medir el caudal de una gran variedad de fluidos, como agua, aceite y productos qu\u00edmicos. Los caudal\u00edmetros se utilizan en diversas aplicaciones, como el control de procesos, la gesti\u00f3n de la energ\u00eda y la supervisi\u00f3n de la seguridad.<\/p>\n<\/div>\n<div name=\"08\" id=\"08\">\n<p><strong>8.\u00bfDispone el caudal\u00edmetro 3 de una funci\u00f3n de alarma autom\u00e1tica?<\/strong><\/p>\n<p>Nos adherimos al principio de que la calidad es lo primero y contamos con un completo sistema de gesti\u00f3n de la calidad de la producci\u00f3n y un proceso de inspecci\u00f3n de la calidad.<br \/>\nMuchos caudal\u00edmetros tienen una funci\u00f3n de alarma autom\u00e1tica, pero esto depende del modelo espec\u00edfico. Lo mejor es comprobar las especificaciones del producto para determinar si el caudal\u00edmetro que est\u00e1 considerando tiene esta funci\u00f3n.<\/p>\n<p><img src=\"https:\/\/www.hginstrument.com\/wp-content\/uploads\/2021\/10\/w803e-f3.jpg\" alt=\"\u00bfDispone el caudal\u00edmetro 3 de una funci\u00f3n de alarma autom\u00e1tica?\" title=\"\u00bfDispone el caudal\u00edmetro 3 de una funci\u00f3n de alarma autom\u00e1tica?\" style=\"max-width: 100%;\"><\/div>\n<div name=\"09\" id=\"09\">\n<p><strong>9.Acerca de 3 sistema de calidad del caudal\u00edmetro<\/strong><\/p>\n<p>Un sistema de calidad de caudal\u00edmetros es un conjunto de procesos y procedimientos que se utilizan para garantizar que los caudal\u00edmetros se fabrican y prueban para cumplir los m\u00e1s altos est\u00e1ndares de precisi\u00f3n y fiabilidad. El sistema incluye medidas de control de calidad como la inspecci\u00f3n del material entrante, la inspecci\u00f3n durante el proceso y las pruebas del producto final. Tambi\u00e9n incluye la documentaci\u00f3n y el mantenimiento de registros para garantizar que se siguen todos los procesos y que cualquier problema se aborda con rapidez y eficacia. El sistema est\u00e1 dise\u00f1ado para garantizar que los caudal\u00edmetros producidos sean de la m\u00e1xima calidad y cumplan los requisitos del cliente.<\/p>\n<\/div>\n<div name=\"010\" id=\"010\">\n<p><strong>10.\u00bfCu\u00e1l es el peso y las dimensiones del caudal\u00edmetro 3?<\/strong><\/p>\n<p>Nuestros productos y servicios cubren una amplia gama de \u00e1mbitos y satisfacen las necesidades de diferentes campos.<br \/>\nEl peso y las dimensiones del caudal\u00edmetro dependen del modelo espec\u00edfico y del fabricante. Por lo general, el tama\u00f1o de los caudal\u00edmetros oscila entre peque\u00f1os dispositivos manuales y grandes unidades industriales. El peso de un caudal\u00edmetro puede oscilar entre unas pocas onzas y varios cientos de libras.<\/p>\n<\/div>\n<div name=\"11\" id=\"11\">\n<p><strong>11.\u00bfPara qu\u00e9 fluidos se utilizan principalmente los caudal\u00edmetros 3?<\/strong><\/p>\n<p>Nos centramos en el trabajo en equipo y la comunicaci\u00f3n para alcanzar objetivos comunes, damos gran importancia a este detalle.<br \/>\nLos caudal\u00edmetros se utilizan principalmente para medir el caudal de l\u00edquidos, gases y vapor.<\/p>\n<\/div>\n<div name=\"12\" id=\"12\">\n<p><strong>12.\u00bfCu\u00e1l es la diferencia entre el caudal\u00edmetro 3 del grupo SUYI frente al caudal\u00edmetro 3 de Schneider Electric frente al caudal\u00edmetro 3 de Badger Meter?<\/strong><\/p>\n<p>Los caudal\u00edmetros del Grupo SUYI se utilizan normalmente para aplicaciones industriales, como la medici\u00f3n del caudal de l\u00edquidos, gases y vapor. Est\u00e1n dise\u00f1ados para ser fiables y precisos, y est\u00e1n disponibles en una gran variedad de tama\u00f1os y materiales.<\/p>\n<p>Los caudal\u00edmetros de Schneider Electric est\u00e1n dise\u00f1ados para aplicaciones industriales y comerciales, y est\u00e1n disponibles en diversos tama\u00f1os y materiales. Est\u00e1n dise\u00f1ados para ser fiables y precisos, y son adecuados para una amplia gama de aplicaciones.<\/p>\n<p>Los caudal\u00edmetros de Badger Meter est\u00e1n dise\u00f1ados para aplicaciones industriales y comerciales, y est\u00e1n disponibles en diversos tama\u00f1os y materiales. Est\u00e1n dise\u00f1ados para ser fiables y precisos, y son adecuados para una amplia gama de aplicaciones. Tambi\u00e9n ofrecen una variedad de caracter\u00edsticas, como la monitorizaci\u00f3n remota y el registro de datos.<\/p>\n<p><img src=\"https:\/\/www.hginstrument.com\/wp-content\/uploads\/2021\/07\/in-line-pipeline-type-hgd-electromagnetic-flow-meter.jpg\" alt=\"\u00bfCu\u00e1l es la diferencia entre el caudal\u00edmetro 3 del grupo SUYI frente al caudal\u00edmetro 3 de Schneider Electric frente al caudal\u00edmetro 3 de Badger Meter?\" title=\"\u00bfCu\u00e1l es la diferencia entre el caudal\u00edmetro 3 del grupo SUYI frente al caudal\u00edmetro 3 de Schneider Electric frente al caudal\u00edmetro 3 de Badger Meter?\" style=\"max-width: 100%;\"><\/div>\n<div name=\"13\" id=\"13\">\n<p><strong>13.\u00bfCu\u00e1les son los m\u00e9todos de mantenimiento del caudal\u00edmetro 3?<\/strong><\/p>\n<p>Nos centramos en la innovaci\u00f3n y la mejora continua para mantener una ventaja competitiva.<br \/>\n1. Compruebe regularmente si el caudal\u00edmetro presenta signos de desgaste o da\u00f1os.<\/p>\n<p>2. Limpie el caudal\u00edmetro con regularidad para garantizar lecturas precisas.<\/p>\n<p>3. Compruebe la precisi\u00f3n del caudal\u00edmetro realizando pruebas de calibraci\u00f3n.<\/p>\n<p>4. Sustituya lo antes posible cualquier pieza desgastada o da\u00f1ada.<\/p>\n<p>5. Aseg\u00farese de que el caudal\u00edmetro est\u00e1 correctamente instalado y conectado al sistema.<\/p>\n<p>6. Compruebe si el caudal\u00edmetro presenta signos de corrosi\u00f3n u obstrucciones.<\/p>\n<p>7. Aseg\u00farese de que el caudal\u00edmetro est\u00e1 correctamente sellado para evitar cualquier fuga.<\/p>\n<p>8. Compruebe peri\u00f3dicamente si el caudal\u00edmetro presenta alg\u00fan signo de vibraci\u00f3n o ruido.<\/p>\n<p>9. Aseg\u00farese de que el caudal\u00edmetro est\u00e1 correctamente calibrado y ajustado.<\/p>\n<p>10. Compruebe peri\u00f3dicamente que el caudal\u00edmetro no presenta signos de fugas u obstrucciones.<\/p>\n<\/div>\n<div name=\"14\" id=\"14\">\n<p><strong>14.Sobre 3 garant\u00eda del caudal\u00edmetro<\/strong><\/p>\n<p>Las garant\u00edas de los caudal\u00edmetros var\u00edan en funci\u00f3n del fabricante y del tipo de caudal\u00edmetro. Por lo general, las garant\u00edas cubren los defectos de materiales y mano de obra, y tambi\u00e9n pueden cubrir ciertos tipos de da\u00f1os causados por el uso normal. Algunas garant\u00edas tambi\u00e9n pueden cubrir los da\u00f1os causados por una instalaci\u00f3n o un uso inadecuados. Es importante leer la informaci\u00f3n sobre la garant\u00eda proporcionada por el fabricante para comprender la cobertura espec\u00edfica y las limitaciones de la garant\u00eda.<\/p>\n<\/div>\n<p>Etiqueta\uff1a<a href=\"\/es\/magnetic-flow-meter\/flow-meter-sensors\/\">sensores de caudal\u00edmetro<\/a>,<a href=\"\/es\/magnetic-flow-meter\/flow-meter-air\/\">caudal\u00edmetro aire<\/a>,<a href=\"\/es\/magnetic-flow-meter\/digital-hot-water-flow-meter\/\">caudal\u00edmetro digital de agua caliente<\/a><\/p>\n<p><\/p>","protected":false},"excerpt":{"rendered":"<p><strong>Datos t\u00e9cnicos<\/strong><br \/>\nPuede servir para fluidos l\u00edquidos o gaseosos, normalmente se utiliza para medir el caudal de vapor, aire y gas natural.<br \/>\nTama\u00f1o del contador: Tipo en l\u00ednea: DN25 - DN300<br \/>\nOpci\u00f3n de material mojado: SS304, SS316<br \/>\nTemperatura de funcionamiento: \u2264250\u2103<br \/>\nConexi\u00f3n a proceso: Wafer \/ Brida \/ Tri-clamp para tipo en l\u00ednea<br \/>\nPrecisi\u00f3n de medici\u00f3n: 1,0 % - 1,5% del intervalo de calibraci\u00f3n<br \/>\nIndicador digital: muestra el caudal instant\u00e1neo y el caudal total<br \/>\nAlimentaci\u00f3n: 24VDC, Salida: 4-20mA<\/p>\n<p><strong>caracter\u00edsticas<\/strong><br \/>\n1.Puntos de consigna ON\/OFF ajustables<br \/>\n2.Modo de alarma de caudal alto o bajo<br \/>\n3.Tiempo de retardo ajustable<br \/>\n4.LED de estado del rel\u00e9<\/p>","protected":false},"featured_media":3691,"comment_status":"closed","ping_status":"closed","template":"","meta":[],"product_cat":[2372],"product_tag":[],"acf":[],"_links":{"self":[{"href":"https:\/\/www.hginstrument.com\/es\/wp-json\/wp\/v2\/product\/4263"}],"collection":[{"href":"https:\/\/www.hginstrument.com\/es\/wp-json\/wp\/v2\/product"}],"about":[{"href":"https:\/\/www.hginstrument.com\/es\/wp-json\/wp\/v2\/types\/product"}],"replies":[{"embeddable":true,"href":"https:\/\/www.hginstrument.com\/es\/wp-json\/wp\/v2\/comments?post=4263"}],"wp:featuredmedia":[{"embeddable":true,"href":"https:\/\/www.hginstrument.com\/es\/wp-json\/wp\/v2\/media\/3691"}],"wp:attachment":[{"href":"https:\/\/www.hginstrument.com\/es\/wp-json\/wp\/v2\/media?parent=4263"}],"wp:term":[{"taxonomy":"product_cat","embeddable":true,"href":"https:\/\/www.hginstrument.com\/es\/wp-json\/wp\/v2\/product_cat?post=4263"},{"taxonomy":"product_tag","embeddable":true,"href":"https:\/\/www.hginstrument.com\/es\/wp-json\/wp\/v2\/product_tag?post=4263"}],"curies":[{"name":"wp","href":"https:\/\/api.w.org\/{rel}","templated":true}]}}