{"id":4282,"date":"2023-12-22T11:55:40","date_gmt":"2023-12-22T03:55:40","guid":{"rendered":"https:\/\/www.hginstrument.com\/?post_type=product&#038;p=4282"},"modified":"2023-12-22T11:57:35","modified_gmt":"2023-12-22T03:57:35","slug":"8-flow-meter","status":"publish","type":"product","link":"https:\/\/www.hginstrument.com\/es\/magnetic-flow-meter\/8-flow-meter\/","title":{"rendered":"8 caudal\u00edmetro"},"content":{"rendered":"<p>Our 8 flow meter is a cutting-edge product that is guaranteed to provide accurate and reliable flow measurement for a wide range of industrial applications. Equipped with advanced technology and precise sensors, it ensures precise and consistent measurement of liquid and gas flow rates. <\/p>\n<p>8 flow meters are essential devices for measuring the flow rate and volume of liquids, gases, and steam in various industrial processes. They are widely used in industries such as oil and gas, water and wastewater treatment, chemical, and pharmaceutical to monitor and control the flow of fluids.<\/p>\n<p>&nbsp;<\/p>\n<table class=\"table table-bordered\">\n<tbody>\n<tr>\n<td><span style=\"vertical-align: inherit;\"><span style=\"vertical-align: inherit;\">Tipo\uff1a<\/span><\/span><\/td>\n<td><span style=\"vertical-align: inherit;\">8 caudal\u00edmetro<\/span><\/td>\n<td><span style=\"vertical-align: inherit;\"><span style=\"vertical-align: inherit;\">Se\u00f1al de salida\uff1a<\/span><\/span><\/td>\n<td><span style=\"vertical-align: inherit;\"><span style=\"vertical-align: inherit;\">4-25mA, Pulso\/Frecuencia 2kHz(Predeterminado), 5KHz(Max)<\/span><\/span><\/td>\n<\/tr>\n<tr>\n<td><span style=\"vertical-align: inherit;\"><span style=\"vertical-align: inherit;\">Lugar de origen\uff1a<\/span><\/span><\/td>\n<td><span style=\"vertical-align: inherit;\"><span style=\"vertical-align: inherit;\">Jiangsu\uff0cChina<\/span><\/span><\/td>\n<td><span style=\"vertical-align: inherit;\"><span style=\"vertical-align: inherit;\">Incorporar tipo\uff1a<\/span><\/span><\/td>\n<td><span style=\"vertical-align: inherit;\"><span style=\"vertical-align: inherit;\">-10\u2103- +51\u2103<\/span><\/span><\/td>\n<\/tr>\n<tr>\n<td><span style=\"vertical-align: inherit;\"><span style=\"vertical-align: inherit;\">Garant\u00eda\uff1a<\/span><\/span><\/td>\n<td><span style=\"vertical-align: inherit;\"><span style=\"vertical-align: inherit;\">15 meses<\/span><\/span><\/td>\n<td><span style=\"vertical-align: inherit;\"><span style=\"vertical-align: inherit;\">Tensi\u00f3n de alimentaci\u00f3n\uff1a<\/span><\/span><\/td>\n<td><span style=\"vertical-align: inherit;\"><span style=\"vertical-align: inherit;\">110\/220VAC (100-240VAC), 50Hz\/60Hz; 24VDC\u00b110%<\/span><\/span><\/td>\n<\/tr>\n<tr>\n<td><span style=\"vertical-align: inherit;\"><span style=\"vertical-align: inherit;\">Asistencia personalizada\uff1a<\/span><\/span><\/td>\n<td><span style=\"vertical-align: inherit;\"><span style=\"vertical-align: inherit;\">OEM, ODM, OBM<\/span><\/span><\/td>\n<td><span style=\"vertical-align: inherit;\"><span style=\"vertical-align: inherit;\">Comunicaci\u00f3n digital\uff1a<\/span><\/span><\/td>\n<td><span style=\"vertical-align: inherit;\"><span style=\"vertical-align: inherit;\">RS-485, compatible con el protocolo est\u00e1ndar Mudbugs-RTU; GPRS<\/span><\/span><\/td>\n<\/tr>\n<tr>\n<td><span style=\"vertical-align: inherit;\"><span style=\"vertical-align: inherit;\">Marca\uff1a<\/span><\/span><\/td>\n<td><span style=\"vertical-align: inherit;\"><span style=\"vertical-align: inherit;\">GRUPO SUYI<\/span><\/span><\/td>\n<td><span style=\"vertical-align: inherit;\"><span style=\"vertical-align: inherit;\">Presi\u00f3n nominal\uff1a<\/span><\/span><\/td>\n<td><span style=\"vertical-align: inherit;\"><span style=\"vertical-align: inherit;\">1MPa (DN15-DN800), 1,6MPa(DN15-DN800), 2,5MPa(DN15-DN600)<\/span><\/span><\/td>\n<\/tr>\n<tr>\n<td><span style=\"vertical-align: inherit;\"><span style=\"vertical-align: inherit;\">N\u00famero de modelo\uff1a<\/span><\/span><\/td>\n<td><span style=\"vertical-align: inherit;\"><span style=\"vertical-align: inherit;\">otros<\/span><\/span><\/td>\n<td><span style=\"vertical-align: inherit;\"><span style=\"vertical-align: inherit;\">Sensor\uff1a<\/span><\/span><\/td>\n<td><span style=\"vertical-align: inherit;\"><span style=\"vertical-align: inherit;\">0\u2103- +80\u2103 o -25\u2103- +120\u2103 o +70\u2103- +250\u2103<\/span><\/span><\/td>\n<\/tr>\n<tr>\n<td><span style=\"vertical-align: inherit;\"><span style=\"vertical-align: inherit;\">Nombre del producto\uff1a<\/span><\/span><\/td>\n<td><span style=\"vertical-align: inherit;\"><span style=\"vertical-align: inherit;\">Medidor de caudal de agua qu\u00edmico digital inteligente electromagn\u00e9tico<\/span><\/span><\/td>\n<td><span style=\"vertical-align: inherit;\"><span style=\"vertical-align: inherit;\">Detalles del embalaje\uff1a<\/span><\/span><\/td>\n<td><span style=\"vertical-align: inherit;\"><span style=\"vertical-align: inherit;\">1 Juego por paquete o seg\u00fan pedido del cliente<\/span><\/span><\/td>\n<\/tr>\n<tr>\n<td><span style=\"vertical-align: inherit;\"><span style=\"vertical-align: inherit;\">Di\u00e1metro nominal\uff1a<\/span><\/span><\/td>\n<td><span style=\"vertical-align: inherit;\"><span style=\"vertical-align: inherit;\">3-2917mm<\/span><\/span><\/td>\n<td><span style=\"vertical-align: inherit;\"><span style=\"vertical-align: inherit;\">Capacidad de suministro\uff1a<\/span><\/span><\/td>\n<td><span style=\"vertical-align: inherit;\"><span style=\"vertical-align: inherit;\">1578 Set\/Sets per Month<\/span><\/span><\/td>\n<\/tr>\n<tr>\n<td><span style=\"vertical-align: inherit;\"><span style=\"vertical-align: inherit;\">rango de velocidad\uff1a<\/span><\/span><\/td>\n<td><span style=\"vertical-align: inherit;\"><span style=\"vertical-align: inherit;\">0-14 m\/s<\/span><\/span><\/td>\n<td><span style=\"vertical-align: inherit;\"><span style=\"vertical-align: inherit;\">Cantidad (juegos)\uff1a<\/span><\/span><\/td>\n<td><span style=\"vertical-align: inherit;\"><span style=\"vertical-align: inherit;\">&gt; 30<\/span><\/span><\/td>\n<\/tr>\n<tr>\n<td><span style=\"vertical-align: inherit;\"><span style=\"vertical-align: inherit;\">Grado de precisi\u00f3n\uff1a<\/span><\/span><\/td>\n<td><span style=\"vertical-align: inherit;\"><span style=\"vertical-align: inherit;\">\u00b10,5%R, \u00b11%R ( &lt; DN20)<\/span><\/span><\/td>\n<td><span style=\"vertical-align: inherit;\"><span style=\"vertical-align: inherit;\">Plazo de entrega (d\u00edas)\uff1a<\/span><\/span><\/td>\n<td><span style=\"vertical-align: inherit;\"><span style=\"vertical-align: inherit;\">A negociar<\/span><\/span><\/td>\n<\/tr>\n<\/tbody>\n<\/table>\n<p>&nbsp;<\/p>\n<p><strong><\/strong><\/p>\n<p style=\"text-align:center;\"><img src=\"https:\/\/www.hginstrument.com\/wp-content\/uploads\/2021\/07\/in-line-pipeline-type-hgd-electromagnetic-flow-meter.jpg\" atl=\"8 flow meter\" title=\"8 caudal\u00edmetro\"><\/p>\n<p><strong><\/strong><\/p>\n<p style=\"text-align:center;\"><img src=\"https:\/\/www.hginstrument.com\/wp-content\/uploads\/2021\/07\/insertion-01.jpg\" atl=\"8 flow meter\" title=\"8 caudal\u00edmetro\"><\/p>\n<p><strong><\/strong><\/p>\n<p style=\"text-align:center;\"><img src=\"https:\/\/www.hginstrument.com\/wp-content\/uploads\/2021\/07\/sanitary-mag-1.jpg\" atl=\"8 flow meter\" title=\"8 caudal\u00edmetro\"><\/p>\n<p><strong>8 flow meter FAQs Guide.<\/p>\n<p>At the heart of our 8 flow meter series lies a commitment to excellence, blending advanced sensor technology with user-friendly interfaces. From liquid to gas, our meters deliver unparalleled accuracy, empowering you to make informed decisions and streamline operations. As we usher in a new era of fluid measurement, we invite you to explore the limitless possibilities that our 8 flow meters unlock \u2013 where precision meets performance, and innovation flows seamlessly.<\/strong><\/p>\n<div style=\"border:3px solid #f89900;margin:20px 0;padding:20px;\"><a href=\"\/es\/8-flow-meter\/#01\">1.Does the 8 flow meter have data storage capabilities?<\/a><br \/><a href=\"\/es\/8-flow-meter\/#02\">2.About 8 flow meter raw materials<\/a><br \/><a href=\"\/es\/8-flow-meter\/#03\">3.Can the measurement results of the 8 flow meter be output and recorded remotely?<\/a><br \/><a href=\"\/es\/8-flow-meter\/#04\">4.What is the main principle of 8 flow meter?<\/a><br \/><a href=\"\/es\/8-flow-meter\/#05\">5.About 8 flow meter R&#038;D capabilities<\/a><br \/><a href=\"\/es\/8-flow-meter\/#06\">6.About 8 flow meter technology<\/a><br \/><a href=\"\/es\/8-flow-meter\/#07\">7.About 8 flow meter payment method<\/a><br \/><a href=\"\/es\/8-flow-meter\/#08\">8.About 8 flow meter technology<\/a><br \/><a href=\"\/es\/8-flow-meter\/#09\">9.About 8 flow meter production capacity<\/a><br \/><a href=\"\/es\/8-flow-meter\/#010\">10.What are the common types of 8 flow meters?<\/a><br \/><a href=\"\/es\/8-flow-meter\/#11\">11.What is the difference between 8 flow meter SUYI group vs 8 flow meter Siemens vs 8 flow meter GE<\/a><br \/><a href=\"\/es\/8-flow-meter\/#12\">12.About 8 flow meter warranty<\/a><br \/><a href=\"\/es\/8-flow-meter\/#13\">13.Does the explosion-proof performance of 8 flow meter meet relevant standards?<\/a><\/div>\n<div name=\"01\" id=\"01\">\n<p><strong>1.Does the 8 flow meter have data storage capabilities?<\/strong><\/p>\n<p>Nos centramos en la innovaci\u00f3n y la mejora continua para mantener una ventaja competitiva.<br \/>\nDepende del tipo de caudal\u00edmetro. Algunos caudal\u00edmetros tienen capacidad de almacenamiento de datos, mientras que otros no.<\/p>\n<\/div>\n<div name=\"02\" id=\"02\">\n<p><strong>2.About 8 flow meter raw materials<\/strong><\/p>\n<p>Las materias primas de los caudal\u00edmetros suelen estar hechas de una variedad de metales, pl\u00e1sticos y compuestos. Entre los materiales m\u00e1s comunes utilizados en los caudal\u00edmetros se encuentran el acero inoxidable, el lat\u00f3n, el aluminio, el cloruro de polivinilo (PVC), el polipropileno (PP) y el politetrafluoroetileno (PTFE). El material utilizado en un caudal\u00edmetro depende de la aplicaci\u00f3n y del tipo de fluido que se mida. Por ejemplo, el acero inoxidable suele utilizarse para medir fluidos corrosivos, mientras que el PVC suele emplearse para medir agua.<\/p>\n<\/div>\n<div name=\"03\" id=\"03\">\n<p><strong>3.Can the measurement results of the 8 flow meter be output and recorded remotely?<\/strong><\/p>\n<p>S\u00ed, muchos caudal\u00edmetros est\u00e1n equipados con salida remota y capacidad de registro. Esto permite a los usuarios supervisar y registrar datos de caudal desde una ubicaci\u00f3n remota.<\/p>\n<\/div>\n<div name=\"04\" id=\"04\">\n<p><strong>4.What is the main principle of 8 flow meter?<\/strong><\/p>\n<p>Our 8 flow meter products undergo strict quality control to ensure customer satisfaction.<br \/>\nEl principio fundamental de un caudal\u00edmetro es medir el caudal de un fluido o gas a trav\u00e9s de una tuber\u00eda u otro recipiente. Esto se hace normalmente midiendo la ca\u00edda de presi\u00f3n a trav\u00e9s de una restricci\u00f3n conocida en la tuber\u00eda, o midiendo la velocidad del fluido o gas a medida que pasa a trav\u00e9s de la tuber\u00eda.<\/p>\n<\/div>\n<div name=\"05\" id=\"05\">\n<p><strong>5.About 8 flow meter R&#038;D capabilities<\/strong><\/p>\n<p>Las capacidades de I+D en caudal\u00edmetros se refieren a la capacidad de una empresa u organizaci\u00f3n para investigar, desarrollar y fabricar caudal\u00edmetros. Esto incluye la capacidad de dise\u00f1ar, probar y fabricar caudal\u00edmetros que cumplan los requisitos del cliente y las normas del sector. Tambi\u00e9n incluye la capacidad de desarrollar nuevas tecnolog\u00edas y productos para satisfacer las necesidades cambiantes de la industria. Las empresas con una s\u00f3lida capacidad de I+D pueden adelantarse a la competencia y ofrecer a sus clientes los caudal\u00edmetros m\u00e1s avanzados y fiables.<\/p>\n<p><img src=\"https:\/\/www.hginstrument.com\/wp-content\/uploads\/2021\/07\/dsrt-1.jpg\" alt=\"About 8 flow meter R&#038;D capabilities\" title=\"About 8 flow meter R&#038;D capabilities\" style=\"max-width: 100%;\"><\/div>\n<div name=\"06\" id=\"06\">\n<p><strong>6.About 8 flow meter technology<\/strong><\/p>\n<p>La tecnolog\u00eda de caudal\u00edmetros es un tipo de tecnolog\u00eda de medici\u00f3n utilizada para medir el caudal de un fluido o gas. Se utiliza en diversas industrias, como las del petr\u00f3leo y el gas, el agua y las aguas residuales, y el procesamiento qu\u00edmico. Los caudal\u00edmetros miden el caudal de un fluido o gas midiendo la presi\u00f3n, la velocidad u otras propiedades f\u00edsicas del fluido o gas. Los caudal\u00edmetros pueden utilizarse para medir el caudal de l\u00edquidos, gases y vapor. Se utilizan para medir el caudal de una gran variedad de fluidos, como agua, aceite y productos qu\u00edmicos. Los caudal\u00edmetros se utilizan en diversas aplicaciones, como el control de procesos, la gesti\u00f3n de la energ\u00eda y la supervisi\u00f3n de la seguridad.<\/p>\n<\/div>\n<div name=\"07\" id=\"07\">\n<p><strong>7.About 8 flow meter payment method<\/strong><\/p>\n<p>El pago con caudal\u00edmetro es un m\u00e9todo de pago que utiliza un caudal\u00edmetro para medir la cantidad de energ\u00eda utilizada por un cliente. El cliente paga por la energ\u00eda utilizada en funci\u00f3n de la cantidad de energ\u00eda medida por el caudal\u00edmetro. Este m\u00e9todo de pago se utiliza a menudo en entornos comerciales e industriales, donde el consumo de energ\u00eda es elevado y debe controlarse con precisi\u00f3n. El pago con caudal\u00edmetro tambi\u00e9n se utiliza en algunos entornos residenciales, donde los clientes pueden pagar por su consumo de energ\u00eda en funci\u00f3n de la cantidad de energ\u00eda que utilizan.<\/p>\n<\/div>\n<div name=\"08\" id=\"08\">\n<p><strong>8.About 8 flow meter technology<\/strong><\/p>\n<p>La tecnolog\u00eda de caudal\u00edmetros es un tipo de tecnolog\u00eda de medici\u00f3n utilizada para medir el caudal de un fluido o gas. Se utiliza en diversas industrias, como las del petr\u00f3leo y el gas, el agua y las aguas residuales, y el procesamiento qu\u00edmico. Los caudal\u00edmetros miden el caudal de un fluido o gas midiendo la presi\u00f3n, la velocidad u otras propiedades f\u00edsicas del fluido o gas. Los caudal\u00edmetros pueden utilizarse para medir el caudal de l\u00edquidos, gases y vapor. Se utilizan para medir el caudal de una gran variedad de fluidos, como agua, aceite y productos qu\u00edmicos. Los caudal\u00edmetros se utilizan en diversas aplicaciones, como el control de procesos, la gesti\u00f3n de la energ\u00eda y la supervisi\u00f3n de la seguridad.<\/p>\n<\/div>\n<div name=\"09\" id=\"09\">\n<p><strong>9.About 8 flow meter production capacity<\/strong><\/p>\n<p>La capacidad de producci\u00f3n de caudal\u00edmetros depende del tipo de caudal\u00edmetro que se fabrique. Por lo general, la capacidad de producci\u00f3n viene determinada por el tama\u00f1o de la instalaci\u00f3n de producci\u00f3n, el n\u00famero de m\u00e1quinas y personal disponible y el tipo de caudal\u00edmetro que se fabrica. Por ejemplo, una planta de producci\u00f3n especializada en la fabricaci\u00f3n de caudal\u00edmetros de turbina puede tener una capacidad de producci\u00f3n mayor que una planta de producci\u00f3n de caudal\u00edmetros ultras\u00f3nicos. Adem\u00e1s, la capacidad de producci\u00f3n de una instalaci\u00f3n puede verse afectada por la complejidad del caudal\u00edmetro fabricado, as\u00ed como por la disponibilidad de materias primas y componentes.<\/p>\n<\/div>\n<div name=\"010\" id=\"010\">\n<p><strong>10.What are the common types of 8 flow meters?<\/strong><\/p>\n<p>Our mission is to provide customers with the best solutions for 8 flow meter.<br \/>\n1. Caudal\u00edmetros de presi\u00f3n diferencial<br \/>\n2. Caudal\u00edmetros de desplazamiento positivo<br \/>\n3. Caudal\u00edmetros de turbina<br \/>\n4. Caudal\u00edmetros magn\u00e9ticos<br \/>\n5. Caudal\u00edmetros ultras\u00f3nicos<br \/>\n6. Caudal\u00edmetros Coriolis<br \/>\n7. Caudal\u00edmetros de v\u00f3rtice<br \/>\n8. Caudal\u00edmetros de objetivo<br \/>\n9. Caudal\u00edmetros de \u00e1rea variable<br \/>\n10. Caudal\u00edmetros m\u00e1sicos<\/p>\n<p><img src=\"https:\/\/www.hginstrument.com\/wp-content\/uploads\/2021\/07\/hgrs-1.jpg\" alt=\"What are the common types of 8 flow meters?\" title=\"What are the common types of 8 flow meters?\" style=\"max-width: 100%;\"><\/div>\n<div name=\"11\" id=\"11\">\n<p><strong>11.What is the difference between 8 flow meter SUYI group vs 8 flow meter Siemens vs 8 flow meter GE<\/strong><\/p>\n<p>Los caudal\u00edmetros del Grupo SUYI se utilizan normalmente para medir el caudal de l\u00edquidos, gases y vapor. Est\u00e1n dise\u00f1ados para ser precisos, fiables y f\u00e1ciles de instalar y mantener. Los caudal\u00edmetros SUYI est\u00e1n disponibles en una gran variedad de tama\u00f1os y materiales, y pueden utilizarse en una gran variedad de aplicaciones.<\/p>\n<p>Los caudal\u00edmetros de Siemens est\u00e1n dise\u00f1ados para medir el caudal de l\u00edquidos, gases y vapor. Est\u00e1n dise\u00f1ados para ser precisos, fiables y f\u00e1ciles de instalar y mantener. Los caudal\u00edmetros Siemens est\u00e1n disponibles en distintos tama\u00f1os y materiales, y pueden utilizarse en una gran variedad de aplicaciones.<\/p>\n<p>Los caudal\u00edmetros de GE est\u00e1n dise\u00f1ados para medir el caudal de l\u00edquidos, gases y vapor. Est\u00e1n dise\u00f1ados para ser precisos, fiables y f\u00e1ciles de instalar y mantener. Los caudal\u00edmetros de GE est\u00e1n disponibles en diversos tama\u00f1os y materiales, y pueden utilizarse en una gran variedad de aplicaciones. Tambi\u00e9n ofrecen una amplia gama de caracter\u00edsticas, como pantallas digitales, alarmas y capacidades de registro de datos.<\/p>\n<\/div>\n<div name=\"12\" id=\"12\">\n<p><strong>12.About 8 flow meter warranty<\/strong><\/p>\n<p>Las garant\u00edas de los caudal\u00edmetros var\u00edan en funci\u00f3n del fabricante y del tipo de caudal\u00edmetro. Por lo general, las garant\u00edas cubren los defectos de materiales y mano de obra, y tambi\u00e9n pueden cubrir ciertos tipos de da\u00f1os causados por el uso normal. Algunas garant\u00edas tambi\u00e9n pueden cubrir los da\u00f1os causados por una instalaci\u00f3n o un uso inadecuados. Es importante leer la informaci\u00f3n sobre la garant\u00eda proporcionada por el fabricante para comprender la cobertura espec\u00edfica y las limitaciones de la garant\u00eda.<\/p>\n<\/div>\n<div name=\"13\" id=\"13\">\n<p><strong>13.Does the explosion-proof performance of 8 flow meter meet relevant standards?<\/strong><\/p>\n<p>S\u00ed, las prestaciones antideflagrantes del caudal\u00edmetro cumplen las normas pertinentes. El caudal\u00edmetro debe estar certificado por un organismo de certificaci\u00f3n reconocido para garantizar que cumple los requisitos de las normas pertinentes.<\/p>\n<\/div>\n<p>Etiqueta\uff1a<a href=\"\/es\/magnetic-flow-meter\/pest-control-flow-meter\/\">caudal\u00edmetro de control de plagas<\/a>,<a href=\"\/es\/magnetic-flow-meter\/pressure-flow-meter\/\">caudal\u00edmetro de presi\u00f3n<\/a>,<a href=\"\/es\/magnetic-flow-meter\/10-flow-meter\/\">10 caudal\u00edmetro<\/a>,<a href=\"\/es\/magnetic-flow-meter\/clamp-on-liquid-flow-meter\/\">caudal\u00edmetro de l\u00edquido de pinza<\/a>,<a href=\"\/es\/magnetic-flow-meter\/wifi-water-flow-meter\/\">caudal\u00edmetro wifi<\/a><\/p>\n<p><\/p>","protected":false},"excerpt":{"rendered":"<p><strong>Datos t\u00e9cnicos<\/strong><br \/>\nPuede servir para fluidos l\u00edquidos o gaseosos, normalmente se utiliza para medir el caudal de vapor, aire y gas natural.<br \/>\nTama\u00f1o del contador: Tipo en l\u00ednea: DN25 - DN300<br \/>\nOpci\u00f3n de material mojado: SS304, SS316<br \/>\nTemperatura de funcionamiento: \u2264250\u2103<br \/>\nConexi\u00f3n a proceso: Wafer \/ Brida \/ Tri-clamp para tipo en l\u00ednea<br \/>\nPrecisi\u00f3n de medici\u00f3n: 1,0 % - 1,5% del intervalo de calibraci\u00f3n<br \/>\nIndicador digital: muestra el caudal instant\u00e1neo y el caudal total<br \/>\nAlimentaci\u00f3n: 24VDC, Salida: 4-20mA<\/p>\n<p><strong>caracter\u00edsticas<\/strong><br \/>\n1.Puntos de consigna ON\/OFF ajustables<br \/>\n2.Modo de alarma de caudal alto o bajo<br \/>\n3.Tiempo de retardo ajustable<br \/>\n4.LED de estado del rel\u00e9<\/p>","protected":false},"featured_media":3691,"comment_status":"closed","ping_status":"closed","template":"","meta":[],"product_cat":[2372],"product_tag":[],"acf":[],"_links":{"self":[{"href":"https:\/\/www.hginstrument.com\/es\/wp-json\/wp\/v2\/product\/4282"}],"collection":[{"href":"https:\/\/www.hginstrument.com\/es\/wp-json\/wp\/v2\/product"}],"about":[{"href":"https:\/\/www.hginstrument.com\/es\/wp-json\/wp\/v2\/types\/product"}],"replies":[{"embeddable":true,"href":"https:\/\/www.hginstrument.com\/es\/wp-json\/wp\/v2\/comments?post=4282"}],"wp:featuredmedia":[{"embeddable":true,"href":"https:\/\/www.hginstrument.com\/es\/wp-json\/wp\/v2\/media\/3691"}],"wp:attachment":[{"href":"https:\/\/www.hginstrument.com\/es\/wp-json\/wp\/v2\/media?parent=4282"}],"wp:term":[{"taxonomy":"product_cat","embeddable":true,"href":"https:\/\/www.hginstrument.com\/es\/wp-json\/wp\/v2\/product_cat?post=4282"},{"taxonomy":"product_tag","embeddable":true,"href":"https:\/\/www.hginstrument.com\/es\/wp-json\/wp\/v2\/product_tag?post=4282"}],"curies":[{"name":"wp","href":"https:\/\/api.w.org\/{rel}","templated":true}]}}