{"id":4286,"date":"2023-12-22T12:02:31","date_gmt":"2023-12-22T04:02:31","guid":{"rendered":"https:\/\/www.hginstrument.com\/?post_type=product&#038;p=4286"},"modified":"2023-12-22T12:04:02","modified_gmt":"2023-12-22T04:04:02","slug":"10-flow-meter","status":"publish","type":"product","link":"https:\/\/www.hginstrument.com\/es\/magnetic-flow-meter\/10-flow-meter\/","title":{"rendered":"10 caudal\u00edmetro"},"content":{"rendered":"<p>10, su excelente rendimiento, fiabilidad y estabilidad a largo plazo lo convierten en una herramienta importante para mantener una gesti\u00f3n \u00f3ptima del caudal en procesos industriales complejos. Adem\u00e1s, puede integrarse f\u00e1cilmente con otros dispositivos y sistemas, proporcionando una comunicaci\u00f3n de datos sin fisuras y capacidades de registro de datos. El caudal\u00edmetro 10 marca verdaderamente la pauta en tecnolog\u00eda de medici\u00f3n de caudal, proporcionando soluciones fiables y eficientes a empresas de todo el mundo.<\/p>\n<p>En el coraz\u00f3n de los caudal\u00edmetros 10 se encuentra la tecnolog\u00eda que mide y registra el caudal, proporcionando lecturas precisas y fiables. Existen distintos tipos de caudal\u00edmetros 10, como magn\u00e9ticos, ultras\u00f3nicos, de coriolis y de turbina, cada uno dise\u00f1ado para aplicaciones y tipos de fluido espec\u00edficos.<\/p>\n<p>Uno de los caudal\u00edmetros 10 m\u00e1s avanzados y utilizados es el caudal\u00edmetro 10 electromagn\u00e9tico. Funciona seg\u00fan el principio de la Ley de Faraday de inducci\u00f3n electromagn\u00e9tica y es capaz de medir el caudal de fluidos conductores con una precisi\u00f3n y repetibilidad incre\u00edbles. Es adecuado para una gran variedad de fluidos, como agua, productos qu\u00edmicos y lodos.<\/p>\n<p>&nbsp;<\/p>\n<table class=\"table table-bordered\">\n<tbody>\n<tr>\n<td><span style=\"vertical-align: inherit;\"><span style=\"vertical-align: inherit;\">Tipo\uff1a<\/span><\/span><\/td>\n<td><span style=\"vertical-align: inherit;\">10 caudal\u00edmetro<\/span><\/td>\n<td><span style=\"vertical-align: inherit;\"><span style=\"vertical-align: inherit;\">Se\u00f1al de salida\uff1a<\/span><\/span><\/td>\n<td><span style=\"vertical-align: inherit;\"><span style=\"vertical-align: inherit;\">4-21mA, Pulso\/Frecuencia 2kHz(Predeterminado), 5KHz(Max)<\/span><\/span><\/td>\n<\/tr>\n<tr>\n<td><span style=\"vertical-align: inherit;\"><span style=\"vertical-align: inherit;\">Lugar de origen\uff1a<\/span><\/span><\/td>\n<td><span style=\"vertical-align: inherit;\"><span style=\"vertical-align: inherit;\">Jiangsu\uff0cChina<\/span><\/span><\/td>\n<td><span style=\"vertical-align: inherit;\"><span style=\"vertical-align: inherit;\">Incorporar tipo\uff1a<\/span><\/span><\/td>\n<td><span style=\"vertical-align: inherit;\"><span style=\"vertical-align: inherit;\">-10\u2103- +52\u2103<\/span><\/span><\/td>\n<\/tr>\n<tr>\n<td><span style=\"vertical-align: inherit;\"><span style=\"vertical-align: inherit;\">Garant\u00eda\uff1a<\/span><\/span><\/td>\n<td><span style=\"vertical-align: inherit;\"><span style=\"vertical-align: inherit;\">20 meses<\/span><\/span><\/td>\n<td><span style=\"vertical-align: inherit;\"><span style=\"vertical-align: inherit;\">Tensi\u00f3n de alimentaci\u00f3n\uff1a<\/span><\/span><\/td>\n<td><span style=\"vertical-align: inherit;\"><span style=\"vertical-align: inherit;\">110\/220VAC (100-240VAC), 50Hz\/60Hz; 24VDC\u00b110%<\/span><\/span><\/td>\n<\/tr>\n<tr>\n<td><span style=\"vertical-align: inherit;\"><span style=\"vertical-align: inherit;\">Asistencia personalizada\uff1a<\/span><\/span><\/td>\n<td><span style=\"vertical-align: inherit;\"><span style=\"vertical-align: inherit;\">OEM, ODM, OBM<\/span><\/span><\/td>\n<td><span style=\"vertical-align: inherit;\"><span style=\"vertical-align: inherit;\">Comunicaci\u00f3n digital\uff1a<\/span><\/span><\/td>\n<td><span style=\"vertical-align: inherit;\"><span style=\"vertical-align: inherit;\">RS-485, compatible con el protocolo est\u00e1ndar Mudbugs-RTU; GPRS<\/span><\/span><\/td>\n<\/tr>\n<tr>\n<td><span style=\"vertical-align: inherit;\"><span style=\"vertical-align: inherit;\">Marca\uff1a<\/span><\/span><\/td>\n<td><span style=\"vertical-align: inherit;\"><span style=\"vertical-align: inherit;\">GRUPO SUYI<\/span><\/span><\/td>\n<td><span style=\"vertical-align: inherit;\"><span style=\"vertical-align: inherit;\">Presi\u00f3n nominal\uff1a<\/span><\/span><\/td>\n<td><span style=\"vertical-align: inherit;\"><span style=\"vertical-align: inherit;\">1MPa (DN15-DN800), 1,6MPa(DN15-DN800), 2,5MPa(DN15-DN600)<\/span><\/span><\/td>\n<\/tr>\n<tr>\n<td><span style=\"vertical-align: inherit;\"><span style=\"vertical-align: inherit;\">N\u00famero de modelo\uff1a<\/span><\/span><\/td>\n<td><span style=\"vertical-align: inherit;\"><span style=\"vertical-align: inherit;\">otros<\/span><\/span><\/td>\n<td><span style=\"vertical-align: inherit;\"><span style=\"vertical-align: inherit;\">Sensor\uff1a<\/span><\/span><\/td>\n<td><span style=\"vertical-align: inherit;\"><span style=\"vertical-align: inherit;\">0\u2103- +80\u2103 o -25\u2103- +120\u2103 o +70\u2103- +250\u2103<\/span><\/span><\/td>\n<\/tr>\n<tr>\n<td><span style=\"vertical-align: inherit;\"><span style=\"vertical-align: inherit;\">Nombre del producto\uff1a<\/span><\/span><\/td>\n<td><span style=\"vertical-align: inherit;\"><span style=\"vertical-align: inherit;\">Medidor de caudal de agua qu\u00edmico digital inteligente electromagn\u00e9tico<\/span><\/span><\/td>\n<td><span style=\"vertical-align: inherit;\"><span style=\"vertical-align: inherit;\">Detalles del embalaje\uff1a<\/span><\/span><\/td>\n<td><span style=\"vertical-align: inherit;\"><span style=\"vertical-align: inherit;\">1 Juego por paquete o seg\u00fan pedido del cliente<\/span><\/span><\/td>\n<\/tr>\n<tr>\n<td><span style=\"vertical-align: inherit;\"><span style=\"vertical-align: inherit;\">Di\u00e1metro nominal\uff1a<\/span><\/span><\/td>\n<td><span style=\"vertical-align: inherit;\"><span style=\"vertical-align: inherit;\">3-3248 mm<\/span><\/span><\/td>\n<td><span style=\"vertical-align: inherit;\"><span style=\"vertical-align: inherit;\">Capacidad de suministro\uff1a<\/span><\/span><\/td>\n<td><span style=\"vertical-align: inherit;\"><span style=\"vertical-align: inherit;\">2041 juegos\/juegos al mes<\/span><\/span><\/td>\n<\/tr>\n<tr>\n<td><span style=\"vertical-align: inherit;\"><span style=\"vertical-align: inherit;\">rango de velocidad\uff1a<\/span><\/span><\/td>\n<td><span style=\"vertical-align: inherit;\"><span style=\"vertical-align: inherit;\">0-12 m\/s<\/span><\/span><\/td>\n<td><span style=\"vertical-align: inherit;\"><span style=\"vertical-align: inherit;\">Cantidad (juegos)\uff1a<\/span><\/span><\/td>\n<td><span style=\"vertical-align: inherit;\"><span style=\"vertical-align: inherit;\">&gt; 30<\/span><\/span><\/td>\n<\/tr>\n<tr>\n<td><span style=\"vertical-align: inherit;\"><span style=\"vertical-align: inherit;\">Grado de precisi\u00f3n\uff1a<\/span><\/span><\/td>\n<td><span style=\"vertical-align: inherit;\"><span style=\"vertical-align: inherit;\">\u00b10,5%R, \u00b11%R ( &lt; DN20)<\/span><\/span><\/td>\n<td><span style=\"vertical-align: inherit;\"><span style=\"vertical-align: inherit;\">Plazo de entrega (d\u00edas)\uff1a<\/span><\/span><\/td>\n<td><span style=\"vertical-align: inherit;\"><span style=\"vertical-align: inherit;\">A negociar<\/span><\/span><\/td>\n<\/tr>\n<\/tbody>\n<\/table>\n<p>&nbsp;<\/p>\n<p><strong><\/strong><\/p>\n<p style=\"text-align:center;\"><img src=\"https:\/\/www.hginstrument.com\/wp-content\/uploads\/2021\/07\/in-line-pipeline-type-hgd-electromagnetic-flow-meter.jpg\" atl=\"10 flow meter\" title=\"10 caudal\u00edmetro\"><\/p>\n<p><strong><\/strong><\/p>\n<p style=\"text-align:center;\"><img src=\"https:\/\/www.hginstrument.com\/wp-content\/uploads\/2021\/07\/insertion-01.jpg\" atl=\"10 flow meter\" title=\"10 caudal\u00edmetro\"><\/p>\n<p><strong><\/strong><\/p>\n<p style=\"text-align:center;\"><img src=\"https:\/\/www.hginstrument.com\/wp-content\/uploads\/2021\/07\/sanitary-mag-1.jpg\" atl=\"10 flow meter\" title=\"10 caudal\u00edmetro\"><\/p>\n<p><strong>Gu\u00eda de preguntas frecuentes sobre 10 caudal\u00edmetros.<\/p>\n<p>En el coraz\u00f3n de nuestra serie 10 de caudal\u00edmetros se encuentra un compromiso con la excelencia, que combina una avanzada tecnolog\u00eda de sensores con interfaces f\u00e1ciles de usar. Tanto si se trata de l\u00edquidos como de gases, nuestros caudal\u00edmetros ofrecen una precisi\u00f3n inigualable, lo que le permite tomar decisiones con conocimiento de causa y agilizar las operaciones. A medida que iniciamos una nueva era en la medici\u00f3n de fluidos, le invitamos a explorar las posibilidades ilimitadas que abren nuestros caudal\u00edmetros 10, donde la precisi\u00f3n se une al rendimiento y la innovaci\u00f3n fluye sin interrupciones.<\/strong><\/p>\n<div style=\"border:3px solid #f89900;margin:20px 0;padding:20px;\"><a href=\"\/es\/10-flow-meter\/#01\">1.Sobre 10 formaci\u00f3n en producci\u00f3n de caudal\u00edmetros<\/a><br \/><a href=\"\/es\/10-flow-meter\/#02\">2.\u00bfQu\u00e9 es un caudal\u00edmetro 10?<\/a><br \/><a href=\"\/es\/10-flow-meter\/#03\">3.Sobre 10 formaci\u00f3n en producci\u00f3n de caudal\u00edmetros<\/a><br \/><a href=\"\/es\/10-flow-meter\/#04\">4.Sobre 10 fecha de entrega del caudal\u00edmetro<\/a><br \/><a href=\"\/es\/10-flow-meter\/#05\">5.\u00bfCu\u00e1l es el tiempo de respuesta del caudal\u00edmetro 10?<\/a><br \/><a href=\"\/es\/10-flow-meter\/#06\">6.\u00bfCu\u00e1l es la diferencia entre el caudal\u00edmetro 10 del grupo SUYI frente al caudal\u00edmetro 10 de Yokogawa frente al caudal\u00edmetro 10 de ABB?<\/a><br \/><a href=\"\/es\/10-flow-meter\/#07\">7.\u00bfSon trazables los resultados de las mediciones de 10 caudal\u00edmetros?<\/a><br \/><a href=\"\/es\/10-flow-meter\/#08\">8.Sobre 10 equipos de producci\u00f3n de caudal\u00edmetros<\/a><br \/><a href=\"\/es\/10-flow-meter\/#09\">9.\u00bfTiene el caudal\u00edmetro 10 capacidad de almacenamiento de datos?<\/a><br \/><a href=\"\/es\/10-flow-meter\/#010\">10.\u00bfSe puede controlar a distancia el caudal\u00edmetro 10?<\/a><br \/><a href=\"\/es\/10-flow-meter\/#11\">11.\u00bfCu\u00e1l es la diferencia entre el caudal\u00edmetro 10 del grupo SUYI frente al caudal\u00edmetro 10 de Schneider Electric frente al caudal\u00edmetro 10 de Badger Meter?<\/a><br \/><a href=\"\/es\/10-flow-meter\/#12\">12.Acerca de 10 servicios de personalizaci\u00f3n de caudal\u00edmetros<\/a><br \/><a href=\"\/es\/10-flow-meter\/#13\">13.Sobre 10 capacidades de I+D en caudal\u00edmetros<\/a><br \/><a href=\"\/es\/10-flow-meter\/#14\">14.\u00bfCu\u00e1les son los tipos habituales de 10 caudal\u00edmetros?<\/a><br \/><a href=\"\/es\/10-flow-meter\/#15\">15.\u00bfDispone el caudal\u00edmetro 10 de una funci\u00f3n para evitar el uso indebido?<\/a><br \/><a href=\"\/es\/10-flow-meter\/#16\">16.Sobre 10 origen del caudal\u00edmetro<\/a><\/div>\n<div name=\"01\" id=\"01\">\n<p><strong>1.Sobre 10 formaci\u00f3n en producci\u00f3n de caudal\u00edmetros<\/strong><\/p>\n<p>La formaci\u00f3n en t\u00e9cnicas de producci\u00f3n de caudal\u00edmetros est\u00e1 dise\u00f1ada para ense\u00f1ar a t\u00e9cnicos e ingenieros los conocimientos necesarios para producir y mantener caudal\u00edmetros. La formaci\u00f3n abarca temas como los principios de la medici\u00f3n de caudal, los tipos de caudal\u00edmetros disponibles, la instalaci\u00f3n y el mantenimiento de los caudal\u00edmetros y las t\u00e9cnicas de resoluci\u00f3n de problemas. La formaci\u00f3n tambi\u00e9n abarca el uso de programas inform\u00e1ticos para analizar e interpretar los datos de caudal. La formaci\u00f3n suele impartirse en un aula y puede incluir actividades pr\u00e1cticas.<\/p>\n<\/div>\n<div name=\"02\" id=\"02\">\n<p><strong>2.\u00bfQu\u00e9 es un caudal\u00edmetro 10?<\/strong><\/p>\n<p>Nos centramos en el trabajo en equipo y la comunicaci\u00f3n para alcanzar objetivos comunes, damos gran importancia a este detalle.<br \/>\nUn caudal\u00edmetro es un dispositivo utilizado para medir el caudal o la cantidad de gas o l\u00edquido que circula por una tuber\u00eda. Los caudal\u00edmetros miden el caudal volum\u00e9trico o m\u00e1sico de un l\u00edquido o gas. Se utilizan en diversos sectores, como el tratamiento de aguas y aguas residuales, el petr\u00f3leo y el gas, el procesamiento qu\u00edmico y la producci\u00f3n de alimentos y bebidas.<\/p>\n<\/div>\n<div name=\"03\" id=\"03\">\n<p><strong>3.Sobre 10 formaci\u00f3n en producci\u00f3n de caudal\u00edmetros<\/strong><\/p>\n<p>La formaci\u00f3n en t\u00e9cnicas de producci\u00f3n de caudal\u00edmetros est\u00e1 dise\u00f1ada para ense\u00f1ar a t\u00e9cnicos e ingenieros los conocimientos necesarios para producir y mantener caudal\u00edmetros. La formaci\u00f3n abarca temas como los principios de la medici\u00f3n de caudal, los tipos de caudal\u00edmetros disponibles, la instalaci\u00f3n y el mantenimiento de los caudal\u00edmetros y las t\u00e9cnicas de resoluci\u00f3n de problemas. La formaci\u00f3n tambi\u00e9n abarca el uso de programas inform\u00e1ticos para analizar e interpretar los datos de caudal. La formaci\u00f3n suele impartirse en un aula y puede incluir actividades pr\u00e1cticas.<\/p>\n<\/div>\n<div name=\"04\" id=\"04\">\n<p><strong>4.Sobre 10 fecha de entrega del caudal\u00edmetro<\/strong><\/p>\n<p>La fecha de entrega de un caudal\u00edmetro depender\u00e1 del tipo de caudal\u00edmetro, del fabricante y de la disponibilidad del producto. Por lo general, la mayor\u00eda de los caudal\u00edmetros pueden entregarse en un plazo que oscila entre unos d\u00edas y unas semanas. Sin embargo, algunos caudal\u00edmetros especializados pueden tardar m\u00e1s en entregarse. Lo mejor es ponerse en contacto directamente con el fabricante para obtener una fecha de entrega exacta.<\/p>\n<\/div>\n<div name=\"05\" id=\"05\">\n<p><strong>5.\u00bfCu\u00e1l es el tiempo de respuesta del caudal\u00edmetro 10?<\/strong><\/p>\n<p>Hemos establecido asociaciones estables y a largo plazo con nuestros proveedores, por lo que tenemos grandes ventajas en precio y coste y en garant\u00eda de calidad.<br \/>\nEl tiempo de respuesta de un caudal\u00edmetro puede variar en funci\u00f3n del tipo de caudal\u00edmetro utilizado. Por lo general, el tiempo de respuesta de un caudal\u00edmetro oscila entre 0,1 y 1 segundo.<\/p>\n<p><img src=\"https:\/\/www.hginstrument.com\/wp-content\/uploads\/2021\/07\/ltb-1.jpg\" alt=\"\u00bfCu\u00e1l es el tiempo de respuesta del caudal\u00edmetro 10?\" title=\"\u00bfCu\u00e1l es el tiempo de respuesta del caudal\u00edmetro 10?\" style=\"max-width: 100%;\"><\/div>\n<div name=\"06\" id=\"06\">\n<p><strong>6.\u00bfCu\u00e1l es la diferencia entre el caudal\u00edmetro 10 del grupo SUYI frente al caudal\u00edmetro 10 de Yokogawa frente al caudal\u00edmetro 10 de ABB?<\/strong><\/p>\n<p>Los caudal\u00edmetros de SUYI Group, Yokogawa y ABB miden el caudal de un fluido, pero difieren en t\u00e9rminos de precisi\u00f3n, caracter\u00edsticas y coste. Los caudal\u00edmetros de SUYI Group suelen ser m\u00e1s asequibles que los de Yokogawa y ABB, pero es posible que no tengan tantas funciones ni una precisi\u00f3n tan alta. Los medidores de flujo de Yokogawa son conocidos por su precisi\u00f3n y confiabilidad, pero tienden a ser m\u00e1s caros que los de SUYI Group y ABB. Los caudal\u00edmetros ABB son conocidos por su robustez y durabilidad, pero tambi\u00e9n son m\u00e1s caros que las otras dos marcas.<\/p>\n<\/div>\n<div name=\"07\" id=\"07\">\n<p><strong>7.\u00bfSon trazables los resultados de las mediciones de 10 caudal\u00edmetros?<\/strong><\/p>\n<p>Nuestra empresa cuenta con muchos a\u00f1os de experiencia y conocimientos t\u00e9cnicos en 10 caudal\u00edmetros.<br \/>\nS\u00ed, los resultados de las mediciones de los caudal\u00edmetros pueden ser trazables. La trazabilidad es la capacidad de rastrear el historial, la aplicaci\u00f3n o la ubicaci\u00f3n de un elemento mediante una identificaci\u00f3n registrada y documentada. Los caudal\u00edmetros suelen calibrarse utilizando un patr\u00f3n trazable, como un patr\u00f3n de calibraci\u00f3n trazable al NIST. Esto garantiza que los resultados de las mediciones del caudal\u00edmetro son trazables a un patr\u00f3n conocido.<\/p>\n<\/div>\n<div name=\"08\" id=\"08\">\n<p><strong>8.Sobre 10 equipos de producci\u00f3n de caudal\u00edmetros<\/strong><\/p>\n<p>El equipo de producci\u00f3n de caudal\u00edmetros se utiliza para fabricar caudal\u00edmetros, que son dispositivos utilizados para medir la velocidad de flujo de un l\u00edquido o gas. Este equipo suele incluir diversas m\u00e1quinas y herramientas, como tornos, fresadoras, taladradoras y m\u00e1quinas CNC. Tambi\u00e9n incluye herramientas especializadas para ensamblar y probar caudal\u00edmetros. El equipo utilizado para producir caudal\u00edmetros es altamente especializado y debe ser capaz de producir resultados precisos y fiables.<\/p>\n<\/div>\n<div name=\"09\" id=\"09\">\n<p><strong>9.\u00bfTiene el caudal\u00edmetro 10 capacidad de almacenamiento de datos?<\/strong><\/p>\n<p>Nos centramos en la innovaci\u00f3n y la mejora continua para mantener una ventaja competitiva.<br \/>\nDepende del tipo de caudal\u00edmetro. Algunos caudal\u00edmetros tienen capacidad de almacenamiento de datos, mientras que otros no.<\/p>\n<\/div>\n<div name=\"010\" id=\"010\">\n<p><strong>10.\u00bfSe puede controlar a distancia el caudal\u00edmetro 10?<\/strong><\/p>\n<p>Somos una empresa profesional de caudal\u00edmetros 10 dedicada a suministrar productos y servicios de alta calidad.<br \/>\nS\u00ed, los caudal\u00edmetros pueden supervisarse a distancia. Muchos caudal\u00edmetros modernos est\u00e1n equipados con capacidades de comunicaci\u00f3n inal\u00e1mbrica, lo que permite supervisarlos a distancia a trav\u00e9s de un ordenador o dispositivo m\u00f3vil. Adem\u00e1s, algunos caudal\u00edmetros est\u00e1n equipados con capacidades de comunicaci\u00f3n por tel\u00e9fono m\u00f3vil o por sat\u00e9lite, lo que permite supervisarlos desde pr\u00e1cticamente cualquier lugar.<\/p>\n<p><img src=\"https:\/\/www.hginstrument.com\/wp-content\/uploads\/2021\/07\/hgvf-1.jpg\" alt=\"\u00bfSe puede controlar a distancia el caudal\u00edmetro 10?\" title=\"\u00bfSe puede controlar a distancia el caudal\u00edmetro 10?\" style=\"max-width: 100%;\"><\/div>\n<div name=\"11\" id=\"11\">\n<p><strong>11.\u00bfCu\u00e1l es la diferencia entre el caudal\u00edmetro 10 del grupo SUYI frente al caudal\u00edmetro 10 de Schneider Electric frente al caudal\u00edmetro 10 de Badger Meter?<\/strong><\/p>\n<p>Los caudal\u00edmetros del Grupo SUYI se utilizan normalmente para aplicaciones industriales, como la medici\u00f3n del caudal de l\u00edquidos, gases y vapor. Est\u00e1n dise\u00f1ados para ser fiables y precisos, y est\u00e1n disponibles en una gran variedad de tama\u00f1os y materiales.<\/p>\n<p>Los caudal\u00edmetros de Schneider Electric est\u00e1n dise\u00f1ados para aplicaciones industriales y comerciales, y est\u00e1n disponibles en diversos tama\u00f1os y materiales. Est\u00e1n dise\u00f1ados para ser fiables y precisos, y son adecuados para una amplia gama de aplicaciones.<\/p>\n<p>Los caudal\u00edmetros de Badger Meter est\u00e1n dise\u00f1ados para aplicaciones industriales y comerciales, y est\u00e1n disponibles en diversos tama\u00f1os y materiales. Est\u00e1n dise\u00f1ados para ser fiables y precisos, y son adecuados para una amplia gama de aplicaciones. Tambi\u00e9n ofrecen una variedad de caracter\u00edsticas, como la monitorizaci\u00f3n remota y el registro de datos.<\/p>\n<\/div>\n<div name=\"12\" id=\"12\">\n<p><strong>12.Acerca de 10 servicios de personalizaci\u00f3n de caudal\u00edmetros<\/strong><\/p>\n<p>Los servicios de personalizaci\u00f3n de caudal\u00edmetros est\u00e1n dise\u00f1ados para ofrecer a los clientes una soluci\u00f3n a medida para sus necesidades espec\u00edficas de medici\u00f3n de caudal. Estos servicios pueden incluir la personalizaci\u00f3n del caudal\u00edmetro para adaptarlo a una aplicaci\u00f3n concreta, como un tama\u00f1o de tuber\u00eda o un caudal espec\u00edficos, o para cumplir un determinado requisito de precisi\u00f3n. Los servicios de personalizaci\u00f3n tambi\u00e9n pueden incluir la modificaci\u00f3n del caudal\u00edmetro para incluir funciones adicionales, como una pantalla o capacidades de registro de datos. Los servicios de personalizaci\u00f3n de caudal\u00edmetros tambi\u00e9n pueden incluir la instalaci\u00f3n del caudal\u00edmetro, as\u00ed como la prestaci\u00f3n de asistencia t\u00e9cnica y mantenimiento.<\/p>\n<\/div>\n<div name=\"13\" id=\"13\">\n<p><strong>13.Sobre 10 capacidades de I+D en caudal\u00edmetros<\/strong><\/p>\n<p>Las capacidades de I+D en caudal\u00edmetros se refieren a la capacidad de una empresa u organizaci\u00f3n para investigar, desarrollar y fabricar caudal\u00edmetros. Esto incluye la capacidad de dise\u00f1ar, probar y fabricar caudal\u00edmetros que cumplan los requisitos del cliente y las normas del sector. Tambi\u00e9n incluye la capacidad de desarrollar nuevas tecnolog\u00edas y productos para satisfacer las necesidades cambiantes de la industria. Las empresas con una s\u00f3lida capacidad de I+D pueden adelantarse a la competencia y ofrecer a sus clientes los caudal\u00edmetros m\u00e1s avanzados y fiables.<\/p>\n<\/div>\n<div name=\"14\" id=\"14\">\n<p><strong>14.\u00bfCu\u00e1les son los tipos habituales de 10 caudal\u00edmetros?<\/strong><\/p>\n<p>Nuestra misi\u00f3n es ofrecer a los clientes las mejores soluciones para 10 caudal\u00edmetros.<br \/>\n1. Caudal\u00edmetros de presi\u00f3n diferencial<br \/>\n2. Caudal\u00edmetros de desplazamiento positivo<br \/>\n3. Caudal\u00edmetros de turbina<br \/>\n4. Caudal\u00edmetros magn\u00e9ticos<br \/>\n5. Caudal\u00edmetros ultras\u00f3nicos<br \/>\n6. Caudal\u00edmetros Coriolis<br \/>\n7. Caudal\u00edmetros de v\u00f3rtice<br \/>\n8. Caudal\u00edmetros de objetivo<br \/>\n9. Caudal\u00edmetros de \u00e1rea variable<br \/>\n10. Caudal\u00edmetros m\u00e1sicos<\/p>\n<\/div>\n<div name=\"15\" id=\"15\">\n<p><strong>15.\u00bfDispone el caudal\u00edmetro 10 de una funci\u00f3n para evitar el uso indebido?<\/strong><\/p>\n<p>Como uno de los 10 l\u00edderes del mercado de caudal\u00edmetros, somos conocidos por nuestra innovaci\u00f3n y fiabilidad.<br \/>\nLa mayor\u00eda de los caudal\u00edmetros no tienen una funci\u00f3n para evitar el uso indebido, pero algunos modelos pueden tener caracter\u00edsticas que pueden ayudar a reducir el riesgo de uso indebido. Por ejemplo, algunos caudal\u00edmetros pueden tener una funci\u00f3n de bloqueo que impide que usuarios no autorizados modifiquen los ajustes o accedan a los datos. Adem\u00e1s, algunos caudal\u00edmetros pueden tener una funci\u00f3n de protecci\u00f3n por contrase\u00f1a que exige que el usuario introduzca una contrase\u00f1a antes de poder acceder a los datos o a los ajustes.<\/p>\n<p><img src=\"https:\/\/www.hginstrument.com\/wp-content\/uploads\/2021\/10\/w803e-f3.jpg\" alt=\"\u00bfDispone el caudal\u00edmetro 10 de una funci\u00f3n para evitar usos indebidos?\" title=\"\u00bfDispone el caudal\u00edmetro 10 de una funci\u00f3n para evitar usos indebidos?\" style=\"max-width: 100%;\"><\/div>\n<div name=\"16\" id=\"16\">\n<p><strong>16.Sobre 10 origen del caudal\u00edmetro<\/strong><\/p>\n<p>El primer caudal\u00edmetro fue inventado en 1832 por un ingl\u00e9s llamado William Henry. Desarroll\u00f3 un dispositivo que utilizaba un flotador para medir el caudal de agua en una tuber\u00eda. Este dispositivo fue el primero de su clase y el precursor de los caudal\u00edmetros modernos. Desde entonces, los caudal\u00edmetros se han utilizado en diversas industrias para medir el caudal de l\u00edquidos, gases y otros materiales. Hoy en d\u00eda, los caudal\u00edmetros se utilizan en una gran variedad de aplicaciones, desde la medici\u00f3n del caudal de agua en una tuber\u00eda hasta la medici\u00f3n del caudal de petr\u00f3leo en una refiner\u00eda.<\/p>\n<\/div>\n<p>Etiqueta\uff1a<a href=\"\/es\/magnetic-flow-meter\/welding-flow-meter\/\">caudal\u00edmetro de soldadura<\/a>,<a href=\"\/es\/magnetic-flow-meter\/wastewater-flow-meter\/\">caudal\u00edmetro de aguas residuales<\/a>,<a href=\"\/es\/magnetic-flow-meter\/volumetric-gas-flow-meter\/\">caudal\u00edmetro volum\u00e9trico de gas<\/a><\/p>\n<p><\/p>","protected":false},"excerpt":{"rendered":"<p><strong>Datos t\u00e9cnicos<\/strong><br \/>\nPuede servir para fluidos l\u00edquidos o gaseosos, normalmente se utiliza para medir el caudal de vapor, aire y gas natural.<br \/>\nTama\u00f1o del contador: Tipo en l\u00ednea: DN25 - DN300<br \/>\nOpci\u00f3n de material mojado: SS304, SS316<br \/>\nTemperatura de funcionamiento: \u2264250\u2103<br \/>\nConexi\u00f3n a proceso: Wafer \/ Brida \/ Tri-clamp para tipo en l\u00ednea<br \/>\nPrecisi\u00f3n de medici\u00f3n: 1,0 % - 1,5% del intervalo de calibraci\u00f3n<br \/>\nIndicador digital: muestra el caudal instant\u00e1neo y el caudal total<br \/>\nAlimentaci\u00f3n: 24VDC, Salida: 4-20mA<\/p>\n<p><strong>caracter\u00edsticas<\/strong><br \/>\n1.Puntos de consigna ON\/OFF ajustables<br \/>\n2.Modo de alarma de caudal alto o bajo<br \/>\n3.Tiempo de retardo ajustable<br \/>\n4.LED de estado del rel\u00e9<\/p>","protected":false},"featured_media":3691,"comment_status":"closed","ping_status":"closed","template":"","meta":[],"product_cat":[2372],"product_tag":[],"acf":[],"_links":{"self":[{"href":"https:\/\/www.hginstrument.com\/es\/wp-json\/wp\/v2\/product\/4286"}],"collection":[{"href":"https:\/\/www.hginstrument.com\/es\/wp-json\/wp\/v2\/product"}],"about":[{"href":"https:\/\/www.hginstrument.com\/es\/wp-json\/wp\/v2\/types\/product"}],"replies":[{"embeddable":true,"href":"https:\/\/www.hginstrument.com\/es\/wp-json\/wp\/v2\/comments?post=4286"}],"wp:featuredmedia":[{"embeddable":true,"href":"https:\/\/www.hginstrument.com\/es\/wp-json\/wp\/v2\/media\/3691"}],"wp:attachment":[{"href":"https:\/\/www.hginstrument.com\/es\/wp-json\/wp\/v2\/media?parent=4286"}],"wp:term":[{"taxonomy":"product_cat","embeddable":true,"href":"https:\/\/www.hginstrument.com\/es\/wp-json\/wp\/v2\/product_cat?post=4286"},{"taxonomy":"product_tag","embeddable":true,"href":"https:\/\/www.hginstrument.com\/es\/wp-json\/wp\/v2\/product_tag?post=4286"}],"curies":[{"name":"wp","href":"https:\/\/api.w.org\/{rel}","templated":true}]}}