{"id":4936,"date":"2023-12-23T12:13:47","date_gmt":"2023-12-23T04:13:47","guid":{"rendered":"https:\/\/www.hginstrument.com\/?post_type=product&#038;p=4936"},"modified":"2024-01-09T10:28:21","modified_gmt":"2024-01-09T02:28:21","slug":"air-flow-meter-scfm","status":"publish","type":"product","link":"https:\/\/www.hginstrument.com\/es\/magnetic-flow-meter\/air-flow-meter-scfm\/","title":{"rendered":"caudal\u00edmetro de aire scfm"},"content":{"rendered":"<p>Our air flow meter scfm is a cutting-edge product that is guaranteed to provide accurate and reliable flow measurement for a wide range of industrial applications. Equipped with advanced technology and precise sensors, it ensures precise and consistent measurement of liquid and gas flow rates.<\/p>\n<p>At the heart of air flow meter scfms is the technology that measures and records the flow, providing accurate and reliable readings. There are different types of air flow meter scfms, including magnetic, ultrasonic, coriolis, and turbine, each designed for specific applications and fluid types.<\/p>\n<p>One of the most advanced and widely used air flow meter scfms is the electromagnetic air flow meter scfm. It works on the principle of Faraday&#8217;s Law of Electromagnetic Induction and is capable of measuring the flow rate of conductive fluids with incredible accuracy and repeatability. It is suitable for a variety of fluids, including water, chemicals, and slurries.<\/p>\n<table class=\"table table-bordered\">\n<tbody>\n<tr>\n<td><span style=\"vertical-align: inherit;\"><span style=\"vertical-align: inherit;\">Tipo\uff1a<\/span><\/span><\/td>\n<td><span style=\"vertical-align: inherit;\">caudal\u00edmetro de aire scfm<\/span><\/td>\n<td><span style=\"vertical-align: inherit;\"><span style=\"vertical-align: inherit;\">Se\u00f1al de salida\uff1a<\/span><\/span><\/td>\n<td><span style=\"vertical-align: inherit;\"><span style=\"vertical-align: inherit;\">4-20 mA, Pulso\/Frecuencia 2kHz(Predeterminado), 5KHz(Max)<\/span><\/span><\/td>\n<\/tr>\n<tr>\n<td><span style=\"vertical-align: inherit;\"><span style=\"vertical-align: inherit;\">Lugar de origen\uff1a<\/span><\/span><\/td>\n<td><span style=\"vertical-align: inherit;\"><span style=\"vertical-align: inherit;\">Jiangsu\uff0cChina<\/span><\/span><\/td>\n<td><span style=\"vertical-align: inherit;\"><span style=\"vertical-align: inherit;\">Incorporar tipo\uff1a<\/span><\/span><\/td>\n<td><span style=\"vertical-align: inherit;\"><span style=\"vertical-align: inherit;\">-10\u2103- +57\u2103<\/span><\/span><\/td>\n<\/tr>\n<tr>\n<td><span style=\"vertical-align: inherit;\"><span style=\"vertical-align: inherit;\">Garant\u00eda\uff1a<\/span><\/span><\/td>\n<td><span style=\"vertical-align: inherit;\"><span style=\"vertical-align: inherit;\">16 meses<\/span><\/span><\/td>\n<td><span style=\"vertical-align: inherit;\"><span style=\"vertical-align: inherit;\">Tensi\u00f3n de alimentaci\u00f3n\uff1a<\/span><\/span><\/td>\n<td><span style=\"vertical-align: inherit;\"><span style=\"vertical-align: inherit;\">110\/220VAC (100-240VAC), 50Hz\/60Hz; 24VDC\u00b110%<\/span><\/span><\/td>\n<\/tr>\n<tr>\n<td><span style=\"vertical-align: inherit;\"><span style=\"vertical-align: inherit;\">Asistencia personalizada\uff1a<\/span><\/span><\/td>\n<td><span style=\"vertical-align: inherit;\"><span style=\"vertical-align: inherit;\">OEM, ODM, OBM<\/span><\/span><\/td>\n<td><span style=\"vertical-align: inherit;\"><span style=\"vertical-align: inherit;\">Comunicaci\u00f3n digital\uff1a<\/span><\/span><\/td>\n<td><span style=\"vertical-align: inherit;\"><span style=\"vertical-align: inherit;\">RS-485, compatible con el protocolo est\u00e1ndar Mudbugs-RTU; GPRS<\/span><\/span><\/td>\n<\/tr>\n<tr>\n<td><span style=\"vertical-align: inherit;\"><span style=\"vertical-align: inherit;\">Marca\uff1a<\/span><\/span><\/td>\n<td><span style=\"vertical-align: inherit;\"><span style=\"vertical-align: inherit;\">GRUPO SUYI<\/span><\/span><\/td>\n<td><span style=\"vertical-align: inherit;\"><span style=\"vertical-align: inherit;\">Presi\u00f3n nominal\uff1a<\/span><\/span><\/td>\n<td><span style=\"vertical-align: inherit;\"><span style=\"vertical-align: inherit;\">1MPa (DN15-DN800), 1,6MPa(DN15-DN800), 2,5MPa(DN15-DN600)<\/span><\/span><\/td>\n<\/tr>\n<tr>\n<td><span style=\"vertical-align: inherit;\"><span style=\"vertical-align: inherit;\">N\u00famero de modelo\uff1a<\/span><\/span><\/td>\n<td><span style=\"vertical-align: inherit;\"><span style=\"vertical-align: inherit;\">otros<\/span><\/span><\/td>\n<td><span style=\"vertical-align: inherit;\"><span style=\"vertical-align: inherit;\">Sensor\uff1a<\/span><\/span><\/td>\n<td><span style=\"vertical-align: inherit;\"><span style=\"vertical-align: inherit;\">0\u2103- +80\u2103 o -25\u2103- +120\u2103 o +70\u2103- +250\u2103<\/span><\/span><\/td>\n<\/tr>\n<tr>\n<td><span style=\"vertical-align: inherit;\"><span style=\"vertical-align: inherit;\">Nombre del producto\uff1a<\/span><\/span><\/td>\n<td><span style=\"vertical-align: inherit;\"><span style=\"vertical-align: inherit;\">Medidor de caudal de agua qu\u00edmico digital inteligente electromagn\u00e9tico<\/span><\/span><\/td>\n<td><span style=\"vertical-align: inherit;\"><span style=\"vertical-align: inherit;\">Detalles del embalaje\uff1a<\/span><\/span><\/td>\n<td><span style=\"vertical-align: inherit;\"><span style=\"vertical-align: inherit;\">1 Juego por paquete o seg\u00fan pedido del cliente<\/span><\/span><\/td>\n<\/tr>\n<tr>\n<td><span style=\"vertical-align: inherit;\"><span style=\"vertical-align: inherit;\">Di\u00e1metro nominal\uff1a<\/span><\/span><\/td>\n<td><span style=\"vertical-align: inherit;\"><span style=\"vertical-align: inherit;\">3-3375mm<\/span><\/span><\/td>\n<td><span style=\"vertical-align: inherit;\"><span style=\"vertical-align: inherit;\">Capacidad de suministro\uff1a<\/span><\/span><\/td>\n<td><span style=\"vertical-align: inherit;\"><span style=\"vertical-align: inherit;\">1729 Set\/Sets per Month<\/span><\/span><\/td>\n<\/tr>\n<tr>\n<td><span style=\"vertical-align: inherit;\"><span style=\"vertical-align: inherit;\">rango de velocidad\uff1a<\/span><\/span><\/td>\n<td><span style=\"vertical-align: inherit;\"><span style=\"vertical-align: inherit;\">0-13 m\/s<\/span><\/span><\/td>\n<td><span style=\"vertical-align: inherit;\"><span style=\"vertical-align: inherit;\">Cantidad (juegos)\uff1a<\/span><\/span><\/td>\n<td><span style=\"vertical-align: inherit;\"><span style=\"vertical-align: inherit;\">&gt; 30<\/span><\/span><\/td>\n<\/tr>\n<tr>\n<td><span style=\"vertical-align: inherit;\"><span style=\"vertical-align: inherit;\">Grado de precisi\u00f3n\uff1a<\/span><\/span><\/td>\n<td><span style=\"vertical-align: inherit;\"><span style=\"vertical-align: inherit;\">\u00b10,5%R, \u00b11%R ( &lt; DN20)<\/span><\/span><\/td>\n<td><span style=\"vertical-align: inherit;\"><span style=\"vertical-align: inherit;\">Plazo de entrega (d\u00edas)\uff1a<\/span><\/span><\/td>\n<td><span style=\"vertical-align: inherit;\"><span style=\"vertical-align: inherit;\">A negociar<\/span><\/span><\/td>\n<\/tr>\n<\/tbody>\n<\/table>\n<p>&nbsp;<\/p>\n<p>&nbsp;<\/p>\n<p style=\"text-align: center;\"><img title=\"caudal\u00edmetro de aire scfm\" src=\"https:\/\/www.hginstrument.com\/wp-content\/uploads\/2021\/07\/in-line-pipeline-type-hgd-electromagnetic-flow-meter.jpg\" \/><\/p>\n<p>&nbsp;<\/p>\n<p>&nbsp;<\/p>\n<p style=\"text-align: center;\"><img title=\"caudal\u00edmetro de aire scfm\" src=\"https:\/\/www.hginstrument.com\/wp-content\/uploads\/2021\/07\/insertion-01.jpg\" \/><\/p>\n<p>&nbsp;<\/p>\n<p>&nbsp;<\/p>\n<p style=\"text-align: center;\"><img title=\"caudal\u00edmetro de aire scfm\" src=\"https:\/\/www.hginstrument.com\/wp-content\/uploads\/2021\/07\/sanitary-mag-1.jpg\" \/><\/p>\n<p><strong>air flow meter scfm FAQs Guide.<\/strong><\/p>\n<p>At the heart of our air flow meter scfm series lies a commitment to excellence, blending advanced sensor technology with user-friendly interfaces. From liquid to gas, our meters deliver unparalleled accuracy, empowering you to make informed decisions and streamline operations. As we usher in a new era of fluid measurement, we invite you to explore the limitless possibilities that our air flow meter scfms unlock \u2013 where precision meets performance, and innovation flows seamlessly.<\/p>\n<div style=\"border: 3px solid #f89900; margin: 20px 0; padding: 20px;\"><a href=\"\/es\/air-flow-meter-scfm\/#01\">1.How does a air flow meter scfm measure flow?<\/a><br \/>\n<a href=\"\/es\/air-flow-meter-scfm\/#02\">2.What is the function of air flow meter scfm?<\/a><br \/>\n<a href=\"\/es\/air-flow-meter-scfm\/#03\">3.About air flow meter scfm production management system<\/a><br \/>\n<a href=\"\/es\/air-flow-meter-scfm\/#04\">4.Does the air flow meter scfm have remote control capabilities?<\/a><br \/>\n<a href=\"\/es\/air-flow-meter-scfm\/#05\">5.What is the difference between air flow meter scfm SUYI group vs air flow meter scfm Siemens vs air flow meter scfm GE<\/a><br \/>\n<a href=\"\/es\/air-flow-meter-scfm\/#06\">6.About air flow meter scfm raw materials<\/a><br \/>\n<a href=\"\/es\/air-flow-meter-scfm\/#07\">7.About air flow meter scfm customization services<\/a><br \/>\n<a href=\"\/es\/air-flow-meter-scfm\/#08\">8.What is the difference between air flow meter scfm SUYI group vs air flow meter scfm Emerson vs air flow meter scfm Honeywell<\/a><br \/>\n<a href=\"\/es\/air-flow-meter-scfm\/#09\">9.About air flow meter scfm overseas warehouse<\/a><br \/>\n<a href=\"\/es\/air-flow-meter-scfm\/#010\">10.About air flow meter scfm R&amp;D capabilities<\/a><br \/>\n<a href=\"\/es\/air-flow-meter-scfm\/#11\">11.About air flow meter scfm payment method<\/a><br \/>\n<a href=\"\/es\/air-flow-meter-scfm\/#12\">12.About air flow meter scfm R&amp;D capabilities<\/a><br \/>\n<a href=\"\/es\/air-flow-meter-scfm\/#13\">13.How accurate is the air flow meter scfm?<\/a><br \/>\n<a href=\"\/es\/air-flow-meter-scfm\/#14\">14.What is the format of the air flow meter scfm\u2019s output signal?<\/a><br \/>\n<a href=\"\/es\/air-flow-meter-scfm\/#15\">15.About air flow meter scfm production capacity<\/a><\/div>\n<div id=\"01\">\n<p><strong>1.How does a air flow meter scfm measure flow?<\/strong><\/p>\n<p>We operate our air flow meter scfm business with integrity and honesty.<br \/>\nUn caudal\u00edmetro mide el caudal midiendo la velocidad de un fluido a su paso por una tuber\u00eda u otro conducto. Esto se hace normalmente midiendo la ca\u00edda de presi\u00f3n a trav\u00e9s de un \u00e1rea conocida, o midiendo el tiempo que tarda un volumen de fluido en pasar a trav\u00e9s de un \u00e1rea conocida. Otros m\u00e9todos consisten en utilizar una turbina, una rueda de paletas o un transductor ultras\u00f3nico para medir la velocidad del fluido.<\/p>\n<\/div>\n<div id=\"02\">\n<p><strong>2.What is the function of air flow meter scfm?<\/strong><\/p>\n<p>Our company has many years of air flow meter scfm experience and expertise.<br \/>\nUn caudal\u00edmetro es un dispositivo utilizado para medir el caudal o la cantidad de gas o l\u00edquido que circula por una tuber\u00eda. Se utiliza para medir el caudal de un l\u00edquido o gas en un conducto cerrado. Los caudal\u00edmetros se utilizan en diversos sectores, como el tratamiento de aguas y aguas residuales, el petr\u00f3leo y el gas, y el procesamiento qu\u00edmico.<\/p>\n<\/div>\n<div id=\"03\">\n<p><strong>3.About air flow meter scfm production management system<\/strong><\/p>\n<p>Un sistema de gesti\u00f3n de la producci\u00f3n de caudal\u00edmetros es una soluci\u00f3n de software dise\u00f1ada para ayudar a los fabricantes a gestionar la producci\u00f3n de caudal\u00edmetros. El sistema puede utilizarse para realizar un seguimiento del proceso de producci\u00f3n de principio a fin, incluido el pedido de materias primas, el montaje de componentes y la comprobaci\u00f3n y calibraci\u00f3n del producto acabado. El sistema tambi\u00e9n puede utilizarse para controlar la calidad del proceso de producci\u00f3n, garantizando que los caudal\u00edmetros cumplen las normas exigidas. Adem\u00e1s, el sistema puede utilizarse para generar informes y analizar datos que ayuden a los fabricantes a mejorar sus procesos de producci\u00f3n.<\/p>\n<\/div>\n<div id=\"04\">\n<p><strong>4.Does the air flow meter scfm have remote control capabilities?<\/strong><\/p>\n<p>Nos centramos en las necesidades de nuestros clientes y nos esforzamos por satisfacer sus expectativas, por lo que nos lo tomamos muy en serio.<br \/>\nDepende del modelo concreto de caudal\u00edmetro. Algunos modelos pueden tener capacidad de control remoto, mientras que otros no.<\/p>\n<p><img style=\"max-width: 100%;\" title=\"Does the air flow meter scfm have remote control capabilities?\" src=\"https:\/\/www.hginstrument.com\/wp-content\/uploads\/2021\/07\/hgrs-1.jpg\" alt=\"Does the air flow meter scfm have remote control capabilities?\" \/><\/p>\n<\/div>\n<div id=\"05\">\n<p><strong>5.What is the difference between air flow meter scfm SUYI group vs air flow meter scfm Siemens vs air flow meter scfm GE<\/strong><\/p>\n<p>Los caudal\u00edmetros del Grupo SUYI se utilizan normalmente para medir el caudal de l\u00edquidos, gases y vapor. Est\u00e1n dise\u00f1ados para ser precisos, fiables y f\u00e1ciles de instalar y mantener. Los caudal\u00edmetros SUYI est\u00e1n disponibles en una gran variedad de tama\u00f1os y materiales, y pueden utilizarse en una gran variedad de aplicaciones.<\/p>\n<p>Los caudal\u00edmetros de Siemens est\u00e1n dise\u00f1ados para medir el caudal de l\u00edquidos, gases y vapor. Est\u00e1n dise\u00f1ados para ser precisos, fiables y f\u00e1ciles de instalar y mantener. Los caudal\u00edmetros Siemens est\u00e1n disponibles en distintos tama\u00f1os y materiales, y pueden utilizarse en una gran variedad de aplicaciones.<\/p>\n<p>Los caudal\u00edmetros de GE est\u00e1n dise\u00f1ados para medir el caudal de l\u00edquidos, gases y vapor. Est\u00e1n dise\u00f1ados para ser precisos, fiables y f\u00e1ciles de instalar y mantener. Los caudal\u00edmetros de GE est\u00e1n disponibles en diversos tama\u00f1os y materiales, y pueden utilizarse en una gran variedad de aplicaciones. Tambi\u00e9n ofrecen una amplia gama de caracter\u00edsticas, como pantallas digitales, alarmas y capacidades de registro de datos.<\/p>\n<\/div>\n<div id=\"06\">\n<p><strong>6.About air flow meter scfm raw materials<\/strong><\/p>\n<p>Las materias primas de los caudal\u00edmetros suelen estar hechas de una variedad de metales, pl\u00e1sticos y compuestos. Entre los materiales m\u00e1s comunes utilizados en los caudal\u00edmetros se encuentran el acero inoxidable, el lat\u00f3n, el aluminio, el cloruro de polivinilo (PVC), el polipropileno (PP) y el politetrafluoroetileno (PTFE). El material utilizado en un caudal\u00edmetro depende de la aplicaci\u00f3n y del tipo de fluido que se mida. Por ejemplo, el acero inoxidable suele utilizarse para medir fluidos corrosivos, mientras que el PVC suele emplearse para medir agua.<\/p>\n<\/div>\n<div id=\"07\">\n<p><strong>7.About air flow meter scfm customization services<\/strong><\/p>\n<p>Los servicios de personalizaci\u00f3n de caudal\u00edmetros est\u00e1n dise\u00f1ados para ofrecer a los clientes una soluci\u00f3n a medida para sus necesidades espec\u00edficas de medici\u00f3n de caudal. Estos servicios pueden incluir la personalizaci\u00f3n del caudal\u00edmetro para adaptarlo a una aplicaci\u00f3n concreta, como un tama\u00f1o de tuber\u00eda o un caudal espec\u00edficos, o para cumplir un determinado requisito de precisi\u00f3n. Los servicios de personalizaci\u00f3n tambi\u00e9n pueden incluir la modificaci\u00f3n del caudal\u00edmetro para incluir funciones adicionales, como una pantalla o capacidades de registro de datos. Los servicios de personalizaci\u00f3n de caudal\u00edmetros tambi\u00e9n pueden incluir la instalaci\u00f3n del caudal\u00edmetro, as\u00ed como la prestaci\u00f3n de asistencia t\u00e9cnica y mantenimiento.<\/p>\n<\/div>\n<div id=\"08\">\n<p><strong>8.What is the difference between air flow meter scfm SUYI group vs air flow meter scfm Emerson vs air flow meter scfm Honeywell<\/strong><\/p>\n<p>Los caudal\u00edmetros de SUYI Group, Emerson y Honeywell miden el caudal de l\u00edquidos y gases, pero difieren en t\u00e9rminos de precisi\u00f3n, caracter\u00edsticas y coste. Los caudal\u00edmetros de SUYI Group suelen ser los m\u00e1s asequibles, pero es posible que no tengan la misma precisi\u00f3n ni las mismas caracter\u00edsticas que los modelos m\u00e1s caros de Emerson y Honeywell. Los caudal\u00edmetros Emerson son conocidos por su precisi\u00f3n y fiabilidad, pero pueden ser m\u00e1s caros que los de otras marcas. Los caudal\u00edmetros Honeywell son conocidos por sus funciones avanzadas y su precisi\u00f3n, pero pueden ser los m\u00e1s caros de los tres.<\/p>\n<p><img style=\"max-width: 100%;\" title=\"What is the difference between air flow meter scfm SUYI group vs air flow meter scfm Emerson vs air flow meter scfm Honeywell\" src=\"https:\/\/www.hginstrument.com\/wp-content\/uploads\/2021\/07\/hluc-1.jpg\" alt=\"What is the difference between air flow meter scfm SUYI group vs air flow meter scfm Emerson vs air flow meter scfm Honeywell\" \/><\/p>\n<\/div>\n<div id=\"09\">\n<p><strong>9.About air flow meter scfm overseas warehouse<\/strong><\/p>\n<p>Los almacenes de caudal\u00edmetros en el extranjero son almacenes situados en pa\u00edses extranjeros que almacenan caudal\u00edmetros y productos relacionados. Estos almacenes se utilizan para almacenar y distribuir caudal\u00edmetros a clientes de distintos pa\u00edses. Suelen estar situados en pa\u00edses que tienen una gran demanda de caudal\u00edmetros, como Estados Unidos, Canad\u00e1 y Europa. Los almacenes suelen ser propiedad y estar gestionados por el fabricante de los caudal\u00edmetros o por un proveedor log\u00edstico externo. Los almacenes suelen tener una gran variedad de caudal\u00edmetros, incluidos los digitales, anal\u00f3gicos y ultras\u00f3nicos. Tambi\u00e9n suelen almacenar piezas de repuesto y accesorios para los caudal\u00edmetros.<\/p>\n<\/div>\n<div id=\"010\">\n<p><strong>10.About air flow meter scfm R&amp;D capabilities<\/strong><\/p>\n<p>Las capacidades de I+D en caudal\u00edmetros se refieren a la capacidad de una empresa u organizaci\u00f3n para investigar, desarrollar y fabricar caudal\u00edmetros. Esto incluye la capacidad de dise\u00f1ar, probar y fabricar caudal\u00edmetros que cumplan los requisitos del cliente y las normas del sector. Tambi\u00e9n incluye la capacidad de desarrollar nuevas tecnolog\u00edas y productos para satisfacer las necesidades cambiantes de la industria. Las empresas con una s\u00f3lida capacidad de I+D pueden adelantarse a la competencia y ofrecer a sus clientes los caudal\u00edmetros m\u00e1s avanzados y fiables.<\/p>\n<\/div>\n<div id=\"11\">\n<p><strong>11.About air flow meter scfm payment method<\/strong><\/p>\n<p>El pago con caudal\u00edmetro es un m\u00e9todo de pago que utiliza un caudal\u00edmetro para medir la cantidad de energ\u00eda utilizada por un cliente. El cliente paga por la energ\u00eda utilizada en funci\u00f3n de la cantidad de energ\u00eda medida por el caudal\u00edmetro. Este m\u00e9todo de pago se utiliza a menudo en entornos comerciales e industriales, donde el consumo de energ\u00eda es elevado y debe controlarse con precisi\u00f3n. El pago con caudal\u00edmetro tambi\u00e9n se utiliza en algunos entornos residenciales, donde los clientes pueden pagar por su consumo de energ\u00eda en funci\u00f3n de la cantidad de energ\u00eda que utilizan.<\/p>\n<\/div>\n<div id=\"12\">\n<p><strong>12.About air flow meter scfm R&amp;D capabilities<\/strong><\/p>\n<p>Las capacidades de I+D en caudal\u00edmetros se refieren a la capacidad de una empresa u organizaci\u00f3n para investigar, desarrollar y fabricar caudal\u00edmetros. Esto incluye la capacidad de dise\u00f1ar, probar y fabricar caudal\u00edmetros que cumplan los requisitos del cliente y las normas del sector. Tambi\u00e9n incluye la capacidad de desarrollar nuevas tecnolog\u00edas y productos para satisfacer las necesidades cambiantes de la industria. Las empresas con una s\u00f3lida capacidad de I+D pueden adelantarse a la competencia y ofrecer a sus clientes los caudal\u00edmetros m\u00e1s avanzados y fiables.<\/p>\n<p><img style=\"max-width: 100%;\" title=\"About air flow meter scfm R&amp;D capabilities\" src=\"https:\/\/www.hginstrument.com\/wp-content\/uploads\/2021\/07\/hls-2000h-m2.jpg\" alt=\"About air flow meter scfm R&amp;D capabilities\" \/><\/p>\n<\/div>\n<div id=\"13\">\n<p><strong>13.How accurate is the air flow meter scfm?<\/strong><\/p>\n<p>We are a professional air flow meter scfm company dedicated to providing high quality products and services.<br \/>\nLa precisi\u00f3n de un caudal\u00edmetro depende del tipo de caudal\u00edmetro que se utilice. En general, la mayor\u00eda de los caudal\u00edmetros tienen una precisi\u00f3n de 1-2% del caudal real. Sin embargo, algunos medidores de caudal pueden ser m\u00e1s precisos que esto, dependiendo del tipo y la calidad del medidor.<\/p>\n<\/div>\n<div id=\"14\">\n<p><strong>14.What is the format of the air flow meter scfm\u2019s output signal?<\/strong><\/p>\n<p>We continuously upgrade our skills and knowledge to adapt to changing air flow meter scfm market needs.<br \/>\nEl formato de la se\u00f1al de salida del caudal\u00edmetro depende del tipo de caudal\u00edmetro que se utilice. Entre los formatos de se\u00f1al de salida m\u00e1s comunes se incluyen pulso, frecuencia, tensi\u00f3n y corriente.<\/p>\n<\/div>\n<div id=\"15\">\n<p><strong>15.About air flow meter scfm production capacity<\/strong><\/p>\n<p>La capacidad de producci\u00f3n de caudal\u00edmetros depende del tipo de caudal\u00edmetro que se fabrique. Por lo general, la capacidad de producci\u00f3n viene determinada por el tama\u00f1o de la instalaci\u00f3n de producci\u00f3n, el n\u00famero de m\u00e1quinas y personal disponible y el tipo de caudal\u00edmetro que se fabrica. Por ejemplo, una planta de producci\u00f3n especializada en la fabricaci\u00f3n de caudal\u00edmetros de turbina puede tener una capacidad de producci\u00f3n mayor que una planta de producci\u00f3n de caudal\u00edmetros ultras\u00f3nicos. Adem\u00e1s, la capacidad de producci\u00f3n de una instalaci\u00f3n puede verse afectada por la complejidad del caudal\u00edmetro fabricado, as\u00ed como por la disponibilidad de materias primas y componentes.<\/p>\n<\/div>\n<p>&nbsp;<\/p>\n<p>Etiqueta\uff1a<a href=\"\/es\/magnetic-flow-meter\/air-flow-meter\/\">caudal\u00edmetro de aire<\/a>,<a href=\"\/es\/magnetic-flow-meter\/paddle-wheel-water-flow-meter\/\">caudal\u00edmetro de rueda de paletas<\/a>,<a href=\"\/es\/magnetic-flow-meter\/ekwb-flow-meter\/\">caudal\u00edmetro ekwb<\/a>,<a href=\"\/es\/magnetic-flow-meter\/external-water-flow-meter\/\">caudal\u00edmetro externo<\/a>,<a href=\"\/es\/magnetic-flow-meter\/paddle-flow-meter\/\">caudal\u00edmetro de paletas<\/a><\/p>\n<p>&nbsp;<\/p>","protected":false},"excerpt":{"rendered":"<p><strong>Datos t\u00e9cnicos<\/strong><br \/>\nPuede servir para fluidos l\u00edquidos o gaseosos, normalmente se utiliza para medir el caudal de vapor, aire y gas natural.<br \/>\nTama\u00f1o del contador: Tipo en l\u00ednea: DN25 - DN300<br \/>\nOpci\u00f3n de material mojado: SS304, SS316<br \/>\nTemperatura de funcionamiento: \u2264250\u2103<br \/>\nConexi\u00f3n a proceso: Wafer \/ Brida \/ Tri-clamp para tipo en l\u00ednea<br \/>\nPrecisi\u00f3n de medici\u00f3n: 1,0 % - 1,5% del intervalo de calibraci\u00f3n<br \/>\nIndicador digital: muestra el caudal instant\u00e1neo y el caudal total<br \/>\nAlimentaci\u00f3n: 24VDC, Salida: 4-20mA<\/p>\n<p><strong>caracter\u00edsticas<\/strong><br \/>\n1.Puntos de consigna ON\/OFF ajustables<br \/>\n2.Modo de alarma de caudal alto o bajo<br \/>\n3.Tiempo de retardo ajustable<br \/>\n4.LED de estado del rel\u00e9<\/p>","protected":false},"featured_media":3691,"comment_status":"closed","ping_status":"closed","template":"","meta":[],"product_cat":[2372],"product_tag":[],"acf":[],"_links":{"self":[{"href":"https:\/\/www.hginstrument.com\/es\/wp-json\/wp\/v2\/product\/4936"}],"collection":[{"href":"https:\/\/www.hginstrument.com\/es\/wp-json\/wp\/v2\/product"}],"about":[{"href":"https:\/\/www.hginstrument.com\/es\/wp-json\/wp\/v2\/types\/product"}],"replies":[{"embeddable":true,"href":"https:\/\/www.hginstrument.com\/es\/wp-json\/wp\/v2\/comments?post=4936"}],"wp:featuredmedia":[{"embeddable":true,"href":"https:\/\/www.hginstrument.com\/es\/wp-json\/wp\/v2\/media\/3691"}],"wp:attachment":[{"href":"https:\/\/www.hginstrument.com\/es\/wp-json\/wp\/v2\/media?parent=4936"}],"wp:term":[{"taxonomy":"product_cat","embeddable":true,"href":"https:\/\/www.hginstrument.com\/es\/wp-json\/wp\/v2\/product_cat?post=4936"},{"taxonomy":"product_tag","embeddable":true,"href":"https:\/\/www.hginstrument.com\/es\/wp-json\/wp\/v2\/product_tag?post=4936"}],"curies":[{"name":"wp","href":"https:\/\/api.w.org\/{rel}","templated":true}]}}