{"id":4954,"date":"2023-12-23T12:52:20","date_gmt":"2023-12-23T04:52:20","guid":{"rendered":"https:\/\/www.hginstrument.com\/?post_type=product&#038;p=4954"},"modified":"2023-12-23T12:54:28","modified_gmt":"2023-12-23T04:54:28","slug":"area-velocity-flow-meter","status":"publish","type":"product","link":"https:\/\/www.hginstrument.com\/es\/magnetic-flow-meter\/area-velocity-flow-meter\/","title":{"rendered":"area velocity flow meter"},"content":{"rendered":"<p>This cutting-edge product combines accuracy, durability, and efficiency to provide the ultimate solution for all your area velocity flow metering needs. Designed with advanced features and state-of-the-art materials, area velocity flow meter guarantees precise and reliable flow measurements for a wide range of liquids. Its intuitive interface and compact design make it user-friendly and easy to install in any industrial or commercial setting. <\/p>\n<p>area velocity flow meter is equipped with high-precision sensors capable of capturing the smallest fluctuations in traffic. Its high accuracy and repeatability make it ideal for use in industries such as oil and gas, chemicals, food and beverage, water treatment, Marine applications and more.<\/p>\n<p>The area velocity flow meter is highly versatile and can be configured to measure a wide range of fluid types and flow rates. It also offers various output options, including analog, digital, and pulse, making it compatible with a variety of control systems and devices.<\/p>\n<p>&nbsp;<\/p>\n<table class=\"table table-bordered\">\n<tbody>\n<tr>\n<td><span style=\"vertical-align: inherit;\"><span style=\"vertical-align: inherit;\">Tipo\uff1a<\/span><\/span><\/td>\n<td><span style=\"vertical-align: inherit;\">area velocity flow meter<\/span><\/td>\n<td><span style=\"vertical-align: inherit;\"><span style=\"vertical-align: inherit;\">Se\u00f1al de salida\uff1a<\/span><\/span><\/td>\n<td><span style=\"vertical-align: inherit;\"><span style=\"vertical-align: inherit;\">4-26mA, Pulso\/Frecuencia 2kHz(Predeterminado), 5KHz(Max)<\/span><\/span><\/td>\n<\/tr>\n<tr>\n<td><span style=\"vertical-align: inherit;\"><span style=\"vertical-align: inherit;\">Lugar de origen\uff1a<\/span><\/span><\/td>\n<td><span style=\"vertical-align: inherit;\"><span style=\"vertical-align: inherit;\">Jiangsu\uff0cChina<\/span><\/span><\/td>\n<td><span style=\"vertical-align: inherit;\"><span style=\"vertical-align: inherit;\">Incorporar tipo\uff1a<\/span><\/span><\/td>\n<td><span style=\"vertical-align: inherit;\"><span style=\"vertical-align: inherit;\">-10\u2103- +53\u2103<\/span><\/span><\/td>\n<\/tr>\n<tr>\n<td><span style=\"vertical-align: inherit;\"><span style=\"vertical-align: inherit;\">Garant\u00eda\uff1a<\/span><\/span><\/td>\n<td><span style=\"vertical-align: inherit;\"><span style=\"vertical-align: inherit;\">25 meses<\/span><\/span><\/td>\n<td><span style=\"vertical-align: inherit;\"><span style=\"vertical-align: inherit;\">Tensi\u00f3n de alimentaci\u00f3n\uff1a<\/span><\/span><\/td>\n<td><span style=\"vertical-align: inherit;\"><span style=\"vertical-align: inherit;\">110\/220VAC (100-240VAC), 50Hz\/60Hz; 24VDC\u00b110%<\/span><\/span><\/td>\n<\/tr>\n<tr>\n<td><span style=\"vertical-align: inherit;\"><span style=\"vertical-align: inherit;\">Asistencia personalizada\uff1a<\/span><\/span><\/td>\n<td><span style=\"vertical-align: inherit;\"><span style=\"vertical-align: inherit;\">OEM, ODM, OBM<\/span><\/span><\/td>\n<td><span style=\"vertical-align: inherit;\"><span style=\"vertical-align: inherit;\">Comunicaci\u00f3n digital\uff1a<\/span><\/span><\/td>\n<td><span style=\"vertical-align: inherit;\"><span style=\"vertical-align: inherit;\">RS-485, compatible con el protocolo est\u00e1ndar Mudbugs-RTU; GPRS<\/span><\/span><\/td>\n<\/tr>\n<tr>\n<td><span style=\"vertical-align: inherit;\"><span style=\"vertical-align: inherit;\">Marca\uff1a<\/span><\/span><\/td>\n<td><span style=\"vertical-align: inherit;\"><span style=\"vertical-align: inherit;\">GRUPO SUYI<\/span><\/span><\/td>\n<td><span style=\"vertical-align: inherit;\"><span style=\"vertical-align: inherit;\">Presi\u00f3n nominal\uff1a<\/span><\/span><\/td>\n<td><span style=\"vertical-align: inherit;\"><span style=\"vertical-align: inherit;\">1MPa (DN15-DN800), 1,6MPa(DN15-DN800), 2,5MPa(DN15-DN600)<\/span><\/span><\/td>\n<\/tr>\n<tr>\n<td><span style=\"vertical-align: inherit;\"><span style=\"vertical-align: inherit;\">N\u00famero de modelo\uff1a<\/span><\/span><\/td>\n<td><span style=\"vertical-align: inherit;\"><span style=\"vertical-align: inherit;\">otros<\/span><\/span><\/td>\n<td><span style=\"vertical-align: inherit;\"><span style=\"vertical-align: inherit;\">Sensor\uff1a<\/span><\/span><\/td>\n<td><span style=\"vertical-align: inherit;\"><span style=\"vertical-align: inherit;\">0\u2103- +80\u2103 o -25\u2103- +120\u2103 o +70\u2103- +250\u2103<\/span><\/span><\/td>\n<\/tr>\n<tr>\n<td><span style=\"vertical-align: inherit;\"><span style=\"vertical-align: inherit;\">Nombre del producto\uff1a<\/span><\/span><\/td>\n<td><span style=\"vertical-align: inherit;\"><span style=\"vertical-align: inherit;\">Medidor de caudal de agua qu\u00edmico digital inteligente electromagn\u00e9tico<\/span><\/span><\/td>\n<td><span style=\"vertical-align: inherit;\"><span style=\"vertical-align: inherit;\">Detalles del embalaje\uff1a<\/span><\/span><\/td>\n<td><span style=\"vertical-align: inherit;\"><span style=\"vertical-align: inherit;\">1 Juego por paquete o seg\u00fan pedido del cliente<\/span><\/span><\/td>\n<\/tr>\n<tr>\n<td><span style=\"vertical-align: inherit;\"><span style=\"vertical-align: inherit;\">Di\u00e1metro nominal\uff1a<\/span><\/span><\/td>\n<td><span style=\"vertical-align: inherit;\"><span style=\"vertical-align: inherit;\">3-3142mm<\/span><\/span><\/td>\n<td><span style=\"vertical-align: inherit;\"><span style=\"vertical-align: inherit;\">Capacidad de suministro\uff1a<\/span><\/span><\/td>\n<td><span style=\"vertical-align: inherit;\"><span style=\"vertical-align: inherit;\">1611 Set\/Sets per Month<\/span><\/span><\/td>\n<\/tr>\n<tr>\n<td><span style=\"vertical-align: inherit;\"><span style=\"vertical-align: inherit;\">rango de velocidad\uff1a<\/span><\/span><\/td>\n<td><span style=\"vertical-align: inherit;\"><span style=\"vertical-align: inherit;\">0-11m\/s<\/span><\/span><\/td>\n<td><span style=\"vertical-align: inherit;\"><span style=\"vertical-align: inherit;\">Cantidad (juegos)\uff1a<\/span><\/span><\/td>\n<td><span style=\"vertical-align: inherit;\"><span style=\"vertical-align: inherit;\">&gt; 30<\/span><\/span><\/td>\n<\/tr>\n<tr>\n<td><span style=\"vertical-align: inherit;\"><span style=\"vertical-align: inherit;\">Grado de precisi\u00f3n\uff1a<\/span><\/span><\/td>\n<td><span style=\"vertical-align: inherit;\"><span style=\"vertical-align: inherit;\">\u00b10,5%R, \u00b11%R ( &lt; DN20)<\/span><\/span><\/td>\n<td><span style=\"vertical-align: inherit;\"><span style=\"vertical-align: inherit;\">Plazo de entrega (d\u00edas)\uff1a<\/span><\/span><\/td>\n<td><span style=\"vertical-align: inherit;\"><span style=\"vertical-align: inherit;\">A negociar<\/span><\/span><\/td>\n<\/tr>\n<\/tbody>\n<\/table>\n<p>&nbsp;<\/p>\n<p><strong><\/strong><\/p>\n<p style=\"text-align:center;\"><img src=\"https:\/\/www.hginstrument.com\/wp-content\/uploads\/2021\/07\/in-line-pipeline-type-hgd-electromagnetic-flow-meter.jpg\" atl=\"area velocity flow meter\" title=\"area velocity flow meter\"><\/p>\n<p><strong><\/strong><\/p>\n<p style=\"text-align:center;\"><img src=\"https:\/\/www.hginstrument.com\/wp-content\/uploads\/2021\/07\/insertion-01.jpg\" atl=\"area velocity flow meter\" title=\"area velocity flow meter\"><\/p>\n<p><strong><\/strong><\/p>\n<p style=\"text-align:center;\"><img src=\"https:\/\/www.hginstrument.com\/wp-content\/uploads\/2021\/07\/sanitary-mag-1.jpg\" atl=\"area velocity flow meter\" title=\"area velocity flow meter\"><\/p>\n<p><strong>area velocity flow meter FAQs Guide.<\/p>\n<p>At the heart of our area velocity flow meter series lies a commitment to excellence, blending advanced sensor technology with user-friendly interfaces. From liquid to gas, our meters deliver unparalleled accuracy, empowering you to make informed decisions and streamline operations. As we usher in a new era of fluid measurement, we invite you to explore the limitless possibilities that our area velocity flow meters unlock \u2013 where precision meets performance, and innovation flows seamlessly.<\/strong><\/p>\n<div style=\"border:3px solid #f89900;margin:20px 0;padding:20px;\"><a href=\"\/es\/area-velocity-flow-meter\/#01\">1.Does the area velocity flow meter require an external power source?<\/a><br \/><a href=\"\/es\/area-velocity-flow-meter\/#02\">2.What is the difference between area velocity flow meter SUYI group vs area velocity flow meter Emerson vs area velocity flow meter Honeywell<\/a><br \/><a href=\"\/es\/area-velocity-flow-meter\/#03\">3.About area velocity flow meter inventory<\/a><br \/><a href=\"\/es\/area-velocity-flow-meter\/#04\">4.What is the function of area velocity flow meter?<\/a><br \/><a href=\"\/es\/area-velocity-flow-meter\/#05\">5.How does the area velocity flow meter connect with other devices and transmit data?<\/a><br \/><a href=\"\/es\/area-velocity-flow-meter\/#06\">6.About area velocity flow meter production skills training<\/a><br \/><a href=\"\/es\/area-velocity-flow-meter\/#07\">7.How does a area velocity flow meter measure flow?<\/a><br \/><a href=\"\/es\/area-velocity-flow-meter\/#08\">8.What is the measuring range of area velocity flow meter?<\/a><br \/><a href=\"\/es\/area-velocity-flow-meter\/#09\">9.What are the common faults and solutions of area velocity flow meters?<\/a><br \/><a href=\"\/es\/area-velocity-flow-meter\/#010\">10.What is the operating temperature range of the area velocity flow meter?<\/a><br \/><a href=\"\/es\/area-velocity-flow-meter\/#11\">11.How to calibrate a area velocity flow meter?<\/a><br \/><a href=\"\/es\/area-velocity-flow-meter\/#12\">12.Does the area velocity flow meter have an automatic cleaning function?<\/a><br \/><a href=\"\/es\/area-velocity-flow-meter\/#13\">13.About area velocity flow meter MOQ<\/a><br \/><a href=\"\/es\/area-velocity-flow-meter\/#14\">14.About area velocity flow meter overseas warehouse<\/a><br \/><a href=\"\/es\/area-velocity-flow-meter\/#15\">15.About the development history of area velocity flow meter factory<\/a><br \/><a href=\"\/es\/area-velocity-flow-meter\/#16\">16.About area velocity flow meter warranty<\/a><br \/><a href=\"\/es\/area-velocity-flow-meter\/#17\">17.Does area velocity flow meter have real-time monitoring function?<\/a><\/div>\n<div name=\"01\" id=\"01\">\n<p><strong>1.Does the area velocity flow meter require an external power source?<\/strong><\/p>\n<p>Nos adherimos al principio de que la calidad es lo primero y contamos con un completo sistema de gesti\u00f3n de la calidad de la producci\u00f3n y un proceso de inspecci\u00f3n de la calidad.<br \/>\nDepende del tipo de caudal\u00edmetro. Algunos caudal\u00edmetros se alimentan de una fuente de alimentaci\u00f3n externa, mientras que otros se alimentan del caudal del l\u00edquido o gas que se est\u00e1 midiendo.<\/p>\n<\/div>\n<div name=\"02\" id=\"02\">\n<p><strong>2.What is the difference between area velocity flow meter SUYI group vs area velocity flow meter Emerson vs area velocity flow meter Honeywell<\/strong><\/p>\n<p>Los caudal\u00edmetros de SUYI Group, Emerson y Honeywell miden el caudal de l\u00edquidos y gases, pero difieren en t\u00e9rminos de precisi\u00f3n, caracter\u00edsticas y coste. Los caudal\u00edmetros de SUYI Group suelen ser los m\u00e1s asequibles, pero es posible que no tengan la misma precisi\u00f3n ni las mismas caracter\u00edsticas que los modelos m\u00e1s caros de Emerson y Honeywell. Los caudal\u00edmetros Emerson son conocidos por su precisi\u00f3n y fiabilidad, pero pueden ser m\u00e1s caros que los de otras marcas. Los caudal\u00edmetros Honeywell son conocidos por sus funciones avanzadas y su precisi\u00f3n, pero pueden ser los m\u00e1s caros de los tres.<\/p>\n<\/div>\n<div name=\"03\" id=\"03\">\n<p><strong>3.About area velocity flow meter inventory<\/strong><\/p>\n<p>El inventario de caudal\u00edmetros es un sistema utilizado para seguir y gestionar los caudal\u00edmetros utilizados en aplicaciones industriales y comerciales. Se utiliza para supervisar el rendimiento de los caudal\u00edmetros, as\u00ed como para garantizar su correcto mantenimiento y calibraci\u00f3n. El sistema de inventario tambi\u00e9n puede utilizarse para hacer un seguimiento del coste de los caudal\u00edmetros, as\u00ed como para identificar cualquier problema o incidencia potencial con los mismos.<\/p>\n<\/div>\n<div name=\"04\" id=\"04\">\n<p><strong>4.What is the function of area velocity flow meter?<\/strong><\/p>\n<p>Our company has many years of area velocity flow meter experience and expertise.<br \/>\nUn caudal\u00edmetro es un dispositivo utilizado para medir el caudal o la cantidad de gas o l\u00edquido que circula por una tuber\u00eda. Se utiliza para medir el caudal de un l\u00edquido o gas en un conducto cerrado. Los caudal\u00edmetros se utilizan en diversos sectores, como el tratamiento de aguas y aguas residuales, el petr\u00f3leo y el gas, y el procesamiento qu\u00edmico.<\/p>\n<p><img src=\"https:\/\/www.hginstrument.com\/wp-content\/uploads\/2021\/07\/hguoc-1.jpg\" alt=\"What is the function of area velocity flow meter?\" title=\"What is the function of area velocity flow meter?\" style=\"max-width: 100%;\"><\/div>\n<div name=\"05\" id=\"05\">\n<p><strong>5.How does the area velocity flow meter connect with other devices and transmit data?<\/strong><\/p>\n<p>area velocity flow meter is not a product only,  but also can help you comes to money-making.<br \/>\nLos caudal\u00edmetros pueden conectarse con otros dispositivos y transmitir datos a trav\u00e9s de diversos m\u00e9todos, como conexiones por cable, conexiones inal\u00e1mbricas y protocolos de comunicaci\u00f3n serie. Las conexiones por cable pueden incluir RS-232, RS-485 y USB. Las conexiones inal\u00e1mbricas pueden incluir Bluetooth, Wi-Fi y redes celulares. Los protocolos de comunicaci\u00f3n serie pueden incluir Modbus, HART y Profibus.<\/p>\n<\/div>\n<div name=\"06\" id=\"06\">\n<p><strong>6.About area velocity flow meter production skills training<\/strong><\/p>\n<p>La formaci\u00f3n en t\u00e9cnicas de producci\u00f3n de caudal\u00edmetros est\u00e1 dise\u00f1ada para ense\u00f1ar a t\u00e9cnicos e ingenieros los conocimientos necesarios para producir y mantener caudal\u00edmetros. La formaci\u00f3n abarca temas como los principios de la medici\u00f3n de caudal, los tipos de caudal\u00edmetros disponibles, la instalaci\u00f3n y el mantenimiento de los caudal\u00edmetros y las t\u00e9cnicas de resoluci\u00f3n de problemas. La formaci\u00f3n tambi\u00e9n abarca el uso de programas inform\u00e1ticos para analizar e interpretar los datos de caudal. La formaci\u00f3n suele impartirse en un aula y puede incluir actividades pr\u00e1cticas.<\/p>\n<\/div>\n<div name=\"07\" id=\"07\">\n<p><strong>7.How does a area velocity flow meter measure flow?<\/strong><\/p>\n<p>We operate our area velocity flow meter business with integrity and honesty.<br \/>\nUn caudal\u00edmetro mide el caudal midiendo la velocidad de un fluido a su paso por una tuber\u00eda u otro conducto. Esto se hace normalmente midiendo la ca\u00edda de presi\u00f3n a trav\u00e9s de un \u00e1rea conocida, o midiendo el tiempo que tarda un volumen de fluido en pasar a trav\u00e9s de un \u00e1rea conocida. Otros m\u00e9todos consisten en utilizar una turbina, una rueda de paletas o un transductor ultras\u00f3nico para medir la velocidad del fluido.<\/p>\n<\/div>\n<div name=\"08\" id=\"08\">\n<p><strong>8.What is the measuring range of area velocity flow meter?<\/strong><\/p>\n<p>We continuously upgrade our skills and knowledge to adapt to changing area velocity flow meter market needs.<br \/>\nEl rango de medici\u00f3n de un caudal\u00edmetro depende del tipo de caudal\u00edmetro que se utilice. Por lo general, el rango de medici\u00f3n de un caudal\u00edmetro puede oscilar entre 0,01 y 1.000 litros por minuto.<\/p>\n<p><img src=\"https:\/\/www.hginstrument.com\/wp-content\/uploads\/2021\/07\/hls-2000uf-1.jpg\" alt=\"What is the measuring range of area velocity flow meter?\" title=\"What is the measuring range of area velocity flow meter?\" style=\"max-width: 100%;\"><\/div>\n<div name=\"09\" id=\"09\">\n<p><strong>9.What are the common faults and solutions of area velocity flow meters?<\/strong><\/p>\n<p>Mantenemos una cierta inversi\u00f3n en I+D cada a\u00f1o y mejoramos continuamente la eficiencia operativa para ofrecer mejores servicios a nuestros clientes cooperativos.<br \/>\nEntre las aver\u00edas y soluciones m\u00e1s comunes de los caudal\u00edmetros se incluyen:<\/p>\n<p>1. Baja precisi\u00f3n: Suele deberse a una instalaci\u00f3n incorrecta o a una calibraci\u00f3n incorrecta. Para solucionarlo, compruebe la instalaci\u00f3n y la calibraci\u00f3n del caudal\u00edmetro y aseg\u00farese de que son correctas.<\/p>\n<p>2. Fugas: Suele deberse a una junta desgastada o da\u00f1ada. Para solucionarlo, sustituye la junta por una nueva.<\/p>\n<p>3. Obstrucci\u00f3n: Suele estar causado por residuos u otras part\u00edculas que obstruyen el caudal\u00edmetro. Para solucionarlo, limpie el caudal\u00edmetro y elimine cualquier resto o part\u00edcula.<\/p>\n<p>4. 4. Corrosi\u00f3n: Suele deberse a la exposici\u00f3n a l\u00edquidos o gases corrosivos. Para solucionarlo, sustituya cualquier pieza corro\u00edda y utilice un material resistente a la corrosi\u00f3n para el caudal\u00edmetro.<\/p>\n<\/div>\n<div name=\"010\" id=\"010\">\n<p><strong>10.What is the operating temperature range of the area velocity flow meter?<\/strong><\/p>\n<p>We have established a good reputation and reliable partnerships within the area velocity flow meter industry.<br \/>\nEl intervalo de temperatura de funcionamiento del caudal\u00edmetro es de -40\u00b0C a 60\u00b0C (-40\u00b0F a 140\u00b0F).<\/p>\n<\/div>\n<div name=\"11\" id=\"11\">\n<p><strong>11.How to calibrate a area velocity flow meter?<\/strong><\/p>\n<p>Being one of the top area velocity flow meter manufacturers in China, We attach great importance to this detail.<br \/>\n1. Consulte las instrucciones del fabricante del caudal\u00edmetro espec\u00edfico que est\u00e9 utilizando.<\/p>\n<p>2. Aseg\u00farese de que el caudal\u00edmetro est\u00e1 instalado correctamente y de que todas las conexiones son seguras.<\/p>\n<p>3. Conecte el caudal\u00edmetro a un dispositivo de calibraci\u00f3n, como un dispositivo de calibraci\u00f3n de caudal o un bucle de calibraci\u00f3n de caudal.<\/p>\n<p>4. Ajuste el dispositivo de calibraci\u00f3n al caudal deseado.<\/p>\n<p>5. Encienda el caudal\u00edmetro y d\u00e9jelo funcionar durante unos minutos para asegurarse de que est\u00e1 estable.<\/p>\n<p>6. Compruebe la lectura del caudal\u00edmetro con la lectura del dispositivo de calibraci\u00f3n.<\/p>\n<p>7. Ajuste la configuraci\u00f3n del caudal\u00edmetro seg\u00fan sea necesario para que coincida con la lectura del dispositivo de calibraci\u00f3n.<\/p>\n<p>8. Repita los pasos 4-7 hasta que la lectura del caudal\u00edmetro coincida con la lectura del dispositivo de calibraci\u00f3n.<\/p>\n<p>9. Anote los ajustes del caudal\u00edmetro y la lectura del dispositivo de calibraci\u00f3n para futuras consultas.<\/p>\n<\/div>\n<div name=\"12\" id=\"12\">\n<p><strong>12.Does the area velocity flow meter have an automatic cleaning function?<\/strong><\/p>\n<p>Being one of the top area velocity flow meter manufacturers in China, We attach great importance to this detail.<br \/>\nNo, la mayor\u00eda de los caudal\u00edmetros no disponen de una funci\u00f3n de limpieza autom\u00e1tica. Sin embargo, algunos modelos pueden tener una funci\u00f3n de autolimpieza que puede activarse manualmente.<\/p>\n<p><img src=\"https:\/\/www.hginstrument.com\/wp-content\/uploads\/2021\/07\/v-cone-5.jpg\" alt=\"Does the area velocity flow meter have an automatic cleaning function?\" title=\"Does the area velocity flow meter have an automatic cleaning function?\" style=\"max-width: 100%;\"><\/div>\n<div name=\"13\" id=\"13\">\n<p><strong>13.About area velocity flow meter MOQ<\/strong><\/p>\n<p>La cantidad m\u00ednima de pedido (MOQ) de un caudal\u00edmetro depender\u00e1 del tipo de caudal\u00edmetro y del fabricante. Por lo general, la MOQ de un caudal\u00edmetro oscila entre 1 y 10 unidades, pero puede variar en funci\u00f3n del fabricante y del tipo de caudal\u00edmetro.<\/p>\n<\/div>\n<div name=\"14\" id=\"14\">\n<p><strong>14.About area velocity flow meter overseas warehouse<\/strong><\/p>\n<p>Los almacenes de caudal\u00edmetros en el extranjero son almacenes situados en pa\u00edses extranjeros que almacenan caudal\u00edmetros y productos relacionados. Estos almacenes se utilizan para almacenar y distribuir caudal\u00edmetros a clientes de distintos pa\u00edses. Suelen estar situados en pa\u00edses que tienen una gran demanda de caudal\u00edmetros, como Estados Unidos, Canad\u00e1 y Europa. Los almacenes suelen ser propiedad y estar gestionados por el fabricante de los caudal\u00edmetros o por un proveedor log\u00edstico externo. Los almacenes suelen tener una gran variedad de caudal\u00edmetros, incluidos los digitales, anal\u00f3gicos y ultras\u00f3nicos. Tambi\u00e9n suelen almacenar piezas de repuesto y accesorios para los caudal\u00edmetros.<\/p>\n<\/div>\n<div name=\"15\" id=\"15\">\n<p><strong>15.About the development history of area velocity flow meter factory<\/strong><\/p>\n<p>La f\u00e1brica de caudal\u00edmetros se cre\u00f3 a principios de la d\u00e9cada de 1990. Fue fundada por un grupo de ingenieros y t\u00e9cnicos con amplia experiencia en el dise\u00f1o y la fabricaci\u00f3n de caudal\u00edmetros. La empresa se centr\u00f3 inicialmente en la producci\u00f3n de caudal\u00edmetros mec\u00e1nicos, pero pronto ampli\u00f3 su gama de productos para incluir caudal\u00edmetros electr\u00f3nicos. A lo largo de los a\u00f1os, la empresa ha desarrollado una amplia gama de caudal\u00edmetros para diversas aplicaciones, incluidas las industriales, comerciales y residenciales. La empresa tambi\u00e9n ha desarrollado una gama de soluciones de software y hardware para la medici\u00f3n y el control del caudal. En la actualidad, la empresa es uno de los principales fabricantes de caudal\u00edmetros y productos relacionados, y est\u00e1 reconocida como l\u00edder del sector.<\/p>\n<\/div>\n<div name=\"16\" id=\"16\">\n<p><strong>16.About area velocity flow meter warranty<\/strong><\/p>\n<p>Las garant\u00edas de los caudal\u00edmetros var\u00edan en funci\u00f3n del fabricante y del tipo de caudal\u00edmetro. Por lo general, las garant\u00edas cubren los defectos de materiales y mano de obra, y tambi\u00e9n pueden cubrir ciertos tipos de da\u00f1os causados por el uso normal. Algunas garant\u00edas tambi\u00e9n pueden cubrir los da\u00f1os causados por una instalaci\u00f3n o un uso inadecuados. Es importante leer la informaci\u00f3n sobre la garant\u00eda proporcionada por el fabricante para comprender la cobertura espec\u00edfica y las limitaciones de la garant\u00eda.<\/p>\n<p><img src=\"https:\/\/www.hginstrument.com\/wp-content\/uploads\/2021\/07\/hgcmf-c1-1.jpg\" alt=\"About area velocity flow meter warranty\" title=\"About area velocity flow meter warranty\" style=\"max-width: 100%;\"><\/div>\n<div name=\"17\" id=\"17\">\n<p><strong>17.Does area velocity flow meter have real-time monitoring function?<\/strong><\/p>\n<p>S\u00ed, algunos caudal\u00edmetros tienen funciones de supervisi\u00f3n en tiempo real. Estos contadores suelen estar equipados con sensores que miden el caudal y transmiten los datos a un sistema de supervisi\u00f3n. Esto permite controlar en tiempo real el caudal y otros par\u00e1metros.<\/p>\n<\/div>\n<p>Etiqueta\uff1a<a href=\"\/es\/magnetic-flow-meter\/biogas-flow-meter\/\">caudal\u00edmetro de biog\u00e1s<\/a>,<a href=\"\/es\/magnetic-flow-meter\/philips-respironics-peak-flow-meter\/\">medidor de flujo m\u00e1ximo philips respironics<\/a>,<a href=\"\/es\/magnetic-flow-meter\/king-instrument-flow-meter\/\">caudal\u00edmetro king instrument<\/a>,<a href=\"\/es\/magnetic-flow-meter\/fire-pump-flow-meter\/\">caudal\u00edmetro de la bomba contra incendios<\/a>,<a href=\"\/es\/magnetic-flow-meter\/portaflow-ultrasonic-flow-meter\/\">caudal\u00edmetro ultras\u00f3nico portaflow<\/a><\/p>\n<p><\/p>","protected":false},"excerpt":{"rendered":"<p><strong>Datos t\u00e9cnicos<\/strong><br \/>\nPuede servir para fluidos l\u00edquidos o gaseosos, normalmente se utiliza para medir el caudal de vapor, aire y gas natural.<br \/>\nTama\u00f1o del contador: Tipo en l\u00ednea: DN25 - DN300<br \/>\nOpci\u00f3n de material mojado: SS304, SS316<br \/>\nTemperatura de funcionamiento: \u2264250\u2103<br \/>\nConexi\u00f3n a proceso: Wafer \/ Brida \/ Tri-clamp para tipo en l\u00ednea<br \/>\nPrecisi\u00f3n de medici\u00f3n: 1,0 % - 1,5% del intervalo de calibraci\u00f3n<br \/>\nIndicador digital: muestra el caudal instant\u00e1neo y el caudal total<br \/>\nAlimentaci\u00f3n: 24VDC, Salida: 4-20mA<\/p>\n<p><strong>caracter\u00edsticas<\/strong><br \/>\n1.Puntos de consigna ON\/OFF ajustables<br \/>\n2.Modo de alarma de caudal alto o bajo<br \/>\n3.Tiempo de retardo ajustable<br \/>\n4.LED de estado del rel\u00e9<\/p>","protected":false},"featured_media":3691,"comment_status":"closed","ping_status":"closed","template":"","meta":[],"product_cat":[2372],"product_tag":[],"acf":[],"_links":{"self":[{"href":"https:\/\/www.hginstrument.com\/es\/wp-json\/wp\/v2\/product\/4954"}],"collection":[{"href":"https:\/\/www.hginstrument.com\/es\/wp-json\/wp\/v2\/product"}],"about":[{"href":"https:\/\/www.hginstrument.com\/es\/wp-json\/wp\/v2\/types\/product"}],"replies":[{"embeddable":true,"href":"https:\/\/www.hginstrument.com\/es\/wp-json\/wp\/v2\/comments?post=4954"}],"wp:featuredmedia":[{"embeddable":true,"href":"https:\/\/www.hginstrument.com\/es\/wp-json\/wp\/v2\/media\/3691"}],"wp:attachment":[{"href":"https:\/\/www.hginstrument.com\/es\/wp-json\/wp\/v2\/media?parent=4954"}],"wp:term":[{"taxonomy":"product_cat","embeddable":true,"href":"https:\/\/www.hginstrument.com\/es\/wp-json\/wp\/v2\/product_cat?post=4954"},{"taxonomy":"product_tag","embeddable":true,"href":"https:\/\/www.hginstrument.com\/es\/wp-json\/wp\/v2\/product_tag?post=4954"}],"curies":[{"name":"wp","href":"https:\/\/api.w.org\/{rel}","templated":true}]}}