{"id":4958,"date":"2023-12-23T13:00:54","date_gmt":"2023-12-23T05:00:54","guid":{"rendered":"https:\/\/www.hginstrument.com\/?post_type=product&#038;p=4958"},"modified":"2023-12-23T13:03:02","modified_gmt":"2023-12-23T05:03:02","slug":"argon-flow-meter-for-tig-welding","status":"publish","type":"product","link":"https:\/\/www.hginstrument.com\/es\/magnetic-flow-meter\/argon-flow-meter-for-tig-welding\/","title":{"rendered":"caudal\u00edmetro de arg\u00f3n para soldadura tig"},"content":{"rendered":"<p>el caudal\u00edmetro de arg\u00f3n para soldadura tig es una tecnolog\u00eda precisa y fiable utilizada para medir el caudal de un fluido. Mide con precisi\u00f3n el volumen, la masa o la velocidad del fluido que pasa por un punto espec\u00edfico en un periodo de tiempo determinado. el caudal\u00edmetro de arg\u00f3n para soldadura tig est\u00e1 dise\u00f1ado con funciones avanzadas como una pantalla de alta resoluci\u00f3n, procesamiento digital de se\u00f1ales y registro de datos en tiempo real. <\/p>\n<p>El caudal\u00edmetro de arg\u00f3n para soldadura TIG es un avanzado dispositivo de medici\u00f3n de caudal dise\u00f1ado para medir y controlar con precisi\u00f3n el caudal de diversos l\u00edquidos y gases. Gracias a su tecnolog\u00eda de vanguardia y su rendimiento fiable, se ha convertido en la soluci\u00f3n preferida en los sectores del petr\u00f3leo y el gas, el procesamiento qu\u00edmico, los sistemas de climatizaci\u00f3n, el tratamiento de aguas y muchos otros.<\/p>\n<p>Nuestro caudal\u00edmetro de arg\u00f3n para soldadura TIG utiliza una tecnolog\u00eda de detecci\u00f3n de caudal de \u00faltima generaci\u00f3n que proporciona mediciones precisas con una exactitud excepcional. Puede medir con precisi\u00f3n el caudal de l\u00edquidos y gases con caudales comprendidos entre 0,8 y 5481 m3\/h. Este alto nivel de precisi\u00f3n lo convierte en una soluci\u00f3n ideal para aplicaciones cr\u00edticas que requieren una medici\u00f3n precisa del caudal.<\/p>\n<p>&nbsp;<\/p>\n<table class=\"table table-bordered\">\n<tbody>\n<tr>\n<td><span style=\"vertical-align: inherit;\"><span style=\"vertical-align: inherit;\">Tipo\uff1a<\/span><\/span><\/td>\n<td><span style=\"vertical-align: inherit;\">caudal\u00edmetro de arg\u00f3n para soldadura tig<\/span><\/td>\n<td><span style=\"vertical-align: inherit;\"><span style=\"vertical-align: inherit;\">Se\u00f1al de salida\uff1a<\/span><\/span><\/td>\n<td><span style=\"vertical-align: inherit;\"><span style=\"vertical-align: inherit;\">4-29mA, Pulso\/Frecuencia 2kHz(Predeterminado), 5KHz(Max)<\/span><\/span><\/td>\n<\/tr>\n<tr>\n<td><span style=\"vertical-align: inherit;\"><span style=\"vertical-align: inherit;\">Lugar de origen\uff1a<\/span><\/span><\/td>\n<td><span style=\"vertical-align: inherit;\"><span style=\"vertical-align: inherit;\">Jiangsu\uff0cChina<\/span><\/span><\/td>\n<td><span style=\"vertical-align: inherit;\"><span style=\"vertical-align: inherit;\">Incorporar tipo\uff1a<\/span><\/span><\/td>\n<td><span style=\"vertical-align: inherit;\"><span style=\"vertical-align: inherit;\">-10\u2103- +53\u2103<\/span><\/span><\/td>\n<\/tr>\n<tr>\n<td><span style=\"vertical-align: inherit;\"><span style=\"vertical-align: inherit;\">Garant\u00eda\uff1a<\/span><\/span><\/td>\n<td><span style=\"vertical-align: inherit;\"><span style=\"vertical-align: inherit;\">24 meses<\/span><\/span><\/td>\n<td><span style=\"vertical-align: inherit;\"><span style=\"vertical-align: inherit;\">Tensi\u00f3n de alimentaci\u00f3n\uff1a<\/span><\/span><\/td>\n<td><span style=\"vertical-align: inherit;\"><span style=\"vertical-align: inherit;\">110\/220VAC (100-240VAC), 50Hz\/60Hz; 24VDC\u00b110%<\/span><\/span><\/td>\n<\/tr>\n<tr>\n<td><span style=\"vertical-align: inherit;\"><span style=\"vertical-align: inherit;\">Asistencia personalizada\uff1a<\/span><\/span><\/td>\n<td><span style=\"vertical-align: inherit;\"><span style=\"vertical-align: inherit;\">OEM, ODM, OBM<\/span><\/span><\/td>\n<td><span style=\"vertical-align: inherit;\"><span style=\"vertical-align: inherit;\">Comunicaci\u00f3n digital\uff1a<\/span><\/span><\/td>\n<td><span style=\"vertical-align: inherit;\"><span style=\"vertical-align: inherit;\">RS-485, compatible con el protocolo est\u00e1ndar Mudbugs-RTU; GPRS<\/span><\/span><\/td>\n<\/tr>\n<tr>\n<td><span style=\"vertical-align: inherit;\"><span style=\"vertical-align: inherit;\">Marca\uff1a<\/span><\/span><\/td>\n<td><span style=\"vertical-align: inherit;\"><span style=\"vertical-align: inherit;\">GRUPO SUYI<\/span><\/span><\/td>\n<td><span style=\"vertical-align: inherit;\"><span style=\"vertical-align: inherit;\">Presi\u00f3n nominal\uff1a<\/span><\/span><\/td>\n<td><span style=\"vertical-align: inherit;\"><span style=\"vertical-align: inherit;\">1MPa (DN15-DN800), 1,6MPa(DN15-DN800), 2,5MPa(DN15-DN600)<\/span><\/span><\/td>\n<\/tr>\n<tr>\n<td><span style=\"vertical-align: inherit;\"><span style=\"vertical-align: inherit;\">N\u00famero de modelo\uff1a<\/span><\/span><\/td>\n<td><span style=\"vertical-align: inherit;\"><span style=\"vertical-align: inherit;\">otros<\/span><\/span><\/td>\n<td><span style=\"vertical-align: inherit;\"><span style=\"vertical-align: inherit;\">Sensor\uff1a<\/span><\/span><\/td>\n<td><span style=\"vertical-align: inherit;\"><span style=\"vertical-align: inherit;\">0\u2103- +80\u2103 o -25\u2103- +120\u2103 o +70\u2103- +250\u2103<\/span><\/span><\/td>\n<\/tr>\n<tr>\n<td><span style=\"vertical-align: inherit;\"><span style=\"vertical-align: inherit;\">Nombre del producto\uff1a<\/span><\/span><\/td>\n<td><span style=\"vertical-align: inherit;\"><span style=\"vertical-align: inherit;\">Medidor de caudal de agua qu\u00edmico digital inteligente electromagn\u00e9tico<\/span><\/span><\/td>\n<td><span style=\"vertical-align: inherit;\"><span style=\"vertical-align: inherit;\">Detalles del embalaje\uff1a<\/span><\/span><\/td>\n<td><span style=\"vertical-align: inherit;\"><span style=\"vertical-align: inherit;\">1 Juego por paquete o seg\u00fan pedido del cliente<\/span><\/span><\/td>\n<\/tr>\n<tr>\n<td><span style=\"vertical-align: inherit;\"><span style=\"vertical-align: inherit;\">Di\u00e1metro nominal\uff1a<\/span><\/span><\/td>\n<td><span style=\"vertical-align: inherit;\"><span style=\"vertical-align: inherit;\">3-3214 mm<\/span><\/span><\/td>\n<td><span style=\"vertical-align: inherit;\"><span style=\"vertical-align: inherit;\">Capacidad de suministro\uff1a<\/span><\/span><\/td>\n<td><span style=\"vertical-align: inherit;\"><span style=\"vertical-align: inherit;\">1943 Set\/Sets por mes<\/span><\/span><\/td>\n<\/tr>\n<tr>\n<td><span style=\"vertical-align: inherit;\"><span style=\"vertical-align: inherit;\">rango de velocidad\uff1a<\/span><\/span><\/td>\n<td><span style=\"vertical-align: inherit;\"><span style=\"vertical-align: inherit;\">0-13 m\/s<\/span><\/span><\/td>\n<td><span style=\"vertical-align: inherit;\"><span style=\"vertical-align: inherit;\">Cantidad (juegos)\uff1a<\/span><\/span><\/td>\n<td><span style=\"vertical-align: inherit;\"><span style=\"vertical-align: inherit;\">&gt; 30<\/span><\/span><\/td>\n<\/tr>\n<tr>\n<td><span style=\"vertical-align: inherit;\"><span style=\"vertical-align: inherit;\">Grado de precisi\u00f3n\uff1a<\/span><\/span><\/td>\n<td><span style=\"vertical-align: inherit;\"><span style=\"vertical-align: inherit;\">\u00b10,5%R, \u00b11%R ( &lt; DN20)<\/span><\/span><\/td>\n<td><span style=\"vertical-align: inherit;\"><span style=\"vertical-align: inherit;\">Plazo de entrega (d\u00edas)\uff1a<\/span><\/span><\/td>\n<td><span style=\"vertical-align: inherit;\"><span style=\"vertical-align: inherit;\">A negociar<\/span><\/span><\/td>\n<\/tr>\n<\/tbody>\n<\/table>\n<p>&nbsp;<\/p>\n<p><strong><\/strong><\/p>\n<p style=\"text-align:center;\"><img src=\"https:\/\/www.hginstrument.com\/wp-content\/uploads\/2021\/07\/in-line-pipeline-type-hgd-electromagnetic-flow-meter.jpg\" atl=\"argon flow meter for tig welding\" title=\"caudal\u00edmetro de arg\u00f3n para soldadura tig\"><\/p>\n<p><strong><\/strong><\/p>\n<p style=\"text-align:center;\"><img src=\"https:\/\/www.hginstrument.com\/wp-content\/uploads\/2021\/07\/insertion-01.jpg\" atl=\"argon flow meter for tig welding\" title=\"caudal\u00edmetro de arg\u00f3n para soldadura tig\"><\/p>\n<p><strong><\/strong><\/p>\n<p style=\"text-align:center;\"><img src=\"https:\/\/www.hginstrument.com\/wp-content\/uploads\/2021\/07\/sanitary-mag-1.jpg\" atl=\"argon flow meter for tig welding\" title=\"caudal\u00edmetro de arg\u00f3n para soldadura tig\"><\/p>\n<p><strong>Caudal\u00edmetro de arg\u00f3n para soldadura tig Gu\u00eda de preguntas frecuentes.<\/p>\n<p>En el coraz\u00f3n de nuestra serie de caudal\u00edmetros de arg\u00f3n para soldadura TIG se encuentra un compromiso con la excelencia, que combina una avanzada tecnolog\u00eda de sensores con interfaces f\u00e1ciles de usar. Desde l\u00edquidos hasta gases, nuestros medidores ofrecen una precisi\u00f3n inigualable, lo que le permite tomar decisiones informadas y agilizar las operaciones. A medida que iniciamos una nueva era en la medici\u00f3n de fluidos, le invitamos a explorar las posibilidades ilimitadas que ofrece nuestro caudal\u00edmetro de arg\u00f3n para soldaduras en TIG, donde la precisi\u00f3n se une al rendimiento y la innovaci\u00f3n fluye a la perfecci\u00f3n.<\/strong><\/p>\n<div style=\"border:3px solid #f89900;margin:20px 0;padding:20px;\"><a href=\"\/es\/argon-flow-meter-for-tig-welding\/#01\">1.\u00bfCu\u00e1l es la funci\u00f3n del caudal\u00edmetro de arg\u00f3n para la soldadura tig?<\/a><br \/><a href=\"\/es\/argon-flow-meter-for-tig-welding\/#02\">2.\u00bfEl caudal\u00edmetro de arg\u00f3n para soldadura tig dispone de pantalla multiling\u00fce?<\/a><br \/><a href=\"\/es\/argon-flow-meter-for-tig-welding\/#03\">3.\u00bfRequiere el caudal\u00edmetro de arg\u00f3n para soldadura tig una fuente de alimentaci\u00f3n externa?<\/a><br \/><a href=\"\/es\/argon-flow-meter-for-tig-welding\/#04\">4.Acerca del medidor de flujo de arg\u00f3n para el sistema de calidad de soldadura tig<\/a><br \/><a href=\"\/es\/argon-flow-meter-for-tig-welding\/#05\">5.\u00bfDispone el caudal\u00edmetro de arg\u00f3n para soldadura tig de una funci\u00f3n para evitar el uso indebido?<\/a><br \/><a href=\"\/es\/argon-flow-meter-for-tig-welding\/#06\">6.About medidor de flujo de arg\u00f3n para el inventario de soldadura tig<\/a><br \/><a href=\"\/es\/argon-flow-meter-for-tig-welding\/#07\">7.\u00bfCumple el rendimiento a prueba de explosiones del caudal\u00edmetro de arg\u00f3n para soldadura tig las normas pertinentes?<\/a><br \/><a href=\"\/es\/argon-flow-meter-for-tig-welding\/#08\">8.\u00bfC\u00f3mo calibrar un caudal\u00edmetro de arg\u00f3n para soldadura tig?<\/a><br \/><a href=\"\/es\/argon-flow-meter-for-tig-welding\/#09\">9.Acerca del caudal\u00edmetro de arg\u00f3n para soldadura tig fecha de entrega<\/a><br \/><a href=\"\/es\/argon-flow-meter-for-tig-welding\/#010\">10.Acerca de medidor de flujo de arg\u00f3n para la soldadura tig m\u00e9todo de pago<\/a><br \/><a href=\"\/es\/argon-flow-meter-for-tig-welding\/#11\">11.Acerca del medidor de flujo de arg\u00f3n para la formaci\u00f3n de habilidades de producci\u00f3n de soldadura tig<\/a><br \/><a href=\"\/es\/argon-flow-meter-for-tig-welding\/#12\">12.Acerca del medidor de flujo de arg\u00f3n para la tecnolog\u00eda de soldadura tig<\/a><br \/><a href=\"\/es\/argon-flow-meter-for-tig-welding\/#13\">13.\u00bfCu\u00e1l es el tiempo de respuesta del caudal\u00edmetro de arg\u00f3n para soldadura tig?<\/a><br \/><a href=\"\/es\/argon-flow-meter-for-tig-welding\/#14\">14.\u00bfEl caudal\u00edmetro de arg\u00f3n para soldadura tig tiene capacidad de control remoto?<\/a><\/div>\n<div name=\"01\" id=\"01\">\n<p><strong>1.\u00bfCu\u00e1l es la funci\u00f3n del caudal\u00edmetro de arg\u00f3n para la soldadura tig?<\/strong><\/p>\n<p>Nuestra empresa cuenta con muchos a\u00f1os de experiencia y conocimientos en medidores de flujo de arg\u00f3n para soldadura TIG.<br \/>\nUn caudal\u00edmetro es un dispositivo utilizado para medir el caudal o la cantidad de gas o l\u00edquido que circula por una tuber\u00eda. Se utiliza para medir el caudal de un l\u00edquido o gas en un conducto cerrado. Los caudal\u00edmetros se utilizan en diversos sectores, como el tratamiento de aguas y aguas residuales, el petr\u00f3leo y el gas, y el procesamiento qu\u00edmico.<\/p>\n<\/div>\n<div name=\"02\" id=\"02\">\n<p><strong>2.\u00bfEl caudal\u00edmetro de arg\u00f3n para soldadura tig dispone de pantalla multiling\u00fce?<\/strong><\/p>\n<p>Como uno de los principales fabricantes de medidores de flujo de arg\u00f3n para soldadura tig en China, nos tomamos esto muy en serio.<br \/>\nS\u00ed, algunos caudal\u00edmetros disponen de pantalla multiling\u00fce. Sin embargo, esta funci\u00f3n no est\u00e1 disponible en todos los modelos. Lo mejor es comprobar con el fabricante si el modelo espec\u00edfico que le interesa dispone de esta funci\u00f3n.<\/p>\n<p><img src=\"https:\/\/www.hginstrument.com\/wp-content\/uploads\/2021\/07\/verabar-1.jpg\" alt=\"\u00bfDispone el caudal\u00edmetro de arg\u00f3n para soldadura TIG de pantalla multiling\u00fce?\" title=\"\u00bfDispone el caudal\u00edmetro de arg\u00f3n para soldadura TIG de pantalla multiling\u00fce?\" style=\"max-width: 100%;\"><\/div>\n<div name=\"03\" id=\"03\">\n<p><strong>3.\u00bfRequiere el caudal\u00edmetro de arg\u00f3n para soldadura tig una fuente de alimentaci\u00f3n externa?<\/strong><\/p>\n<p>Nos adherimos al principio de que la calidad es lo primero y contamos con un completo sistema de gesti\u00f3n de la calidad de la producci\u00f3n y un proceso de inspecci\u00f3n de la calidad.<br \/>\nDepende del tipo de caudal\u00edmetro. Algunos caudal\u00edmetros se alimentan de una fuente de alimentaci\u00f3n externa, mientras que otros se alimentan del caudal del l\u00edquido o gas que se est\u00e1 midiendo.<\/p>\n<\/div>\n<div name=\"04\" id=\"04\">\n<p><strong>4.Acerca del medidor de flujo de arg\u00f3n para el sistema de calidad de soldadura tig<\/strong><\/p>\n<p>Un sistema de calidad de caudal\u00edmetros es un conjunto de procesos y procedimientos que se utilizan para garantizar que los caudal\u00edmetros se fabrican y prueban para cumplir los m\u00e1s altos est\u00e1ndares de precisi\u00f3n y fiabilidad. El sistema incluye medidas de control de calidad como la inspecci\u00f3n del material entrante, la inspecci\u00f3n durante el proceso y las pruebas del producto final. Tambi\u00e9n incluye la documentaci\u00f3n y el mantenimiento de registros para garantizar que se siguen todos los procesos y que cualquier problema se aborda con rapidez y eficacia. El sistema est\u00e1 dise\u00f1ado para garantizar que los caudal\u00edmetros producidos sean de la m\u00e1xima calidad y cumplan los requisitos del cliente.<\/p>\n<p><img src=\"https:\/\/www.hginstrument.com\/wp-content\/uploads\/2021\/07\/wedge-1.jpg\" alt=\"Acerca del medidor de flujo de arg\u00f3n para el sistema de calidad de soldadura tig\" title=\"Acerca del medidor de flujo de arg\u00f3n para el sistema de calidad de soldadura tig\" style=\"max-width: 100%;\"><\/div>\n<div name=\"05\" id=\"05\">\n<p><strong>5.\u00bfDispone el caudal\u00edmetro de arg\u00f3n para soldadura tig de una funci\u00f3n para evitar el uso indebido?<\/strong><\/p>\n<p>Como uno de los l\u00edderes del mercado de caudal\u00edmetros de arg\u00f3n para soldadura TIG, somos conocidos por nuestra innovaci\u00f3n y fiabilidad.<br \/>\nLa mayor\u00eda de los caudal\u00edmetros no tienen una funci\u00f3n para evitar el uso indebido, pero algunos modelos pueden tener caracter\u00edsticas que pueden ayudar a reducir el riesgo de uso indebido. Por ejemplo, algunos caudal\u00edmetros pueden tener una funci\u00f3n de bloqueo que impide que usuarios no autorizados modifiquen los ajustes o accedan a los datos. Adem\u00e1s, algunos caudal\u00edmetros pueden tener una funci\u00f3n de protecci\u00f3n por contrase\u00f1a que exige que el usuario introduzca una contrase\u00f1a antes de poder acceder a los datos o a los ajustes.<\/p>\n<\/div>\n<div name=\"06\" id=\"06\">\n<p><strong>6.About medidor de flujo de arg\u00f3n para el inventario de soldadura tig<\/strong><\/p>\n<p>El inventario de caudal\u00edmetros es un sistema utilizado para seguir y gestionar los caudal\u00edmetros utilizados en aplicaciones industriales y comerciales. Se utiliza para supervisar el rendimiento de los caudal\u00edmetros, as\u00ed como para garantizar su correcto mantenimiento y calibraci\u00f3n. El sistema de inventario tambi\u00e9n puede utilizarse para hacer un seguimiento del coste de los caudal\u00edmetros, as\u00ed como para identificar cualquier problema o incidencia potencial con los mismos.<\/p>\n<p><img src=\"https:\/\/www.hginstrument.com\/wp-content\/uploads\/2021\/07\/hls-2000h-m2.jpg\" alt=\"Acerca del inventario de caudal\u00edmetros de arg\u00f3n para soldadura TIG\" title=\"Acerca del inventario de caudal\u00edmetros de arg\u00f3n para soldadura TIG\" style=\"max-width: 100%;\"><\/div>\n<div name=\"07\" id=\"07\">\n<p><strong>7.\u00bfCumple el rendimiento a prueba de explosiones del caudal\u00edmetro de arg\u00f3n para soldadura tig las normas pertinentes?<\/strong><\/p>\n<p>S\u00ed, las prestaciones antideflagrantes del caudal\u00edmetro cumplen las normas pertinentes. El caudal\u00edmetro debe estar certificado por un organismo de certificaci\u00f3n reconocido para garantizar que cumple los requisitos de las normas pertinentes.<\/p>\n<\/div>\n<div name=\"08\" id=\"08\">\n<p><strong>8.\u00bfC\u00f3mo calibrar un caudal\u00edmetro de arg\u00f3n para soldadura tig?<\/strong><\/p>\n<p>Siendo uno de los principales fabricantes de medidores de flujo de arg\u00f3n para soldadura tig en China, damos gran importancia a este detalle.<br \/>\n1. Consulte las instrucciones del fabricante del caudal\u00edmetro espec\u00edfico que est\u00e9 utilizando.<\/p>\n<p>2. Aseg\u00farese de que el caudal\u00edmetro est\u00e1 instalado correctamente y de que todas las conexiones son seguras.<\/p>\n<p>3. Conecte el caudal\u00edmetro a un dispositivo de calibraci\u00f3n, como un dispositivo de calibraci\u00f3n de caudal o un bucle de calibraci\u00f3n de caudal.<\/p>\n<p>4. Ajuste el dispositivo de calibraci\u00f3n al caudal deseado.<\/p>\n<p>5. Encienda el caudal\u00edmetro y d\u00e9jelo funcionar durante unos minutos para asegurarse de que est\u00e1 estable.<\/p>\n<p>6. Compruebe la lectura del caudal\u00edmetro con la lectura del dispositivo de calibraci\u00f3n.<\/p>\n<p>7. Ajuste la configuraci\u00f3n del caudal\u00edmetro seg\u00fan sea necesario para que coincida con la lectura del dispositivo de calibraci\u00f3n.<\/p>\n<p>8. Repita los pasos 4-7 hasta que la lectura del caudal\u00edmetro coincida con la lectura del dispositivo de calibraci\u00f3n.<\/p>\n<p>9. Anote los ajustes del caudal\u00edmetro y la lectura del dispositivo de calibraci\u00f3n para futuras consultas.<\/p>\n<p><img src=\"https:\/\/www.hginstrument.com\/wp-content\/uploads\/2021\/07\/sanitary-mag-1.jpg\" alt=\"\u00bfC\u00f3mo calibrar un caudal\u00edmetro de arg\u00f3n para soldadura tig?\" title=\"\u00bfC\u00f3mo calibrar un caudal\u00edmetro de arg\u00f3n para soldadura tig?\" style=\"max-width: 100%;\"><\/div>\n<div name=\"09\" id=\"09\">\n<p><strong>9.Acerca del caudal\u00edmetro de arg\u00f3n para soldadura tig fecha de entrega<\/strong><\/p>\n<p>La fecha de entrega de un caudal\u00edmetro depender\u00e1 del tipo de caudal\u00edmetro, del fabricante y de la disponibilidad del producto. Por lo general, la mayor\u00eda de los caudal\u00edmetros pueden entregarse en un plazo que oscila entre unos d\u00edas y unas semanas. Sin embargo, algunos caudal\u00edmetros especializados pueden tardar m\u00e1s en entregarse. Lo mejor es ponerse en contacto directamente con el fabricante para obtener una fecha de entrega exacta.<\/p>\n<\/div>\n<div name=\"010\" id=\"010\">\n<p><strong>10.Acerca de medidor de flujo de arg\u00f3n para la soldadura tig m\u00e9todo de pago<\/strong><\/p>\n<p>El pago con caudal\u00edmetro es un m\u00e9todo de pago que utiliza un caudal\u00edmetro para medir la cantidad de energ\u00eda utilizada por un cliente. El cliente paga por la energ\u00eda utilizada en funci\u00f3n de la cantidad de energ\u00eda medida por el caudal\u00edmetro. Este m\u00e9todo de pago se utiliza a menudo en entornos comerciales e industriales, donde el consumo de energ\u00eda es elevado y debe controlarse con precisi\u00f3n. El pago con caudal\u00edmetro tambi\u00e9n se utiliza en algunos entornos residenciales, donde los clientes pueden pagar por su consumo de energ\u00eda en funci\u00f3n de la cantidad de energ\u00eda que utilizan.<\/p>\n<p><img src=\"https:\/\/www.hginstrument.com\/wp-content\/uploads\/2021\/07\/hls-2000uf-1.jpg\" alt=\"Acerca del caudal\u00edmetro de arg\u00f3n para soldadura tig m\u00e9todo de pago\" title=\"Acerca del caudal\u00edmetro de arg\u00f3n para soldadura tig m\u00e9todo de pago\" style=\"max-width: 100%;\"><\/div>\n<div name=\"11\" id=\"11\">\n<p><strong>11.Acerca del medidor de flujo de arg\u00f3n para la formaci\u00f3n de habilidades de producci\u00f3n de soldadura tig<\/strong><\/p>\n<p>La formaci\u00f3n en t\u00e9cnicas de producci\u00f3n de caudal\u00edmetros est\u00e1 dise\u00f1ada para ense\u00f1ar a t\u00e9cnicos e ingenieros los conocimientos necesarios para producir y mantener caudal\u00edmetros. La formaci\u00f3n abarca temas como los principios de la medici\u00f3n de caudal, los tipos de caudal\u00edmetros disponibles, la instalaci\u00f3n y el mantenimiento de los caudal\u00edmetros y las t\u00e9cnicas de resoluci\u00f3n de problemas. La formaci\u00f3n tambi\u00e9n abarca el uso de programas inform\u00e1ticos para analizar e interpretar los datos de caudal. La formaci\u00f3n suele impartirse en un aula y puede incluir actividades pr\u00e1cticas.<\/p>\n<\/div>\n<div name=\"12\" id=\"12\">\n<p><strong>12.Acerca del medidor de flujo de arg\u00f3n para la tecnolog\u00eda de soldadura tig<\/strong><\/p>\n<p>La tecnolog\u00eda de caudal\u00edmetros es un tipo de tecnolog\u00eda de medici\u00f3n utilizada para medir el caudal de un fluido o gas. Se utiliza en diversas industrias, como las del petr\u00f3leo y el gas, el agua y las aguas residuales, y el procesamiento qu\u00edmico. Los caudal\u00edmetros miden el caudal de un fluido o gas midiendo la presi\u00f3n, la velocidad u otras propiedades f\u00edsicas del fluido o gas. Los caudal\u00edmetros pueden utilizarse para medir el caudal de l\u00edquidos, gases y vapor. Se utilizan para medir el caudal de una gran variedad de fluidos, como agua, aceite y productos qu\u00edmicos. Los caudal\u00edmetros se utilizan en diversas aplicaciones, como el control de procesos, la gesti\u00f3n de la energ\u00eda y la supervisi\u00f3n de la seguridad.<\/p>\n<p><img src=\"https:\/\/www.hginstrument.com\/wp-content\/uploads\/2021\/07\/nozzle-1.jpg\" alt=\"Acerca del caudal\u00edmetro de arg\u00f3n para la tecnolog\u00eda de soldadura tig\" title=\"Acerca del caudal\u00edmetro de arg\u00f3n para la tecnolog\u00eda de soldadura tig\" style=\"max-width: 100%;\"><\/div>\n<div name=\"13\" id=\"13\">\n<p><strong>13.\u00bfCu\u00e1l es el tiempo de respuesta del caudal\u00edmetro de arg\u00f3n para soldadura tig?<\/strong><\/p>\n<p>Hemos establecido asociaciones estables y a largo plazo con nuestros proveedores, por lo que tenemos grandes ventajas en precio y coste y en garant\u00eda de calidad.<br \/>\nEl tiempo de respuesta de un caudal\u00edmetro puede variar en funci\u00f3n del tipo de caudal\u00edmetro utilizado. Por lo general, el tiempo de respuesta de un caudal\u00edmetro oscila entre 0,1 y 1 segundo.<\/p>\n<\/div>\n<div name=\"14\" id=\"14\">\n<p><strong>14.\u00bfEl caudal\u00edmetro de arg\u00f3n para soldadura tig tiene capacidad de control remoto?<\/strong><\/p>\n<p>Nos centramos en las necesidades de nuestros clientes y nos esforzamos por satisfacer sus expectativas, por lo que nos lo tomamos muy en serio.<br \/>\nDepende del modelo concreto de caudal\u00edmetro. Algunos modelos pueden tener capacidad de control remoto, mientras que otros no.<\/p>\n<p><img src=\"https:\/\/www.hginstrument.com\/wp-content\/uploads\/2021\/07\/hgrs-1.jpg\" alt=\"\u00bfEl caudal\u00edmetro de arg\u00f3n para soldadura tig tiene capacidad de control remoto?\" title=\"\u00bfEl caudal\u00edmetro de arg\u00f3n para soldadura tig tiene capacidad de control remoto?\" style=\"max-width: 100%;\"><\/div>\n<p>Etiqueta\uff1a<a href=\"\/es\/magnetic-flow-meter\/yokogawa-magnetic-flow-meter\/\">caudal\u00edmetro magn\u00e9tico yokogawa<\/a>,<a href=\"\/es\/magnetic-flow-meter\/compressed-air-flow-meter-cfm\/\">caudal\u00edmetro de aire comprimido cfm<\/a>,<a href=\"\/es\/magnetic-flow-meter\/flow-meter-sensors\/\">sensores de caudal\u00edmetro<\/a><\/p>\n<p><\/p>","protected":false},"excerpt":{"rendered":"<p><strong>Datos t\u00e9cnicos<\/strong><br \/>\nPuede servir para fluidos l\u00edquidos o gaseosos, normalmente se utiliza para medir el caudal de vapor, aire y gas natural.<br \/>\nTama\u00f1o del contador: Tipo en l\u00ednea: DN25 - DN300<br \/>\nOpci\u00f3n de material mojado: SS304, SS316<br \/>\nTemperatura de funcionamiento: \u2264250\u2103<br \/>\nConexi\u00f3n a proceso: Wafer \/ Brida \/ Tri-clamp para tipo en l\u00ednea<br \/>\nPrecisi\u00f3n de medici\u00f3n: 1,0 % - 1,5% del intervalo de calibraci\u00f3n<br \/>\nIndicador digital: muestra el caudal instant\u00e1neo y el caudal total<br \/>\nAlimentaci\u00f3n: 24VDC, Salida: 4-20mA<\/p>\n<p><strong>caracter\u00edsticas<\/strong><br \/>\n1.Puntos de consigna ON\/OFF ajustables<br \/>\n2.Modo de alarma de caudal alto o bajo<br \/>\n3.Tiempo de retardo ajustable<br \/>\n4.LED de estado del rel\u00e9<\/p>","protected":false},"featured_media":3691,"comment_status":"closed","ping_status":"closed","template":"","meta":[],"product_cat":[2372],"product_tag":[],"acf":[],"_links":{"self":[{"href":"https:\/\/www.hginstrument.com\/es\/wp-json\/wp\/v2\/product\/4958"}],"collection":[{"href":"https:\/\/www.hginstrument.com\/es\/wp-json\/wp\/v2\/product"}],"about":[{"href":"https:\/\/www.hginstrument.com\/es\/wp-json\/wp\/v2\/types\/product"}],"replies":[{"embeddable":true,"href":"https:\/\/www.hginstrument.com\/es\/wp-json\/wp\/v2\/comments?post=4958"}],"wp:featuredmedia":[{"embeddable":true,"href":"https:\/\/www.hginstrument.com\/es\/wp-json\/wp\/v2\/media\/3691"}],"wp:attachment":[{"href":"https:\/\/www.hginstrument.com\/es\/wp-json\/wp\/v2\/media?parent=4958"}],"wp:term":[{"taxonomy":"product_cat","embeddable":true,"href":"https:\/\/www.hginstrument.com\/es\/wp-json\/wp\/v2\/product_cat?post=4958"},{"taxonomy":"product_tag","embeddable":true,"href":"https:\/\/www.hginstrument.com\/es\/wp-json\/wp\/v2\/product_tag?post=4958"}],"curies":[{"name":"wp","href":"https:\/\/api.w.org\/{rel}","templated":true}]}}