{"id":5012,"date":"2023-12-23T14:56:45","date_gmt":"2023-12-23T06:56:45","guid":{"rendered":"https:\/\/www.hginstrument.com\/?post_type=product&#038;p=5012"},"modified":"2024-01-10T08:56:35","modified_gmt":"2024-01-10T00:56:35","slug":"calibrated-flow-meter","status":"publish","type":"product","link":"https:\/\/www.hginstrument.com\/es\/magnetic-flow-meter\/calibrated-flow-meter\/","title":{"rendered":"caudal\u00edmetro calibrado"},"content":{"rendered":"<p>Our calibrated flow meter is a cutting-edge product that is guaranteed to provide accurate and reliable flow measurement for a wide range of industrial applications. Equipped with advanced technology and precise sensors, it ensures precise and consistent measurement of liquid and gas flow rates.<\/p>\n<p>At the heart of calibrated flow meter is technology that measures and records flow, providing accurate and reliable readings. There are different types of calibrated flow meter including magnetic, ultrasonic, Doppler wire flow meter, Coriolis and turbine, each designed for specific applications and fluid types.<\/p>\n<p>One of the most advanced and widely used calibrated flow meter is the electromagnetic calibrated flow meter. It works on Faraday&#8217;s law of electromagnetic induction and is able to measure the flow of conducting fluids with incredible accuracy and repeatability. It is suitable for use with a variety of fluids, including water, chemicals, Biotechnology and life sciences and mud.<\/p>\n<table class=\"table table-bordered\">\n<tbody>\n<tr>\n<td><span style=\"vertical-align: inherit;\"><span style=\"vertical-align: inherit;\">Tipo\uff1a<\/span><\/span><\/td>\n<td><span style=\"vertical-align: inherit;\">caudal\u00edmetro calibrado<\/span><\/td>\n<td><span style=\"vertical-align: inherit;\"><span style=\"vertical-align: inherit;\">Se\u00f1al de salida\uff1a<\/span><\/span><\/td>\n<td><span style=\"vertical-align: inherit;\"><span style=\"vertical-align: inherit;\">4-20 mA, Pulso\/Frecuencia 2kHz(Predeterminado), 5KHz(Max)<\/span><\/span><\/td>\n<\/tr>\n<tr>\n<td><span style=\"vertical-align: inherit;\"><span style=\"vertical-align: inherit;\">Lugar de origen\uff1a<\/span><\/span><\/td>\n<td><span style=\"vertical-align: inherit;\"><span style=\"vertical-align: inherit;\">Jiangsu\uff0cChina<\/span><\/span><\/td>\n<td><span style=\"vertical-align: inherit;\"><span style=\"vertical-align: inherit;\">Incorporar tipo\uff1a<\/span><\/span><\/td>\n<td><span style=\"vertical-align: inherit;\"><span style=\"vertical-align: inherit;\">-10\u2103- +55\u2103<\/span><\/span><\/td>\n<\/tr>\n<tr>\n<td><span style=\"vertical-align: inherit;\"><span style=\"vertical-align: inherit;\">Garant\u00eda\uff1a<\/span><\/span><\/td>\n<td><span style=\"vertical-align: inherit;\"><span style=\"vertical-align: inherit;\">20 meses<\/span><\/span><\/td>\n<td><span style=\"vertical-align: inherit;\"><span style=\"vertical-align: inherit;\">Tensi\u00f3n de alimentaci\u00f3n\uff1a<\/span><\/span><\/td>\n<td><span style=\"vertical-align: inherit;\"><span style=\"vertical-align: inherit;\">110\/220VAC (100-240VAC), 50Hz\/60Hz; 24VDC\u00b110%<\/span><\/span><\/td>\n<\/tr>\n<tr>\n<td><span style=\"vertical-align: inherit;\"><span style=\"vertical-align: inherit;\">Asistencia personalizada\uff1a<\/span><\/span><\/td>\n<td><span style=\"vertical-align: inherit;\"><span style=\"vertical-align: inherit;\">OEM, ODM, OBM<\/span><\/span><\/td>\n<td><span style=\"vertical-align: inherit;\"><span style=\"vertical-align: inherit;\">Comunicaci\u00f3n digital\uff1a<\/span><\/span><\/td>\n<td><span style=\"vertical-align: inherit;\"><span style=\"vertical-align: inherit;\">RS-485, compatible con el protocolo est\u00e1ndar Mudbugs-RTU; GPRS<\/span><\/span><\/td>\n<\/tr>\n<tr>\n<td><span style=\"vertical-align: inherit;\"><span style=\"vertical-align: inherit;\">Marca\uff1a<\/span><\/span><\/td>\n<td><span style=\"vertical-align: inherit;\"><span style=\"vertical-align: inherit;\">GRUPO SUYI<\/span><\/span><\/td>\n<td><span style=\"vertical-align: inherit;\"><span style=\"vertical-align: inherit;\">Presi\u00f3n nominal\uff1a<\/span><\/span><\/td>\n<td><span style=\"vertical-align: inherit;\"><span style=\"vertical-align: inherit;\">1MPa (DN15-DN800), 1,6MPa(DN15-DN800), 2,5MPa(DN15-DN600)<\/span><\/span><\/td>\n<\/tr>\n<tr>\n<td><span style=\"vertical-align: inherit;\"><span style=\"vertical-align: inherit;\">N\u00famero de modelo\uff1a<\/span><\/span><\/td>\n<td><span style=\"vertical-align: inherit;\"><span style=\"vertical-align: inherit;\">otros<\/span><\/span><\/td>\n<td><span style=\"vertical-align: inherit;\"><span style=\"vertical-align: inherit;\">Sensor\uff1a<\/span><\/span><\/td>\n<td><span style=\"vertical-align: inherit;\"><span style=\"vertical-align: inherit;\">0\u2103- +80\u2103 o -25\u2103- +120\u2103 o +70\u2103- +250\u2103<\/span><\/span><\/td>\n<\/tr>\n<tr>\n<td><span style=\"vertical-align: inherit;\"><span style=\"vertical-align: inherit;\">Nombre del producto\uff1a<\/span><\/span><\/td>\n<td><span style=\"vertical-align: inherit;\"><span style=\"vertical-align: inherit;\">Medidor de caudal de agua qu\u00edmico digital inteligente electromagn\u00e9tico<\/span><\/span><\/td>\n<td><span style=\"vertical-align: inherit;\"><span style=\"vertical-align: inherit;\">Detalles del embalaje\uff1a<\/span><\/span><\/td>\n<td><span style=\"vertical-align: inherit;\"><span style=\"vertical-align: inherit;\">1 Juego por paquete o seg\u00fan pedido del cliente<\/span><\/span><\/td>\n<\/tr>\n<tr>\n<td><span style=\"vertical-align: inherit;\"><span style=\"vertical-align: inherit;\">Di\u00e1metro nominal\uff1a<\/span><\/span><\/td>\n<td><span style=\"vertical-align: inherit;\"><span style=\"vertical-align: inherit;\">3-3168mm<\/span><\/span><\/td>\n<td><span style=\"vertical-align: inherit;\"><span style=\"vertical-align: inherit;\">Capacidad de suministro\uff1a<\/span><\/span><\/td>\n<td><span style=\"vertical-align: inherit;\"><span style=\"vertical-align: inherit;\">2464 Set\/Sets per Month<\/span><\/span><\/td>\n<\/tr>\n<tr>\n<td><span style=\"vertical-align: inherit;\"><span style=\"vertical-align: inherit;\">rango de velocidad\uff1a<\/span><\/span><\/td>\n<td><span style=\"vertical-align: inherit;\"><span style=\"vertical-align: inherit;\">0-14 m\/s<\/span><\/span><\/td>\n<td><span style=\"vertical-align: inherit;\"><span style=\"vertical-align: inherit;\">Cantidad (juegos)\uff1a<\/span><\/span><\/td>\n<td><span style=\"vertical-align: inherit;\"><span style=\"vertical-align: inherit;\">&gt; 30<\/span><\/span><\/td>\n<\/tr>\n<tr>\n<td><span style=\"vertical-align: inherit;\"><span style=\"vertical-align: inherit;\">Grado de precisi\u00f3n\uff1a<\/span><\/span><\/td>\n<td><span style=\"vertical-align: inherit;\"><span style=\"vertical-align: inherit;\">\u00b10,5%R, \u00b11%R ( &lt; DN20)<\/span><\/span><\/td>\n<td><span style=\"vertical-align: inherit;\"><span style=\"vertical-align: inherit;\">Plazo de entrega (d\u00edas)\uff1a<\/span><\/span><\/td>\n<td><span style=\"vertical-align: inherit;\"><span style=\"vertical-align: inherit;\">A negociar<\/span><\/span><\/td>\n<\/tr>\n<\/tbody>\n<\/table>\n<p>&nbsp;<\/p>\n<p>&nbsp;<\/p>\n<p style=\"text-align: center;\"><img title=\"caudal\u00edmetro calibrado\" src=\"https:\/\/www.hginstrument.com\/wp-content\/uploads\/2021\/07\/in-line-pipeline-type-hgd-electromagnetic-flow-meter.jpg\" \/><\/p>\n<p>&nbsp;<\/p>\n<p>&nbsp;<\/p>\n<p style=\"text-align: center;\"><img title=\"caudal\u00edmetro calibrado\" src=\"https:\/\/www.hginstrument.com\/wp-content\/uploads\/2021\/07\/insertion-01.jpg\" \/><\/p>\n<p>&nbsp;<\/p>\n<p>&nbsp;<\/p>\n<p style=\"text-align: center;\"><img title=\"caudal\u00edmetro calibrado\" src=\"https:\/\/www.hginstrument.com\/wp-content\/uploads\/2021\/07\/sanitary-mag-1.jpg\" \/><\/p>\n<p><strong>calibrated flow meter FAQs Guide.<\/strong><\/p>\n<p>At the heart of our calibrated flow meter series lies a commitment to excellence, blending advanced sensor technology with user-friendly interfaces. From liquid to gas, our meters deliver unparalleled accuracy, empowering you to make informed decisions and streamline operations. As we usher in a new era of fluid measurement, we invite you to explore the limitless possibilities that our calibrated flow meters unlock \u2013 where precision meets performance, and innovation flows seamlessly.<\/p>\n<div style=\"border: 3px solid #f89900; margin: 20px 0; padding: 20px;\"><a href=\"\/es\/calibrated-flow-meter\/#01\">1.What is the difference between calibrated flow meter SUYI group vs calibrated flow meter Yokogawa vs calibrated flow meter ABB<\/a><br \/>\n<a href=\"\/es\/calibrated-flow-meter\/#02\">2.About calibrated flow meter payment method<\/a><br \/>\n<a href=\"\/es\/calibrated-flow-meter\/#03\">3.Are calibrated flow meter measurement results traceable?<\/a><br \/>\n<a href=\"\/es\/calibrated-flow-meter\/#04\">4.What is the weight and dimensions of the calibrated flow meter?<\/a><br \/>\n<a href=\"\/es\/calibrated-flow-meter\/#05\">5.How does the calibrated flow meter connect with other devices and transmit data?<\/a><br \/>\n<a href=\"\/es\/calibrated-flow-meter\/#06\">6.How does the calibrated flow meter detect the properties of the target fluid?<\/a><br \/>\n<a href=\"\/es\/calibrated-flow-meter\/#07\">7.About calibrated flow meter raw material procurement system<\/a><br \/>\n<a href=\"\/es\/calibrated-flow-meter\/#08\">8.What industries is calibrated flow meter suitable for?<\/a><br \/>\n<a href=\"\/es\/calibrated-flow-meter\/#09\">9.What is the difference between calibrated flow meter SUYI group vs calibrated flow meter Schneider Electric vs calibrated flow meter Badger Meter<\/a><br \/>\n<a href=\"\/es\/calibrated-flow-meter\/#010\">10.About calibrated flow meter inventory<\/a><br \/>\n<a href=\"\/es\/calibrated-flow-meter\/#11\">11.What is the function of calibrated flow meter?<\/a><br \/>\n<a href=\"\/es\/calibrated-flow-meter\/#12\">12.About the development history of calibrated flow meter factory<\/a><br \/>\n<a href=\"\/es\/calibrated-flow-meter\/#13\">13.Does the calibrated flow meter have remote control capabilities?<\/a><br \/>\n<a href=\"\/es\/calibrated-flow-meter\/#14\">14.About calibrated flow meter customization services<\/a><\/div>\n<div id=\"01\">\n<p><strong>1.What is the difference between calibrated flow meter SUYI group vs calibrated flow meter Yokogawa vs calibrated flow meter ABB<\/strong><\/p>\n<p>Los caudal\u00edmetros de SUYI Group, Yokogawa y ABB miden el caudal de un fluido, pero difieren en t\u00e9rminos de precisi\u00f3n, caracter\u00edsticas y coste. Los caudal\u00edmetros de SUYI Group suelen ser m\u00e1s asequibles que los de Yokogawa y ABB, pero es posible que no tengan tantas funciones ni una precisi\u00f3n tan alta. Los medidores de flujo de Yokogawa son conocidos por su precisi\u00f3n y confiabilidad, pero tienden a ser m\u00e1s caros que los de SUYI Group y ABB. Los caudal\u00edmetros ABB son conocidos por su robustez y durabilidad, pero tambi\u00e9n son m\u00e1s caros que las otras dos marcas.<\/p>\n<\/div>\n<div id=\"02\">\n<p><strong>2.About calibrated flow meter payment method<\/strong><\/p>\n<p>El pago con caudal\u00edmetro es un m\u00e9todo de pago que utiliza un caudal\u00edmetro para medir la cantidad de energ\u00eda utilizada por un cliente. El cliente paga por la energ\u00eda utilizada en funci\u00f3n de la cantidad de energ\u00eda medida por el caudal\u00edmetro. Este m\u00e9todo de pago se utiliza a menudo en entornos comerciales e industriales, donde el consumo de energ\u00eda es elevado y debe controlarse con precisi\u00f3n. El pago con caudal\u00edmetro tambi\u00e9n se utiliza en algunos entornos residenciales, donde los clientes pueden pagar por su consumo de energ\u00eda en funci\u00f3n de la cantidad de energ\u00eda que utilizan.<\/p>\n<p><img style=\"max-width: 100%;\" title=\"About calibrated flow meter payment method\" src=\"https:\/\/www.hginstrument.com\/wp-content\/uploads\/2021\/07\/hgcmf-c1-1.jpg\" alt=\"About calibrated flow meter payment method\" \/><\/p>\n<\/div>\n<div id=\"03\">\n<p><strong>3.Are calibrated flow meter measurement results traceable?<\/strong><\/p>\n<p>Our company has many years of calibrated flow meter experience and expertise.<br \/>\nS\u00ed, los resultados de las mediciones de los caudal\u00edmetros pueden ser trazables. La trazabilidad es la capacidad de rastrear el historial, la aplicaci\u00f3n o la ubicaci\u00f3n de un elemento mediante una identificaci\u00f3n registrada y documentada. Los caudal\u00edmetros suelen calibrarse utilizando un patr\u00f3n trazable, como un patr\u00f3n de calibraci\u00f3n trazable al NIST. Esto garantiza que los resultados de las mediciones del caudal\u00edmetro son trazables a un patr\u00f3n conocido.<\/p>\n<\/div>\n<div id=\"04\">\n<p><strong>4.What is the weight and dimensions of the calibrated flow meter?<\/strong><\/p>\n<p>Nuestros productos y servicios cubren una amplia gama de \u00e1mbitos y satisfacen las necesidades de diferentes campos.<br \/>\nEl peso y las dimensiones del caudal\u00edmetro dependen del modelo espec\u00edfico y del fabricante. Por lo general, el tama\u00f1o de los caudal\u00edmetros oscila entre peque\u00f1os dispositivos manuales y grandes unidades industriales. El peso de un caudal\u00edmetro puede oscilar entre unas pocas onzas y varios cientos de libras.<\/p>\n<p><img style=\"max-width: 100%;\" title=\"What is the weight and dimensions of the calibrated flow meter?\" src=\"https:\/\/www.hginstrument.com\/wp-content\/uploads\/2021\/07\/hgrs-1.jpg\" alt=\"What is the weight and dimensions of the calibrated flow meter?\" \/><\/p>\n<\/div>\n<div id=\"05\">\n<p><strong>5.How does the calibrated flow meter connect with other devices and transmit data?<\/strong><\/p>\n<p>calibrated flow meter is not a product only, but also can help you comes to money-making.<br \/>\nLos caudal\u00edmetros pueden conectarse con otros dispositivos y transmitir datos a trav\u00e9s de diversos m\u00e9todos, como conexiones por cable, conexiones inal\u00e1mbricas y protocolos de comunicaci\u00f3n serie. Las conexiones por cable pueden incluir RS-232, RS-485 y USB. Las conexiones inal\u00e1mbricas pueden incluir Bluetooth, Wi-Fi y redes celulares. Los protocolos de comunicaci\u00f3n serie pueden incluir Modbus, HART y Profibus.<\/p>\n<\/div>\n<div id=\"06\">\n<p><strong>6.How does the calibrated flow meter detect the properties of the target fluid?<\/strong><\/p>\n<p>As one of the calibrated flow meter market leaders, we are known for innovation and reliability.<br \/>\nLos caudal\u00edmetros miden el caudal de un fluido detectando su velocidad. Esto se hace normalmente midiendo la ca\u00edda de presi\u00f3n a trav\u00e9s de una restricci\u00f3n conocida en la trayectoria del flujo, o midiendo la velocidad del fluido utilizando una variedad de tecnolog\u00edas como ultrasonidos, magn\u00e9tica o t\u00e9rmica. El caudal puede utilizarse entonces para calcular las propiedades del fluido, como la densidad, la viscosidad y el caudal volum\u00e9trico.<\/p>\n<p><img style=\"max-width: 100%;\" title=\"How does the calibrated flow meter detect the properties of the target fluid?\" src=\"https:\/\/www.hginstrument.com\/wp-content\/uploads\/2021\/07\/mdp310-fc3-3.jpg\" alt=\"How does the calibrated flow meter detect the properties of the target fluid?\" \/><\/p>\n<\/div>\n<div id=\"07\">\n<p><strong>7.About calibrated flow meter raw material procurement system<\/strong><\/p>\n<p>Un sistema de adquisici\u00f3n de materias primas para caudal\u00edmetros es una soluci\u00f3n de software dise\u00f1ada para agilizar el proceso de compra de materias primas para la producci\u00f3n de caudal\u00edmetros. El sistema permite a los usuarios buscar y comprar de forma r\u00e1pida y sencilla los componentes necesarios para la producci\u00f3n de caudal\u00edmetros. Tambi\u00e9n proporciona informaci\u00f3n detallada sobre los componentes, incluidos precios, disponibilidad y plazos de entrega. El sistema tambi\u00e9n permite a los usuarios hacer un seguimiento de sus pedidos y gestionar su inventario. Esto ayuda a garantizar que los componentes adecuados est\u00e9n siempre disponibles cuando se necesiten.<\/p>\n<\/div>\n<div id=\"08\">\n<p><strong>8.What industries is calibrated flow meter suitable for?<\/strong><\/p>\n<p>Mantenemos una cierta inversi\u00f3n en I+D cada a\u00f1o y mejoramos continuamente la eficiencia operativa para ofrecer mejores servicios a nuestros clientes cooperativos.<br \/>\nLos caudal\u00edmetros son adecuados para una amplia gama de industrias, como las del petr\u00f3leo y el gas, el agua y las aguas residuales, el procesamiento qu\u00edmico, la alimentaci\u00f3n y las bebidas, la industria farmac\u00e9utica, la generaci\u00f3n de energ\u00eda y la calefacci\u00f3n, ventilaci\u00f3n y aire acondicionado.<\/p>\n<p><img style=\"max-width: 100%;\" title=\"What industries is calibrated flow meter suitable for?\" src=\"https:\/\/www.hginstrument.com\/wp-content\/uploads\/2021\/07\/oval-gear-4.jpg\" alt=\"What industries is calibrated flow meter suitable for?\" \/><\/p>\n<\/div>\n<div id=\"09\">\n<p><strong>9.What is the difference between calibrated flow meter SUYI group vs calibrated flow meter Schneider Electric vs calibrated flow meter Badger Meter<\/strong><\/p>\n<p>Los caudal\u00edmetros del Grupo SUYI se utilizan normalmente para aplicaciones industriales, como la medici\u00f3n del caudal de l\u00edquidos, gases y vapor. Est\u00e1n dise\u00f1ados para ser fiables y precisos, y est\u00e1n disponibles en una gran variedad de tama\u00f1os y materiales.<\/p>\n<p>Los caudal\u00edmetros de Schneider Electric est\u00e1n dise\u00f1ados para aplicaciones industriales y comerciales, y est\u00e1n disponibles en diversos tama\u00f1os y materiales. Est\u00e1n dise\u00f1ados para ser fiables y precisos, y son adecuados para una amplia gama de aplicaciones.<\/p>\n<p>Los caudal\u00edmetros de Badger Meter est\u00e1n dise\u00f1ados para aplicaciones industriales y comerciales, y est\u00e1n disponibles en diversos tama\u00f1os y materiales. Est\u00e1n dise\u00f1ados para ser fiables y precisos, y son adecuados para una amplia gama de aplicaciones. Tambi\u00e9n ofrecen una variedad de caracter\u00edsticas, como la monitorizaci\u00f3n remota y el registro de datos.<\/p>\n<\/div>\n<div id=\"010\">\n<p><strong>10.About calibrated flow meter inventory<\/strong><\/p>\n<p>El inventario de caudal\u00edmetros es un sistema utilizado para seguir y gestionar los caudal\u00edmetros utilizados en aplicaciones industriales y comerciales. Se utiliza para supervisar el rendimiento de los caudal\u00edmetros, as\u00ed como para garantizar su correcto mantenimiento y calibraci\u00f3n. El sistema de inventario tambi\u00e9n puede utilizarse para hacer un seguimiento del coste de los caudal\u00edmetros, as\u00ed como para identificar cualquier problema o incidencia potencial con los mismos.<\/p>\n<p><img style=\"max-width: 100%;\" title=\"About calibrated flow meter inventory\" src=\"https:\/\/www.hginstrument.com\/wp-content\/uploads\/2021\/07\/hls-2000h-m2.jpg\" alt=\"About calibrated flow meter inventory\" \/><\/p>\n<\/div>\n<div id=\"11\">\n<p><strong>11.What is the function of calibrated flow meter?<\/strong><\/p>\n<p>Our company has many years of calibrated flow meter experience and expertise.<br \/>\nUn caudal\u00edmetro es un dispositivo utilizado para medir el caudal o la cantidad de gas o l\u00edquido que circula por una tuber\u00eda. Se utiliza para medir el caudal de un l\u00edquido o gas en un conducto cerrado. Los caudal\u00edmetros se utilizan en diversos sectores, como el tratamiento de aguas y aguas residuales, el petr\u00f3leo y el gas, y el procesamiento qu\u00edmico.<\/p>\n<\/div>\n<div id=\"12\">\n<p><strong>12.About the development history of calibrated flow meter factory<\/strong><\/p>\n<p>La f\u00e1brica de caudal\u00edmetros se cre\u00f3 a principios de la d\u00e9cada de 1990. Fue fundada por un grupo de ingenieros y t\u00e9cnicos con amplia experiencia en el dise\u00f1o y la fabricaci\u00f3n de caudal\u00edmetros. La empresa se centr\u00f3 inicialmente en la producci\u00f3n de caudal\u00edmetros mec\u00e1nicos, pero pronto ampli\u00f3 su gama de productos para incluir caudal\u00edmetros electr\u00f3nicos. A lo largo de los a\u00f1os, la empresa ha desarrollado una amplia gama de caudal\u00edmetros para diversas aplicaciones, incluidas las industriales, comerciales y residenciales. La empresa tambi\u00e9n ha desarrollado una gama de soluciones de software y hardware para la medici\u00f3n y el control del caudal. En la actualidad, la empresa es uno de los principales fabricantes de caudal\u00edmetros y productos relacionados, y est\u00e1 reconocida como l\u00edder del sector.<\/p>\n<p><img style=\"max-width: 100%;\" title=\"About the development history of calibrated flow meter factory\" src=\"https:\/\/www.hginstrument.com\/wp-content\/uploads\/2021\/07\/hgdu600-p-1.jpg\" alt=\"About the development history of calibrated flow meter factory\" \/><\/p>\n<\/div>\n<div id=\"13\">\n<p><strong>13.Does the calibrated flow meter have remote control capabilities?<\/strong><\/p>\n<p>Nos centramos en las necesidades de nuestros clientes y nos esforzamos por satisfacer sus expectativas, por lo que nos lo tomamos muy en serio.<br \/>\nDepende del modelo concreto de caudal\u00edmetro. Algunos modelos pueden tener capacidad de control remoto, mientras que otros no.<\/p>\n<\/div>\n<div id=\"14\">\n<p><strong>14.About calibrated flow meter customization services<\/strong><\/p>\n<p>Los servicios de personalizaci\u00f3n de caudal\u00edmetros est\u00e1n dise\u00f1ados para ofrecer a los clientes una soluci\u00f3n a medida para sus necesidades espec\u00edficas de medici\u00f3n de caudal. Estos servicios pueden incluir la personalizaci\u00f3n del caudal\u00edmetro para adaptarlo a una aplicaci\u00f3n concreta, como un tama\u00f1o de tuber\u00eda o un caudal espec\u00edficos, o para cumplir un determinado requisito de precisi\u00f3n. Los servicios de personalizaci\u00f3n tambi\u00e9n pueden incluir la modificaci\u00f3n del caudal\u00edmetro para incluir funciones adicionales, como una pantalla o capacidades de registro de datos. Los servicios de personalizaci\u00f3n de caudal\u00edmetros tambi\u00e9n pueden incluir la instalaci\u00f3n del caudal\u00edmetro, as\u00ed como la prestaci\u00f3n de asistencia t\u00e9cnica y mantenimiento.<\/p>\n<p><img style=\"max-width: 100%;\" title=\"About calibrated flow meter customization services\" src=\"https:\/\/www.hginstrument.com\/wp-content\/uploads\/2021\/07\/hgtf-6.jpg\" alt=\"About calibrated flow meter customization services\" \/><\/p>\n<\/div>\n<p>&nbsp;<\/p>\n<p>Etiqueta\uff1a<a href=\"\/es\/magnetic-flow-meter\/totalizing-flow-meter\/\">caudal\u00edmetro totalizador<\/a>,<a href=\"\/es\/magnetic-flow-meter\/electromagnetic-flow-meter-manufacturers\/\">fabricantes de caudal\u00edmetros electromagn\u00e9ticos<\/a>,<a href=\"\/es\/magnetic-flow-meter\/inline-propane-flow-meter\/\">caudal\u00edmetro de propano en l\u00ednea<\/a>,<a href=\"\/es\/magnetic-flow-meter\/tig-gas-flow-meter\/\">caudal\u00edmetro tig gas<\/a>,<a href=\"\/es\/magnetic-flow-meter\/1.5-water-flow-meter\/\">1.5 water flow meter<\/a><\/p>\n<p>&nbsp;<\/p>","protected":false},"excerpt":{"rendered":"<p><strong>Datos t\u00e9cnicos<\/strong><br \/>\nPuede servir para fluidos l\u00edquidos o gaseosos, normalmente se utiliza para medir el caudal de vapor, aire y gas natural.<br \/>\nTama\u00f1o del contador: Tipo en l\u00ednea: DN25 - DN300<br \/>\nOpci\u00f3n de material mojado: SS304, SS316<br \/>\nTemperatura de funcionamiento: \u2264250\u2103<br \/>\nConexi\u00f3n a proceso: Wafer \/ Brida \/ Tri-clamp para tipo en l\u00ednea<br \/>\nPrecisi\u00f3n de medici\u00f3n: 1,0 % - 1,5% del intervalo de calibraci\u00f3n<br \/>\nIndicador digital: muestra el caudal instant\u00e1neo y el caudal total<br \/>\nAlimentaci\u00f3n: 24VDC, Salida: 4-20mA<\/p>\n<p><strong>caracter\u00edsticas<\/strong><br \/>\n1.Puntos de consigna ON\/OFF ajustables<br \/>\n2.Modo de alarma de caudal alto o bajo<br \/>\n3.Tiempo de retardo ajustable<br \/>\n4.LED de estado del rel\u00e9<\/p>","protected":false},"featured_media":3691,"comment_status":"closed","ping_status":"closed","template":"","meta":[],"product_cat":[2372],"product_tag":[],"acf":[],"_links":{"self":[{"href":"https:\/\/www.hginstrument.com\/es\/wp-json\/wp\/v2\/product\/5012"}],"collection":[{"href":"https:\/\/www.hginstrument.com\/es\/wp-json\/wp\/v2\/product"}],"about":[{"href":"https:\/\/www.hginstrument.com\/es\/wp-json\/wp\/v2\/types\/product"}],"replies":[{"embeddable":true,"href":"https:\/\/www.hginstrument.com\/es\/wp-json\/wp\/v2\/comments?post=5012"}],"wp:featuredmedia":[{"embeddable":true,"href":"https:\/\/www.hginstrument.com\/es\/wp-json\/wp\/v2\/media\/3691"}],"wp:attachment":[{"href":"https:\/\/www.hginstrument.com\/es\/wp-json\/wp\/v2\/media?parent=5012"}],"wp:term":[{"taxonomy":"product_cat","embeddable":true,"href":"https:\/\/www.hginstrument.com\/es\/wp-json\/wp\/v2\/product_cat?post=5012"},{"taxonomy":"product_tag","embeddable":true,"href":"https:\/\/www.hginstrument.com\/es\/wp-json\/wp\/v2\/product_tag?post=5012"}],"curies":[{"name":"wp","href":"https:\/\/api.w.org\/{rel}","templated":true}]}}