{"id":5098,"date":"2023-12-23T18:02:59","date_gmt":"2023-12-23T10:02:59","guid":{"rendered":"https:\/\/www.hginstrument.com\/?post_type=product&#038;p=5098"},"modified":"2024-01-08T15:41:39","modified_gmt":"2024-01-08T07:41:39","slug":"digital-flow-meter-for-hydraulic-oil","status":"publish","type":"product","link":"https:\/\/www.hginstrument.com\/es\/magnetic-flow-meter\/digital-flow-meter-for-hydraulic-oil\/","title":{"rendered":"caudal\u00edmetro digital para aceite hidr\u00e1ulico"},"content":{"rendered":"<p>Gracias a su elevado rango de caudal y su capacidad de lectura precisa, el caudal\u00edmetro digital para aceite hidr\u00e1ulico es la opci\u00f3n ideal para industrias como la del petr\u00f3leo y el gas, el tratamiento de aguas y el procesamiento qu\u00edmico. Actualice su proceso de medici\u00f3n de l\u00edquidos con el caudal\u00edmetro digital para aceite hidr\u00e1ulico y experimente un rendimiento y valor incomparables. Conf\u00ede en el caudal\u00edmetro digital para aceite hidr\u00e1ulico para obtener siempre las mediciones de caudal m\u00e1s precisas y eficaces.<\/p>\n<p>Los caudal\u00edmetros digitales para aceites hidr\u00e1ulicos son dispositivos esenciales para medir el caudal y el volumen de l\u00edquidos, gases y vapor en diversos procesos industriales. Se utilizan ampliamente en industrias como la del petr\u00f3leo y el gas, la del tratamiento de aguas y aguas residuales, la qu\u00edmica y la farmac\u00e9utica para supervisar y controlar el flujo de fluidos.<\/p>\n<table class=\"table table-bordered\">\n<tbody>\n<tr>\n<td><span style=\"vertical-align: inherit;\"><span style=\"vertical-align: inherit;\">Tipo\uff1a<\/span><\/span><\/td>\n<td><span style=\"vertical-align: inherit;\">caudal\u00edmetro digital para aceite hidr\u00e1ulico<\/span><\/td>\n<td><span style=\"vertical-align: inherit;\"><span style=\"vertical-align: inherit;\">Se\u00f1al de salida\uff1a<\/span><\/span><\/td>\n<td><span style=\"vertical-align: inherit;\"><span style=\"vertical-align: inherit;\">4-20 mA, Pulso\/Frecuencia 2kHz(Predeterminado), 5KHz(Max)<\/span><\/span><\/td>\n<\/tr>\n<tr>\n<td><span style=\"vertical-align: inherit;\"><span style=\"vertical-align: inherit;\">Lugar de origen\uff1a<\/span><\/span><\/td>\n<td><span style=\"vertical-align: inherit;\"><span style=\"vertical-align: inherit;\">Jiangsu, China<\/span><\/span><\/td>\n<td><span style=\"vertical-align: inherit;\"><span style=\"vertical-align: inherit;\">Incorporar tipo\uff1a<\/span><\/span><\/td>\n<td><span style=\"vertical-align: inherit;\"><span style=\"vertical-align: inherit;\">-10\u2103- +54\u2103<\/span><\/span><\/td>\n<\/tr>\n<tr>\n<td><span style=\"vertical-align: inherit;\"><span style=\"vertical-align: inherit;\">Garant\u00eda\uff1a<\/span><\/span><\/td>\n<td><span style=\"vertical-align: inherit;\"><span style=\"vertical-align: inherit;\">26 meses<\/span><\/span><\/td>\n<td><span style=\"vertical-align: inherit;\"><span style=\"vertical-align: inherit;\">Tensi\u00f3n de alimentaci\u00f3n\uff1a<\/span><\/span><\/td>\n<td><span style=\"vertical-align: inherit;\"><span style=\"vertical-align: inherit;\">110\/220VAC (100-240VAC), 50Hz\/60Hz; 24VDC\u00b110%<\/span><\/span><\/td>\n<\/tr>\n<tr>\n<td><span style=\"vertical-align: inherit;\"><span style=\"vertical-align: inherit;\">Asistencia personalizada\uff1a<\/span><\/span><\/td>\n<td><span style=\"vertical-align: inherit;\"><span style=\"vertical-align: inherit;\">OEM, ODM, OBM<\/span><\/span><\/td>\n<td><span style=\"vertical-align: inherit;\"><span style=\"vertical-align: inherit;\">Comunicaci\u00f3n digital\uff1a<\/span><\/span><\/td>\n<td><span style=\"vertical-align: inherit;\"><span style=\"vertical-align: inherit;\">RS-485, compatible con el protocolo est\u00e1ndar Mudbugs-RTU; GPRS<\/span><\/span><\/td>\n<\/tr>\n<tr>\n<td><span style=\"vertical-align: inherit;\"><span style=\"vertical-align: inherit;\">Marca\uff1a<\/span><\/span><\/td>\n<td><span style=\"vertical-align: inherit;\"><span style=\"vertical-align: inherit;\">GRUPO SUYI<\/span><\/span><\/td>\n<td><span style=\"vertical-align: inherit;\"><span style=\"vertical-align: inherit;\">Presi\u00f3n nominal\uff1a<\/span><\/span><\/td>\n<td><span style=\"vertical-align: inherit;\"><span style=\"vertical-align: inherit;\">1MPa (DN15-DN800), 1,6MPa(DN15-DN800), 2,5MPa(DN15-DN600)<\/span><\/span><\/td>\n<\/tr>\n<tr>\n<td><span style=\"vertical-align: inherit;\"><span style=\"vertical-align: inherit;\">N\u00famero de modelo\uff1a<\/span><\/span><\/td>\n<td><span style=\"vertical-align: inherit;\"><span style=\"vertical-align: inherit;\">otros<\/span><\/span><\/td>\n<td><span style=\"vertical-align: inherit;\"><span style=\"vertical-align: inherit;\">Sensor\uff1a<\/span><\/span><\/td>\n<td><span style=\"vertical-align: inherit;\"><span style=\"vertical-align: inherit;\">0\u2103- +80\u2103 o -25\u2103- +120\u2103 o +70\u2103- +250\u2103<\/span><\/span><\/td>\n<\/tr>\n<tr>\n<td><span style=\"vertical-align: inherit;\"><span style=\"vertical-align: inherit;\">Nombre del producto\uff1a<\/span><\/span><\/td>\n<td><span style=\"vertical-align: inherit;\"><span style=\"vertical-align: inherit;\">Medidor de caudal de agua qu\u00edmico digital inteligente electromagn\u00e9tico<\/span><\/span><\/td>\n<td><span style=\"vertical-align: inherit;\"><span style=\"vertical-align: inherit;\">Detalles del embalaje\uff1a<\/span><\/span><\/td>\n<td><span style=\"vertical-align: inherit;\"><span style=\"vertical-align: inherit;\">1 Juego por paquete o seg\u00fan pedido del cliente<\/span><\/span><\/td>\n<\/tr>\n<tr>\n<td><span style=\"vertical-align: inherit;\"><span style=\"vertical-align: inherit;\">Di\u00e1metro nominal\uff1a<\/span><\/span><\/td>\n<td><span style=\"vertical-align: inherit;\"><span style=\"vertical-align: inherit;\">3-3134 mm<\/span><\/span><\/td>\n<td><span style=\"vertical-align: inherit;\"><span style=\"vertical-align: inherit;\">Capacidad de suministro\uff1a<\/span><\/span><\/td>\n<td><span style=\"vertical-align: inherit;\"><span style=\"vertical-align: inherit;\">2271 juegos\/conjuntos al mes<\/span><\/span><\/td>\n<\/tr>\n<tr>\n<td><span style=\"vertical-align: inherit;\"><span style=\"vertical-align: inherit;\">rango de velocidad\uff1a<\/span><\/span><\/td>\n<td><span style=\"vertical-align: inherit;\"><span style=\"vertical-align: inherit;\">0-15 m\/s<\/span><\/span><\/td>\n<td><span style=\"vertical-align: inherit;\"><span style=\"vertical-align: inherit;\">Cantidad (juegos)\uff1a<\/span><\/span><\/td>\n<td><span style=\"vertical-align: inherit;\"><span style=\"vertical-align: inherit;\">&gt; 30<\/span><\/span><\/td>\n<\/tr>\n<tr>\n<td><span style=\"vertical-align: inherit;\"><span style=\"vertical-align: inherit;\">Grado de precisi\u00f3n\uff1a<\/span><\/span><\/td>\n<td><span style=\"vertical-align: inherit;\"><span style=\"vertical-align: inherit;\">\u00b10,5%R, \u00b11%R ( &lt; DN20)<\/span><\/span><\/td>\n<td><span style=\"vertical-align: inherit;\"><span style=\"vertical-align: inherit;\">Plazo de entrega (d\u00edas)\uff1a<\/span><\/span><\/td>\n<td><span style=\"vertical-align: inherit;\"><span style=\"vertical-align: inherit;\">A negociar<\/span><\/span><\/td>\n<\/tr>\n<\/tbody>\n<\/table>\n<p>&nbsp;<\/p>\n<p>&nbsp;<\/p>\n<p style=\"text-align: center;\"><img title=\"caudal\u00edmetro digital para aceite hidr\u00e1ulico\" src=\"https:\/\/www.hginstrument.com\/wp-content\/uploads\/2021\/07\/in-line-pipeline-type-hgd-electromagnetic-flow-meter.jpg\" \/><\/p>\n<p>&nbsp;<\/p>\n<p>&nbsp;<\/p>\n<p style=\"text-align: center;\"><img title=\"caudal\u00edmetro digital para aceite hidr\u00e1ulico\" src=\"https:\/\/www.hginstrument.com\/wp-content\/uploads\/2021\/07\/insertion-01.jpg\" \/><\/p>\n<p>&nbsp;<\/p>\n<p>&nbsp;<\/p>\n<p style=\"text-align: center;\"><img title=\"caudal\u00edmetro digital para aceite hidr\u00e1ulico\" src=\"https:\/\/www.hginstrument.com\/wp-content\/uploads\/2021\/07\/sanitary-mag-1.jpg\" \/><\/p>\n<p><strong>caudal\u00edmetro digital para aceite hidr\u00e1ulico Gu\u00eda de preguntas frecuentes.<\/strong><\/p>\n<p>En el coraz\u00f3n de nuestra serie de caudal\u00edmetros digitales para aceite hidr\u00e1ulico se encuentra un compromiso con la excelencia, que combina una avanzada tecnolog\u00eda de sensores con interfaces f\u00e1ciles de usar. Desde l\u00edquidos hasta gases, nuestros medidores ofrecen una precisi\u00f3n inigualable, lo que le permite tomar decisiones informadas y agilizar las operaciones. A medida que iniciamos una nueva era en la medici\u00f3n de fluidos, le invitamos a explorar las posibilidades ilimitadas que le ofrece nuestro caudal\u00edmetro digital para aceites hidr\u00e1ulicos, donde la precisi\u00f3n se une al rendimiento y la innovaci\u00f3n fluye a la perfecci\u00f3n.<\/p>\n<div style=\"border: 3px solid #f89900; margin: 20px 0; padding: 20px;\"><a href=\"\/es\/digital-flow-meter-for-hydraulic-oil\/#01\">1.Acerca de la escala del medidor de flujo digital para la f\u00e1brica de aceite hidr\u00e1ulico<\/a><br \/>\n<a href=\"\/es\/digital-flow-meter-for-hydraulic-oil\/#02\">2.\u00bfEs reemplazable la unidad de medici\u00f3n del caudal\u00edmetro digital para aceite hidr\u00e1ulico?<\/a><br \/>\n<a href=\"\/es\/digital-flow-meter-for-hydraulic-oil\/#03\">3.Acerca del caudal\u00edmetro digital para aceite hidr\u00e1ulico m\u00e9todo de pago<\/a><br \/>\n<a href=\"\/es\/digital-flow-meter-for-hydraulic-oil\/#04\">4.\u00bfCu\u00e1l es la funci\u00f3n del caudal\u00edmetro digital para aceite hidr\u00e1ulico?<\/a><br \/>\n<a href=\"\/es\/digital-flow-meter-for-hydraulic-oil\/#05\">5.\u00bfPueden emitirse y registrarse a distancia los resultados de medici\u00f3n del caudal\u00edmetro digital para aceite hidr\u00e1ulico?<\/a><br \/>\n<a href=\"\/es\/digital-flow-meter-for-hydraulic-oil\/#06\">6.\u00bfCu\u00e1l es el peso y las dimensiones del caudal\u00edmetro digital para aceite hidr\u00e1ulico?<\/a><br \/>\n<a href=\"\/es\/digital-flow-meter-for-hydraulic-oil\/#07\">7.\u00bfTiene el caudal\u00edmetro digital para aceite hidr\u00e1ulico capacidad de control remoto?<\/a><br \/>\n<a href=\"\/es\/digital-flow-meter-for-hydraulic-oil\/#08\">8.Sobre la historia del desarrollo del caudal\u00edmetro digital para f\u00e1bricas de aceite hidr\u00e1ulico<\/a><br \/>\n<a href=\"\/es\/digital-flow-meter-for-hydraulic-oil\/#09\">9.Acerca del caudal\u00edmetro digital para la tecnolog\u00eda del aceite hidr\u00e1ulico<\/a><br \/>\n<a href=\"\/es\/digital-flow-meter-for-hydraulic-oil\/#010\">10.Sobre la historia del desarrollo del caudal\u00edmetro digital para la f\u00e1brica de aceite hidr\u00e1ulico<\/a><br \/>\n<a href=\"\/es\/digital-flow-meter-for-hydraulic-oil\/#11\">11.About medidor de flujo digital para la capacidad de producci\u00f3n de aceite hidr\u00e1ulico<\/a><br \/>\n<a href=\"\/es\/digital-flow-meter-for-hydraulic-oil\/#12\">12.Acerca del caudal\u00edmetro digital para la formaci\u00f3n de habilidades de producci\u00f3n de aceite hidr\u00e1ulico<\/a><br \/>\n<a href=\"\/es\/digital-flow-meter-for-hydraulic-oil\/#13\">13.Acerca del caudal\u00edmetro digital para aceite hidr\u00e1ulico Capacidades de I+D<\/a><br \/>\n<a href=\"\/es\/digital-flow-meter-for-hydraulic-oil\/#14\">14.\u00bfCu\u00e1l es el rango de temperatura de funcionamiento del caudal\u00edmetro digital para aceite hidr\u00e1ulico?<\/a><br \/>\n<a href=\"\/es\/digital-flow-meter-for-hydraulic-oil\/#15\">15.Acerca del caudal\u00edmetro digital para equipos de producci\u00f3n de aceite hidr\u00e1ulico<\/a><\/div>\n<div id=\"01\">\n<p><strong>1.Acerca de la escala del medidor de flujo digital para la f\u00e1brica de aceite hidr\u00e1ulico<\/strong><\/p>\n<p>Las f\u00e1bricas de caudal\u00edmetros var\u00edan en tama\u00f1o y alcance, dependiendo del tipo de caudal\u00edmetros que produzcan. Algunas f\u00e1bricas pueden especializarse en la producci\u00f3n de un solo tipo de caudal\u00edmetro, mientras que otras pueden producir una variedad de tipos diferentes. Algunas f\u00e1bricas pueden ser grandes, con cientos de empleados, mientras que otras pueden ser peque\u00f1as, con s\u00f3lo unos pocos empleados. El tama\u00f1o de la f\u00e1brica tambi\u00e9n depender\u00e1 del tipo de caudal\u00edmetros que produzca, as\u00ed como de la demanda de los mismos.<\/p>\n<\/div>\n<div id=\"02\">\n<p><strong>2.\u00bfEs reemplazable la unidad de medici\u00f3n del caudal\u00edmetro digital para aceite hidr\u00e1ulico?<\/strong><\/p>\n<p>Como uno de los principales fabricantes de medidores de flujo digital para aceite hidr\u00e1ulico en China, tomamos esto muy en serio.<br \/>\nS\u00ed, la unidad de medida de un caudal\u00edmetro es sustituible.<\/p>\n<\/div>\n<div id=\"03\">\n<p><strong>3.Acerca del caudal\u00edmetro digital para aceite hidr\u00e1ulico m\u00e9todo de pago<\/strong><\/p>\n<p>El pago con caudal\u00edmetro es un m\u00e9todo de pago que utiliza un caudal\u00edmetro para medir la cantidad de energ\u00eda utilizada por un cliente. El cliente paga por la energ\u00eda utilizada en funci\u00f3n de la cantidad de energ\u00eda medida por el caudal\u00edmetro. Este m\u00e9todo de pago se utiliza a menudo en entornos comerciales e industriales, donde el consumo de energ\u00eda es elevado y debe controlarse con precisi\u00f3n. El pago con caudal\u00edmetro tambi\u00e9n se utiliza en algunos entornos residenciales, donde los clientes pueden pagar por su consumo de energ\u00eda en funci\u00f3n de la cantidad de energ\u00eda que utilizan.<\/p>\n<\/div>\n<div id=\"04\">\n<p><strong>4.\u00bfCu\u00e1l es la funci\u00f3n del caudal\u00edmetro digital para aceite hidr\u00e1ulico?<\/strong><\/p>\n<p>Nuestra empresa cuenta con muchos a\u00f1os de experiencia y conocimientos en medidores digitales de flujo para aceite hidr\u00e1ulico.<br \/>\nUn caudal\u00edmetro es un dispositivo utilizado para medir el caudal o la cantidad de gas o l\u00edquido que circula por una tuber\u00eda. Se utiliza para medir el caudal de un l\u00edquido o gas en un conducto cerrado. Los caudal\u00edmetros se utilizan en diversos sectores, como el tratamiento de aguas y aguas residuales, el petr\u00f3leo y el gas, y el procesamiento qu\u00edmico.<\/p>\n<\/div>\n<div id=\"05\">\n<p><strong>5.\u00bfPueden emitirse y registrarse a distancia los resultados de medici\u00f3n del caudal\u00edmetro digital para aceite hidr\u00e1ulico?<\/strong><\/p>\n<p>S\u00ed, muchos caudal\u00edmetros est\u00e1n equipados con salida remota y capacidad de registro. Esto permite a los usuarios supervisar y registrar datos de caudal desde una ubicaci\u00f3n remota.<\/p>\n<p><img style=\"max-width: 100%;\" title=\"\u00bfPueden emitirse y registrarse a distancia los resultados de medici\u00f3n del caudal\u00edmetro digital para aceite hidr\u00e1ulico?\" src=\"https:\/\/www.hginstrument.com\/wp-content\/uploads\/2021\/07\/hgtf-6.jpg\" alt=\"\u00bfPueden emitirse y registrarse a distancia los resultados de medici\u00f3n del caudal\u00edmetro digital para aceite hidr\u00e1ulico?\" \/><\/p>\n<\/div>\n<div id=\"06\">\n<p><strong>6.\u00bfCu\u00e1l es el peso y las dimensiones del caudal\u00edmetro digital para aceite hidr\u00e1ulico?<\/strong><\/p>\n<p>Nuestros productos y servicios cubren una amplia gama de \u00e1mbitos y satisfacen las necesidades de diferentes campos.<br \/>\nEl peso y las dimensiones del caudal\u00edmetro dependen del modelo espec\u00edfico y del fabricante. Por lo general, el tama\u00f1o de los caudal\u00edmetros oscila entre peque\u00f1os dispositivos manuales y grandes unidades industriales. El peso de un caudal\u00edmetro puede oscilar entre unas pocas onzas y varios cientos de libras.<\/p>\n<\/div>\n<div id=\"07\">\n<p><strong>7.\u00bfTiene el caudal\u00edmetro digital para aceite hidr\u00e1ulico capacidad de control remoto?<\/strong><\/p>\n<p>Nos centramos en las necesidades de nuestros clientes y nos esforzamos por satisfacer sus expectativas, por lo que nos lo tomamos muy en serio.<br \/>\nDepende del modelo concreto de caudal\u00edmetro. Algunos modelos pueden tener capacidad de control remoto, mientras que otros no.<\/p>\n<\/div>\n<div id=\"08\">\n<p><strong>8.Sobre la historia del desarrollo del caudal\u00edmetro digital para f\u00e1bricas de aceite hidr\u00e1ulico<\/strong><\/p>\n<p>La f\u00e1brica de caudal\u00edmetros se cre\u00f3 a principios de la d\u00e9cada de 1990. Fue fundada por un grupo de ingenieros y t\u00e9cnicos con amplia experiencia en el dise\u00f1o y la fabricaci\u00f3n de caudal\u00edmetros. La empresa se centr\u00f3 inicialmente en la producci\u00f3n de caudal\u00edmetros mec\u00e1nicos, pero pronto ampli\u00f3 su gama de productos para incluir caudal\u00edmetros electr\u00f3nicos. A lo largo de los a\u00f1os, la empresa ha desarrollado una amplia gama de caudal\u00edmetros para diversas aplicaciones, incluidas las industriales, comerciales y residenciales. La empresa tambi\u00e9n ha desarrollado una gama de soluciones de software y hardware para la medici\u00f3n y el control del caudal. En la actualidad, la empresa es uno de los principales fabricantes de caudal\u00edmetros y productos relacionados, y est\u00e1 reconocida como l\u00edder del sector.<\/p>\n<\/div>\n<div id=\"09\">\n<p><strong>9.Acerca del caudal\u00edmetro digital para la tecnolog\u00eda del aceite hidr\u00e1ulico<\/strong><\/p>\n<p>La tecnolog\u00eda de caudal\u00edmetros es un tipo de tecnolog\u00eda de medici\u00f3n utilizada para medir el caudal de un fluido o gas. Se utiliza en diversas industrias, como las del petr\u00f3leo y el gas, el agua y las aguas residuales, y el procesamiento qu\u00edmico. Los caudal\u00edmetros miden el caudal de un fluido o gas midiendo la presi\u00f3n, la velocidad u otras propiedades f\u00edsicas del fluido o gas. Los caudal\u00edmetros pueden utilizarse para medir el caudal de l\u00edquidos, gases y vapor. Se utilizan para medir el caudal de una gran variedad de fluidos, como agua, aceite y productos qu\u00edmicos. Los caudal\u00edmetros se utilizan en diversas aplicaciones, como el control de procesos, la gesti\u00f3n de la energ\u00eda y la supervisi\u00f3n de la seguridad.<\/p>\n<\/div>\n<div id=\"010\">\n<p><strong>10.Sobre la historia del desarrollo del caudal\u00edmetro digital para la f\u00e1brica de aceite hidr\u00e1ulico<\/strong><\/p>\n<p>La f\u00e1brica de caudal\u00edmetros se cre\u00f3 a principios de la d\u00e9cada de 1990. Fue fundada por un grupo de ingenieros y t\u00e9cnicos con amplia experiencia en el dise\u00f1o y la fabricaci\u00f3n de caudal\u00edmetros. La empresa se centr\u00f3 inicialmente en la producci\u00f3n de caudal\u00edmetros mec\u00e1nicos, pero pronto ampli\u00f3 su gama de productos para incluir caudal\u00edmetros electr\u00f3nicos. A lo largo de los a\u00f1os, la empresa ha desarrollado una amplia gama de caudal\u00edmetros para diversas aplicaciones, incluidas las industriales, comerciales y residenciales. La empresa tambi\u00e9n ha desarrollado una gama de soluciones de software y hardware para la medici\u00f3n y el control del caudal. En la actualidad, la empresa es uno de los principales fabricantes de caudal\u00edmetros y productos relacionados, y est\u00e1 reconocida como l\u00edder del sector.<\/p>\n<p><img style=\"max-width: 100%;\" title=\"Historia del desarrollo del caudal\u00edmetro digital para f\u00e1bricas de aceite hidr\u00e1ulico\" src=\"https:\/\/www.hginstrument.com\/wp-content\/uploads\/2021\/07\/hls-2000p-z1.jpg\" alt=\"Historia del desarrollo del caudal\u00edmetro digital para f\u00e1bricas de aceite hidr\u00e1ulico\" \/><\/p>\n<\/div>\n<div id=\"11\">\n<p><strong>11.About medidor de flujo digital para la capacidad de producci\u00f3n de aceite hidr\u00e1ulico<\/strong><\/p>\n<p>La capacidad de producci\u00f3n de caudal\u00edmetros depende del tipo de caudal\u00edmetro que se fabrique. Por lo general, la capacidad de producci\u00f3n viene determinada por el tama\u00f1o de la instalaci\u00f3n de producci\u00f3n, el n\u00famero de m\u00e1quinas y personal disponible y el tipo de caudal\u00edmetro que se fabrica. Por ejemplo, una planta de producci\u00f3n especializada en la fabricaci\u00f3n de caudal\u00edmetros de turbina puede tener una capacidad de producci\u00f3n mayor que una planta de producci\u00f3n de caudal\u00edmetros ultras\u00f3nicos. Adem\u00e1s, la capacidad de producci\u00f3n de una instalaci\u00f3n puede verse afectada por la complejidad del caudal\u00edmetro fabricado, as\u00ed como por la disponibilidad de materias primas y componentes.<\/p>\n<\/div>\n<div id=\"12\">\n<p><strong>12.Acerca del caudal\u00edmetro digital para la formaci\u00f3n de habilidades de producci\u00f3n de aceite hidr\u00e1ulico<\/strong><\/p>\n<p>La formaci\u00f3n en t\u00e9cnicas de producci\u00f3n de caudal\u00edmetros est\u00e1 dise\u00f1ada para ense\u00f1ar a t\u00e9cnicos e ingenieros los conocimientos necesarios para producir y mantener caudal\u00edmetros. La formaci\u00f3n abarca temas como los principios de la medici\u00f3n de caudal, los tipos de caudal\u00edmetros disponibles, la instalaci\u00f3n y el mantenimiento de los caudal\u00edmetros y las t\u00e9cnicas de resoluci\u00f3n de problemas. La formaci\u00f3n tambi\u00e9n abarca el uso de programas inform\u00e1ticos para analizar e interpretar los datos de caudal. La formaci\u00f3n suele impartirse en un aula y puede incluir actividades pr\u00e1cticas.<\/p>\n<\/div>\n<div id=\"13\">\n<p><strong>13.Acerca del caudal\u00edmetro digital para aceite hidr\u00e1ulico Capacidades de I+D<\/strong><\/p>\n<p>Las capacidades de I+D en caudal\u00edmetros se refieren a la capacidad de una empresa u organizaci\u00f3n para investigar, desarrollar y fabricar caudal\u00edmetros. Esto incluye la capacidad de dise\u00f1ar, probar y fabricar caudal\u00edmetros que cumplan los requisitos del cliente y las normas del sector. Tambi\u00e9n incluye la capacidad de desarrollar nuevas tecnolog\u00edas y productos para satisfacer las necesidades cambiantes de la industria. Las empresas con una s\u00f3lida capacidad de I+D pueden adelantarse a la competencia y ofrecer a sus clientes los caudal\u00edmetros m\u00e1s avanzados y fiables.<\/p>\n<\/div>\n<div id=\"14\">\n<p><strong>14.\u00bfCu\u00e1l es el rango de temperatura de funcionamiento del caudal\u00edmetro digital para aceite hidr\u00e1ulico?<\/strong><\/p>\n<p>Hemos establecido una buena reputaci\u00f3n y asociaciones confiables dentro de la industria del medidor de flujo digital para aceite hidr\u00e1ulico.<br \/>\nEl intervalo de temperatura de funcionamiento del caudal\u00edmetro es de -40\u00b0C a 60\u00b0C (-40\u00b0F a 140\u00b0F).<\/p>\n<\/div>\n<div id=\"15\">\n<p><strong>15.Acerca del caudal\u00edmetro digital para equipos de producci\u00f3n de aceite hidr\u00e1ulico<\/strong><\/p>\n<p>El equipo de producci\u00f3n de caudal\u00edmetros se utiliza para fabricar caudal\u00edmetros, que son dispositivos utilizados para medir la velocidad de flujo de un l\u00edquido o gas. Este equipo suele incluir diversas m\u00e1quinas y herramientas, como tornos, fresadoras, taladradoras y m\u00e1quinas CNC. Tambi\u00e9n incluye herramientas especializadas para ensamblar y probar caudal\u00edmetros. El equipo utilizado para producir caudal\u00edmetros es altamente especializado y debe ser capaz de producir resultados precisos y fiables.<\/p>\n<p><img style=\"max-width: 100%;\" title=\"Acerca del caudal\u00edmetro digital para equipos de producci\u00f3n de aceite hidr\u00e1ulico\" src=\"https:\/\/www.hginstrument.com\/wp-content\/uploads\/2021\/07\/wall-mount-1f.jpg\" alt=\"Acerca del caudal\u00edmetro digital para equipos de producci\u00f3n de aceite hidr\u00e1ulico\" \/><\/p>\n<\/div>\n<p>&nbsp;<\/p>\n<p>Etiqueta\uff1a<a href=\"\/es\/magnetic-flow-meter\/sierra-instruments-flow-meter\/\">caudal\u00edmetro sierra instruments<\/a>,<a href=\"\/es\/magnetic-flow-meter\/gravity-flow-meter\/\">caudal\u00edmetro de gravedad<\/a>,<a href=\"\/es\/magnetic-flow-meter\/hydracheck-flow-meter\/\">caudal\u00edmetro hydracheck<\/a><\/p>\n<p>&nbsp;<\/p>","protected":false},"excerpt":{"rendered":"<p><strong>Datos t\u00e9cnicos<\/strong><br \/>\nPuede servir para fluidos l\u00edquidos o gaseosos, normalmente se utiliza para medir el caudal de vapor, aire y gas natural.<br \/>\nTama\u00f1o del contador: Tipo en l\u00ednea: DN25 - DN300<br \/>\nOpci\u00f3n de material mojado: SS304, SS316<br \/>\nTemperatura de funcionamiento: \u2264250\u2103<br \/>\nConexi\u00f3n a proceso: Wafer \/ Brida \/ Tri-clamp para tipo en l\u00ednea<br \/>\nPrecisi\u00f3n de medici\u00f3n: 1,0 % - 1,5% del intervalo de calibraci\u00f3n<br \/>\nIndicador digital: muestra el caudal instant\u00e1neo y el caudal total<br \/>\nAlimentaci\u00f3n: 24VDC, Salida: 4-20mA<\/p>\n<p><strong>caracter\u00edsticas<\/strong><br \/>\n1.Puntos de consigna ON\/OFF ajustables<br \/>\n2.Modo de alarma de caudal alto o bajo<br \/>\n3.Tiempo de retardo ajustable<br \/>\n4.LED de estado del rel\u00e9<\/p>","protected":false},"featured_media":3691,"comment_status":"closed","ping_status":"closed","template":"","meta":[],"product_cat":[2372],"product_tag":[],"acf":[],"_links":{"self":[{"href":"https:\/\/www.hginstrument.com\/es\/wp-json\/wp\/v2\/product\/5098"}],"collection":[{"href":"https:\/\/www.hginstrument.com\/es\/wp-json\/wp\/v2\/product"}],"about":[{"href":"https:\/\/www.hginstrument.com\/es\/wp-json\/wp\/v2\/types\/product"}],"replies":[{"embeddable":true,"href":"https:\/\/www.hginstrument.com\/es\/wp-json\/wp\/v2\/comments?post=5098"}],"wp:featuredmedia":[{"embeddable":true,"href":"https:\/\/www.hginstrument.com\/es\/wp-json\/wp\/v2\/media\/3691"}],"wp:attachment":[{"href":"https:\/\/www.hginstrument.com\/es\/wp-json\/wp\/v2\/media?parent=5098"}],"wp:term":[{"taxonomy":"product_cat","embeddable":true,"href":"https:\/\/www.hginstrument.com\/es\/wp-json\/wp\/v2\/product_cat?post=5098"},{"taxonomy":"product_tag","embeddable":true,"href":"https:\/\/www.hginstrument.com\/es\/wp-json\/wp\/v2\/product_tag?post=5098"}],"curies":[{"name":"wp","href":"https:\/\/api.w.org\/{rel}","templated":true}]}}