{"id":5198,"date":"2023-12-23T21:37:12","date_gmt":"2023-12-23T13:37:12","guid":{"rendered":"https:\/\/www.hginstrument.com\/?post_type=product&#038;p=5198"},"modified":"2024-01-09T10:49:51","modified_gmt":"2024-01-09T02:49:51","slug":"fire-hose-flow-meter","status":"publish","type":"product","link":"https:\/\/www.hginstrument.com\/es\/magnetic-flow-meter\/fire-hose-flow-meter\/","title":{"rendered":"caudal\u00edmetro para mangueras contra incendios"},"content":{"rendered":"<p>El caudal\u00edmetro para mangueras contra incendios es un dispositivo de medici\u00f3n de caudal muy avanzado y personalizable, dise\u00f1ado para una amplia gama de aplicaciones industriales y comerciales. Este dispositivo utiliza tecnolog\u00eda de vanguardia, incluidos sensores de precisi\u00f3n y algoritmos avanzados, para medir y supervisar con precisi\u00f3n los caudales de diversos l\u00edquidos y gases.<\/p>\n<p>Una de las principales caracter\u00edsticas del caudal\u00edmetro para mangueras contra incendios es su gran precisi\u00f3n, con un margen de error inferior a 1%. Esto lo hace ideal para mediciones precisas y procesos cr\u00edticos. Adem\u00e1s, el dispositivo tiene un amplio rango de medici\u00f3n y puede manejar tanto caudales bajos como altos, lo que lo hace adecuado para una gran variedad de necesidades industriales.<\/p>\n<p>La instalaci\u00f3n y el mantenimiento del caudal\u00edmetro para mangueras contra incendios son r\u00e1pidos y sencillos, gracias a su dise\u00f1o simple y su interfaz intuitiva. Con su rendimiento fiable y su precio rentable, el caudal\u00edmetro para mangueras contra incendios es una herramienta esencial para cualquier aplicaci\u00f3n de medici\u00f3n de fluidos. Es la opci\u00f3n preferida y de confianza de clientes de todo el mundo y cuenta con un historial probado de precisi\u00f3n en la medici\u00f3n de fluidos.<\/p>\n<table class=\"table table-bordered\">\n<tbody>\n<tr>\n<td><span style=\"vertical-align: inherit;\"><span style=\"vertical-align: inherit;\">Tipo\uff1a<\/span><\/span><\/td>\n<td><span style=\"vertical-align: inherit;\">caudal\u00edmetro para mangueras contra incendios<\/span><\/td>\n<td><span style=\"vertical-align: inherit;\"><span style=\"vertical-align: inherit;\">Se\u00f1al de salida\uff1a<\/span><\/span><\/td>\n<td><span style=\"vertical-align: inherit;\"><span style=\"vertical-align: inherit;\">4-14mA, Pulso\/Frecuencia 2kHz(Predeterminado), 5KHz(Max)<\/span><\/span><\/td>\n<\/tr>\n<tr>\n<td><span style=\"vertical-align: inherit;\"><span style=\"vertical-align: inherit;\">Lugar de origen\uff1a<\/span><\/span><\/td>\n<td><span style=\"vertical-align: inherit;\"><span style=\"vertical-align: inherit;\">Jiangsu\uff0cChina<\/span><\/span><\/td>\n<td><span style=\"vertical-align: inherit;\"><span style=\"vertical-align: inherit;\">Incorporar tipo\uff1a<\/span><\/span><\/td>\n<td><span style=\"vertical-align: inherit;\"><span style=\"vertical-align: inherit;\">-10\u2103- +55\u2103<\/span><\/span><\/td>\n<\/tr>\n<tr>\n<td><span style=\"vertical-align: inherit;\"><span style=\"vertical-align: inherit;\">Garant\u00eda\uff1a<\/span><\/span><\/td>\n<td><span style=\"vertical-align: inherit;\"><span style=\"vertical-align: inherit;\">21 meses<\/span><\/span><\/td>\n<td><span style=\"vertical-align: inherit;\"><span style=\"vertical-align: inherit;\">Tensi\u00f3n de alimentaci\u00f3n\uff1a<\/span><\/span><\/td>\n<td><span style=\"vertical-align: inherit;\"><span style=\"vertical-align: inherit;\">110\/220VAC (100-240VAC), 50Hz\/60Hz; 24VDC\u00b110%<\/span><\/span><\/td>\n<\/tr>\n<tr>\n<td><span style=\"vertical-align: inherit;\"><span style=\"vertical-align: inherit;\">Asistencia personalizada\uff1a<\/span><\/span><\/td>\n<td><span style=\"vertical-align: inherit;\"><span style=\"vertical-align: inherit;\">OEM, ODM, OBM<\/span><\/span><\/td>\n<td><span style=\"vertical-align: inherit;\"><span style=\"vertical-align: inherit;\">Comunicaci\u00f3n digital\uff1a<\/span><\/span><\/td>\n<td><span style=\"vertical-align: inherit;\"><span style=\"vertical-align: inherit;\">RS-485, compatible con el protocolo est\u00e1ndar Mudbugs-RTU; GPRS<\/span><\/span><\/td>\n<\/tr>\n<tr>\n<td><span style=\"vertical-align: inherit;\"><span style=\"vertical-align: inherit;\">Marca\uff1a<\/span><\/span><\/td>\n<td><span style=\"vertical-align: inherit;\"><span style=\"vertical-align: inherit;\">GRUPO SUYI<\/span><\/span><\/td>\n<td><span style=\"vertical-align: inherit;\"><span style=\"vertical-align: inherit;\">Presi\u00f3n nominal\uff1a<\/span><\/span><\/td>\n<td><span style=\"vertical-align: inherit;\"><span style=\"vertical-align: inherit;\">1MPa (DN15-DN800), 1,6MPa(DN15-DN800), 2,5MPa(DN15-DN600)<\/span><\/span><\/td>\n<\/tr>\n<tr>\n<td><span style=\"vertical-align: inherit;\"><span style=\"vertical-align: inherit;\">N\u00famero de modelo\uff1a<\/span><\/span><\/td>\n<td><span style=\"vertical-align: inherit;\"><span style=\"vertical-align: inherit;\">otros<\/span><\/span><\/td>\n<td><span style=\"vertical-align: inherit;\"><span style=\"vertical-align: inherit;\">Sensor\uff1a<\/span><\/span><\/td>\n<td><span style=\"vertical-align: inherit;\"><span style=\"vertical-align: inherit;\">0\u2103- +80\u2103 o -25\u2103- +120\u2103 o +70\u2103- +250\u2103<\/span><\/span><\/td>\n<\/tr>\n<tr>\n<td><span style=\"vertical-align: inherit;\"><span style=\"vertical-align: inherit;\">Nombre del producto\uff1a<\/span><\/span><\/td>\n<td><span style=\"vertical-align: inherit;\"><span style=\"vertical-align: inherit;\">Medidor de caudal de agua qu\u00edmico digital inteligente electromagn\u00e9tico<\/span><\/span><\/td>\n<td><span style=\"vertical-align: inherit;\"><span style=\"vertical-align: inherit;\">Detalles del embalaje\uff1a<\/span><\/span><\/td>\n<td><span style=\"vertical-align: inherit;\"><span style=\"vertical-align: inherit;\">1 Juego por paquete o seg\u00fan pedido del cliente<\/span><\/span><\/td>\n<\/tr>\n<tr>\n<td><span style=\"vertical-align: inherit;\"><span style=\"vertical-align: inherit;\">Di\u00e1metro nominal\uff1a<\/span><\/span><\/td>\n<td><span style=\"vertical-align: inherit;\"><span style=\"vertical-align: inherit;\">3-3198 mm<\/span><\/span><\/td>\n<td><span style=\"vertical-align: inherit;\"><span style=\"vertical-align: inherit;\">Capacidad de suministro\uff1a<\/span><\/span><\/td>\n<td><span style=\"vertical-align: inherit;\"><span style=\"vertical-align: inherit;\">1824 juegos\/juegos al mes<\/span><\/span><\/td>\n<\/tr>\n<tr>\n<td><span style=\"vertical-align: inherit;\"><span style=\"vertical-align: inherit;\">rango de velocidad\uff1a<\/span><\/span><\/td>\n<td><span style=\"vertical-align: inherit;\"><span style=\"vertical-align: inherit;\">0-12 m\/s<\/span><\/span><\/td>\n<td><span style=\"vertical-align: inherit;\"><span style=\"vertical-align: inherit;\">Cantidad (juegos)\uff1a<\/span><\/span><\/td>\n<td><span style=\"vertical-align: inherit;\"><span style=\"vertical-align: inherit;\">&gt; 30<\/span><\/span><\/td>\n<\/tr>\n<tr>\n<td><span style=\"vertical-align: inherit;\"><span style=\"vertical-align: inherit;\">Grado de precisi\u00f3n\uff1a<\/span><\/span><\/td>\n<td><span style=\"vertical-align: inherit;\"><span style=\"vertical-align: inherit;\">\u00b10,5%R, \u00b11%R ( &lt; DN20)<\/span><\/span><\/td>\n<td><span style=\"vertical-align: inherit;\"><span style=\"vertical-align: inherit;\">Plazo de entrega (d\u00edas)\uff1a<\/span><\/span><\/td>\n<td><span style=\"vertical-align: inherit;\"><span style=\"vertical-align: inherit;\">A negociar<\/span><\/span><\/td>\n<\/tr>\n<\/tbody>\n<\/table>\n<p>&nbsp;<\/p>\n<p>&nbsp;<\/p>\n<p style=\"text-align: center;\"><img title=\"caudal\u00edmetro para mangueras contra incendios\" src=\"https:\/\/www.hginstrument.com\/wp-content\/uploads\/2021\/07\/in-line-pipeline-type-hgd-electromagnetic-flow-meter.jpg\" \/><\/p>\n<p>&nbsp;<\/p>\n<p>&nbsp;<\/p>\n<p style=\"text-align: center;\"><img title=\"caudal\u00edmetro para mangueras contra incendios\" src=\"https:\/\/www.hginstrument.com\/wp-content\/uploads\/2021\/07\/insertion-01.jpg\" \/><\/p>\n<p>&nbsp;<\/p>\n<p>&nbsp;<\/p>\n<p style=\"text-align: center;\"><img title=\"caudal\u00edmetro para mangueras contra incendios\" src=\"https:\/\/www.hginstrument.com\/wp-content\/uploads\/2021\/07\/sanitary-mag-1.jpg\" \/><\/p>\n<p><strong>Gu\u00eda de preguntas frecuentes sobre caudal\u00edmetros para mangueras contra incendios.<\/strong><\/p>\n<p>En el coraz\u00f3n de nuestra serie de caudal\u00edmetros para mangueras contra incendios se encuentra un compromiso con la excelencia, que combina una avanzada tecnolog\u00eda de sensores con interfaces f\u00e1ciles de usar. Desde l\u00edquidos hasta gases, nuestros medidores ofrecen una precisi\u00f3n inigualable, lo que le permite tomar decisiones informadas y agilizar las operaciones. A medida que iniciamos una nueva era en la medici\u00f3n de fluidos, le invitamos a explorar las posibilidades ilimitadas que abren nuestros caudal\u00edmetros para mangueras contra incendios, donde la precisi\u00f3n se une al rendimiento y la innovaci\u00f3n fluye sin interrupciones.<\/p>\n<div style=\"border: 3px solid #f89900; margin: 20px 0; padding: 20px;\"><a href=\"\/es\/fire-hose-flow-meter\/#01\">1.\u00bfDispone el caudal\u00edmetro de la manguera de incendios de una funci\u00f3n de limpieza autom\u00e1tica?<\/a><br \/>\n<a href=\"\/es\/fire-hose-flow-meter\/#02\">2.Acerca del sistema de calidad del caudal\u00edmetro de la manguera contra incendios<\/a><br \/>\n<a href=\"\/es\/fire-hose-flow-meter\/#03\">3.\u00bfTiene el caudal\u00edmetro de la manguera de incendios capacidad de control remoto?<\/a><br \/>\n<a href=\"\/es\/fire-hose-flow-meter\/#04\">4.Acerca de la tecnolog\u00eda de caudal\u00edmetros para mangueras contra incendios<\/a><br \/>\n<a href=\"\/es\/fire-hose-flow-meter\/#05\">5.\u00bfDispone el caudal\u00edmetro de la manguera de incendios de una funci\u00f3n que impida su uso indebido?<\/a><br \/>\n<a href=\"\/es\/fire-hose-flow-meter\/#06\">6.\u00bfCu\u00e1l es la clasificaci\u00f3n a prueba de explosiones del caudal\u00edmetro de manguera contra incendios?<\/a><br \/>\n<a href=\"\/es\/fire-hose-flow-meter\/#07\">7.Acerca del origen del caudal\u00edmetro de la manguera contra incendios<\/a><br \/>\n<a href=\"\/es\/fire-hose-flow-meter\/#08\">8.Acerca del m\u00e9todo de pago del caudal\u00edmetro para mangueras contra incendios<\/a><br \/>\n<a href=\"\/es\/fire-hose-flow-meter\/#09\">9.Acerca de la garant\u00eda del caudal\u00edmetro de la manguera contra incendios<\/a><br \/>\n<a href=\"\/es\/fire-hose-flow-meter\/#010\">10.\u00bfDispone el caudal\u00edmetro de manguera de incendios de funci\u00f3n de control en tiempo real?<\/a><br \/>\n<a href=\"\/es\/fire-hose-flow-meter\/#11\">11.\u00bfCu\u00e1l es la diferencia entre el caudal\u00edmetro para mangueras contra incendios SUYI group y el caudal\u00edmetro para mangueras contra incendios Yokogawa y el caudal\u00edmetro para mangueras contra incendios ABB?<\/a><br \/>\n<a href=\"\/es\/fire-hose-flow-meter\/#12\">12.\u00bfCu\u00e1les son los m\u00e9todos de mantenimiento del caudal\u00edmetro para mangueras contra incendios?<\/a><br \/>\n<a href=\"\/es\/fire-hose-flow-meter\/#13\">13.Acerca del inventario de caudal\u00edmetros de mangueras contra incendios<\/a><br \/>\n<a href=\"\/es\/fire-hose-flow-meter\/#14\">14.\u00bfPara qu\u00e9 fluidos se utilizan principalmente los caudal\u00edmetros para mangueras contra incendios?<\/a><br \/>\n<a href=\"\/es\/fire-hose-flow-meter\/#15\">15.\u00bfSe puede equipar el caudal\u00edmetro de la manguera de incendios con sensores de diferente precisi\u00f3n?<\/a><br \/>\n<a href=\"\/es\/fire-hose-flow-meter\/#16\">16.Acerca de la forma de pago del caudal\u00edmetro<\/a><\/div>\n<div id=\"01\">\n<p><strong>1.\u00bfDispone el caudal\u00edmetro de la manguera de incendios de una funci\u00f3n de limpieza autom\u00e1tica?<\/strong><\/p>\n<p>Siendo uno de los principales fabricantes de medidores de flujo de mangueras contra incendios en China, damos gran importancia a este detalle.<br \/>\nNo, la mayor\u00eda de los caudal\u00edmetros no disponen de una funci\u00f3n de limpieza autom\u00e1tica. Sin embargo, algunos modelos pueden tener una funci\u00f3n de autolimpieza que puede activarse manualmente.<\/p>\n<\/div>\n<div id=\"02\">\n<p><strong>2.Acerca del sistema de calidad del caudal\u00edmetro de la manguera contra incendios<\/strong><\/p>\n<p>Un sistema de calidad de caudal\u00edmetros es un conjunto de procesos y procedimientos que se utilizan para garantizar que los caudal\u00edmetros se fabrican y prueban para cumplir los m\u00e1s altos est\u00e1ndares de precisi\u00f3n y fiabilidad. El sistema incluye medidas de control de calidad como la inspecci\u00f3n del material entrante, la inspecci\u00f3n durante el proceso y las pruebas del producto final. Tambi\u00e9n incluye la documentaci\u00f3n y el mantenimiento de registros para garantizar que se siguen todos los procesos y que cualquier problema se aborda con rapidez y eficacia. El sistema est\u00e1 dise\u00f1ado para garantizar que los caudal\u00edmetros producidos sean de la m\u00e1xima calidad y cumplan los requisitos del cliente.<\/p>\n<\/div>\n<div id=\"03\">\n<p><strong>3.\u00bfTiene el caudal\u00edmetro de la manguera de incendios capacidad de control remoto?<\/strong><\/p>\n<p>Nos centramos en las necesidades de nuestros clientes y nos esforzamos por satisfacer sus expectativas, por lo que nos lo tomamos muy en serio.<br \/>\nDepende del modelo concreto de caudal\u00edmetro. Algunos modelos pueden tener capacidad de control remoto, mientras que otros no.<\/p>\n<p><img style=\"max-width: 100%;\" title=\"\u00bfDispone el caudal\u00edmetro de la manguera de control remoto?\" src=\"https:\/\/www.hginstrument.com\/wp-content\/uploads\/2021\/07\/hluc-1.jpg\" alt=\"\u00bfDispone el caudal\u00edmetro de la manguera de control remoto?\" \/><\/p>\n<\/div>\n<div id=\"04\">\n<p><strong>4.Acerca de la tecnolog\u00eda de caudal\u00edmetros para mangueras contra incendios<\/strong><\/p>\n<p>La tecnolog\u00eda de caudal\u00edmetros es un tipo de tecnolog\u00eda de medici\u00f3n utilizada para medir el caudal de un fluido o gas. Se utiliza en diversas industrias, como las del petr\u00f3leo y el gas, el agua y las aguas residuales, y el procesamiento qu\u00edmico. Los caudal\u00edmetros miden el caudal de un fluido o gas midiendo la presi\u00f3n, la velocidad u otras propiedades f\u00edsicas del fluido o gas. Los caudal\u00edmetros pueden utilizarse para medir el caudal de l\u00edquidos, gases y vapor. Se utilizan para medir el caudal de una gran variedad de fluidos, como agua, aceite y productos qu\u00edmicos. Los caudal\u00edmetros se utilizan en diversas aplicaciones, como el control de procesos, la gesti\u00f3n de la energ\u00eda y la supervisi\u00f3n de la seguridad.<\/p>\n<\/div>\n<div id=\"05\">\n<p><strong>5.\u00bfDispone el caudal\u00edmetro de la manguera de incendios de una funci\u00f3n que impida su uso indebido?<\/strong><\/p>\n<p>Como uno de los l\u00edderes del mercado de caudal\u00edmetros para mangueras contra incendios, somos conocidos por nuestra innovaci\u00f3n y fiabilidad.<br \/>\nLa mayor\u00eda de los caudal\u00edmetros no tienen una funci\u00f3n para evitar el uso indebido, pero algunos modelos pueden tener caracter\u00edsticas que pueden ayudar a reducir el riesgo de uso indebido. Por ejemplo, algunos caudal\u00edmetros pueden tener una funci\u00f3n de bloqueo que impide que usuarios no autorizados modifiquen los ajustes o accedan a los datos. Adem\u00e1s, algunos caudal\u00edmetros pueden tener una funci\u00f3n de protecci\u00f3n por contrase\u00f1a que exige que el usuario introduzca una contrase\u00f1a antes de poder acceder a los datos o a los ajustes.<\/p>\n<\/div>\n<div id=\"06\">\n<p><strong>6.\u00bfCu\u00e1l es la clasificaci\u00f3n a prueba de explosiones del caudal\u00edmetro de manguera contra incendios?<\/strong><\/p>\n<p>Nuestros medidores de caudal de mangueras contra incendios se someten a estrictos controles de calidad para garantizar la satisfacci\u00f3n del cliente.<br \/>\nLas clasificaciones a prueba de explosiones de los caudal\u00edmetros var\u00edan en funci\u00f3n del tipo de caudal\u00edmetro y de la aplicaci\u00f3n. Generalmente, los caudal\u00edmetros est\u00e1n clasificados para Clase I, Divisi\u00f3n 1, Grupos C y D, o Clase II, Divisi\u00f3n 1, Grupos E, F y G.<\/p>\n<p><img style=\"max-width: 100%;\" title=\"\u00bfCu\u00e1l es la clasificaci\u00f3n antideflagrante del caudal\u00edmetro para mangueras contra incendios?\" src=\"https:\/\/www.hginstrument.com\/wp-content\/uploads\/2021\/07\/verabar-1.jpg\" alt=\"\u00bfCu\u00e1l es la clasificaci\u00f3n antideflagrante del caudal\u00edmetro para mangueras contra incendios?\" \/><\/p>\n<\/div>\n<div id=\"07\">\n<p><strong>7.Acerca del origen del caudal\u00edmetro de la manguera contra incendios<\/strong><\/p>\n<p>El primer caudal\u00edmetro fue inventado en 1832 por un ingl\u00e9s llamado William Henry. Desarroll\u00f3 un dispositivo que utilizaba un flotador para medir el caudal de agua en una tuber\u00eda. Este dispositivo fue el primero de su clase y el precursor de los caudal\u00edmetros modernos. Desde entonces, los caudal\u00edmetros se han utilizado en diversas industrias para medir el caudal de l\u00edquidos, gases y otros materiales. Hoy en d\u00eda, los caudal\u00edmetros se utilizan en una gran variedad de aplicaciones, desde la medici\u00f3n del caudal de agua en una tuber\u00eda hasta la medici\u00f3n del caudal de petr\u00f3leo en una refiner\u00eda.<\/p>\n<\/div>\n<div id=\"08\">\n<p><strong>8.Acerca del m\u00e9todo de pago del caudal\u00edmetro para mangueras contra incendios<\/strong><\/p>\n<p>El pago con caudal\u00edmetro es un m\u00e9todo de pago que utiliza un caudal\u00edmetro para medir la cantidad de energ\u00eda utilizada por un cliente. El cliente paga por la energ\u00eda utilizada en funci\u00f3n de la cantidad de energ\u00eda medida por el caudal\u00edmetro. Este m\u00e9todo de pago se utiliza a menudo en entornos comerciales e industriales, donde el consumo de energ\u00eda es elevado y debe controlarse con precisi\u00f3n. El pago con caudal\u00edmetro tambi\u00e9n se utiliza en algunos entornos residenciales, donde los clientes pueden pagar por su consumo de energ\u00eda en funci\u00f3n de la cantidad de energ\u00eda que utilizan.<\/p>\n<\/div>\n<div id=\"09\">\n<p><strong>9.Acerca de la garant\u00eda del caudal\u00edmetro de la manguera contra incendios<\/strong><\/p>\n<p>Las garant\u00edas de los caudal\u00edmetros var\u00edan en funci\u00f3n del fabricante y del tipo de caudal\u00edmetro. Por lo general, las garant\u00edas cubren los defectos de materiales y mano de obra, y tambi\u00e9n pueden cubrir ciertos tipos de da\u00f1os causados por el uso normal. Algunas garant\u00edas tambi\u00e9n pueden cubrir los da\u00f1os causados por una instalaci\u00f3n o un uso inadecuados. Es importante leer la informaci\u00f3n sobre la garant\u00eda proporcionada por el fabricante para comprender la cobertura espec\u00edfica y las limitaciones de la garant\u00eda.<\/p>\n<p><img style=\"max-width: 100%;\" title=\"Acerca de la garant\u00eda del caudal\u00edmetro para mangueras contra incendios\" src=\"https:\/\/www.hginstrument.com\/wp-content\/uploads\/2021\/07\/oval-gear-4.jpg\" alt=\"Acerca de la garant\u00eda del caudal\u00edmetro para mangueras contra incendios\" \/><\/p>\n<\/div>\n<div id=\"010\">\n<p><strong>10.\u00bfDispone el caudal\u00edmetro de manguera de incendios de funci\u00f3n de control en tiempo real?<\/strong><\/p>\n<p>S\u00ed, algunos caudal\u00edmetros tienen funciones de supervisi\u00f3n en tiempo real. Estos contadores suelen estar equipados con sensores que miden el caudal y transmiten los datos a un sistema de supervisi\u00f3n. Esto permite controlar en tiempo real el caudal y otros par\u00e1metros.<\/p>\n<\/div>\n<div id=\"11\">\n<p><strong>11.\u00bfCu\u00e1l es la diferencia entre el caudal\u00edmetro para mangueras contra incendios SUYI group y el caudal\u00edmetro para mangueras contra incendios Yokogawa y el caudal\u00edmetro para mangueras contra incendios ABB?<\/strong><\/p>\n<p>Los caudal\u00edmetros de SUYI Group, Yokogawa y ABB miden el caudal de un fluido, pero difieren en t\u00e9rminos de precisi\u00f3n, caracter\u00edsticas y coste. Los caudal\u00edmetros de SUYI Group suelen ser m\u00e1s asequibles que los de Yokogawa y ABB, pero es posible que no tengan tantas funciones ni una precisi\u00f3n tan alta. Los medidores de flujo de Yokogawa son conocidos por su precisi\u00f3n y confiabilidad, pero tienden a ser m\u00e1s caros que los de SUYI Group y ABB. Los caudal\u00edmetros ABB son conocidos por su robustez y durabilidad, pero tambi\u00e9n son m\u00e1s caros que las otras dos marcas.<\/p>\n<\/div>\n<div id=\"12\">\n<p><strong>12.\u00bfCu\u00e1les son los m\u00e9todos de mantenimiento del caudal\u00edmetro para mangueras contra incendios?<\/strong><\/p>\n<p>Nos centramos en la innovaci\u00f3n y la mejora continua para mantener una ventaja competitiva.<br \/>\n1. Compruebe regularmente si el caudal\u00edmetro presenta signos de desgaste o da\u00f1os.<\/p>\n<p>2. Limpie el caudal\u00edmetro con regularidad para garantizar lecturas precisas.<\/p>\n<p>3. Compruebe la precisi\u00f3n del caudal\u00edmetro realizando pruebas de calibraci\u00f3n.<\/p>\n<p>4. Sustituya lo antes posible cualquier pieza desgastada o da\u00f1ada.<\/p>\n<p>5. Aseg\u00farese de que el caudal\u00edmetro est\u00e1 correctamente instalado y conectado al sistema.<\/p>\n<p>6. Compruebe si el caudal\u00edmetro presenta signos de corrosi\u00f3n u obstrucciones.<\/p>\n<p>7. Aseg\u00farese de que el caudal\u00edmetro est\u00e1 correctamente sellado para evitar cualquier fuga.<\/p>\n<p>8. Compruebe peri\u00f3dicamente si el caudal\u00edmetro presenta alg\u00fan signo de vibraci\u00f3n o ruido.<\/p>\n<p>9. Aseg\u00farese de que el caudal\u00edmetro est\u00e1 correctamente calibrado y ajustado.<\/p>\n<p>10. Compruebe peri\u00f3dicamente que el caudal\u00edmetro no presenta signos de fugas u obstrucciones.<\/p>\n<p><img style=\"max-width: 100%;\" title=\"\u00bfCu\u00e1les son los m\u00e9todos de mantenimiento del caudal\u00edmetro para mangueras contra incendios?\" src=\"https:\/\/www.hginstrument.com\/wp-content\/uploads\/2021\/07\/dsrt-1.jpg\" alt=\"\u00bfCu\u00e1les son los m\u00e9todos de mantenimiento del caudal\u00edmetro para mangueras contra incendios?\" \/><\/p>\n<\/div>\n<div id=\"13\">\n<p><strong>13.Acerca del inventario de caudal\u00edmetros de mangueras contra incendios<\/strong><\/p>\n<p>El inventario de caudal\u00edmetros es un sistema utilizado para seguir y gestionar los caudal\u00edmetros utilizados en aplicaciones industriales y comerciales. Se utiliza para supervisar el rendimiento de los caudal\u00edmetros, as\u00ed como para garantizar su correcto mantenimiento y calibraci\u00f3n. El sistema de inventario tambi\u00e9n puede utilizarse para hacer un seguimiento del coste de los caudal\u00edmetros, as\u00ed como para identificar cualquier problema o incidencia potencial con los mismos.<\/p>\n<\/div>\n<div id=\"14\">\n<p><strong>14.\u00bfPara qu\u00e9 fluidos se utilizan principalmente los caudal\u00edmetros para mangueras contra incendios?<\/strong><\/p>\n<p>Nos centramos en el trabajo en equipo y la comunicaci\u00f3n para alcanzar objetivos comunes, damos gran importancia a este detalle.<br \/>\nLos caudal\u00edmetros se utilizan principalmente para medir el caudal de l\u00edquidos, gases y vapor.<\/p>\n<\/div>\n<div id=\"15\">\n<p><strong>15.\u00bfSe puede equipar el caudal\u00edmetro de la manguera de incendios con sensores de diferente precisi\u00f3n?<\/strong><\/p>\n<p>S\u00ed, los caudal\u00edmetros pueden equiparse con sensores de distinta precisi\u00f3n. Existen distintos tipos de caudal\u00edmetros con diferentes niveles de precisi\u00f3n, en funci\u00f3n de la aplicaci\u00f3n. Por ejemplo, los caudal\u00edmetros de turbina suelen ser m\u00e1s precisos que los de rueda de paletas.<\/p>\n<p><img style=\"max-width: 100%;\" title=\"\u00bfSe puede equipar el caudal\u00edmetro de la manguera de incendios con sensores de distinta precisi\u00f3n?\" src=\"https:\/\/www.hginstrument.com\/wp-content\/uploads\/2021\/07\/hgtf-6.jpg\" alt=\"\u00bfSe puede equipar el caudal\u00edmetro de la manguera de incendios con sensores de distinta precisi\u00f3n?\" \/><\/p>\n<\/div>\n<div id=\"16\">\n<p><strong>16.Acerca de la forma de pago del caudal\u00edmetro<\/strong><\/p>\n<p>El pago con caudal\u00edmetro es un m\u00e9todo de pago que utiliza un caudal\u00edmetro para medir la cantidad de energ\u00eda utilizada por un cliente. El cliente paga por la energ\u00eda utilizada en funci\u00f3n de la cantidad de energ\u00eda medida por el caudal\u00edmetro. Este m\u00e9todo de pago se utiliza a menudo en entornos comerciales e industriales, donde el consumo de energ\u00eda es elevado y debe controlarse con precisi\u00f3n. El pago con caudal\u00edmetro tambi\u00e9n se utiliza en algunos entornos residenciales, donde los clientes pueden pagar por su consumo de energ\u00eda en funci\u00f3n de la cantidad de energ\u00eda que utilizan.<\/p>\n<\/div>\n<p>&nbsp;<\/p>\n<p>Etiqueta\uff1a<a href=\"\/es\/magnetic-flow-meter\/flow-meter-oxygen\/\">medidor de flujo de ox\u00edgeno<\/a>,<a href=\"\/es\/magnetic-flow-meter\/keyence-flow-meter\/\">caudal\u00edmetro keyence<\/a>,<a href=\"\/es\/magnetic-flow-meter\/ultrasonic-gpm-flow-meter\/\">caudal\u00edmetro ultras\u00f3nico gpm<\/a><\/p>\n<p>&nbsp;<\/p>","protected":false},"excerpt":{"rendered":"<p><strong>Datos t\u00e9cnicos<\/strong><br \/>\nPuede servir para fluidos l\u00edquidos o gaseosos, normalmente se utiliza para medir el caudal de vapor, aire y gas natural.<br \/>\nTama\u00f1o del contador: Tipo en l\u00ednea: DN25 - DN300<br \/>\nOpci\u00f3n de material mojado: SS304, SS316<br \/>\nTemperatura de funcionamiento: \u2264250\u2103<br \/>\nConexi\u00f3n a proceso: Wafer \/ Brida \/ Tri-clamp para tipo en l\u00ednea<br \/>\nPrecisi\u00f3n de medici\u00f3n: 1,0 % - 1,5% del intervalo de calibraci\u00f3n<br \/>\nIndicador digital: muestra el caudal instant\u00e1neo y el caudal total<br \/>\nAlimentaci\u00f3n: 24VDC, Salida: 4-20mA<\/p>\n<p><strong>caracter\u00edsticas<\/strong><br \/>\n1.Puntos de consigna ON\/OFF ajustables<br \/>\n2.Modo de alarma de caudal alto o bajo<br \/>\n3.Tiempo de retardo ajustable<br \/>\n4.LED de estado del rel\u00e9<\/p>","protected":false},"featured_media":3691,"comment_status":"closed","ping_status":"closed","template":"","meta":[],"product_cat":[2372],"product_tag":[],"acf":[],"_links":{"self":[{"href":"https:\/\/www.hginstrument.com\/es\/wp-json\/wp\/v2\/product\/5198"}],"collection":[{"href":"https:\/\/www.hginstrument.com\/es\/wp-json\/wp\/v2\/product"}],"about":[{"href":"https:\/\/www.hginstrument.com\/es\/wp-json\/wp\/v2\/types\/product"}],"replies":[{"embeddable":true,"href":"https:\/\/www.hginstrument.com\/es\/wp-json\/wp\/v2\/comments?post=5198"}],"wp:featuredmedia":[{"embeddable":true,"href":"https:\/\/www.hginstrument.com\/es\/wp-json\/wp\/v2\/media\/3691"}],"wp:attachment":[{"href":"https:\/\/www.hginstrument.com\/es\/wp-json\/wp\/v2\/media?parent=5198"}],"wp:term":[{"taxonomy":"product_cat","embeddable":true,"href":"https:\/\/www.hginstrument.com\/es\/wp-json\/wp\/v2\/product_cat?post=5198"},{"taxonomy":"product_tag","embeddable":true,"href":"https:\/\/www.hginstrument.com\/es\/wp-json\/wp\/v2\/product_tag?post=5198"}],"curies":[{"name":"wp","href":"https:\/\/api.w.org\/{rel}","templated":true}]}}