{"id":5216,"date":"2023-12-23T22:20:05","date_gmt":"2023-12-23T14:20:05","guid":{"rendered":"https:\/\/www.hginstrument.com\/?post_type=product&#038;p=5216"},"modified":"2024-01-08T14:32:53","modified_gmt":"2024-01-08T06:32:53","slug":"flomec-flow-meter","status":"publish","type":"product","link":"https:\/\/www.hginstrument.com\/es\/magnetic-flow-meter\/flomec-flow-meter\/","title":{"rendered":"caudal\u00edmetro flomec"},"content":{"rendered":"<p>El caudal\u00edmetro flomec es un dispositivo muy fiable y preciso que se utiliza para medir el caudal de l\u00edquidos y gases en diversas aplicaciones industriales y comerciales. Est\u00e1 dise\u00f1ado con tecnolog\u00eda avanzada y componentes de alta calidad, lo que lo hace duradero y resistente a factores externos como cambios de temperatura y presi\u00f3n.<\/p>\n<p>El caudal\u00edmetro flomec es un instrumento de precisi\u00f3n dise\u00f1ado para medir el caudal de l\u00edquido o gas en una tuber\u00eda. Es una herramienta importante en los sectores del petr\u00f3leo y el gas, la qu\u00edmica, los sistemas de distribuci\u00f3n de agua, el tratamiento de aguas y muchos otros.<\/p>\n<p>Con su avanzada tecnolog\u00eda y alta precisi\u00f3n, el caudal\u00edmetro flomec ofrece a los usuarios la posibilidad de supervisar y controlar el caudal de sus procesos con precisi\u00f3n y eficacia. Gracias a su construcci\u00f3n duradera, puede soportar duras condiciones de funcionamiento y ofrecer fiabilidad a largo plazo.<\/p>\n<table class=\"table table-bordered\">\n<tbody>\n<tr>\n<td><span style=\"vertical-align: inherit;\"><span style=\"vertical-align: inherit;\">Tipo\uff1a<\/span><\/span><\/td>\n<td><span style=\"vertical-align: inherit;\">caudal\u00edmetro flomec<\/span><\/td>\n<td><span style=\"vertical-align: inherit;\"><span style=\"vertical-align: inherit;\">Se\u00f1al de salida\uff1a<\/span><\/span><\/td>\n<td><span style=\"vertical-align: inherit;\"><span style=\"vertical-align: inherit;\">4-17mA, Pulso\/Frecuencia 2kHz(Predeterminado), 5KHz(Max)<\/span><\/span><\/td>\n<\/tr>\n<tr>\n<td><span style=\"vertical-align: inherit;\"><span style=\"vertical-align: inherit;\">Lugar de origen\uff1a<\/span><\/span><\/td>\n<td><span style=\"vertical-align: inherit;\"><span style=\"vertical-align: inherit;\">Jiangsu\uff0cChina<\/span><\/span><\/td>\n<td><span style=\"vertical-align: inherit;\"><span style=\"vertical-align: inherit;\">Incorporar tipo\uff1a<\/span><\/span><\/td>\n<td><span style=\"vertical-align: inherit;\"><span style=\"vertical-align: inherit;\">-10\u2103- +58\u2103<\/span><\/span><\/td>\n<\/tr>\n<tr>\n<td><span style=\"vertical-align: inherit;\"><span style=\"vertical-align: inherit;\">Garant\u00eda\uff1a<\/span><\/span><\/td>\n<td><span style=\"vertical-align: inherit;\"><span style=\"vertical-align: inherit;\">13 meses<\/span><\/span><\/td>\n<td><span style=\"vertical-align: inherit;\"><span style=\"vertical-align: inherit;\">Tensi\u00f3n de alimentaci\u00f3n\uff1a<\/span><\/span><\/td>\n<td><span style=\"vertical-align: inherit;\"><span style=\"vertical-align: inherit;\">110\/220VAC (100-240VAC), 50Hz\/60Hz; 24VDC\u00b110%<\/span><\/span><\/td>\n<\/tr>\n<tr>\n<td><span style=\"vertical-align: inherit;\"><span style=\"vertical-align: inherit;\">Asistencia personalizada\uff1a<\/span><\/span><\/td>\n<td><span style=\"vertical-align: inherit;\"><span style=\"vertical-align: inherit;\">OEM, ODM, OBM<\/span><\/span><\/td>\n<td><span style=\"vertical-align: inherit;\"><span style=\"vertical-align: inherit;\">Comunicaci\u00f3n digital\uff1a<\/span><\/span><\/td>\n<td><span style=\"vertical-align: inherit;\"><span style=\"vertical-align: inherit;\">RS-485, compatible con el protocolo est\u00e1ndar Mudbugs-RTU; GPRS<\/span><\/span><\/td>\n<\/tr>\n<tr>\n<td><span style=\"vertical-align: inherit;\"><span style=\"vertical-align: inherit;\">Marca\uff1a<\/span><\/span><\/td>\n<td><span style=\"vertical-align: inherit;\"><span style=\"vertical-align: inherit;\">GRUPO SUYI<\/span><\/span><\/td>\n<td><span style=\"vertical-align: inherit;\"><span style=\"vertical-align: inherit;\">Presi\u00f3n nominal\uff1a<\/span><\/span><\/td>\n<td><span style=\"vertical-align: inherit;\"><span style=\"vertical-align: inherit;\">1MPa (DN15-DN800), 1,6MPa(DN15-DN800), 2,5MPa(DN15-DN600)<\/span><\/span><\/td>\n<\/tr>\n<tr>\n<td><span style=\"vertical-align: inherit;\"><span style=\"vertical-align: inherit;\">N\u00famero de modelo\uff1a<\/span><\/span><\/td>\n<td><span style=\"vertical-align: inherit;\"><span style=\"vertical-align: inherit;\">otros<\/span><\/span><\/td>\n<td><span style=\"vertical-align: inherit;\"><span style=\"vertical-align: inherit;\">Sensor\uff1a<\/span><\/span><\/td>\n<td><span style=\"vertical-align: inherit;\"><span style=\"vertical-align: inherit;\">0\u2103- +80\u2103 o -25\u2103- +120\u2103 o +70\u2103- +250\u2103<\/span><\/span><\/td>\n<\/tr>\n<tr>\n<td><span style=\"vertical-align: inherit;\"><span style=\"vertical-align: inherit;\">Nombre del producto\uff1a<\/span><\/span><\/td>\n<td><span style=\"vertical-align: inherit;\"><span style=\"vertical-align: inherit;\">Medidor de caudal de agua qu\u00edmico digital inteligente electromagn\u00e9tico<\/span><\/span><\/td>\n<td><span style=\"vertical-align: inherit;\"><span style=\"vertical-align: inherit;\">Detalles del embalaje\uff1a<\/span><\/span><\/td>\n<td><span style=\"vertical-align: inherit;\"><span style=\"vertical-align: inherit;\">1 Juego por paquete o seg\u00fan pedido del cliente<\/span><\/span><\/td>\n<\/tr>\n<tr>\n<td><span style=\"vertical-align: inherit;\"><span style=\"vertical-align: inherit;\">Di\u00e1metro nominal\uff1a<\/span><\/span><\/td>\n<td><span style=\"vertical-align: inherit;\"><span style=\"vertical-align: inherit;\">3-2520 mm<\/span><\/span><\/td>\n<td><span style=\"vertical-align: inherit;\"><span style=\"vertical-align: inherit;\">Capacidad de suministro\uff1a<\/span><\/span><\/td>\n<td><span style=\"vertical-align: inherit;\"><span style=\"vertical-align: inherit;\">1871 juegos\/juegos al mes<\/span><\/span><\/td>\n<\/tr>\n<tr>\n<td><span style=\"vertical-align: inherit;\"><span style=\"vertical-align: inherit;\">rango de velocidad\uff1a<\/span><\/span><\/td>\n<td><span style=\"vertical-align: inherit;\"><span style=\"vertical-align: inherit;\">0-12 m\/s<\/span><\/span><\/td>\n<td><span style=\"vertical-align: inherit;\"><span style=\"vertical-align: inherit;\">Cantidad (juegos)\uff1a<\/span><\/span><\/td>\n<td><span style=\"vertical-align: inherit;\"><span style=\"vertical-align: inherit;\">&gt; 30<\/span><\/span><\/td>\n<\/tr>\n<tr>\n<td><span style=\"vertical-align: inherit;\"><span style=\"vertical-align: inherit;\">Grado de precisi\u00f3n\uff1a<\/span><\/span><\/td>\n<td><span style=\"vertical-align: inherit;\"><span style=\"vertical-align: inherit;\">\u00b10,5%R, \u00b11%R ( &lt; DN20)<\/span><\/span><\/td>\n<td><span style=\"vertical-align: inherit;\"><span style=\"vertical-align: inherit;\">Plazo de entrega (d\u00edas)\uff1a<\/span><\/span><\/td>\n<td><span style=\"vertical-align: inherit;\"><span style=\"vertical-align: inherit;\">A negociar<\/span><\/span><\/td>\n<\/tr>\n<\/tbody>\n<\/table>\n<p>&nbsp;<\/p>\n<p>&nbsp;<\/p>\n<p style=\"text-align: center;\"><img title=\"caudal\u00edmetro flomec\" src=\"https:\/\/www.hginstrument.com\/wp-content\/uploads\/2021\/07\/in-line-pipeline-type-hgd-electromagnetic-flow-meter.jpg\" \/><\/p>\n<p>&nbsp;<\/p>\n<p>&nbsp;<\/p>\n<p style=\"text-align: center;\"><img title=\"caudal\u00edmetro flomec\" src=\"https:\/\/www.hginstrument.com\/wp-content\/uploads\/2021\/07\/insertion-01.jpg\" \/><\/p>\n<p>&nbsp;<\/p>\n<p>&nbsp;<\/p>\n<p style=\"text-align: center;\"><img title=\"caudal\u00edmetro flomec\" src=\"https:\/\/www.hginstrument.com\/wp-content\/uploads\/2021\/07\/sanitary-mag-1.jpg\" \/><\/p>\n<p><strong>Gu\u00eda de preguntas frecuentes sobre caudal\u00edmetros flomec.<\/strong><\/p>\n<p>En el coraz\u00f3n de nuestra serie de caudal\u00edmetros flomec se encuentra el compromiso con la excelencia, que combina una avanzada tecnolog\u00eda de sensores con interfaces f\u00e1ciles de usar. Desde l\u00edquidos hasta gases, nuestros medidores ofrecen una precisi\u00f3n sin igual, permiti\u00e9ndole tomar decisiones informadas y agilizar las operaciones. A medida que iniciamos una nueva era en la medici\u00f3n de fluidos, le invitamos a explorar las posibilidades ilimitadas que abren nuestros caudal\u00edmetros flomec, donde la precisi\u00f3n se une al rendimiento y la innovaci\u00f3n fluye a la perfecci\u00f3n.<\/p>\n<div style=\"border: 3px solid #f89900; margin: 20px 0; padding: 20px;\"><a href=\"\/es\/flomec-flow-meter\/#01\">1.Acerca de la tecnolog\u00eda de caudal\u00edmetros flomec<\/a><br \/>\n<a href=\"\/es\/flomec-flow-meter\/#02\">2.\u00bfCu\u00e1l es la diferencia entre flomec caudal\u00edmetro SUYI group vs flomec caudal\u00edmetro Schneider Electric vs flomec caudal\u00edmetro Badger Meter<\/a><br \/>\n<a href=\"\/es\/flomec-flow-meter\/#03\">3.Acerca de las materias primas del caudal\u00edmetro flomec<\/a><br \/>\n<a href=\"\/es\/flomec-flow-meter\/#04\">4.\u00bfCu\u00e1l es la diferencia entre flomec caudal\u00edmetro grupo SUYI vs flomec caudal\u00edmetro Emerson vs flomec caudal\u00edmetro Honeywell<\/a><br \/>\n<a href=\"\/es\/flomec-flow-meter\/#05\">5.\u00bfPara qu\u00e9 fluidos se utilizan principalmente los caudal\u00edmetros flomec?<\/a><br \/>\n<a href=\"\/es\/flomec-flow-meter\/#06\">6.Acerca del sistema de gesti\u00f3n de la producci\u00f3n de caudal\u00edmetros flomec<\/a><br \/>\n<a href=\"\/es\/flomec-flow-meter\/#07\">7.\u00bfCu\u00e1l es el rango de medici\u00f3n del caudal\u00edmetro flomec?<\/a><br \/>\n<a href=\"\/es\/flomec-flow-meter\/#08\">8.Acerca de la capacidad de producci\u00f3n de caudal\u00edmetros flomec<\/a><br \/>\n<a href=\"\/es\/flomec-flow-meter\/#09\">9.Acerca de la capacidad de producci\u00f3n de caudal\u00edmetros flomec<\/a><br \/>\n<a href=\"\/es\/flomec-flow-meter\/#010\">10.\u00bfCu\u00e1l es el rango de temperatura de funcionamiento del caudal\u00edmetro flomec?<\/a><br \/>\n<a href=\"\/es\/flomec-flow-meter\/#11\">11.Acerca del origen del caudal\u00edmetro flomec<\/a><br \/>\n<a href=\"\/es\/flomec-flow-meter\/#12\">12.\u00bfCu\u00e1l es el tiempo de respuesta del caudal\u00edmetro flomec?<\/a><br \/>\n<a href=\"\/es\/flomec-flow-meter\/#13\">13.\u00bfC\u00f3mo se conecta el caudal\u00edmetro flomec con otros dispositivos y transmite los datos?<\/a><\/div>\n<div id=\"01\">\n<p><strong>1.Acerca de la tecnolog\u00eda de caudal\u00edmetros flomec<\/strong><\/p>\n<p>La tecnolog\u00eda de caudal\u00edmetros es un tipo de tecnolog\u00eda de medici\u00f3n utilizada para medir el caudal de un fluido o gas. Se utiliza en diversas industrias, como las del petr\u00f3leo y el gas, el agua y las aguas residuales, y el procesamiento qu\u00edmico. Los caudal\u00edmetros miden el caudal de un fluido o gas midiendo la presi\u00f3n, la velocidad u otras propiedades f\u00edsicas del fluido o gas. Los caudal\u00edmetros pueden utilizarse para medir el caudal de l\u00edquidos, gases y vapor. Se utilizan para medir el caudal de una gran variedad de fluidos, como agua, aceite y productos qu\u00edmicos. Los caudal\u00edmetros se utilizan en diversas aplicaciones, como el control de procesos, la gesti\u00f3n de la energ\u00eda y la supervisi\u00f3n de la seguridad.<\/p>\n<\/div>\n<div id=\"02\">\n<p><strong>2.\u00bfCu\u00e1l es la diferencia entre flomec caudal\u00edmetro SUYI group vs flomec caudal\u00edmetro Schneider Electric vs flomec caudal\u00edmetro Badger Meter<\/strong><\/p>\n<p>Los caudal\u00edmetros del Grupo SUYI se utilizan normalmente para aplicaciones industriales, como la medici\u00f3n del caudal de l\u00edquidos, gases y vapor. Est\u00e1n dise\u00f1ados para ser fiables y precisos, y est\u00e1n disponibles en una gran variedad de tama\u00f1os y materiales.<\/p>\n<p>Los caudal\u00edmetros de Schneider Electric est\u00e1n dise\u00f1ados para aplicaciones industriales y comerciales, y est\u00e1n disponibles en diversos tama\u00f1os y materiales. Est\u00e1n dise\u00f1ados para ser fiables y precisos, y son adecuados para una amplia gama de aplicaciones.<\/p>\n<p>Los caudal\u00edmetros de Badger Meter est\u00e1n dise\u00f1ados para aplicaciones industriales y comerciales, y est\u00e1n disponibles en diversos tama\u00f1os y materiales. Est\u00e1n dise\u00f1ados para ser fiables y precisos, y son adecuados para una amplia gama de aplicaciones. Tambi\u00e9n ofrecen una variedad de caracter\u00edsticas, como la monitorizaci\u00f3n remota y el registro de datos.<\/p>\n<\/div>\n<div id=\"03\">\n<p><strong>3.Acerca de las materias primas del caudal\u00edmetro flomec<\/strong><\/p>\n<p>Las materias primas de los caudal\u00edmetros suelen estar hechas de una variedad de metales, pl\u00e1sticos y compuestos. Entre los materiales m\u00e1s comunes utilizados en los caudal\u00edmetros se encuentran el acero inoxidable, el lat\u00f3n, el aluminio, el cloruro de polivinilo (PVC), el polipropileno (PP) y el politetrafluoroetileno (PTFE). El material utilizado en un caudal\u00edmetro depende de la aplicaci\u00f3n y del tipo de fluido que se mida. Por ejemplo, el acero inoxidable suele utilizarse para medir fluidos corrosivos, mientras que el PVC suele emplearse para medir agua.<\/p>\n<\/div>\n<div id=\"04\">\n<p><strong>4.\u00bfCu\u00e1l es la diferencia entre flomec caudal\u00edmetro grupo SUYI vs flomec caudal\u00edmetro Emerson vs flomec caudal\u00edmetro Honeywell<\/strong><\/p>\n<p>Los caudal\u00edmetros de SUYI Group, Emerson y Honeywell miden el caudal de l\u00edquidos y gases, pero difieren en t\u00e9rminos de precisi\u00f3n, caracter\u00edsticas y coste. Los caudal\u00edmetros de SUYI Group suelen ser los m\u00e1s asequibles, pero es posible que no tengan la misma precisi\u00f3n ni las mismas caracter\u00edsticas que los modelos m\u00e1s caros de Emerson y Honeywell. Los caudal\u00edmetros Emerson son conocidos por su precisi\u00f3n y fiabilidad, pero pueden ser m\u00e1s caros que los de otras marcas. Los caudal\u00edmetros Honeywell son conocidos por sus funciones avanzadas y su precisi\u00f3n, pero pueden ser los m\u00e1s caros de los tres.<\/p>\n<\/div>\n<div id=\"05\">\n<p><strong>5.\u00bfPara qu\u00e9 fluidos se utilizan principalmente los caudal\u00edmetros flomec?<\/strong><\/p>\n<p>Nos centramos en el trabajo en equipo y la comunicaci\u00f3n para alcanzar objetivos comunes, damos gran importancia a este detalle.<br \/>\nLos caudal\u00edmetros se utilizan principalmente para medir el caudal de l\u00edquidos, gases y vapor.<\/p>\n<p><img style=\"max-width: 100%;\" title=\"\u00bfPara qu\u00e9 fluidos se utilizan principalmente los caudal\u00edmetros flomec?\" src=\"https:\/\/www.hginstrument.com\/wp-content\/uploads\/2021\/07\/hgrs-1.jpg\" alt=\"\u00bfPara qu\u00e9 fluidos se utilizan principalmente los caudal\u00edmetros flomec?\" \/><\/p>\n<\/div>\n<div id=\"06\">\n<p><strong>6.Acerca del sistema de gesti\u00f3n de la producci\u00f3n de caudal\u00edmetros flomec<\/strong><\/p>\n<p>Un sistema de gesti\u00f3n de la producci\u00f3n de caudal\u00edmetros es una soluci\u00f3n de software dise\u00f1ada para ayudar a los fabricantes a gestionar la producci\u00f3n de caudal\u00edmetros. El sistema puede utilizarse para realizar un seguimiento del proceso de producci\u00f3n de principio a fin, incluido el pedido de materias primas, el montaje de componentes y la comprobaci\u00f3n y calibraci\u00f3n del producto acabado. El sistema tambi\u00e9n puede utilizarse para controlar la calidad del proceso de producci\u00f3n, garantizando que los caudal\u00edmetros cumplen las normas exigidas. Adem\u00e1s, el sistema puede utilizarse para generar informes y analizar datos que ayuden a los fabricantes a mejorar sus procesos de producci\u00f3n.<\/p>\n<\/div>\n<div id=\"07\">\n<p><strong>7.\u00bfCu\u00e1l es el rango de medici\u00f3n del caudal\u00edmetro flomec?<\/strong><\/p>\n<p>Actualizamos continuamente nuestras competencias y conocimientos para adaptarnos a las cambiantes necesidades del mercado de caudal\u00edmetros flomec.<br \/>\nEl rango de medici\u00f3n de un caudal\u00edmetro depende del tipo de caudal\u00edmetro que se utilice. Por lo general, el rango de medici\u00f3n de un caudal\u00edmetro puede oscilar entre 0,01 y 1.000 litros por minuto.<\/p>\n<\/div>\n<div id=\"08\">\n<p><strong>8.Acerca de la capacidad de producci\u00f3n de caudal\u00edmetros flomec<\/strong><\/p>\n<p>La capacidad de producci\u00f3n de caudal\u00edmetros depende del tipo de caudal\u00edmetro que se fabrique. Por lo general, la capacidad de producci\u00f3n viene determinada por el tama\u00f1o de la instalaci\u00f3n de producci\u00f3n, el n\u00famero de m\u00e1quinas y personal disponible y el tipo de caudal\u00edmetro que se fabrica. Por ejemplo, una planta de producci\u00f3n especializada en la fabricaci\u00f3n de caudal\u00edmetros de turbina puede tener una capacidad de producci\u00f3n mayor que una planta de producci\u00f3n de caudal\u00edmetros ultras\u00f3nicos. Adem\u00e1s, la capacidad de producci\u00f3n de una instalaci\u00f3n puede verse afectada por la complejidad del caudal\u00edmetro fabricado, as\u00ed como por la disponibilidad de materias primas y componentes.<\/p>\n<\/div>\n<div id=\"09\">\n<p><strong>9.Acerca de la capacidad de producci\u00f3n de caudal\u00edmetros flomec<\/strong><\/p>\n<p>La capacidad de producci\u00f3n de caudal\u00edmetros depende del tipo de caudal\u00edmetro que se fabrique. Por lo general, la capacidad de producci\u00f3n viene determinada por el tama\u00f1o de la instalaci\u00f3n de producci\u00f3n, el n\u00famero de m\u00e1quinas y personal disponible y el tipo de caudal\u00edmetro que se fabrica. Por ejemplo, una planta de producci\u00f3n especializada en la fabricaci\u00f3n de caudal\u00edmetros de turbina puede tener una capacidad de producci\u00f3n mayor que una planta de producci\u00f3n de caudal\u00edmetros ultras\u00f3nicos. Adem\u00e1s, la capacidad de producci\u00f3n de una instalaci\u00f3n puede verse afectada por la complejidad del caudal\u00edmetro fabricado, as\u00ed como por la disponibilidad de materias primas y componentes.<\/p>\n<\/div>\n<div id=\"010\">\n<p><strong>10.\u00bfCu\u00e1l es el rango de temperatura de funcionamiento del caudal\u00edmetro flomec?<\/strong><\/p>\n<p>Hemos establecido una buena reputaci\u00f3n y asociaciones fiables dentro de la industria de caudal\u00edmetros flomec.<br \/>\nEl intervalo de temperatura de funcionamiento del caudal\u00edmetro es de -40\u00b0C a 60\u00b0C (-40\u00b0F a 140\u00b0F).<\/p>\n<p><img style=\"max-width: 100%;\" title=\"\u00bfCu\u00e1l es el rango de temperatura de funcionamiento del caudal\u00edmetro flomec?\" src=\"https:\/\/www.hginstrument.com\/wp-content\/uploads\/2021\/07\/hls-2000h-m2.jpg\" alt=\"\u00bfCu\u00e1l es el rango de temperatura de funcionamiento del caudal\u00edmetro flomec?\" \/><\/p>\n<\/div>\n<div id=\"11\">\n<p><strong>11.Acerca del origen del caudal\u00edmetro flomec<\/strong><\/p>\n<p>El primer caudal\u00edmetro fue inventado en 1832 por un ingl\u00e9s llamado William Henry. Desarroll\u00f3 un dispositivo que utilizaba un flotador para medir el caudal de agua en una tuber\u00eda. Este dispositivo fue el primero de su clase y el precursor de los caudal\u00edmetros modernos. Desde entonces, los caudal\u00edmetros se han utilizado en diversas industrias para medir el caudal de l\u00edquidos, gases y otros materiales. Hoy en d\u00eda, los caudal\u00edmetros se utilizan en una gran variedad de aplicaciones, desde la medici\u00f3n del caudal de agua en una tuber\u00eda hasta la medici\u00f3n del caudal de petr\u00f3leo en una refiner\u00eda.<\/p>\n<\/div>\n<div id=\"12\">\n<p><strong>12.\u00bfCu\u00e1l es el tiempo de respuesta del caudal\u00edmetro flomec?<\/strong><\/p>\n<p>Hemos establecido asociaciones estables y a largo plazo con nuestros proveedores, por lo que tenemos grandes ventajas en precio y coste y en garant\u00eda de calidad.<br \/>\nEl tiempo de respuesta de un caudal\u00edmetro puede variar en funci\u00f3n del tipo de caudal\u00edmetro utilizado. Por lo general, el tiempo de respuesta de un caudal\u00edmetro oscila entre 0,1 y 1 segundo.<\/p>\n<\/div>\n<div id=\"13\">\n<p><strong>13.\u00bfC\u00f3mo se conecta el caudal\u00edmetro flomec con otros dispositivos y transmite los datos?<\/strong><\/p>\n<p>El caudal\u00edmetro flomec no es s\u00f3lo un producto, sino que tambi\u00e9n puede ayudarle a ganar dinero.<br \/>\nLos caudal\u00edmetros pueden conectarse con otros dispositivos y transmitir datos a trav\u00e9s de diversos m\u00e9todos, como conexiones por cable, conexiones inal\u00e1mbricas y protocolos de comunicaci\u00f3n serie. Las conexiones por cable pueden incluir RS-232, RS-485 y USB. Las conexiones inal\u00e1mbricas pueden incluir Bluetooth, Wi-Fi y redes celulares. Los protocolos de comunicaci\u00f3n serie pueden incluir Modbus, HART y Profibus.<\/p>\n<\/div>\n<p>&nbsp;<\/p>\n<p>Etiqueta\uff1a<a href=\"\/es\/magnetic-flow-meter\/paddle-wheel-water-flow-meter\/\">caudal\u00edmetro de rueda de paletas<\/a>,<a href=\"\/es\/magnetic-flow-meter\/liquid-propane-flow-meter\/\">caudal\u00edmetro de propano l\u00edquido<\/a>,<a href=\"\/es\/magnetic-flow-meter\/flomec-flow-meter\/\">caudal\u00edmetro flomec<\/a>,<a href=\"\/es\/magnetic-flow-meter\/hvac-air-flow-meter\/\">caudal\u00edmetro de aire hvac<\/a>,<a href=\"\/es\/magnetic-flow-meter\/beer-flow-meter\/\">caudal\u00edmetro de cerveza<\/a><\/p>\n<p>&nbsp;<\/p>","protected":false},"excerpt":{"rendered":"<p><strong>Datos t\u00e9cnicos<\/strong><br \/>\nPuede servir para fluidos l\u00edquidos o gaseosos, normalmente se utiliza para medir el caudal de vapor, aire y gas natural.<br \/>\nTama\u00f1o del contador: Tipo en l\u00ednea: DN25 - DN300<br \/>\nOpci\u00f3n de material mojado: SS304, SS316<br \/>\nTemperatura de funcionamiento: \u2264250\u2103<br \/>\nConexi\u00f3n a proceso: Wafer \/ Brida \/ Tri-clamp para tipo en l\u00ednea<br \/>\nPrecisi\u00f3n de medici\u00f3n: 1,0 % - 1,5% del intervalo de calibraci\u00f3n<br \/>\nIndicador digital: muestra el caudal instant\u00e1neo y el caudal total<br \/>\nAlimentaci\u00f3n: 24VDC, Salida: 4-20mA<\/p>\n<p><strong>caracter\u00edsticas<\/strong><br \/>\n1.Puntos de consigna ON\/OFF ajustables<br \/>\n2.Modo de alarma de caudal alto o bajo<br \/>\n3.Tiempo de retardo ajustable<br \/>\n4.LED de estado del rel\u00e9<\/p>","protected":false},"featured_media":3691,"comment_status":"closed","ping_status":"closed","template":"","meta":[],"product_cat":[2372],"product_tag":[],"acf":[],"_links":{"self":[{"href":"https:\/\/www.hginstrument.com\/es\/wp-json\/wp\/v2\/product\/5216"}],"collection":[{"href":"https:\/\/www.hginstrument.com\/es\/wp-json\/wp\/v2\/product"}],"about":[{"href":"https:\/\/www.hginstrument.com\/es\/wp-json\/wp\/v2\/types\/product"}],"replies":[{"embeddable":true,"href":"https:\/\/www.hginstrument.com\/es\/wp-json\/wp\/v2\/comments?post=5216"}],"wp:featuredmedia":[{"embeddable":true,"href":"https:\/\/www.hginstrument.com\/es\/wp-json\/wp\/v2\/media\/3691"}],"wp:attachment":[{"href":"https:\/\/www.hginstrument.com\/es\/wp-json\/wp\/v2\/media?parent=5216"}],"wp:term":[{"taxonomy":"product_cat","embeddable":true,"href":"https:\/\/www.hginstrument.com\/es\/wp-json\/wp\/v2\/product_cat?post=5216"},{"taxonomy":"product_tag","embeddable":true,"href":"https:\/\/www.hginstrument.com\/es\/wp-json\/wp\/v2\/product_tag?post=5216"}],"curies":[{"name":"wp","href":"https:\/\/api.w.org\/{rel}","templated":true}]}}