{"id":5293,"date":"2023-12-24T01:15:35","date_gmt":"2023-12-23T17:15:35","guid":{"rendered":"https:\/\/www.hginstrument.com\/?post_type=product&#038;p=5293"},"modified":"2024-01-03T13:45:26","modified_gmt":"2024-01-03T05:45:26","slug":"flow-meter-transmitter","status":"publish","type":"product","link":"https:\/\/www.hginstrument.com\/es\/magnetic-flow-meter\/flow-meter-transmitter\/","title":{"rendered":"flow meter transmitter"},"content":{"rendered":"<p>This advanced device is designed to measure the quantity and velocity of liquid, gas, or steam as it passes through a pipe or duct. With its state-of-the-art technology and superior performance, flow meter transmitter offers precise and reliable measurements that help optimize processes and improve efficiency.<\/p>\n<p>flow meter transmitter is a precision instrument designed to measure the flow of liquid or gas in a pipe. It is an important tool in oil and gas, chemical, Municipal water and sewer management, water treatment and many other industries.<\/p>\n<p>With its advanced technology and high accuracy, flow meter transmitter offers users the ability to monitor and control the flow of their processes with precision and efficiency. With its durable construction, it can withstand harsh operating conditions and provide long-term reliability.<\/p>\n<table class=\"table table-bordered\">\n<tbody>\n<tr>\n<td><span style=\"vertical-align: inherit;\"><span style=\"vertical-align: inherit;\">Tipo\uff1a<\/span><\/span><\/td>\n<td><span style=\"vertical-align: inherit;\">flow meter transmitter<\/span><\/td>\n<td><span style=\"vertical-align: inherit;\"><span style=\"vertical-align: inherit;\">Se\u00f1al de salida\uff1a<\/span><\/span><\/td>\n<td><span style=\"vertical-align: inherit;\"><span style=\"vertical-align: inherit;\">4-20 mA, Pulso\/Frecuencia 2kHz(Predeterminado), 5KHz(Max)<\/span><\/span><\/td>\n<\/tr>\n<tr>\n<td><span style=\"vertical-align: inherit;\"><span style=\"vertical-align: inherit;\">Lugar de origen\uff1a<\/span><\/span><\/td>\n<td><span style=\"vertical-align: inherit;\"><span style=\"vertical-align: inherit;\">Jiangsu, China<\/span><\/span><\/td>\n<td><span style=\"vertical-align: inherit;\"><span style=\"vertical-align: inherit;\">Incorporar tipo\uff1a<\/span><\/span><\/td>\n<td><span style=\"vertical-align: inherit;\"><span style=\"vertical-align: inherit;\">-10\u2103- +53\u2103<\/span><\/span><\/td>\n<\/tr>\n<tr>\n<td><span style=\"vertical-align: inherit;\"><span style=\"vertical-align: inherit;\">Garant\u00eda\uff1a<\/span><\/span><\/td>\n<td><span style=\"vertical-align: inherit;\"><span style=\"vertical-align: inherit;\">25 meses<\/span><\/span><\/td>\n<td><span style=\"vertical-align: inherit;\"><span style=\"vertical-align: inherit;\">Tensi\u00f3n de alimentaci\u00f3n\uff1a<\/span><\/span><\/td>\n<td><span style=\"vertical-align: inherit;\"><span style=\"vertical-align: inherit;\">110\/220VAC (100-240VAC), 50Hz\/60Hz; 24VDC\u00b110%<\/span><\/span><\/td>\n<\/tr>\n<tr>\n<td><span style=\"vertical-align: inherit;\"><span style=\"vertical-align: inherit;\">Asistencia personalizada\uff1a<\/span><\/span><\/td>\n<td><span style=\"vertical-align: inherit;\"><span style=\"vertical-align: inherit;\">OEM, ODM, OBM<\/span><\/span><\/td>\n<td><span style=\"vertical-align: inherit;\"><span style=\"vertical-align: inherit;\">Comunicaci\u00f3n digital\uff1a<\/span><\/span><\/td>\n<td><span style=\"vertical-align: inherit;\"><span style=\"vertical-align: inherit;\">RS-485, compatible con el protocolo est\u00e1ndar Mudbugs-RTU; GPRS<\/span><\/span><\/td>\n<\/tr>\n<tr>\n<td><span style=\"vertical-align: inherit;\"><span style=\"vertical-align: inherit;\">Marca\uff1a<\/span><\/span><\/td>\n<td><span style=\"vertical-align: inherit;\"><span style=\"vertical-align: inherit;\">GRUPO SUYI<\/span><\/span><\/td>\n<td><span style=\"vertical-align: inherit;\"><span style=\"vertical-align: inherit;\">Presi\u00f3n nominal\uff1a<\/span><\/span><\/td>\n<td><span style=\"vertical-align: inherit;\"><span style=\"vertical-align: inherit;\">1MPa (DN15-DN800), 1,6MPa(DN15-DN800), 2,5MPa(DN15-DN600)<\/span><\/span><\/td>\n<\/tr>\n<tr>\n<td><span style=\"vertical-align: inherit;\"><span style=\"vertical-align: inherit;\">N\u00famero de modelo\uff1a<\/span><\/span><\/td>\n<td><span style=\"vertical-align: inherit;\"><span style=\"vertical-align: inherit;\">otros<\/span><\/span><\/td>\n<td><span style=\"vertical-align: inherit;\"><span style=\"vertical-align: inherit;\">Sensor\uff1a<\/span><\/span><\/td>\n<td><span style=\"vertical-align: inherit;\"><span style=\"vertical-align: inherit;\">0\u2103- +80\u2103 o -25\u2103- +120\u2103 o +70\u2103- +250\u2103<\/span><\/span><\/td>\n<\/tr>\n<tr>\n<td><span style=\"vertical-align: inherit;\"><span style=\"vertical-align: inherit;\">Nombre del producto\uff1a<\/span><\/span><\/td>\n<td><span style=\"vertical-align: inherit;\"><span style=\"vertical-align: inherit;\">Medidor de caudal de agua qu\u00edmico digital inteligente electromagn\u00e9tico<\/span><\/span><\/td>\n<td><span style=\"vertical-align: inherit;\"><span style=\"vertical-align: inherit;\">Detalles del embalaje\uff1a<\/span><\/span><\/td>\n<td><span style=\"vertical-align: inherit;\"><span style=\"vertical-align: inherit;\">1 Juego por paquete o seg\u00fan pedido del cliente<\/span><\/span><\/td>\n<\/tr>\n<tr>\n<td><span style=\"vertical-align: inherit;\"><span style=\"vertical-align: inherit;\">Di\u00e1metro nominal\uff1a<\/span><\/span><\/td>\n<td><span style=\"vertical-align: inherit;\"><span style=\"vertical-align: inherit;\">3-2823mm<\/span><\/span><\/td>\n<td><span style=\"vertical-align: inherit;\"><span style=\"vertical-align: inherit;\">Capacidad de suministro\uff1a<\/span><\/span><\/td>\n<td><span style=\"vertical-align: inherit;\"><span style=\"vertical-align: inherit;\">1661 Set\/Sets per Month<\/span><\/span><\/td>\n<\/tr>\n<tr>\n<td><span style=\"vertical-align: inherit;\"><span style=\"vertical-align: inherit;\">rango de velocidad\uff1a<\/span><\/span><\/td>\n<td><span style=\"vertical-align: inherit;\"><span style=\"vertical-align: inherit;\">0-9m\/s<\/span><\/span><\/td>\n<td><span style=\"vertical-align: inherit;\"><span style=\"vertical-align: inherit;\">Cantidad (juegos)\uff1a<\/span><\/span><\/td>\n<td><span style=\"vertical-align: inherit;\"><span style=\"vertical-align: inherit;\">&gt; 30<\/span><\/span><\/td>\n<\/tr>\n<tr>\n<td><span style=\"vertical-align: inherit;\"><span style=\"vertical-align: inherit;\">Grado de precisi\u00f3n\uff1a<\/span><\/span><\/td>\n<td><span style=\"vertical-align: inherit;\"><span style=\"vertical-align: inherit;\">\u00b10,5%R, \u00b11%R ( &lt; DN20)<\/span><\/span><\/td>\n<td><span style=\"vertical-align: inherit;\"><span style=\"vertical-align: inherit;\">Plazo de entrega (d\u00edas)\uff1a<\/span><\/span><\/td>\n<td><span style=\"vertical-align: inherit;\"><span style=\"vertical-align: inherit;\">A negociar<\/span><\/span><\/td>\n<\/tr>\n<\/tbody>\n<\/table>\n<p>&nbsp;<\/p>\n<p>&nbsp;<\/p>\n<p style=\"text-align: center;\"><img title=\"flow meter transmitter\" src=\"https:\/\/www.hginstrument.com\/wp-content\/uploads\/2021\/07\/in-line-pipeline-type-hgd-electromagnetic-flow-meter.jpg\" \/><\/p>\n<p>&nbsp;<\/p>\n<p>&nbsp;<\/p>\n<p style=\"text-align: center;\"><img title=\"flow meter transmitter\" src=\"https:\/\/www.hginstrument.com\/wp-content\/uploads\/2021\/07\/insertion-01.jpg\" \/><\/p>\n<p>&nbsp;<\/p>\n<p>&nbsp;<\/p>\n<p style=\"text-align: center;\"><img title=\"flow meter transmitter\" src=\"https:\/\/www.hginstrument.com\/wp-content\/uploads\/2021\/07\/sanitary-mag-1.jpg\" \/><\/p>\n<p><strong>flow meter transmitter FAQs Guide.<\/strong><\/p>\n<p>At the heart of our flow meter transmitter series lies a commitment to excellence, blending advanced sensor technology with user-friendly interfaces. From liquid to gas, our meters deliver unparalleled accuracy, empowering you to make informed decisions and streamline operations. As we usher in a new era of fluid measurement, we invite you to explore the limitless possibilities that our flow meter transmitters unlock \u2013 where precision meets performance, and innovation flows seamlessly.<\/p>\n<div style=\"border: 3px solid #f89900; margin: 20px 0; padding: 20px;\"><a href=\"\/es\/flow-meter-transmitter\/#01\">1.About flow meter transmitter delivery date<\/a><br \/>\n<a href=\"\/es\/flow-meter-transmitter\/#02\">2.About flow meter transmitter production skills training<\/a><br \/>\n<a href=\"\/es\/flow-meter-transmitter\/#03\">3.What fluids are flow meter transmitters mainly used for measuring?<\/a><br \/>\n<a href=\"\/es\/flow-meter-transmitter\/#04\">4.What is the weight and dimensions of the flow meter transmitter?<\/a><br \/>\n<a href=\"\/es\/flow-meter-transmitter\/#05\">5.What is the applicable pressure range of flow meter transmitter?<\/a><br \/>\n<a href=\"\/es\/flow-meter-transmitter\/#06\">6.What are the characteristics of flow meter transmitter?<\/a><br \/>\n<a href=\"\/es\/flow-meter-transmitter\/#07\">7.What is the difference between flow meter transmitter SUYI group vs flow meter transmitter Schneider Electric vs flow meter transmitter Badger Meter<\/a><br \/>\n<a href=\"\/es\/flow-meter-transmitter\/#08\">8.About flow meter transmitter production equipment<\/a><br \/>\n<a href=\"\/es\/flow-meter-transmitter\/#09\">9.About the development history of flow meter transmitter factory<\/a><br \/>\n<a href=\"\/es\/flow-meter-transmitter\/#010\">10.Does the flow meter transmitter have data storage capabilities?<\/a><br \/>\n<a href=\"\/es\/flow-meter-transmitter\/#11\">11.About flow meter transmitter inventory<\/a><br \/>\n<a href=\"\/es\/flow-meter-transmitter\/#12\">12.What is the difference between flow meter transmitter SUYI group vs flow meter transmitter Siemens vs flow meter transmitter GE<\/a><br \/>\n<a href=\"\/es\/flow-meter-transmitter\/#13\">13.About flow meter transmitter raw materials<\/a><br \/>\n<a href=\"\/es\/flow-meter-transmitter\/#14\">14.What are the requirements for the specific installation location of the flow meter transmitter?<\/a><\/div>\n<div id=\"01\">\n<p><strong>1.About flow meter transmitter delivery date<\/strong><\/p>\n<p>La fecha de entrega de un caudal\u00edmetro depender\u00e1 del tipo de caudal\u00edmetro, del fabricante y de la disponibilidad del producto. Por lo general, la mayor\u00eda de los caudal\u00edmetros pueden entregarse en un plazo que oscila entre unos d\u00edas y unas semanas. Sin embargo, algunos caudal\u00edmetros especializados pueden tardar m\u00e1s en entregarse. Lo mejor es ponerse en contacto directamente con el fabricante para obtener una fecha de entrega exacta.<\/p>\n<\/div>\n<div id=\"02\">\n<p><strong>2.About flow meter transmitter production skills training<\/strong><\/p>\n<p>La formaci\u00f3n en t\u00e9cnicas de producci\u00f3n de caudal\u00edmetros est\u00e1 dise\u00f1ada para ense\u00f1ar a t\u00e9cnicos e ingenieros los conocimientos necesarios para producir y mantener caudal\u00edmetros. La formaci\u00f3n abarca temas como los principios de la medici\u00f3n de caudal, los tipos de caudal\u00edmetros disponibles, la instalaci\u00f3n y el mantenimiento de los caudal\u00edmetros y las t\u00e9cnicas de resoluci\u00f3n de problemas. La formaci\u00f3n tambi\u00e9n abarca el uso de programas inform\u00e1ticos para analizar e interpretar los datos de caudal. La formaci\u00f3n suele impartirse en un aula y puede incluir actividades pr\u00e1cticas.<\/p>\n<\/div>\n<div id=\"03\">\n<p><strong>3.What fluids are flow meter transmitters mainly used for measuring?<\/strong><\/p>\n<p>Nos centramos en el trabajo en equipo y la comunicaci\u00f3n para alcanzar objetivos comunes, damos gran importancia a este detalle.<br \/>\nLos caudal\u00edmetros se utilizan principalmente para medir el caudal de l\u00edquidos, gases y vapor.<\/p>\n<p><img style=\"max-width: 100%;\" title=\"What fluids are flow meter transmitters mainly used for measuring?\" src=\"https:\/\/www.hginstrument.com\/wp-content\/uploads\/2021\/10\/w803e-f3.jpg\" alt=\"What fluids are flow meter transmitters mainly used for measuring?\" \/><\/p>\n<\/div>\n<div id=\"04\">\n<p><strong>4.What is the weight and dimensions of the flow meter transmitter?<\/strong><\/p>\n<p>Nuestros productos y servicios cubren una amplia gama de \u00e1mbitos y satisfacen las necesidades de diferentes campos.<br \/>\nEl peso y las dimensiones del caudal\u00edmetro dependen del modelo espec\u00edfico y del fabricante. Por lo general, el tama\u00f1o de los caudal\u00edmetros oscila entre peque\u00f1os dispositivos manuales y grandes unidades industriales. El peso de un caudal\u00edmetro puede oscilar entre unas pocas onzas y varios cientos de libras.<\/p>\n<\/div>\n<div id=\"05\">\n<p><strong>5.What is the applicable pressure range of flow meter transmitter?<\/strong><\/p>\n<p>Nuestros productos y servicios cubren una amplia gama de \u00e1mbitos y satisfacen las necesidades de diferentes campos.<br \/>\nEl rango de presi\u00f3n aplicable de un caudal\u00edmetro depende del tipo de caudal\u00edmetro que se utilice. Por lo general, los caudal\u00edmetros pueden medir presiones que oscilan entre 0,1 bar y 1.000 bar.<\/p>\n<\/div>\n<div id=\"06\">\n<p><strong>6.What are the characteristics of flow meter transmitter?<\/strong><\/p>\n<p>Hemos establecido asociaciones estables y a largo plazo con nuestros proveedores, por lo que tenemos grandes ventajas en precio y coste y en garant\u00eda de calidad.<br \/>\n1. Precisi\u00f3n: Los caudal\u00edmetros deben ser capaces de medir con precisi\u00f3n el caudal de un fluido.<\/p>\n<p>2. Gama: Los caudal\u00edmetros deben poder medir una amplia gama de caudales.<\/p>\n<p>3. Repetibilidad: Los caudal\u00edmetros deben ser capaces de medir sistem\u00e1ticamente el mismo caudal a lo largo del tiempo.<\/p>\n<p>4. Tiempo de respuesta: Los caudal\u00edmetros deben ser capaces de responder r\u00e1pidamente a los cambios de caudal.<\/p>\n<p>5. Durabilidad: Los caudal\u00edmetros deben ser capaces de soportar las duras condiciones del entorno en el que se utilizan.<\/p>\n<p>6. Coste: Los caudal\u00edmetros deben ser rentables para la aplicaci\u00f3n.<\/p>\n<p><img style=\"max-width: 100%;\" title=\"What are the characteristics of flow meter transmitter?\" src=\"https:\/\/www.hginstrument.com\/wp-content\/uploads\/2021\/07\/in-line-pipeline-type-hgd-electromagnetic-flow-meter.jpg\" alt=\"What are the characteristics of flow meter transmitter?\" \/><\/p>\n<\/div>\n<div id=\"07\">\n<p><strong>7.What is the difference between flow meter transmitter SUYI group vs flow meter transmitter Schneider Electric vs flow meter transmitter Badger Meter<\/strong><\/p>\n<p>Los caudal\u00edmetros del Grupo SUYI se utilizan normalmente para aplicaciones industriales, como la medici\u00f3n del caudal de l\u00edquidos, gases y vapor. Est\u00e1n dise\u00f1ados para ser fiables y precisos, y est\u00e1n disponibles en una gran variedad de tama\u00f1os y materiales.<\/p>\n<p>Los caudal\u00edmetros de Schneider Electric est\u00e1n dise\u00f1ados para aplicaciones industriales y comerciales, y est\u00e1n disponibles en diversos tama\u00f1os y materiales. Est\u00e1n dise\u00f1ados para ser fiables y precisos, y son adecuados para una amplia gama de aplicaciones.<\/p>\n<p>Los caudal\u00edmetros de Badger Meter est\u00e1n dise\u00f1ados para aplicaciones industriales y comerciales, y est\u00e1n disponibles en diversos tama\u00f1os y materiales. Est\u00e1n dise\u00f1ados para ser fiables y precisos, y son adecuados para una amplia gama de aplicaciones. Tambi\u00e9n ofrecen una variedad de caracter\u00edsticas, como la monitorizaci\u00f3n remota y el registro de datos.<\/p>\n<\/div>\n<div id=\"08\">\n<p><strong>8.About flow meter transmitter production equipment<\/strong><\/p>\n<p>El equipo de producci\u00f3n de caudal\u00edmetros se utiliza para fabricar caudal\u00edmetros, que son dispositivos utilizados para medir la velocidad de flujo de un l\u00edquido o gas. Este equipo suele incluir diversas m\u00e1quinas y herramientas, como tornos, fresadoras, taladradoras y m\u00e1quinas CNC. Tambi\u00e9n incluye herramientas especializadas para ensamblar y probar caudal\u00edmetros. El equipo utilizado para producir caudal\u00edmetros es altamente especializado y debe ser capaz de producir resultados precisos y fiables.<\/p>\n<\/div>\n<div id=\"09\">\n<p><strong>9.About the development history of flow meter transmitter factory<\/strong><\/p>\n<p>La f\u00e1brica de caudal\u00edmetros se cre\u00f3 a principios de la d\u00e9cada de 1990. Fue fundada por un grupo de ingenieros y t\u00e9cnicos con amplia experiencia en el dise\u00f1o y la fabricaci\u00f3n de caudal\u00edmetros. La empresa se centr\u00f3 inicialmente en la producci\u00f3n de caudal\u00edmetros mec\u00e1nicos, pero pronto ampli\u00f3 su gama de productos para incluir caudal\u00edmetros electr\u00f3nicos. A lo largo de los a\u00f1os, la empresa ha desarrollado una amplia gama de caudal\u00edmetros para diversas aplicaciones, incluidas las industriales, comerciales y residenciales. La empresa tambi\u00e9n ha desarrollado una gama de soluciones de software y hardware para la medici\u00f3n y el control del caudal. En la actualidad, la empresa es uno de los principales fabricantes de caudal\u00edmetros y productos relacionados, y est\u00e1 reconocida como l\u00edder del sector.<\/p>\n<p><img style=\"max-width: 100%;\" title=\"About the development history of flow meter transmitter factory\" src=\"https:\/\/www.hginstrument.com\/wp-content\/uploads\/2021\/07\/ltb-1.jpg\" alt=\"About the development history of flow meter transmitter factory\" \/><\/p>\n<\/div>\n<div id=\"010\">\n<p><strong>10.Does the flow meter transmitter have data storage capabilities?<\/strong><\/p>\n<p>Nos centramos en la innovaci\u00f3n y la mejora continua para mantener una ventaja competitiva.<br \/>\nDepende del tipo de caudal\u00edmetro. Algunos caudal\u00edmetros tienen capacidad de almacenamiento de datos, mientras que otros no.<\/p>\n<\/div>\n<div id=\"11\">\n<p><strong>11.About flow meter transmitter inventory<\/strong><\/p>\n<p>El inventario de caudal\u00edmetros es un sistema utilizado para seguir y gestionar los caudal\u00edmetros utilizados en aplicaciones industriales y comerciales. Se utiliza para supervisar el rendimiento de los caudal\u00edmetros, as\u00ed como para garantizar su correcto mantenimiento y calibraci\u00f3n. El sistema de inventario tambi\u00e9n puede utilizarse para hacer un seguimiento del coste de los caudal\u00edmetros, as\u00ed como para identificar cualquier problema o incidencia potencial con los mismos.<\/p>\n<\/div>\n<div id=\"12\">\n<p><strong>12.What is the difference between flow meter transmitter SUYI group vs flow meter transmitter Siemens vs flow meter transmitter GE<\/strong><\/p>\n<p>Los caudal\u00edmetros del Grupo SUYI se utilizan normalmente para medir el caudal de l\u00edquidos, gases y vapor. Est\u00e1n dise\u00f1ados para ser precisos, fiables y f\u00e1ciles de instalar y mantener. Los caudal\u00edmetros SUYI est\u00e1n disponibles en una gran variedad de tama\u00f1os y materiales, y pueden utilizarse en una gran variedad de aplicaciones.<\/p>\n<p>Los caudal\u00edmetros de Siemens est\u00e1n dise\u00f1ados para medir el caudal de l\u00edquidos, gases y vapor. Est\u00e1n dise\u00f1ados para ser precisos, fiables y f\u00e1ciles de instalar y mantener. Los caudal\u00edmetros Siemens est\u00e1n disponibles en distintos tama\u00f1os y materiales, y pueden utilizarse en una gran variedad de aplicaciones.<\/p>\n<p>Los caudal\u00edmetros de GE est\u00e1n dise\u00f1ados para medir el caudal de l\u00edquidos, gases y vapor. Est\u00e1n dise\u00f1ados para ser precisos, fiables y f\u00e1ciles de instalar y mantener. Los caudal\u00edmetros de GE est\u00e1n disponibles en diversos tama\u00f1os y materiales, y pueden utilizarse en una gran variedad de aplicaciones. Tambi\u00e9n ofrecen una amplia gama de caracter\u00edsticas, como pantallas digitales, alarmas y capacidades de registro de datos.<\/p>\n<p><img style=\"max-width: 100%;\" title=\"What is the difference between flow meter transmitter SUYI group vs flow meter transmitter Siemens vs flow meter transmitter GE\" src=\"https:\/\/www.hginstrument.com\/wp-content\/uploads\/2021\/07\/hg-50-7.jpg\" alt=\"What is the difference between flow meter transmitter SUYI group vs flow meter transmitter Siemens vs flow meter transmitter GE\" \/><\/p>\n<\/div>\n<div id=\"13\">\n<p><strong>13.About flow meter transmitter raw materials<\/strong><\/p>\n<p>Las materias primas de los caudal\u00edmetros suelen estar hechas de una variedad de metales, pl\u00e1sticos y compuestos. Entre los materiales m\u00e1s comunes utilizados en los caudal\u00edmetros se encuentran el acero inoxidable, el lat\u00f3n, el aluminio, el cloruro de polivinilo (PVC), el polipropileno (PP) y el politetrafluoroetileno (PTFE). El material utilizado en un caudal\u00edmetro depende de la aplicaci\u00f3n y del tipo de fluido que se mida. Por ejemplo, el acero inoxidable suele utilizarse para medir fluidos corrosivos, mientras que el PVC suele emplearse para medir agua.<\/p>\n<\/div>\n<div id=\"14\">\n<p><strong>14.What are the requirements for the specific installation location of the flow meter transmitter?<\/strong><\/p>\n<p>We operate our flow meter transmitter business with integrity and honesty.<br \/>\n1. El caudal\u00edmetro debe instalarse en un lugar libre de vibraciones, golpes y otras fuerzas externas.<\/p>\n<p>2. El caudal\u00edmetro debe instalarse en un lugar libre de gases corrosivos, l\u00edquidos y otros contaminantes.<\/p>\n<p>3. El caudal\u00edmetro debe instalarse en un lugar accesible para su mantenimiento y calibraci\u00f3n.<\/p>\n<p>4. El caudal\u00edmetro debe instalarse en un lugar exento de temperaturas y humedad extremas.<\/p>\n<p>5. El caudal\u00edmetro debe instalarse en un lugar libre de interferencias el\u00e9ctricas.<\/p>\n<\/div>\n<p>&nbsp;<\/p>\n<p>Etiqueta\uff1a<a href=\"\/es\/magnetic-flow-meter\/100-gpm-hydraulic-flow-meter\/\">caudal\u00edmetro hidr\u00e1ulico de 100 gpm<\/a>,<a href=\"\/es\/magnetic-flow-meter\/mass-gas-flow-meter\/\">caudal\u00edmetro m\u00e1sico de gas<\/a>,<a href=\"\/es\/magnetic-flow-meter\/electromagnetic-flow-meter-manufacturer\/\">fabricante de caudal\u00edmetros electromagn\u00e9ticos<\/a>,<a href=\"\/es\/magnetic-flow-meter\/gpi-water-flow-meter\/\">caudal\u00edmetro de agua gpi<\/a>,<a href=\"\/es\/magnetic-flow-meter\/air-flow-meter-for-compressed-air\/\">caudal\u00edmetro de aire comprimido<\/a><\/p>\n<p>&nbsp;<\/p>","protected":false},"excerpt":{"rendered":"<p><strong>Datos t\u00e9cnicos<\/strong><br \/>\nPuede servir para fluidos l\u00edquidos o gaseosos, normalmente se utiliza para medir el caudal de vapor, aire y gas natural.<br \/>\nTama\u00f1o del contador: Tipo en l\u00ednea: DN25 - DN300<br \/>\nOpci\u00f3n de material mojado: SS304, SS316<br \/>\nTemperatura de funcionamiento: \u2264250\u2103<br \/>\nConexi\u00f3n a proceso: Wafer \/ Brida \/ Tri-clamp para tipo en l\u00ednea<br \/>\nPrecisi\u00f3n de medici\u00f3n: 1,0 % - 1,5% del intervalo de calibraci\u00f3n<br \/>\nIndicador digital: muestra el caudal instant\u00e1neo y el caudal total<br \/>\nAlimentaci\u00f3n: 24VDC, Salida: 4-20mA<\/p>\n<p><strong>caracter\u00edsticas<\/strong><br \/>\n1.Puntos de consigna ON\/OFF ajustables<br \/>\n2.Modo de alarma de caudal alto o bajo<br \/>\n3.Tiempo de retardo ajustable<br \/>\n4.LED de estado del rel\u00e9<\/p>","protected":false},"featured_media":3691,"comment_status":"closed","ping_status":"closed","template":"","meta":[],"product_cat":[2372],"product_tag":[],"acf":[],"_links":{"self":[{"href":"https:\/\/www.hginstrument.com\/es\/wp-json\/wp\/v2\/product\/5293"}],"collection":[{"href":"https:\/\/www.hginstrument.com\/es\/wp-json\/wp\/v2\/product"}],"about":[{"href":"https:\/\/www.hginstrument.com\/es\/wp-json\/wp\/v2\/types\/product"}],"replies":[{"embeddable":true,"href":"https:\/\/www.hginstrument.com\/es\/wp-json\/wp\/v2\/comments?post=5293"}],"wp:featuredmedia":[{"embeddable":true,"href":"https:\/\/www.hginstrument.com\/es\/wp-json\/wp\/v2\/media\/3691"}],"wp:attachment":[{"href":"https:\/\/www.hginstrument.com\/es\/wp-json\/wp\/v2\/media?parent=5293"}],"wp:term":[{"taxonomy":"product_cat","embeddable":true,"href":"https:\/\/www.hginstrument.com\/es\/wp-json\/wp\/v2\/product_cat?post=5293"},{"taxonomy":"product_tag","embeddable":true,"href":"https:\/\/www.hginstrument.com\/es\/wp-json\/wp\/v2\/product_tag?post=5293"}],"curies":[{"name":"wp","href":"https:\/\/api.w.org\/{rel}","templated":true}]}}