{"id":5303,"date":"2023-12-24T01:37:06","date_gmt":"2023-12-23T17:37:06","guid":{"rendered":"https:\/\/www.hginstrument.com\/?post_type=product&#038;p=5303"},"modified":"2023-12-24T01:39:12","modified_gmt":"2023-12-23T17:39:12","slug":"flow-meter-valve","status":"publish","type":"product","link":"https:\/\/www.hginstrument.com\/es\/magnetic-flow-meter\/flow-meter-valve\/","title":{"rendered":"v\u00e1lvula del caudal\u00edmetro"},"content":{"rendered":"<p>With its high flow range and precise reading capabilities, flow meter valve is the ideal choice for industries such as oil and gas, water treatment, and chemical processing. Upgrade your liquid measurement process with flow meter valve and experience unparalleled performance and value. Trust flow meter valve to give you the most accurate and efficient flow measurements every time.<\/p>\n<p>flow meter valve is equipped with a user-friendly interface that allows for easy operation and monitoring. It also offers a variety of installation options, including inline, insertion, and clamp-on, making it suitable for a wide range of pipelines and systems. Additionally, it is compatible with various communication protocols and can be integrated into existing systems seamlessly.<\/p>\n<p>Our flow meter valve comes with advanced data logging capabilities, allowing you to store and analyze flow data in real-time. It also has the ability to generate detailed reports and charts for better data visualization and analysis. With these features, you can track and optimize your flow processes for improved efficiency and cost-effectiveness.<\/p>\n<p>&nbsp;<\/p>\n<table class=\"table table-bordered\">\n<tbody>\n<tr>\n<td><span style=\"vertical-align: inherit;\"><span style=\"vertical-align: inherit;\">Tipo\uff1a<\/span><\/span><\/td>\n<td><span style=\"vertical-align: inherit;\">v\u00e1lvula del caudal\u00edmetro<\/span><\/td>\n<td><span style=\"vertical-align: inherit;\"><span style=\"vertical-align: inherit;\">Se\u00f1al de salida\uff1a<\/span><\/span><\/td>\n<td><span style=\"vertical-align: inherit;\"><span style=\"vertical-align: inherit;\">4-17mA, Pulso\/Frecuencia 2kHz(Predeterminado), 5KHz(Max)<\/span><\/span><\/td>\n<\/tr>\n<tr>\n<td><span style=\"vertical-align: inherit;\"><span style=\"vertical-align: inherit;\">Lugar de origen\uff1a<\/span><\/span><\/td>\n<td><span style=\"vertical-align: inherit;\"><span style=\"vertical-align: inherit;\">Jiangsu\uff0cChina<\/span><\/span><\/td>\n<td><span style=\"vertical-align: inherit;\"><span style=\"vertical-align: inherit;\">Incorporar tipo\uff1a<\/span><\/span><\/td>\n<td><span style=\"vertical-align: inherit;\"><span style=\"vertical-align: inherit;\">-10\u2103- +59\u2103<\/span><\/span><\/td>\n<\/tr>\n<tr>\n<td><span style=\"vertical-align: inherit;\"><span style=\"vertical-align: inherit;\">Garant\u00eda\uff1a<\/span><\/span><\/td>\n<td><span style=\"vertical-align: inherit;\"><span style=\"vertical-align: inherit;\">23 meses<\/span><\/span><\/td>\n<td><span style=\"vertical-align: inherit;\"><span style=\"vertical-align: inherit;\">Tensi\u00f3n de alimentaci\u00f3n\uff1a<\/span><\/span><\/td>\n<td><span style=\"vertical-align: inherit;\"><span style=\"vertical-align: inherit;\">110\/220VAC (100-240VAC), 50Hz\/60Hz; 24VDC\u00b110%<\/span><\/span><\/td>\n<\/tr>\n<tr>\n<td><span style=\"vertical-align: inherit;\"><span style=\"vertical-align: inherit;\">Asistencia personalizada\uff1a<\/span><\/span><\/td>\n<td><span style=\"vertical-align: inherit;\"><span style=\"vertical-align: inherit;\">OEM, ODM, OBM<\/span><\/span><\/td>\n<td><span style=\"vertical-align: inherit;\"><span style=\"vertical-align: inherit;\">Comunicaci\u00f3n digital\uff1a<\/span><\/span><\/td>\n<td><span style=\"vertical-align: inherit;\"><span style=\"vertical-align: inherit;\">RS-485, compatible con el protocolo est\u00e1ndar Mudbugs-RTU; GPRS<\/span><\/span><\/td>\n<\/tr>\n<tr>\n<td><span style=\"vertical-align: inherit;\"><span style=\"vertical-align: inherit;\">Marca\uff1a<\/span><\/span><\/td>\n<td><span style=\"vertical-align: inherit;\"><span style=\"vertical-align: inherit;\">GRUPO SUYI<\/span><\/span><\/td>\n<td><span style=\"vertical-align: inherit;\"><span style=\"vertical-align: inherit;\">Presi\u00f3n nominal\uff1a<\/span><\/span><\/td>\n<td><span style=\"vertical-align: inherit;\"><span style=\"vertical-align: inherit;\">1MPa (DN15-DN800), 1,6MPa(DN15-DN800), 2,5MPa(DN15-DN600)<\/span><\/span><\/td>\n<\/tr>\n<tr>\n<td><span style=\"vertical-align: inherit;\"><span style=\"vertical-align: inherit;\">N\u00famero de modelo\uff1a<\/span><\/span><\/td>\n<td><span style=\"vertical-align: inherit;\"><span style=\"vertical-align: inherit;\">otros<\/span><\/span><\/td>\n<td><span style=\"vertical-align: inherit;\"><span style=\"vertical-align: inherit;\">Sensor\uff1a<\/span><\/span><\/td>\n<td><span style=\"vertical-align: inherit;\"><span style=\"vertical-align: inherit;\">0\u2103- +80\u2103 o -25\u2103- +120\u2103 o +70\u2103- +250\u2103<\/span><\/span><\/td>\n<\/tr>\n<tr>\n<td><span style=\"vertical-align: inherit;\"><span style=\"vertical-align: inherit;\">Nombre del producto\uff1a<\/span><\/span><\/td>\n<td><span style=\"vertical-align: inherit;\"><span style=\"vertical-align: inherit;\">Medidor de caudal de agua qu\u00edmico digital inteligente electromagn\u00e9tico<\/span><\/span><\/td>\n<td><span style=\"vertical-align: inherit;\"><span style=\"vertical-align: inherit;\">Detalles del embalaje\uff1a<\/span><\/span><\/td>\n<td><span style=\"vertical-align: inherit;\"><span style=\"vertical-align: inherit;\">1 Juego por paquete o seg\u00fan pedido del cliente<\/span><\/span><\/td>\n<\/tr>\n<tr>\n<td><span style=\"vertical-align: inherit;\"><span style=\"vertical-align: inherit;\">Di\u00e1metro nominal\uff1a<\/span><\/span><\/td>\n<td><span style=\"vertical-align: inherit;\"><span style=\"vertical-align: inherit;\">3-3005mm<\/span><\/span><\/td>\n<td><span style=\"vertical-align: inherit;\"><span style=\"vertical-align: inherit;\">Capacidad de suministro\uff1a<\/span><\/span><\/td>\n<td><span style=\"vertical-align: inherit;\"><span style=\"vertical-align: inherit;\">1704 Set\/Sets per Month<\/span><\/span><\/td>\n<\/tr>\n<tr>\n<td><span style=\"vertical-align: inherit;\"><span style=\"vertical-align: inherit;\">rango de velocidad\uff1a<\/span><\/span><\/td>\n<td><span style=\"vertical-align: inherit;\"><span style=\"vertical-align: inherit;\">0-13 m\/s<\/span><\/span><\/td>\n<td><span style=\"vertical-align: inherit;\"><span style=\"vertical-align: inherit;\">Cantidad (juegos)\uff1a<\/span><\/span><\/td>\n<td><span style=\"vertical-align: inherit;\"><span style=\"vertical-align: inherit;\">&gt; 30<\/span><\/span><\/td>\n<\/tr>\n<tr>\n<td><span style=\"vertical-align: inherit;\"><span style=\"vertical-align: inherit;\">Grado de precisi\u00f3n\uff1a<\/span><\/span><\/td>\n<td><span style=\"vertical-align: inherit;\"><span style=\"vertical-align: inherit;\">\u00b10,5%R, \u00b11%R ( &lt; DN20)<\/span><\/span><\/td>\n<td><span style=\"vertical-align: inherit;\"><span style=\"vertical-align: inherit;\">Plazo de entrega (d\u00edas)\uff1a<\/span><\/span><\/td>\n<td><span style=\"vertical-align: inherit;\"><span style=\"vertical-align: inherit;\">A negociar<\/span><\/span><\/td>\n<\/tr>\n<\/tbody>\n<\/table>\n<p>&nbsp;<\/p>\n<p><strong><\/strong><\/p>\n<p style=\"text-align:center;\"><img src=\"https:\/\/www.hginstrument.com\/wp-content\/uploads\/2021\/07\/in-line-pipeline-type-hgd-electromagnetic-flow-meter.jpg\" atl=\"flow meter valve\" title=\"v\u00e1lvula del caudal\u00edmetro\"><\/p>\n<p><strong><\/strong><\/p>\n<p style=\"text-align:center;\"><img src=\"https:\/\/www.hginstrument.com\/wp-content\/uploads\/2021\/07\/insertion-01.jpg\" atl=\"flow meter valve\" title=\"v\u00e1lvula del caudal\u00edmetro\"><\/p>\n<p><strong><\/strong><\/p>\n<p style=\"text-align:center;\"><img src=\"https:\/\/www.hginstrument.com\/wp-content\/uploads\/2021\/07\/sanitary-mag-1.jpg\" atl=\"flow meter valve\" title=\"v\u00e1lvula del caudal\u00edmetro\"><\/p>\n<p><strong>flow meter valve FAQs Guide.<\/p>\n<p>At the heart of our flow meter valve series lies a commitment to excellence, blending advanced sensor technology with user-friendly interfaces. From liquid to gas, our meters deliver unparalleled accuracy, empowering you to make informed decisions and streamline operations. As we usher in a new era of fluid measurement, we invite you to explore the limitless possibilities that our flow meter valves unlock \u2013 where precision meets performance, and innovation flows seamlessly.<\/strong><\/p>\n<div style=\"border:3px solid #f89900;margin:20px 0;padding:20px;\"><a href=\"\/es\/flow-meter-valve\/#01\">1.How does the flow meter valve detect the properties of the target fluid?<\/a><br \/><a href=\"\/es\/flow-meter-valve\/#02\">2.What is the response time of the flow meter valve?<\/a><br \/><a href=\"\/es\/flow-meter-valve\/#03\">3.About flow meter valve quality system<\/a><br \/><a href=\"\/es\/flow-meter-valve\/#04\">4.What industries is flow meter valve suitable for?<\/a><br \/><a href=\"\/es\/flow-meter-valve\/#05\">5.About flow meter valve warranty<\/a><br \/><a href=\"\/es\/flow-meter-valve\/#06\">6.Can flow meter valve be monitored remotely?<\/a><br \/><a href=\"\/es\/flow-meter-valve\/#07\">7.Does the flow meter valve have remote control capabilities?<\/a><br \/><a href=\"\/es\/flow-meter-valve\/#08\">8.About the development history of flow meter valve factory<\/a><br \/><a href=\"\/es\/flow-meter-valve\/#09\">9.Is the flow meter valve waterproof?<\/a><br \/><a href=\"\/es\/flow-meter-valve\/#010\">10.About flow meter valve origin<\/a><br \/><a href=\"\/es\/flow-meter-valve\/#11\">11.Does the flow meter valve have data storage capabilities?<\/a><br \/><a href=\"\/es\/flow-meter-valve\/#12\">12.About flow meter valve delivery date<\/a><br \/><a href=\"\/es\/flow-meter-valve\/#13\">13.About flow meter valve R&#038;D capabilities<\/a><br \/><a href=\"\/es\/flow-meter-valve\/#14\">14.About flow meter valve production capacity<\/a><br \/><a href=\"\/es\/flow-meter-valve\/#15\">15.Does flow meter valve have real-time monitoring function?<\/a><br \/><a href=\"\/es\/flow-meter-valve\/#16\">16.About flow meter valve technology<\/a><br \/><a href=\"\/es\/flow-meter-valve\/#17\">17.About flow meter valve production equipment<\/a><\/div>\n<div name=\"01\" id=\"01\">\n<p><strong>1.How does the flow meter valve detect the properties of the target fluid?<\/strong><\/p>\n<p>As one of the flow meter valve market leaders, we are known for innovation and reliability.<br \/>\nLos caudal\u00edmetros miden el caudal de un fluido detectando su velocidad. Esto se hace normalmente midiendo la ca\u00edda de presi\u00f3n a trav\u00e9s de una restricci\u00f3n conocida en la trayectoria del flujo, o midiendo la velocidad del fluido utilizando una variedad de tecnolog\u00edas como ultrasonidos, magn\u00e9tica o t\u00e9rmica. El caudal puede utilizarse entonces para calcular las propiedades del fluido, como la densidad, la viscosidad y el caudal volum\u00e9trico.<\/p>\n<\/div>\n<div name=\"02\" id=\"02\">\n<p><strong>2.What is the response time of the flow meter valve?<\/strong><\/p>\n<p>Hemos establecido asociaciones estables y a largo plazo con nuestros proveedores, por lo que tenemos grandes ventajas en precio y coste y en garant\u00eda de calidad.<br \/>\nEl tiempo de respuesta de un caudal\u00edmetro puede variar en funci\u00f3n del tipo de caudal\u00edmetro utilizado. Por lo general, el tiempo de respuesta de un caudal\u00edmetro oscila entre 0,1 y 1 segundo.<\/p>\n<\/div>\n<div name=\"03\" id=\"03\">\n<p><strong>3.About flow meter valve quality system<\/strong><\/p>\n<p>Un sistema de calidad de caudal\u00edmetros es un conjunto de procesos y procedimientos que se utilizan para garantizar que los caudal\u00edmetros se fabrican y prueban para cumplir los m\u00e1s altos est\u00e1ndares de precisi\u00f3n y fiabilidad. El sistema incluye medidas de control de calidad como la inspecci\u00f3n del material entrante, la inspecci\u00f3n durante el proceso y las pruebas del producto final. Tambi\u00e9n incluye la documentaci\u00f3n y el mantenimiento de registros para garantizar que se siguen todos los procesos y que cualquier problema se aborda con rapidez y eficacia. El sistema est\u00e1 dise\u00f1ado para garantizar que los caudal\u00edmetros producidos sean de la m\u00e1xima calidad y cumplan los requisitos del cliente.<\/p>\n<\/div>\n<div name=\"04\" id=\"04\">\n<p><strong>4.What industries is flow meter valve suitable for?<\/strong><\/p>\n<p>Mantenemos una cierta inversi\u00f3n en I+D cada a\u00f1o y mejoramos continuamente la eficiencia operativa para ofrecer mejores servicios a nuestros clientes cooperativos.<br \/>\nLos caudal\u00edmetros son adecuados para una amplia gama de industrias, como las del petr\u00f3leo y el gas, el agua y las aguas residuales, el procesamiento qu\u00edmico, la alimentaci\u00f3n y las bebidas, la industria farmac\u00e9utica, la generaci\u00f3n de energ\u00eda y la calefacci\u00f3n, ventilaci\u00f3n y aire acondicionado.<\/p>\n<\/div>\n<div name=\"05\" id=\"05\">\n<p><strong>5.About flow meter valve warranty<\/strong><\/p>\n<p>Las garant\u00edas de los caudal\u00edmetros var\u00edan en funci\u00f3n del fabricante y del tipo de caudal\u00edmetro. Por lo general, las garant\u00edas cubren los defectos de materiales y mano de obra, y tambi\u00e9n pueden cubrir ciertos tipos de da\u00f1os causados por el uso normal. Algunas garant\u00edas tambi\u00e9n pueden cubrir los da\u00f1os causados por una instalaci\u00f3n o un uso inadecuados. Es importante leer la informaci\u00f3n sobre la garant\u00eda proporcionada por el fabricante para comprender la cobertura espec\u00edfica y las limitaciones de la garant\u00eda.<\/p>\n<p><img src=\"https:\/\/www.hginstrument.com\/wp-content\/uploads\/2021\/07\/dsrt-1.jpg\" alt=\"About flow meter valve warranty\" title=\"About flow meter valve warranty\" style=\"max-width: 100%;\"><\/div>\n<div name=\"06\" id=\"06\">\n<p><strong>6.Can flow meter valve be monitored remotely?<\/strong><\/p>\n<p>We are a professional flow meter valve company dedicated to providing high quality products and services.<br \/>\nS\u00ed, los caudal\u00edmetros pueden supervisarse a distancia. Muchos caudal\u00edmetros modernos est\u00e1n equipados con capacidades de comunicaci\u00f3n inal\u00e1mbrica, lo que permite supervisarlos a distancia a trav\u00e9s de un ordenador o dispositivo m\u00f3vil. Adem\u00e1s, algunos caudal\u00edmetros est\u00e1n equipados con capacidades de comunicaci\u00f3n por tel\u00e9fono m\u00f3vil o por sat\u00e9lite, lo que permite supervisarlos desde pr\u00e1cticamente cualquier lugar.<\/p>\n<\/div>\n<div name=\"07\" id=\"07\">\n<p><strong>7.Does the flow meter valve have remote control capabilities?<\/strong><\/p>\n<p>Nos centramos en las necesidades de nuestros clientes y nos esforzamos por satisfacer sus expectativas, por lo que nos lo tomamos muy en serio.<br \/>\nDepende del modelo concreto de caudal\u00edmetro. Algunos modelos pueden tener capacidad de control remoto, mientras que otros no.<\/p>\n<\/div>\n<div name=\"08\" id=\"08\">\n<p><strong>8.About the development history of flow meter valve factory<\/strong><\/p>\n<p>La f\u00e1brica de caudal\u00edmetros se cre\u00f3 a principios de la d\u00e9cada de 1990. Fue fundada por un grupo de ingenieros y t\u00e9cnicos con amplia experiencia en el dise\u00f1o y la fabricaci\u00f3n de caudal\u00edmetros. La empresa se centr\u00f3 inicialmente en la producci\u00f3n de caudal\u00edmetros mec\u00e1nicos, pero pronto ampli\u00f3 su gama de productos para incluir caudal\u00edmetros electr\u00f3nicos. A lo largo de los a\u00f1os, la empresa ha desarrollado una amplia gama de caudal\u00edmetros para diversas aplicaciones, incluidas las industriales, comerciales y residenciales. La empresa tambi\u00e9n ha desarrollado una gama de soluciones de software y hardware para la medici\u00f3n y el control del caudal. En la actualidad, la empresa es uno de los principales fabricantes de caudal\u00edmetros y productos relacionados, y est\u00e1 reconocida como l\u00edder del sector.<\/p>\n<\/div>\n<div name=\"09\" id=\"09\">\n<p><strong>9.Is the flow meter valve waterproof?<\/strong><\/p>\n<p>Nos centramos en las necesidades de nuestros clientes y nos esforzamos por satisfacer sus expectativas, por lo que nos lo tomamos muy en serio.<br \/>\nNo, la mayor\u00eda de los caudal\u00edmetros no son impermeables. Sin embargo, algunos modelos pueden estar dise\u00f1ados para ser resistentes al agua o impermeables. Es importante comprobar las especificaciones del caudal\u00edmetro para determinar si es adecuado para su uso en entornos h\u00famedos o mojados.<\/p>\n<\/div>\n<div name=\"010\" id=\"010\">\n<p><strong>10.About flow meter valve origin<\/strong><\/p>\n<p>El primer caudal\u00edmetro fue inventado en 1832 por un ingl\u00e9s llamado William Henry. Desarroll\u00f3 un dispositivo que utilizaba un flotador para medir el caudal de agua en una tuber\u00eda. Este dispositivo fue el primero de su clase y el precursor de los caudal\u00edmetros modernos. Desde entonces, los caudal\u00edmetros se han utilizado en diversas industrias para medir el caudal de l\u00edquidos, gases y otros materiales. Hoy en d\u00eda, los caudal\u00edmetros se utilizan en una gran variedad de aplicaciones, desde la medici\u00f3n del caudal de agua en una tuber\u00eda hasta la medici\u00f3n del caudal de petr\u00f3leo en una refiner\u00eda.<\/p>\n<p><img src=\"https:\/\/www.hginstrument.com\/wp-content\/uploads\/2021\/07\/hguoc-1.jpg\" alt=\"About flow meter valve origin\" title=\"About flow meter valve origin\" style=\"max-width: 100%;\"><\/div>\n<div name=\"11\" id=\"11\">\n<p><strong>11.Does the flow meter valve have data storage capabilities?<\/strong><\/p>\n<p>Nos centramos en la innovaci\u00f3n y la mejora continua para mantener una ventaja competitiva.<br \/>\nDepende del tipo de caudal\u00edmetro. Algunos caudal\u00edmetros tienen capacidad de almacenamiento de datos, mientras que otros no.<\/p>\n<\/div>\n<div name=\"12\" id=\"12\">\n<p><strong>12.About flow meter valve delivery date<\/strong><\/p>\n<p>La fecha de entrega de un caudal\u00edmetro depender\u00e1 del tipo de caudal\u00edmetro, del fabricante y de la disponibilidad del producto. Por lo general, la mayor\u00eda de los caudal\u00edmetros pueden entregarse en un plazo que oscila entre unos d\u00edas y unas semanas. Sin embargo, algunos caudal\u00edmetros especializados pueden tardar m\u00e1s en entregarse. Lo mejor es ponerse en contacto directamente con el fabricante para obtener una fecha de entrega exacta.<\/p>\n<\/div>\n<div name=\"13\" id=\"13\">\n<p><strong>13.About flow meter valve R&#038;D capabilities<\/strong><\/p>\n<p>Las capacidades de I+D en caudal\u00edmetros se refieren a la capacidad de una empresa u organizaci\u00f3n para investigar, desarrollar y fabricar caudal\u00edmetros. Esto incluye la capacidad de dise\u00f1ar, probar y fabricar caudal\u00edmetros que cumplan los requisitos del cliente y las normas del sector. Tambi\u00e9n incluye la capacidad de desarrollar nuevas tecnolog\u00edas y productos para satisfacer las necesidades cambiantes de la industria. Las empresas con una s\u00f3lida capacidad de I+D pueden adelantarse a la competencia y ofrecer a sus clientes los caudal\u00edmetros m\u00e1s avanzados y fiables.<\/p>\n<\/div>\n<div name=\"14\" id=\"14\">\n<p><strong>14.About flow meter valve production capacity<\/strong><\/p>\n<p>La capacidad de producci\u00f3n de caudal\u00edmetros depende del tipo de caudal\u00edmetro que se fabrique. Por lo general, la capacidad de producci\u00f3n viene determinada por el tama\u00f1o de la instalaci\u00f3n de producci\u00f3n, el n\u00famero de m\u00e1quinas y personal disponible y el tipo de caudal\u00edmetro que se fabrica. Por ejemplo, una planta de producci\u00f3n especializada en la fabricaci\u00f3n de caudal\u00edmetros de turbina puede tener una capacidad de producci\u00f3n mayor que una planta de producci\u00f3n de caudal\u00edmetros ultras\u00f3nicos. Adem\u00e1s, la capacidad de producci\u00f3n de una instalaci\u00f3n puede verse afectada por la complejidad del caudal\u00edmetro fabricado, as\u00ed como por la disponibilidad de materias primas y componentes.<\/p>\n<\/div>\n<div name=\"15\" id=\"15\">\n<p><strong>15.Does flow meter valve have real-time monitoring function?<\/strong><\/p>\n<p>S\u00ed, algunos caudal\u00edmetros tienen funciones de supervisi\u00f3n en tiempo real. Estos contadores suelen estar equipados con sensores que miden el caudal y transmiten los datos a un sistema de supervisi\u00f3n. Esto permite controlar en tiempo real el caudal y otros par\u00e1metros.<\/p>\n<p><img src=\"https:\/\/www.hginstrument.com\/wp-content\/uploads\/2021\/07\/oval-gear-4.jpg\" alt=\"Does flow meter valve have real-time monitoring function?\" title=\"Does flow meter valve have real-time monitoring function?\" style=\"max-width: 100%;\"><\/div>\n<div name=\"16\" id=\"16\">\n<p><strong>16.About flow meter valve technology<\/strong><\/p>\n<p>La tecnolog\u00eda de caudal\u00edmetros es un tipo de tecnolog\u00eda de medici\u00f3n utilizada para medir el caudal de un fluido o gas. Se utiliza en diversas industrias, como las del petr\u00f3leo y el gas, el agua y las aguas residuales, y el procesamiento qu\u00edmico. Los caudal\u00edmetros miden el caudal de un fluido o gas midiendo la presi\u00f3n, la velocidad u otras propiedades f\u00edsicas del fluido o gas. Los caudal\u00edmetros pueden utilizarse para medir el caudal de l\u00edquidos, gases y vapor. Se utilizan para medir el caudal de una gran variedad de fluidos, como agua, aceite y productos qu\u00edmicos. Los caudal\u00edmetros se utilizan en diversas aplicaciones, como el control de procesos, la gesti\u00f3n de la energ\u00eda y la supervisi\u00f3n de la seguridad.<\/p>\n<\/div>\n<div name=\"17\" id=\"17\">\n<p><strong>17.About flow meter valve production equipment<\/strong><\/p>\n<p>El equipo de producci\u00f3n de caudal\u00edmetros se utiliza para fabricar caudal\u00edmetros, que son dispositivos utilizados para medir la velocidad de flujo de un l\u00edquido o gas. Este equipo suele incluir diversas m\u00e1quinas y herramientas, como tornos, fresadoras, taladradoras y m\u00e1quinas CNC. Tambi\u00e9n incluye herramientas especializadas para ensamblar y probar caudal\u00edmetros. El equipo utilizado para producir caudal\u00edmetros es altamente especializado y debe ser capaz de producir resultados precisos y fiables.<\/p>\n<\/div>\n<p>Etiqueta\uff1a<a href=\"\/es\/magnetic-flow-meter\/clamp-on-ultrasonic-flow-meter\/\">caudal\u00edmetro ultras\u00f3nico de pinza<\/a>,<a href=\"\/es\/magnetic-flow-meter\/walgreens-peak-flow-meter\/\">medidor de flujo m\u00e1ximo walgreens<\/a>,<a href=\"\/es\/magnetic-flow-meter\/garmin-fuel-flow-meter\/\">garmin fuel flow meter<\/a>,<a href=\"\/es\/magnetic-flow-meter\/turbines-inc-flow-meter\/\">turbines inc flow meter<\/a><\/p>\n<p><\/p>","protected":false},"excerpt":{"rendered":"<p><strong>Datos t\u00e9cnicos<\/strong><br \/>\nPuede servir para fluidos l\u00edquidos o gaseosos, normalmente se utiliza para medir el caudal de vapor, aire y gas natural.<br \/>\nTama\u00f1o del contador: Tipo en l\u00ednea: DN25 - DN300<br \/>\nOpci\u00f3n de material mojado: SS304, SS316<br \/>\nTemperatura de funcionamiento: \u2264250\u2103<br \/>\nConexi\u00f3n a proceso: Wafer \/ Brida \/ Tri-clamp para tipo en l\u00ednea<br \/>\nPrecisi\u00f3n de medici\u00f3n: 1,0 % - 1,5% del intervalo de calibraci\u00f3n<br \/>\nIndicador digital: muestra el caudal instant\u00e1neo y el caudal total<br \/>\nAlimentaci\u00f3n: 24VDC, Salida: 4-20mA<\/p>\n<p><strong>caracter\u00edsticas<\/strong><br \/>\n1.Puntos de consigna ON\/OFF ajustables<br \/>\n2.Modo de alarma de caudal alto o bajo<br \/>\n3.Tiempo de retardo ajustable<br \/>\n4.LED de estado del rel\u00e9<\/p>","protected":false},"featured_media":3691,"comment_status":"closed","ping_status":"closed","template":"","meta":[],"product_cat":[2372],"product_tag":[],"acf":[],"_links":{"self":[{"href":"https:\/\/www.hginstrument.com\/es\/wp-json\/wp\/v2\/product\/5303"}],"collection":[{"href":"https:\/\/www.hginstrument.com\/es\/wp-json\/wp\/v2\/product"}],"about":[{"href":"https:\/\/www.hginstrument.com\/es\/wp-json\/wp\/v2\/types\/product"}],"replies":[{"embeddable":true,"href":"https:\/\/www.hginstrument.com\/es\/wp-json\/wp\/v2\/comments?post=5303"}],"wp:featuredmedia":[{"embeddable":true,"href":"https:\/\/www.hginstrument.com\/es\/wp-json\/wp\/v2\/media\/3691"}],"wp:attachment":[{"href":"https:\/\/www.hginstrument.com\/es\/wp-json\/wp\/v2\/media?parent=5303"}],"wp:term":[{"taxonomy":"product_cat","embeddable":true,"href":"https:\/\/www.hginstrument.com\/es\/wp-json\/wp\/v2\/product_cat?post=5303"},{"taxonomy":"product_tag","embeddable":true,"href":"https:\/\/www.hginstrument.com\/es\/wp-json\/wp\/v2\/product_tag?post=5303"}],"curies":[{"name":"wp","href":"https:\/\/api.w.org\/{rel}","templated":true}]}}