{"id":5334,"date":"2023-12-24T02:47:49","date_gmt":"2023-12-23T18:47:49","guid":{"rendered":"https:\/\/www.hginstrument.com\/?post_type=product&#038;p=5334"},"modified":"2024-01-08T14:25:49","modified_gmt":"2024-01-08T06:25:49","slug":"flume-flow-meter","status":"publish","type":"product","link":"https:\/\/www.hginstrument.com\/es\/magnetic-flow-meter\/flume-flow-meter\/","title":{"rendered":"caudal\u00edmetro de canal"},"content":{"rendered":"<p>El caudal\u00edmetro de canal es un dispositivo de medici\u00f3n de caudal muy avanzado y personalizable dise\u00f1ado para una amplia gama de aplicaciones industriales y comerciales. Este dispositivo utiliza tecnolog\u00eda de vanguardia, incluidos sensores de precisi\u00f3n y algoritmos avanzados, para medir y controlar con precisi\u00f3n los caudales de diversos l\u00edquidos y gases.<\/p>\n<p>El caudal\u00edmetro de canal es un instrumento de precisi\u00f3n dise\u00f1ado para medir el caudal de l\u00edquido o gas en una tuber\u00eda. Es una herramienta importante en las industrias del petr\u00f3leo y el gas, qu\u00edmica, alimentaria, de tratamiento de aguas y muchas otras.<\/p>\n<p>Gracias a su avanzada tecnolog\u00eda y gran precisi\u00f3n, el caudal\u00edmetro de canal ofrece a los usuarios la posibilidad de supervisar y controlar el caudal de sus procesos con precisi\u00f3n y eficacia. Gracias a su construcci\u00f3n duradera, puede soportar duras condiciones de funcionamiento y ofrecer fiabilidad a largo plazo.<\/p>\n<table class=\"table table-bordered\">\n<tbody>\n<tr>\n<td><span style=\"vertical-align: inherit;\"><span style=\"vertical-align: inherit;\">Tipo\uff1a<\/span><\/span><\/td>\n<td><span style=\"vertical-align: inherit;\">caudal\u00edmetro de canal<\/span><\/td>\n<td><span style=\"vertical-align: inherit;\"><span style=\"vertical-align: inherit;\">Se\u00f1al de salida\uff1a<\/span><\/span><\/td>\n<td><span style=\"vertical-align: inherit;\"><span style=\"vertical-align: inherit;\">4-20 mA, Pulso\/Frecuencia 2kHz(Predeterminado), 5KHz(Max)<\/span><\/span><\/td>\n<\/tr>\n<tr>\n<td><span style=\"vertical-align: inherit;\"><span style=\"vertical-align: inherit;\">Lugar de origen\uff1a<\/span><\/span><\/td>\n<td><span style=\"vertical-align: inherit;\"><span style=\"vertical-align: inherit;\">Jiangsu\uff0cChina<\/span><\/span><\/td>\n<td><span style=\"vertical-align: inherit;\"><span style=\"vertical-align: inherit;\">Incorporar tipo\uff1a<\/span><\/span><\/td>\n<td><span style=\"vertical-align: inherit;\"><span style=\"vertical-align: inherit;\">-10\u2103- +60\u2103<\/span><\/span><\/td>\n<\/tr>\n<tr>\n<td><span style=\"vertical-align: inherit;\"><span style=\"vertical-align: inherit;\">Garant\u00eda\uff1a<\/span><\/span><\/td>\n<td><span style=\"vertical-align: inherit;\"><span style=\"vertical-align: inherit;\">24 meses<\/span><\/span><\/td>\n<td><span style=\"vertical-align: inherit;\"><span style=\"vertical-align: inherit;\">Tensi\u00f3n de alimentaci\u00f3n\uff1a<\/span><\/span><\/td>\n<td><span style=\"vertical-align: inherit;\"><span style=\"vertical-align: inherit;\">110\/220VAC (100-240VAC), 50Hz\/60Hz; 24VDC\u00b110%<\/span><\/span><\/td>\n<\/tr>\n<tr>\n<td><span style=\"vertical-align: inherit;\"><span style=\"vertical-align: inherit;\">Asistencia personalizada\uff1a<\/span><\/span><\/td>\n<td><span style=\"vertical-align: inherit;\"><span style=\"vertical-align: inherit;\">OEM, ODM, OBM<\/span><\/span><\/td>\n<td><span style=\"vertical-align: inherit;\"><span style=\"vertical-align: inherit;\">Comunicaci\u00f3n digital\uff1a<\/span><\/span><\/td>\n<td><span style=\"vertical-align: inherit;\"><span style=\"vertical-align: inherit;\">RS-485, compatible con el protocolo est\u00e1ndar Mudbugs-RTU; GPRS<\/span><\/span><\/td>\n<\/tr>\n<tr>\n<td><span style=\"vertical-align: inherit;\"><span style=\"vertical-align: inherit;\">Marca\uff1a<\/span><\/span><\/td>\n<td><span style=\"vertical-align: inherit;\"><span style=\"vertical-align: inherit;\">GRUPO SUYI<\/span><\/span><\/td>\n<td><span style=\"vertical-align: inherit;\"><span style=\"vertical-align: inherit;\">Presi\u00f3n nominal\uff1a<\/span><\/span><\/td>\n<td><span style=\"vertical-align: inherit;\"><span style=\"vertical-align: inherit;\">1MPa (DN15-DN800), 1,6MPa(DN15-DN800), 2,5MPa(DN15-DN600)<\/span><\/span><\/td>\n<\/tr>\n<tr>\n<td><span style=\"vertical-align: inherit;\"><span style=\"vertical-align: inherit;\">N\u00famero de modelo\uff1a<\/span><\/span><\/td>\n<td><span style=\"vertical-align: inherit;\"><span style=\"vertical-align: inherit;\">otros<\/span><\/span><\/td>\n<td><span style=\"vertical-align: inherit;\"><span style=\"vertical-align: inherit;\">Sensor\uff1a<\/span><\/span><\/td>\n<td><span style=\"vertical-align: inherit;\"><span style=\"vertical-align: inherit;\">0\u2103- +80\u2103 o -25\u2103- +120\u2103 o +70\u2103- +250\u2103<\/span><\/span><\/td>\n<\/tr>\n<tr>\n<td><span style=\"vertical-align: inherit;\"><span style=\"vertical-align: inherit;\">Nombre del producto\uff1a<\/span><\/span><\/td>\n<td><span style=\"vertical-align: inherit;\"><span style=\"vertical-align: inherit;\">Medidor de caudal de agua qu\u00edmico digital inteligente electromagn\u00e9tico<\/span><\/span><\/td>\n<td><span style=\"vertical-align: inherit;\"><span style=\"vertical-align: inherit;\">Detalles del embalaje\uff1a<\/span><\/span><\/td>\n<td><span style=\"vertical-align: inherit;\"><span style=\"vertical-align: inherit;\">1 Juego por paquete o seg\u00fan pedido del cliente<\/span><\/span><\/td>\n<\/tr>\n<tr>\n<td><span style=\"vertical-align: inherit;\"><span style=\"vertical-align: inherit;\">Di\u00e1metro nominal\uff1a<\/span><\/span><\/td>\n<td><span style=\"vertical-align: inherit;\"><span style=\"vertical-align: inherit;\">3-3203 mm<\/span><\/span><\/td>\n<td><span style=\"vertical-align: inherit;\"><span style=\"vertical-align: inherit;\">Capacidad de suministro\uff1a<\/span><\/span><\/td>\n<td><span style=\"vertical-align: inherit;\"><span style=\"vertical-align: inherit;\">2164 juegos\/conjuntos al mes<\/span><\/span><\/td>\n<\/tr>\n<tr>\n<td><span style=\"vertical-align: inherit;\"><span style=\"vertical-align: inherit;\">rango de velocidad\uff1a<\/span><\/span><\/td>\n<td><span style=\"vertical-align: inherit;\"><span style=\"vertical-align: inherit;\">0-13 m\/s<\/span><\/span><\/td>\n<td><span style=\"vertical-align: inherit;\"><span style=\"vertical-align: inherit;\">Cantidad (juegos)\uff1a<\/span><\/span><\/td>\n<td><span style=\"vertical-align: inherit;\"><span style=\"vertical-align: inherit;\">&gt; 30<\/span><\/span><\/td>\n<\/tr>\n<tr>\n<td><span style=\"vertical-align: inherit;\"><span style=\"vertical-align: inherit;\">Grado de precisi\u00f3n\uff1a<\/span><\/span><\/td>\n<td><span style=\"vertical-align: inherit;\"><span style=\"vertical-align: inherit;\">\u00b10,5%R, \u00b11%R ( &lt; DN20)<\/span><\/span><\/td>\n<td><span style=\"vertical-align: inherit;\"><span style=\"vertical-align: inherit;\">Plazo de entrega (d\u00edas)\uff1a<\/span><\/span><\/td>\n<td><span style=\"vertical-align: inherit;\"><span style=\"vertical-align: inherit;\">A negociar<\/span><\/span><\/td>\n<\/tr>\n<\/tbody>\n<\/table>\n<p>&nbsp;<\/p>\n<p>&nbsp;<\/p>\n<p style=\"text-align: center;\"><img title=\"caudal\u00edmetro de canal\" src=\"https:\/\/www.hginstrument.com\/wp-content\/uploads\/2021\/07\/in-line-pipeline-type-hgd-electromagnetic-flow-meter.jpg\" \/><\/p>\n<p>&nbsp;<\/p>\n<p>&nbsp;<\/p>\n<p style=\"text-align: center;\"><img title=\"caudal\u00edmetro de canal\" src=\"https:\/\/www.hginstrument.com\/wp-content\/uploads\/2021\/07\/insertion-01.jpg\" \/><\/p>\n<p>&nbsp;<\/p>\n<p>&nbsp;<\/p>\n<p style=\"text-align: center;\"><img title=\"caudal\u00edmetro de canal\" src=\"https:\/\/www.hginstrument.com\/wp-content\/uploads\/2021\/07\/sanitary-mag-1.jpg\" \/><\/p>\n<p><strong>Gu\u00eda de preguntas frecuentes sobre caudal\u00edmetros de canal.<\/strong><\/p>\n<p>En el coraz\u00f3n de nuestra serie de caudal\u00edmetros de canal se encuentra el compromiso con la excelencia, que combina una avanzada tecnolog\u00eda de sensores con interfaces f\u00e1ciles de usar. Desde l\u00edquidos a gases, nuestros medidores ofrecen una precisi\u00f3n sin precedentes, permiti\u00e9ndole tomar decisiones informadas y agilizar las operaciones. A medida que iniciamos una nueva era en la medici\u00f3n de fluidos, le invitamos a explorar las posibilidades ilimitadas que abren nuestros caudal\u00edmetros de canal, donde la precisi\u00f3n se une al rendimiento y la innovaci\u00f3n fluye sin interrupciones.<\/p>\n<div style=\"border: 3px solid #f89900; margin: 20px 0; padding: 20px;\"><a href=\"\/es\/flume-flow-meter\/#01\">1.Acerca de la fecha de entrega del caudal\u00edmetro<\/a><br \/>\n<a href=\"\/es\/flume-flow-meter\/#02\">2.\u00bfEs anticorrosivo el caudal\u00edmetro de canal?<\/a><br \/>\n<a href=\"\/es\/flume-flow-meter\/#03\">3. \u00bfCu\u00e1l es el intervalo de presi\u00f3n aplicable al caudal\u00edmetro de canal?<\/a><br \/>\n<a href=\"\/es\/flume-flow-meter\/#04\">4.\u00bfCu\u00e1les son los tipos m\u00e1s comunes de caudal\u00edmetros de canal?<\/a><br \/>\n<a href=\"\/es\/flume-flow-meter\/#05\">5.\u00bfCu\u00e1l es la funci\u00f3n del caudal\u00edmetro de canal?<\/a><br \/>\n<a href=\"\/es\/flume-flow-meter\/#06\">6.\u00bfCu\u00e1les son los m\u00e9todos de mantenimiento del caudal\u00edmetro de canal?<\/a><br \/>\n<a href=\"\/es\/flume-flow-meter\/#07\">7.\u00bfCu\u00e1l es la diferencia entre el caudal\u00edmetro de canal del grupo SUYI y el caudal\u00edmetro de canal Endress+Hauser y el caudal\u00edmetro de canal KROHNE?<\/a><br \/>\n<a href=\"\/es\/flume-flow-meter\/#08\">8.Acerca del sistema de gesti\u00f3n de la producci\u00f3n de caudal\u00edmetros de aforo<\/a><br \/>\n<a href=\"\/es\/flume-flow-meter\/#09\">9.Acerca de los equipos de producci\u00f3n de caudal\u00edmetros de canal<\/a><br \/>\n<a href=\"\/es\/flume-flow-meter\/#010\">10.\u00bfCu\u00e1les son los requisitos para la ubicaci\u00f3n espec\u00edfica de instalaci\u00f3n del caudal\u00edmetro de canal?<\/a><br \/>\n<a href=\"\/es\/flume-flow-meter\/#11\">11.Acerca del origen del caudal\u00edmetro de canal<\/a><br \/>\n<a href=\"\/es\/flume-flow-meter\/#12\">12.\u00bfCu\u00e1les son los fallos m\u00e1s comunes y las soluciones de los caudal\u00edmetros de canal?<\/a><br \/>\n<a href=\"\/es\/flume-flow-meter\/#13\">13.Acerca del inventario de caudal\u00edmetros<\/a><br \/>\n<a href=\"\/es\/flume-flow-meter\/#14\">14.\u00bfCu\u00e1l es la diferencia entre el caudal\u00edmetro de canal del grupo SUYI y el caudal\u00edmetro de canal Emerson y el caudal\u00edmetro de canal Honeywell?<\/a><\/div>\n<div id=\"01\">\n<p><strong>1.Acerca de la fecha de entrega del caudal\u00edmetro<\/strong><\/p>\n<p>La fecha de entrega de un caudal\u00edmetro depender\u00e1 del tipo de caudal\u00edmetro, del fabricante y de la disponibilidad del producto. Por lo general, la mayor\u00eda de los caudal\u00edmetros pueden entregarse en un plazo que oscila entre unos d\u00edas y unas semanas. Sin embargo, algunos caudal\u00edmetros especializados pueden tardar m\u00e1s en entregarse. Lo mejor es ponerse en contacto directamente con el fabricante para obtener una fecha de entrega exacta.<\/p>\n<\/div>\n<div id=\"02\">\n<p><strong>2.\u00bfEs anticorrosivo el caudal\u00edmetro de canal?<\/strong><\/p>\n<p>Hemos establecido una buena reputaci\u00f3n y asociaciones fiables en el sector de los caudal\u00edmetros de canal.<br \/>\nS\u00ed, la mayor\u00eda de los caudal\u00edmetros est\u00e1n dise\u00f1ados para ser resistentes a la corrosi\u00f3n. Sin embargo, el tipo espec\u00edfico de caudal\u00edmetro y el entorno en el que se utilice determinar\u00e1n el grado de resistencia a la corrosi\u00f3n.<\/p>\n<\/div>\n<div id=\"03\">\n<p><strong>3. \u00bfCu\u00e1l es el intervalo de presi\u00f3n aplicable al caudal\u00edmetro de canal?<\/strong><\/p>\n<p>Nuestros productos y servicios cubren una amplia gama de \u00e1mbitos y satisfacen las necesidades de diferentes campos.<br \/>\nEl rango de presi\u00f3n aplicable de un caudal\u00edmetro depende del tipo de caudal\u00edmetro que se utilice. Por lo general, los caudal\u00edmetros pueden medir presiones que oscilan entre 0,1 bar y 1.000 bar.<\/p>\n<\/div>\n<div id=\"04\">\n<p><strong>4.\u00bfCu\u00e1les son los tipos m\u00e1s comunes de caudal\u00edmetros de canal?<\/strong><\/p>\n<p>Nuestra misi\u00f3n es proporcionar a los clientes las mejores soluciones para caudal\u00edmetro de canal.<br \/>\n1. Caudal\u00edmetros de presi\u00f3n diferencial<br \/>\n2. Caudal\u00edmetros de desplazamiento positivo<br \/>\n3. Caudal\u00edmetros de turbina<br \/>\n4. Caudal\u00edmetros magn\u00e9ticos<br \/>\n5. Caudal\u00edmetros ultras\u00f3nicos<br \/>\n6. Caudal\u00edmetros Coriolis<br \/>\n7. Caudal\u00edmetros de v\u00f3rtice<br \/>\n8. Caudal\u00edmetros de objetivo<br \/>\n9. Caudal\u00edmetros de \u00e1rea variable<br \/>\n10. Caudal\u00edmetros m\u00e1sicos<\/p>\n<p><img style=\"max-width: 100%;\" title=\"\u00bfCu\u00e1les son los tipos m\u00e1s comunes de caudal\u00edmetros de canal?\" src=\"https:\/\/www.hginstrument.com\/wp-content\/uploads\/2021\/07\/dsrt-1.jpg\" alt=\"\u00bfCu\u00e1les son los tipos m\u00e1s comunes de caudal\u00edmetros de canal?\" \/><\/p>\n<\/div>\n<div id=\"05\">\n<p><strong>5.\u00bfCu\u00e1l es la funci\u00f3n del caudal\u00edmetro de canal?<\/strong><\/p>\n<p>Nuestra empresa cuenta con muchos a\u00f1os de experiencia y conocimientos en caudal\u00edmetros de canal.<br \/>\nUn caudal\u00edmetro es un dispositivo utilizado para medir el caudal o la cantidad de gas o l\u00edquido que circula por una tuber\u00eda. Se utiliza para medir el caudal de un l\u00edquido o gas en un conducto cerrado. Los caudal\u00edmetros se utilizan en diversos sectores, como el tratamiento de aguas y aguas residuales, el petr\u00f3leo y el gas, y el procesamiento qu\u00edmico.<\/p>\n<\/div>\n<div id=\"06\">\n<p><strong>6.\u00bfCu\u00e1les son los m\u00e9todos de mantenimiento del caudal\u00edmetro de canal?<\/strong><\/p>\n<p>Nos centramos en la innovaci\u00f3n y la mejora continua para mantener una ventaja competitiva.<br \/>\n1. Compruebe regularmente si el caudal\u00edmetro presenta signos de desgaste o da\u00f1os.<\/p>\n<p>2. Limpie el caudal\u00edmetro con regularidad para garantizar lecturas precisas.<\/p>\n<p>3. Compruebe la precisi\u00f3n del caudal\u00edmetro realizando pruebas de calibraci\u00f3n.<\/p>\n<p>4. Sustituya lo antes posible cualquier pieza desgastada o da\u00f1ada.<\/p>\n<p>5. Aseg\u00farese de que el caudal\u00edmetro est\u00e1 correctamente instalado y conectado al sistema.<\/p>\n<p>6. Compruebe si el caudal\u00edmetro presenta signos de corrosi\u00f3n u obstrucciones.<\/p>\n<p>7. Aseg\u00farese de que el caudal\u00edmetro est\u00e1 correctamente sellado para evitar cualquier fuga.<\/p>\n<p>8. Compruebe peri\u00f3dicamente si el caudal\u00edmetro presenta alg\u00fan signo de vibraci\u00f3n o ruido.<\/p>\n<p>9. Aseg\u00farese de que el caudal\u00edmetro est\u00e1 correctamente calibrado y ajustado.<\/p>\n<p>10. Compruebe peri\u00f3dicamente que el caudal\u00edmetro no presenta signos de fugas u obstrucciones.<\/p>\n<\/div>\n<div id=\"07\">\n<p><strong>7.\u00bfCu\u00e1l es la diferencia entre el caudal\u00edmetro de canal del grupo SUYI y el caudal\u00edmetro de canal Endress+Hauser y el caudal\u00edmetro de canal KROHNE?<\/strong><\/p>\n<p>Los caudal\u00edmetros del Grupo SUYI, Endress+Hauser y KROHNE miden el caudal de un l\u00edquido o gas. Sin embargo, cada fabricante ofrece distintos tipos de caudal\u00edmetros con caracter\u00edsticas y capacidades diferentes.<\/p>\n<p>El Grupo SUYI ofrece una gran variedad de caudal\u00edmetros, incluyendo caudal\u00edmetros electromagn\u00e9ticos, ultras\u00f3nicos y de v\u00f3rtice. Estos medidores est\u00e1n dise\u00f1ados para una amplia gama de aplicaciones, incluyendo agua, petr\u00f3leo y gas.<\/p>\n<p>Endress+Hauser ofrece una gama de caudal\u00edmetros, incluidos caudal\u00edmetros Coriolis, de v\u00f3rtice y ultras\u00f3nicos. Estos medidores est\u00e1n dise\u00f1ados para una variedad de aplicaciones, incluyendo agua, petr\u00f3leo y gas.<\/p>\n<p>KROHNE ofrece una gama de medidores de caudal, incluidos medidores Coriolis, vortex y ultras\u00f3nicos. Estos medidores est\u00e1n dise\u00f1ados para una gran variedad de aplicaciones, incluyendo agua, petr\u00f3leo y gas. KROHNE tambi\u00e9n ofrece una gama de caudal\u00edmetros especializados, como el OPTIFLUX y el OPTISWIRL, dise\u00f1ados para aplicaciones espec\u00edficas.<\/p>\n<\/div>\n<div id=\"08\">\n<p><strong>8.Acerca del sistema de gesti\u00f3n de la producci\u00f3n de caudal\u00edmetros de aforo<\/strong><\/p>\n<p>Un sistema de gesti\u00f3n de la producci\u00f3n de caudal\u00edmetros es una soluci\u00f3n de software dise\u00f1ada para ayudar a los fabricantes a gestionar la producci\u00f3n de caudal\u00edmetros. El sistema puede utilizarse para realizar un seguimiento del proceso de producci\u00f3n de principio a fin, incluido el pedido de materias primas, el montaje de componentes y la comprobaci\u00f3n y calibraci\u00f3n del producto acabado. El sistema tambi\u00e9n puede utilizarse para controlar la calidad del proceso de producci\u00f3n, garantizando que los caudal\u00edmetros cumplen las normas exigidas. Adem\u00e1s, el sistema puede utilizarse para generar informes y analizar datos que ayuden a los fabricantes a mejorar sus procesos de producci\u00f3n.<\/p>\n<p><img style=\"max-width: 100%;\" title=\"Acerca del sistema de gesti\u00f3n de la producci\u00f3n de caudal\u00edmetros\" src=\"https:\/\/www.hginstrument.com\/wp-content\/uploads\/2021\/07\/hls-2000uf-1.jpg\" alt=\"Acerca del sistema de gesti\u00f3n de la producci\u00f3n de caudal\u00edmetros\" \/><\/p>\n<\/div>\n<div id=\"09\">\n<p><strong>9.Acerca de los equipos de producci\u00f3n de caudal\u00edmetros de canal<\/strong><\/p>\n<p>El equipo de producci\u00f3n de caudal\u00edmetros se utiliza para fabricar caudal\u00edmetros, que son dispositivos utilizados para medir la velocidad de flujo de un l\u00edquido o gas. Este equipo suele incluir diversas m\u00e1quinas y herramientas, como tornos, fresadoras, taladradoras y m\u00e1quinas CNC. Tambi\u00e9n incluye herramientas especializadas para ensamblar y probar caudal\u00edmetros. El equipo utilizado para producir caudal\u00edmetros es altamente especializado y debe ser capaz de producir resultados precisos y fiables.<\/p>\n<\/div>\n<div id=\"010\">\n<p><strong>10.\u00bfCu\u00e1les son los requisitos para la ubicaci\u00f3n espec\u00edfica de instalaci\u00f3n del caudal\u00edmetro de canal?<\/strong><\/p>\n<p>Operamos nuestro negocio de caudal\u00edmetros de canal con integridad y honestidad.<br \/>\n1. El caudal\u00edmetro debe instalarse en un lugar libre de vibraciones, golpes y otras fuerzas externas.<\/p>\n<p>2. El caudal\u00edmetro debe instalarse en un lugar libre de gases corrosivos, l\u00edquidos y otros contaminantes.<\/p>\n<p>3. El caudal\u00edmetro debe instalarse en un lugar accesible para su mantenimiento y calibraci\u00f3n.<\/p>\n<p>4. El caudal\u00edmetro debe instalarse en un lugar exento de temperaturas y humedad extremas.<\/p>\n<p>5. El caudal\u00edmetro debe instalarse en un lugar libre de interferencias el\u00e9ctricas.<\/p>\n<\/div>\n<div id=\"11\">\n<p><strong>11.Acerca del origen del caudal\u00edmetro de canal<\/strong><\/p>\n<p>El primer caudal\u00edmetro fue inventado en 1832 por un ingl\u00e9s llamado William Henry. Desarroll\u00f3 un dispositivo que utilizaba un flotador para medir el caudal de agua en una tuber\u00eda. Este dispositivo fue el primero de su clase y el precursor de los caudal\u00edmetros modernos. Desde entonces, los caudal\u00edmetros se han utilizado en diversas industrias para medir el caudal de l\u00edquidos, gases y otros materiales. Hoy en d\u00eda, los caudal\u00edmetros se utilizan en una gran variedad de aplicaciones, desde la medici\u00f3n del caudal de agua en una tuber\u00eda hasta la medici\u00f3n del caudal de petr\u00f3leo en una refiner\u00eda.<\/p>\n<\/div>\n<div id=\"12\">\n<p><strong>12.\u00bfCu\u00e1les son los fallos m\u00e1s comunes y las soluciones de los caudal\u00edmetros de canal?<\/strong><\/p>\n<p>Mantenemos una cierta inversi\u00f3n en I+D cada a\u00f1o y mejoramos continuamente la eficiencia operativa para ofrecer mejores servicios a nuestros clientes cooperativos.<br \/>\nEntre las aver\u00edas y soluciones m\u00e1s comunes de los caudal\u00edmetros se incluyen:<\/p>\n<p>1. Baja precisi\u00f3n: Suele deberse a una instalaci\u00f3n incorrecta o a una calibraci\u00f3n incorrecta. Para solucionarlo, compruebe la instalaci\u00f3n y la calibraci\u00f3n del caudal\u00edmetro y aseg\u00farese de que son correctas.<\/p>\n<p>2. Fugas: Suele deberse a una junta desgastada o da\u00f1ada. Para solucionarlo, sustituye la junta por una nueva.<\/p>\n<p>3. Obstrucci\u00f3n: Suele estar causado por residuos u otras part\u00edculas que obstruyen el caudal\u00edmetro. Para solucionarlo, limpie el caudal\u00edmetro y elimine cualquier resto o part\u00edcula.<\/p>\n<p>4. 4. Corrosi\u00f3n: Suele deberse a la exposici\u00f3n a l\u00edquidos o gases corrosivos. Para solucionarlo, sustituya cualquier pieza corro\u00edda y utilice un material resistente a la corrosi\u00f3n para el caudal\u00edmetro.<\/p>\n<p><img style=\"max-width: 100%;\" title=\"\u00bfCu\u00e1les son los fallos m\u00e1s comunes y las soluciones de los caudal\u00edmetros de canal?\" src=\"https:\/\/www.hginstrument.com\/wp-content\/uploads\/2021\/07\/hgcmf-c1-1.jpg\" alt=\"\u00bfCu\u00e1les son los fallos m\u00e1s comunes y las soluciones de los caudal\u00edmetros de canal?\" \/><\/p>\n<\/div>\n<div id=\"13\">\n<p><strong>13.Acerca del inventario de caudal\u00edmetros<\/strong><\/p>\n<p>El inventario de caudal\u00edmetros es un sistema utilizado para seguir y gestionar los caudal\u00edmetros utilizados en aplicaciones industriales y comerciales. Se utiliza para supervisar el rendimiento de los caudal\u00edmetros, as\u00ed como para garantizar su correcto mantenimiento y calibraci\u00f3n. El sistema de inventario tambi\u00e9n puede utilizarse para hacer un seguimiento del coste de los caudal\u00edmetros, as\u00ed como para identificar cualquier problema o incidencia potencial con los mismos.<\/p>\n<\/div>\n<div id=\"14\">\n<p><strong>14.\u00bfCu\u00e1l es la diferencia entre el caudal\u00edmetro de canal del grupo SUYI y el caudal\u00edmetro de canal Emerson y el caudal\u00edmetro de canal Honeywell?<\/strong><\/p>\n<p>Los caudal\u00edmetros de SUYI Group, Emerson y Honeywell miden el caudal de l\u00edquidos y gases, pero difieren en t\u00e9rminos de precisi\u00f3n, caracter\u00edsticas y coste. Los caudal\u00edmetros de SUYI Group suelen ser los m\u00e1s asequibles, pero es posible que no tengan la misma precisi\u00f3n ni las mismas caracter\u00edsticas que los modelos m\u00e1s caros de Emerson y Honeywell. Los caudal\u00edmetros Emerson son conocidos por su precisi\u00f3n y fiabilidad, pero pueden ser m\u00e1s caros que los de otras marcas. Los caudal\u00edmetros Honeywell son conocidos por sus funciones avanzadas y su precisi\u00f3n, pero pueden ser los m\u00e1s caros de los tres.<\/p>\n<\/div>\n<p>&nbsp;<\/p>\n<p>Etiqueta\uff1a<a href=\"\/es\/magnetic-flow-meter\/gas-flow-meter-calibration\/\">calibraci\u00f3n del caudal\u00edmetro de gas<\/a>,<a href=\"\/es\/magnetic-flow-meter\/hydrogen-flow-meter\/\">caudal\u00edmetro de hidr\u00f3geno<\/a>,<a href=\"\/es\/magnetic-flow-meter\/gasoline-flow-meter\/\">caudal\u00edmetro de gasolina<\/a><\/p>\n<p>&nbsp;<\/p>","protected":false},"excerpt":{"rendered":"<p><strong>Datos t\u00e9cnicos<\/strong><br \/>\nPuede servir para fluidos l\u00edquidos o gaseosos, normalmente se utiliza para medir el caudal de vapor, aire y gas natural.<br \/>\nTama\u00f1o del contador: Tipo en l\u00ednea: DN25 - DN300<br \/>\nOpci\u00f3n de material mojado: SS304, SS316<br \/>\nTemperatura de funcionamiento: \u2264250\u2103<br \/>\nConexi\u00f3n a proceso: Wafer \/ Brida \/ Tri-clamp para tipo en l\u00ednea<br \/>\nPrecisi\u00f3n de medici\u00f3n: 1,0 % - 1,5% del intervalo de calibraci\u00f3n<br \/>\nIndicador digital: muestra el caudal instant\u00e1neo y el caudal total<br \/>\nAlimentaci\u00f3n: 24VDC, Salida: 4-20mA<\/p>\n<p><strong>caracter\u00edsticas<\/strong><br \/>\n1.Puntos de consigna ON\/OFF ajustables<br \/>\n2.Modo de alarma de caudal alto o bajo<br \/>\n3.Tiempo de retardo ajustable<br \/>\n4.LED de estado del rel\u00e9<\/p>","protected":false},"featured_media":3691,"comment_status":"closed","ping_status":"closed","template":"","meta":[],"product_cat":[2372],"product_tag":[],"acf":[],"_links":{"self":[{"href":"https:\/\/www.hginstrument.com\/es\/wp-json\/wp\/v2\/product\/5334"}],"collection":[{"href":"https:\/\/www.hginstrument.com\/es\/wp-json\/wp\/v2\/product"}],"about":[{"href":"https:\/\/www.hginstrument.com\/es\/wp-json\/wp\/v2\/types\/product"}],"replies":[{"embeddable":true,"href":"https:\/\/www.hginstrument.com\/es\/wp-json\/wp\/v2\/comments?post=5334"}],"wp:featuredmedia":[{"embeddable":true,"href":"https:\/\/www.hginstrument.com\/es\/wp-json\/wp\/v2\/media\/3691"}],"wp:attachment":[{"href":"https:\/\/www.hginstrument.com\/es\/wp-json\/wp\/v2\/media?parent=5334"}],"wp:term":[{"taxonomy":"product_cat","embeddable":true,"href":"https:\/\/www.hginstrument.com\/es\/wp-json\/wp\/v2\/product_cat?post=5334"},{"taxonomy":"product_tag","embeddable":true,"href":"https:\/\/www.hginstrument.com\/es\/wp-json\/wp\/v2\/product_tag?post=5334"}],"curies":[{"name":"wp","href":"https:\/\/api.w.org\/{rel}","templated":true}]}}