{"id":5356,"date":"2023-12-24T03:34:51","date_gmt":"2023-12-23T19:34:51","guid":{"rendered":"https:\/\/www.hginstrument.com\/?post_type=product&#038;p=5356"},"modified":"2024-01-09T16:56:52","modified_gmt":"2024-01-09T08:56:52","slug":"garden-hose-water-flow-meter","status":"publish","type":"product","link":"https:\/\/www.hginstrument.com\/es\/magnetic-flow-meter\/garden-hose-water-flow-meter\/","title":{"rendered":"medidor de caudal de agua para manguera de jard\u00edn"},"content":{"rendered":"<p>Gracias a su elevado rango de caudal y a su capacidad de lectura precisa, el caudal\u00edmetro de agua para manguera de jard\u00edn es la opci\u00f3n ideal para sectores como el del petr\u00f3leo y el gas, el tratamiento de aguas y el procesamiento qu\u00edmico. Actualice su proceso de medici\u00f3n de l\u00edquidos con el medidor de flujo de agua para manguera de jard\u00edn y experimente un rendimiento y un valor inigualables. Conf\u00ede en el medidor de caudal de agua para manguera de jard\u00edn para obtener siempre las mediciones de caudal m\u00e1s precisas y eficientes.<\/p>\n<p>est\u00e1 equipado con una interfaz f\u00e1cil de usar que facilita el manejo y la supervisi\u00f3n. Tambi\u00e9n ofrece diversas opciones de instalaci\u00f3n, como en l\u00ednea, de inserci\u00f3n y con abrazadera, lo que lo hace adecuado para una amplia gama de tuber\u00edas y sistemas. Adem\u00e1s, es compatible con varios protocolos de comunicaci\u00f3n y puede integrarse sin problemas en los sistemas existentes.<\/p>\n<p>Nuestro medidor de flujo de agua para mangueras de jard\u00edn viene con capacidades avanzadas de registro de datos, lo que le permite almacenar y analizar los datos de flujo en tiempo real. Tambi\u00e9n tiene la capacidad de generar informes y gr\u00e1ficos detallados para una mejor visualizaci\u00f3n y an\u00e1lisis de los datos. Con estas caracter\u00edsticas, puede realizar un seguimiento y optimizar sus procesos de flujo para mejorar la eficiencia y la rentabilidad.<\/p>\n<table class=\"table table-bordered\">\n<tbody>\n<tr>\n<td><span style=\"vertical-align: inherit;\"><span style=\"vertical-align: inherit;\">Tipo\uff1a<\/span><\/span><\/td>\n<td><span style=\"vertical-align: inherit;\">medidor de caudal de agua para manguera de jard\u00edn<\/span><\/td>\n<td><span style=\"vertical-align: inherit;\"><span style=\"vertical-align: inherit;\">Se\u00f1al de salida\uff1a<\/span><\/span><\/td>\n<td><span style=\"vertical-align: inherit;\"><span style=\"vertical-align: inherit;\">4-20 mA, Pulso\/Frecuencia 2kHz(Predeterminado), 5KHz(Max)<\/span><\/span><\/td>\n<\/tr>\n<tr>\n<td><span style=\"vertical-align: inherit;\"><span style=\"vertical-align: inherit;\">Lugar de origen\uff1a<\/span><\/span><\/td>\n<td><span style=\"vertical-align: inherit;\"><span style=\"vertical-align: inherit;\">Jiangsu\uff0cChina<\/span><\/span><\/td>\n<td><span style=\"vertical-align: inherit;\"><span style=\"vertical-align: inherit;\">Incorporar tipo\uff1a<\/span><\/span><\/td>\n<td><span style=\"vertical-align: inherit;\"><span style=\"vertical-align: inherit;\">-10\u2103- +55\u2103<\/span><\/span><\/td>\n<\/tr>\n<tr>\n<td><span style=\"vertical-align: inherit;\"><span style=\"vertical-align: inherit;\">Garant\u00eda\uff1a<\/span><\/span><\/td>\n<td><span style=\"vertical-align: inherit;\"><span style=\"vertical-align: inherit;\">22 meses<\/span><\/span><\/td>\n<td><span style=\"vertical-align: inherit;\"><span style=\"vertical-align: inherit;\">Tensi\u00f3n de alimentaci\u00f3n\uff1a<\/span><\/span><\/td>\n<td><span style=\"vertical-align: inherit;\"><span style=\"vertical-align: inherit;\">110\/220VAC (100-240VAC), 50Hz\/60Hz; 24VDC\u00b110%<\/span><\/span><\/td>\n<\/tr>\n<tr>\n<td><span style=\"vertical-align: inherit;\"><span style=\"vertical-align: inherit;\">Asistencia personalizada\uff1a<\/span><\/span><\/td>\n<td><span style=\"vertical-align: inherit;\"><span style=\"vertical-align: inherit;\">OEM, ODM, OBM<\/span><\/span><\/td>\n<td><span style=\"vertical-align: inherit;\"><span style=\"vertical-align: inherit;\">Comunicaci\u00f3n digital\uff1a<\/span><\/span><\/td>\n<td><span style=\"vertical-align: inherit;\"><span style=\"vertical-align: inherit;\">RS-485, compatible con el protocolo est\u00e1ndar Mudbugs-RTU; GPRS<\/span><\/span><\/td>\n<\/tr>\n<tr>\n<td><span style=\"vertical-align: inherit;\"><span style=\"vertical-align: inherit;\">Marca\uff1a<\/span><\/span><\/td>\n<td><span style=\"vertical-align: inherit;\"><span style=\"vertical-align: inherit;\">GRUPO SUYI<\/span><\/span><\/td>\n<td><span style=\"vertical-align: inherit;\"><span style=\"vertical-align: inherit;\">Presi\u00f3n nominal\uff1a<\/span><\/span><\/td>\n<td><span style=\"vertical-align: inherit;\"><span style=\"vertical-align: inherit;\">1MPa (DN15-DN800), 1,6MPa(DN15-DN800), 2,5MPa(DN15-DN600)<\/span><\/span><\/td>\n<\/tr>\n<tr>\n<td><span style=\"vertical-align: inherit;\"><span style=\"vertical-align: inherit;\">N\u00famero de modelo\uff1a<\/span><\/span><\/td>\n<td><span style=\"vertical-align: inherit;\"><span style=\"vertical-align: inherit;\">otros<\/span><\/span><\/td>\n<td><span style=\"vertical-align: inherit;\"><span style=\"vertical-align: inherit;\">Sensor\uff1a<\/span><\/span><\/td>\n<td><span style=\"vertical-align: inherit;\"><span style=\"vertical-align: inherit;\">0\u2103- +80\u2103 o -25\u2103- +120\u2103 o +70\u2103- +250\u2103<\/span><\/span><\/td>\n<\/tr>\n<tr>\n<td><span style=\"vertical-align: inherit;\"><span style=\"vertical-align: inherit;\">Nombre del producto\uff1a<\/span><\/span><\/td>\n<td><span style=\"vertical-align: inherit;\"><span style=\"vertical-align: inherit;\">Medidor de caudal de agua qu\u00edmico digital inteligente electromagn\u00e9tico<\/span><\/span><\/td>\n<td><span style=\"vertical-align: inherit;\"><span style=\"vertical-align: inherit;\">Detalles del embalaje\uff1a<\/span><\/span><\/td>\n<td><span style=\"vertical-align: inherit;\"><span style=\"vertical-align: inherit;\">1 Juego por paquete o seg\u00fan pedido del cliente<\/span><\/span><\/td>\n<\/tr>\n<tr>\n<td><span style=\"vertical-align: inherit;\"><span style=\"vertical-align: inherit;\">Di\u00e1metro nominal\uff1a<\/span><\/span><\/td>\n<td><span style=\"vertical-align: inherit;\"><span style=\"vertical-align: inherit;\">3-2981mm<\/span><\/span><\/td>\n<td><span style=\"vertical-align: inherit;\"><span style=\"vertical-align: inherit;\">Capacidad de suministro\uff1a<\/span><\/span><\/td>\n<td><span style=\"vertical-align: inherit;\"><span style=\"vertical-align: inherit;\">1565 juegos\/juegos al mes<\/span><\/span><\/td>\n<\/tr>\n<tr>\n<td><span style=\"vertical-align: inherit;\"><span style=\"vertical-align: inherit;\">rango de velocidad\uff1a<\/span><\/span><\/td>\n<td><span style=\"vertical-align: inherit;\"><span style=\"vertical-align: inherit;\">0-11m\/s<\/span><\/span><\/td>\n<td><span style=\"vertical-align: inherit;\"><span style=\"vertical-align: inherit;\">Cantidad (juegos)\uff1a<\/span><\/span><\/td>\n<td><span style=\"vertical-align: inherit;\"><span style=\"vertical-align: inherit;\">&gt; 30<\/span><\/span><\/td>\n<\/tr>\n<tr>\n<td><span style=\"vertical-align: inherit;\"><span style=\"vertical-align: inherit;\">Grado de precisi\u00f3n\uff1a<\/span><\/span><\/td>\n<td><span style=\"vertical-align: inherit;\"><span style=\"vertical-align: inherit;\">\u00b10,5%R, \u00b11%R ( &lt; DN20)<\/span><\/span><\/td>\n<td><span style=\"vertical-align: inherit;\"><span style=\"vertical-align: inherit;\">Plazo de entrega (d\u00edas)\uff1a<\/span><\/span><\/td>\n<td><span style=\"vertical-align: inherit;\"><span style=\"vertical-align: inherit;\">A negociar<\/span><\/span><\/td>\n<\/tr>\n<\/tbody>\n<\/table>\n<p>&nbsp;<\/p>\n<p>&nbsp;<\/p>\n<p style=\"text-align: center;\"><img title=\"medidor de caudal de agua para manguera de jard\u00edn\" src=\"https:\/\/www.hginstrument.com\/wp-content\/uploads\/2021\/07\/in-line-pipeline-type-hgd-electromagnetic-flow-meter.jpg\" \/><\/p>\n<p>&nbsp;<\/p>\n<p>&nbsp;<\/p>\n<p style=\"text-align: center;\"><img title=\"medidor de caudal de agua para manguera de jard\u00edn\" src=\"https:\/\/www.hginstrument.com\/wp-content\/uploads\/2021\/07\/insertion-01.jpg\" \/><\/p>\n<p>&nbsp;<\/p>\n<p>&nbsp;<\/p>\n<p style=\"text-align: center;\"><img title=\"medidor de caudal de agua para manguera de jard\u00edn\" src=\"https:\/\/www.hginstrument.com\/wp-content\/uploads\/2021\/07\/sanitary-mag-1.jpg\" \/><\/p>\n<p><strong>manguera de jard\u00edn medidor de flujo de agua Gu\u00eda de preguntas frecuentes.<\/strong><\/p>\n<p>En el coraz\u00f3n de nuestra serie de medidores de caudal de agua para mangueras de jard\u00edn se encuentra un compromiso con la excelencia, que combina una avanzada tecnolog\u00eda de sensores con interfaces f\u00e1ciles de usar. Desde l\u00edquidos hasta gases, nuestros medidores ofrecen una precisi\u00f3n inigualable, lo que le permite tomar decisiones informadas y agilizar las operaciones. A medida que iniciamos una nueva era en la medici\u00f3n de fluidos, le invitamos a explorar las posibilidades ilimitadas que abren nuestros caudal\u00edmetros de agua para mangueras de jard\u00edn, donde la precisi\u00f3n se une al rendimiento y la innovaci\u00f3n fluye sin interrupciones.<\/p>\n<div style=\"border: 3px solid #f89900; margin: 20px 0; padding: 20px;\"><a href=\"\/es\/garden-hose-water-flow-meter\/#01\">1.Acerca de la patente del medidor de flujo de agua de la manguera de jard\u00edn<\/a><br \/>\n<a href=\"\/es\/garden-hose-water-flow-meter\/#02\">2.About manguera de jard\u00edn medidor de flujo de agua capacidades de I + D<\/a><br \/>\n<a href=\"\/es\/garden-hose-water-flow-meter\/#03\">3.\u00bfEs reemplazable la unidad de medici\u00f3n del caudal\u00edmetro de agua de la manguera de jard\u00edn?<\/a><br \/>\n<a href=\"\/es\/garden-hose-water-flow-meter\/#04\">4.Acerca de los servicios de personalizaci\u00f3n del caudal\u00edmetro para mangueras de jard\u00edn<\/a><br \/>\n<a href=\"\/es\/garden-hose-water-flow-meter\/#05\">5.Acerca de la manguera de jard\u00edn medidor de flujo de agua materias primas<\/a><br \/>\n<a href=\"\/es\/garden-hose-water-flow-meter\/#06\">6.\u00bfDispone el caudal\u00edmetro de la manguera de jard\u00edn de una funci\u00f3n de limpieza autom\u00e1tica?<\/a><br \/>\n<a href=\"\/es\/garden-hose-water-flow-meter\/#07\">7.Sobre el inventario del caudal\u00edmetro de la manguera de jard\u00edn<\/a><br \/>\n<a href=\"\/es\/garden-hose-water-flow-meter\/#08\">8.\u00bfCu\u00e1l es el rango de presi\u00f3n aplicable del caudal\u00edmetro de agua para manguera de jard\u00edn?<\/a><br \/>\n<a href=\"\/es\/garden-hose-water-flow-meter\/#09\">9.Acerca de la manguera de jard\u00edn medidor de flujo de agua de garant\u00eda<\/a><br \/>\n<a href=\"\/es\/garden-hose-water-flow-meter\/#010\">10.About manguera de jard\u00edn medidor de flujo de agua almac\u00e9n de ultramar<\/a><br \/>\n<a href=\"\/es\/garden-hose-water-flow-meter\/#11\">11.\u00bfEl medidor de caudal de agua para manguera de jard\u00edn dispone de pantalla multiling\u00fce?<\/a><br \/>\n<a href=\"\/es\/garden-hose-water-flow-meter\/#12\">12.\u00bfCu\u00e1l es el peso y las dimensiones del caudal\u00edmetro de agua para manguera de jard\u00edn?<\/a><br \/>\n<a href=\"\/es\/garden-hose-water-flow-meter\/#13\">13.Acerca de la escala de la f\u00e1brica de medidor de flujo de agua de la manguera de jard\u00edn<\/a><\/div>\n<div id=\"01\">\n<p><strong>1.Acerca de la patente del medidor de flujo de agua de la manguera de jard\u00edn<\/strong><\/p>\n<p>Las patentes de caudal\u00edmetros son patentes que cubren el dise\u00f1o y el funcionamiento de los caudal\u00edmetros. Los caudal\u00edmetros son dispositivos utilizados para medir la velocidad de flujo de un l\u00edquido o gas. Los caudal\u00edmetros se utilizan en diversas industrias, como el tratamiento de aguas y aguas residuales, el petr\u00f3leo y el gas, y el procesamiento qu\u00edmico. Los caudal\u00edmetros se utilizan para medir el caudal de un fluido, el volumen total de un fluido y la presi\u00f3n de un fluido. Los caudal\u00edmetros pueden ser mec\u00e1nicos, el\u00e9ctricos u \u00f3pticos. Los caudal\u00edmetros pueden utilizarse para medir el caudal de l\u00edquidos, gases y vapor.<\/p>\n<\/div>\n<div id=\"02\">\n<p><strong>2.About manguera de jard\u00edn medidor de flujo de agua capacidades de I + D<\/strong><\/p>\n<p>Las capacidades de I+D en caudal\u00edmetros se refieren a la capacidad de una empresa u organizaci\u00f3n para investigar, desarrollar y fabricar caudal\u00edmetros. Esto incluye la capacidad de dise\u00f1ar, probar y fabricar caudal\u00edmetros que cumplan los requisitos del cliente y las normas del sector. Tambi\u00e9n incluye la capacidad de desarrollar nuevas tecnolog\u00edas y productos para satisfacer las necesidades cambiantes de la industria. Las empresas con una s\u00f3lida capacidad de I+D pueden adelantarse a la competencia y ofrecer a sus clientes los caudal\u00edmetros m\u00e1s avanzados y fiables.<\/p>\n<\/div>\n<div id=\"03\">\n<p><strong>3.\u00bfEs reemplazable la unidad de medici\u00f3n del caudal\u00edmetro de agua de la manguera de jard\u00edn?<\/strong><\/p>\n<p>Como uno de los principales fabricantes de medidores de flujo de agua para mangueras de jard\u00edn en China, nos tomamos esto muy en serio.<br \/>\nS\u00ed, la unidad de medida de un caudal\u00edmetro es sustituible.<\/p>\n<p><img style=\"max-width: 100%;\" title=\"\u00bfEs sustituible la unidad de medici\u00f3n del caudal\u00edmetro de la manguera de jard\u00edn?\" src=\"https:\/\/www.hginstrument.com\/wp-content\/uploads\/2021\/07\/ltb-1.jpg\" alt=\"\u00bfEs sustituible la unidad de medici\u00f3n del caudal\u00edmetro de la manguera de jard\u00edn?\" \/><\/p>\n<\/div>\n<div id=\"04\">\n<p><strong>4.Acerca de los servicios de personalizaci\u00f3n del caudal\u00edmetro para mangueras de jard\u00edn<\/strong><\/p>\n<p>Los servicios de personalizaci\u00f3n de caudal\u00edmetros est\u00e1n dise\u00f1ados para ofrecer a los clientes una soluci\u00f3n a medida para sus necesidades espec\u00edficas de medici\u00f3n de caudal. Estos servicios pueden incluir la personalizaci\u00f3n del caudal\u00edmetro para adaptarlo a una aplicaci\u00f3n concreta, como un tama\u00f1o de tuber\u00eda o un caudal espec\u00edficos, o para cumplir un determinado requisito de precisi\u00f3n. Los servicios de personalizaci\u00f3n tambi\u00e9n pueden incluir la modificaci\u00f3n del caudal\u00edmetro para incluir funciones adicionales, como una pantalla o capacidades de registro de datos. Los servicios de personalizaci\u00f3n de caudal\u00edmetros tambi\u00e9n pueden incluir la instalaci\u00f3n del caudal\u00edmetro, as\u00ed como la prestaci\u00f3n de asistencia t\u00e9cnica y mantenimiento.<\/p>\n<\/div>\n<div id=\"05\">\n<p><strong>5.Acerca de la manguera de jard\u00edn medidor de flujo de agua materias primas<\/strong><\/p>\n<p>Las materias primas de los caudal\u00edmetros suelen estar hechas de una variedad de metales, pl\u00e1sticos y compuestos. Entre los materiales m\u00e1s comunes utilizados en los caudal\u00edmetros se encuentran el acero inoxidable, el lat\u00f3n, el aluminio, el cloruro de polivinilo (PVC), el polipropileno (PP) y el politetrafluoroetileno (PTFE). El material utilizado en un caudal\u00edmetro depende de la aplicaci\u00f3n y del tipo de fluido que se mida. Por ejemplo, el acero inoxidable suele utilizarse para medir fluidos corrosivos, mientras que el PVC suele emplearse para medir agua.<\/p>\n<\/div>\n<div id=\"06\">\n<p><strong>6.\u00bfDispone el caudal\u00edmetro de la manguera de jard\u00edn de una funci\u00f3n de limpieza autom\u00e1tica?<\/strong><\/p>\n<p>Siendo uno de los principales fabricantes de medidores de flujo de agua para mangueras de jard\u00edn en China, damos gran importancia a este detalle.<br \/>\nNo, la mayor\u00eda de los caudal\u00edmetros no disponen de una funci\u00f3n de limpieza autom\u00e1tica. Sin embargo, algunos modelos pueden tener una funci\u00f3n de autolimpieza que puede activarse manualmente.<\/p>\n<p><img style=\"max-width: 100%;\" title=\"\u00bfTiene el caudal\u00edmetro de la manguera de jard\u00edn una funci\u00f3n de limpieza autom\u00e1tica?\" src=\"https:\/\/www.hginstrument.com\/wp-content\/uploads\/2021\/07\/verabar-1.jpg\" alt=\"\u00bfTiene el caudal\u00edmetro de la manguera de jard\u00edn una funci\u00f3n de limpieza autom\u00e1tica?\" \/><\/p>\n<\/div>\n<div id=\"07\">\n<p><strong>7.Sobre el inventario del caudal\u00edmetro de la manguera de jard\u00edn<\/strong><\/p>\n<p>El inventario de caudal\u00edmetros es un sistema utilizado para seguir y gestionar los caudal\u00edmetros utilizados en aplicaciones industriales y comerciales. Se utiliza para supervisar el rendimiento de los caudal\u00edmetros, as\u00ed como para garantizar su correcto mantenimiento y calibraci\u00f3n. El sistema de inventario tambi\u00e9n puede utilizarse para hacer un seguimiento del coste de los caudal\u00edmetros, as\u00ed como para identificar cualquier problema o incidencia potencial con los mismos.<\/p>\n<\/div>\n<div id=\"08\">\n<p><strong>8.\u00bfCu\u00e1l es el rango de presi\u00f3n aplicable del caudal\u00edmetro de agua para manguera de jard\u00edn?<\/strong><\/p>\n<p>Nuestros productos y servicios cubren una amplia gama de \u00e1mbitos y satisfacen las necesidades de diferentes campos.<br \/>\nEl rango de presi\u00f3n aplicable de un caudal\u00edmetro depende del tipo de caudal\u00edmetro que se utilice. Por lo general, los caudal\u00edmetros pueden medir presiones que oscilan entre 0,1 bar y 1.000 bar.<\/p>\n<\/div>\n<div id=\"09\">\n<p><strong>9.Acerca de la manguera de jard\u00edn medidor de flujo de agua de garant\u00eda<\/strong><\/p>\n<p>Las garant\u00edas de los caudal\u00edmetros var\u00edan en funci\u00f3n del fabricante y del tipo de caudal\u00edmetro. Por lo general, las garant\u00edas cubren los defectos de materiales y mano de obra, y tambi\u00e9n pueden cubrir ciertos tipos de da\u00f1os causados por el uso normal. Algunas garant\u00edas tambi\u00e9n pueden cubrir los da\u00f1os causados por una instalaci\u00f3n o un uso inadecuados. Es importante leer la informaci\u00f3n sobre la garant\u00eda proporcionada por el fabricante para comprender la cobertura espec\u00edfica y las limitaciones de la garant\u00eda.<\/p>\n<p><img style=\"max-width: 100%;\" title=\"Acerca de la garant\u00eda del caudal\u00edmetro de la manguera de jard\u00edn\" src=\"https:\/\/www.hginstrument.com\/wp-content\/uploads\/2021\/07\/wall-mount-1f.jpg\" alt=\"Acerca de la garant\u00eda del caudal\u00edmetro de la manguera de jard\u00edn\" \/><\/p>\n<\/div>\n<div id=\"010\">\n<p><strong>10.About manguera de jard\u00edn medidor de flujo de agua almac\u00e9n de ultramar<\/strong><\/p>\n<p>Los almacenes de caudal\u00edmetros en el extranjero son almacenes situados en pa\u00edses extranjeros que almacenan caudal\u00edmetros y productos relacionados. Estos almacenes se utilizan para almacenar y distribuir caudal\u00edmetros a clientes de distintos pa\u00edses. Suelen estar situados en pa\u00edses que tienen una gran demanda de caudal\u00edmetros, como Estados Unidos, Canad\u00e1 y Europa. Los almacenes suelen ser propiedad y estar gestionados por el fabricante de los caudal\u00edmetros o por un proveedor log\u00edstico externo. Los almacenes suelen tener una gran variedad de caudal\u00edmetros, incluidos los digitales, anal\u00f3gicos y ultras\u00f3nicos. Tambi\u00e9n suelen almacenar piezas de repuesto y accesorios para los caudal\u00edmetros.<\/p>\n<\/div>\n<div id=\"11\">\n<p><strong>11.\u00bfEl medidor de caudal de agua para manguera de jard\u00edn dispone de pantalla multiling\u00fce?<\/strong><\/p>\n<p>Como uno de los principales fabricantes de medidores de flujo de agua para mangueras de jard\u00edn en China, nos tomamos esto muy en serio.<br \/>\nS\u00ed, algunos caudal\u00edmetros disponen de pantalla multiling\u00fce. Sin embargo, esta funci\u00f3n no est\u00e1 disponible en todos los modelos. Lo mejor es comprobar con el fabricante si el modelo espec\u00edfico que le interesa dispone de esta funci\u00f3n.<\/p>\n<\/div>\n<div id=\"12\">\n<p><strong>12.\u00bfCu\u00e1l es el peso y las dimensiones del caudal\u00edmetro de agua para manguera de jard\u00edn?<\/strong><\/p>\n<p>Nuestros productos y servicios cubren una amplia gama de \u00e1mbitos y satisfacen las necesidades de diferentes campos.<br \/>\nEl peso y las dimensiones del caudal\u00edmetro dependen del modelo espec\u00edfico y del fabricante. Por lo general, el tama\u00f1o de los caudal\u00edmetros oscila entre peque\u00f1os dispositivos manuales y grandes unidades industriales. El peso de un caudal\u00edmetro puede oscilar entre unas pocas onzas y varios cientos de libras.<\/p>\n<p><img style=\"max-width: 100%;\" title=\"\u00bfCu\u00e1l es el peso y las dimensiones del caudal\u00edmetro de agua para manguera de jard\u00edn?\" src=\"https:\/\/www.hginstrument.com\/wp-content\/uploads\/2021\/07\/hg-50-7.jpg\" alt=\"\u00bfCu\u00e1l es el peso y las dimensiones del caudal\u00edmetro de agua para manguera de jard\u00edn?\" \/><\/p>\n<\/div>\n<div id=\"13\">\n<p><strong>13.Acerca de la escala de la f\u00e1brica de medidor de flujo de agua de la manguera de jard\u00edn<\/strong><\/p>\n<p>Las f\u00e1bricas de caudal\u00edmetros var\u00edan en tama\u00f1o y alcance, dependiendo del tipo de caudal\u00edmetros que produzcan. Algunas f\u00e1bricas pueden especializarse en la producci\u00f3n de un solo tipo de caudal\u00edmetro, mientras que otras pueden producir una variedad de tipos diferentes. Algunas f\u00e1bricas pueden ser grandes, con cientos de empleados, mientras que otras pueden ser peque\u00f1as, con s\u00f3lo unos pocos empleados. El tama\u00f1o de la f\u00e1brica tambi\u00e9n depender\u00e1 del tipo de caudal\u00edmetros que produzca, as\u00ed como de la demanda de los mismos.<\/p>\n<\/div>\n<p>&nbsp;<\/p>\n<p>Etiqueta\uff1a<a href=\"\/es\/magnetic-flow-meter\/portable-flow-meter\/\">caudal\u00edmetro port\u00e1til<\/a>,<a href=\"\/es\/magnetic-flow-meter\/npt-flow-meter\/\">caudal\u00edmetro npt<\/a>,<a href=\"\/es\/magnetic-flow-meter\/vortex-steam-flow-meter\/\">caudal\u00edmetro de vapor vortex<\/a>,<a href=\"\/es\/magnetic-flow-meter\/argon-flow-meter\/\">caudal\u00edmetro de arg\u00f3n<\/a>,<a href=\"\/es\/magnetic-flow-meter\/flow-meter-for-water-hose\/\">caudal\u00edmetro para manguera de agua<\/a><\/p>\n<p>&nbsp;<\/p>","protected":false},"excerpt":{"rendered":"<p><strong>Datos t\u00e9cnicos<\/strong><br \/>\nPuede servir para fluidos l\u00edquidos o gaseosos, normalmente se utiliza para medir el caudal de vapor, aire y gas natural.<br \/>\nTama\u00f1o del contador: Tipo en l\u00ednea: DN25 - DN300<br \/>\nOpci\u00f3n de material mojado: SS304, SS316<br \/>\nTemperatura de funcionamiento: \u2264250\u2103<br \/>\nConexi\u00f3n a proceso: Wafer \/ Brida \/ Tri-clamp para tipo en l\u00ednea<br \/>\nPrecisi\u00f3n de medici\u00f3n: 1,0 % - 1,5% del intervalo de calibraci\u00f3n<br \/>\nIndicador digital: muestra el caudal instant\u00e1neo y el caudal total<br \/>\nAlimentaci\u00f3n: 24VDC, Salida: 4-20mA<\/p>\n<p><strong>caracter\u00edsticas<\/strong><br \/>\n1.Puntos de consigna ON\/OFF ajustables<br \/>\n2.Modo de alarma de caudal alto o bajo<br \/>\n3.Tiempo de retardo ajustable<br \/>\n4.LED de estado del rel\u00e9<\/p>","protected":false},"featured_media":3691,"comment_status":"closed","ping_status":"closed","template":"","meta":[],"product_cat":[2372],"product_tag":[],"acf":[],"_links":{"self":[{"href":"https:\/\/www.hginstrument.com\/es\/wp-json\/wp\/v2\/product\/5356"}],"collection":[{"href":"https:\/\/www.hginstrument.com\/es\/wp-json\/wp\/v2\/product"}],"about":[{"href":"https:\/\/www.hginstrument.com\/es\/wp-json\/wp\/v2\/types\/product"}],"replies":[{"embeddable":true,"href":"https:\/\/www.hginstrument.com\/es\/wp-json\/wp\/v2\/comments?post=5356"}],"wp:featuredmedia":[{"embeddable":true,"href":"https:\/\/www.hginstrument.com\/es\/wp-json\/wp\/v2\/media\/3691"}],"wp:attachment":[{"href":"https:\/\/www.hginstrument.com\/es\/wp-json\/wp\/v2\/media?parent=5356"}],"wp:term":[{"taxonomy":"product_cat","embeddable":true,"href":"https:\/\/www.hginstrument.com\/es\/wp-json\/wp\/v2\/product_cat?post=5356"},{"taxonomy":"product_tag","embeddable":true,"href":"https:\/\/www.hginstrument.com\/es\/wp-json\/wp\/v2\/product_tag?post=5356"}],"curies":[{"name":"wp","href":"https:\/\/api.w.org\/{rel}","templated":true}]}}