{"id":5376,"date":"2023-12-24T04:17:43","date_gmt":"2023-12-23T20:17:43","guid":{"rendered":"https:\/\/www.hginstrument.com\/?post_type=product&#038;p=5376"},"modified":"2024-01-08T14:23:01","modified_gmt":"2024-01-08T06:23:01","slug":"gear-flow-meter","status":"publish","type":"product","link":"https:\/\/www.hginstrument.com\/es\/magnetic-flow-meter\/gear-flow-meter\/","title":{"rendered":"gear flow meter"},"content":{"rendered":"<p>The gear flow meter is a highly reliable and accurate device used for measuring the flow of liquids and gases in various industrial and commercial applications. It is designed with advanced technology and high-quality components, making it durable and resistant to external factors such as temperature and pressure changes.<\/p>\n<p>gear flow meters are essential devices for measuring the flow rate and volume of liquids, gases, and steam in various industrial processes. They are widely used in industries such as oil and gas, water and wastewater treatment, chemical, and pharmaceutical to monitor and control the flow of fluids.<\/p>\n<table class=\"table table-bordered\">\n<tbody>\n<tr>\n<td><span style=\"vertical-align: inherit;\"><span style=\"vertical-align: inherit;\">Tipo\uff1a<\/span><\/span><\/td>\n<td><span style=\"vertical-align: inherit;\">gear flow meter<\/span><\/td>\n<td><span style=\"vertical-align: inherit;\"><span style=\"vertical-align: inherit;\">Se\u00f1al de salida\uff1a<\/span><\/span><\/td>\n<td><span style=\"vertical-align: inherit;\"><span style=\"vertical-align: inherit;\">4-20 mA, Pulso\/Frecuencia 2kHz(Predeterminado), 5KHz(Max)<\/span><\/span><\/td>\n<\/tr>\n<tr>\n<td><span style=\"vertical-align: inherit;\"><span style=\"vertical-align: inherit;\">Lugar de origen\uff1a<\/span><\/span><\/td>\n<td><span style=\"vertical-align: inherit;\"><span style=\"vertical-align: inherit;\">Jiangsu, China<\/span><\/span><\/td>\n<td><span style=\"vertical-align: inherit;\"><span style=\"vertical-align: inherit;\">Incorporar tipo\uff1a<\/span><\/span><\/td>\n<td><span style=\"vertical-align: inherit;\"><span style=\"vertical-align: inherit;\">-10\u2103- +53\u2103<\/span><\/span><\/td>\n<\/tr>\n<tr>\n<td><span style=\"vertical-align: inherit;\"><span style=\"vertical-align: inherit;\">Garant\u00eda\uff1a<\/span><\/span><\/td>\n<td><span style=\"vertical-align: inherit;\"><span style=\"vertical-align: inherit;\">16 meses<\/span><\/span><\/td>\n<td><span style=\"vertical-align: inherit;\"><span style=\"vertical-align: inherit;\">Tensi\u00f3n de alimentaci\u00f3n\uff1a<\/span><\/span><\/td>\n<td><span style=\"vertical-align: inherit;\"><span style=\"vertical-align: inherit;\">110\/220VAC (100-240VAC), 50Hz\/60Hz; 24VDC\u00b110%<\/span><\/span><\/td>\n<\/tr>\n<tr>\n<td><span style=\"vertical-align: inherit;\"><span style=\"vertical-align: inherit;\">Asistencia personalizada\uff1a<\/span><\/span><\/td>\n<td><span style=\"vertical-align: inherit;\"><span style=\"vertical-align: inherit;\">OEM, ODM, OBM<\/span><\/span><\/td>\n<td><span style=\"vertical-align: inherit;\"><span style=\"vertical-align: inherit;\">Comunicaci\u00f3n digital\uff1a<\/span><\/span><\/td>\n<td><span style=\"vertical-align: inherit;\"><span style=\"vertical-align: inherit;\">RS-485, compatible con el protocolo est\u00e1ndar Mudbugs-RTU; GPRS<\/span><\/span><\/td>\n<\/tr>\n<tr>\n<td><span style=\"vertical-align: inherit;\"><span style=\"vertical-align: inherit;\">Marca\uff1a<\/span><\/span><\/td>\n<td><span style=\"vertical-align: inherit;\"><span style=\"vertical-align: inherit;\">GRUPO SUYI<\/span><\/span><\/td>\n<td><span style=\"vertical-align: inherit;\"><span style=\"vertical-align: inherit;\">Presi\u00f3n nominal\uff1a<\/span><\/span><\/td>\n<td><span style=\"vertical-align: inherit;\"><span style=\"vertical-align: inherit;\">1MPa (DN15-DN800), 1,6MPa(DN15-DN800), 2,5MPa(DN15-DN600)<\/span><\/span><\/td>\n<\/tr>\n<tr>\n<td><span style=\"vertical-align: inherit;\"><span style=\"vertical-align: inherit;\">N\u00famero de modelo\uff1a<\/span><\/span><\/td>\n<td><span style=\"vertical-align: inherit;\"><span style=\"vertical-align: inherit;\">otros<\/span><\/span><\/td>\n<td><span style=\"vertical-align: inherit;\"><span style=\"vertical-align: inherit;\">Sensor\uff1a<\/span><\/span><\/td>\n<td><span style=\"vertical-align: inherit;\"><span style=\"vertical-align: inherit;\">0\u2103- +80\u2103 o -25\u2103- +120\u2103 o +70\u2103- +250\u2103<\/span><\/span><\/td>\n<\/tr>\n<tr>\n<td><span style=\"vertical-align: inherit;\"><span style=\"vertical-align: inherit;\">Nombre del producto\uff1a<\/span><\/span><\/td>\n<td><span style=\"vertical-align: inherit;\"><span style=\"vertical-align: inherit;\">Medidor de caudal de agua qu\u00edmico digital inteligente electromagn\u00e9tico<\/span><\/span><\/td>\n<td><span style=\"vertical-align: inherit;\"><span style=\"vertical-align: inherit;\">Detalles del embalaje\uff1a<\/span><\/span><\/td>\n<td><span style=\"vertical-align: inherit;\"><span style=\"vertical-align: inherit;\">1 Juego por paquete o seg\u00fan pedido del cliente<\/span><\/span><\/td>\n<\/tr>\n<tr>\n<td><span style=\"vertical-align: inherit;\"><span style=\"vertical-align: inherit;\">Di\u00e1metro nominal\uff1a<\/span><\/span><\/td>\n<td><span style=\"vertical-align: inherit;\"><span style=\"vertical-align: inherit;\">3-3118mm<\/span><\/span><\/td>\n<td><span style=\"vertical-align: inherit;\"><span style=\"vertical-align: inherit;\">Capacidad de suministro\uff1a<\/span><\/span><\/td>\n<td><span style=\"vertical-align: inherit;\"><span style=\"vertical-align: inherit;\">2391 juegos\/conjuntos al mes<\/span><\/span><\/td>\n<\/tr>\n<tr>\n<td><span style=\"vertical-align: inherit;\"><span style=\"vertical-align: inherit;\">rango de velocidad\uff1a<\/span><\/span><\/td>\n<td><span style=\"vertical-align: inherit;\"><span style=\"vertical-align: inherit;\">0-13 m\/s<\/span><\/span><\/td>\n<td><span style=\"vertical-align: inherit;\"><span style=\"vertical-align: inherit;\">Cantidad (juegos)\uff1a<\/span><\/span><\/td>\n<td><span style=\"vertical-align: inherit;\"><span style=\"vertical-align: inherit;\">&gt; 30<\/span><\/span><\/td>\n<\/tr>\n<tr>\n<td><span style=\"vertical-align: inherit;\"><span style=\"vertical-align: inherit;\">Grado de precisi\u00f3n\uff1a<\/span><\/span><\/td>\n<td><span style=\"vertical-align: inherit;\"><span style=\"vertical-align: inherit;\">\u00b10,5%R, \u00b11%R ( &lt; DN20)<\/span><\/span><\/td>\n<td><span style=\"vertical-align: inherit;\"><span style=\"vertical-align: inherit;\">Plazo de entrega (d\u00edas)\uff1a<\/span><\/span><\/td>\n<td><span style=\"vertical-align: inherit;\"><span style=\"vertical-align: inherit;\">A negociar<\/span><\/span><\/td>\n<\/tr>\n<\/tbody>\n<\/table>\n<p>&nbsp;<\/p>\n<p>&nbsp;<\/p>\n<p style=\"text-align: center;\"><img title=\"gear flow meter\" src=\"https:\/\/www.hginstrument.com\/wp-content\/uploads\/2021\/07\/in-line-pipeline-type-hgd-electromagnetic-flow-meter.jpg\" \/><\/p>\n<p>&nbsp;<\/p>\n<p>&nbsp;<\/p>\n<p style=\"text-align: center;\"><img title=\"gear flow meter\" src=\"https:\/\/www.hginstrument.com\/wp-content\/uploads\/2021\/07\/insertion-01.jpg\" \/><\/p>\n<p>&nbsp;<\/p>\n<p>&nbsp;<\/p>\n<p style=\"text-align: center;\"><img title=\"gear flow meter\" src=\"https:\/\/www.hginstrument.com\/wp-content\/uploads\/2021\/07\/sanitary-mag-1.jpg\" \/><\/p>\n<p><strong>gear flow meter FAQs Guide.<\/strong><\/p>\n<p>At the heart of our gear flow meter series lies a commitment to excellence, blending advanced sensor technology with user-friendly interfaces. From liquid to gas, our meters deliver unparalleled accuracy, empowering you to make informed decisions and streamline operations. As we usher in a new era of fluid measurement, we invite you to explore the limitless possibilities that our gear flow meters unlock \u2013 where precision meets performance, and innovation flows seamlessly.<\/p>\n<div style=\"border: 3px solid #f89900; margin: 20px 0; padding: 20px;\"><a href=\"\/es\/gear-flow-meter\/#01\">1.What is the explosion-proof rating of gear flow meter?<\/a><br \/>\n<a href=\"\/es\/gear-flow-meter\/#02\">2.Does the gear flow meter have a function to prevent misuse?<\/a><br \/>\n<a href=\"\/es\/gear-flow-meter\/#03\">3.Can the gear flow meter be equipped with sensors of different accuracy?<\/a><br \/>\n<a href=\"\/es\/gear-flow-meter\/#04\">4.How accurate is the gear flow meter?<\/a><br \/>\n<a href=\"\/es\/gear-flow-meter\/#05\">5.Does the gear flow meter have remote control capabilities?<\/a><br \/>\n<a href=\"\/es\/gear-flow-meter\/#06\">6.What is the response time of the gear flow meter?<\/a><br \/>\n<a href=\"\/es\/gear-flow-meter\/#07\">7.About gear flow meter production skills training<\/a><br \/>\n<a href=\"\/es\/gear-flow-meter\/#08\">8.What are the common faults and solutions of gear flow meters?<\/a><br \/>\n<a href=\"\/es\/gear-flow-meter\/#09\">9.About gear flow meter origin<\/a><br \/>\n<a href=\"\/es\/gear-flow-meter\/#010\">10.What is the applicable pressure range of gear flow meter?<\/a><br \/>\n<a href=\"\/es\/gear-flow-meter\/#11\">11.About gear flow meter warranty<\/a><br \/>\n<a href=\"\/es\/gear-flow-meter\/#12\">12.What is the measuring range of gear flow meter?<\/a><br \/>\n<a href=\"\/es\/gear-flow-meter\/#13\">13.About gear flow meter R&amp;D capabilities<\/a><br \/>\n<a href=\"\/es\/gear-flow-meter\/#14\">14.About gear flow meter warranty<\/a><\/div>\n<div id=\"01\">\n<p><strong>1.What is the explosion-proof rating of gear flow meter?<\/strong><\/p>\n<p>Our gear flow meter products undergo strict quality control to ensure customer satisfaction.<br \/>\nLas clasificaciones a prueba de explosiones de los caudal\u00edmetros var\u00edan en funci\u00f3n del tipo de caudal\u00edmetro y de la aplicaci\u00f3n. Generalmente, los caudal\u00edmetros est\u00e1n clasificados para Clase I, Divisi\u00f3n 1, Grupos C y D, o Clase II, Divisi\u00f3n 1, Grupos E, F y G.<\/p>\n<\/div>\n<div id=\"02\">\n<p><strong>2.Does the gear flow meter have a function to prevent misuse?<\/strong><\/p>\n<p>As one of the gear flow meter market leaders, we are known for innovation and reliability.<br \/>\nLa mayor\u00eda de los caudal\u00edmetros no tienen una funci\u00f3n para evitar el uso indebido, pero algunos modelos pueden tener caracter\u00edsticas que pueden ayudar a reducir el riesgo de uso indebido. Por ejemplo, algunos caudal\u00edmetros pueden tener una funci\u00f3n de bloqueo que impide que usuarios no autorizados modifiquen los ajustes o accedan a los datos. Adem\u00e1s, algunos caudal\u00edmetros pueden tener una funci\u00f3n de protecci\u00f3n por contrase\u00f1a que exige que el usuario introduzca una contrase\u00f1a antes de poder acceder a los datos o a los ajustes.<\/p>\n<\/div>\n<div id=\"03\">\n<p><strong>3.Can the gear flow meter be equipped with sensors of different accuracy?<\/strong><\/p>\n<p>S\u00ed, los caudal\u00edmetros pueden equiparse con sensores de distinta precisi\u00f3n. Existen distintos tipos de caudal\u00edmetros con diferentes niveles de precisi\u00f3n, en funci\u00f3n de la aplicaci\u00f3n. Por ejemplo, los caudal\u00edmetros de turbina suelen ser m\u00e1s precisos que los de rueda de paletas.<\/p>\n<\/div>\n<div id=\"04\">\n<p><strong>4.How accurate is the gear flow meter?<\/strong><\/p>\n<p>We are a professional gear flow meter company dedicated to providing high quality products and services.<br \/>\nLa precisi\u00f3n de un caudal\u00edmetro depende del tipo de caudal\u00edmetro que se utilice. En general, la mayor\u00eda de los caudal\u00edmetros tienen una precisi\u00f3n de 1-2% del caudal real. Sin embargo, algunos medidores de caudal pueden ser m\u00e1s precisos que esto, dependiendo del tipo y la calidad del medidor.<\/p>\n<p><img style=\"max-width: 100%;\" title=\"How accurate is the gear flow meter?\" src=\"https:\/\/www.hginstrument.com\/wp-content\/uploads\/2021\/07\/hluc-1.jpg\" alt=\"How accurate is the gear flow meter?\" \/><\/p>\n<\/div>\n<div id=\"05\">\n<p><strong>5.Does the gear flow meter have remote control capabilities?<\/strong><\/p>\n<p>Nos centramos en las necesidades de nuestros clientes y nos esforzamos por satisfacer sus expectativas, por lo que nos lo tomamos muy en serio.<br \/>\nDepende del modelo concreto de caudal\u00edmetro. Algunos modelos pueden tener capacidad de control remoto, mientras que otros no.<\/p>\n<\/div>\n<div id=\"06\">\n<p><strong>6.What is the response time of the gear flow meter?<\/strong><\/p>\n<p>Hemos establecido asociaciones estables y a largo plazo con nuestros proveedores, por lo que tenemos grandes ventajas en precio y coste y en garant\u00eda de calidad.<br \/>\nEl tiempo de respuesta de un caudal\u00edmetro puede variar en funci\u00f3n del tipo de caudal\u00edmetro utilizado. Por lo general, el tiempo de respuesta de un caudal\u00edmetro oscila entre 0,1 y 1 segundo.<\/p>\n<\/div>\n<div id=\"07\">\n<p><strong>7.About gear flow meter production skills training<\/strong><\/p>\n<p>La formaci\u00f3n en t\u00e9cnicas de producci\u00f3n de caudal\u00edmetros est\u00e1 dise\u00f1ada para ense\u00f1ar a t\u00e9cnicos e ingenieros los conocimientos necesarios para producir y mantener caudal\u00edmetros. La formaci\u00f3n abarca temas como los principios de la medici\u00f3n de caudal, los tipos de caudal\u00edmetros disponibles, la instalaci\u00f3n y el mantenimiento de los caudal\u00edmetros y las t\u00e9cnicas de resoluci\u00f3n de problemas. La formaci\u00f3n tambi\u00e9n abarca el uso de programas inform\u00e1ticos para analizar e interpretar los datos de caudal. La formaci\u00f3n suele impartirse en un aula y puede incluir actividades pr\u00e1cticas.<\/p>\n<\/div>\n<div id=\"08\">\n<p><strong>8.What are the common faults and solutions of gear flow meters?<\/strong><\/p>\n<p>Mantenemos una cierta inversi\u00f3n en I+D cada a\u00f1o y mejoramos continuamente la eficiencia operativa para ofrecer mejores servicios a nuestros clientes cooperativos.<br \/>\nEntre las aver\u00edas y soluciones m\u00e1s comunes de los caudal\u00edmetros se incluyen:<\/p>\n<p>1. Baja precisi\u00f3n: Suele deberse a una instalaci\u00f3n incorrecta o a una calibraci\u00f3n incorrecta. Para solucionarlo, compruebe la instalaci\u00f3n y la calibraci\u00f3n del caudal\u00edmetro y aseg\u00farese de que son correctas.<\/p>\n<p>2. Fugas: Suele deberse a una junta desgastada o da\u00f1ada. Para solucionarlo, sustituye la junta por una nueva.<\/p>\n<p>3. Obstrucci\u00f3n: Suele estar causado por residuos u otras part\u00edculas que obstruyen el caudal\u00edmetro. Para solucionarlo, limpie el caudal\u00edmetro y elimine cualquier resto o part\u00edcula.<\/p>\n<p>4. 4. Corrosi\u00f3n: Suele deberse a la exposici\u00f3n a l\u00edquidos o gases corrosivos. Para solucionarlo, sustituya cualquier pieza corro\u00edda y utilice un material resistente a la corrosi\u00f3n para el caudal\u00edmetro.<\/p>\n<p><img style=\"max-width: 100%;\" title=\"What are the common faults and solutions of gear flow meters?\" src=\"https:\/\/www.hginstrument.com\/wp-content\/uploads\/2021\/07\/oval-gear-4.jpg\" alt=\"What are the common faults and solutions of gear flow meters?\" \/><\/p>\n<\/div>\n<div id=\"09\">\n<p><strong>9.About gear flow meter origin<\/strong><\/p>\n<p>El primer caudal\u00edmetro fue inventado en 1832 por un ingl\u00e9s llamado William Henry. Desarroll\u00f3 un dispositivo que utilizaba un flotador para medir el caudal de agua en una tuber\u00eda. Este dispositivo fue el primero de su clase y el precursor de los caudal\u00edmetros modernos. Desde entonces, los caudal\u00edmetros se han utilizado en diversas industrias para medir el caudal de l\u00edquidos, gases y otros materiales. Hoy en d\u00eda, los caudal\u00edmetros se utilizan en una gran variedad de aplicaciones, desde la medici\u00f3n del caudal de agua en una tuber\u00eda hasta la medici\u00f3n del caudal de petr\u00f3leo en una refiner\u00eda.<\/p>\n<\/div>\n<div id=\"010\">\n<p><strong>10.What is the applicable pressure range of gear flow meter?<\/strong><\/p>\n<p>Nuestros productos y servicios cubren una amplia gama de \u00e1mbitos y satisfacen las necesidades de diferentes campos.<br \/>\nEl rango de presi\u00f3n aplicable de un caudal\u00edmetro depende del tipo de caudal\u00edmetro que se utilice. Por lo general, los caudal\u00edmetros pueden medir presiones que oscilan entre 0,1 bar y 1.000 bar.<\/p>\n<\/div>\n<div id=\"11\">\n<p><strong>11.About gear flow meter warranty<\/strong><\/p>\n<p>Las garant\u00edas de los caudal\u00edmetros var\u00edan en funci\u00f3n del fabricante y del tipo de caudal\u00edmetro. Por lo general, las garant\u00edas cubren los defectos de materiales y mano de obra, y tambi\u00e9n pueden cubrir ciertos tipos de da\u00f1os causados por el uso normal. Algunas garant\u00edas tambi\u00e9n pueden cubrir los da\u00f1os causados por una instalaci\u00f3n o un uso inadecuados. Es importante leer la informaci\u00f3n sobre la garant\u00eda proporcionada por el fabricante para comprender la cobertura espec\u00edfica y las limitaciones de la garant\u00eda.<\/p>\n<\/div>\n<div id=\"12\">\n<p><strong>12.What is the measuring range of gear flow meter?<\/strong><\/p>\n<p>We continuously upgrade our skills and knowledge to adapt to changing gear flow meter market needs.<br \/>\nEl rango de medici\u00f3n de un caudal\u00edmetro depende del tipo de caudal\u00edmetro que se utilice. Por lo general, el rango de medici\u00f3n de un caudal\u00edmetro puede oscilar entre 0,01 y 1.000 litros por minuto.<\/p>\n<p><img style=\"max-width: 100%;\" title=\"What is the measuring range of gear flow meter?\" src=\"https:\/\/www.hginstrument.com\/wp-content\/uploads\/2021\/07\/verabar-1.jpg\" alt=\"What is the measuring range of gear flow meter?\" \/><\/p>\n<\/div>\n<div id=\"13\">\n<p><strong>13.About gear flow meter R&amp;D capabilities<\/strong><\/p>\n<p>Las capacidades de I+D en caudal\u00edmetros se refieren a la capacidad de una empresa u organizaci\u00f3n para investigar, desarrollar y fabricar caudal\u00edmetros. Esto incluye la capacidad de dise\u00f1ar, probar y fabricar caudal\u00edmetros que cumplan los requisitos del cliente y las normas del sector. Tambi\u00e9n incluye la capacidad de desarrollar nuevas tecnolog\u00edas y productos para satisfacer las necesidades cambiantes de la industria. Las empresas con una s\u00f3lida capacidad de I+D pueden adelantarse a la competencia y ofrecer a sus clientes los caudal\u00edmetros m\u00e1s avanzados y fiables.<\/p>\n<\/div>\n<div id=\"14\">\n<p><strong>14.About gear flow meter warranty<\/strong><\/p>\n<p>Las garant\u00edas de los caudal\u00edmetros var\u00edan en funci\u00f3n del fabricante y del tipo de caudal\u00edmetro. Por lo general, las garant\u00edas cubren los defectos de materiales y mano de obra, y tambi\u00e9n pueden cubrir ciertos tipos de da\u00f1os causados por el uso normal. Algunas garant\u00edas tambi\u00e9n pueden cubrir los da\u00f1os causados por una instalaci\u00f3n o un uso inadecuados. Es importante leer la informaci\u00f3n sobre la garant\u00eda proporcionada por el fabricante para comprender la cobertura espec\u00edfica y las limitaciones de la garant\u00eda.<\/p>\n<\/div>\n<p>&nbsp;<\/p>\n<p>Etiqueta\uff1a<a href=\"\/es\/magnetic-flow-meter\/hyd-flow-meter\/\">hyd flow meter<\/a>,<a href=\"\/es\/magnetic-flow-meter\/v-cone-flow-meter\/\">caudal\u00edmetro de cono v<\/a>,<a href=\"\/es\/magnetic-flow-meter\/1\/4-flow-meter\/\">Caudal\u00edmetro 1\/4<\/a>,<a href=\"\/es\/magnetic-flow-meter\/biogas-flow-meter\/\">caudal\u00edmetro de biog\u00e1s<\/a>,<a href=\"\/es\/magnetic-flow-meter\/promag-flow-meter\/\">promag flow meter<\/a><\/p>\n<p>&nbsp;<\/p>","protected":false},"excerpt":{"rendered":"<p><strong>Datos t\u00e9cnicos<\/strong><br \/>\nPuede servir para fluidos l\u00edquidos o gaseosos, normalmente se utiliza para medir el caudal de vapor, aire y gas natural.<br \/>\nTama\u00f1o del contador: Tipo en l\u00ednea: DN25 - DN300<br \/>\nOpci\u00f3n de material mojado: SS304, SS316<br \/>\nTemperatura de funcionamiento: \u2264250\u2103<br \/>\nConexi\u00f3n a proceso: Wafer \/ Brida \/ Tri-clamp para tipo en l\u00ednea<br \/>\nPrecisi\u00f3n de medici\u00f3n: 1,0 % - 1,5% del intervalo de calibraci\u00f3n<br \/>\nIndicador digital: muestra el caudal instant\u00e1neo y el caudal total<br \/>\nAlimentaci\u00f3n: 24VDC, Salida: 4-20mA<\/p>\n<p><strong>caracter\u00edsticas<\/strong><br \/>\n1.Puntos de consigna ON\/OFF ajustables<br \/>\n2.Modo de alarma de caudal alto o bajo<br \/>\n3.Tiempo de retardo ajustable<br \/>\n4.LED de estado del rel\u00e9<\/p>","protected":false},"featured_media":3691,"comment_status":"closed","ping_status":"closed","template":"","meta":[],"product_cat":[2372],"product_tag":[],"acf":[],"_links":{"self":[{"href":"https:\/\/www.hginstrument.com\/es\/wp-json\/wp\/v2\/product\/5376"}],"collection":[{"href":"https:\/\/www.hginstrument.com\/es\/wp-json\/wp\/v2\/product"}],"about":[{"href":"https:\/\/www.hginstrument.com\/es\/wp-json\/wp\/v2\/types\/product"}],"replies":[{"embeddable":true,"href":"https:\/\/www.hginstrument.com\/es\/wp-json\/wp\/v2\/comments?post=5376"}],"wp:featuredmedia":[{"embeddable":true,"href":"https:\/\/www.hginstrument.com\/es\/wp-json\/wp\/v2\/media\/3691"}],"wp:attachment":[{"href":"https:\/\/www.hginstrument.com\/es\/wp-json\/wp\/v2\/media?parent=5376"}],"wp:term":[{"taxonomy":"product_cat","embeddable":true,"href":"https:\/\/www.hginstrument.com\/es\/wp-json\/wp\/v2\/product_cat?post=5376"},{"taxonomy":"product_tag","embeddable":true,"href":"https:\/\/www.hginstrument.com\/es\/wp-json\/wp\/v2\/product_tag?post=5376"}],"curies":[{"name":"wp","href":"https:\/\/api.w.org\/{rel}","templated":true}]}}