{"id":5388,"date":"2023-12-24T04:43:26","date_gmt":"2023-12-23T20:43:26","guid":{"rendered":"https:\/\/www.hginstrument.com\/?post_type=product&#038;p=5388"},"modified":"2024-01-09T16:55:52","modified_gmt":"2024-01-09T08:55:52","slug":"gpi-flow-meter-calibration","status":"publish","type":"product","link":"https:\/\/www.hginstrument.com\/es\/magnetic-flow-meter\/gpi-flow-meter-calibration\/","title":{"rendered":"calibraci\u00f3n del caudal\u00edmetro gpi"},"content":{"rendered":"<p>La calibraci\u00f3n del caudal\u00edmetro gpi es un dispositivo de medici\u00f3n de caudal altamente avanzado y personalizable dise\u00f1ado para una amplia gama de aplicaciones industriales y comerciales. Este dispositivo utiliza tecnolog\u00eda de vanguardia, incluidos sensores de precisi\u00f3n y algoritmos avanzados, para medir y controlar con precisi\u00f3n los caudales de diversos l\u00edquidos y gases.<\/p>\n<p>Una de las caracter\u00edsticas clave de la calibraci\u00f3n de caudal\u00edmetros gpi es su capacidad para medir con precisi\u00f3n el caudal de diversos fluidos, incluidos l\u00edquidos, gases y vapor. Esto es posible gracias a su exclusivo m\u00e9todo de medici\u00f3n de caudal por presi\u00f3n diferencial, que garantiza una p\u00e9rdida de presi\u00f3n m\u00ednima y una gran precisi\u00f3n de medici\u00f3n. Adem\u00e1s, el instrumento es capaz de medir caudales en un amplio rango, lo que lo hace adecuado tanto para aplicaciones de bajo como de alto caudal.<\/p>\n<p>Otra ventaja de utilizar la calibraci\u00f3n de caudal\u00edmetros gpi es su escaso mantenimiento. El instrumento est\u00e1 dise\u00f1ado para resistir entornos dif\u00edciles y puede funcionar continuamente sin necesidad de limpieza y calibraci\u00f3n frecuentes. Esto no s\u00f3lo reduce el tiempo de inactividad, sino que tambi\u00e9n ayuda a ahorrar costes a las industrias que requieren un control constante del caudal.<\/p>\n<table class=\"table table-bordered\">\n<tbody>\n<tr>\n<td><span style=\"vertical-align: inherit;\"><span style=\"vertical-align: inherit;\">Tipo\uff1a<\/span><\/span><\/td>\n<td><span style=\"vertical-align: inherit;\">calibraci\u00f3n del caudal\u00edmetro gpi<\/span><\/td>\n<td><span style=\"vertical-align: inherit;\"><span style=\"vertical-align: inherit;\">Se\u00f1al de salida\uff1a<\/span><\/span><\/td>\n<td><span style=\"vertical-align: inherit;\"><span style=\"vertical-align: inherit;\">4-20 mA, Pulso\/Frecuencia 2kHz(Predeterminado), 5KHz(Max)<\/span><\/span><\/td>\n<\/tr>\n<tr>\n<td><span style=\"vertical-align: inherit;\"><span style=\"vertical-align: inherit;\">Lugar de origen\uff1a<\/span><\/span><\/td>\n<td><span style=\"vertical-align: inherit;\"><span style=\"vertical-align: inherit;\">Jiangsu\uff0cChina<\/span><\/span><\/td>\n<td><span style=\"vertical-align: inherit;\"><span style=\"vertical-align: inherit;\">Incorporar tipo\uff1a<\/span><\/span><\/td>\n<td><span style=\"vertical-align: inherit;\"><span style=\"vertical-align: inherit;\">-10\u2103- +51\u2103<\/span><\/span><\/td>\n<\/tr>\n<tr>\n<td><span style=\"vertical-align: inherit;\"><span style=\"vertical-align: inherit;\">Garant\u00eda\uff1a<\/span><\/span><\/td>\n<td><span style=\"vertical-align: inherit;\"><span style=\"vertical-align: inherit;\">26 meses<\/span><\/span><\/td>\n<td><span style=\"vertical-align: inherit;\"><span style=\"vertical-align: inherit;\">Tensi\u00f3n de alimentaci\u00f3n\uff1a<\/span><\/span><\/td>\n<td><span style=\"vertical-align: inherit;\"><span style=\"vertical-align: inherit;\">110\/220VAC (100-240VAC), 50Hz\/60Hz; 24VDC\u00b110%<\/span><\/span><\/td>\n<\/tr>\n<tr>\n<td><span style=\"vertical-align: inherit;\"><span style=\"vertical-align: inherit;\">Asistencia personalizada\uff1a<\/span><\/span><\/td>\n<td><span style=\"vertical-align: inherit;\"><span style=\"vertical-align: inherit;\">OEM, ODM, OBM<\/span><\/span><\/td>\n<td><span style=\"vertical-align: inherit;\"><span style=\"vertical-align: inherit;\">Comunicaci\u00f3n digital\uff1a<\/span><\/span><\/td>\n<td><span style=\"vertical-align: inherit;\"><span style=\"vertical-align: inherit;\">RS-485, compatible con el protocolo est\u00e1ndar Mudbugs-RTU; GPRS<\/span><\/span><\/td>\n<\/tr>\n<tr>\n<td><span style=\"vertical-align: inherit;\"><span style=\"vertical-align: inherit;\">Marca\uff1a<\/span><\/span><\/td>\n<td><span style=\"vertical-align: inherit;\"><span style=\"vertical-align: inherit;\">GRUPO SUYI<\/span><\/span><\/td>\n<td><span style=\"vertical-align: inherit;\"><span style=\"vertical-align: inherit;\">Presi\u00f3n nominal\uff1a<\/span><\/span><\/td>\n<td><span style=\"vertical-align: inherit;\"><span style=\"vertical-align: inherit;\">1MPa (DN15-DN800), 1,6MPa(DN15-DN800), 2,5MPa(DN15-DN600)<\/span><\/span><\/td>\n<\/tr>\n<tr>\n<td><span style=\"vertical-align: inherit;\"><span style=\"vertical-align: inherit;\">N\u00famero de modelo\uff1a<\/span><\/span><\/td>\n<td><span style=\"vertical-align: inherit;\"><span style=\"vertical-align: inherit;\">otros<\/span><\/span><\/td>\n<td><span style=\"vertical-align: inherit;\"><span style=\"vertical-align: inherit;\">Sensor\uff1a<\/span><\/span><\/td>\n<td><span style=\"vertical-align: inherit;\"><span style=\"vertical-align: inherit;\">0\u2103- +80\u2103 o -25\u2103- +120\u2103 o +70\u2103- +250\u2103<\/span><\/span><\/td>\n<\/tr>\n<tr>\n<td><span style=\"vertical-align: inherit;\"><span style=\"vertical-align: inherit;\">Nombre del producto\uff1a<\/span><\/span><\/td>\n<td><span style=\"vertical-align: inherit;\"><span style=\"vertical-align: inherit;\">Medidor de caudal de agua qu\u00edmico digital inteligente electromagn\u00e9tico<\/span><\/span><\/td>\n<td><span style=\"vertical-align: inherit;\"><span style=\"vertical-align: inherit;\">Detalles del embalaje\uff1a<\/span><\/span><\/td>\n<td><span style=\"vertical-align: inherit;\"><span style=\"vertical-align: inherit;\">1 Juego por paquete o seg\u00fan pedido del cliente<\/span><\/span><\/td>\n<\/tr>\n<tr>\n<td><span style=\"vertical-align: inherit;\"><span style=\"vertical-align: inherit;\">Di\u00e1metro nominal\uff1a<\/span><\/span><\/td>\n<td><span style=\"vertical-align: inherit;\"><span style=\"vertical-align: inherit;\">3-2702 mm<\/span><\/span><\/td>\n<td><span style=\"vertical-align: inherit;\"><span style=\"vertical-align: inherit;\">Capacidad de suministro\uff1a<\/span><\/span><\/td>\n<td><span style=\"vertical-align: inherit;\"><span style=\"vertical-align: inherit;\">2487 juegos\/conjuntos al mes<\/span><\/span><\/td>\n<\/tr>\n<tr>\n<td><span style=\"vertical-align: inherit;\"><span style=\"vertical-align: inherit;\">rango de velocidad\uff1a<\/span><\/span><\/td>\n<td><span style=\"vertical-align: inherit;\"><span style=\"vertical-align: inherit;\">0-12 m\/s<\/span><\/span><\/td>\n<td><span style=\"vertical-align: inherit;\"><span style=\"vertical-align: inherit;\">Cantidad (juegos)\uff1a<\/span><\/span><\/td>\n<td><span style=\"vertical-align: inherit;\"><span style=\"vertical-align: inherit;\">&gt; 30<\/span><\/span><\/td>\n<\/tr>\n<tr>\n<td><span style=\"vertical-align: inherit;\"><span style=\"vertical-align: inherit;\">Grado de precisi\u00f3n\uff1a<\/span><\/span><\/td>\n<td><span style=\"vertical-align: inherit;\"><span style=\"vertical-align: inherit;\">\u00b10,5%R, \u00b11%R ( &lt; DN20)<\/span><\/span><\/td>\n<td><span style=\"vertical-align: inherit;\"><span style=\"vertical-align: inherit;\">Plazo de entrega (d\u00edas)\uff1a<\/span><\/span><\/td>\n<td><span style=\"vertical-align: inherit;\"><span style=\"vertical-align: inherit;\">A negociar<\/span><\/span><\/td>\n<\/tr>\n<\/tbody>\n<\/table>\n<p>&nbsp;<\/p>\n<p>&nbsp;<\/p>\n<p style=\"text-align: center;\"><img title=\"calibraci\u00f3n del caudal\u00edmetro gpi\" src=\"https:\/\/www.hginstrument.com\/wp-content\/uploads\/2021\/07\/in-line-pipeline-type-hgd-electromagnetic-flow-meter.jpg\" \/><\/p>\n<p>&nbsp;<\/p>\n<p>&nbsp;<\/p>\n<p style=\"text-align: center;\"><img title=\"calibraci\u00f3n del caudal\u00edmetro gpi\" src=\"https:\/\/www.hginstrument.com\/wp-content\/uploads\/2021\/07\/insertion-01.jpg\" \/><\/p>\n<p>&nbsp;<\/p>\n<p>&nbsp;<\/p>\n<p style=\"text-align: center;\"><img title=\"calibraci\u00f3n del caudal\u00edmetro gpi\" src=\"https:\/\/www.hginstrument.com\/wp-content\/uploads\/2021\/07\/sanitary-mag-1.jpg\" \/><\/p>\n<p><strong>Gu\u00eda de preguntas frecuentes sobre calibraci\u00f3n de caudal\u00edmetros gpi.<\/strong><\/p>\n<p>En el coraz\u00f3n de nuestra serie de calibraci\u00f3n de caudal\u00edmetros gpi se encuentra un compromiso con la excelencia, que combina una avanzada tecnolog\u00eda de sensores con interfaces f\u00e1ciles de usar. Desde l\u00edquidos a gases, nuestros medidores ofrecen una precisi\u00f3n sin precedentes, permiti\u00e9ndole tomar decisiones informadas y agilizar las operaciones. A medida que iniciamos una nueva era en la medici\u00f3n de fluidos, le invitamos a explorar las posibilidades ilimitadas que abren nuestras calibraciones de caudal\u00edmetros gpi, en las que la precisi\u00f3n se une al rendimiento y la innovaci\u00f3n fluye a la perfecci\u00f3n.<\/p>\n<div style=\"border: 3px solid #f89900; margin: 20px 0; padding: 20px;\"><a href=\"\/es\/gpi-flow-meter-calibration\/#01\">1.\u00bfCu\u00e1l es el formato de la se\u00f1al de salida de la calibraci\u00f3n del caudal\u00edmetro gpi?<\/a><br \/>\n<a href=\"\/es\/gpi-flow-meter-calibration\/#02\">2.Acerca de los servicios personalizados de calibraci\u00f3n de caudal\u00edmetros gpi<\/a><br \/>\n<a href=\"\/es\/gpi-flow-meter-calibration\/#03\">3.\u00bfPueden emitirse y registrarse a distancia los resultados de medici\u00f3n de la calibraci\u00f3n del caudal\u00edmetro gpi?<\/a><br \/>\n<a href=\"\/es\/gpi-flow-meter-calibration\/#04\">4.\u00bfC\u00f3mo calibrar un caudal\u00edmetro gpi?<\/a><br \/>\n<a href=\"\/es\/gpi-flow-meter-calibration\/#05\">5.\u00bfCu\u00e1les son los m\u00e9todos de instalaci\u00f3n de la calibraci\u00f3n del caudal\u00edmetro gpi?<\/a><br \/>\n<a href=\"\/es\/gpi-flow-meter-calibration\/#06\">6.Acerca del sistema de gesti\u00f3n de la producci\u00f3n de calibraci\u00f3n de caudal\u00edmetros gpi<\/a><br \/>\n<a href=\"\/es\/gpi-flow-meter-calibration\/#07\">7.\u00bfTiene la calibraci\u00f3n del caudal\u00edmetro gpi capacidad de control remoto?<\/a><br \/>\n<a href=\"\/es\/gpi-flow-meter-calibration\/#08\">8.\u00bfCumple el rendimiento a prueba de explosiones de la calibraci\u00f3n del caudal\u00edmetro gpi las normas pertinentes?<\/a><br \/>\n<a href=\"\/es\/gpi-flow-meter-calibration\/#09\">9.\u00bfSon trazables los resultados de las mediciones de calibraci\u00f3n de caudal\u00edmetros gpi?<\/a><br \/>\n<a href=\"\/es\/gpi-flow-meter-calibration\/#010\">10.\u00bfCu\u00e1l es la diferencia entre la calibraci\u00f3n de caudal\u00edmetros gpi SUYI group vs calibraci\u00f3n de caudal\u00edmetros gpi Yokogawa vs calibraci\u00f3n de caudal\u00edmetros gpi ABB<\/a><br \/>\n<a href=\"\/es\/gpi-flow-meter-calibration\/#11\">11.Sobre la historia del desarrollo de la f\u00e1brica de calibraci\u00f3n de caudal\u00edmetros gpi<\/a><br \/>\n<a href=\"\/es\/gpi-flow-meter-calibration\/#12\">12.Acerca de la fecha de entrega de la calibraci\u00f3n del caudal\u00edmetro gpi<\/a><br \/>\n<a href=\"\/es\/gpi-flow-meter-calibration\/#13\">13.\u00bfCu\u00e1les son los m\u00e9todos de mantenimiento para la calibraci\u00f3n de caudal\u00edmetros gpi?<\/a><\/div>\n<div id=\"01\">\n<p><strong>1.\u00bfCu\u00e1l es el formato de la se\u00f1al de salida de la calibraci\u00f3n del caudal\u00edmetro gpi?<\/strong><\/p>\n<p>Actualizamos continuamente nuestras competencias y conocimientos para adaptarnos a las cambiantes necesidades del mercado de calibraci\u00f3n de caudal\u00edmetros gpi.<br \/>\nEl formato de la se\u00f1al de salida del caudal\u00edmetro depende del tipo de caudal\u00edmetro que se utilice. Entre los formatos de se\u00f1al de salida m\u00e1s comunes se incluyen pulso, frecuencia, tensi\u00f3n y corriente.<\/p>\n<\/div>\n<div id=\"02\">\n<p><strong>2.Acerca de los servicios personalizados de calibraci\u00f3n de caudal\u00edmetros gpi<\/strong><\/p>\n<p>Los servicios de personalizaci\u00f3n de caudal\u00edmetros est\u00e1n dise\u00f1ados para ofrecer a los clientes una soluci\u00f3n a medida para sus necesidades espec\u00edficas de medici\u00f3n de caudal. Estos servicios pueden incluir la personalizaci\u00f3n del caudal\u00edmetro para adaptarlo a una aplicaci\u00f3n concreta, como un tama\u00f1o de tuber\u00eda o un caudal espec\u00edficos, o para cumplir un determinado requisito de precisi\u00f3n. Los servicios de personalizaci\u00f3n tambi\u00e9n pueden incluir la modificaci\u00f3n del caudal\u00edmetro para incluir funciones adicionales, como una pantalla o capacidades de registro de datos. Los servicios de personalizaci\u00f3n de caudal\u00edmetros tambi\u00e9n pueden incluir la instalaci\u00f3n del caudal\u00edmetro, as\u00ed como la prestaci\u00f3n de asistencia t\u00e9cnica y mantenimiento.<\/p>\n<p><img style=\"max-width: 100%;\" title=\"Acerca de los servicios personalizados de calibraci\u00f3n de caudal\u00edmetros gpi\" src=\"https:\/\/www.hginstrument.com\/wp-content\/uploads\/2021\/07\/mdp310-fc3-3.jpg\" alt=\"Acerca de los servicios personalizados de calibraci\u00f3n de caudal\u00edmetros gpi\" \/><\/p>\n<\/div>\n<div id=\"03\">\n<p><strong>3.\u00bfPueden emitirse y registrarse a distancia los resultados de medici\u00f3n de la calibraci\u00f3n del caudal\u00edmetro gpi?<\/strong><\/p>\n<p>S\u00ed, muchos caudal\u00edmetros est\u00e1n equipados con salida remota y capacidad de registro. Esto permite a los usuarios supervisar y registrar datos de caudal desde una ubicaci\u00f3n remota.<\/p>\n<\/div>\n<div id=\"04\">\n<p><strong>4.\u00bfC\u00f3mo calibrar un caudal\u00edmetro gpi?<\/strong><\/p>\n<p>Siendo uno de los principales fabricantes de calibraci\u00f3n de medidores de flujo gpi en China, damos gran importancia a este detalle.<br \/>\n1. Consulte las instrucciones del fabricante del caudal\u00edmetro espec\u00edfico que est\u00e9 utilizando.<\/p>\n<p>2. Aseg\u00farese de que el caudal\u00edmetro est\u00e1 instalado correctamente y de que todas las conexiones son seguras.<\/p>\n<p>3. Conecte el caudal\u00edmetro a un dispositivo de calibraci\u00f3n, como un dispositivo de calibraci\u00f3n de caudal o un bucle de calibraci\u00f3n de caudal.<\/p>\n<p>4. Ajuste el dispositivo de calibraci\u00f3n al caudal deseado.<\/p>\n<p>5. Encienda el caudal\u00edmetro y d\u00e9jelo funcionar durante unos minutos para asegurarse de que est\u00e1 estable.<\/p>\n<p>6. Compruebe la lectura del caudal\u00edmetro con la lectura del dispositivo de calibraci\u00f3n.<\/p>\n<p>7. Ajuste la configuraci\u00f3n del caudal\u00edmetro seg\u00fan sea necesario para que coincida con la lectura del dispositivo de calibraci\u00f3n.<\/p>\n<p>8. Repita los pasos 4-7 hasta que la lectura del caudal\u00edmetro coincida con la lectura del dispositivo de calibraci\u00f3n.<\/p>\n<p>9. Anote los ajustes del caudal\u00edmetro y la lectura del dispositivo de calibraci\u00f3n para futuras consultas.<\/p>\n<p><img style=\"max-width: 100%;\" title=\"\u00bfC\u00f3mo calibrar un caudal\u00edmetro gpi?\" src=\"https:\/\/www.hginstrument.com\/wp-content\/uploads\/2021\/07\/hgcmf-c1-1.jpg\" alt=\"\u00bfC\u00f3mo calibrar un caudal\u00edmetro gpi?\" \/><\/p>\n<\/div>\n<div id=\"05\">\n<p><strong>5.\u00bfCu\u00e1les son los m\u00e9todos de instalaci\u00f3n de la calibraci\u00f3n del caudal\u00edmetro gpi?<\/strong><\/p>\n<p>Nuestra misi\u00f3n es proporcionar a los clientes las mejores soluciones para la calibraci\u00f3n de caudal\u00edmetros gpi.<br \/>\n1. Instalaci\u00f3n en l\u00ednea: Es el tipo de instalaci\u00f3n m\u00e1s com\u00fan para los caudal\u00edmetros. Consiste en colocar el caudal\u00edmetro directamente en la tuber\u00eda o conducto por donde circula el fluido.<\/p>\n<p>2. Instalaci\u00f3n por inserci\u00f3n: Este tipo de instalaci\u00f3n consiste en insertar el caudal\u00edmetro en la tuber\u00eda o conducto. Esto suele hacerse con una brida o un racor.<\/p>\n<p>3. Instalaci\u00f3n en canal abierto: Este tipo de instalaci\u00f3n se utiliza cuando el caudal se encuentra en un canal abierto, como un r\u00edo o un arroyo. El caudal\u00edmetro se coloca en el canal y mide el caudal.<\/p>\n<p>4. Instalaci\u00f3n sumergible: Este tipo de instalaci\u00f3n se utiliza cuando el caudal se encuentra en un medio sumergido, como un pozo o un embalse. El caudal\u00edmetro se coloca en el agua y mide el caudal.<\/p>\n<\/div>\n<div id=\"06\">\n<p><strong>6.Acerca del sistema de gesti\u00f3n de la producci\u00f3n de calibraci\u00f3n de caudal\u00edmetros gpi<\/strong><\/p>\n<p>Un sistema de gesti\u00f3n de la producci\u00f3n de caudal\u00edmetros es una soluci\u00f3n de software dise\u00f1ada para ayudar a los fabricantes a gestionar la producci\u00f3n de caudal\u00edmetros. El sistema puede utilizarse para realizar un seguimiento del proceso de producci\u00f3n de principio a fin, incluido el pedido de materias primas, el montaje de componentes y la comprobaci\u00f3n y calibraci\u00f3n del producto acabado. El sistema tambi\u00e9n puede utilizarse para controlar la calidad del proceso de producci\u00f3n, garantizando que los caudal\u00edmetros cumplen las normas exigidas. Adem\u00e1s, el sistema puede utilizarse para generar informes y analizar datos que ayuden a los fabricantes a mejorar sus procesos de producci\u00f3n.<\/p>\n<p><img style=\"max-width: 100%;\" title=\"Acerca del sistema de gesti\u00f3n de la producci\u00f3n de calibraci\u00f3n de caudal\u00edmetros gpi\" src=\"https:\/\/www.hginstrument.com\/wp-content\/uploads\/2021\/07\/ltb-1.jpg\" alt=\"Acerca del sistema de gesti\u00f3n de la producci\u00f3n de calibraci\u00f3n de caudal\u00edmetros gpi\" \/><\/p>\n<\/div>\n<div id=\"07\">\n<p><strong>7.\u00bfTiene la calibraci\u00f3n del caudal\u00edmetro gpi capacidad de control remoto?<\/strong><\/p>\n<p>Nos centramos en las necesidades de nuestros clientes y nos esforzamos por satisfacer sus expectativas, por lo que nos lo tomamos muy en serio.<br \/>\nDepende del modelo concreto de caudal\u00edmetro. Algunos modelos pueden tener capacidad de control remoto, mientras que otros no.<\/p>\n<\/div>\n<div id=\"08\">\n<p><strong>8.\u00bfCumple el rendimiento a prueba de explosiones de la calibraci\u00f3n del caudal\u00edmetro gpi las normas pertinentes?<\/strong><\/p>\n<p>S\u00ed, las prestaciones antideflagrantes del caudal\u00edmetro cumplen las normas pertinentes. El caudal\u00edmetro debe estar certificado por un organismo de certificaci\u00f3n reconocido para garantizar que cumple los requisitos de las normas pertinentes.<\/p>\n<p><img style=\"max-width: 100%;\" title=\"\u00bfCumple el rendimiento a prueba de explosiones de la calibraci\u00f3n del caudal\u00edmetro gpi las normas pertinentes?\" src=\"https:\/\/www.hginstrument.com\/wp-content\/uploads\/2021\/07\/insertion-01.jpg\" alt=\"\u00bfCumple el rendimiento a prueba de explosiones de la calibraci\u00f3n del caudal\u00edmetro gpi las normas pertinentes?\" \/><\/p>\n<\/div>\n<div id=\"09\">\n<p><strong>9.\u00bfSon trazables los resultados de las mediciones de calibraci\u00f3n de caudal\u00edmetros gpi?<\/strong><\/p>\n<p>Nuestra empresa cuenta con muchos a\u00f1os de experiencia y conocimientos en calibraci\u00f3n de caudal\u00edmetros gpi.<br \/>\nS\u00ed, los resultados de las mediciones de los caudal\u00edmetros pueden ser trazables. La trazabilidad es la capacidad de rastrear el historial, la aplicaci\u00f3n o la ubicaci\u00f3n de un elemento mediante una identificaci\u00f3n registrada y documentada. Los caudal\u00edmetros suelen calibrarse utilizando un patr\u00f3n trazable, como un patr\u00f3n de calibraci\u00f3n trazable al NIST. Esto garantiza que los resultados de las mediciones del caudal\u00edmetro son trazables a un patr\u00f3n conocido.<\/p>\n<\/div>\n<div id=\"010\">\n<p><strong>10.\u00bfCu\u00e1l es la diferencia entre la calibraci\u00f3n de caudal\u00edmetros gpi SUYI group vs calibraci\u00f3n de caudal\u00edmetros gpi Yokogawa vs calibraci\u00f3n de caudal\u00edmetros gpi ABB<\/strong><\/p>\n<p>Los caudal\u00edmetros de SUYI Group, Yokogawa y ABB miden el caudal de un fluido, pero difieren en t\u00e9rminos de precisi\u00f3n, caracter\u00edsticas y coste. Los caudal\u00edmetros de SUYI Group suelen ser m\u00e1s asequibles que los de Yokogawa y ABB, pero es posible que no tengan tantas funciones ni una precisi\u00f3n tan alta. Los medidores de flujo de Yokogawa son conocidos por su precisi\u00f3n y confiabilidad, pero tienden a ser m\u00e1s caros que los de SUYI Group y ABB. Los caudal\u00edmetros ABB son conocidos por su robustez y durabilidad, pero tambi\u00e9n son m\u00e1s caros que las otras dos marcas.<\/p>\n<p><img style=\"max-width: 100%;\" title=\"Cu\u00e1l es la diferencia entre la calibraci\u00f3n de caudal\u00edmetros gpi SUYI group vs calibraci\u00f3n de caudal\u00edmetros gpi Yokogawa vs calibraci\u00f3n de caudal\u00edmetros gpi ABB\" src=\"https:\/\/www.hginstrument.com\/wp-content\/uploads\/2021\/07\/hluc-1.jpg\" alt=\"Cu\u00e1l es la diferencia entre la calibraci\u00f3n de caudal\u00edmetros gpi SUYI group vs calibraci\u00f3n de caudal\u00edmetros gpi Yokogawa vs calibraci\u00f3n de caudal\u00edmetros gpi ABB\" \/><\/p>\n<\/div>\n<div id=\"11\">\n<p><strong>11.Sobre la historia del desarrollo de la f\u00e1brica de calibraci\u00f3n de caudal\u00edmetros gpi<\/strong><\/p>\n<p>La f\u00e1brica de caudal\u00edmetros se cre\u00f3 a principios de la d\u00e9cada de 1990. Fue fundada por un grupo de ingenieros y t\u00e9cnicos con amplia experiencia en el dise\u00f1o y la fabricaci\u00f3n de caudal\u00edmetros. La empresa se centr\u00f3 inicialmente en la producci\u00f3n de caudal\u00edmetros mec\u00e1nicos, pero pronto ampli\u00f3 su gama de productos para incluir caudal\u00edmetros electr\u00f3nicos. A lo largo de los a\u00f1os, la empresa ha desarrollado una amplia gama de caudal\u00edmetros para diversas aplicaciones, incluidas las industriales, comerciales y residenciales. La empresa tambi\u00e9n ha desarrollado una gama de soluciones de software y hardware para la medici\u00f3n y el control del caudal. En la actualidad, la empresa es uno de los principales fabricantes de caudal\u00edmetros y productos relacionados, y est\u00e1 reconocida como l\u00edder del sector.<\/p>\n<\/div>\n<div id=\"12\">\n<p><strong>12.Acerca de la fecha de entrega de la calibraci\u00f3n del caudal\u00edmetro gpi<\/strong><\/p>\n<p>La fecha de entrega de un caudal\u00edmetro depender\u00e1 del tipo de caudal\u00edmetro, del fabricante y de la disponibilidad del producto. Por lo general, la mayor\u00eda de los caudal\u00edmetros pueden entregarse en un plazo que oscila entre unos d\u00edas y unas semanas. Sin embargo, algunos caudal\u00edmetros especializados pueden tardar m\u00e1s en entregarse. Lo mejor es ponerse en contacto directamente con el fabricante para obtener una fecha de entrega exacta.<\/p>\n<p><img style=\"max-width: 100%;\" title=\"Acerca de la fecha de entrega de la calibraci\u00f3n del caudal\u00edmetro gpi\" src=\"https:\/\/www.hginstrument.com\/wp-content\/uploads\/2021\/07\/hgdu600-p-1.jpg\" alt=\"Acerca de la fecha de entrega de la calibraci\u00f3n del caudal\u00edmetro gpi\" \/><\/p>\n<\/div>\n<div id=\"13\">\n<p><strong>13.\u00bfCu\u00e1les son los m\u00e9todos de mantenimiento para la calibraci\u00f3n de caudal\u00edmetros gpi?<\/strong><\/p>\n<p>Nos centramos en la innovaci\u00f3n y la mejora continua para mantener una ventaja competitiva.<br \/>\n1. Compruebe regularmente si el caudal\u00edmetro presenta signos de desgaste o da\u00f1os.<\/p>\n<p>2. Limpie el caudal\u00edmetro con regularidad para garantizar lecturas precisas.<\/p>\n<p>3. Compruebe la precisi\u00f3n del caudal\u00edmetro realizando pruebas de calibraci\u00f3n.<\/p>\n<p>4. Sustituya lo antes posible cualquier pieza desgastada o da\u00f1ada.<\/p>\n<p>5. Aseg\u00farese de que el caudal\u00edmetro est\u00e1 correctamente instalado y conectado al sistema.<\/p>\n<p>6. Compruebe si el caudal\u00edmetro presenta signos de corrosi\u00f3n u obstrucciones.<\/p>\n<p>7. Aseg\u00farese de que el caudal\u00edmetro est\u00e1 correctamente sellado para evitar cualquier fuga.<\/p>\n<p>8. Compruebe peri\u00f3dicamente si el caudal\u00edmetro presenta alg\u00fan signo de vibraci\u00f3n o ruido.<\/p>\n<p>9. Aseg\u00farese de que el caudal\u00edmetro est\u00e1 correctamente calibrado y ajustado.<\/p>\n<p>10. Compruebe peri\u00f3dicamente que el caudal\u00edmetro no presenta signos de fugas u obstrucciones.<\/p>\n<\/div>\n<p>&nbsp;<\/p>\n<p>Etiqueta\uff1a<a href=\"\/es\/magnetic-flow-meter\/ultrasonic-steam-flow-meter\/\">caudal\u00edmetro ultras\u00f3nico de vapor<\/a>,<a href=\"\/es\/magnetic-flow-meter\/greyline-doppler-flow-meter\/\">caudal\u00edmetro doppler greyline<\/a>,<a href=\"\/es\/magnetic-flow-meter\/chilled-water-flow-meter\/\">caudal\u00edmetro de agua refrigerada<\/a>,<a href=\"\/es\/magnetic-flow-meter\/clamp-on-flow-meter-for-water\/\">abrazadera en el medidor de flujo para el agua<\/a>,<a href=\"\/es\/magnetic-flow-meter\/insertion-mag-flow-meter\/\">caudal\u00edmetro magn\u00e9tico de inserci\u00f3n<\/a><\/p>\n<p>&nbsp;<\/p>","protected":false},"excerpt":{"rendered":"<p><strong>Datos t\u00e9cnicos<\/strong><br \/>\nPuede servir para fluidos l\u00edquidos o gaseosos, normalmente se utiliza para medir el caudal de vapor, aire y gas natural.<br \/>\nTama\u00f1o del contador: Tipo en l\u00ednea: DN25 - DN300<br \/>\nOpci\u00f3n de material mojado: SS304, SS316<br \/>\nTemperatura de funcionamiento: \u2264250\u2103<br \/>\nConexi\u00f3n a proceso: Wafer \/ Brida \/ Tri-clamp para tipo en l\u00ednea<br \/>\nPrecisi\u00f3n de medici\u00f3n: 1,0 % - 1,5% del intervalo de calibraci\u00f3n<br \/>\nIndicador digital: muestra el caudal instant\u00e1neo y el caudal total<br \/>\nAlimentaci\u00f3n: 24VDC, Salida: 4-20mA<\/p>\n<p><strong>caracter\u00edsticas<\/strong><br \/>\n1.Puntos de consigna ON\/OFF ajustables<br \/>\n2.Modo de alarma de caudal alto o bajo<br \/>\n3.Tiempo de retardo ajustable<br \/>\n4.LED de estado del rel\u00e9<\/p>","protected":false},"featured_media":3691,"comment_status":"closed","ping_status":"closed","template":"","meta":[],"product_cat":[2372],"product_tag":[],"acf":[],"_links":{"self":[{"href":"https:\/\/www.hginstrument.com\/es\/wp-json\/wp\/v2\/product\/5388"}],"collection":[{"href":"https:\/\/www.hginstrument.com\/es\/wp-json\/wp\/v2\/product"}],"about":[{"href":"https:\/\/www.hginstrument.com\/es\/wp-json\/wp\/v2\/types\/product"}],"replies":[{"embeddable":true,"href":"https:\/\/www.hginstrument.com\/es\/wp-json\/wp\/v2\/comments?post=5388"}],"wp:featuredmedia":[{"embeddable":true,"href":"https:\/\/www.hginstrument.com\/es\/wp-json\/wp\/v2\/media\/3691"}],"wp:attachment":[{"href":"https:\/\/www.hginstrument.com\/es\/wp-json\/wp\/v2\/media?parent=5388"}],"wp:term":[{"taxonomy":"product_cat","embeddable":true,"href":"https:\/\/www.hginstrument.com\/es\/wp-json\/wp\/v2\/product_cat?post=5388"},{"taxonomy":"product_tag","embeddable":true,"href":"https:\/\/www.hginstrument.com\/es\/wp-json\/wp\/v2\/product_tag?post=5388"}],"curies":[{"name":"wp","href":"https:\/\/api.w.org\/{rel}","templated":true}]}}