{"id":5394,"date":"2023-12-24T04:56:18","date_gmt":"2023-12-23T20:56:18","guid":{"rendered":"https:\/\/www.hginstrument.com\/?post_type=product&#038;p=5394"},"modified":"2024-01-08T14:18:18","modified_gmt":"2024-01-08T06:18:18","slug":"gpi-turbine-flow-meter","status":"publish","type":"product","link":"https:\/\/www.hginstrument.com\/es\/magnetic-flow-meter\/gpi-turbine-flow-meter\/","title":{"rendered":"gpi turbine flow meter"},"content":{"rendered":"<p>With its high flow range and precise reading capabilities, gpi turbine flow meter is the ideal choice for industries such as oil and gas, water treatment, and chemical processing. Upgrade your liquid measurement process with gpi turbine flow meter and experience unparalleled performance and value. Trust gpi turbine flow meter to give you the most accurate and efficient flow measurements every time.<\/p>\n<p>gpi turbine flow meter is a precision instrument designed to measure the flow of liquid or gas in a pipe. It is an important tool in oil and gas, chemical, Research and development, water treatment and many other industries.<\/p>\n<p>With its advanced technology and high accuracy, gpi turbine flow meter offers users the ability to monitor and control the flow of their processes with precision and efficiency. With its durable construction, it can withstand harsh operating conditions and provide long-term reliability.<\/p>\n<table class=\"table table-bordered\">\n<tbody>\n<tr>\n<td><span style=\"vertical-align: inherit;\"><span style=\"vertical-align: inherit;\">Tipo\uff1a<\/span><\/span><\/td>\n<td><span style=\"vertical-align: inherit;\">gpi turbine flow meter<\/span><\/td>\n<td><span style=\"vertical-align: inherit;\"><span style=\"vertical-align: inherit;\">Se\u00f1al de salida\uff1a<\/span><\/span><\/td>\n<td><span style=\"vertical-align: inherit;\"><span style=\"vertical-align: inherit;\">4-20 mA, Pulso\/Frecuencia 2kHz(Predeterminado), 5KHz(Max)<\/span><\/span><\/td>\n<\/tr>\n<tr>\n<td><span style=\"vertical-align: inherit;\"><span style=\"vertical-align: inherit;\">Lugar de origen\uff1a<\/span><\/span><\/td>\n<td><span style=\"vertical-align: inherit;\"><span style=\"vertical-align: inherit;\">Jiangsu\uff0cChina<\/span><\/span><\/td>\n<td><span style=\"vertical-align: inherit;\"><span style=\"vertical-align: inherit;\">Incorporar tipo\uff1a<\/span><\/span><\/td>\n<td><span style=\"vertical-align: inherit;\"><span style=\"vertical-align: inherit;\">-10\u2103- +57\u2103<\/span><\/span><\/td>\n<\/tr>\n<tr>\n<td><span style=\"vertical-align: inherit;\"><span style=\"vertical-align: inherit;\">Garant\u00eda\uff1a<\/span><\/span><\/td>\n<td><span style=\"vertical-align: inherit;\"><span style=\"vertical-align: inherit;\">26 meses<\/span><\/span><\/td>\n<td><span style=\"vertical-align: inherit;\"><span style=\"vertical-align: inherit;\">Tensi\u00f3n de alimentaci\u00f3n\uff1a<\/span><\/span><\/td>\n<td><span style=\"vertical-align: inherit;\"><span style=\"vertical-align: inherit;\">110\/220VAC (100-240VAC), 50Hz\/60Hz; 24VDC\u00b110%<\/span><\/span><\/td>\n<\/tr>\n<tr>\n<td><span style=\"vertical-align: inherit;\"><span style=\"vertical-align: inherit;\">Asistencia personalizada\uff1a<\/span><\/span><\/td>\n<td><span style=\"vertical-align: inherit;\"><span style=\"vertical-align: inherit;\">OEM, ODM, OBM<\/span><\/span><\/td>\n<td><span style=\"vertical-align: inherit;\"><span style=\"vertical-align: inherit;\">Comunicaci\u00f3n digital\uff1a<\/span><\/span><\/td>\n<td><span style=\"vertical-align: inherit;\"><span style=\"vertical-align: inherit;\">RS-485, compatible con el protocolo est\u00e1ndar Mudbugs-RTU; GPRS<\/span><\/span><\/td>\n<\/tr>\n<tr>\n<td><span style=\"vertical-align: inherit;\"><span style=\"vertical-align: inherit;\">Marca\uff1a<\/span><\/span><\/td>\n<td><span style=\"vertical-align: inherit;\"><span style=\"vertical-align: inherit;\">GRUPO SUYI<\/span><\/span><\/td>\n<td><span style=\"vertical-align: inherit;\"><span style=\"vertical-align: inherit;\">Presi\u00f3n nominal\uff1a<\/span><\/span><\/td>\n<td><span style=\"vertical-align: inherit;\"><span style=\"vertical-align: inherit;\">1MPa (DN15-DN800), 1,6MPa(DN15-DN800), 2,5MPa(DN15-DN600)<\/span><\/span><\/td>\n<\/tr>\n<tr>\n<td><span style=\"vertical-align: inherit;\"><span style=\"vertical-align: inherit;\">N\u00famero de modelo\uff1a<\/span><\/span><\/td>\n<td><span style=\"vertical-align: inherit;\"><span style=\"vertical-align: inherit;\">otros<\/span><\/span><\/td>\n<td><span style=\"vertical-align: inherit;\"><span style=\"vertical-align: inherit;\">Sensor\uff1a<\/span><\/span><\/td>\n<td><span style=\"vertical-align: inherit;\"><span style=\"vertical-align: inherit;\">0\u2103- +80\u2103 o -25\u2103- +120\u2103 o +70\u2103- +250\u2103<\/span><\/span><\/td>\n<\/tr>\n<tr>\n<td><span style=\"vertical-align: inherit;\"><span style=\"vertical-align: inherit;\">Nombre del producto\uff1a<\/span><\/span><\/td>\n<td><span style=\"vertical-align: inherit;\"><span style=\"vertical-align: inherit;\">Medidor de caudal de agua qu\u00edmico digital inteligente electromagn\u00e9tico<\/span><\/span><\/td>\n<td><span style=\"vertical-align: inherit;\"><span style=\"vertical-align: inherit;\">Detalles del embalaje\uff1a<\/span><\/span><\/td>\n<td><span style=\"vertical-align: inherit;\"><span style=\"vertical-align: inherit;\">1 Juego por paquete o seg\u00fan pedido del cliente<\/span><\/span><\/td>\n<\/tr>\n<tr>\n<td><span style=\"vertical-align: inherit;\"><span style=\"vertical-align: inherit;\">Di\u00e1metro nominal\uff1a<\/span><\/span><\/td>\n<td><span style=\"vertical-align: inherit;\"><span style=\"vertical-align: inherit;\">3-3306mm<\/span><\/span><\/td>\n<td><span style=\"vertical-align: inherit;\"><span style=\"vertical-align: inherit;\">Capacidad de suministro\uff1a<\/span><\/span><\/td>\n<td><span style=\"vertical-align: inherit;\"><span style=\"vertical-align: inherit;\">1511 Set\/Sets per Month<\/span><\/span><\/td>\n<\/tr>\n<tr>\n<td><span style=\"vertical-align: inherit;\"><span style=\"vertical-align: inherit;\">rango de velocidad\uff1a<\/span><\/span><\/td>\n<td><span style=\"vertical-align: inherit;\"><span style=\"vertical-align: inherit;\">0-7m\/s<\/span><\/span><\/td>\n<td><span style=\"vertical-align: inherit;\"><span style=\"vertical-align: inherit;\">Cantidad (juegos)\uff1a<\/span><\/span><\/td>\n<td><span style=\"vertical-align: inherit;\"><span style=\"vertical-align: inherit;\">&gt; 30<\/span><\/span><\/td>\n<\/tr>\n<tr>\n<td><span style=\"vertical-align: inherit;\"><span style=\"vertical-align: inherit;\">Grado de precisi\u00f3n\uff1a<\/span><\/span><\/td>\n<td><span style=\"vertical-align: inherit;\"><span style=\"vertical-align: inherit;\">\u00b10,5%R, \u00b11%R ( &lt; DN20)<\/span><\/span><\/td>\n<td><span style=\"vertical-align: inherit;\"><span style=\"vertical-align: inherit;\">Plazo de entrega (d\u00edas)\uff1a<\/span><\/span><\/td>\n<td><span style=\"vertical-align: inherit;\"><span style=\"vertical-align: inherit;\">A negociar<\/span><\/span><\/td>\n<\/tr>\n<\/tbody>\n<\/table>\n<p>&nbsp;<\/p>\n<p>&nbsp;<\/p>\n<p style=\"text-align: center;\"><img title=\"gpi turbine flow meter\" src=\"https:\/\/www.hginstrument.com\/wp-content\/uploads\/2021\/07\/in-line-pipeline-type-hgd-electromagnetic-flow-meter.jpg\" \/><\/p>\n<p>&nbsp;<\/p>\n<p>&nbsp;<\/p>\n<p style=\"text-align: center;\"><img title=\"gpi turbine flow meter\" src=\"https:\/\/www.hginstrument.com\/wp-content\/uploads\/2021\/07\/insertion-01.jpg\" \/><\/p>\n<p>&nbsp;<\/p>\n<p>&nbsp;<\/p>\n<p style=\"text-align: center;\"><img title=\"gpi turbine flow meter\" src=\"https:\/\/www.hginstrument.com\/wp-content\/uploads\/2021\/07\/sanitary-mag-1.jpg\" \/><\/p>\n<p><strong>gpi turbine flow meter FAQs Guide.<\/strong><\/p>\n<p>At the heart of our gpi turbine flow meter series lies a commitment to excellence, blending advanced sensor technology with user-friendly interfaces. From liquid to gas, our meters deliver unparalleled accuracy, empowering you to make informed decisions and streamline operations. As we usher in a new era of fluid measurement, we invite you to explore the limitless possibilities that our gpi turbine flow meters unlock \u2013 where precision meets performance, and innovation flows seamlessly.<\/p>\n<div style=\"border: 3px solid #f89900; margin: 20px 0; padding: 20px;\"><a href=\"\/es\/gpi-turbine-flow-meter\/#01\">1.About the scale of gpi turbine flow meter factory<\/a><br \/>\n<a href=\"\/es\/gpi-turbine-flow-meter\/#02\">2.About gpi turbine flow meter origin<\/a><br \/>\n<a href=\"\/es\/gpi-turbine-flow-meter\/#03\">3.Does gpi turbine flow meter have real-time monitoring function?<\/a><br \/>\n<a href=\"\/es\/gpi-turbine-flow-meter\/#04\">4.About gpi turbine flow meter payment method<\/a><br \/>\n<a href=\"\/es\/gpi-turbine-flow-meter\/#05\">5.Does the gpi turbine flow meter have a function to prevent misuse?<\/a><br \/>\n<a href=\"\/es\/gpi-turbine-flow-meter\/#06\">6.About gpi turbine flow meter warranty<\/a><br \/>\n<a href=\"\/es\/gpi-turbine-flow-meter\/#07\">7.Does the gpi turbine flow meter have remote control capabilities?<\/a><br \/>\n<a href=\"\/es\/gpi-turbine-flow-meter\/#08\">8.What are the maintenance methods for gpi turbine flow meter?<\/a><br \/>\n<a href=\"\/es\/gpi-turbine-flow-meter\/#09\">9.What is the format of the gpi turbine flow meter\u2019s output signal?<\/a><br \/>\n<a href=\"\/es\/gpi-turbine-flow-meter\/#010\">10.What are the options for the exterior materials of the gpi turbine flow meter?<\/a><br \/>\n<a href=\"\/es\/gpi-turbine-flow-meter\/#11\">11.How to calibrate a gpi turbine flow meter?<\/a><br \/>\n<a href=\"\/es\/gpi-turbine-flow-meter\/#12\">12.What is the applicable pressure range of gpi turbine flow meter?<\/a><br \/>\n<a href=\"\/es\/gpi-turbine-flow-meter\/#13\">13.Does the gpi turbine flow meter have multi-language display capabilities?<\/a><br \/>\n<a href=\"\/es\/gpi-turbine-flow-meter\/#14\">14.About gpi turbine flow meter production equipment<\/a><br \/>\n<a href=\"\/es\/gpi-turbine-flow-meter\/#15\">15.About gpi turbine flow meter delivery date<\/a><\/div>\n<div id=\"01\">\n<p><strong>1.About the scale of gpi turbine flow meter factory<\/strong><\/p>\n<p>Las f\u00e1bricas de caudal\u00edmetros var\u00edan en tama\u00f1o y alcance, dependiendo del tipo de caudal\u00edmetros que produzcan. Algunas f\u00e1bricas pueden especializarse en la producci\u00f3n de un solo tipo de caudal\u00edmetro, mientras que otras pueden producir una variedad de tipos diferentes. Algunas f\u00e1bricas pueden ser grandes, con cientos de empleados, mientras que otras pueden ser peque\u00f1as, con s\u00f3lo unos pocos empleados. El tama\u00f1o de la f\u00e1brica tambi\u00e9n depender\u00e1 del tipo de caudal\u00edmetros que produzca, as\u00ed como de la demanda de los mismos.<\/p>\n<\/div>\n<div id=\"02\">\n<p><strong>2.About gpi turbine flow meter origin<\/strong><\/p>\n<p>El primer caudal\u00edmetro fue inventado en 1832 por un ingl\u00e9s llamado William Henry. Desarroll\u00f3 un dispositivo que utilizaba un flotador para medir el caudal de agua en una tuber\u00eda. Este dispositivo fue el primero de su clase y el precursor de los caudal\u00edmetros modernos. Desde entonces, los caudal\u00edmetros se han utilizado en diversas industrias para medir el caudal de l\u00edquidos, gases y otros materiales. Hoy en d\u00eda, los caudal\u00edmetros se utilizan en una gran variedad de aplicaciones, desde la medici\u00f3n del caudal de agua en una tuber\u00eda hasta la medici\u00f3n del caudal de petr\u00f3leo en una refiner\u00eda.<\/p>\n<\/div>\n<div id=\"03\">\n<p><strong>3.Does gpi turbine flow meter have real-time monitoring function?<\/strong><\/p>\n<p>S\u00ed, algunos caudal\u00edmetros tienen funciones de supervisi\u00f3n en tiempo real. Estos contadores suelen estar equipados con sensores que miden el caudal y transmiten los datos a un sistema de supervisi\u00f3n. Esto permite controlar en tiempo real el caudal y otros par\u00e1metros.<\/p>\n<\/div>\n<div id=\"04\">\n<p><strong>4.About gpi turbine flow meter payment method<\/strong><\/p>\n<p>El pago con caudal\u00edmetro es un m\u00e9todo de pago que utiliza un caudal\u00edmetro para medir la cantidad de energ\u00eda utilizada por un cliente. El cliente paga por la energ\u00eda utilizada en funci\u00f3n de la cantidad de energ\u00eda medida por el caudal\u00edmetro. Este m\u00e9todo de pago se utiliza a menudo en entornos comerciales e industriales, donde el consumo de energ\u00eda es elevado y debe controlarse con precisi\u00f3n. El pago con caudal\u00edmetro tambi\u00e9n se utiliza en algunos entornos residenciales, donde los clientes pueden pagar por su consumo de energ\u00eda en funci\u00f3n de la cantidad de energ\u00eda que utilizan.<\/p>\n<p><img style=\"max-width: 100%;\" title=\"About gpi turbine flow meter payment method\" src=\"https:\/\/www.hginstrument.com\/wp-content\/uploads\/2021\/07\/wedge-1.jpg\" alt=\"About gpi turbine flow meter payment method\" \/><\/p>\n<\/div>\n<div id=\"05\">\n<p><strong>5.Does the gpi turbine flow meter have a function to prevent misuse?<\/strong><\/p>\n<p>As one of the gpi turbine flow meter market leaders, we are known for innovation and reliability.<br \/>\nLa mayor\u00eda de los caudal\u00edmetros no tienen una funci\u00f3n para evitar el uso indebido, pero algunos modelos pueden tener caracter\u00edsticas que pueden ayudar a reducir el riesgo de uso indebido. Por ejemplo, algunos caudal\u00edmetros pueden tener una funci\u00f3n de bloqueo que impide que usuarios no autorizados modifiquen los ajustes o accedan a los datos. Adem\u00e1s, algunos caudal\u00edmetros pueden tener una funci\u00f3n de protecci\u00f3n por contrase\u00f1a que exige que el usuario introduzca una contrase\u00f1a antes de poder acceder a los datos o a los ajustes.<\/p>\n<\/div>\n<div id=\"06\">\n<p><strong>6.About gpi turbine flow meter warranty<\/strong><\/p>\n<p>Las garant\u00edas de los caudal\u00edmetros var\u00edan en funci\u00f3n del fabricante y del tipo de caudal\u00edmetro. Por lo general, las garant\u00edas cubren los defectos de materiales y mano de obra, y tambi\u00e9n pueden cubrir ciertos tipos de da\u00f1os causados por el uso normal. Algunas garant\u00edas tambi\u00e9n pueden cubrir los da\u00f1os causados por una instalaci\u00f3n o un uso inadecuados. Es importante leer la informaci\u00f3n sobre la garant\u00eda proporcionada por el fabricante para comprender la cobertura espec\u00edfica y las limitaciones de la garant\u00eda.<\/p>\n<\/div>\n<div id=\"07\">\n<p><strong>7.Does the gpi turbine flow meter have remote control capabilities?<\/strong><\/p>\n<p>Nos centramos en las necesidades de nuestros clientes y nos esforzamos por satisfacer sus expectativas, por lo que nos lo tomamos muy en serio.<br \/>\nDepende del modelo concreto de caudal\u00edmetro. Algunos modelos pueden tener capacidad de control remoto, mientras que otros no.<\/p>\n<\/div>\n<div id=\"08\">\n<p><strong>8.What are the maintenance methods for gpi turbine flow meter?<\/strong><\/p>\n<p>Nos centramos en la innovaci\u00f3n y la mejora continua para mantener una ventaja competitiva.<br \/>\n1. Compruebe regularmente si el caudal\u00edmetro presenta signos de desgaste o da\u00f1os.<\/p>\n<p>2. Limpie el caudal\u00edmetro con regularidad para garantizar lecturas precisas.<\/p>\n<p>3. Compruebe la precisi\u00f3n del caudal\u00edmetro realizando pruebas de calibraci\u00f3n.<\/p>\n<p>4. Sustituya lo antes posible cualquier pieza desgastada o da\u00f1ada.<\/p>\n<p>5. Aseg\u00farese de que el caudal\u00edmetro est\u00e1 correctamente instalado y conectado al sistema.<\/p>\n<p>6. Compruebe si el caudal\u00edmetro presenta signos de corrosi\u00f3n u obstrucciones.<\/p>\n<p>7. Aseg\u00farese de que el caudal\u00edmetro est\u00e1 correctamente sellado para evitar cualquier fuga.<\/p>\n<p>8. Compruebe peri\u00f3dicamente si el caudal\u00edmetro presenta alg\u00fan signo de vibraci\u00f3n o ruido.<\/p>\n<p>9. Aseg\u00farese de que el caudal\u00edmetro est\u00e1 correctamente calibrado y ajustado.<\/p>\n<p>10. Compruebe peri\u00f3dicamente que el caudal\u00edmetro no presenta signos de fugas u obstrucciones.<\/p>\n<p><img style=\"max-width: 100%;\" title=\"What are the maintenance methods for gpi turbine flow meter?\" src=\"https:\/\/www.hginstrument.com\/wp-content\/uploads\/2021\/07\/dsrt-1.jpg\" alt=\"What are the maintenance methods for gpi turbine flow meter?\" \/><\/p>\n<\/div>\n<div id=\"09\">\n<p><strong>9.What is the format of the gpi turbine flow meter\u2019s output signal?<\/strong><\/p>\n<p>We continuously upgrade our skills and knowledge to adapt to changing gpi turbine flow meter market needs.<br \/>\nEl formato de la se\u00f1al de salida del caudal\u00edmetro depende del tipo de caudal\u00edmetro que se utilice. Entre los formatos de se\u00f1al de salida m\u00e1s comunes se incluyen pulso, frecuencia, tensi\u00f3n y corriente.<\/p>\n<\/div>\n<div id=\"010\">\n<p><strong>10.What are the options for the exterior materials of the gpi turbine flow meter?<\/strong><\/p>\n<p>gpi turbine flow meter is not a product only, but also can help you comes to money-making.<br \/>\n1. Aluminio<br \/>\n2. 2. Acero inoxidable<br \/>\n3. Lat\u00f3n<br \/>\n4. Pl\u00e1stico<br \/>\n5. Polipropileno<br \/>\n6. PVC<br \/>\n7. Policarbonato<br \/>\n8. Fibra de vidrio<br \/>\n9. Titanio<br \/>\n10. Cobre<\/p>\n<\/div>\n<div id=\"11\">\n<p><strong>11.How to calibrate a gpi turbine flow meter?<\/strong><\/p>\n<p>Being one of the top gpi turbine flow meter manufacturers in China, We attach great importance to this detail.<br \/>\n1. Consulte las instrucciones del fabricante del caudal\u00edmetro espec\u00edfico que est\u00e9 utilizando.<\/p>\n<p>2. Aseg\u00farese de que el caudal\u00edmetro est\u00e1 instalado correctamente y de que todas las conexiones son seguras.<\/p>\n<p>3. Conecte el caudal\u00edmetro a un dispositivo de calibraci\u00f3n, como un dispositivo de calibraci\u00f3n de caudal o un bucle de calibraci\u00f3n de caudal.<\/p>\n<p>4. Ajuste el dispositivo de calibraci\u00f3n al caudal deseado.<\/p>\n<p>5. Encienda el caudal\u00edmetro y d\u00e9jelo funcionar durante unos minutos para asegurarse de que est\u00e1 estable.<\/p>\n<p>6. Compruebe la lectura del caudal\u00edmetro con la lectura del dispositivo de calibraci\u00f3n.<\/p>\n<p>7. Ajuste la configuraci\u00f3n del caudal\u00edmetro seg\u00fan sea necesario para que coincida con la lectura del dispositivo de calibraci\u00f3n.<\/p>\n<p>8. Repita los pasos 4-7 hasta que la lectura del caudal\u00edmetro coincida con la lectura del dispositivo de calibraci\u00f3n.<\/p>\n<p>9. Anote los ajustes del caudal\u00edmetro y la lectura del dispositivo de calibraci\u00f3n para futuras consultas.<\/p>\n<\/div>\n<div id=\"12\">\n<p><strong>12.What is the applicable pressure range of gpi turbine flow meter?<\/strong><\/p>\n<p>Nuestros productos y servicios cubren una amplia gama de \u00e1mbitos y satisfacen las necesidades de diferentes campos.<br \/>\nEl rango de presi\u00f3n aplicable de un caudal\u00edmetro depende del tipo de caudal\u00edmetro que se utilice. Por lo general, los caudal\u00edmetros pueden medir presiones que oscilan entre 0,1 bar y 1.000 bar.<\/p>\n<p><img style=\"max-width: 100%;\" title=\"What is the applicable pressure range of gpi turbine flow meter?\" src=\"https:\/\/www.hginstrument.com\/wp-content\/uploads\/2021\/07\/hgrs-1.jpg\" alt=\"What is the applicable pressure range of gpi turbine flow meter?\" \/><\/p>\n<\/div>\n<div id=\"13\">\n<p><strong>13.Does the gpi turbine flow meter have multi-language display capabilities?<\/strong><\/p>\n<p>As one of the top gpi turbine flow meter manufacturers in China, we take this very seriously.<br \/>\nS\u00ed, algunos caudal\u00edmetros disponen de pantalla multiling\u00fce. Sin embargo, esta funci\u00f3n no est\u00e1 disponible en todos los modelos. Lo mejor es comprobar con el fabricante si el modelo espec\u00edfico que le interesa dispone de esta funci\u00f3n.<\/p>\n<\/div>\n<div id=\"14\">\n<p><strong>14.About gpi turbine flow meter production equipment<\/strong><\/p>\n<p>El equipo de producci\u00f3n de caudal\u00edmetros se utiliza para fabricar caudal\u00edmetros, que son dispositivos utilizados para medir la velocidad de flujo de un l\u00edquido o gas. Este equipo suele incluir diversas m\u00e1quinas y herramientas, como tornos, fresadoras, taladradoras y m\u00e1quinas CNC. Tambi\u00e9n incluye herramientas especializadas para ensamblar y probar caudal\u00edmetros. El equipo utilizado para producir caudal\u00edmetros es altamente especializado y debe ser capaz de producir resultados precisos y fiables.<\/p>\n<\/div>\n<div id=\"15\">\n<p><strong>15.About gpi turbine flow meter delivery date<\/strong><\/p>\n<p>La fecha de entrega de un caudal\u00edmetro depender\u00e1 del tipo de caudal\u00edmetro, del fabricante y de la disponibilidad del producto. Por lo general, la mayor\u00eda de los caudal\u00edmetros pueden entregarse en un plazo que oscila entre unos d\u00edas y unas semanas. Sin embargo, algunos caudal\u00edmetros especializados pueden tardar m\u00e1s en entregarse. Lo mejor es ponerse en contacto directamente con el fabricante para obtener una fecha de entrega exacta.<\/p>\n<\/div>\n<p>&nbsp;<\/p>\n<p>Etiqueta\uff1a<a href=\"\/es\/magnetic-flow-meter\/inline-electromagnetic-flow-meter\/\">caudal\u00edmetro electromagn\u00e9tico en l\u00ednea<\/a>,<a href=\"\/es\/magnetic-flow-meter\/volumetric-flow-meter\/\">caudal\u00edmetro volum\u00e9trico<\/a>,<a href=\"\/es\/magnetic-flow-meter\/raven-flow-meter\/\">caudal\u00edmetro raven<\/a>,<a href=\"\/es\/magnetic-flow-meter\/great-plains-industries-flow-meter\/\">great plains industries flow meter<\/a><\/p>\n<p>&nbsp;<\/p>","protected":false},"excerpt":{"rendered":"<p><strong>Datos t\u00e9cnicos<\/strong><br \/>\nPuede servir para fluidos l\u00edquidos o gaseosos, normalmente se utiliza para medir el caudal de vapor, aire y gas natural.<br \/>\nTama\u00f1o del contador: Tipo en l\u00ednea: DN25 - DN300<br \/>\nOpci\u00f3n de material mojado: SS304, SS316<br \/>\nTemperatura de funcionamiento: \u2264250\u2103<br \/>\nConexi\u00f3n a proceso: Wafer \/ Brida \/ Tri-clamp para tipo en l\u00ednea<br \/>\nPrecisi\u00f3n de medici\u00f3n: 1,0 % - 1,5% del intervalo de calibraci\u00f3n<br \/>\nIndicador digital: muestra el caudal instant\u00e1neo y el caudal total<br \/>\nAlimentaci\u00f3n: 24VDC, Salida: 4-20mA<\/p>\n<p><strong>caracter\u00edsticas<\/strong><br \/>\n1.Puntos de consigna ON\/OFF ajustables<br \/>\n2.Modo de alarma de caudal alto o bajo<br \/>\n3.Tiempo de retardo ajustable<br \/>\n4.LED de estado del rel\u00e9<\/p>","protected":false},"featured_media":3691,"comment_status":"closed","ping_status":"closed","template":"","meta":[],"product_cat":[2372],"product_tag":[],"acf":[],"_links":{"self":[{"href":"https:\/\/www.hginstrument.com\/es\/wp-json\/wp\/v2\/product\/5394"}],"collection":[{"href":"https:\/\/www.hginstrument.com\/es\/wp-json\/wp\/v2\/product"}],"about":[{"href":"https:\/\/www.hginstrument.com\/es\/wp-json\/wp\/v2\/types\/product"}],"replies":[{"embeddable":true,"href":"https:\/\/www.hginstrument.com\/es\/wp-json\/wp\/v2\/comments?post=5394"}],"wp:featuredmedia":[{"embeddable":true,"href":"https:\/\/www.hginstrument.com\/es\/wp-json\/wp\/v2\/media\/3691"}],"wp:attachment":[{"href":"https:\/\/www.hginstrument.com\/es\/wp-json\/wp\/v2\/media?parent=5394"}],"wp:term":[{"taxonomy":"product_cat","embeddable":true,"href":"https:\/\/www.hginstrument.com\/es\/wp-json\/wp\/v2\/product_cat?post=5394"},{"taxonomy":"product_tag","embeddable":true,"href":"https:\/\/www.hginstrument.com\/es\/wp-json\/wp\/v2\/product_tag?post=5394"}],"curies":[{"name":"wp","href":"https:\/\/api.w.org\/{rel}","templated":true}]}}