{"id":5400,"date":"2023-12-24T05:09:09","date_gmt":"2023-12-23T21:09:09","guid":{"rendered":"https:\/\/www.hginstrument.com\/?post_type=product&#038;p=5400"},"modified":"2024-01-08T14:17:10","modified_gmt":"2024-01-08T06:17:10","slug":"grainger-flow-meter","status":"publish","type":"product","link":"https:\/\/www.hginstrument.com\/es\/magnetic-flow-meter\/grainger-flow-meter\/","title":{"rendered":"caudal\u00edmetro grainger"},"content":{"rendered":"<p>The grainger flow meter is a highly advanced and customizable flow measurement device designed for a wide range of industrial and commercial applications. This device utilizes cutting-edge technology, including precision sensors and advanced algorithms, to accurately measure and monitor flow rates of various liquids and gases.<\/p>\n<p>At the heart of grainger flow meter is technology that measures and records flow, providing accurate and reliable readings. There are different types of grainger flow meter including magnetic, ultrasonic, Differential pressure flow meter, Coriolis and turbine, each designed for specific applications and fluid types.<\/p>\n<p>One of the most advanced and widely used grainger flow meter is the electromagnetic grainger flow meter. It works on Faraday&#8217;s law of electromagnetic induction and is able to measure the flow of conducting fluids with incredible accuracy and repeatability. It is suitable for use with a variety of fluids, including water, chemicals, Solar and wind power generation and mud.<\/p>\n<table class=\"table table-bordered\">\n<tbody>\n<tr>\n<td><span style=\"vertical-align: inherit;\"><span style=\"vertical-align: inherit;\">Tipo\uff1a<\/span><\/span><\/td>\n<td><span style=\"vertical-align: inherit;\">caudal\u00edmetro grainger<\/span><\/td>\n<td><span style=\"vertical-align: inherit;\"><span style=\"vertical-align: inherit;\">Se\u00f1al de salida\uff1a<\/span><\/span><\/td>\n<td><span style=\"vertical-align: inherit;\"><span style=\"vertical-align: inherit;\">4-20 mA, Pulso\/Frecuencia 2kHz(Predeterminado), 5KHz(Max)<\/span><\/span><\/td>\n<\/tr>\n<tr>\n<td><span style=\"vertical-align: inherit;\"><span style=\"vertical-align: inherit;\">Lugar de origen\uff1a<\/span><\/span><\/td>\n<td><span style=\"vertical-align: inherit;\"><span style=\"vertical-align: inherit;\">Jiangsu\uff0cChina<\/span><\/span><\/td>\n<td><span style=\"vertical-align: inherit;\"><span style=\"vertical-align: inherit;\">Incorporar tipo\uff1a<\/span><\/span><\/td>\n<td><span style=\"vertical-align: inherit;\"><span style=\"vertical-align: inherit;\">-10\u2103- +55\u2103<\/span><\/span><\/td>\n<\/tr>\n<tr>\n<td><span style=\"vertical-align: inherit;\"><span style=\"vertical-align: inherit;\">Garant\u00eda\uff1a<\/span><\/span><\/td>\n<td><span style=\"vertical-align: inherit;\"><span style=\"vertical-align: inherit;\">15 meses<\/span><\/span><\/td>\n<td><span style=\"vertical-align: inherit;\"><span style=\"vertical-align: inherit;\">Tensi\u00f3n de alimentaci\u00f3n\uff1a<\/span><\/span><\/td>\n<td><span style=\"vertical-align: inherit;\"><span style=\"vertical-align: inherit;\">110\/220VAC (100-240VAC), 50Hz\/60Hz; 24VDC\u00b110%<\/span><\/span><\/td>\n<\/tr>\n<tr>\n<td><span style=\"vertical-align: inherit;\"><span style=\"vertical-align: inherit;\">Asistencia personalizada\uff1a<\/span><\/span><\/td>\n<td><span style=\"vertical-align: inherit;\"><span style=\"vertical-align: inherit;\">OEM, ODM, OBM<\/span><\/span><\/td>\n<td><span style=\"vertical-align: inherit;\"><span style=\"vertical-align: inherit;\">Comunicaci\u00f3n digital\uff1a<\/span><\/span><\/td>\n<td><span style=\"vertical-align: inherit;\"><span style=\"vertical-align: inherit;\">RS-485, compatible con el protocolo est\u00e1ndar Mudbugs-RTU; GPRS<\/span><\/span><\/td>\n<\/tr>\n<tr>\n<td><span style=\"vertical-align: inherit;\"><span style=\"vertical-align: inherit;\">Marca\uff1a<\/span><\/span><\/td>\n<td><span style=\"vertical-align: inherit;\"><span style=\"vertical-align: inherit;\">GRUPO SUYI<\/span><\/span><\/td>\n<td><span style=\"vertical-align: inherit;\"><span style=\"vertical-align: inherit;\">Presi\u00f3n nominal\uff1a<\/span><\/span><\/td>\n<td><span style=\"vertical-align: inherit;\"><span style=\"vertical-align: inherit;\">1MPa (DN15-DN800), 1,6MPa(DN15-DN800), 2,5MPa(DN15-DN600)<\/span><\/span><\/td>\n<\/tr>\n<tr>\n<td><span style=\"vertical-align: inherit;\"><span style=\"vertical-align: inherit;\">N\u00famero de modelo\uff1a<\/span><\/span><\/td>\n<td><span style=\"vertical-align: inherit;\"><span style=\"vertical-align: inherit;\">otros<\/span><\/span><\/td>\n<td><span style=\"vertical-align: inherit;\"><span style=\"vertical-align: inherit;\">Sensor\uff1a<\/span><\/span><\/td>\n<td><span style=\"vertical-align: inherit;\"><span style=\"vertical-align: inherit;\">0\u2103- +80\u2103 o -25\u2103- +120\u2103 o +70\u2103- +250\u2103<\/span><\/span><\/td>\n<\/tr>\n<tr>\n<td><span style=\"vertical-align: inherit;\"><span style=\"vertical-align: inherit;\">Nombre del producto\uff1a<\/span><\/span><\/td>\n<td><span style=\"vertical-align: inherit;\"><span style=\"vertical-align: inherit;\">Medidor de caudal de agua qu\u00edmico digital inteligente electromagn\u00e9tico<\/span><\/span><\/td>\n<td><span style=\"vertical-align: inherit;\"><span style=\"vertical-align: inherit;\">Detalles del embalaje\uff1a<\/span><\/span><\/td>\n<td><span style=\"vertical-align: inherit;\"><span style=\"vertical-align: inherit;\">1 Juego por paquete o seg\u00fan pedido del cliente<\/span><\/span><\/td>\n<\/tr>\n<tr>\n<td><span style=\"vertical-align: inherit;\"><span style=\"vertical-align: inherit;\">Di\u00e1metro nominal\uff1a<\/span><\/span><\/td>\n<td><span style=\"vertical-align: inherit;\"><span style=\"vertical-align: inherit;\">3-2619mm<\/span><\/span><\/td>\n<td><span style=\"vertical-align: inherit;\"><span style=\"vertical-align: inherit;\">Capacidad de suministro\uff1a<\/span><\/span><\/td>\n<td><span style=\"vertical-align: inherit;\"><span style=\"vertical-align: inherit;\">1677 Set\/Sets per Month<\/span><\/span><\/td>\n<\/tr>\n<tr>\n<td><span style=\"vertical-align: inherit;\"><span style=\"vertical-align: inherit;\">rango de velocidad\uff1a<\/span><\/span><\/td>\n<td><span style=\"vertical-align: inherit;\"><span style=\"vertical-align: inherit;\">0-10m\/s<\/span><\/span><\/td>\n<td><span style=\"vertical-align: inherit;\"><span style=\"vertical-align: inherit;\">Cantidad (juegos)\uff1a<\/span><\/span><\/td>\n<td><span style=\"vertical-align: inherit;\"><span style=\"vertical-align: inherit;\">&gt; 30<\/span><\/span><\/td>\n<\/tr>\n<tr>\n<td><span style=\"vertical-align: inherit;\"><span style=\"vertical-align: inherit;\">Grado de precisi\u00f3n\uff1a<\/span><\/span><\/td>\n<td><span style=\"vertical-align: inherit;\"><span style=\"vertical-align: inherit;\">\u00b10,5%R, \u00b11%R ( &lt; DN20)<\/span><\/span><\/td>\n<td><span style=\"vertical-align: inherit;\"><span style=\"vertical-align: inherit;\">Plazo de entrega (d\u00edas)\uff1a<\/span><\/span><\/td>\n<td><span style=\"vertical-align: inherit;\"><span style=\"vertical-align: inherit;\">A negociar<\/span><\/span><\/td>\n<\/tr>\n<\/tbody>\n<\/table>\n<p>&nbsp;<\/p>\n<p>&nbsp;<\/p>\n<p style=\"text-align: center;\"><img title=\"caudal\u00edmetro grainger\" src=\"https:\/\/www.hginstrument.com\/wp-content\/uploads\/2021\/07\/in-line-pipeline-type-hgd-electromagnetic-flow-meter.jpg\" \/><\/p>\n<p>&nbsp;<\/p>\n<p>&nbsp;<\/p>\n<p style=\"text-align: center;\"><img title=\"caudal\u00edmetro grainger\" src=\"https:\/\/www.hginstrument.com\/wp-content\/uploads\/2021\/07\/insertion-01.jpg\" \/><\/p>\n<p>&nbsp;<\/p>\n<p>&nbsp;<\/p>\n<p style=\"text-align: center;\"><img title=\"caudal\u00edmetro grainger\" src=\"https:\/\/www.hginstrument.com\/wp-content\/uploads\/2021\/07\/sanitary-mag-1.jpg\" \/><\/p>\n<p><strong>grainger flow meter FAQs Guide.<\/strong><\/p>\n<p>At the heart of our grainger flow meter series lies a commitment to excellence, blending advanced sensor technology with user-friendly interfaces. From liquid to gas, our meters deliver unparalleled accuracy, empowering you to make informed decisions and streamline operations. As we usher in a new era of fluid measurement, we invite you to explore the limitless possibilities that our grainger flow meters unlock \u2013 where precision meets performance, and innovation flows seamlessly.<\/p>\n<div style=\"border: 3px solid #f89900; margin: 20px 0; padding: 20px;\"><a href=\"\/es\/grainger-flow-meter\/#01\">1.What is the applicable pressure range of grainger flow meter?<\/a><br \/>\n<a href=\"\/es\/grainger-flow-meter\/#02\">2.What is the explosion-proof rating of grainger flow meter?<\/a><br \/>\n<a href=\"\/es\/grainger-flow-meter\/#03\">3.What fluids are grainger flow meters mainly used for measuring?<\/a><br \/>\n<a href=\"\/es\/grainger-flow-meter\/#04\">4.What are the characteristics of grainger flow meter?<\/a><br \/>\n<a href=\"\/es\/grainger-flow-meter\/#05\">5.How accurate is the grainger flow meter?<\/a><br \/>\n<a href=\"\/es\/grainger-flow-meter\/#06\">6.What industries is grainger flow meter suitable for?<\/a><br \/>\n<a href=\"\/es\/grainger-flow-meter\/#07\">7.Does grainger flow meter have real-time monitoring function?<\/a><br \/>\n<a href=\"\/es\/grainger-flow-meter\/#08\">8.About grainger flow meter origin<\/a><br \/>\n<a href=\"\/es\/grainger-flow-meter\/#09\">9.Is the grainger flow meter anti-corrosion?<\/a><br \/>\n<a href=\"\/es\/grainger-flow-meter\/#010\">10.What is the difference between grainger flow meter SUYI group vs grainger flow meter Emerson vs grainger flow meter Honeywell<\/a><br \/>\n<a href=\"\/es\/grainger-flow-meter\/#11\">11.About the development history of grainger flow meter factory<\/a><br \/>\n<a href=\"\/es\/grainger-flow-meter\/#12\">12.How does the grainger flow meter detect the properties of the target fluid?<\/a><br \/>\n<a href=\"\/es\/grainger-flow-meter\/#13\">13.About the scale of grainger flow meter factory<\/a><br \/>\n<a href=\"\/es\/grainger-flow-meter\/#14\">14.About grainger flow meter R&amp;D capabilities<\/a><br \/>\n<a href=\"\/es\/grainger-flow-meter\/#15\">15.About grainger flow meter customization services<\/a><\/div>\n<div id=\"01\">\n<p><strong>1.What is the applicable pressure range of grainger flow meter?<\/strong><\/p>\n<p>Nuestros productos y servicios cubren una amplia gama de \u00e1mbitos y satisfacen las necesidades de diferentes campos.<br \/>\nEl rango de presi\u00f3n aplicable de un caudal\u00edmetro depende del tipo de caudal\u00edmetro que se utilice. Por lo general, los caudal\u00edmetros pueden medir presiones que oscilan entre 0,1 bar y 1.000 bar.<\/p>\n<\/div>\n<div id=\"02\">\n<p><strong>2.What is the explosion-proof rating of grainger flow meter?<\/strong><\/p>\n<p>Our grainger flow meter products undergo strict quality control to ensure customer satisfaction.<br \/>\nLas clasificaciones a prueba de explosiones de los caudal\u00edmetros var\u00edan en funci\u00f3n del tipo de caudal\u00edmetro y de la aplicaci\u00f3n. Generalmente, los caudal\u00edmetros est\u00e1n clasificados para Clase I, Divisi\u00f3n 1, Grupos C y D, o Clase II, Divisi\u00f3n 1, Grupos E, F y G.<\/p>\n<\/div>\n<div id=\"03\">\n<p><strong>3.What fluids are grainger flow meters mainly used for measuring?<\/strong><\/p>\n<p>Nos centramos en el trabajo en equipo y la comunicaci\u00f3n para alcanzar objetivos comunes, damos gran importancia a este detalle.<br \/>\nLos caudal\u00edmetros se utilizan principalmente para medir el caudal de l\u00edquidos, gases y vapor.<\/p>\n<\/div>\n<div id=\"04\">\n<p><strong>4.What are the characteristics of grainger flow meter?<\/strong><\/p>\n<p>Hemos establecido asociaciones estables y a largo plazo con nuestros proveedores, por lo que tenemos grandes ventajas en precio y coste y en garant\u00eda de calidad.<br \/>\n1. Precisi\u00f3n: Los caudal\u00edmetros deben ser capaces de medir con precisi\u00f3n el caudal de un fluido.<\/p>\n<p>2. Gama: Los caudal\u00edmetros deben poder medir una amplia gama de caudales.<\/p>\n<p>3. Repetibilidad: Los caudal\u00edmetros deben ser capaces de medir sistem\u00e1ticamente el mismo caudal a lo largo del tiempo.<\/p>\n<p>4. Tiempo de respuesta: Los caudal\u00edmetros deben ser capaces de responder r\u00e1pidamente a los cambios de caudal.<\/p>\n<p>5. Durabilidad: Los caudal\u00edmetros deben ser capaces de soportar las duras condiciones del entorno en el que se utilizan.<\/p>\n<p>6. Coste: Los caudal\u00edmetros deben ser rentables para la aplicaci\u00f3n.<\/p>\n<\/div>\n<div id=\"05\">\n<p><strong>5.How accurate is the grainger flow meter?<\/strong><\/p>\n<p>We are a professional grainger flow meter company dedicated to providing high quality products and services.<br \/>\nLa precisi\u00f3n de un caudal\u00edmetro depende del tipo de caudal\u00edmetro que se utilice. En general, la mayor\u00eda de los caudal\u00edmetros tienen una precisi\u00f3n de 1-2% del caudal real. Sin embargo, algunos medidores de caudal pueden ser m\u00e1s precisos que esto, dependiendo del tipo y la calidad del medidor.<\/p>\n<p><img style=\"max-width: 100%;\" title=\"How accurate is the grainger flow meter?\" src=\"https:\/\/www.hginstrument.com\/wp-content\/uploads\/2021\/07\/wall-mount-1f.jpg\" alt=\"How accurate is the grainger flow meter?\" \/><\/p>\n<\/div>\n<div id=\"06\">\n<p><strong>6.What industries is grainger flow meter suitable for?<\/strong><\/p>\n<p>Mantenemos una cierta inversi\u00f3n en I+D cada a\u00f1o y mejoramos continuamente la eficiencia operativa para ofrecer mejores servicios a nuestros clientes cooperativos.<br \/>\nLos caudal\u00edmetros son adecuados para una amplia gama de industrias, como las del petr\u00f3leo y el gas, el agua y las aguas residuales, el procesamiento qu\u00edmico, la alimentaci\u00f3n y las bebidas, la industria farmac\u00e9utica, la generaci\u00f3n de energ\u00eda y la calefacci\u00f3n, ventilaci\u00f3n y aire acondicionado.<\/p>\n<\/div>\n<div id=\"07\">\n<p><strong>7.Does grainger flow meter have real-time monitoring function?<\/strong><\/p>\n<p>S\u00ed, algunos caudal\u00edmetros tienen funciones de supervisi\u00f3n en tiempo real. Estos contadores suelen estar equipados con sensores que miden el caudal y transmiten los datos a un sistema de supervisi\u00f3n. Esto permite controlar en tiempo real el caudal y otros par\u00e1metros.<\/p>\n<\/div>\n<div id=\"08\">\n<p><strong>8.About grainger flow meter origin<\/strong><\/p>\n<p>El primer caudal\u00edmetro fue inventado en 1832 por un ingl\u00e9s llamado William Henry. Desarroll\u00f3 un dispositivo que utilizaba un flotador para medir el caudal de agua en una tuber\u00eda. Este dispositivo fue el primero de su clase y el precursor de los caudal\u00edmetros modernos. Desde entonces, los caudal\u00edmetros se han utilizado en diversas industrias para medir el caudal de l\u00edquidos, gases y otros materiales. Hoy en d\u00eda, los caudal\u00edmetros se utilizan en una gran variedad de aplicaciones, desde la medici\u00f3n del caudal de agua en una tuber\u00eda hasta la medici\u00f3n del caudal de petr\u00f3leo en una refiner\u00eda.<\/p>\n<\/div>\n<div id=\"09\">\n<p><strong>9.Is the grainger flow meter anti-corrosion?<\/strong><\/p>\n<p>We have established a good reputation and reliable partnerships within the grainger flow meter industry.<br \/>\nS\u00ed, la mayor\u00eda de los caudal\u00edmetros est\u00e1n dise\u00f1ados para ser resistentes a la corrosi\u00f3n. Sin embargo, el tipo espec\u00edfico de caudal\u00edmetro y el entorno en el que se utilice determinar\u00e1n el grado de resistencia a la corrosi\u00f3n.<\/p>\n<\/div>\n<div id=\"010\">\n<p><strong>10.What is the difference between grainger flow meter SUYI group vs grainger flow meter Emerson vs grainger flow meter Honeywell<\/strong><\/p>\n<p>Los caudal\u00edmetros de SUYI Group, Emerson y Honeywell miden el caudal de l\u00edquidos y gases, pero difieren en t\u00e9rminos de precisi\u00f3n, caracter\u00edsticas y coste. Los caudal\u00edmetros de SUYI Group suelen ser los m\u00e1s asequibles, pero es posible que no tengan la misma precisi\u00f3n ni las mismas caracter\u00edsticas que los modelos m\u00e1s caros de Emerson y Honeywell. Los caudal\u00edmetros Emerson son conocidos por su precisi\u00f3n y fiabilidad, pero pueden ser m\u00e1s caros que los de otras marcas. Los caudal\u00edmetros Honeywell son conocidos por sus funciones avanzadas y su precisi\u00f3n, pero pueden ser los m\u00e1s caros de los tres.<\/p>\n<p><img style=\"max-width: 100%;\" title=\"What is the difference between grainger flow meter SUYI group vs grainger flow meter Emerson vs grainger flow meter Honeywell\" src=\"https:\/\/www.hginstrument.com\/wp-content\/uploads\/2021\/07\/mdp310-fc3-3.jpg\" alt=\"What is the difference between grainger flow meter SUYI group vs grainger flow meter Emerson vs grainger flow meter Honeywell\" \/><\/p>\n<\/div>\n<div id=\"11\">\n<p><strong>11.About the development history of grainger flow meter factory<\/strong><\/p>\n<p>La f\u00e1brica de caudal\u00edmetros se cre\u00f3 a principios de la d\u00e9cada de 1990. Fue fundada por un grupo de ingenieros y t\u00e9cnicos con amplia experiencia en el dise\u00f1o y la fabricaci\u00f3n de caudal\u00edmetros. La empresa se centr\u00f3 inicialmente en la producci\u00f3n de caudal\u00edmetros mec\u00e1nicos, pero pronto ampli\u00f3 su gama de productos para incluir caudal\u00edmetros electr\u00f3nicos. A lo largo de los a\u00f1os, la empresa ha desarrollado una amplia gama de caudal\u00edmetros para diversas aplicaciones, incluidas las industriales, comerciales y residenciales. La empresa tambi\u00e9n ha desarrollado una gama de soluciones de software y hardware para la medici\u00f3n y el control del caudal. En la actualidad, la empresa es uno de los principales fabricantes de caudal\u00edmetros y productos relacionados, y est\u00e1 reconocida como l\u00edder del sector.<\/p>\n<\/div>\n<div id=\"12\">\n<p><strong>12.How does the grainger flow meter detect the properties of the target fluid?<\/strong><\/p>\n<p>As one of the grainger flow meter market leaders, we are known for innovation and reliability.<br \/>\nLos caudal\u00edmetros miden el caudal de un fluido detectando su velocidad. Esto se hace normalmente midiendo la ca\u00edda de presi\u00f3n a trav\u00e9s de una restricci\u00f3n conocida en la trayectoria del flujo, o midiendo la velocidad del fluido utilizando una variedad de tecnolog\u00edas como ultrasonidos, magn\u00e9tica o t\u00e9rmica. El caudal puede utilizarse entonces para calcular las propiedades del fluido, como la densidad, la viscosidad y el caudal volum\u00e9trico.<\/p>\n<\/div>\n<div id=\"13\">\n<p><strong>13.About the scale of grainger flow meter factory<\/strong><\/p>\n<p>Las f\u00e1bricas de caudal\u00edmetros var\u00edan en tama\u00f1o y alcance, dependiendo del tipo de caudal\u00edmetros que produzcan. Algunas f\u00e1bricas pueden especializarse en la producci\u00f3n de un solo tipo de caudal\u00edmetro, mientras que otras pueden producir una variedad de tipos diferentes. Algunas f\u00e1bricas pueden ser grandes, con cientos de empleados, mientras que otras pueden ser peque\u00f1as, con s\u00f3lo unos pocos empleados. El tama\u00f1o de la f\u00e1brica tambi\u00e9n depender\u00e1 del tipo de caudal\u00edmetros que produzca, as\u00ed como de la demanda de los mismos.<\/p>\n<\/div>\n<div id=\"14\">\n<p><strong>14.About grainger flow meter R&amp;D capabilities<\/strong><\/p>\n<p>Las capacidades de I+D en caudal\u00edmetros se refieren a la capacidad de una empresa u organizaci\u00f3n para investigar, desarrollar y fabricar caudal\u00edmetros. Esto incluye la capacidad de dise\u00f1ar, probar y fabricar caudal\u00edmetros que cumplan los requisitos del cliente y las normas del sector. Tambi\u00e9n incluye la capacidad de desarrollar nuevas tecnolog\u00edas y productos para satisfacer las necesidades cambiantes de la industria. Las empresas con una s\u00f3lida capacidad de I+D pueden adelantarse a la competencia y ofrecer a sus clientes los caudal\u00edmetros m\u00e1s avanzados y fiables.<\/p>\n<\/div>\n<div id=\"15\">\n<p><strong>15.About grainger flow meter customization services<\/strong><\/p>\n<p>Los servicios de personalizaci\u00f3n de caudal\u00edmetros est\u00e1n dise\u00f1ados para ofrecer a los clientes una soluci\u00f3n a medida para sus necesidades espec\u00edficas de medici\u00f3n de caudal. Estos servicios pueden incluir la personalizaci\u00f3n del caudal\u00edmetro para adaptarlo a una aplicaci\u00f3n concreta, como un tama\u00f1o de tuber\u00eda o un caudal espec\u00edficos, o para cumplir un determinado requisito de precisi\u00f3n. Los servicios de personalizaci\u00f3n tambi\u00e9n pueden incluir la modificaci\u00f3n del caudal\u00edmetro para incluir funciones adicionales, como una pantalla o capacidades de registro de datos. Los servicios de personalizaci\u00f3n de caudal\u00edmetros tambi\u00e9n pueden incluir la instalaci\u00f3n del caudal\u00edmetro, as\u00ed como la prestaci\u00f3n de asistencia t\u00e9cnica y mantenimiento.<\/p>\n<p><img style=\"max-width: 100%;\" title=\"About grainger flow meter customization services\" src=\"https:\/\/www.hginstrument.com\/wp-content\/uploads\/2021\/10\/w803e-f3.jpg\" alt=\"About grainger flow meter customization services\" \/><\/p>\n<\/div>\n<p>&nbsp;<\/p>\n<p>Etiqueta\uff1a<a href=\"\/es\/magnetic-flow-meter\/3-flow-meter\/\">3 caudal\u00edmetro<\/a>,<a href=\"\/es\/magnetic-flow-meter\/hydraulic-oil-flow-meter\/\">caudal\u00edmetro de aceite hidr\u00e1ulico<\/a>,<a href=\"\/es\/magnetic-flow-meter\/inline-water-flow-meter\/\">caudal\u00edmetro en l\u00ednea<\/a>,<a href=\"\/es\/magnetic-flow-meter\/laser-flow-meter\/\">caudal\u00edmetro l\u00e1ser<\/a>,<a href=\"\/es\/magnetic-flow-meter\/inline-air-flow-meter\/\">inline air flow meter<\/a><\/p>\n<p>&nbsp;<\/p>","protected":false},"excerpt":{"rendered":"<p><strong>Datos t\u00e9cnicos<\/strong><br \/>\nPuede servir para fluidos l\u00edquidos o gaseosos, normalmente se utiliza para medir el caudal de vapor, aire y gas natural.<br \/>\nTama\u00f1o del contador: Tipo en l\u00ednea: DN25 - DN300<br \/>\nOpci\u00f3n de material mojado: SS304, SS316<br \/>\nTemperatura de funcionamiento: \u2264250\u2103<br \/>\nConexi\u00f3n a proceso: Wafer \/ Brida \/ Tri-clamp para tipo en l\u00ednea<br \/>\nPrecisi\u00f3n de medici\u00f3n: 1,0 % - 1,5% del intervalo de calibraci\u00f3n<br \/>\nIndicador digital: muestra el caudal instant\u00e1neo y el caudal total<br \/>\nAlimentaci\u00f3n: 24VDC, Salida: 4-20mA<\/p>\n<p><strong>caracter\u00edsticas<\/strong><br \/>\n1.Puntos de consigna ON\/OFF ajustables<br \/>\n2.Modo de alarma de caudal alto o bajo<br \/>\n3.Tiempo de retardo ajustable<br \/>\n4.LED de estado del rel\u00e9<\/p>","protected":false},"featured_media":3691,"comment_status":"closed","ping_status":"closed","template":"","meta":[],"product_cat":[2372],"product_tag":[],"acf":[],"_links":{"self":[{"href":"https:\/\/www.hginstrument.com\/es\/wp-json\/wp\/v2\/product\/5400"}],"collection":[{"href":"https:\/\/www.hginstrument.com\/es\/wp-json\/wp\/v2\/product"}],"about":[{"href":"https:\/\/www.hginstrument.com\/es\/wp-json\/wp\/v2\/types\/product"}],"replies":[{"embeddable":true,"href":"https:\/\/www.hginstrument.com\/es\/wp-json\/wp\/v2\/comments?post=5400"}],"wp:featuredmedia":[{"embeddable":true,"href":"https:\/\/www.hginstrument.com\/es\/wp-json\/wp\/v2\/media\/3691"}],"wp:attachment":[{"href":"https:\/\/www.hginstrument.com\/es\/wp-json\/wp\/v2\/media?parent=5400"}],"wp:term":[{"taxonomy":"product_cat","embeddable":true,"href":"https:\/\/www.hginstrument.com\/es\/wp-json\/wp\/v2\/product_cat?post=5400"},{"taxonomy":"product_tag","embeddable":true,"href":"https:\/\/www.hginstrument.com\/es\/wp-json\/wp\/v2\/product_tag?post=5400"}],"curies":[{"name":"wp","href":"https:\/\/api.w.org\/{rel}","templated":true}]}}