{"id":5467,"date":"2023-12-24T07:34:55","date_gmt":"2023-12-23T23:34:55","guid":{"rendered":"https:\/\/www.hginstrument.com\/?post_type=product&#038;p=5467"},"modified":"2024-01-04T09:43:13","modified_gmt":"2024-01-04T01:43:13","slug":"hose-water-flow-meter","status":"publish","type":"product","link":"https:\/\/www.hginstrument.com\/es\/magnetic-flow-meter\/hose-water-flow-meter\/","title":{"rendered":"caudal\u00edmetro de manguera"},"content":{"rendered":"<p>Designed for ease of use, our hose water flow meter is simple to install and operate, suitable for both professional and non-professional users. It is also extremely durable and able to withstand harsh environments, ensuring long-lasting performance. hose water flow meter also provides a user-friendly interface that makes it easy to monitor and log traffic data. Additionally, hose water flow meter offers high accuracy, durability, and user-friendliness, making it the perfect choice for your flow measurement needs.<\/p>\n<p>hose water flow meter is equipped with a user-friendly interface that allows for easy operation and monitoring. It also offers a variety of installation options, including inline, insertion, and clamp-on, making it suitable for a wide range of pipelines and systems. Additionally, it is compatible with various communication protocols and can be integrated into existing systems seamlessly.<\/p>\n<p>Our hose water flow meter comes with advanced data logging capabilities, allowing you to store and analyze flow data in real-time. It also has the ability to generate detailed reports and charts for better data visualization and analysis. With these features, you can track and optimize your flow processes for improved efficiency and cost-effectiveness.<\/p>\n<table class=\"table table-bordered\">\n<tbody>\n<tr>\n<td><span style=\"vertical-align: inherit;\"><span style=\"vertical-align: inherit;\">Tipo\uff1a<\/span><\/span><\/td>\n<td><span style=\"vertical-align: inherit;\">caudal\u00edmetro de manguera<\/span><\/td>\n<td><span style=\"vertical-align: inherit;\"><span style=\"vertical-align: inherit;\">Se\u00f1al de salida\uff1a<\/span><\/span><\/td>\n<td><span style=\"vertical-align: inherit;\"><span style=\"vertical-align: inherit;\">4-20 mA, Pulso\/Frecuencia 2kHz(Predeterminado), 5KHz(Max)<\/span><\/span><\/td>\n<\/tr>\n<tr>\n<td><span style=\"vertical-align: inherit;\"><span style=\"vertical-align: inherit;\">Lugar de origen\uff1a<\/span><\/span><\/td>\n<td><span style=\"vertical-align: inherit;\"><span style=\"vertical-align: inherit;\">Jiangsu, China<\/span><\/span><\/td>\n<td><span style=\"vertical-align: inherit;\"><span style=\"vertical-align: inherit;\">Incorporar tipo\uff1a<\/span><\/span><\/td>\n<td><span style=\"vertical-align: inherit;\"><span style=\"vertical-align: inherit;\">-10\u2103- +52\u2103<\/span><\/span><\/td>\n<\/tr>\n<tr>\n<td><span style=\"vertical-align: inherit;\"><span style=\"vertical-align: inherit;\">Garant\u00eda\uff1a<\/span><\/span><\/td>\n<td><span style=\"vertical-align: inherit;\"><span style=\"vertical-align: inherit;\">27 meses<\/span><\/span><\/td>\n<td><span style=\"vertical-align: inherit;\"><span style=\"vertical-align: inherit;\">Tensi\u00f3n de alimentaci\u00f3n\uff1a<\/span><\/span><\/td>\n<td><span style=\"vertical-align: inherit;\"><span style=\"vertical-align: inherit;\">110\/220VAC (100-240VAC), 50Hz\/60Hz; 24VDC\u00b110%<\/span><\/span><\/td>\n<\/tr>\n<tr>\n<td><span style=\"vertical-align: inherit;\"><span style=\"vertical-align: inherit;\">Asistencia personalizada\uff1a<\/span><\/span><\/td>\n<td><span style=\"vertical-align: inherit;\"><span style=\"vertical-align: inherit;\">OEM, ODM, OBM<\/span><\/span><\/td>\n<td><span style=\"vertical-align: inherit;\"><span style=\"vertical-align: inherit;\">Comunicaci\u00f3n digital\uff1a<\/span><\/span><\/td>\n<td><span style=\"vertical-align: inherit;\"><span style=\"vertical-align: inherit;\">RS-485, compatible con el protocolo est\u00e1ndar Mudbugs-RTU; GPRS<\/span><\/span><\/td>\n<\/tr>\n<tr>\n<td><span style=\"vertical-align: inherit;\"><span style=\"vertical-align: inherit;\">Marca\uff1a<\/span><\/span><\/td>\n<td><span style=\"vertical-align: inherit;\"><span style=\"vertical-align: inherit;\">GRUPO SUYI<\/span><\/span><\/td>\n<td><span style=\"vertical-align: inherit;\"><span style=\"vertical-align: inherit;\">Presi\u00f3n nominal\uff1a<\/span><\/span><\/td>\n<td><span style=\"vertical-align: inherit;\"><span style=\"vertical-align: inherit;\">1MPa (DN15-DN800), 1,6MPa(DN15-DN800), 2,5MPa(DN15-DN600)<\/span><\/span><\/td>\n<\/tr>\n<tr>\n<td><span style=\"vertical-align: inherit;\"><span style=\"vertical-align: inherit;\">N\u00famero de modelo\uff1a<\/span><\/span><\/td>\n<td><span style=\"vertical-align: inherit;\"><span style=\"vertical-align: inherit;\">otros<\/span><\/span><\/td>\n<td><span style=\"vertical-align: inherit;\"><span style=\"vertical-align: inherit;\">Sensor\uff1a<\/span><\/span><\/td>\n<td><span style=\"vertical-align: inherit;\"><span style=\"vertical-align: inherit;\">0\u2103- +80\u2103 o -25\u2103- +120\u2103 o +70\u2103- +250\u2103<\/span><\/span><\/td>\n<\/tr>\n<tr>\n<td><span style=\"vertical-align: inherit;\"><span style=\"vertical-align: inherit;\">Nombre del producto\uff1a<\/span><\/span><\/td>\n<td><span style=\"vertical-align: inherit;\"><span style=\"vertical-align: inherit;\">Medidor de caudal de agua qu\u00edmico digital inteligente electromagn\u00e9tico<\/span><\/span><\/td>\n<td><span style=\"vertical-align: inherit;\"><span style=\"vertical-align: inherit;\">Detalles del embalaje\uff1a<\/span><\/span><\/td>\n<td><span style=\"vertical-align: inherit;\"><span style=\"vertical-align: inherit;\">1 Juego por paquete o seg\u00fan pedido del cliente<\/span><\/span><\/td>\n<\/tr>\n<tr>\n<td><span style=\"vertical-align: inherit;\"><span style=\"vertical-align: inherit;\">Di\u00e1metro nominal\uff1a<\/span><\/span><\/td>\n<td><span style=\"vertical-align: inherit;\"><span style=\"vertical-align: inherit;\">3-3160mm<\/span><\/span><\/td>\n<td><span style=\"vertical-align: inherit;\"><span style=\"vertical-align: inherit;\">Capacidad de suministro\uff1a<\/span><\/span><\/td>\n<td><span style=\"vertical-align: inherit;\"><span style=\"vertical-align: inherit;\">1706 Set\/Sets per Month<\/span><\/span><\/td>\n<\/tr>\n<tr>\n<td><span style=\"vertical-align: inherit;\"><span style=\"vertical-align: inherit;\">rango de velocidad\uff1a<\/span><\/span><\/td>\n<td><span style=\"vertical-align: inherit;\"><span style=\"vertical-align: inherit;\">0-8m\/s<\/span><\/span><\/td>\n<td><span style=\"vertical-align: inherit;\"><span style=\"vertical-align: inherit;\">Cantidad (juegos)\uff1a<\/span><\/span><\/td>\n<td><span style=\"vertical-align: inherit;\"><span style=\"vertical-align: inherit;\">&gt; 30<\/span><\/span><\/td>\n<\/tr>\n<tr>\n<td><span style=\"vertical-align: inherit;\"><span style=\"vertical-align: inherit;\">Grado de precisi\u00f3n\uff1a<\/span><\/span><\/td>\n<td><span style=\"vertical-align: inherit;\"><span style=\"vertical-align: inherit;\">\u00b10,5%R, \u00b11%R ( &lt; DN20)<\/span><\/span><\/td>\n<td><span style=\"vertical-align: inherit;\"><span style=\"vertical-align: inherit;\">Plazo de entrega (d\u00edas)\uff1a<\/span><\/span><\/td>\n<td><span style=\"vertical-align: inherit;\"><span style=\"vertical-align: inherit;\">A negociar<\/span><\/span><\/td>\n<\/tr>\n<\/tbody>\n<\/table>\n<p>&nbsp;<\/p>\n<p>&nbsp;<\/p>\n<p style=\"text-align: center;\"><img title=\"caudal\u00edmetro de manguera\" src=\"https:\/\/www.hginstrument.com\/wp-content\/uploads\/2021\/07\/in-line-pipeline-type-hgd-electromagnetic-flow-meter.jpg\" \/><\/p>\n<p>&nbsp;<\/p>\n<p>&nbsp;<\/p>\n<p style=\"text-align: center;\"><img title=\"caudal\u00edmetro de manguera\" src=\"https:\/\/www.hginstrument.com\/wp-content\/uploads\/2021\/07\/insertion-01.jpg\" \/><\/p>\n<p>&nbsp;<\/p>\n<p>&nbsp;<\/p>\n<p style=\"text-align: center;\"><img title=\"caudal\u00edmetro de manguera\" src=\"https:\/\/www.hginstrument.com\/wp-content\/uploads\/2021\/07\/sanitary-mag-1.jpg\" \/><\/p>\n<p><strong>hose water flow meter FAQs Guide.<\/strong><\/p>\n<p>At the heart of our hose water flow meter series lies a commitment to excellence, blending advanced sensor technology with user-friendly interfaces. From liquid to gas, our meters deliver unparalleled accuracy, empowering you to make informed decisions and streamline operations. As we usher in a new era of fluid measurement, we invite you to explore the limitless possibilities that our hose water flow meters unlock \u2013 where precision meets performance, and innovation flows seamlessly.<\/p>\n<div style=\"border: 3px solid #f89900; margin: 20px 0; padding: 20px;\"><a href=\"\/es\/hose-water-flow-meter\/#01\">1.Does the hose water flow meter have an automatic cleaning function?<\/a><br \/>\n<a href=\"\/es\/hose-water-flow-meter\/#02\">2.About the scale of hose water flow meter factory<\/a><br \/>\n<a href=\"\/es\/hose-water-flow-meter\/#03\">3.Is the measuring unit of the hose water flow meter replaceable?<\/a><br \/>\n<a href=\"\/es\/hose-water-flow-meter\/#04\">4.What is the measuring range of hose water flow meter?<\/a><br \/>\n<a href=\"\/es\/hose-water-flow-meter\/#05\">5.About hose water flow meter raw materials<\/a><br \/>\n<a href=\"\/es\/hose-water-flow-meter\/#06\">6.Are hose water flow meter measurement results traceable?<\/a><br \/>\n<a href=\"\/es\/hose-water-flow-meter\/#07\">7.What are the maintenance methods for hose water flow meter?<\/a><br \/>\n<a href=\"\/es\/hose-water-flow-meter\/#08\">8.About hose water flow meter technology<\/a><br \/>\n<a href=\"\/es\/hose-water-flow-meter\/#09\">9.About hose water flow meter production skills training<\/a><br \/>\n<a href=\"\/es\/hose-water-flow-meter\/#010\">10.About hose water flow meter warranty<\/a><br \/>\n<a href=\"\/es\/hose-water-flow-meter\/#11\">11.Does the hose water flow meter have multi-language display capabilities?<\/a><br \/>\n<a href=\"\/es\/hose-water-flow-meter\/#12\">12.About hose water flow meter production equipment<\/a><br \/>\n<a href=\"\/es\/hose-water-flow-meter\/#13\">13.Is the hose water flow meter anti-corrosion?<\/a><br \/>\n<a href=\"\/es\/hose-water-flow-meter\/#14\">14.About hose water flow meter payment method<\/a><\/div>\n<div id=\"01\">\n<p><strong>1.Does the hose water flow meter have an automatic cleaning function?<\/strong><\/p>\n<p>Being one of the top hose water flow meter manufacturers in China, We attach great importance to this detail.<br \/>\nNo, la mayor\u00eda de los caudal\u00edmetros no disponen de una funci\u00f3n de limpieza autom\u00e1tica. Sin embargo, algunos modelos pueden tener una funci\u00f3n de autolimpieza que puede activarse manualmente.<\/p>\n<\/div>\n<div id=\"02\">\n<p><strong>2.About the scale of hose water flow meter factory<\/strong><\/p>\n<p>Las f\u00e1bricas de caudal\u00edmetros var\u00edan en tama\u00f1o y alcance, dependiendo del tipo de caudal\u00edmetros que produzcan. Algunas f\u00e1bricas pueden especializarse en la producci\u00f3n de un solo tipo de caudal\u00edmetro, mientras que otras pueden producir una variedad de tipos diferentes. Algunas f\u00e1bricas pueden ser grandes, con cientos de empleados, mientras que otras pueden ser peque\u00f1as, con s\u00f3lo unos pocos empleados. El tama\u00f1o de la f\u00e1brica tambi\u00e9n depender\u00e1 del tipo de caudal\u00edmetros que produzca, as\u00ed como de la demanda de los mismos.<\/p>\n<p><img style=\"max-width: 100%;\" title=\"About the scale of hose water flow meter factory\" src=\"https:\/\/www.hginstrument.com\/wp-content\/uploads\/2021\/07\/mdp310-fc3-3.jpg\" alt=\"About the scale of hose water flow meter factory\" \/><\/p>\n<\/div>\n<div id=\"03\">\n<p><strong>3.Is the measuring unit of the hose water flow meter replaceable?<\/strong><\/p>\n<p>As one of the top hose water flow meter manufacturers in China, we take this very seriously.<br \/>\nS\u00ed, la unidad de medida de un caudal\u00edmetro es sustituible.<\/p>\n<\/div>\n<div id=\"04\">\n<p><strong>4.What is the measuring range of hose water flow meter?<\/strong><\/p>\n<p>We continuously upgrade our skills and knowledge to adapt to changing hose water flow meter market needs.<br \/>\nEl rango de medici\u00f3n de un caudal\u00edmetro depende del tipo de caudal\u00edmetro que se utilice. Por lo general, el rango de medici\u00f3n de un caudal\u00edmetro puede oscilar entre 0,01 y 1.000 litros por minuto.<\/p>\n<p><img style=\"max-width: 100%;\" title=\"What is the measuring range of hose water flow meter?\" src=\"https:\/\/www.hginstrument.com\/wp-content\/uploads\/2021\/07\/hgdu600-p-1.jpg\" alt=\"What is the measuring range of hose water flow meter?\" \/><\/p>\n<\/div>\n<div id=\"05\">\n<p><strong>5.About hose water flow meter raw materials<\/strong><\/p>\n<p>Las materias primas de los caudal\u00edmetros suelen estar hechas de una variedad de metales, pl\u00e1sticos y compuestos. Entre los materiales m\u00e1s comunes utilizados en los caudal\u00edmetros se encuentran el acero inoxidable, el lat\u00f3n, el aluminio, el cloruro de polivinilo (PVC), el polipropileno (PP) y el politetrafluoroetileno (PTFE). El material utilizado en un caudal\u00edmetro depende de la aplicaci\u00f3n y del tipo de fluido que se mida. Por ejemplo, el acero inoxidable suele utilizarse para medir fluidos corrosivos, mientras que el PVC suele emplearse para medir agua.<\/p>\n<\/div>\n<div id=\"06\">\n<p><strong>6.Are hose water flow meter measurement results traceable?<\/strong><\/p>\n<p>Our company has many years of hose water flow meter experience and expertise.<br \/>\nS\u00ed, los resultados de las mediciones de los caudal\u00edmetros pueden ser trazables. La trazabilidad es la capacidad de rastrear el historial, la aplicaci\u00f3n o la ubicaci\u00f3n de un elemento mediante una identificaci\u00f3n registrada y documentada. Los caudal\u00edmetros suelen calibrarse utilizando un patr\u00f3n trazable, como un patr\u00f3n de calibraci\u00f3n trazable al NIST. Esto garantiza que los resultados de las mediciones del caudal\u00edmetro son trazables a un patr\u00f3n conocido.<\/p>\n<p><img style=\"max-width: 100%;\" title=\"Are hose water flow meter measurement results traceable?\" src=\"https:\/\/www.hginstrument.com\/wp-content\/uploads\/2021\/07\/hls-2000h-m2.jpg\" alt=\"Are hose water flow meter measurement results traceable?\" \/><\/p>\n<\/div>\n<div id=\"07\">\n<p><strong>7.What are the maintenance methods for hose water flow meter?<\/strong><\/p>\n<p>Nos centramos en la innovaci\u00f3n y la mejora continua para mantener una ventaja competitiva.<br \/>\n1. Compruebe regularmente si el caudal\u00edmetro presenta signos de desgaste o da\u00f1os.<\/p>\n<p>2. Limpie el caudal\u00edmetro con regularidad para garantizar lecturas precisas.<\/p>\n<p>3. Compruebe la precisi\u00f3n del caudal\u00edmetro realizando pruebas de calibraci\u00f3n.<\/p>\n<p>4. Sustituya lo antes posible cualquier pieza desgastada o da\u00f1ada.<\/p>\n<p>5. Aseg\u00farese de que el caudal\u00edmetro est\u00e1 correctamente instalado y conectado al sistema.<\/p>\n<p>6. Compruebe si el caudal\u00edmetro presenta signos de corrosi\u00f3n u obstrucciones.<\/p>\n<p>7. Aseg\u00farese de que el caudal\u00edmetro est\u00e1 correctamente sellado para evitar cualquier fuga.<\/p>\n<p>8. Compruebe peri\u00f3dicamente si el caudal\u00edmetro presenta alg\u00fan signo de vibraci\u00f3n o ruido.<\/p>\n<p>9. Aseg\u00farese de que el caudal\u00edmetro est\u00e1 correctamente calibrado y ajustado.<\/p>\n<p>10. Compruebe peri\u00f3dicamente que el caudal\u00edmetro no presenta signos de fugas u obstrucciones.<\/p>\n<\/div>\n<div id=\"08\">\n<p><strong>8.About hose water flow meter technology<\/strong><\/p>\n<p>La tecnolog\u00eda de caudal\u00edmetros es un tipo de tecnolog\u00eda de medici\u00f3n utilizada para medir el caudal de un fluido o gas. Se utiliza en diversas industrias, como las del petr\u00f3leo y el gas, el agua y las aguas residuales, y el procesamiento qu\u00edmico. Los caudal\u00edmetros miden el caudal de un fluido o gas midiendo la presi\u00f3n, la velocidad u otras propiedades f\u00edsicas del fluido o gas. Los caudal\u00edmetros pueden utilizarse para medir el caudal de l\u00edquidos, gases y vapor. Se utilizan para medir el caudal de una gran variedad de fluidos, como agua, aceite y productos qu\u00edmicos. Los caudal\u00edmetros se utilizan en diversas aplicaciones, como el control de procesos, la gesti\u00f3n de la energ\u00eda y la supervisi\u00f3n de la seguridad.<\/p>\n<p><img style=\"max-width: 100%;\" title=\"About hose water flow meter technology\" src=\"https:\/\/www.hginstrument.com\/wp-content\/uploads\/2021\/07\/wedge-1.jpg\" alt=\"About hose water flow meter technology\" \/><\/p>\n<\/div>\n<div id=\"09\">\n<p><strong>9.About hose water flow meter production skills training<\/strong><\/p>\n<p>La formaci\u00f3n en t\u00e9cnicas de producci\u00f3n de caudal\u00edmetros est\u00e1 dise\u00f1ada para ense\u00f1ar a t\u00e9cnicos e ingenieros los conocimientos necesarios para producir y mantener caudal\u00edmetros. La formaci\u00f3n abarca temas como los principios de la medici\u00f3n de caudal, los tipos de caudal\u00edmetros disponibles, la instalaci\u00f3n y el mantenimiento de los caudal\u00edmetros y las t\u00e9cnicas de resoluci\u00f3n de problemas. La formaci\u00f3n tambi\u00e9n abarca el uso de programas inform\u00e1ticos para analizar e interpretar los datos de caudal. La formaci\u00f3n suele impartirse en un aula y puede incluir actividades pr\u00e1cticas.<\/p>\n<\/div>\n<div id=\"010\">\n<p><strong>10.About hose water flow meter warranty<\/strong><\/p>\n<p>Las garant\u00edas de los caudal\u00edmetros var\u00edan en funci\u00f3n del fabricante y del tipo de caudal\u00edmetro. Por lo general, las garant\u00edas cubren los defectos de materiales y mano de obra, y tambi\u00e9n pueden cubrir ciertos tipos de da\u00f1os causados por el uso normal. Algunas garant\u00edas tambi\u00e9n pueden cubrir los da\u00f1os causados por una instalaci\u00f3n o un uso inadecuados. Es importante leer la informaci\u00f3n sobre la garant\u00eda proporcionada por el fabricante para comprender la cobertura espec\u00edfica y las limitaciones de la garant\u00eda.<\/p>\n<p><img style=\"max-width: 100%;\" title=\"About hose water flow meter warranty\" src=\"https:\/\/www.hginstrument.com\/wp-content\/uploads\/2021\/07\/hls-2000p-z1.jpg\" alt=\"About hose water flow meter warranty\" \/><\/p>\n<\/div>\n<div id=\"11\">\n<p><strong>11.Does the hose water flow meter have multi-language display capabilities?<\/strong><\/p>\n<p>As one of the top hose water flow meter manufacturers in China, we take this very seriously.<br \/>\nS\u00ed, algunos caudal\u00edmetros disponen de pantalla multiling\u00fce. Sin embargo, esta funci\u00f3n no est\u00e1 disponible en todos los modelos. Lo mejor es comprobar con el fabricante si el modelo espec\u00edfico que le interesa dispone de esta funci\u00f3n.<\/p>\n<\/div>\n<div id=\"12\">\n<p><strong>12.About hose water flow meter production equipment<\/strong><\/p>\n<p>El equipo de producci\u00f3n de caudal\u00edmetros se utiliza para fabricar caudal\u00edmetros, que son dispositivos utilizados para medir la velocidad de flujo de un l\u00edquido o gas. Este equipo suele incluir diversas m\u00e1quinas y herramientas, como tornos, fresadoras, taladradoras y m\u00e1quinas CNC. Tambi\u00e9n incluye herramientas especializadas para ensamblar y probar caudal\u00edmetros. El equipo utilizado para producir caudal\u00edmetros es altamente especializado y debe ser capaz de producir resultados precisos y fiables.<\/p>\n<p><img style=\"max-width: 100%;\" title=\"About hose water flow meter production equipment\" src=\"https:\/\/www.hginstrument.com\/wp-content\/uploads\/2021\/07\/hgtf-6.jpg\" alt=\"About hose water flow meter production equipment\" \/><\/p>\n<\/div>\n<div id=\"13\">\n<p><strong>13.Is the hose water flow meter anti-corrosion?<\/strong><\/p>\n<p>We have established a good reputation and reliable partnerships within the hose water flow meter industry.<br \/>\nS\u00ed, la mayor\u00eda de los caudal\u00edmetros est\u00e1n dise\u00f1ados para ser resistentes a la corrosi\u00f3n. Sin embargo, el tipo espec\u00edfico de caudal\u00edmetro y el entorno en el que se utilice determinar\u00e1n el grado de resistencia a la corrosi\u00f3n.<\/p>\n<\/div>\n<div id=\"14\">\n<p><strong>14.About hose water flow meter payment method<\/strong><\/p>\n<p>El pago con caudal\u00edmetro es un m\u00e9todo de pago que utiliza un caudal\u00edmetro para medir la cantidad de energ\u00eda utilizada por un cliente. El cliente paga por la energ\u00eda utilizada en funci\u00f3n de la cantidad de energ\u00eda medida por el caudal\u00edmetro. Este m\u00e9todo de pago se utiliza a menudo en entornos comerciales e industriales, donde el consumo de energ\u00eda es elevado y debe controlarse con precisi\u00f3n. El pago con caudal\u00edmetro tambi\u00e9n se utiliza en algunos entornos residenciales, donde los clientes pueden pagar por su consumo de energ\u00eda en funci\u00f3n de la cantidad de energ\u00eda que utilizan.<\/p>\n<p><img style=\"max-width: 100%;\" title=\"About hose water flow meter payment method\" src=\"https:\/\/www.hginstrument.com\/wp-content\/uploads\/2021\/07\/hls-2000uf-1.jpg\" alt=\"About hose water flow meter payment method\" \/><\/p>\n<\/div>\n<p>&nbsp;<\/p>\n<p>Etiqueta\uff1a<a href=\"\/es\/magnetic-flow-meter\/ultrasonic-flow-meter\/\">ultrasonic flow meter<\/a>,<a href=\"\/es\/magnetic-flow-meter\/low-flow-gas-flow-meter\/\">caudal\u00edmetro de gas de bajo caudal<\/a>,<a href=\"\/es\/magnetic-flow-meter\/magnetic-flow-meter\/\">magnetic flow meter<\/a>,<a href=\"\/es\/magnetic-flow-meter\/pediatric-oxygen-flow-meter\/\">medidor de flujo de ox\u00edgeno pedi\u00e1trico<\/a>,<a href=\"\/es\/magnetic-flow-meter\/sanitary-magnetic-flow-meter\/\">sanitary magnetic flow meter<\/a><\/p>\n<p>&nbsp;<\/p>","protected":false},"excerpt":{"rendered":"<p><strong>Datos t\u00e9cnicos<\/strong><br \/>\nPuede servir para fluidos l\u00edquidos o gaseosos, normalmente se utiliza para medir el caudal de vapor, aire y gas natural.<br \/>\nTama\u00f1o del contador: Tipo en l\u00ednea: DN25 - DN300<br \/>\nOpci\u00f3n de material mojado: SS304, SS316<br \/>\nTemperatura de funcionamiento: \u2264250\u2103<br \/>\nConexi\u00f3n a proceso: Wafer \/ Brida \/ Tri-clamp para tipo en l\u00ednea<br \/>\nPrecisi\u00f3n de medici\u00f3n: 1,0 % - 1,5% del intervalo de calibraci\u00f3n<br \/>\nIndicador digital: muestra el caudal instant\u00e1neo y el caudal total<br \/>\nAlimentaci\u00f3n: 24VDC, Salida: 4-20mA<\/p>\n<p><strong>caracter\u00edsticas<\/strong><br \/>\n1.Puntos de consigna ON\/OFF ajustables<br \/>\n2.Modo de alarma de caudal alto o bajo<br \/>\n3.Tiempo de retardo ajustable<br \/>\n4.LED de estado del rel\u00e9<\/p>","protected":false},"featured_media":3691,"comment_status":"closed","ping_status":"closed","template":"","meta":[],"product_cat":[2372],"product_tag":[],"acf":[],"_links":{"self":[{"href":"https:\/\/www.hginstrument.com\/es\/wp-json\/wp\/v2\/product\/5467"}],"collection":[{"href":"https:\/\/www.hginstrument.com\/es\/wp-json\/wp\/v2\/product"}],"about":[{"href":"https:\/\/www.hginstrument.com\/es\/wp-json\/wp\/v2\/types\/product"}],"replies":[{"embeddable":true,"href":"https:\/\/www.hginstrument.com\/es\/wp-json\/wp\/v2\/comments?post=5467"}],"wp:featuredmedia":[{"embeddable":true,"href":"https:\/\/www.hginstrument.com\/es\/wp-json\/wp\/v2\/media\/3691"}],"wp:attachment":[{"href":"https:\/\/www.hginstrument.com\/es\/wp-json\/wp\/v2\/media?parent=5467"}],"wp:term":[{"taxonomy":"product_cat","embeddable":true,"href":"https:\/\/www.hginstrument.com\/es\/wp-json\/wp\/v2\/product_cat?post=5467"},{"taxonomy":"product_tag","embeddable":true,"href":"https:\/\/www.hginstrument.com\/es\/wp-json\/wp\/v2\/product_tag?post=5467"}],"curies":[{"name":"wp","href":"https:\/\/api.w.org\/{rel}","templated":true}]}}